{"id":930,"date":"2017-12-20T10:27:36","date_gmt":"2017-12-20T09:27:36","guid":{"rendered":"http:\/\/cb27363e0b.url-de-test.ws\/site\/?page_id=930"},"modified":"2018-09-25T10:09:41","modified_gmt":"2018-09-25T08:09:41","slug":"mam-maison-assistantes-maternelles","status":"publish","type":"page","link":"http:\/\/cb27363e0b.url-de-test.ws\/site\/enfance-jeunesse\/petite-enfance\/mam-maison-assistantes-maternelles\/","title":{"rendered":"Maison des Assistantes Maternelles &#8211; MAM Les p&rsquo;tits Bouchons"},"content":{"rendered":"<h3>La MAM, une solution de garde individuelle dans un espace commun !<\/h3>\n<p>Suite \u00e0 un \u00e9tat des lieux sur le territoire, le projet d&rsquo;ouverture d&rsquo;une MAM (Maison d&rsquo;Assistantes Maternelles) a \u00e9t\u00e9 valid\u00e9 en 2016. En effet, ce dernier faisait \u00e9tat d&rsquo;une r\u00e9duction du nombre de professionnels de la garde d&rsquo;enfants cons\u00e9quent dans les trois ann\u00e9es \u00e0 venir. Ainsi, pour y rem\u00e9dier la Communaut\u00e9 de Communes a accompagn\u00e9 le projet.<\/p>\n<h3>La MAM Les p&rsquo;tits Bouchons<\/h3>\n<p>Les services de la Communaut\u00e9 de Communes ont entendu le souhait d&rsquo;une personne qui voulait d\u00e9dier sa maison d&rsquo;enfance \u00e0 un projet pour la petite enfance ou la jeunesse. Les \u00e9lus ont act\u00e9 le principe d&rsquo;accompagner cette propri\u00e9taire mais aussi les professionnelles de la garde d&rsquo;enfants qui viendraient occuper les lieux.<\/p>\n<p>Ainsi, l&rsquo;association \u00ab\u00a0Les p&rsquo;tits bouchons\u00a0\u00bb (constitu\u00e9e par les trois assistantes maternelles qui voulaient exercer ensemble) occupe depuis le printemps 2017 un local am\u00e9nag\u00e9 tout proche du centre du bourg. D\u00e9sormais, neuf agr\u00e9ments attribu\u00e9s aux trois assistantes maternelles membres de l&rsquo;association permettent de recevoir des enfants dans cette ancienne maison.<\/p>\n<p>L&rsquo;habitation a donc a \u00e9t\u00e9 am\u00e9nag\u00e9e en lien avec les recommandations de la PMI du Tarn. Il est agr\u00e9able et adapt\u00e9 aux besoins des enfants. Un coin de verdure vient compl\u00e9ter les espaces d&rsquo;accueil des tout-petits.<\/p>\n<p>Comme pour les structures d&rsquo;accueil collectif sur le territoire Centre Tarn (4 cr\u00e8ches \/ micro-cr\u00e8ches \u00e0 Fauch, Lafenasse, Lombers et R\u00e9almont : <a href=\"http:\/\/cb27363e0b.url-de-test.ws\/site\/enfance-jeunesse\/petite-enfance\/creches\/\" target=\"_blank\" rel=\"noopener\">Pour en savoir plus<\/a>) qui assurent la gestion des modes de garde par d\u00e9l\u00e9gation,\u00a0la MAM b\u00e9n\u00e9ficie d&rsquo;un accompagnement financier de la Communaut\u00e9 de Communes Centre Tarn.<\/p>\n<p>Contact association \u00ab\u00a0les P&rsquo;tits Bouchons\u00a0\u00bb : <a href=\"mailto:mamlespetitsbouchons@gmail.com\">mamlespetitsbouchons@gmail.com<\/a> \/ <a href=\"tel:0567672409\">05 67 67 24 09<\/a><\/p>\n","protected":false},"excerpt":{"rendered":"<p>La MAM, une solution de garde individuelle dans un espace commun ! Suite \u00e0 un \u00e9tat des lieux sur le territoire, le projet d&rsquo;ouverture d&rsquo;une MAM (Maison d&rsquo;Assistantes Maternelles) a \u00e9t\u00e9 valid\u00e9 en 2016. En effet, ce dernier faisait \u00e9tat d&rsquo;une r\u00e9duction du nombre de professionnels de la garde d&rsquo;enfants cons\u00e9quent dans les trois ann\u00e9es [&hellip;]<\/p>\n","protected":false},"author":1,"featured_media":1904,"parent":366,"menu_order":0,"comment_status":"closed","ping_status":"closed","template":"","meta":[],"yoast_head":"<!-- This site is optimized with the Yoast SEO plugin v18.3 - https:\/\/yoast.com\/wordpress\/plugins\/seo\/ -->\n<title>La MAM, pour la garde individuelle dans un lieu commun<\/title>\n<meta name=\"description\" content=\"La MAM, Maison des Assistantes Maternelles, est une structure d&#039;accueil des enfants qui permet aux assistantes maternelles d&#039;accueillir individuellement les enfants dans un lieu commun. Ainsi, \u00e0 R\u00e9almont, la MAM est en activit\u00e9 gr\u00e2ce \u00e0 trois professionnelles qui ont re\u00e7u trois agr\u00e9ments chacune.\" \/>\n<meta name=\"robots\" content=\"noindex, follow, max-snippet:-1, max-image-preview:large, max-video-preview:-1\" \/>\n<meta property=\"og:locale\" content=\"fr_FR\" \/>\n<meta property=\"og:type\" content=\"article\" \/>\n<meta property=\"og:title\" content=\"La MAM, pour la garde individuelle dans un lieu commun\" \/>\n<meta property=\"og:description\" content=\"La MAM, Maison des Assistantes Maternelles, est une structure d&#039;accueil des enfants qui permet aux assistantes maternelles d&#039;accueillir individuellement les enfants dans un lieu commun. Ainsi, \u00e0 R\u00e9almont, la MAM est en activit\u00e9 gr\u00e2ce \u00e0 trois professionnelles qui ont re\u00e7u trois agr\u00e9ments chacune.\" \/>\n<meta property=\"og:url\" content=\"http:\/\/cb27363e0b.url-de-test.ws\/site\/enfance-jeunesse\/petite-enfance\/mam-maison-assistantes-maternelles\/\" \/>\n<meta property=\"og:site_name\" content=\"Communaut\u00e9 de Communes Centre Tarn\" \/>\n<meta property=\"article:publisher\" content=\"https:\/\/fr-fr.facebook.com\/centretarn\/\" \/>\n<meta property=\"article:modified_time\" content=\"2018-09-25T08:09:41+00:00\" \/>\n<meta property=\"og:image\" content=\"http:\/\/cb27363e0b.url-de-test.ws\/site\/wp-content\/uploads\/2017\/12\/MAM-GENERALITE.jpg\" \/>\n\t<meta property=\"og:image:width\" content=\"640\" \/>\n\t<meta property=\"og:image:height\" content=\"425\" \/>\n\t<meta property=\"og:image:type\" content=\"image\/jpeg\" \/>\n<meta name=\"twitter:card\" content=\"summary_large_image\" \/>\n<meta name=\"twitter:label1\" content=\"Dur\u00e9e de lecture estim\u00e9e\" \/>\n\t<meta name=\"twitter:data1\" content=\"1 minute\" \/>\n<script type=\"application\/ld+json\" class=\"yoast-schema-graph\">{\"@context\":\"https:\/\/schema.org\",\"@graph\":[{\"@type\":\"Organization\",\"@id\":\"http:\/\/cb27363e0b.url-de-test.ws\/site\/#organization\",\"name\":\"Communaut\u00e9 de Communes Centre Tarn\",\"url\":\"http:\/\/cb27363e0b.url-de-test.ws\/site\/\",\"sameAs\":[\"https:\/\/fr-fr.facebook.com\/centretarn\/\",\"https:\/\/www.youtube.com\/channel\/UCmH971jS42X98fNgJKDqb1A\"],\"logo\":{\"@type\":\"ImageObject\",\"@id\":\"http:\/\/cb27363e0b.url-de-test.ws\/site\/#logo\",\"inLanguage\":\"fr-FR\",\"url\":\"http:\/\/cb27363e0b.url-de-test.ws\/site\/wp-content\/uploads\/2018\/02\/logo-site.png\",\"contentUrl\":\"http:\/\/cb27363e0b.url-de-test.ws\/site\/wp-content\/uploads\/2018\/02\/logo-site.png\",\"width\":149,\"height\":169,\"caption\":\"Communaut\u00e9 de Communes Centre Tarn\"},\"image\":{\"@id\":\"http:\/\/cb27363e0b.url-de-test.ws\/site\/#logo\"}},{\"@type\":\"WebSite\",\"@id\":\"http:\/\/cb27363e0b.url-de-test.ws\/site\/#website\",\"url\":\"http:\/\/cb27363e0b.url-de-test.ws\/site\/\",\"name\":\"Communaut\u00e9 de Communes Centre Tarn\",\"description\":\"\",\"publisher\":{\"@id\":\"http:\/\/cb27363e0b.url-de-test.ws\/site\/#organization\"},\"potentialAction\":[{\"@type\":\"SearchAction\",\"target\":{\"@type\":\"EntryPoint\",\"urlTemplate\":\"http:\/\/cb27363e0b.url-de-test.ws\/site\/?s={search_term_string}\"},\"query-input\":\"required name=search_term_string\"}],\"inLanguage\":\"fr-FR\"},{\"@type\":\"ImageObject\",\"@id\":\"http:\/\/cb27363e0b.url-de-test.ws\/site\/enfance-jeunesse\/petite-enfance\/mam-maison-assistantes-maternelles\/#primaryimage\",\"inLanguage\":\"fr-FR\",\"url\":\"http:\/\/cb27363e0b.url-de-test.ws\/site\/wp-content\/uploads\/2017\/12\/MAM-GENERALITE.jpg\",\"contentUrl\":\"http:\/\/cb27363e0b.url-de-test.ws\/site\/wp-content\/uploads\/2017\/12\/MAM-GENERALITE.jpg\",\"width\":640,\"height\":425},{\"@type\":\"WebPage\",\"@id\":\"http:\/\/cb27363e0b.url-de-test.ws\/site\/enfance-jeunesse\/petite-enfance\/mam-maison-assistantes-maternelles\/#webpage\",\"url\":\"http:\/\/cb27363e0b.url-de-test.ws\/site\/enfance-jeunesse\/petite-enfance\/mam-maison-assistantes-maternelles\/\",\"name\":\"La MAM, pour la garde individuelle dans un lieu commun\",\"isPartOf\":{\"@id\":\"http:\/\/cb27363e0b.url-de-test.ws\/site\/#website\"},\"primaryImageOfPage\":{\"@id\":\"http:\/\/cb27363e0b.url-de-test.ws\/site\/enfance-jeunesse\/petite-enfance\/mam-maison-assistantes-maternelles\/#primaryimage\"},\"datePublished\":\"2017-12-20T09:27:36+00:00\",\"dateModified\":\"2018-09-25T08:09:41+00:00\",\"description\":\"La MAM, Maison des Assistantes Maternelles, est une structure d'accueil des enfants qui permet aux assistantes maternelles d'accueillir individuellement les enfants dans un lieu commun. Ainsi, \u00e0 R\u00e9almont, la MAM est en activit\u00e9 gr\u00e2ce \u00e0 trois professionnelles qui ont re\u00e7u trois agr\u00e9ments chacune.\",\"breadcrumb\":{\"@id\":\"http:\/\/cb27363e0b.url-de-test.ws\/site\/enfance-jeunesse\/petite-enfance\/mam-maison-assistantes-maternelles\/#breadcrumb\"},\"inLanguage\":\"fr-FR\",\"potentialAction\":[{\"@type\":\"ReadAction\",\"target\":[\"http:\/\/cb27363e0b.url-de-test.ws\/site\/enfance-jeunesse\/petite-enfance\/mam-maison-assistantes-maternelles\/\"]}]},{\"@type\":\"BreadcrumbList\",\"@id\":\"http:\/\/cb27363e0b.url-de-test.ws\/site\/enfance-jeunesse\/petite-enfance\/mam-maison-assistantes-maternelles\/#breadcrumb\",\"itemListElement\":[{\"@type\":\"ListItem\",\"position\":1,\"name\":\"Accueil\",\"item\":\"http:\/\/cb27363e0b.url-de-test.ws\/site\/\"},{\"@type\":\"ListItem\",\"position\":2,\"name\":\"Enfance et Jeunesse\",\"item\":\"http:\/\/cb27363e0b.url-de-test.ws\/site\/enfance-jeunesse\/\"},{\"@type\":\"ListItem\",\"position\":3,\"name\":\"Petite Enfance\",\"item\":\"http:\/\/cb27363e0b.url-de-test.ws\/site\/enfance-jeunesse\/petite-enfance\/\"},{\"@type\":\"ListItem\",\"position\":4,\"name\":\"Maison des Assistantes Maternelles &#8211; MAM Les p&rsquo;tits Bouchons\"}]}]}<\/script>\n<!-- \/ Yoast SEO plugin. -->","yoast_head_json":{"title":"La MAM, pour la garde individuelle dans un lieu commun","description":"La MAM, Maison des Assistantes Maternelles, est une structure d'accueil des enfants qui permet aux assistantes maternelles d'accueillir individuellement les enfants dans un lieu commun. Ainsi, \u00e0 R\u00e9almont, la MAM est en activit\u00e9 gr\u00e2ce \u00e0 trois professionnelles qui ont re\u00e7u trois agr\u00e9ments chacune.","robots":{"index":"noindex","follow":"follow","max-snippet":"max-snippet:-1","max-image-preview":"max-image-preview:large","max-video-preview":"max-video-preview:-1"},"og_locale":"fr_FR","og_type":"article","og_title":"La MAM, pour la garde individuelle dans un lieu commun","og_description":"La MAM, Maison des Assistantes Maternelles, est une structure d'accueil des enfants qui permet aux assistantes maternelles d'accueillir individuellement les enfants dans un lieu commun. Ainsi, \u00e0 R\u00e9almont, la MAM est en activit\u00e9 gr\u00e2ce \u00e0 trois professionnelles qui ont re\u00e7u trois agr\u00e9ments chacune.","og_url":"http:\/\/cb27363e0b.url-de-test.ws\/site\/enfance-jeunesse\/petite-enfance\/mam-maison-assistantes-maternelles\/","og_site_name":"Communaut\u00e9 de Communes Centre Tarn","article_publisher":"https:\/\/fr-fr.facebook.com\/centretarn\/","article_modified_time":"2018-09-25T08:09:41+00:00","og_image":[{"width":640,"height":425,"url":"http:\/\/cb27363e0b.url-de-test.ws\/site\/wp-content\/uploads\/2017\/12\/MAM-GENERALITE.jpg","type":"image\/jpeg"}],"twitter_card":"summary_large_image","twitter_misc":{"Dur\u00e9e de lecture estim\u00e9e":"1 minute"},"schema":{"@context":"https:\/\/schema.org","@graph":[{"@type":"Organization","@id":"http:\/\/cb27363e0b.url-de-test.ws\/site\/#organization","name":"Communaut\u00e9 de Communes Centre Tarn","url":"http:\/\/cb27363e0b.url-de-test.ws\/site\/","sameAs":["https:\/\/fr-fr.facebook.com\/centretarn\/","https:\/\/www.youtube.com\/channel\/UCmH971jS42X98fNgJKDqb1A"],"logo":{"@type":"ImageObject","@id":"http:\/\/cb27363e0b.url-de-test.ws\/site\/#logo","inLanguage":"fr-FR","url":"http:\/\/cb27363e0b.url-de-test.ws\/site\/wp-content\/uploads\/2018\/02\/logo-site.png","contentUrl":"http:\/\/cb27363e0b.url-de-test.ws\/site\/wp-content\/uploads\/2018\/02\/logo-site.png","width":149,"height":169,"caption":"Communaut\u00e9 de Communes Centre Tarn"},"image":{"@id":"http:\/\/cb27363e0b.url-de-test.ws\/site\/#logo"}},{"@type":"WebSite","@id":"http:\/\/cb27363e0b.url-de-test.ws\/site\/#website","url":"http:\/\/cb27363e0b.url-de-test.ws\/site\/","name":"Communaut\u00e9 de Communes Centre Tarn","description":"","publisher":{"@id":"http:\/\/cb27363e0b.url-de-test.ws\/site\/#organization"},"potentialAction":[{"@type":"SearchAction","target":{"@type":"EntryPoint","urlTemplate":"http:\/\/cb27363e0b.url-de-test.ws\/site\/?s={search_term_string}"},"query-input":"required name=search_term_string"}],"inLanguage":"fr-FR"},{"@type":"ImageObject","@id":"http:\/\/cb27363e0b.url-de-test.ws\/site\/enfance-jeunesse\/petite-enfance\/mam-maison-assistantes-maternelles\/#primaryimage","inLanguage":"fr-FR","url":"http:\/\/cb27363e0b.url-de-test.ws\/site\/wp-content\/uploads\/2017\/12\/MAM-GENERALITE.jpg","contentUrl":"http:\/\/cb27363e0b.url-de-test.ws\/site\/wp-content\/uploads\/2017\/12\/MAM-GENERALITE.jpg","width":640,"height":425},{"@type":"WebPage","@id":"http:\/\/cb27363e0b.url-de-test.ws\/site\/enfance-jeunesse\/petite-enfance\/mam-maison-assistantes-maternelles\/#webpage","url":"http:\/\/cb27363e0b.url-de-test.ws\/site\/enfance-jeunesse\/petite-enfance\/mam-maison-assistantes-maternelles\/","name":"La MAM, pour la garde individuelle dans un lieu commun","isPartOf":{"@id":"http:\/\/cb27363e0b.url-de-test.ws\/site\/#website"},"primaryImageOfPage":{"@id":"http:\/\/cb27363e0b.url-de-test.ws\/site\/enfance-jeunesse\/petite-enfance\/mam-maison-assistantes-maternelles\/#primaryimage"},"datePublished":"2017-12-20T09:27:36+00:00","dateModified":"2018-09-25T08:09:41+00:00","description":"La MAM, Maison des Assistantes Maternelles, est une structure d'accueil des enfants qui permet aux assistantes maternelles d'accueillir individuellement les enfants dans un lieu commun. Ainsi, \u00e0 R\u00e9almont, la MAM est en activit\u00e9 gr\u00e2ce \u00e0 trois professionnelles qui ont re\u00e7u trois agr\u00e9ments chacune.","breadcrumb":{"@id":"http:\/\/cb27363e0b.url-de-test.ws\/site\/enfance-jeunesse\/petite-enfance\/mam-maison-assistantes-maternelles\/#breadcrumb"},"inLanguage":"fr-FR","potentialAction":[{"@type":"ReadAction","target":["http:\/\/cb27363e0b.url-de-test.ws\/site\/enfance-jeunesse\/petite-enfance\/mam-maison-assistantes-maternelles\/"]}]},{"@type":"BreadcrumbList","@id":"http:\/\/cb27363e0b.url-de-test.ws\/site\/enfance-jeunesse\/petite-enfance\/mam-maison-assistantes-maternelles\/#breadcrumb","itemListElement":[{"@type":"ListItem","position":1,"name":"Accueil","item":"http:\/\/cb27363e0b.url-de-test.ws\/site\/"},{"@type":"ListItem","position":2,"name":"Enfance et Jeunesse","item":"http:\/\/cb27363e0b.url-de-test.ws\/site\/enfance-jeunesse\/"},{"@type":"ListItem","position":3,"name":"Petite Enfance","item":"http:\/\/cb27363e0b.url-de-test.ws\/site\/enfance-jeunesse\/petite-enfance\/"},{"@type":"ListItem","position":4,"name":"Maison des Assistantes Maternelles &#8211; MAM Les p&rsquo;tits Bouchons"}]}]}},"_links":{"self":[{"href":"http:\/\/cb27363e0b.url-de-test.ws\/site\/wp-json\/wp\/v2\/pages\/930"}],"collection":[{"href":"http:\/\/cb27363e0b.url-de-test.ws\/site\/wp-json\/wp\/v2\/pages"}],"about":[{"href":"http:\/\/cb27363e0b.url-de-test.ws\/site\/wp-json\/wp\/v2\/types\/page"}],"author":[{"embeddable":true,"href":"http:\/\/cb27363e0b.url-de-test.ws\/site\/wp-json\/wp\/v2\/users\/1"}],"replies":[{"embeddable":true,"href":"http:\/\/cb27363e0b.url-de-test.ws\/site\/wp-json\/wp\/v2\/comments?post=930"}],"version-history":[{"count":15,"href":"http:\/\/cb27363e0b.url-de-test.ws\/site\/wp-json\/wp\/v2\/pages\/930\/revisions"}],"predecessor-version":[{"id":3257,"href":"http:\/\/cb27363e0b.url-de-test.ws\/site\/wp-json\/wp\/v2\/pages\/930\/revisions\/3257"}],"up":[{"embeddable":true,"href":"http:\/\/cb27363e0b.url-de-test.ws\/site\/wp-json\/wp\/v2\/pages\/366"}],"wp:featuredmedia":[{"embeddable":true,"href":"http:\/\/cb27363e0b.url-de-test.ws\/site\/wp-json\/wp\/v2\/media\/1904"}],"wp:attachment":[{"href":"http:\/\/cb27363e0b.url-de-test.ws\/site\/wp-json\/wp\/v2\/media?parent=930"}],"curies":[{"name":"wp","href":"https:\/\/api.w.org\/{rel}","templated":true}]}}