{"id":891,"date":"2017-11-10T11:37:56","date_gmt":"2017-11-10T10:37:56","guid":{"rendered":"http:\/\/cb27363e0b.url-de-test.ws\/site\/?page_id=891"},"modified":"2025-02-13T13:39:56","modified_gmt":"2025-02-13T12:39:56","slug":"vie-associative","status":"publish","type":"page","link":"http:\/\/cb27363e0b.url-de-test.ws\/site\/vie-quotidienne\/vie-associative\/","title":{"rendered":"Vie Associative"},"content":{"rendered":"<h2>La vie associative, source de satisfaction<\/h2>\n<p style=\"text-align: justify;\">Avec quelques <strong>300 associations actives<\/strong> sur le territoire Centre Tarn, le lien entre les habitants est privil\u00e9gi\u00e9. Une vie associative riche qui permet \u00e0 chacun de trouver les activit\u00e9s proches de ses propres centres d&rsquo;int\u00e9r\u00eat. Petits et grands trouveront sans aucun doute des sujets \u00e0 partager avec d&rsquo;autres habitants du territoire. L&rsquo;occasion de se rencontrer et de partager des passions.<\/p>\n<p style=\"text-align: justify;\">Afin de mettre en valeur la vie associative, chaque ann\u00e9e, la Communaut\u00e9 de Communes Centre Tarn organise la f\u00eate des associations \u00e0 la rentr\u00e9e de septembre. C&rsquo;est alors le moment de profiter de cette journ\u00e9e festive et propice aux \u00e9changes. Plusieurs d\u00e9monstrations, ateliers et autres animations sont propos\u00e9es au grand public. Ainsi, chacun peut d\u00e9cider de rejoindre les clubs et associations en Centre Tarn.<\/p>\n<h2>Demande de subventions<\/h2>\n<p style=\"text-align: justify;\">Les dossier de demandes de subventions sont \u00e0 d\u00e9poser au plus tard le 31 janvier de chaque ann\u00e9e (<a href=\"http:\/\/cb27363e0b.url-de-test.ws\/site\/wp-content\/uploads\/2025\/02\/2016-080-definition-interet-communautaire-pour-le-soutien-financier-aux-associations.pdf\" rel=\"noopener\" target=\"_blank\">voir la d\u00e9lib\u00e9ration<\/a>).<\/p>\n<h2>Associations, faites-vous conna\u00eetre<\/h2>\n<p style=\"text-align: justify;\">En outre, si vous \u00eates membre d&rsquo;une <span style=\"text-decoration: underline;\"><strong>association non recens\u00e9e ici<\/strong><\/span>, vous pouvez soumettre une <span style=\"text-decoration: underline;\"><strong>demande d&rsquo;ajout<\/strong><\/span> gr\u00e2ce \u00e0 <a href=\"http:\/\/cb27363e0b.url-de-test.ws\/site\/nouvelle-association\/\" target=\"_blank\" rel=\"noopener\">ce formulaire<\/a> ou contactez le 05 31 81 96 04.<\/p>\n<p style=\"text-align: justify;\">Si votre souhaitez signaler un <span style=\"text-decoration: underline;\"><strong>changement dans la fiche d&rsquo;une association d\u00e9j\u00e0 recens\u00e9e<\/strong><\/span>, vous pouvez <span style=\"text-decoration: underline;\"><strong>signaler les modifications<\/strong><\/span> \u00e0 apporter gr\u00e2ce \u00e0 <a href=\"http:\/\/cb27363e0b.url-de-test.ws\/site\/mise-a-jour-informations-association\/\" target=\"_blank\" rel=\"noopener\">ce formulaire<\/a> ou contactez le 05 31 81 96 04.<\/p>\n<p style=\"text-align: justify;\">\u00c9galement, si vous souhaitez <span style=\"text-decoration: underline;\"><strong>communiquer les \u00e9v\u00e9nements organis\u00e9s par votre association<\/strong><\/span> afin de nous permettre de diffuser l&rsquo;information aupr\u00e8s du grand public, merci de renseigner <a href=\"http:\/\/cb27363e0b.url-de-test.ws\/site\/communiquer-manifestation\/\">ce formulaire<\/a>.<\/p>\n<p style=\"text-align: justify;\">Enfin, afin de vous accompagner dans votre engagement et vos responsabilit\u00e9s, la communaut\u00e9 de communes peut organiser des sessions de formations pour plusieurs membres des associations. Plus g\u00e9n\u00e9ralement, vous pouvez retrouver des informations utiles pour les membres des associations\u00a0:<br \/>\n<a href=\"http:\/\/www.associations.gouv.fr\/guide-pratique-vie-associative.html\">http:\/\/www.associations.gouv.fr\/guide-pratique-vie-associative.html<\/a><\/p>\n<h2>Pr\u00eat de mat\u00e9riel mutualis\u00e9<\/h2>\n<p style=\"text-align: justify;\">La communaut\u00e9 de communes Centre Tarn aide les associations du territoire en mettant \u00e0 leur disposition du mat\u00e9riel mutualis\u00e9 (Pour les modalit\u00e9s voir formulaire ci-dessous)<\/p>\n<p style=\"text-align: justify;\"><strong>R\u00e9servation<\/strong> : Communaut\u00e9 de Communes Centre Tarn 2 bis bd Carnot 81120 REALMONT 05 63 79 21 27. Demande \u00e9crite exig\u00e9e pour la r\u00e9servation (voie postale ou mail \u00e0 <a href=\"mailto:accueil-eict@centretarn.fr\">accueil-eict@centretarn.fr<\/a> ou <a href=\"mailto:msap@centretarn.fr\">msap@centretarn.fr<\/a>)<\/p>\n<p style=\"text-align: justify;\"><strong>Documents<\/strong> : <a href=\"http:\/\/cb27363e0b.url-de-test.ws\/site\/wp-content\/uploads\/2017\/11\/Formulaire_reservation_materiel.pdf\" target=\"_blank\" rel=\"noopener\">Formulaire de r\u00e9servation<\/a> &#8211; <a href=\"http:\/\/cb27363e0b.url-de-test.ws\/site\/wp-content\/uploads\/2017\/11\/Convention_-materiel_mutualise.pdf\" target=\"_blank\" rel=\"noopener\">Convention de mise \u00e0 disposition<\/a><\/p>\n<p>&nbsp;<\/p>\n","protected":false},"excerpt":{"rendered":"<p>La vie associative, source de satisfaction Avec quelques 300 associations actives sur le territoire Centre Tarn, le lien entre les habitants est privil\u00e9gi\u00e9. Une vie associative riche qui permet \u00e0 chacun de trouver les activit\u00e9s proches de ses propres centres d&rsquo;int\u00e9r\u00eat. Petits et grands trouveront sans aucun doute des sujets \u00e0 partager avec d&rsquo;autres habitants [&hellip;]<\/p>\n","protected":false},"author":1,"featured_media":1779,"parent":887,"menu_order":0,"comment_status":"closed","ping_status":"closed","template":"","meta":[],"yoast_head":"<!-- This site is optimized with the Yoast SEO plugin v18.3 - https:\/\/yoast.com\/wordpress\/plugins\/seo\/ -->\n<title>Vie associative sur les 16 communes du territoire Centre tarn<\/title>\n<meta name=\"description\" content=\"La vie associative riche sur le territoire Centre Tarn est accompagn\u00e9e par la communaut\u00e9 de communes. Il s&#039;agit ici de d\u00e9couvrir l&#039;ensemble des associations ouvertes \u00e0 la population. Sport, nature, culture, loisirs en tout genre\" \/>\n<meta name=\"robots\" content=\"noindex, follow, max-snippet:-1, max-image-preview:large, max-video-preview:-1\" \/>\n<meta property=\"og:locale\" content=\"fr_FR\" \/>\n<meta property=\"og:type\" content=\"article\" \/>\n<meta property=\"og:title\" content=\"Vie associative sur les 16 communes du territoire Centre tarn\" \/>\n<meta property=\"og:description\" content=\"La vie associative riche sur le territoire Centre Tarn est accompagn\u00e9e par la communaut\u00e9 de communes. Il s&#039;agit ici de d\u00e9couvrir l&#039;ensemble des associations ouvertes \u00e0 la population. Sport, nature, culture, loisirs en tout genre\" \/>\n<meta property=\"og:url\" content=\"http:\/\/cb27363e0b.url-de-test.ws\/site\/vie-quotidienne\/vie-associative\/\" \/>\n<meta property=\"og:site_name\" content=\"Communaut\u00e9 de Communes Centre Tarn\" \/>\n<meta property=\"article:publisher\" content=\"https:\/\/fr-fr.facebook.com\/centretarn\/\" \/>\n<meta property=\"article:modified_time\" content=\"2025-02-13T12:39:56+00:00\" \/>\n<meta property=\"og:image\" content=\"http:\/\/cb27363e0b.url-de-test.ws\/site\/wp-content\/uploads\/2017\/11\/fete-des-associations-e1517921743865.jpg\" \/>\n\t<meta property=\"og:image:width\" content=\"2017\" \/>\n\t<meta property=\"og:image:height\" content=\"2018\" \/>\n\t<meta property=\"og:image:type\" content=\"image\/jpeg\" \/>\n<meta name=\"twitter:card\" content=\"summary_large_image\" \/>\n<meta name=\"twitter:label1\" content=\"Dur\u00e9e de lecture estim\u00e9e\" \/>\n\t<meta name=\"twitter:data1\" content=\"2 minutes\" \/>\n<script type=\"application\/ld+json\" class=\"yoast-schema-graph\">{\"@context\":\"https:\/\/schema.org\",\"@graph\":[{\"@type\":\"Organization\",\"@id\":\"http:\/\/cb27363e0b.url-de-test.ws\/site\/#organization\",\"name\":\"Communaut\u00e9 de Communes Centre Tarn\",\"url\":\"http:\/\/cb27363e0b.url-de-test.ws\/site\/\",\"sameAs\":[\"https:\/\/fr-fr.facebook.com\/centretarn\/\",\"https:\/\/www.youtube.com\/channel\/UCmH971jS42X98fNgJKDqb1A\"],\"logo\":{\"@type\":\"ImageObject\",\"@id\":\"http:\/\/cb27363e0b.url-de-test.ws\/site\/#logo\",\"inLanguage\":\"fr-FR\",\"url\":\"http:\/\/cb27363e0b.url-de-test.ws\/site\/wp-content\/uploads\/2018\/02\/logo-site.png\",\"contentUrl\":\"http:\/\/cb27363e0b.url-de-test.ws\/site\/wp-content\/uploads\/2018\/02\/logo-site.png\",\"width\":149,\"height\":169,\"caption\":\"Communaut\u00e9 de Communes Centre Tarn\"},\"image\":{\"@id\":\"http:\/\/cb27363e0b.url-de-test.ws\/site\/#logo\"}},{\"@type\":\"WebSite\",\"@id\":\"http:\/\/cb27363e0b.url-de-test.ws\/site\/#website\",\"url\":\"http:\/\/cb27363e0b.url-de-test.ws\/site\/\",\"name\":\"Communaut\u00e9 de Communes Centre Tarn\",\"description\":\"\",\"publisher\":{\"@id\":\"http:\/\/cb27363e0b.url-de-test.ws\/site\/#organization\"},\"potentialAction\":[{\"@type\":\"SearchAction\",\"target\":{\"@type\":\"EntryPoint\",\"urlTemplate\":\"http:\/\/cb27363e0b.url-de-test.ws\/site\/?s={search_term_string}\"},\"query-input\":\"required name=search_term_string\"}],\"inLanguage\":\"fr-FR\"},{\"@type\":\"ImageObject\",\"@id\":\"http:\/\/cb27363e0b.url-de-test.ws\/site\/vie-quotidienne\/vie-associative\/#primaryimage\",\"inLanguage\":\"fr-FR\",\"url\":\"http:\/\/cb27363e0b.url-de-test.ws\/site\/wp-content\/uploads\/2017\/11\/fete-des-associations-e1517921743865.jpg\",\"contentUrl\":\"http:\/\/cb27363e0b.url-de-test.ws\/site\/wp-content\/uploads\/2017\/11\/fete-des-associations-e1517921743865.jpg\",\"width\":2017,\"height\":2018},{\"@type\":\"WebPage\",\"@id\":\"http:\/\/cb27363e0b.url-de-test.ws\/site\/vie-quotidienne\/vie-associative\/#webpage\",\"url\":\"http:\/\/cb27363e0b.url-de-test.ws\/site\/vie-quotidienne\/vie-associative\/\",\"name\":\"Vie associative sur les 16 communes du territoire Centre tarn\",\"isPartOf\":{\"@id\":\"http:\/\/cb27363e0b.url-de-test.ws\/site\/#website\"},\"primaryImageOfPage\":{\"@id\":\"http:\/\/cb27363e0b.url-de-test.ws\/site\/vie-quotidienne\/vie-associative\/#primaryimage\"},\"datePublished\":\"2017-11-10T10:37:56+00:00\",\"dateModified\":\"2025-02-13T12:39:56+00:00\",\"description\":\"La vie associative riche sur le territoire Centre Tarn est accompagn\u00e9e par la communaut\u00e9 de communes. Il s'agit ici de d\u00e9couvrir l'ensemble des associations ouvertes \u00e0 la population. Sport, nature, culture, loisirs en tout genre\",\"breadcrumb\":{\"@id\":\"http:\/\/cb27363e0b.url-de-test.ws\/site\/vie-quotidienne\/vie-associative\/#breadcrumb\"},\"inLanguage\":\"fr-FR\",\"potentialAction\":[{\"@type\":\"ReadAction\",\"target\":[\"http:\/\/cb27363e0b.url-de-test.ws\/site\/vie-quotidienne\/vie-associative\/\"]}]},{\"@type\":\"BreadcrumbList\",\"@id\":\"http:\/\/cb27363e0b.url-de-test.ws\/site\/vie-quotidienne\/vie-associative\/#breadcrumb\",\"itemListElement\":[{\"@type\":\"ListItem\",\"position\":1,\"name\":\"Accueil\",\"item\":\"http:\/\/cb27363e0b.url-de-test.ws\/site\/\"},{\"@type\":\"ListItem\",\"position\":2,\"name\":\"Vie Quotidienne\",\"item\":\"http:\/\/cb27363e0b.url-de-test.ws\/site\/vie-quotidienne\/\"},{\"@type\":\"ListItem\",\"position\":3,\"name\":\"Vie Associative\"}]}]}<\/script>\n<!-- \/ Yoast SEO plugin. -->","yoast_head_json":{"title":"Vie associative sur les 16 communes du territoire Centre tarn","description":"La vie associative riche sur le territoire Centre Tarn est accompagn\u00e9e par la communaut\u00e9 de communes. Il s'agit ici de d\u00e9couvrir l'ensemble des associations ouvertes \u00e0 la population. Sport, nature, culture, loisirs en tout genre","robots":{"index":"noindex","follow":"follow","max-snippet":"max-snippet:-1","max-image-preview":"max-image-preview:large","max-video-preview":"max-video-preview:-1"},"og_locale":"fr_FR","og_type":"article","og_title":"Vie associative sur les 16 communes du territoire Centre tarn","og_description":"La vie associative riche sur le territoire Centre Tarn est accompagn\u00e9e par la communaut\u00e9 de communes. Il s'agit ici de d\u00e9couvrir l'ensemble des associations ouvertes \u00e0 la population. Sport, nature, culture, loisirs en tout genre","og_url":"http:\/\/cb27363e0b.url-de-test.ws\/site\/vie-quotidienne\/vie-associative\/","og_site_name":"Communaut\u00e9 de Communes Centre Tarn","article_publisher":"https:\/\/fr-fr.facebook.com\/centretarn\/","article_modified_time":"2025-02-13T12:39:56+00:00","og_image":[{"width":2017,"height":2018,"url":"http:\/\/cb27363e0b.url-de-test.ws\/site\/wp-content\/uploads\/2017\/11\/fete-des-associations-e1517921743865.jpg","type":"image\/jpeg"}],"twitter_card":"summary_large_image","twitter_misc":{"Dur\u00e9e de lecture estim\u00e9e":"2 minutes"},"schema":{"@context":"https:\/\/schema.org","@graph":[{"@type":"Organization","@id":"http:\/\/cb27363e0b.url-de-test.ws\/site\/#organization","name":"Communaut\u00e9 de Communes Centre Tarn","url":"http:\/\/cb27363e0b.url-de-test.ws\/site\/","sameAs":["https:\/\/fr-fr.facebook.com\/centretarn\/","https:\/\/www.youtube.com\/channel\/UCmH971jS42X98fNgJKDqb1A"],"logo":{"@type":"ImageObject","@id":"http:\/\/cb27363e0b.url-de-test.ws\/site\/#logo","inLanguage":"fr-FR","url":"http:\/\/cb27363e0b.url-de-test.ws\/site\/wp-content\/uploads\/2018\/02\/logo-site.png","contentUrl":"http:\/\/cb27363e0b.url-de-test.ws\/site\/wp-content\/uploads\/2018\/02\/logo-site.png","width":149,"height":169,"caption":"Communaut\u00e9 de Communes Centre Tarn"},"image":{"@id":"http:\/\/cb27363e0b.url-de-test.ws\/site\/#logo"}},{"@type":"WebSite","@id":"http:\/\/cb27363e0b.url-de-test.ws\/site\/#website","url":"http:\/\/cb27363e0b.url-de-test.ws\/site\/","name":"Communaut\u00e9 de Communes Centre Tarn","description":"","publisher":{"@id":"http:\/\/cb27363e0b.url-de-test.ws\/site\/#organization"},"potentialAction":[{"@type":"SearchAction","target":{"@type":"EntryPoint","urlTemplate":"http:\/\/cb27363e0b.url-de-test.ws\/site\/?s={search_term_string}"},"query-input":"required name=search_term_string"}],"inLanguage":"fr-FR"},{"@type":"ImageObject","@id":"http:\/\/cb27363e0b.url-de-test.ws\/site\/vie-quotidienne\/vie-associative\/#primaryimage","inLanguage":"fr-FR","url":"http:\/\/cb27363e0b.url-de-test.ws\/site\/wp-content\/uploads\/2017\/11\/fete-des-associations-e1517921743865.jpg","contentUrl":"http:\/\/cb27363e0b.url-de-test.ws\/site\/wp-content\/uploads\/2017\/11\/fete-des-associations-e1517921743865.jpg","width":2017,"height":2018},{"@type":"WebPage","@id":"http:\/\/cb27363e0b.url-de-test.ws\/site\/vie-quotidienne\/vie-associative\/#webpage","url":"http:\/\/cb27363e0b.url-de-test.ws\/site\/vie-quotidienne\/vie-associative\/","name":"Vie associative sur les 16 communes du territoire Centre tarn","isPartOf":{"@id":"http:\/\/cb27363e0b.url-de-test.ws\/site\/#website"},"primaryImageOfPage":{"@id":"http:\/\/cb27363e0b.url-de-test.ws\/site\/vie-quotidienne\/vie-associative\/#primaryimage"},"datePublished":"2017-11-10T10:37:56+00:00","dateModified":"2025-02-13T12:39:56+00:00","description":"La vie associative riche sur le territoire Centre Tarn est accompagn\u00e9e par la communaut\u00e9 de communes. Il s'agit ici de d\u00e9couvrir l'ensemble des associations ouvertes \u00e0 la population. Sport, nature, culture, loisirs en tout genre","breadcrumb":{"@id":"http:\/\/cb27363e0b.url-de-test.ws\/site\/vie-quotidienne\/vie-associative\/#breadcrumb"},"inLanguage":"fr-FR","potentialAction":[{"@type":"ReadAction","target":["http:\/\/cb27363e0b.url-de-test.ws\/site\/vie-quotidienne\/vie-associative\/"]}]},{"@type":"BreadcrumbList","@id":"http:\/\/cb27363e0b.url-de-test.ws\/site\/vie-quotidienne\/vie-associative\/#breadcrumb","itemListElement":[{"@type":"ListItem","position":1,"name":"Accueil","item":"http:\/\/cb27363e0b.url-de-test.ws\/site\/"},{"@type":"ListItem","position":2,"name":"Vie Quotidienne","item":"http:\/\/cb27363e0b.url-de-test.ws\/site\/vie-quotidienne\/"},{"@type":"ListItem","position":3,"name":"Vie Associative"}]}]}},"_links":{"self":[{"href":"http:\/\/cb27363e0b.url-de-test.ws\/site\/wp-json\/wp\/v2\/pages\/891"}],"collection":[{"href":"http:\/\/cb27363e0b.url-de-test.ws\/site\/wp-json\/wp\/v2\/pages"}],"about":[{"href":"http:\/\/cb27363e0b.url-de-test.ws\/site\/wp-json\/wp\/v2\/types\/page"}],"author":[{"embeddable":true,"href":"http:\/\/cb27363e0b.url-de-test.ws\/site\/wp-json\/wp\/v2\/users\/1"}],"replies":[{"embeddable":true,"href":"http:\/\/cb27363e0b.url-de-test.ws\/site\/wp-json\/wp\/v2\/comments?post=891"}],"version-history":[{"count":25,"href":"http:\/\/cb27363e0b.url-de-test.ws\/site\/wp-json\/wp\/v2\/pages\/891\/revisions"}],"predecessor-version":[{"id":5342,"href":"http:\/\/cb27363e0b.url-de-test.ws\/site\/wp-json\/wp\/v2\/pages\/891\/revisions\/5342"}],"up":[{"embeddable":true,"href":"http:\/\/cb27363e0b.url-de-test.ws\/site\/wp-json\/wp\/v2\/pages\/887"}],"wp:featuredmedia":[{"embeddable":true,"href":"http:\/\/cb27363e0b.url-de-test.ws\/site\/wp-json\/wp\/v2\/media\/1779"}],"wp:attachment":[{"href":"http:\/\/cb27363e0b.url-de-test.ws\/site\/wp-json\/wp\/v2\/media?parent=891"}],"curies":[{"name":"wp","href":"https:\/\/api.w.org\/{rel}","templated":true}]}}