{"id":889,"date":"2017-11-10T11:37:20","date_gmt":"2017-11-10T10:37:20","guid":{"rendered":"http:\/\/cb27363e0b.url-de-test.ws\/site\/?page_id=889"},"modified":"2018-09-26T11:34:05","modified_gmt":"2018-09-26T09:34:05","slug":"producteurs-locaux","status":"publish","type":"page","link":"http:\/\/cb27363e0b.url-de-test.ws\/site\/vie-quotidienne\/producteurs-locaux\/","title":{"rendered":"Producteurs Locaux"},"content":{"rendered":"<p style=\"text-align: justify;\">Favoriser les circuits courts, faire profiter des produits locaux aux familles, permettre de trouver les bonnes adresses en Centre Tarn. Tel \u00e9tait l&rsquo;objectif lors de l&rsquo;\u00e9dition de la premi\u00e8re plaquette qui recensait tous les producteurs qui avaient r\u00e9pondu \u00e0 l&rsquo;enqu\u00eate lanc\u00e9e par les services de la Communaut\u00e9 de Communes Centre Tarn.<\/p>\n<p>Guide \u00e0 t\u00e9l\u00e9charger :<\/p>\n<p><a href=\"http:\/\/cb27363e0b.url-de-test.ws\/site\/wp-content\/uploads\/2018\/09\/Depliant_Producteurs_2018.pdf\" target=\"_blank\" rel=\"noopener\"><img loading=\"lazy\" class=\"aligncenter wp-image-3088 size-medium\" src=\"http:\/\/cb27363e0b.url-de-test.ws\/site\/wp-content\/uploads\/2017\/11\/Couverture_Guide_Prod_2018-344x480.jpg\" alt=\"COuverture du guide des producteurs locaux\" width=\"344\" height=\"480\" srcset=\"http:\/\/cb27363e0b.url-de-test.ws\/site\/wp-content\/uploads\/2017\/11\/Couverture_Guide_Prod_2018-344x480.jpg 344w, http:\/\/cb27363e0b.url-de-test.ws\/site\/wp-content\/uploads\/2017\/11\/Couverture_Guide_Prod_2018.jpg 549w\" sizes=\"(max-width: 344px) 100vw, 344px\" \/><\/a><\/p>\n<p style=\"text-align: justify;\">\u00c9galement si vous souhaitez vous signaler en qualit\u00e9 de producteur qui r\u00e9alise la vente \u00e0 la ferme ou sur les march\u00e9s de plein vent, merci de renseigner ce <a href=\"http:\/\/cb27363e0b.url-de-test.ws\/site\/informations-producteurs\/\" target=\"_blank\" rel=\"noopener\">formulaire<\/a>.<\/p>\n","protected":false},"excerpt":{"rendered":"<p>Favoriser les circuits courts, faire profiter des produits locaux aux familles, permettre de trouver les bonnes adresses en Centre Tarn. Tel \u00e9tait l&rsquo;objectif lors de l&rsquo;\u00e9dition de la premi\u00e8re plaquette qui recensait tous les producteurs qui avaient r\u00e9pondu \u00e0 l&rsquo;enqu\u00eate lanc\u00e9e par les services de la Communaut\u00e9 de Communes Centre Tarn. Guide \u00e0 t\u00e9l\u00e9charger : [&hellip;]<\/p>\n","protected":false},"author":1,"featured_media":1777,"parent":887,"menu_order":0,"comment_status":"closed","ping_status":"closed","template":"","meta":[],"yoast_head":"<!-- This site is optimized with the Yoast SEO plugin v18.3 - https:\/\/yoast.com\/wordpress\/plugins\/seo\/ -->\n<title>Producteurs Locaux - Communaut\u00e9 de Communes Centre Tarn<\/title>\n<meta name=\"robots\" content=\"noindex, follow, max-snippet:-1, max-image-preview:large, max-video-preview:-1\" \/>\n<meta property=\"og:locale\" content=\"fr_FR\" \/>\n<meta property=\"og:type\" content=\"article\" \/>\n<meta property=\"og:title\" content=\"Producteurs Locaux - Communaut\u00e9 de Communes Centre Tarn\" \/>\n<meta property=\"og:description\" content=\"Favoriser les circuits courts, faire profiter des produits locaux aux familles, permettre de trouver les bonnes adresses en Centre Tarn. Tel \u00e9tait l&rsquo;objectif lors de l&rsquo;\u00e9dition de la premi\u00e8re plaquette qui recensait tous les producteurs qui avaient r\u00e9pondu \u00e0 l&rsquo;enqu\u00eate lanc\u00e9e par les services de la Communaut\u00e9 de Communes Centre Tarn. Guide \u00e0 t\u00e9l\u00e9charger : [&hellip;]\" \/>\n<meta property=\"og:url\" content=\"http:\/\/cb27363e0b.url-de-test.ws\/site\/vie-quotidienne\/producteurs-locaux\/\" \/>\n<meta property=\"og:site_name\" content=\"Communaut\u00e9 de Communes Centre Tarn\" \/>\n<meta property=\"article:publisher\" content=\"https:\/\/fr-fr.facebook.com\/centretarn\/\" \/>\n<meta property=\"article:modified_time\" content=\"2018-09-26T09:34:05+00:00\" \/>\n<meta property=\"og:image\" content=\"http:\/\/cb27363e0b.url-de-test.ws\/site\/wp-content\/uploads\/2017\/11\/PRODUCTEURS-DEPLIANT-visuel-couv-1-e1517921932535.jpg\" \/>\n\t<meta property=\"og:image:width\" content=\"1204\" \/>\n\t<meta property=\"og:image:height\" content=\"1200\" \/>\n\t<meta property=\"og:image:type\" content=\"image\/jpeg\" \/>\n<meta name=\"twitter:card\" content=\"summary_large_image\" \/>\n<script type=\"application\/ld+json\" class=\"yoast-schema-graph\">{\"@context\":\"https:\/\/schema.org\",\"@graph\":[{\"@type\":\"Organization\",\"@id\":\"http:\/\/cb27363e0b.url-de-test.ws\/site\/#organization\",\"name\":\"Communaut\u00e9 de Communes Centre Tarn\",\"url\":\"http:\/\/cb27363e0b.url-de-test.ws\/site\/\",\"sameAs\":[\"https:\/\/fr-fr.facebook.com\/centretarn\/\",\"https:\/\/www.youtube.com\/channel\/UCmH971jS42X98fNgJKDqb1A\"],\"logo\":{\"@type\":\"ImageObject\",\"@id\":\"http:\/\/cb27363e0b.url-de-test.ws\/site\/#logo\",\"inLanguage\":\"fr-FR\",\"url\":\"http:\/\/cb27363e0b.url-de-test.ws\/site\/wp-content\/uploads\/2018\/02\/logo-site.png\",\"contentUrl\":\"http:\/\/cb27363e0b.url-de-test.ws\/site\/wp-content\/uploads\/2018\/02\/logo-site.png\",\"width\":149,\"height\":169,\"caption\":\"Communaut\u00e9 de Communes Centre Tarn\"},\"image\":{\"@id\":\"http:\/\/cb27363e0b.url-de-test.ws\/site\/#logo\"}},{\"@type\":\"WebSite\",\"@id\":\"http:\/\/cb27363e0b.url-de-test.ws\/site\/#website\",\"url\":\"http:\/\/cb27363e0b.url-de-test.ws\/site\/\",\"name\":\"Communaut\u00e9 de Communes Centre Tarn\",\"description\":\"\",\"publisher\":{\"@id\":\"http:\/\/cb27363e0b.url-de-test.ws\/site\/#organization\"},\"potentialAction\":[{\"@type\":\"SearchAction\",\"target\":{\"@type\":\"EntryPoint\",\"urlTemplate\":\"http:\/\/cb27363e0b.url-de-test.ws\/site\/?s={search_term_string}\"},\"query-input\":\"required name=search_term_string\"}],\"inLanguage\":\"fr-FR\"},{\"@type\":\"ImageObject\",\"@id\":\"http:\/\/cb27363e0b.url-de-test.ws\/site\/vie-quotidienne\/producteurs-locaux\/#primaryimage\",\"inLanguage\":\"fr-FR\",\"url\":\"http:\/\/cb27363e0b.url-de-test.ws\/site\/wp-content\/uploads\/2017\/11\/PRODUCTEURS-DEPLIANT-visuel-couv-1-e1517921932535.jpg\",\"contentUrl\":\"http:\/\/cb27363e0b.url-de-test.ws\/site\/wp-content\/uploads\/2017\/11\/PRODUCTEURS-DEPLIANT-visuel-couv-1-e1517921932535.jpg\",\"width\":1204,\"height\":1200},{\"@type\":\"WebPage\",\"@id\":\"http:\/\/cb27363e0b.url-de-test.ws\/site\/vie-quotidienne\/producteurs-locaux\/#webpage\",\"url\":\"http:\/\/cb27363e0b.url-de-test.ws\/site\/vie-quotidienne\/producteurs-locaux\/\",\"name\":\"Producteurs Locaux - Communaut\u00e9 de Communes Centre Tarn\",\"isPartOf\":{\"@id\":\"http:\/\/cb27363e0b.url-de-test.ws\/site\/#website\"},\"primaryImageOfPage\":{\"@id\":\"http:\/\/cb27363e0b.url-de-test.ws\/site\/vie-quotidienne\/producteurs-locaux\/#primaryimage\"},\"datePublished\":\"2017-11-10T10:37:20+00:00\",\"dateModified\":\"2018-09-26T09:34:05+00:00\",\"breadcrumb\":{\"@id\":\"http:\/\/cb27363e0b.url-de-test.ws\/site\/vie-quotidienne\/producteurs-locaux\/#breadcrumb\"},\"inLanguage\":\"fr-FR\",\"potentialAction\":[{\"@type\":\"ReadAction\",\"target\":[\"http:\/\/cb27363e0b.url-de-test.ws\/site\/vie-quotidienne\/producteurs-locaux\/\"]}]},{\"@type\":\"BreadcrumbList\",\"@id\":\"http:\/\/cb27363e0b.url-de-test.ws\/site\/vie-quotidienne\/producteurs-locaux\/#breadcrumb\",\"itemListElement\":[{\"@type\":\"ListItem\",\"position\":1,\"name\":\"Accueil\",\"item\":\"http:\/\/cb27363e0b.url-de-test.ws\/site\/\"},{\"@type\":\"ListItem\",\"position\":2,\"name\":\"Vie Quotidienne\",\"item\":\"http:\/\/cb27363e0b.url-de-test.ws\/site\/vie-quotidienne\/\"},{\"@type\":\"ListItem\",\"position\":3,\"name\":\"Producteurs Locaux\"}]}]}<\/script>\n<!-- \/ Yoast SEO plugin. -->","yoast_head_json":{"title":"Producteurs Locaux - Communaut\u00e9 de Communes Centre Tarn","robots":{"index":"noindex","follow":"follow","max-snippet":"max-snippet:-1","max-image-preview":"max-image-preview:large","max-video-preview":"max-video-preview:-1"},"og_locale":"fr_FR","og_type":"article","og_title":"Producteurs Locaux - Communaut\u00e9 de Communes Centre Tarn","og_description":"Favoriser les circuits courts, faire profiter des produits locaux aux familles, permettre de trouver les bonnes adresses en Centre Tarn. Tel \u00e9tait l&rsquo;objectif lors de l&rsquo;\u00e9dition de la premi\u00e8re plaquette qui recensait tous les producteurs qui avaient r\u00e9pondu \u00e0 l&rsquo;enqu\u00eate lanc\u00e9e par les services de la Communaut\u00e9 de Communes Centre Tarn. Guide \u00e0 t\u00e9l\u00e9charger : [&hellip;]","og_url":"http:\/\/cb27363e0b.url-de-test.ws\/site\/vie-quotidienne\/producteurs-locaux\/","og_site_name":"Communaut\u00e9 de Communes Centre Tarn","article_publisher":"https:\/\/fr-fr.facebook.com\/centretarn\/","article_modified_time":"2018-09-26T09:34:05+00:00","og_image":[{"width":1204,"height":1200,"url":"http:\/\/cb27363e0b.url-de-test.ws\/site\/wp-content\/uploads\/2017\/11\/PRODUCTEURS-DEPLIANT-visuel-couv-1-e1517921932535.jpg","type":"image\/jpeg"}],"twitter_card":"summary_large_image","schema":{"@context":"https:\/\/schema.org","@graph":[{"@type":"Organization","@id":"http:\/\/cb27363e0b.url-de-test.ws\/site\/#organization","name":"Communaut\u00e9 de Communes Centre Tarn","url":"http:\/\/cb27363e0b.url-de-test.ws\/site\/","sameAs":["https:\/\/fr-fr.facebook.com\/centretarn\/","https:\/\/www.youtube.com\/channel\/UCmH971jS42X98fNgJKDqb1A"],"logo":{"@type":"ImageObject","@id":"http:\/\/cb27363e0b.url-de-test.ws\/site\/#logo","inLanguage":"fr-FR","url":"http:\/\/cb27363e0b.url-de-test.ws\/site\/wp-content\/uploads\/2018\/02\/logo-site.png","contentUrl":"http:\/\/cb27363e0b.url-de-test.ws\/site\/wp-content\/uploads\/2018\/02\/logo-site.png","width":149,"height":169,"caption":"Communaut\u00e9 de Communes Centre Tarn"},"image":{"@id":"http:\/\/cb27363e0b.url-de-test.ws\/site\/#logo"}},{"@type":"WebSite","@id":"http:\/\/cb27363e0b.url-de-test.ws\/site\/#website","url":"http:\/\/cb27363e0b.url-de-test.ws\/site\/","name":"Communaut\u00e9 de Communes Centre Tarn","description":"","publisher":{"@id":"http:\/\/cb27363e0b.url-de-test.ws\/site\/#organization"},"potentialAction":[{"@type":"SearchAction","target":{"@type":"EntryPoint","urlTemplate":"http:\/\/cb27363e0b.url-de-test.ws\/site\/?s={search_term_string}"},"query-input":"required name=search_term_string"}],"inLanguage":"fr-FR"},{"@type":"ImageObject","@id":"http:\/\/cb27363e0b.url-de-test.ws\/site\/vie-quotidienne\/producteurs-locaux\/#primaryimage","inLanguage":"fr-FR","url":"http:\/\/cb27363e0b.url-de-test.ws\/site\/wp-content\/uploads\/2017\/11\/PRODUCTEURS-DEPLIANT-visuel-couv-1-e1517921932535.jpg","contentUrl":"http:\/\/cb27363e0b.url-de-test.ws\/site\/wp-content\/uploads\/2017\/11\/PRODUCTEURS-DEPLIANT-visuel-couv-1-e1517921932535.jpg","width":1204,"height":1200},{"@type":"WebPage","@id":"http:\/\/cb27363e0b.url-de-test.ws\/site\/vie-quotidienne\/producteurs-locaux\/#webpage","url":"http:\/\/cb27363e0b.url-de-test.ws\/site\/vie-quotidienne\/producteurs-locaux\/","name":"Producteurs Locaux - Communaut\u00e9 de Communes Centre Tarn","isPartOf":{"@id":"http:\/\/cb27363e0b.url-de-test.ws\/site\/#website"},"primaryImageOfPage":{"@id":"http:\/\/cb27363e0b.url-de-test.ws\/site\/vie-quotidienne\/producteurs-locaux\/#primaryimage"},"datePublished":"2017-11-10T10:37:20+00:00","dateModified":"2018-09-26T09:34:05+00:00","breadcrumb":{"@id":"http:\/\/cb27363e0b.url-de-test.ws\/site\/vie-quotidienne\/producteurs-locaux\/#breadcrumb"},"inLanguage":"fr-FR","potentialAction":[{"@type":"ReadAction","target":["http:\/\/cb27363e0b.url-de-test.ws\/site\/vie-quotidienne\/producteurs-locaux\/"]}]},{"@type":"BreadcrumbList","@id":"http:\/\/cb27363e0b.url-de-test.ws\/site\/vie-quotidienne\/producteurs-locaux\/#breadcrumb","itemListElement":[{"@type":"ListItem","position":1,"name":"Accueil","item":"http:\/\/cb27363e0b.url-de-test.ws\/site\/"},{"@type":"ListItem","position":2,"name":"Vie Quotidienne","item":"http:\/\/cb27363e0b.url-de-test.ws\/site\/vie-quotidienne\/"},{"@type":"ListItem","position":3,"name":"Producteurs Locaux"}]}]}},"_links":{"self":[{"href":"http:\/\/cb27363e0b.url-de-test.ws\/site\/wp-json\/wp\/v2\/pages\/889"}],"collection":[{"href":"http:\/\/cb27363e0b.url-de-test.ws\/site\/wp-json\/wp\/v2\/pages"}],"about":[{"href":"http:\/\/cb27363e0b.url-de-test.ws\/site\/wp-json\/wp\/v2\/types\/page"}],"author":[{"embeddable":true,"href":"http:\/\/cb27363e0b.url-de-test.ws\/site\/wp-json\/wp\/v2\/users\/1"}],"replies":[{"embeddable":true,"href":"http:\/\/cb27363e0b.url-de-test.ws\/site\/wp-json\/wp\/v2\/comments?post=889"}],"version-history":[{"count":12,"href":"http:\/\/cb27363e0b.url-de-test.ws\/site\/wp-json\/wp\/v2\/pages\/889\/revisions"}],"predecessor-version":[{"id":3337,"href":"http:\/\/cb27363e0b.url-de-test.ws\/site\/wp-json\/wp\/v2\/pages\/889\/revisions\/3337"}],"up":[{"embeddable":true,"href":"http:\/\/cb27363e0b.url-de-test.ws\/site\/wp-json\/wp\/v2\/pages\/887"}],"wp:featuredmedia":[{"embeddable":true,"href":"http:\/\/cb27363e0b.url-de-test.ws\/site\/wp-json\/wp\/v2\/media\/1777"}],"wp:attachment":[{"href":"http:\/\/cb27363e0b.url-de-test.ws\/site\/wp-json\/wp\/v2\/media?parent=889"}],"curies":[{"name":"wp","href":"https:\/\/api.w.org\/{rel}","templated":true}]}}