{"id":813,"date":"2018-01-19T16:41:27","date_gmt":"2018-01-19T15:41:27","guid":{"rendered":"http:\/\/cb27363e0b.url-de-test.ws\/site\/?page_id=813"},"modified":"2018-11-16T17:44:57","modified_gmt":"2018-11-16T16:44:57","slug":"maison-services-public","status":"publish","type":"page","link":"http:\/\/cb27363e0b.url-de-test.ws\/site\/vie-quotidienne\/maison-services-public\/","title":{"rendered":"Maison de Services Au Public"},"content":{"rendered":"<p style=\"text-align: justify;\"><div class=\"c-alert-message m-info\"><i class=\"ico fa fa-info-circle\"><\/i><div class=\"alert-inner\">\n<strong>Aide aux d\u00e9marches administratives (carte grise, permis de conduire &#8230;)<\/strong><\/p>\n<p style=\"text-align: justify;\">L\u2019animatrice de la MSAP (Maison de Services Au Public) Centre Tarn accompagne les demandeurs pour toutes les d\u00e9marches en ligne les mardis et jeudis matins de 9h \u00e0 12h. Prise de rendez-vous et renseignements : <a href=\"tel:0563792127\">05 63 79 21 27<\/a> ou <a href=\"mailto:msap@centretarn.fr\">msap@centretarn.fr<\/a><\/p>\n<p style=\"text-align: justify;\"><strong>Service totalement GRATUIT<\/strong><\/p>\n<p style=\"text-align: justify;\">Pour plus d&rsquo;informations sur ces d\u00e9marches, rendez-vous sur <a href=\"https:\/\/ants.gouv.fr\/\" target=\"_blank\" rel=\"noopener\">https:\/\/ants.gouv.fr\/<\/a><\/p>\n<p>Pour des renseignements sur toute autre d\u00e9marche : <a href=\"https:\/\/www.service-public.fr\/\" target=\"_blank\" rel=\"noopener\">https:\/\/www.service-public.fr\/<\/a><\/p>\n<button class=\"alert-close\" type=\"button\"><i class=\"fa fa-times\"><\/i><\/button><\/div><\/div>\n<h2>Maison de Services Au Public<\/h2>\n<h2>Objectif : vous accompagner dans les d\u00e9marches administratives du quotidien<\/h2>\n<p style=\"text-align: justify;\"><strong>Les Maisons de Services Au Public<\/strong> (MSAP) sont des guichets d&rsquo;accueil polyvalents charg\u00e9s d&rsquo;accueillir, d&rsquo;orienter et d&rsquo;aider les usagers dans leurs relations avec les administrations et les organismes publics.<\/p>\n<p style=\"text-align: center;\"><a href=\"https:\/\/www.maisondeservicesaupublic.fr\/content\/centre-tarn\" target=\"_blank\" rel=\"noopener\">https:\/\/www.maisondeservicesaupublic.fr\/content\/centre-tarn<\/a><\/p>\n<p style=\"text-align: justify;\">Une <strong>Maison de Services Au Public<\/strong>\u00a0sert \u00e0:<\/p>\n<ul style=\"text-align: justify;\">\n<li>Informer le public, expliquer les principes des r\u00e9glementations les plus couramment appliqu\u00e9es et les demandes qu&rsquo;elles impliquent<\/li>\n<li>Faciliter l&rsquo;utilisation des proc\u00e9dures t\u00e9l\u00e9phoniques et \u00e9lectroniques<\/li>\n<li>Pr\u00e9parer les rendez-vous avec les organismes partenaires<\/li>\n<li>Aider \u00e0 la constitution des dossiers et \u00e0 leur transmission conjointe aux divers organismes publics<\/li>\n<li>Accompagner, si n\u00e9cessaire, le public dans l&rsquo;usage d&rsquo;Internet ou de la vid\u00e9o communication.<\/li>\n<\/ul>\n<p style=\"text-align: justify;\">L&rsquo;objectif des <strong>Maisons de Services Au Public<\/strong> est de r\u00e9pondre, dans les meilleurs d\u00e9lais, aux demandes des usagers gr\u00e2ce \u00e0 l&rsquo;engagement des partenaires aux c\u00f4t\u00e9s de la communaut\u00e9 de communes.<\/p>\n<div style=\"width: 500px;\" class=\"wp-video\"><!--[if lt IE 9]><script>document.createElement('video');<\/script><![endif]-->\n<video class=\"wp-video-shortcode\" id=\"video-813-1\" width=\"500\" height=\"281\" preload=\"metadata\" controls=\"controls\"><source type=\"video\/mp4\" src=\"http:\/\/cb27363e0b.url-de-test.ws\/site\/wp-content\/uploads\/2017\/10\/msap.mp4?_=1\" \/><a href=\"http:\/\/cb27363e0b.url-de-test.ws\/site\/wp-content\/uploads\/2017\/10\/msap.mp4\">http:\/\/cb27363e0b.url-de-test.ws\/site\/wp-content\/uploads\/2017\/10\/msap.mp4<\/a><\/video><\/div>\n<h2>Les services &#8211; Les permanences<\/h2>\n<p><a href=\"http:\/\/cb27363e0b.url-de-test.ws\/site\/wp-content\/uploads\/2018\/01\/11-Permanences-novembre-2018.pdf\" target=\"_blank\" rel=\"noopener\">Les permanences de Novembre 2018<\/a><\/p>\n<h2>Les partenaires<\/h2>\n<div class=\"c-accordion\"><div class=\"c-content-box\"><ul class=\"accordion-items\">\n<li class=\"\"><h4 class=\"accordion-title\">ADMR de R\u00e9almont<\/h4><div class=\"accordion-content\"><p>(<a href=\"http:\/\/www.admr.org\/structure\/admr-realmont.html\" target=\"_blank\" rel=\"noopener\">lien direct vers le site internet<\/a>)<\/p>\n<p><a href=\"tel:0563554889\">05 63 55 48 89<\/a><\/p>\n<p>Ouvert du lundi, mercredi et vendredi de 9h00 \u00e0 12h00<\/p>\n<p>Ferm\u00e9 le mardi et le jeudi.<\/p>\n<\/div><\/li>\n<li class=\"\"><h4 class=\"accordion-title\">Centre des Finances Publiques<\/h4><div class=\"accordion-content\"><p>(<a href=\"http:\/\/www.impots.gouv.fr\/\" target=\"_blank\" rel=\"noopener\">lien direct vers le site internet<\/a>)<\/p>\n<p>Ouvert le lundi et mercredi de 9h00 \u00e0 12h00, jeudi et mardi de 9h00 \u00e0 12h00 et de 13h30 \u00e0 16h00, ferm\u00e9 le vendredi.<\/p>\n<\/div><\/li>\n<li class=\"\"><h4 class=\"accordion-title\">msa (mutuelle sociale agricole)<\/h4><div class=\"accordion-content\"><p>(<a href=\"http:\/\/www.msa.fr\/lfr\" target=\"_blank\" rel=\"noopener\">lien direct vers le site internet<\/a>)<\/p>\n<p>Sur RDV au <a href=\"tel:0563484019\">05 63 48 40 19<\/a><\/p>\n<p>Les 1er et 3\u00e8me mercredis du mois de 9h00 \u00e0 12h00<\/p>\n<\/div><\/li>\n<li class=\"\"><h4 class=\"accordion-title\">le d\u00e9partement : permanences sociales<\/h4><div class=\"accordion-content\"><p>(<a href=\"http:\/\/www.tarn.fr\/Fr\/Pages\/default.aspx\" target=\"_blank\" rel=\"noopener\">lien direct vers le site internet<\/a>)<\/p>\n<p>Sur RDV au <a href=\"tel:0563481720\">05 63 48 17 20<\/a><\/p>\n<p>Tous les mardis, mercredis et vendredis matins de 9h30 \u00e0 12h00<\/p>\n<\/div><\/li>\n<li class=\"\"><h4 class=\"accordion-title\">mission locale jeunes tarn nord<\/h4><div class=\"accordion-content\"><p>(<a href=\"http:\/\/www.mjtn.fr\/\" target=\"_blank\" rel=\"noopener\">lien direct vers le site internet<\/a>)<\/p>\n<p>Sur RDV au <a href=\"tel:0563470885\">05 63 47 08 85<\/a><\/p>\n<p>Tous les 2\u00e8me mercredis du mois de 9h00 \u00e0 12h00<\/p>\n<\/div><\/li>\n<li class=\"\"><h4 class=\"accordion-title\">cap emploi<\/h4><div class=\"accordion-content\"><p>(<a href=\"http:\/\/www.capemploi.net\/cap-emploi\/\" target=\"_blank\" rel=\"noopener\">lien direct vers le site internet<\/a>)<\/p>\n<p>Sur RDV au <a href=\"tel:0563492949\">05 63 49 29 49<\/a><\/p>\n<p>Tous les 1er et 3\u00e8me mardis du mois de 9h00 \u00e0 12h00<\/p>\n<\/div><\/li>\n<li class=\"\"><h4 class=\"accordion-title\">pmi (protection maternelle infantile)<\/h4><div class=\"accordion-content\"><p>(<a href=\"http:\/\/www.tarn.fr\/fr\/solidarite\/enfance-famille\/pages\/protection-maternelle-infantile.aspx\" target=\"_blank\" rel=\"noopener\">lien direct vers le site internet<\/a>)<\/p>\n<ul>\n<li>Consultation sur RDV au <a href=\"tel:0563471720\">05 63 48 17 20<\/a><\/li>\n<\/ul>\n<p>4\u00e8me mercredi du mois de 14h00 \u00e0 17h00<\/p>\n<ul>\n<li>Permanences pu\u00e9ricultrice sans RDV<\/li>\n<\/ul>\n<p>Les 3\u00e8me mercredis du mois de 14h00 \u00e0 16h00<\/p>\n<\/div><\/li>\n<li class=\"\"><h4 class=\"accordion-title\">cpam (caisse primaire d&#039;assurance maladie)<\/h4><div class=\"accordion-content\"><p>(<a href=\"http:\/\/www.ameli.fr\/\" target=\"_blank\" rel=\"noopener\">lien direct vers le site internet<\/a>)<\/p>\n<\/div><\/li>\n<li class=\"\"><h4 class=\"accordion-title\">espace info \u00e9nergie du caue du tarn (conseil d&#039;architecture, d&#039;urbanisme et de l&#039;environnement<\/h4><div class=\"accordion-content\"><p>(<a href=\"http:\/\/www.caue-mp.fr\/81-tarn-pages-statiques\/espace-info-energie-du-tarn\/itemid-263.html\" target=\"_blank\" rel=\"noopener\">lien direct vers le site internet<\/a>)<\/p>\n<p>Sur RDV au <a href=\"tel:0563601680\">05 63 60 16 80<\/a><\/p>\n<p>Les 1er et 3\u00e8me jeudis du mois 9h00 \u00e0 12h00<\/p>\n<\/div><\/li>\n<li class=\"\"><h4 class=\"accordion-title\">carsat : service social<\/h4><div class=\"accordion-content\"><p>Sur RDV au <a href=\"tel:0534501650\">05 34 50 16 50<\/a><\/p>\n<p>Les 2\u00e8me et 4\u00e8me vendredis du mois de 9h00 \u00e0 12h00<\/p>\n<\/div><\/li>\n<li class=\"\"><h4 class=\"accordion-title\">le d\u00e9partement : service m\u00e9dico-social des personnes \u00e2g\u00e9es<\/h4><div class=\"accordion-content\"><p>(<a href=\"http:\/\/personnes-agees.tarn.fr\/Pages\/default.aspx\" target=\"_blank\" rel=\"noopener\">lien direct vers le site internet<\/a>)<\/p>\n<p>Sur RDV avec le coordonnateur C.L.I.C le 2eme lundi de chaque mois de 9h00 \u00e0 12h00<\/p>\n<p>Sur RDV avec l&rsquo;\u00e9valuatrice le 4\u00e8me lundi de chaque mois de 9h00 \u00e0 12h00<\/p>\n<\/div><\/li>\n<li class=\"\"><h4 class=\"accordion-title\">planning familial<\/h4><div class=\"accordion-content\"><p>(<a href=\"http:\/\/www.planning-familial.org\/content\/le-planning-familial-81-001787\" target=\"_blank\" rel=\"noopener\">lien direct vers le site internet<\/a>)<\/p>\n<p>Sur RDV les 1er et 3\u00e8me mercredis de chaque mois de 14h30 \u00e0 17h00<\/p>\n<\/div><\/li>\n<li class=\"\"><h4 class=\"accordion-title\">p\u00f4le emploi<\/h4><div class=\"accordion-content\"><p>(<a href=\"http:\/\/www.pole-emploi.fr\/accueil\/\" target=\"_blank\" rel=\"noopener\">lien direct vers le site internet<\/a>)<br \/>\nSur inscription au <a href=\"tel:0563792127\">05 63 79 21 27<\/a><\/p>\n<p>Ateliers demandeurs d&#8217;emploi 1 jeudi tous les 15 jours de 10h00 \u00e0 12h00<\/p>\n<\/div><\/li>\n<li class=\"\"><h4 class=\"accordion-title\">CAUE - Conseil en Architecture<\/h4><div class=\"accordion-content\"><p><a href=\"tel:0563601670\">05 63 60 16 70<\/a><\/p>\n<p>Sur rendez-vous de 9h30 \u00e0 12h le dernier mercredi du mois<\/p>\n<\/div><\/li>\n<li class=\"\"><h4 class=\"accordion-title\">GEIQ Domicile Grand Sud (aide \u00e0 domicile)<\/h4><div class=\"accordion-content\"><p><a href=\"tel:0607974839\">06 07 97 48 39<\/a><\/p>\n<p>Permanence le <span id=\"OBJ_PREFIX_DWT163_com_zimbra_date\" class=\"Object\" role=\"link\"><span id=\"OBJ_PREFIX_DWT164_com_zimbra_date\" class=\"Object\" role=\"link\">deuxi\u00e8me lundi<\/span><\/span> du mois de 9h \u00e0 12h<\/p>\n<\/div><\/li>\n<li class=\"\"><h4 class=\"accordion-title\">CAF (Caisse d&#039;Allocations Familiales)<\/h4><div class=\"accordion-content\"><p><a href=\"http:\/\/www.caf.fr\/\" target=\"_blank\" rel=\"noopener\">http:\/\/www.caf.fr\/<\/a><\/p>\n<\/div><\/li>\n<\/ul><\/div><\/div>\n<p><strong><a href=\"http:\/\/cb27363e0b.url-de-test.ws\/site\/wp-content\/uploads\/2018\/01\/Autres_Partenaires_MSAP.pdf\" target=\"_blank\" rel=\"noopener\">Liste des autres partenaires de la MSAP<\/a><\/strong><\/p>\n","protected":false},"excerpt":{"rendered":"<p>Maison de Services Au Public Objectif : vous accompagner dans les d\u00e9marches administratives du quotidien Les Maisons de Services Au Public (MSAP) sont des guichets d&rsquo;accueil polyvalents charg\u00e9s d&rsquo;accueillir, d&rsquo;orienter et d&rsquo;aider les usagers dans leurs relations avec les administrations et les organismes publics. https:\/\/www.maisondeservicesaupublic.fr\/content\/centre-tarn Une Maison de Services Au Public\u00a0sert \u00e0: Informer le public, [&hellip;]<\/p>\n","protected":false},"author":1,"featured_media":1214,"parent":887,"menu_order":0,"comment_status":"closed","ping_status":"closed","template":"","meta":[],"yoast_head":"<!-- This site is optimized with the Yoast SEO plugin v18.3 - https:\/\/yoast.com\/wordpress\/plugins\/seo\/ -->\n<title>Maison de Services Au Public pour vos d\u00e9marches du quotidien<\/title>\n<meta name=\"description\" content=\"Maison de Services Au Public et d\u00e9marches administratives ou en ligne pour toutes les d\u00e9marches du quotidien : contacts avec la CAF, la MSA, P\u00f4le Emploi, rencontre avec les assistantes sociales, ADMR, Cap Emploi, Services des Finances, communaut\u00e9 de communes\" \/>\n<meta name=\"robots\" content=\"noindex, follow, max-snippet:-1, max-image-preview:large, max-video-preview:-1\" \/>\n<meta property=\"og:locale\" content=\"fr_FR\" \/>\n<meta property=\"og:type\" content=\"article\" \/>\n<meta property=\"og:title\" content=\"Maison de Services Au Public pour vos d\u00e9marches du quotidien\" \/>\n<meta property=\"og:description\" content=\"Maison de Services Au Public et d\u00e9marches administratives ou en ligne pour toutes les d\u00e9marches du quotidien : contacts avec la CAF, la MSA, P\u00f4le Emploi, rencontre avec les assistantes sociales, ADMR, Cap Emploi, Services des Finances, communaut\u00e9 de communes\" \/>\n<meta property=\"og:url\" content=\"http:\/\/cb27363e0b.url-de-test.ws\/site\/vie-quotidienne\/maison-services-public\/\" \/>\n<meta property=\"og:site_name\" content=\"Communaut\u00e9 de Communes Centre Tarn\" \/>\n<meta property=\"article:publisher\" content=\"https:\/\/fr-fr.facebook.com\/centretarn\/\" \/>\n<meta property=\"article:modified_time\" content=\"2018-11-16T16:44:57+00:00\" \/>\n<meta property=\"og:image\" content=\"http:\/\/cb27363e0b.url-de-test.ws\/site\/wp-content\/uploads\/2017\/10\/logomsap.jpg\" \/>\n\t<meta property=\"og:image:width\" content=\"892\" \/>\n\t<meta property=\"og:image:height\" content=\"892\" \/>\n\t<meta property=\"og:image:type\" content=\"image\/jpeg\" \/>\n<meta name=\"twitter:card\" content=\"summary_large_image\" \/>\n<meta name=\"twitter:label1\" content=\"Dur\u00e9e de lecture estim\u00e9e\" \/>\n\t<meta name=\"twitter:data1\" content=\"4 minutes\" \/>\n<script type=\"application\/ld+json\" class=\"yoast-schema-graph\">{\"@context\":\"https:\/\/schema.org\",\"@graph\":[{\"@type\":\"Organization\",\"@id\":\"http:\/\/cb27363e0b.url-de-test.ws\/site\/#organization\",\"name\":\"Communaut\u00e9 de Communes Centre Tarn\",\"url\":\"http:\/\/cb27363e0b.url-de-test.ws\/site\/\",\"sameAs\":[\"https:\/\/fr-fr.facebook.com\/centretarn\/\",\"https:\/\/www.youtube.com\/channel\/UCmH971jS42X98fNgJKDqb1A\"],\"logo\":{\"@type\":\"ImageObject\",\"@id\":\"http:\/\/cb27363e0b.url-de-test.ws\/site\/#logo\",\"inLanguage\":\"fr-FR\",\"url\":\"http:\/\/cb27363e0b.url-de-test.ws\/site\/wp-content\/uploads\/2018\/02\/logo-site.png\",\"contentUrl\":\"http:\/\/cb27363e0b.url-de-test.ws\/site\/wp-content\/uploads\/2018\/02\/logo-site.png\",\"width\":149,\"height\":169,\"caption\":\"Communaut\u00e9 de Communes Centre Tarn\"},\"image\":{\"@id\":\"http:\/\/cb27363e0b.url-de-test.ws\/site\/#logo\"}},{\"@type\":\"WebSite\",\"@id\":\"http:\/\/cb27363e0b.url-de-test.ws\/site\/#website\",\"url\":\"http:\/\/cb27363e0b.url-de-test.ws\/site\/\",\"name\":\"Communaut\u00e9 de Communes Centre Tarn\",\"description\":\"\",\"publisher\":{\"@id\":\"http:\/\/cb27363e0b.url-de-test.ws\/site\/#organization\"},\"potentialAction\":[{\"@type\":\"SearchAction\",\"target\":{\"@type\":\"EntryPoint\",\"urlTemplate\":\"http:\/\/cb27363e0b.url-de-test.ws\/site\/?s={search_term_string}\"},\"query-input\":\"required name=search_term_string\"}],\"inLanguage\":\"fr-FR\"},{\"@type\":\"ImageObject\",\"@id\":\"http:\/\/cb27363e0b.url-de-test.ws\/site\/vie-quotidienne\/maison-services-public\/#primaryimage\",\"inLanguage\":\"fr-FR\",\"url\":\"http:\/\/cb27363e0b.url-de-test.ws\/site\/wp-content\/uploads\/2017\/10\/logomsap.jpg\",\"contentUrl\":\"http:\/\/cb27363e0b.url-de-test.ws\/site\/wp-content\/uploads\/2017\/10\/logomsap.jpg\",\"width\":892,\"height\":892,\"caption\":\"Logo des Maisons des Services au Public\"},{\"@type\":\"WebPage\",\"@id\":\"http:\/\/cb27363e0b.url-de-test.ws\/site\/vie-quotidienne\/maison-services-public\/#webpage\",\"url\":\"http:\/\/cb27363e0b.url-de-test.ws\/site\/vie-quotidienne\/maison-services-public\/\",\"name\":\"Maison de Services Au Public pour vos d\u00e9marches du quotidien\",\"isPartOf\":{\"@id\":\"http:\/\/cb27363e0b.url-de-test.ws\/site\/#website\"},\"primaryImageOfPage\":{\"@id\":\"http:\/\/cb27363e0b.url-de-test.ws\/site\/vie-quotidienne\/maison-services-public\/#primaryimage\"},\"datePublished\":\"2018-01-19T15:41:27+00:00\",\"dateModified\":\"2018-11-16T16:44:57+00:00\",\"description\":\"Maison de Services Au Public et d\u00e9marches administratives ou en ligne pour toutes les d\u00e9marches du quotidien : contacts avec la CAF, la MSA, P\u00f4le Emploi, rencontre avec les assistantes sociales, ADMR, Cap Emploi, Services des Finances, communaut\u00e9 de communes\",\"breadcrumb\":{\"@id\":\"http:\/\/cb27363e0b.url-de-test.ws\/site\/vie-quotidienne\/maison-services-public\/#breadcrumb\"},\"inLanguage\":\"fr-FR\",\"potentialAction\":[{\"@type\":\"ReadAction\",\"target\":[\"http:\/\/cb27363e0b.url-de-test.ws\/site\/vie-quotidienne\/maison-services-public\/\"]}]},{\"@type\":\"BreadcrumbList\",\"@id\":\"http:\/\/cb27363e0b.url-de-test.ws\/site\/vie-quotidienne\/maison-services-public\/#breadcrumb\",\"itemListElement\":[{\"@type\":\"ListItem\",\"position\":1,\"name\":\"Accueil\",\"item\":\"http:\/\/cb27363e0b.url-de-test.ws\/site\/\"},{\"@type\":\"ListItem\",\"position\":2,\"name\":\"Vie Quotidienne\",\"item\":\"http:\/\/cb27363e0b.url-de-test.ws\/site\/vie-quotidienne\/\"},{\"@type\":\"ListItem\",\"position\":3,\"name\":\"Maison de Services Au Public\"}]}]}<\/script>\n<!-- \/ Yoast SEO plugin. -->","yoast_head_json":{"title":"Maison de Services Au Public pour vos d\u00e9marches du quotidien","description":"Maison de Services Au Public et d\u00e9marches administratives ou en ligne pour toutes les d\u00e9marches du quotidien : contacts avec la CAF, la MSA, P\u00f4le Emploi, rencontre avec les assistantes sociales, ADMR, Cap Emploi, Services des Finances, communaut\u00e9 de communes","robots":{"index":"noindex","follow":"follow","max-snippet":"max-snippet:-1","max-image-preview":"max-image-preview:large","max-video-preview":"max-video-preview:-1"},"og_locale":"fr_FR","og_type":"article","og_title":"Maison de Services Au Public pour vos d\u00e9marches du quotidien","og_description":"Maison de Services Au Public et d\u00e9marches administratives ou en ligne pour toutes les d\u00e9marches du quotidien : contacts avec la CAF, la MSA, P\u00f4le Emploi, rencontre avec les assistantes sociales, ADMR, Cap Emploi, Services des Finances, communaut\u00e9 de communes","og_url":"http:\/\/cb27363e0b.url-de-test.ws\/site\/vie-quotidienne\/maison-services-public\/","og_site_name":"Communaut\u00e9 de Communes Centre Tarn","article_publisher":"https:\/\/fr-fr.facebook.com\/centretarn\/","article_modified_time":"2018-11-16T16:44:57+00:00","og_image":[{"width":892,"height":892,"url":"http:\/\/cb27363e0b.url-de-test.ws\/site\/wp-content\/uploads\/2017\/10\/logomsap.jpg","type":"image\/jpeg"}],"twitter_card":"summary_large_image","twitter_misc":{"Dur\u00e9e de lecture estim\u00e9e":"4 minutes"},"schema":{"@context":"https:\/\/schema.org","@graph":[{"@type":"Organization","@id":"http:\/\/cb27363e0b.url-de-test.ws\/site\/#organization","name":"Communaut\u00e9 de Communes Centre Tarn","url":"http:\/\/cb27363e0b.url-de-test.ws\/site\/","sameAs":["https:\/\/fr-fr.facebook.com\/centretarn\/","https:\/\/www.youtube.com\/channel\/UCmH971jS42X98fNgJKDqb1A"],"logo":{"@type":"ImageObject","@id":"http:\/\/cb27363e0b.url-de-test.ws\/site\/#logo","inLanguage":"fr-FR","url":"http:\/\/cb27363e0b.url-de-test.ws\/site\/wp-content\/uploads\/2018\/02\/logo-site.png","contentUrl":"http:\/\/cb27363e0b.url-de-test.ws\/site\/wp-content\/uploads\/2018\/02\/logo-site.png","width":149,"height":169,"caption":"Communaut\u00e9 de Communes Centre Tarn"},"image":{"@id":"http:\/\/cb27363e0b.url-de-test.ws\/site\/#logo"}},{"@type":"WebSite","@id":"http:\/\/cb27363e0b.url-de-test.ws\/site\/#website","url":"http:\/\/cb27363e0b.url-de-test.ws\/site\/","name":"Communaut\u00e9 de Communes Centre Tarn","description":"","publisher":{"@id":"http:\/\/cb27363e0b.url-de-test.ws\/site\/#organization"},"potentialAction":[{"@type":"SearchAction","target":{"@type":"EntryPoint","urlTemplate":"http:\/\/cb27363e0b.url-de-test.ws\/site\/?s={search_term_string}"},"query-input":"required name=search_term_string"}],"inLanguage":"fr-FR"},{"@type":"ImageObject","@id":"http:\/\/cb27363e0b.url-de-test.ws\/site\/vie-quotidienne\/maison-services-public\/#primaryimage","inLanguage":"fr-FR","url":"http:\/\/cb27363e0b.url-de-test.ws\/site\/wp-content\/uploads\/2017\/10\/logomsap.jpg","contentUrl":"http:\/\/cb27363e0b.url-de-test.ws\/site\/wp-content\/uploads\/2017\/10\/logomsap.jpg","width":892,"height":892,"caption":"Logo des Maisons des Services au Public"},{"@type":"WebPage","@id":"http:\/\/cb27363e0b.url-de-test.ws\/site\/vie-quotidienne\/maison-services-public\/#webpage","url":"http:\/\/cb27363e0b.url-de-test.ws\/site\/vie-quotidienne\/maison-services-public\/","name":"Maison de Services Au Public pour vos d\u00e9marches du quotidien","isPartOf":{"@id":"http:\/\/cb27363e0b.url-de-test.ws\/site\/#website"},"primaryImageOfPage":{"@id":"http:\/\/cb27363e0b.url-de-test.ws\/site\/vie-quotidienne\/maison-services-public\/#primaryimage"},"datePublished":"2018-01-19T15:41:27+00:00","dateModified":"2018-11-16T16:44:57+00:00","description":"Maison de Services Au Public et d\u00e9marches administratives ou en ligne pour toutes les d\u00e9marches du quotidien : contacts avec la CAF, la MSA, P\u00f4le Emploi, rencontre avec les assistantes sociales, ADMR, Cap Emploi, Services des Finances, communaut\u00e9 de communes","breadcrumb":{"@id":"http:\/\/cb27363e0b.url-de-test.ws\/site\/vie-quotidienne\/maison-services-public\/#breadcrumb"},"inLanguage":"fr-FR","potentialAction":[{"@type":"ReadAction","target":["http:\/\/cb27363e0b.url-de-test.ws\/site\/vie-quotidienne\/maison-services-public\/"]}]},{"@type":"BreadcrumbList","@id":"http:\/\/cb27363e0b.url-de-test.ws\/site\/vie-quotidienne\/maison-services-public\/#breadcrumb","itemListElement":[{"@type":"ListItem","position":1,"name":"Accueil","item":"http:\/\/cb27363e0b.url-de-test.ws\/site\/"},{"@type":"ListItem","position":2,"name":"Vie Quotidienne","item":"http:\/\/cb27363e0b.url-de-test.ws\/site\/vie-quotidienne\/"},{"@type":"ListItem","position":3,"name":"Maison de Services Au Public"}]}]}},"_links":{"self":[{"href":"http:\/\/cb27363e0b.url-de-test.ws\/site\/wp-json\/wp\/v2\/pages\/813"}],"collection":[{"href":"http:\/\/cb27363e0b.url-de-test.ws\/site\/wp-json\/wp\/v2\/pages"}],"about":[{"href":"http:\/\/cb27363e0b.url-de-test.ws\/site\/wp-json\/wp\/v2\/types\/page"}],"author":[{"embeddable":true,"href":"http:\/\/cb27363e0b.url-de-test.ws\/site\/wp-json\/wp\/v2\/users\/1"}],"replies":[{"embeddable":true,"href":"http:\/\/cb27363e0b.url-de-test.ws\/site\/wp-json\/wp\/v2\/comments?post=813"}],"version-history":[{"count":64,"href":"http:\/\/cb27363e0b.url-de-test.ws\/site\/wp-json\/wp\/v2\/pages\/813\/revisions"}],"predecessor-version":[{"id":3677,"href":"http:\/\/cb27363e0b.url-de-test.ws\/site\/wp-json\/wp\/v2\/pages\/813\/revisions\/3677"}],"up":[{"embeddable":true,"href":"http:\/\/cb27363e0b.url-de-test.ws\/site\/wp-json\/wp\/v2\/pages\/887"}],"wp:featuredmedia":[{"embeddable":true,"href":"http:\/\/cb27363e0b.url-de-test.ws\/site\/wp-json\/wp\/v2\/media\/1214"}],"wp:attachment":[{"href":"http:\/\/cb27363e0b.url-de-test.ws\/site\/wp-json\/wp\/v2\/media?parent=813"}],"curies":[{"name":"wp","href":"https:\/\/api.w.org\/{rel}","templated":true}]}}