{"id":760,"date":"2018-01-22T10:08:02","date_gmt":"2018-01-22T09:08:02","guid":{"rendered":"http:\/\/cb27363e0b.url-de-test.ws\/site\/?page_id=760"},"modified":"2018-09-25T11:29:50","modified_gmt":"2018-09-25T09:29:50","slug":"zones-activites","status":"publish","type":"page","link":"http:\/\/cb27363e0b.url-de-test.ws\/site\/vie-economique\/s-installer\/zones-activites\/","title":{"rendered":"Zones d&rsquo;activit\u00e9s"},"content":{"rendered":"<p>En accueillant des activit\u00e9s artisanales, industrielles ou de services, la Communaut\u00e9 de Communes Centre Tarn met en place les conditions pour cr\u00e9er et maintenir de l\u2019emploi, renforcer l\u2019attractivit\u00e9 de son territoire et conforter son \u00e9conomie r\u00e9sidentielle dans le respect de son environnement.<br \/>\nPour tout projet d\u2019implantation en Centre Tarn, contacter le service \u00c9conomie\u00a0: <a href=\"tel:0531819600\" target=\"_blank\" rel=\"noopener\">05 31 81 96 00<\/a> \/ <a href=\"mailto:economie@centretarn.fr\">economie@centretarn.fr<\/a><br \/>\n<a href=\"http:\/\/cb27363e0b.url-de-test.ws\/site\/wp-content\/uploads\/2018\/01\/Plan_ZAE-3CT_web.jpg\" target=\"_blank\" rel=\"noopener\"><img loading=\"lazy\" class=\"aligncenter wp-image-2607 size-medium\" src=\"http:\/\/cb27363e0b.url-de-test.ws\/site\/wp-content\/uploads\/2018\/01\/Plan_ZAE-3CT_web-480x339.jpg\" alt=\"Plan des zones d'activit\u00e9s commerciales\" width=\"480\" height=\"339\" srcset=\"http:\/\/cb27363e0b.url-de-test.ws\/site\/wp-content\/uploads\/2018\/01\/Plan_ZAE-3CT_web-480x339.jpg 480w, http:\/\/cb27363e0b.url-de-test.ws\/site\/wp-content\/uploads\/2018\/01\/Plan_ZAE-3CT_web-768x543.jpg 768w, http:\/\/cb27363e0b.url-de-test.ws\/site\/wp-content\/uploads\/2018\/01\/Plan_ZAE-3CT_web-1024x724.jpg 1024w\" sizes=\"(max-width: 480px) 100vw, 480px\" \/><\/a><\/p>\n<div class=\"c-tabs\"><div class=\"c-content-box\"><div class=\"tabs-inner\"><ul class=\"tab-list\"><li class=\"tab m-active\"><span class=\"tab-label\">Laboutari\u00e9<\/span><\/li><li class=\"tab\"><span class=\"tab-label\">Lombers<\/span><\/li><li class=\"tab\"><span class=\"tab-label\">Les Fournials<\/span><\/li><\/ul><ul class=\"content-list\">\n<li><p><span style=\"font-size: 14pt; color: #333399;\"><strong>LABOUTARI\u00c9 : cr\u00e9er et maintenir de l\u2019emploi localement<\/strong><\/span><\/p>\n<p>Pr\u00e8s de 1,9 ha de surface commercialisable.<br \/>\nPositionnement : lieu dit La Plaine \u00e0 l&rsquo;est du centre bourg de Laboutari\u00e9 \u2013 Site visible de la d\u00e9partementale 631 \u00e0 fort trafic (plus de <strong>5 000 v\u00e9hicules<\/strong> jour). Proximit\u00e9 avec des bassins d\u2019emploi tels que ceux de REALMONT (6 km), GRAULHET (12 km), ALBI (23 km) et CASTRES (30 km) mais aussi proximit\u00e9 avec l\u2019autoroute A68 (24 km).<\/p>\n<div class=\"row \"><br \/>\n<div class=\"col-md-6\"><\/p>\n<p>Caract\u00e9ristiques :<\/p>\n<ul>\n<li>Terrains viabilis\u00e9s (r\u00e9seaux secs et humides &#8211; assainissement collectif)<\/li>\n<li>Surface \u00e0 la demande<\/li>\n<li>Fibre optique<\/li>\n<li><strong>Exon\u00e9ration<\/strong> de la part communale de la Taxe d&rsquo;Am\u00e9nagement<\/li>\n<li><strong>Prix<\/strong> : 12 \u20ac \/ m\u00b2<\/li>\n<\/ul>\n<p><\/div><br \/>\n<div class=\"col-md-6\"><a href=\"http:\/\/cb27363e0b.url-de-test.ws\/site\/wp-content\/uploads\/2018\/01\/ENTREPRENEUR-ZONES.jpg\"><img loading=\"lazy\" class=\"aligncenter size-full wp-image-1709\" src=\"http:\/\/cb27363e0b.url-de-test.ws\/site\/wp-content\/uploads\/2018\/01\/ENTREPRENEUR-ZONES.jpg\" alt=\"Zone d'activit\u00e9 de Laboutari\u00e9\" width=\"3508\" height=\"2479\" srcset=\"http:\/\/cb27363e0b.url-de-test.ws\/site\/wp-content\/uploads\/2018\/01\/ENTREPRENEUR-ZONES.jpg 3508w, http:\/\/cb27363e0b.url-de-test.ws\/site\/wp-content\/uploads\/2018\/01\/ENTREPRENEUR-ZONES-480x339.jpg 480w, http:\/\/cb27363e0b.url-de-test.ws\/site\/wp-content\/uploads\/2018\/01\/ENTREPRENEUR-ZONES-768x543.jpg 768w, http:\/\/cb27363e0b.url-de-test.ws\/site\/wp-content\/uploads\/2018\/01\/ENTREPRENEUR-ZONES-1024x724.jpg 1024w\" sizes=\"(max-width: 3508px) 100vw, 3508px\" \/><\/a><br \/>\n<\/div><br \/>\n<\/div>\n<p>Entreprises pr\u00e9sentes sur la zone :<br \/>\n<div class=\"row \"><br \/>\n<div class=\"col-md-6\"><br \/>\n<strong>Cuma l&rsquo;Atelier<\/strong><br \/>\n\u00c9quipement agroalimentaire de d\u00e9coupe et transformation de viandes de boucherie.<br \/>\nContact : Marl\u00e8ne PUECH, Pr\u00e9sidente elevage.puech@wanadoo.fr\/ 05 63 40 55 91<br \/>\n<\/div><br \/>\n<div class=\"col-md-6\"><\/p>\n<p><a href=\"http:\/\/cb27363e0b.url-de-test.ws\/site\/wp-content\/uploads\/2018\/01\/atelier_CUMA.jpg\"><img class=\"img img-responsive size-full wp-image-2120 aligncenter\" src=\"http:\/\/cb27363e0b.url-de-test.ws\/site\/wp-content\/uploads\/2018\/01\/atelier_CUMA.jpg\" alt=\"Atelier de d\u00e9coupe\" width=\"100%\" \/><\/a><br \/>\n<\/div><br \/>\n<\/div><br \/>\n<div class=\"row \"><br \/>\n<div class=\"col-md-6\"><br \/>\n<strong>CTO Industrie<\/strong><br \/>\nAchat vente n\u00e9goce d\u00e9p\u00f4t de mat\u00e9riel professionnel.<br \/>\nContact : Christophe Cantoro, cto.industrie@orange.fr \/ 05 63 49 08 35<br \/>\n<\/div><br \/>\n<div class=\"col-md-6\"><a href=\"http:\/\/cb27363e0b.url-de-test.ws\/site\/wp-content\/uploads\/2018\/01\/cto_industrie.jpg\"><img loading=\"lazy\" class=\"aligncenter size-full wp-image-2124\" src=\"http:\/\/cb27363e0b.url-de-test.ws\/site\/wp-content\/uploads\/2018\/01\/cto_industrie.jpg\" alt=\"Entreprise CTO Industrie\" width=\"778\" height=\"583\" srcset=\"http:\/\/cb27363e0b.url-de-test.ws\/site\/wp-content\/uploads\/2018\/01\/cto_industrie.jpg 778w, http:\/\/cb27363e0b.url-de-test.ws\/site\/wp-content\/uploads\/2018\/01\/cto_industrie-480x360.jpg 480w, http:\/\/cb27363e0b.url-de-test.ws\/site\/wp-content\/uploads\/2018\/01\/cto_industrie-768x576.jpg 768w\" sizes=\"(max-width: 778px) 100vw, 778px\" \/><\/a><br \/>\n<\/div><br \/>\n<\/div>\n<\/li>\n<li style=\"display: none;\"><p><span style=\"font-size: 14pt; color: #333399;\"><strong>Zone d&rsquo;Activit\u00e9 de Lombers<\/strong><\/span><\/p>\n<p>Zone \u00e9conomique visible d&rsquo;un axe routier majeur : la route d\u00e9partementale 612 reliant Castres \u00e0 Albi (<strong>11 000 v\u00e9hicules<\/strong> jour). L\u2019atout principal de la zone r\u00e9side dans sa proximit\u00e9 avec plusieurs bassins d\u2019emploi tels que ceux de R\u00e9almont (4 km), Laboutari\u00e9 (5 km), Graulhet (15 km), Albi (16 km) et Castres (28 km).<\/p>\n<div class=\"row \"><br \/>\n<div class=\"col-md-6\"><\/p>\n<p>Caract\u00e9ristiques :<\/p>\n<ul>\n<li>Terrains viabilis\u00e9s (r\u00e9seaux secs et humides &#8211; assainissement autonome)<\/li>\n<li>Surface \u00e0 la demande<\/li>\n<li>Fibre optique<\/li>\n<li><strong>Prix<\/strong> : 13 \u20ac \/ m\u00b2<\/li>\n<\/ul>\n<p><\/div><br \/>\n<div class=\"col-md-6\"><br \/>\n<a href=\"http:\/\/cb27363e0b.url-de-test.ws\/site\/wp-content\/uploads\/2018\/01\/Panneau-Lombers.jpg\"><img class=\"aligncenter size-full wp-image-1579\" src=\"http:\/\/cb27363e0b.url-de-test.ws\/site\/wp-content\/uploads\/2018\/01\/Panneau-Lombers.jpg\" alt=\"Panneau zone \u00e9conomique de Lombers\" width=\"100%\" srcset=\"http:\/\/cb27363e0b.url-de-test.ws\/site\/wp-content\/uploads\/2018\/01\/Panneau-Lombers.jpg 739w, http:\/\/cb27363e0b.url-de-test.ws\/site\/wp-content\/uploads\/2018\/01\/Panneau-Lombers-480x360.jpg 480w\" sizes=\"(max-width: 739px) 100vw, 739px\" \/><\/a><br \/>\n<\/div><br \/>\n<\/div>\n<p>Entreprises pr\u00e9sentes sur la zone :<br \/>\n<div class=\"row \"><br \/>\n<div class=\"col-md-6\"><br \/>\n<strong>M\u00e9dical Services 81<\/strong><br \/>\nLocation et vente de mat\u00e9riel m\u00e9dical<br \/>\nContact : 05 63 43 74 00<br \/>\n<\/div><br \/>\n<div class=\"col-md-6\"><br \/>\n<a href=\"http:\/\/cb27363e0b.url-de-test.ws\/site\/wp-content\/uploads\/2018\/01\/medical_service81.jpg\"><img loading=\"lazy\" class=\"aligncenter wp-image-2537 size-large\" src=\"http:\/\/cb27363e0b.url-de-test.ws\/site\/wp-content\/uploads\/2018\/01\/medical_service81-1024x768.jpg\" alt=\"M\u00e9dical Service 81\" width=\"500\" height=\"375\" srcset=\"http:\/\/cb27363e0b.url-de-test.ws\/site\/wp-content\/uploads\/2018\/01\/medical_service81-1024x768.jpg 1024w, http:\/\/cb27363e0b.url-de-test.ws\/site\/wp-content\/uploads\/2018\/01\/medical_service81-480x360.jpg 480w, http:\/\/cb27363e0b.url-de-test.ws\/site\/wp-content\/uploads\/2018\/01\/medical_service81-768x576.jpg 768w, http:\/\/cb27363e0b.url-de-test.ws\/site\/wp-content\/uploads\/2018\/01\/medical_service81.jpg 2000w\" sizes=\"(max-width: 500px) 100vw, 500px\" \/><\/a><br \/>\n<\/div><br \/>\n<\/div><br \/>\n<div class=\"row \"><\/div><br \/>\n<div class=\"col-md-6\"><br \/>\n<strong>JALADE Constructions m\u00e9talliques<\/strong><br \/>\nTravaux de menuiserie m\u00e9tallique et serrurerie<br \/>\nContact : 06 78 80 01 09<br \/>\n<\/div><br \/>\n<div class=\"col-md-6\"><a href=\"http:\/\/cb27363e0b.url-de-test.ws\/site\/wp-content\/uploads\/2018\/01\/jalade_constructions.jpg\"><img loading=\"lazy\" class=\"aligncenter size-full wp-image-2128\" src=\"http:\/\/cb27363e0b.url-de-test.ws\/site\/wp-content\/uploads\/2018\/01\/jalade_constructions.jpg\" alt=\"Jalade Constructions M\u00e9talliques\" width=\"1920\" height=\"1080\" srcset=\"http:\/\/cb27363e0b.url-de-test.ws\/site\/wp-content\/uploads\/2018\/01\/jalade_constructions.jpg 1920w, http:\/\/cb27363e0b.url-de-test.ws\/site\/wp-content\/uploads\/2018\/01\/jalade_constructions-480x270.jpg 480w, http:\/\/cb27363e0b.url-de-test.ws\/site\/wp-content\/uploads\/2018\/01\/jalade_constructions-768x432.jpg 768w, http:\/\/cb27363e0b.url-de-test.ws\/site\/wp-content\/uploads\/2018\/01\/jalade_constructions-1024x576.jpg 1024w\" sizes=\"(max-width: 1920px) 100vw, 1920px\" \/><\/a><br \/>\n<\/div>\n<\/li>\n<li style=\"display: none;\"><p><span style=\"font-size: 14pt; color: #333399;\"><strong>Zone d&rsquo;Activit\u00e9s Les Fournials, Commune de Montredon-Labessonni\u00e9 : 3 hectares pour accueillir votre activit\u00e9<\/strong><\/span><\/p>\n<p>Entreprises pr\u00e9sentes sur la zone :<br \/>\n<div class=\"row \"><br \/>\n<div class=\"col-md-6\"><br \/>\n<strong>Ateliers Du Haut Languedoc (ADHL)<\/strong><br \/>\nAm\u00e9nagement urbain en pierre naturelle<br \/>\nContact : 05 63 75 84 69<br \/>\n<\/div><br \/>\n<div class=\"col-md-6\"><a href=\"http:\/\/cb27363e0b.url-de-test.ws\/site\/wp-content\/uploads\/2018\/01\/ADHL1.jpg\"><img class=\"aligncenter size-full wp-image-1595\" src=\"http:\/\/cb27363e0b.url-de-test.ws\/site\/wp-content\/uploads\/2018\/01\/ADHL1.jpg\" alt=\"Vue de ADHL\" width=\"100%\" srcset=\"http:\/\/cb27363e0b.url-de-test.ws\/site\/wp-content\/uploads\/2018\/01\/ADHL1.jpg 800w, http:\/\/cb27363e0b.url-de-test.ws\/site\/wp-content\/uploads\/2018\/01\/ADHL1-480x360.jpg 480w, http:\/\/cb27363e0b.url-de-test.ws\/site\/wp-content\/uploads\/2018\/01\/ADHL1-768x576.jpg 768w\" sizes=\"(max-width: 800px) 100vw, 800px\" \/><\/a><br \/>\n<\/div><br \/>\n<\/div><br \/>\n<div class=\"row \"><br \/>\n<div class=\"col-md-6\"><br \/>\n<strong>Albert &amp; fils<\/strong><br \/>\nMa\u00e7onnerie et travaux de g\u00e9nie civil (notamment dans le domaine hydraulique)<br \/>\nContact : 05 63 37 27 42<br \/>\n<\/div><br \/>\n<div class=\"col-md-6\"><a href=\"http:\/\/cb27363e0b.url-de-test.ws\/site\/wp-content\/uploads\/2018\/01\/Albert-et-fils.jpg\"><img class=\"aligncenter size-full wp-image-2136\" src=\"http:\/\/cb27363e0b.url-de-test.ws\/site\/wp-content\/uploads\/2018\/01\/Albert-et-fils.jpg\" alt=\"Albert et fils\" width=\"100%\" \/><\/a><br \/>\n<\/div><br \/>\n<\/div><br \/>\n<div class=\"row \"><br \/>\n<div class=\"col-md-6\"><br \/>\n<strong>\u00c9tablissement de Service d&rsquo;Aide par le Travail (ESAT) Val\u00e9rie Bonnaf\u00e9<\/strong><br \/>\nContact : 05 63 72 68 50<br \/>\n<\/div><br \/>\n<div class=\"col-md-6\"><br \/>\n<a href=\"http:\/\/cb27363e0b.url-de-test.ws\/site\/wp-content\/uploads\/2018\/01\/esat_valerie_bonafe.jpg\"><img class=\"aligncenter size-full wp-image-2138\" src=\"http:\/\/cb27363e0b.url-de-test.ws\/site\/wp-content\/uploads\/2018\/01\/esat_valerie_bonafe.jpg\" alt=\"ESAT Val\u00e9rie Bonnaf\u00e9\" width=\"100%\" srcset=\"http:\/\/cb27363e0b.url-de-test.ws\/site\/wp-content\/uploads\/2018\/01\/esat_valerie_bonafe.jpg 1600w, http:\/\/cb27363e0b.url-de-test.ws\/site\/wp-content\/uploads\/2018\/01\/esat_valerie_bonafe-480x169.jpg 480w, http:\/\/cb27363e0b.url-de-test.ws\/site\/wp-content\/uploads\/2018\/01\/esat_valerie_bonafe-768x271.jpg 768w, http:\/\/cb27363e0b.url-de-test.ws\/site\/wp-content\/uploads\/2018\/01\/esat_valerie_bonafe-1024x361.jpg 1024w\" sizes=\"(max-width: 1600px) 100vw, 1600px\" \/><\/a><br \/>\n<\/div><br \/>\n<\/div><br \/>\n<div class=\"row \"><br \/>\n<div class=\"col-md-6\"><br \/>\n<strong>Ateliers de Montredon<\/strong><br \/>\nFabrication de monuments et articles fun\u00e9raires<br \/>\nContact : 05 63 75 87 76<br \/>\n<\/div><br \/>\n<div class=\"col-md-6\"><br \/>\n<a href=\"http:\/\/cb27363e0b.url-de-test.ws\/site\/wp-content\/uploads\/2018\/01\/Ateliers-de-Montredon.jpg\"><img class=\"aligncenter size-full wp-image-1603\" src=\"http:\/\/cb27363e0b.url-de-test.ws\/site\/wp-content\/uploads\/2018\/01\/Ateliers-de-Montredon.jpg\" alt=\"Les ateliers de Montredon\" width=\"100%\" srcset=\"http:\/\/cb27363e0b.url-de-test.ws\/site\/wp-content\/uploads\/2018\/01\/Ateliers-de-Montredon.jpg 636w, http:\/\/cb27363e0b.url-de-test.ws\/site\/wp-content\/uploads\/2018\/01\/Ateliers-de-Montredon-480x188.jpg 480w\" sizes=\"(max-width: 636px) 100vw, 636px\" \/><\/a><br \/>\n<\/div><br \/>\n<\/div><br \/>\n<div class=\"row \"><br \/>\n<div class=\"col-md-6\"><br \/>\n<strong>Do Metallerie<\/strong><br \/>\nM\u00e9tallerie &#8211; Ferronnerie<br \/>\nContact : 06 80 96 95 92<br \/>\n<\/div><br \/>\n<div class=\"col-md-6\"><br \/>\n<\/div><br \/>\n<\/div>\n<\/li>\n<\/ul><\/div><\/div><\/div>\n","protected":false},"excerpt":{"rendered":"<p>En accueillant des activit\u00e9s artisanales, industrielles ou de services, la Communaut\u00e9 de Communes Centre Tarn met en place les conditions pour cr\u00e9er et maintenir de l\u2019emploi, renforcer l\u2019attractivit\u00e9 de son territoire et conforter son \u00e9conomie r\u00e9sidentielle dans le respect de son environnement. Pour tout projet d\u2019implantation en Centre Tarn, contacter le service \u00c9conomie\u00a0: 05 31 [&hellip;]<\/p>\n","protected":false},"author":1,"featured_media":1709,"parent":751,"menu_order":0,"comment_status":"closed","ping_status":"closed","template":"","meta":[],"yoast_head":"<!-- This site is optimized with the Yoast SEO plugin v18.3 - https:\/\/yoast.com\/wordpress\/plugins\/seo\/ -->\n<title>Zones d&#039;activit\u00e9s - Communaut\u00e9 de Communes Centre Tarn<\/title>\n<meta name=\"robots\" content=\"noindex, follow, max-snippet:-1, max-image-preview:large, max-video-preview:-1\" \/>\n<meta property=\"og:locale\" content=\"fr_FR\" \/>\n<meta property=\"og:type\" content=\"article\" \/>\n<meta property=\"og:title\" content=\"Zones d&#039;activit\u00e9s - Communaut\u00e9 de Communes Centre Tarn\" \/>\n<meta property=\"og:description\" content=\"En accueillant des activit\u00e9s artisanales, industrielles ou de services, la Communaut\u00e9 de Communes Centre Tarn met en place les conditions pour cr\u00e9er et maintenir de l\u2019emploi, renforcer l\u2019attractivit\u00e9 de son territoire et conforter son \u00e9conomie r\u00e9sidentielle dans le respect de son environnement. Pour tout projet d\u2019implantation en Centre Tarn, contacter le service \u00c9conomie\u00a0: 05 31 [&hellip;]\" \/>\n<meta property=\"og:url\" content=\"http:\/\/cb27363e0b.url-de-test.ws\/site\/vie-economique\/s-installer\/zones-activites\/\" \/>\n<meta property=\"og:site_name\" content=\"Communaut\u00e9 de Communes Centre Tarn\" \/>\n<meta property=\"article:publisher\" content=\"https:\/\/fr-fr.facebook.com\/centretarn\/\" \/>\n<meta property=\"article:modified_time\" content=\"2018-09-25T09:29:50+00:00\" \/>\n<meta property=\"og:image\" content=\"http:\/\/cb27363e0b.url-de-test.ws\/site\/wp-content\/uploads\/2018\/01\/ENTREPRENEUR-ZONES.jpg\" \/>\n\t<meta property=\"og:image:width\" content=\"3508\" \/>\n\t<meta property=\"og:image:height\" content=\"2479\" \/>\n\t<meta property=\"og:image:type\" content=\"image\/jpeg\" \/>\n<meta name=\"twitter:card\" content=\"summary_large_image\" \/>\n<meta name=\"twitter:label1\" content=\"Dur\u00e9e de lecture estim\u00e9e\" \/>\n\t<meta name=\"twitter:data1\" content=\"4 minutes\" \/>\n<script type=\"application\/ld+json\" class=\"yoast-schema-graph\">{\"@context\":\"https:\/\/schema.org\",\"@graph\":[{\"@type\":\"Organization\",\"@id\":\"http:\/\/cb27363e0b.url-de-test.ws\/site\/#organization\",\"name\":\"Communaut\u00e9 de Communes Centre Tarn\",\"url\":\"http:\/\/cb27363e0b.url-de-test.ws\/site\/\",\"sameAs\":[\"https:\/\/fr-fr.facebook.com\/centretarn\/\",\"https:\/\/www.youtube.com\/channel\/UCmH971jS42X98fNgJKDqb1A\"],\"logo\":{\"@type\":\"ImageObject\",\"@id\":\"http:\/\/cb27363e0b.url-de-test.ws\/site\/#logo\",\"inLanguage\":\"fr-FR\",\"url\":\"http:\/\/cb27363e0b.url-de-test.ws\/site\/wp-content\/uploads\/2018\/02\/logo-site.png\",\"contentUrl\":\"http:\/\/cb27363e0b.url-de-test.ws\/site\/wp-content\/uploads\/2018\/02\/logo-site.png\",\"width\":149,\"height\":169,\"caption\":\"Communaut\u00e9 de Communes Centre Tarn\"},\"image\":{\"@id\":\"http:\/\/cb27363e0b.url-de-test.ws\/site\/#logo\"}},{\"@type\":\"WebSite\",\"@id\":\"http:\/\/cb27363e0b.url-de-test.ws\/site\/#website\",\"url\":\"http:\/\/cb27363e0b.url-de-test.ws\/site\/\",\"name\":\"Communaut\u00e9 de Communes Centre Tarn\",\"description\":\"\",\"publisher\":{\"@id\":\"http:\/\/cb27363e0b.url-de-test.ws\/site\/#organization\"},\"potentialAction\":[{\"@type\":\"SearchAction\",\"target\":{\"@type\":\"EntryPoint\",\"urlTemplate\":\"http:\/\/cb27363e0b.url-de-test.ws\/site\/?s={search_term_string}\"},\"query-input\":\"required name=search_term_string\"}],\"inLanguage\":\"fr-FR\"},{\"@type\":\"ImageObject\",\"@id\":\"http:\/\/cb27363e0b.url-de-test.ws\/site\/vie-economique\/s-installer\/zones-activites\/#primaryimage\",\"inLanguage\":\"fr-FR\",\"url\":\"http:\/\/cb27363e0b.url-de-test.ws\/site\/wp-content\/uploads\/2018\/01\/ENTREPRENEUR-ZONES.jpg\",\"contentUrl\":\"http:\/\/cb27363e0b.url-de-test.ws\/site\/wp-content\/uploads\/2018\/01\/ENTREPRENEUR-ZONES.jpg\",\"width\":3508,\"height\":2479,\"caption\":\"Zone d'activit\u00e9 de Laboutari\u00e9\"},{\"@type\":\"WebPage\",\"@id\":\"http:\/\/cb27363e0b.url-de-test.ws\/site\/vie-economique\/s-installer\/zones-activites\/#webpage\",\"url\":\"http:\/\/cb27363e0b.url-de-test.ws\/site\/vie-economique\/s-installer\/zones-activites\/\",\"name\":\"Zones d'activit\u00e9s - Communaut\u00e9 de Communes Centre Tarn\",\"isPartOf\":{\"@id\":\"http:\/\/cb27363e0b.url-de-test.ws\/site\/#website\"},\"primaryImageOfPage\":{\"@id\":\"http:\/\/cb27363e0b.url-de-test.ws\/site\/vie-economique\/s-installer\/zones-activites\/#primaryimage\"},\"datePublished\":\"2018-01-22T09:08:02+00:00\",\"dateModified\":\"2018-09-25T09:29:50+00:00\",\"breadcrumb\":{\"@id\":\"http:\/\/cb27363e0b.url-de-test.ws\/site\/vie-economique\/s-installer\/zones-activites\/#breadcrumb\"},\"inLanguage\":\"fr-FR\",\"potentialAction\":[{\"@type\":\"ReadAction\",\"target\":[\"http:\/\/cb27363e0b.url-de-test.ws\/site\/vie-economique\/s-installer\/zones-activites\/\"]}]},{\"@type\":\"BreadcrumbList\",\"@id\":\"http:\/\/cb27363e0b.url-de-test.ws\/site\/vie-economique\/s-installer\/zones-activites\/#breadcrumb\",\"itemListElement\":[{\"@type\":\"ListItem\",\"position\":1,\"name\":\"Accueil\",\"item\":\"http:\/\/cb27363e0b.url-de-test.ws\/site\/\"},{\"@type\":\"ListItem\",\"position\":2,\"name\":\"Vie \u00c9conomique\",\"item\":\"http:\/\/cb27363e0b.url-de-test.ws\/site\/vie-economique\/\"},{\"@type\":\"ListItem\",\"position\":3,\"name\":\"S&rsquo;installer\",\"item\":\"http:\/\/cb27363e0b.url-de-test.ws\/site\/vie-economique\/s-installer\/\"},{\"@type\":\"ListItem\",\"position\":4,\"name\":\"Zones d&rsquo;activit\u00e9s\"}]}]}<\/script>\n<!-- \/ Yoast SEO plugin. -->","yoast_head_json":{"title":"Zones d'activit\u00e9s - Communaut\u00e9 de Communes Centre Tarn","robots":{"index":"noindex","follow":"follow","max-snippet":"max-snippet:-1","max-image-preview":"max-image-preview:large","max-video-preview":"max-video-preview:-1"},"og_locale":"fr_FR","og_type":"article","og_title":"Zones d'activit\u00e9s - Communaut\u00e9 de Communes Centre Tarn","og_description":"En accueillant des activit\u00e9s artisanales, industrielles ou de services, la Communaut\u00e9 de Communes Centre Tarn met en place les conditions pour cr\u00e9er et maintenir de l\u2019emploi, renforcer l\u2019attractivit\u00e9 de son territoire et conforter son \u00e9conomie r\u00e9sidentielle dans le respect de son environnement. Pour tout projet d\u2019implantation en Centre Tarn, contacter le service \u00c9conomie\u00a0: 05 31 [&hellip;]","og_url":"http:\/\/cb27363e0b.url-de-test.ws\/site\/vie-economique\/s-installer\/zones-activites\/","og_site_name":"Communaut\u00e9 de Communes Centre Tarn","article_publisher":"https:\/\/fr-fr.facebook.com\/centretarn\/","article_modified_time":"2018-09-25T09:29:50+00:00","og_image":[{"width":3508,"height":2479,"url":"http:\/\/cb27363e0b.url-de-test.ws\/site\/wp-content\/uploads\/2018\/01\/ENTREPRENEUR-ZONES.jpg","type":"image\/jpeg"}],"twitter_card":"summary_large_image","twitter_misc":{"Dur\u00e9e de lecture estim\u00e9e":"4 minutes"},"schema":{"@context":"https:\/\/schema.org","@graph":[{"@type":"Organization","@id":"http:\/\/cb27363e0b.url-de-test.ws\/site\/#organization","name":"Communaut\u00e9 de Communes Centre Tarn","url":"http:\/\/cb27363e0b.url-de-test.ws\/site\/","sameAs":["https:\/\/fr-fr.facebook.com\/centretarn\/","https:\/\/www.youtube.com\/channel\/UCmH971jS42X98fNgJKDqb1A"],"logo":{"@type":"ImageObject","@id":"http:\/\/cb27363e0b.url-de-test.ws\/site\/#logo","inLanguage":"fr-FR","url":"http:\/\/cb27363e0b.url-de-test.ws\/site\/wp-content\/uploads\/2018\/02\/logo-site.png","contentUrl":"http:\/\/cb27363e0b.url-de-test.ws\/site\/wp-content\/uploads\/2018\/02\/logo-site.png","width":149,"height":169,"caption":"Communaut\u00e9 de Communes Centre Tarn"},"image":{"@id":"http:\/\/cb27363e0b.url-de-test.ws\/site\/#logo"}},{"@type":"WebSite","@id":"http:\/\/cb27363e0b.url-de-test.ws\/site\/#website","url":"http:\/\/cb27363e0b.url-de-test.ws\/site\/","name":"Communaut\u00e9 de Communes Centre Tarn","description":"","publisher":{"@id":"http:\/\/cb27363e0b.url-de-test.ws\/site\/#organization"},"potentialAction":[{"@type":"SearchAction","target":{"@type":"EntryPoint","urlTemplate":"http:\/\/cb27363e0b.url-de-test.ws\/site\/?s={search_term_string}"},"query-input":"required name=search_term_string"}],"inLanguage":"fr-FR"},{"@type":"ImageObject","@id":"http:\/\/cb27363e0b.url-de-test.ws\/site\/vie-economique\/s-installer\/zones-activites\/#primaryimage","inLanguage":"fr-FR","url":"http:\/\/cb27363e0b.url-de-test.ws\/site\/wp-content\/uploads\/2018\/01\/ENTREPRENEUR-ZONES.jpg","contentUrl":"http:\/\/cb27363e0b.url-de-test.ws\/site\/wp-content\/uploads\/2018\/01\/ENTREPRENEUR-ZONES.jpg","width":3508,"height":2479,"caption":"Zone d'activit\u00e9 de Laboutari\u00e9"},{"@type":"WebPage","@id":"http:\/\/cb27363e0b.url-de-test.ws\/site\/vie-economique\/s-installer\/zones-activites\/#webpage","url":"http:\/\/cb27363e0b.url-de-test.ws\/site\/vie-economique\/s-installer\/zones-activites\/","name":"Zones d'activit\u00e9s - Communaut\u00e9 de Communes Centre Tarn","isPartOf":{"@id":"http:\/\/cb27363e0b.url-de-test.ws\/site\/#website"},"primaryImageOfPage":{"@id":"http:\/\/cb27363e0b.url-de-test.ws\/site\/vie-economique\/s-installer\/zones-activites\/#primaryimage"},"datePublished":"2018-01-22T09:08:02+00:00","dateModified":"2018-09-25T09:29:50+00:00","breadcrumb":{"@id":"http:\/\/cb27363e0b.url-de-test.ws\/site\/vie-economique\/s-installer\/zones-activites\/#breadcrumb"},"inLanguage":"fr-FR","potentialAction":[{"@type":"ReadAction","target":["http:\/\/cb27363e0b.url-de-test.ws\/site\/vie-economique\/s-installer\/zones-activites\/"]}]},{"@type":"BreadcrumbList","@id":"http:\/\/cb27363e0b.url-de-test.ws\/site\/vie-economique\/s-installer\/zones-activites\/#breadcrumb","itemListElement":[{"@type":"ListItem","position":1,"name":"Accueil","item":"http:\/\/cb27363e0b.url-de-test.ws\/site\/"},{"@type":"ListItem","position":2,"name":"Vie \u00c9conomique","item":"http:\/\/cb27363e0b.url-de-test.ws\/site\/vie-economique\/"},{"@type":"ListItem","position":3,"name":"S&rsquo;installer","item":"http:\/\/cb27363e0b.url-de-test.ws\/site\/vie-economique\/s-installer\/"},{"@type":"ListItem","position":4,"name":"Zones d&rsquo;activit\u00e9s"}]}]}},"_links":{"self":[{"href":"http:\/\/cb27363e0b.url-de-test.ws\/site\/wp-json\/wp\/v2\/pages\/760"}],"collection":[{"href":"http:\/\/cb27363e0b.url-de-test.ws\/site\/wp-json\/wp\/v2\/pages"}],"about":[{"href":"http:\/\/cb27363e0b.url-de-test.ws\/site\/wp-json\/wp\/v2\/types\/page"}],"author":[{"embeddable":true,"href":"http:\/\/cb27363e0b.url-de-test.ws\/site\/wp-json\/wp\/v2\/users\/1"}],"replies":[{"embeddable":true,"href":"http:\/\/cb27363e0b.url-de-test.ws\/site\/wp-json\/wp\/v2\/comments?post=760"}],"version-history":[{"count":41,"href":"http:\/\/cb27363e0b.url-de-test.ws\/site\/wp-json\/wp\/v2\/pages\/760\/revisions"}],"predecessor-version":[{"id":3262,"href":"http:\/\/cb27363e0b.url-de-test.ws\/site\/wp-json\/wp\/v2\/pages\/760\/revisions\/3262"}],"up":[{"embeddable":true,"href":"http:\/\/cb27363e0b.url-de-test.ws\/site\/wp-json\/wp\/v2\/pages\/751"}],"wp:featuredmedia":[{"embeddable":true,"href":"http:\/\/cb27363e0b.url-de-test.ws\/site\/wp-json\/wp\/v2\/media\/1709"}],"wp:attachment":[{"href":"http:\/\/cb27363e0b.url-de-test.ws\/site\/wp-json\/wp\/v2\/media?parent=760"}],"curies":[{"name":"wp","href":"https:\/\/api.w.org\/{rel}","templated":true}]}}