{"id":757,"date":"2018-01-22T10:10:02","date_gmt":"2018-01-22T09:10:02","guid":{"rendered":"http:\/\/cb27363e0b.url-de-test.ws\/site\/?page_id=757"},"modified":"2018-09-11T14:33:43","modified_gmt":"2018-09-11T12:33:43","slug":"hotel-entreprises","status":"publish","type":"page","link":"http:\/\/cb27363e0b.url-de-test.ws\/site\/vie-economique\/s-installer\/hotel-entreprises\/","title":{"rendered":"H\u00f4tel d&rsquo;entreprises"},"content":{"rendered":"<p style=\"text-align: justify;\">De nos jours, ce sont les petites et moyennes entreprises qui sont devenues les portes flambeaux de la cr\u00e9ation de richesse et des emplois. Afin de faciliter leur accueil et leur d\u00e9veloppement sur notre territoire, la Communaut\u00e9 de communes a d\u00e9cid\u00e9 de cr\u00e9er un h\u00f4tel d&rsquo;entreprises au sein de l&rsquo;Espace Intercommunal Centre Tarn.<\/p>\n<p style=\"text-align: justify;\">L&rsquo;h\u00f4tel d&rsquo;entreprises Centre Tarn est un <strong>lieu d&rsquo;accueil et d&rsquo;h\u00e9bergement d&rsquo;entreprises en phase de cr\u00e9ation ou de reprise<\/strong>. Ce centre d&rsquo;activit\u00e9 est destin\u00e9 \u00e0 favoriser les conditions de p\u00e9rennit\u00e9 d&rsquo;activit\u00e9s \u00e9conomiques. La location de bureaux ainsi qu&rsquo;une offre de services partag\u00e9s permettent \u00e0 l&rsquo;entreprise de \u00ab\u00a0roder\u00a0\u00bb son activit\u00e9 avant d&rsquo;acqu\u00e9rir ou de faire construire ses propres locaux.<\/p>\n<p style=\"text-align: justify;\"><span style=\"color: #333399;\"><strong>6 bureaux \u00e0 la location (de 15 \u00e0 25 m2).<br \/>\n<\/strong><\/span><\/p>\n<div class=\"row \">\n<div class=\"col-md-6\">\n<h3>\u00c9quipements<\/h3>\n<ul>\n<li>Bureaux meubl\u00e9s<\/li>\n<li>Acc\u00e8s internet \u00e0 tr\u00e8s haut d\u00e9bit et s\u00e9curis\u00e9<\/li>\n<li>Acc\u00e8s s\u00e9curis\u00e9 24h\/24 et 7j\/7<\/li>\n<li>Parking gratuit \u00e0 50 m\u00e8tres<\/li>\n<\/ul>\n<\/div>\n<div class=\"col-md-6\">\n<h3>Un quotidien simplifi\u00e9<\/h3>\n<ul>\n<li>Espace reprographie<\/li>\n<li>Salles de r\u00e9union (de 10 \u00e0 120 places)<\/li>\n<li>Accueil t\u00e9l\u00e9phonique et physique<\/li>\n<li>Entretien des locaux<\/li>\n<li>Accompagnement propos\u00e9 par la charg\u00e9e de mission en d\u00e9veloppement \u00e9conomique<\/li>\n<\/ul>\n<\/div>\n<\/div>\n<div class=\"row \">\n<div class=\"col-md-6\">\n<h3>Situation<\/h3>\n<p>Espace Intercommunal Centre Tarn<br \/>\n2 bis boulevard Carnot<br \/>\nAlbi \u00e0 19 km<br \/>\nCastres \u00e0 23 km<br \/>\nGaillac \u00e0 33 km<br \/>\n<\/div>\n<div class=\"col-md-6\">\n<h3>Conditions financi\u00e8res<\/h3>\n<p>Loyer : 100 \u20ac\/m\u00b2\/an<br \/>\nDur\u00e9e d&rsquo;h\u00e9bergement flexible<\/p>\n<h3>Contact<\/h3>\n<p><a href=\"mailto:economie@centretarn.fr\"> economie@centretarn.fr<\/a><br \/>\n<a href=\"tel:0531819600\">05 31 81 96 00<\/a><br \/>\n<\/div>\n<\/div>\n<table class=\"table-hover\" style=\"font-size: 10pt; width: 100%;\">\n<thead>\n<tr>\n<th class=\"table-head\" style=\"width: 25%;\"><strong>Entreprise<\/strong><\/th>\n<th class=\"table-head\" style=\"width: 25%;\"><strong>Repr\u00e9sentant<\/strong><\/th>\n<th class=\"table-head\" style=\"width: 25%;\"><strong>Domaine<\/strong><\/th>\n<th class=\"table-head\" style=\"width: 25%;\"><strong>Coordonn\u00e9es<\/strong><\/th>\n<\/tr>\n<\/thead>\n<tbody>\n<tr>\n<td>PRODUX\u2019SON<\/td>\n<td>Jean Castel<\/td>\n<td>Communication<br \/>\naudio<\/td>\n<td><a href=\"mailto:jean.castel@produxson.fr\">jean.castel@produxson.fr<\/a><br \/>\n05 31 81 95 78<\/td>\n<\/tr>\n<tr>\n<td>TI3D<\/td>\n<td>Sidi Ahmed Thali<\/td>\n<td>Ing\u00e9nierie industrielle<br \/>\net technique<\/td>\n<td><a href=\"mailto:ti3d@orange.fr\">ti3d@orange.fr<\/a><br \/>\n06 11 33 96 83<\/td>\n<\/tr>\n<tr>\n<td>SEMAIL<\/td>\n<td>Florence Semail<\/td>\n<td>Mandataire<br \/>\njudiciaire<\/td>\n<td><a href=\"mailto:fsemailmjpm@gmail.com\">fsemailmjpm@gmail.com<\/a><br \/>\n05 31 81 95 58<\/td>\n<\/tr>\n<tr>\n<td>NOGARO<\/td>\n<td>Marylin Nogaro<\/td>\n<td>Mandataire<br \/>\njudiciaire<\/td>\n<td><a href=\"mailto:mnogaro.mjpm@gmail.com\">mnogaro.mjpm@gmail.com<\/a><br \/>\n05 31 81 95 59<\/td>\n<\/tr>\n<tr>\n<td>EMPLOI 81<\/td>\n<td>Charles Moreau<\/td>\n<td>\u00c9conomie et<br \/>\nsocial<\/td>\n<td><\/td>\n<\/tr>\n<\/tbody>\n<\/table>\n<p><a href=\"http:\/\/cb27363e0b.url-de-test.ws\/site\/wp-content\/uploads\/2018\/01\/Hotel_Entreprises2.jpg\"><img loading=\"lazy\" class=\"aligncenter wp-image-3084 size-medium\" src=\"http:\/\/cb27363e0b.url-de-test.ws\/site\/wp-content\/uploads\/2018\/01\/Hotel_Entreprises2-431x480.jpg\" alt=\"Photo de l'h\u00f4tel d'entreprises\" width=\"431\" height=\"480\" \/><\/a><\/p>\n<p><a href=\"http:\/\/cb27363e0b.url-de-test.ws\/site\/wp-content\/uploads\/2018\/01\/Hotel_Entreprises-1.jpg\"><img loading=\"lazy\" class=\"aligncenter wp-image-3085 size-medium\" src=\"http:\/\/cb27363e0b.url-de-test.ws\/site\/wp-content\/uploads\/2018\/01\/Hotel_Entreprises-1-480x320.jpg\" alt=\"Photo de l'h\u00f4tel d'entreprises\" width=\"480\" height=\"320\" srcset=\"http:\/\/cb27363e0b.url-de-test.ws\/site\/wp-content\/uploads\/2018\/01\/Hotel_Entreprises-1-480x320.jpg 480w, http:\/\/cb27363e0b.url-de-test.ws\/site\/wp-content\/uploads\/2018\/01\/Hotel_Entreprises-1-768x512.jpg 768w, http:\/\/cb27363e0b.url-de-test.ws\/site\/wp-content\/uploads\/2018\/01\/Hotel_Entreprises-1.jpg 900w\" sizes=\"(max-width: 480px) 100vw, 480px\" \/><\/a><\/p>\n","protected":false},"excerpt":{"rendered":"<p>De nos jours, ce sont les petites et moyennes entreprises qui sont devenues les portes flambeaux de la cr\u00e9ation de richesse et des emplois. Afin de faciliter leur accueil et leur d\u00e9veloppement sur notre territoire, la Communaut\u00e9 de communes a d\u00e9cid\u00e9 de cr\u00e9er un h\u00f4tel d&rsquo;entreprises au sein de l&rsquo;Espace Intercommunal Centre Tarn. L&rsquo;h\u00f4tel d&rsquo;entreprises [&hellip;]<\/p>\n","protected":false},"author":1,"featured_media":1701,"parent":751,"menu_order":0,"comment_status":"closed","ping_status":"closed","template":"","meta":[],"yoast_head":"<!-- This site is optimized with the Yoast SEO plugin v18.3 - https:\/\/yoast.com\/wordpress\/plugins\/seo\/ -->\n<title>H\u00f4tel d&#039;entreprises - Communaut\u00e9 de Communes Centre Tarn<\/title>\n<meta name=\"robots\" content=\"noindex, follow, max-snippet:-1, max-image-preview:large, max-video-preview:-1\" \/>\n<meta property=\"og:locale\" content=\"fr_FR\" \/>\n<meta property=\"og:type\" content=\"article\" \/>\n<meta property=\"og:title\" content=\"H\u00f4tel d&#039;entreprises - Communaut\u00e9 de Communes Centre Tarn\" \/>\n<meta property=\"og:description\" content=\"De nos jours, ce sont les petites et moyennes entreprises qui sont devenues les portes flambeaux de la cr\u00e9ation de richesse et des emplois. Afin de faciliter leur accueil et leur d\u00e9veloppement sur notre territoire, la Communaut\u00e9 de communes a d\u00e9cid\u00e9 de cr\u00e9er un h\u00f4tel d&rsquo;entreprises au sein de l&rsquo;Espace Intercommunal Centre Tarn. L&rsquo;h\u00f4tel d&rsquo;entreprises [&hellip;]\" \/>\n<meta property=\"og:url\" content=\"http:\/\/cb27363e0b.url-de-test.ws\/site\/vie-economique\/s-installer\/hotel-entreprises\/\" \/>\n<meta property=\"og:site_name\" content=\"Communaut\u00e9 de Communes Centre Tarn\" \/>\n<meta property=\"article:publisher\" content=\"https:\/\/fr-fr.facebook.com\/centretarn\/\" \/>\n<meta property=\"article:modified_time\" content=\"2018-09-11T12:33:43+00:00\" \/>\n<meta property=\"og:image\" content=\"http:\/\/cb27363e0b.url-de-test.ws\/site\/wp-content\/uploads\/2018\/01\/ENTREPRENEUR-Hotel_Entreprises.jpg\" \/>\n\t<meta property=\"og:image:width\" content=\"900\" \/>\n\t<meta property=\"og:image:height\" content=\"600\" \/>\n\t<meta property=\"og:image:type\" content=\"image\/jpeg\" \/>\n<meta name=\"twitter:card\" content=\"summary_large_image\" \/>\n<meta name=\"twitter:label1\" content=\"Dur\u00e9e de lecture estim\u00e9e\" \/>\n\t<meta name=\"twitter:data1\" content=\"2 minutes\" \/>\n<script type=\"application\/ld+json\" class=\"yoast-schema-graph\">{\"@context\":\"https:\/\/schema.org\",\"@graph\":[{\"@type\":\"Organization\",\"@id\":\"http:\/\/cb27363e0b.url-de-test.ws\/site\/#organization\",\"name\":\"Communaut\u00e9 de Communes Centre Tarn\",\"url\":\"http:\/\/cb27363e0b.url-de-test.ws\/site\/\",\"sameAs\":[\"https:\/\/fr-fr.facebook.com\/centretarn\/\",\"https:\/\/www.youtube.com\/channel\/UCmH971jS42X98fNgJKDqb1A\"],\"logo\":{\"@type\":\"ImageObject\",\"@id\":\"http:\/\/cb27363e0b.url-de-test.ws\/site\/#logo\",\"inLanguage\":\"fr-FR\",\"url\":\"http:\/\/cb27363e0b.url-de-test.ws\/site\/wp-content\/uploads\/2018\/02\/logo-site.png\",\"contentUrl\":\"http:\/\/cb27363e0b.url-de-test.ws\/site\/wp-content\/uploads\/2018\/02\/logo-site.png\",\"width\":149,\"height\":169,\"caption\":\"Communaut\u00e9 de Communes Centre Tarn\"},\"image\":{\"@id\":\"http:\/\/cb27363e0b.url-de-test.ws\/site\/#logo\"}},{\"@type\":\"WebSite\",\"@id\":\"http:\/\/cb27363e0b.url-de-test.ws\/site\/#website\",\"url\":\"http:\/\/cb27363e0b.url-de-test.ws\/site\/\",\"name\":\"Communaut\u00e9 de Communes Centre Tarn\",\"description\":\"\",\"publisher\":{\"@id\":\"http:\/\/cb27363e0b.url-de-test.ws\/site\/#organization\"},\"potentialAction\":[{\"@type\":\"SearchAction\",\"target\":{\"@type\":\"EntryPoint\",\"urlTemplate\":\"http:\/\/cb27363e0b.url-de-test.ws\/site\/?s={search_term_string}\"},\"query-input\":\"required name=search_term_string\"}],\"inLanguage\":\"fr-FR\"},{\"@type\":\"ImageObject\",\"@id\":\"http:\/\/cb27363e0b.url-de-test.ws\/site\/vie-economique\/s-installer\/hotel-entreprises\/#primaryimage\",\"inLanguage\":\"fr-FR\",\"url\":\"http:\/\/cb27363e0b.url-de-test.ws\/site\/wp-content\/uploads\/2018\/01\/ENTREPRENEUR-Hotel_Entreprises.jpg\",\"contentUrl\":\"http:\/\/cb27363e0b.url-de-test.ws\/site\/wp-content\/uploads\/2018\/01\/ENTREPRENEUR-Hotel_Entreprises.jpg\",\"width\":900,\"height\":600},{\"@type\":\"WebPage\",\"@id\":\"http:\/\/cb27363e0b.url-de-test.ws\/site\/vie-economique\/s-installer\/hotel-entreprises\/#webpage\",\"url\":\"http:\/\/cb27363e0b.url-de-test.ws\/site\/vie-economique\/s-installer\/hotel-entreprises\/\",\"name\":\"H\u00f4tel d'entreprises - Communaut\u00e9 de Communes Centre Tarn\",\"isPartOf\":{\"@id\":\"http:\/\/cb27363e0b.url-de-test.ws\/site\/#website\"},\"primaryImageOfPage\":{\"@id\":\"http:\/\/cb27363e0b.url-de-test.ws\/site\/vie-economique\/s-installer\/hotel-entreprises\/#primaryimage\"},\"datePublished\":\"2018-01-22T09:10:02+00:00\",\"dateModified\":\"2018-09-11T12:33:43+00:00\",\"breadcrumb\":{\"@id\":\"http:\/\/cb27363e0b.url-de-test.ws\/site\/vie-economique\/s-installer\/hotel-entreprises\/#breadcrumb\"},\"inLanguage\":\"fr-FR\",\"potentialAction\":[{\"@type\":\"ReadAction\",\"target\":[\"http:\/\/cb27363e0b.url-de-test.ws\/site\/vie-economique\/s-installer\/hotel-entreprises\/\"]}]},{\"@type\":\"BreadcrumbList\",\"@id\":\"http:\/\/cb27363e0b.url-de-test.ws\/site\/vie-economique\/s-installer\/hotel-entreprises\/#breadcrumb\",\"itemListElement\":[{\"@type\":\"ListItem\",\"position\":1,\"name\":\"Accueil\",\"item\":\"http:\/\/cb27363e0b.url-de-test.ws\/site\/\"},{\"@type\":\"ListItem\",\"position\":2,\"name\":\"Vie \u00c9conomique\",\"item\":\"http:\/\/cb27363e0b.url-de-test.ws\/site\/vie-economique\/\"},{\"@type\":\"ListItem\",\"position\":3,\"name\":\"S&rsquo;installer\",\"item\":\"http:\/\/cb27363e0b.url-de-test.ws\/site\/vie-economique\/s-installer\/\"},{\"@type\":\"ListItem\",\"position\":4,\"name\":\"H\u00f4tel d&rsquo;entreprises\"}]}]}<\/script>\n<!-- \/ Yoast SEO plugin. -->","yoast_head_json":{"title":"H\u00f4tel d'entreprises - Communaut\u00e9 de Communes Centre Tarn","robots":{"index":"noindex","follow":"follow","max-snippet":"max-snippet:-1","max-image-preview":"max-image-preview:large","max-video-preview":"max-video-preview:-1"},"og_locale":"fr_FR","og_type":"article","og_title":"H\u00f4tel d'entreprises - Communaut\u00e9 de Communes Centre Tarn","og_description":"De nos jours, ce sont les petites et moyennes entreprises qui sont devenues les portes flambeaux de la cr\u00e9ation de richesse et des emplois. Afin de faciliter leur accueil et leur d\u00e9veloppement sur notre territoire, la Communaut\u00e9 de communes a d\u00e9cid\u00e9 de cr\u00e9er un h\u00f4tel d&rsquo;entreprises au sein de l&rsquo;Espace Intercommunal Centre Tarn. L&rsquo;h\u00f4tel d&rsquo;entreprises [&hellip;]","og_url":"http:\/\/cb27363e0b.url-de-test.ws\/site\/vie-economique\/s-installer\/hotel-entreprises\/","og_site_name":"Communaut\u00e9 de Communes Centre Tarn","article_publisher":"https:\/\/fr-fr.facebook.com\/centretarn\/","article_modified_time":"2018-09-11T12:33:43+00:00","og_image":[{"width":900,"height":600,"url":"http:\/\/cb27363e0b.url-de-test.ws\/site\/wp-content\/uploads\/2018\/01\/ENTREPRENEUR-Hotel_Entreprises.jpg","type":"image\/jpeg"}],"twitter_card":"summary_large_image","twitter_misc":{"Dur\u00e9e de lecture estim\u00e9e":"2 minutes"},"schema":{"@context":"https:\/\/schema.org","@graph":[{"@type":"Organization","@id":"http:\/\/cb27363e0b.url-de-test.ws\/site\/#organization","name":"Communaut\u00e9 de Communes Centre Tarn","url":"http:\/\/cb27363e0b.url-de-test.ws\/site\/","sameAs":["https:\/\/fr-fr.facebook.com\/centretarn\/","https:\/\/www.youtube.com\/channel\/UCmH971jS42X98fNgJKDqb1A"],"logo":{"@type":"ImageObject","@id":"http:\/\/cb27363e0b.url-de-test.ws\/site\/#logo","inLanguage":"fr-FR","url":"http:\/\/cb27363e0b.url-de-test.ws\/site\/wp-content\/uploads\/2018\/02\/logo-site.png","contentUrl":"http:\/\/cb27363e0b.url-de-test.ws\/site\/wp-content\/uploads\/2018\/02\/logo-site.png","width":149,"height":169,"caption":"Communaut\u00e9 de Communes Centre Tarn"},"image":{"@id":"http:\/\/cb27363e0b.url-de-test.ws\/site\/#logo"}},{"@type":"WebSite","@id":"http:\/\/cb27363e0b.url-de-test.ws\/site\/#website","url":"http:\/\/cb27363e0b.url-de-test.ws\/site\/","name":"Communaut\u00e9 de Communes Centre Tarn","description":"","publisher":{"@id":"http:\/\/cb27363e0b.url-de-test.ws\/site\/#organization"},"potentialAction":[{"@type":"SearchAction","target":{"@type":"EntryPoint","urlTemplate":"http:\/\/cb27363e0b.url-de-test.ws\/site\/?s={search_term_string}"},"query-input":"required name=search_term_string"}],"inLanguage":"fr-FR"},{"@type":"ImageObject","@id":"http:\/\/cb27363e0b.url-de-test.ws\/site\/vie-economique\/s-installer\/hotel-entreprises\/#primaryimage","inLanguage":"fr-FR","url":"http:\/\/cb27363e0b.url-de-test.ws\/site\/wp-content\/uploads\/2018\/01\/ENTREPRENEUR-Hotel_Entreprises.jpg","contentUrl":"http:\/\/cb27363e0b.url-de-test.ws\/site\/wp-content\/uploads\/2018\/01\/ENTREPRENEUR-Hotel_Entreprises.jpg","width":900,"height":600},{"@type":"WebPage","@id":"http:\/\/cb27363e0b.url-de-test.ws\/site\/vie-economique\/s-installer\/hotel-entreprises\/#webpage","url":"http:\/\/cb27363e0b.url-de-test.ws\/site\/vie-economique\/s-installer\/hotel-entreprises\/","name":"H\u00f4tel d'entreprises - Communaut\u00e9 de Communes Centre Tarn","isPartOf":{"@id":"http:\/\/cb27363e0b.url-de-test.ws\/site\/#website"},"primaryImageOfPage":{"@id":"http:\/\/cb27363e0b.url-de-test.ws\/site\/vie-economique\/s-installer\/hotel-entreprises\/#primaryimage"},"datePublished":"2018-01-22T09:10:02+00:00","dateModified":"2018-09-11T12:33:43+00:00","breadcrumb":{"@id":"http:\/\/cb27363e0b.url-de-test.ws\/site\/vie-economique\/s-installer\/hotel-entreprises\/#breadcrumb"},"inLanguage":"fr-FR","potentialAction":[{"@type":"ReadAction","target":["http:\/\/cb27363e0b.url-de-test.ws\/site\/vie-economique\/s-installer\/hotel-entreprises\/"]}]},{"@type":"BreadcrumbList","@id":"http:\/\/cb27363e0b.url-de-test.ws\/site\/vie-economique\/s-installer\/hotel-entreprises\/#breadcrumb","itemListElement":[{"@type":"ListItem","position":1,"name":"Accueil","item":"http:\/\/cb27363e0b.url-de-test.ws\/site\/"},{"@type":"ListItem","position":2,"name":"Vie \u00c9conomique","item":"http:\/\/cb27363e0b.url-de-test.ws\/site\/vie-economique\/"},{"@type":"ListItem","position":3,"name":"S&rsquo;installer","item":"http:\/\/cb27363e0b.url-de-test.ws\/site\/vie-economique\/s-installer\/"},{"@type":"ListItem","position":4,"name":"H\u00f4tel d&rsquo;entreprises"}]}]}},"_links":{"self":[{"href":"http:\/\/cb27363e0b.url-de-test.ws\/site\/wp-json\/wp\/v2\/pages\/757"}],"collection":[{"href":"http:\/\/cb27363e0b.url-de-test.ws\/site\/wp-json\/wp\/v2\/pages"}],"about":[{"href":"http:\/\/cb27363e0b.url-de-test.ws\/site\/wp-json\/wp\/v2\/types\/page"}],"author":[{"embeddable":true,"href":"http:\/\/cb27363e0b.url-de-test.ws\/site\/wp-json\/wp\/v2\/users\/1"}],"replies":[{"embeddable":true,"href":"http:\/\/cb27363e0b.url-de-test.ws\/site\/wp-json\/wp\/v2\/comments?post=757"}],"version-history":[{"count":57,"href":"http:\/\/cb27363e0b.url-de-test.ws\/site\/wp-json\/wp\/v2\/pages\/757\/revisions"}],"predecessor-version":[{"id":3087,"href":"http:\/\/cb27363e0b.url-de-test.ws\/site\/wp-json\/wp\/v2\/pages\/757\/revisions\/3087"}],"up":[{"embeddable":true,"href":"http:\/\/cb27363e0b.url-de-test.ws\/site\/wp-json\/wp\/v2\/pages\/751"}],"wp:featuredmedia":[{"embeddable":true,"href":"http:\/\/cb27363e0b.url-de-test.ws\/site\/wp-json\/wp\/v2\/media\/1701"}],"wp:attachment":[{"href":"http:\/\/cb27363e0b.url-de-test.ws\/site\/wp-json\/wp\/v2\/media?parent=757"}],"curies":[{"name":"wp","href":"https:\/\/api.w.org\/{rel}","templated":true}]}}