{"id":753,"date":"2018-01-22T10:11:02","date_gmt":"2018-01-22T09:11:02","guid":{"rendered":"http:\/\/cb27363e0b.url-de-test.ws\/site\/?page_id=753"},"modified":"2018-09-25T11:28:55","modified_gmt":"2018-09-25T09:28:55","slug":"aides-immobilier-entreprise","status":"publish","type":"page","link":"http:\/\/cb27363e0b.url-de-test.ws\/site\/vie-economique\/s-installer\/aides-immobilier-entreprise\/","title":{"rendered":"Aides \u00e0 l&rsquo;immobilier d&rsquo;entreprises"},"content":{"rendered":"<p style=\"text-align: justify;\">La loi NOTRe portant nouvelle organisation territoriale de la R\u00e9publique a confi\u00e9 \u00e0 l\u2019ensemble des Communaut\u00e9 de Communes la comp\u00e9tence exclusive en mati\u00e8re d\u2019aides \u00e0 l\u2019immobilier d\u2019entreprise, pour la cr\u00e9ation ou l&rsquo;extension d&rsquo;activit\u00e9s \u00e9conomiques.<\/p>\n<p style=\"text-align: justify;\">Aussi la Communaut\u00e9 de Communes est comp\u00e9tente aujourd\u2019hui pour d\u00e9finir les aides ou les r\u00e9gimes d&rsquo;aides et d\u00e9cider de l&rsquo;octroi de ces aides sur le territoire Centre Tarn en mati\u00e8re d&rsquo;investissement immobilier des entreprises et de location de terrains ou d&rsquo;immeubles.<br \/>\nLa typologie de ces aides pourra rev\u00eatir la forme de subventions, de rabais sur le prix de vente, de pr\u00eats, d&rsquo;avances remboursables, de cr\u00e9dit-bail, &#8230;<\/p>\n<p style=\"text-align: justify;\"><strong>Un imp\u00e9ratif\u00a0: la loi NOTRe impose que ces aides soient compatibles avec le SRDEII, elles ne devront donc pas aller \u00e0 l\u2019encontre des orientations fondamentales d\u00e9finies dans le sch\u00e9ma de la R\u00e9gion Occitanie.<\/strong><\/p>\n<p style=\"text-align: justify;\"><strong>Qu\u2019est ce que le SRDEII\u00a0?<\/strong><br \/>\nLa r\u00e9gion a la responsabilit\u00e9 exclusive de la d\u00e9finition des orientations en mati\u00e8re de d\u00e9veloppement \u00e9conomique sur son territoire. Elle exerce cette responsabilit\u00e9, notamment, \u00e0 travers l\u2019\u00e9laboration d&rsquo;un sch\u00e9ma r\u00e9gional de d\u00e9veloppement \u00e9conomique, d\u2019innovation et d\u2019internalisation\u00a0: le SRDEII. Il s\u2019agit d\u2019un document de programmation \u00e0 valeur prescriptive.<br \/>\n<span style=\"text-decoration: underline;\">\u00c9l\u00e9ments constitutifs du SRDEII :<\/span><\/p>\n<ul>\n<li style=\"text-align: justify;\">Orientations en mati\u00e8re :\n<ul style=\"list-style-type: circle;\">\n<li>d&rsquo;aides aux entreprises<\/li>\n<li>de soutien \u00e0 l&rsquo;internationalisation<\/li>\n<li>d&rsquo;aides \u00e0 l&rsquo;investissement immobilier et \u00e0 l&rsquo;innovation des entreprises<\/li>\n<li>d&rsquo;attractivit\u00e9 du territoire r\u00e9gional<\/li>\n<li>de d\u00e9veloppement de l&rsquo;\u00e9conomie sociale et solidaire<\/li>\n<\/ul>\n<\/li>\n<li style=\"text-align: justify;\">Compl\u00e9mentarit\u00e9 des actions men\u00e9es par la r\u00e9gion en mati\u00e8re d&rsquo;aides aux entreprises avec les actions men\u00e9es par les collectivit\u00e9s territoriales et leurs groupements, sur le territoire r\u00e9gional.<\/li>\n<li style=\"text-align: justify;\">Actions men\u00e9es par la r\u00e9gion en mati\u00e8re d&rsquo;\u00e9galit\u00e9 professionnelle entre les femmes et les hommes.<\/li>\n<\/ul>\n","protected":false},"excerpt":{"rendered":"<p>La loi NOTRe portant nouvelle organisation territoriale de la R\u00e9publique a confi\u00e9 \u00e0 l\u2019ensemble des Communaut\u00e9 de Communes la comp\u00e9tence exclusive en mati\u00e8re d\u2019aides \u00e0 l\u2019immobilier d\u2019entreprise, pour la cr\u00e9ation ou l&rsquo;extension d&rsquo;activit\u00e9s \u00e9conomiques. Aussi la Communaut\u00e9 de Communes est comp\u00e9tente aujourd\u2019hui pour d\u00e9finir les aides ou les r\u00e9gimes d&rsquo;aides et d\u00e9cider de l&rsquo;octroi de [&hellip;]<\/p>\n","protected":false},"author":1,"featured_media":0,"parent":751,"menu_order":0,"comment_status":"closed","ping_status":"closed","template":"","meta":[],"yoast_head":"<!-- This site is optimized with the Yoast SEO plugin v18.3 - https:\/\/yoast.com\/wordpress\/plugins\/seo\/ -->\n<title>Aides \u00e0 l&#039;immobilier d&#039;entreprises - Communaut\u00e9 de Communes Centre Tarn<\/title>\n<meta name=\"robots\" content=\"noindex, follow, max-snippet:-1, max-image-preview:large, max-video-preview:-1\" \/>\n<meta property=\"og:locale\" content=\"fr_FR\" \/>\n<meta property=\"og:type\" content=\"article\" \/>\n<meta property=\"og:title\" content=\"Aides \u00e0 l&#039;immobilier d&#039;entreprises - Communaut\u00e9 de Communes Centre Tarn\" \/>\n<meta property=\"og:description\" content=\"La loi NOTRe portant nouvelle organisation territoriale de la R\u00e9publique a confi\u00e9 \u00e0 l\u2019ensemble des Communaut\u00e9 de Communes la comp\u00e9tence exclusive en mati\u00e8re d\u2019aides \u00e0 l\u2019immobilier d\u2019entreprise, pour la cr\u00e9ation ou l&rsquo;extension d&rsquo;activit\u00e9s \u00e9conomiques. Aussi la Communaut\u00e9 de Communes est comp\u00e9tente aujourd\u2019hui pour d\u00e9finir les aides ou les r\u00e9gimes d&rsquo;aides et d\u00e9cider de l&rsquo;octroi de [&hellip;]\" \/>\n<meta property=\"og:url\" content=\"http:\/\/cb27363e0b.url-de-test.ws\/site\/vie-economique\/s-installer\/aides-immobilier-entreprise\/\" \/>\n<meta property=\"og:site_name\" content=\"Communaut\u00e9 de Communes Centre Tarn\" \/>\n<meta property=\"article:publisher\" content=\"https:\/\/fr-fr.facebook.com\/centretarn\/\" \/>\n<meta property=\"article:modified_time\" content=\"2018-09-25T09:28:55+00:00\" \/>\n<meta name=\"twitter:card\" content=\"summary_large_image\" \/>\n<meta name=\"twitter:label1\" content=\"Dur\u00e9e de lecture estim\u00e9e\" \/>\n\t<meta name=\"twitter:data1\" content=\"2 minutes\" \/>\n<script type=\"application\/ld+json\" class=\"yoast-schema-graph\">{\"@context\":\"https:\/\/schema.org\",\"@graph\":[{\"@type\":\"Organization\",\"@id\":\"http:\/\/cb27363e0b.url-de-test.ws\/site\/#organization\",\"name\":\"Communaut\u00e9 de Communes Centre Tarn\",\"url\":\"http:\/\/cb27363e0b.url-de-test.ws\/site\/\",\"sameAs\":[\"https:\/\/fr-fr.facebook.com\/centretarn\/\",\"https:\/\/www.youtube.com\/channel\/UCmH971jS42X98fNgJKDqb1A\"],\"logo\":{\"@type\":\"ImageObject\",\"@id\":\"http:\/\/cb27363e0b.url-de-test.ws\/site\/#logo\",\"inLanguage\":\"fr-FR\",\"url\":\"http:\/\/cb27363e0b.url-de-test.ws\/site\/wp-content\/uploads\/2018\/02\/logo-site.png\",\"contentUrl\":\"http:\/\/cb27363e0b.url-de-test.ws\/site\/wp-content\/uploads\/2018\/02\/logo-site.png\",\"width\":149,\"height\":169,\"caption\":\"Communaut\u00e9 de Communes Centre Tarn\"},\"image\":{\"@id\":\"http:\/\/cb27363e0b.url-de-test.ws\/site\/#logo\"}},{\"@type\":\"WebSite\",\"@id\":\"http:\/\/cb27363e0b.url-de-test.ws\/site\/#website\",\"url\":\"http:\/\/cb27363e0b.url-de-test.ws\/site\/\",\"name\":\"Communaut\u00e9 de Communes Centre Tarn\",\"description\":\"\",\"publisher\":{\"@id\":\"http:\/\/cb27363e0b.url-de-test.ws\/site\/#organization\"},\"potentialAction\":[{\"@type\":\"SearchAction\",\"target\":{\"@type\":\"EntryPoint\",\"urlTemplate\":\"http:\/\/cb27363e0b.url-de-test.ws\/site\/?s={search_term_string}\"},\"query-input\":\"required name=search_term_string\"}],\"inLanguage\":\"fr-FR\"},{\"@type\":\"WebPage\",\"@id\":\"http:\/\/cb27363e0b.url-de-test.ws\/site\/vie-economique\/s-installer\/aides-immobilier-entreprise\/#webpage\",\"url\":\"http:\/\/cb27363e0b.url-de-test.ws\/site\/vie-economique\/s-installer\/aides-immobilier-entreprise\/\",\"name\":\"Aides \u00e0 l'immobilier d'entreprises - Communaut\u00e9 de Communes Centre Tarn\",\"isPartOf\":{\"@id\":\"http:\/\/cb27363e0b.url-de-test.ws\/site\/#website\"},\"datePublished\":\"2018-01-22T09:11:02+00:00\",\"dateModified\":\"2018-09-25T09:28:55+00:00\",\"breadcrumb\":{\"@id\":\"http:\/\/cb27363e0b.url-de-test.ws\/site\/vie-economique\/s-installer\/aides-immobilier-entreprise\/#breadcrumb\"},\"inLanguage\":\"fr-FR\",\"potentialAction\":[{\"@type\":\"ReadAction\",\"target\":[\"http:\/\/cb27363e0b.url-de-test.ws\/site\/vie-economique\/s-installer\/aides-immobilier-entreprise\/\"]}]},{\"@type\":\"BreadcrumbList\",\"@id\":\"http:\/\/cb27363e0b.url-de-test.ws\/site\/vie-economique\/s-installer\/aides-immobilier-entreprise\/#breadcrumb\",\"itemListElement\":[{\"@type\":\"ListItem\",\"position\":1,\"name\":\"Accueil\",\"item\":\"http:\/\/cb27363e0b.url-de-test.ws\/site\/\"},{\"@type\":\"ListItem\",\"position\":2,\"name\":\"Vie \u00c9conomique\",\"item\":\"http:\/\/cb27363e0b.url-de-test.ws\/site\/vie-economique\/\"},{\"@type\":\"ListItem\",\"position\":3,\"name\":\"S&rsquo;installer\",\"item\":\"http:\/\/cb27363e0b.url-de-test.ws\/site\/vie-economique\/s-installer\/\"},{\"@type\":\"ListItem\",\"position\":4,\"name\":\"Aides \u00e0 l&rsquo;immobilier d&rsquo;entreprises\"}]}]}<\/script>\n<!-- \/ Yoast SEO plugin. -->","yoast_head_json":{"title":"Aides \u00e0 l'immobilier d'entreprises - Communaut\u00e9 de Communes Centre Tarn","robots":{"index":"noindex","follow":"follow","max-snippet":"max-snippet:-1","max-image-preview":"max-image-preview:large","max-video-preview":"max-video-preview:-1"},"og_locale":"fr_FR","og_type":"article","og_title":"Aides \u00e0 l'immobilier d'entreprises - Communaut\u00e9 de Communes Centre Tarn","og_description":"La loi NOTRe portant nouvelle organisation territoriale de la R\u00e9publique a confi\u00e9 \u00e0 l\u2019ensemble des Communaut\u00e9 de Communes la comp\u00e9tence exclusive en mati\u00e8re d\u2019aides \u00e0 l\u2019immobilier d\u2019entreprise, pour la cr\u00e9ation ou l&rsquo;extension d&rsquo;activit\u00e9s \u00e9conomiques. Aussi la Communaut\u00e9 de Communes est comp\u00e9tente aujourd\u2019hui pour d\u00e9finir les aides ou les r\u00e9gimes d&rsquo;aides et d\u00e9cider de l&rsquo;octroi de [&hellip;]","og_url":"http:\/\/cb27363e0b.url-de-test.ws\/site\/vie-economique\/s-installer\/aides-immobilier-entreprise\/","og_site_name":"Communaut\u00e9 de Communes Centre Tarn","article_publisher":"https:\/\/fr-fr.facebook.com\/centretarn\/","article_modified_time":"2018-09-25T09:28:55+00:00","twitter_card":"summary_large_image","twitter_misc":{"Dur\u00e9e de lecture estim\u00e9e":"2 minutes"},"schema":{"@context":"https:\/\/schema.org","@graph":[{"@type":"Organization","@id":"http:\/\/cb27363e0b.url-de-test.ws\/site\/#organization","name":"Communaut\u00e9 de Communes Centre Tarn","url":"http:\/\/cb27363e0b.url-de-test.ws\/site\/","sameAs":["https:\/\/fr-fr.facebook.com\/centretarn\/","https:\/\/www.youtube.com\/channel\/UCmH971jS42X98fNgJKDqb1A"],"logo":{"@type":"ImageObject","@id":"http:\/\/cb27363e0b.url-de-test.ws\/site\/#logo","inLanguage":"fr-FR","url":"http:\/\/cb27363e0b.url-de-test.ws\/site\/wp-content\/uploads\/2018\/02\/logo-site.png","contentUrl":"http:\/\/cb27363e0b.url-de-test.ws\/site\/wp-content\/uploads\/2018\/02\/logo-site.png","width":149,"height":169,"caption":"Communaut\u00e9 de Communes Centre Tarn"},"image":{"@id":"http:\/\/cb27363e0b.url-de-test.ws\/site\/#logo"}},{"@type":"WebSite","@id":"http:\/\/cb27363e0b.url-de-test.ws\/site\/#website","url":"http:\/\/cb27363e0b.url-de-test.ws\/site\/","name":"Communaut\u00e9 de Communes Centre Tarn","description":"","publisher":{"@id":"http:\/\/cb27363e0b.url-de-test.ws\/site\/#organization"},"potentialAction":[{"@type":"SearchAction","target":{"@type":"EntryPoint","urlTemplate":"http:\/\/cb27363e0b.url-de-test.ws\/site\/?s={search_term_string}"},"query-input":"required name=search_term_string"}],"inLanguage":"fr-FR"},{"@type":"WebPage","@id":"http:\/\/cb27363e0b.url-de-test.ws\/site\/vie-economique\/s-installer\/aides-immobilier-entreprise\/#webpage","url":"http:\/\/cb27363e0b.url-de-test.ws\/site\/vie-economique\/s-installer\/aides-immobilier-entreprise\/","name":"Aides \u00e0 l'immobilier d'entreprises - Communaut\u00e9 de Communes Centre Tarn","isPartOf":{"@id":"http:\/\/cb27363e0b.url-de-test.ws\/site\/#website"},"datePublished":"2018-01-22T09:11:02+00:00","dateModified":"2018-09-25T09:28:55+00:00","breadcrumb":{"@id":"http:\/\/cb27363e0b.url-de-test.ws\/site\/vie-economique\/s-installer\/aides-immobilier-entreprise\/#breadcrumb"},"inLanguage":"fr-FR","potentialAction":[{"@type":"ReadAction","target":["http:\/\/cb27363e0b.url-de-test.ws\/site\/vie-economique\/s-installer\/aides-immobilier-entreprise\/"]}]},{"@type":"BreadcrumbList","@id":"http:\/\/cb27363e0b.url-de-test.ws\/site\/vie-economique\/s-installer\/aides-immobilier-entreprise\/#breadcrumb","itemListElement":[{"@type":"ListItem","position":1,"name":"Accueil","item":"http:\/\/cb27363e0b.url-de-test.ws\/site\/"},{"@type":"ListItem","position":2,"name":"Vie \u00c9conomique","item":"http:\/\/cb27363e0b.url-de-test.ws\/site\/vie-economique\/"},{"@type":"ListItem","position":3,"name":"S&rsquo;installer","item":"http:\/\/cb27363e0b.url-de-test.ws\/site\/vie-economique\/s-installer\/"},{"@type":"ListItem","position":4,"name":"Aides \u00e0 l&rsquo;immobilier d&rsquo;entreprises"}]}]}},"_links":{"self":[{"href":"http:\/\/cb27363e0b.url-de-test.ws\/site\/wp-json\/wp\/v2\/pages\/753"}],"collection":[{"href":"http:\/\/cb27363e0b.url-de-test.ws\/site\/wp-json\/wp\/v2\/pages"}],"about":[{"href":"http:\/\/cb27363e0b.url-de-test.ws\/site\/wp-json\/wp\/v2\/types\/page"}],"author":[{"embeddable":true,"href":"http:\/\/cb27363e0b.url-de-test.ws\/site\/wp-json\/wp\/v2\/users\/1"}],"replies":[{"embeddable":true,"href":"http:\/\/cb27363e0b.url-de-test.ws\/site\/wp-json\/wp\/v2\/comments?post=753"}],"version-history":[{"count":11,"href":"http:\/\/cb27363e0b.url-de-test.ws\/site\/wp-json\/wp\/v2\/pages\/753\/revisions"}],"predecessor-version":[{"id":3261,"href":"http:\/\/cb27363e0b.url-de-test.ws\/site\/wp-json\/wp\/v2\/pages\/753\/revisions\/3261"}],"up":[{"embeddable":true,"href":"http:\/\/cb27363e0b.url-de-test.ws\/site\/wp-json\/wp\/v2\/pages\/751"}],"wp:attachment":[{"href":"http:\/\/cb27363e0b.url-de-test.ws\/site\/wp-json\/wp\/v2\/media?parent=753"}],"curies":[{"name":"wp","href":"https:\/\/api.w.org\/{rel}","templated":true}]}}