{"id":697,"date":"2017-10-18T14:51:45","date_gmt":"2017-10-18T12:51:45","guid":{"rendered":"http:\/\/cb27363e0b.url-de-test.ws\/site\/?page_id=697"},"modified":"2018-06-07T14:14:23","modified_gmt":"2018-06-07T12:14:23","slug":"pmi","status":"publish","type":"page","link":"http:\/\/cb27363e0b.url-de-test.ws\/site\/enfance-jeunesse\/petite-enfance\/pmi\/","title":{"rendered":"PMI"},"content":{"rendered":"<h3><span style=\"font-family: arial, helvetica, sans-serif;\">Qu&rsquo;est-ce que la PMI ?<\/span><\/h3>\n<p style=\"text-align: justify;\"><span style=\"font-family: arial, helvetica, sans-serif;\">La PMI &#8211; Protection Maternelle et Infantile &#8211; est <em>\u00ab\u00a0Un service du Conseil d\u00e9partemental, compos\u00e9 de professionnels de sant\u00e9 de la petite enfance : m\u00e9decins, p\u00e9diatres, sages-femmes, infirmi\u00e8res-pu\u00e9ricultrices. Un service ouvert \u00e0 tous, proposant des actions gratuites de pr\u00e9vention m\u00e9dicale, sociale et \u00e9ducative en compl\u00e9mentarit\u00e9 avec le m\u00e9decin traitant. Des actions s\u2019adressant aux femmes enceintes et \u00e0 leur conjoint ; aux familles et \u00e0 leurs enfants de moins de 6 ans, aux adolescents, aux femmes et aux couples.\u00a0\u00bb<\/em><\/span><\/p>\n<h3 style=\"text-align: justify;\"><span style=\"font-family: arial, helvetica, sans-serif;\">En savoir plus :<\/span><\/h3>\n<p style=\"text-align: justify;\"><span style=\"font-family: arial, helvetica, sans-serif;\"> <a href=\"http:\/\/www.tarn.fr\/fr\/solidarite\/enfance-famille\/pages\/protection-maternelle-infantile.aspx\" target=\"_blank\">Service Protection Maternelle et Infantile &#8211; Conseil D\u00e9partemental du Tarn<\/a><\/span><\/p>\n<p style=\"text-align: justify;\"><span style=\"font-family: arial, helvetica, sans-serif;\">Vous pouvez rencontrer les professionnels de la PMI \u00e0 la Maison de Services \u00e0 la Population Centre Tarn, 2 bis boulevard Carnot, \u00e0 R\u00e9almont : <strong>Consultations sur Rendez-Vous<\/strong><\/span><\/p>\n<p style=\"text-align: justify;\"><span style=\"font-family: arial, helvetica, sans-serif;\"><strong>T\u00e9l\u00e9phone<\/strong> : <a href=\"tel:0563481720\">05 63 48 17 20<\/a><\/span><\/p>\n<p><span style=\"font-family: arial, helvetica, sans-serif;\"><a href=\"http:\/\/cb27363e0b.url-de-test.ws\/site\/wp-content\/uploads\/2017\/10\/PMI_Programme-Parents-Enfants-T1-2018.jpg\" target=\"_blank\" rel=\"noopener\"><img loading=\"lazy\" class=\"aligncenter size-large wp-image-1373\" src=\"http:\/\/cb27363e0b.url-de-test.ws\/site\/wp-content\/uploads\/2017\/10\/PMI_Programme-Parents-Enfants-T1-2018-724x1024.jpg\" alt=\"Programme PMI Trimestre 1 2018\" width=\"500\" height=\"707\" srcset=\"http:\/\/cb27363e0b.url-de-test.ws\/site\/wp-content\/uploads\/2017\/10\/PMI_Programme-Parents-Enfants-T1-2018-724x1024.jpg 724w, http:\/\/cb27363e0b.url-de-test.ws\/site\/wp-content\/uploads\/2017\/10\/PMI_Programme-Parents-Enfants-T1-2018-339x480.jpg 339w, http:\/\/cb27363e0b.url-de-test.ws\/site\/wp-content\/uploads\/2017\/10\/PMI_Programme-Parents-Enfants-T1-2018-768x1086.jpg 768w, http:\/\/cb27363e0b.url-de-test.ws\/site\/wp-content\/uploads\/2017\/10\/PMI_Programme-Parents-Enfants-T1-2018.jpg 900w\" sizes=\"(max-width: 500px) 100vw, 500px\" \/><\/a><\/span><\/p>\n","protected":false},"excerpt":{"rendered":"<p>Qu&rsquo;est-ce que la PMI ? La PMI &#8211; Protection Maternelle et Infantile &#8211; est \u00ab\u00a0Un service du Conseil d\u00e9partemental, compos\u00e9 de professionnels de sant\u00e9 de la petite enfance : m\u00e9decins, p\u00e9diatres, sages-femmes, infirmi\u00e8res-pu\u00e9ricultrices. Un service ouvert \u00e0 tous, proposant des actions gratuites de pr\u00e9vention m\u00e9dicale, sociale et \u00e9ducative en compl\u00e9mentarit\u00e9 avec le m\u00e9decin traitant. Des [&hellip;]<\/p>\n","protected":false},"author":1,"featured_media":1917,"parent":366,"menu_order":0,"comment_status":"closed","ping_status":"closed","template":"","meta":[],"yoast_head":"<!-- This site is optimized with the Yoast SEO plugin v18.3 - https:\/\/yoast.com\/wordpress\/plugins\/seo\/ -->\n<title>La PMI, Protection Maternelle et Infantile est un service gratuit<\/title>\n<meta name=\"description\" content=\"Les services de la PMI assurent des permanences \u00e0 la MSAP (Maison de Services Au Public) \u00e0 R\u00e9almont et accueillent les femmes enceintes, les familles, les b\u00e9b\u00e9s en consultation. Autant de services qui visent \u00e0 accompagner les foyers en Centre Tarn comme ailleurs sur le territoire tarnais.\" \/>\n<meta name=\"robots\" content=\"noindex, follow, max-snippet:-1, max-image-preview:large, max-video-preview:-1\" \/>\n<meta property=\"og:locale\" content=\"fr_FR\" \/>\n<meta property=\"og:type\" content=\"article\" \/>\n<meta property=\"og:title\" content=\"La PMI, Protection Maternelle et Infantile est un service gratuit\" \/>\n<meta property=\"og:description\" content=\"Les services de la PMI assurent des permanences \u00e0 la MSAP (Maison de Services Au Public) \u00e0 R\u00e9almont et accueillent les femmes enceintes, les familles, les b\u00e9b\u00e9s en consultation. Autant de services qui visent \u00e0 accompagner les foyers en Centre Tarn comme ailleurs sur le territoire tarnais.\" \/>\n<meta property=\"og:url\" content=\"http:\/\/cb27363e0b.url-de-test.ws\/site\/enfance-jeunesse\/petite-enfance\/pmi\/\" \/>\n<meta property=\"og:site_name\" content=\"Communaut\u00e9 de Communes Centre Tarn\" \/>\n<meta property=\"article:publisher\" content=\"https:\/\/fr-fr.facebook.com\/centretarn\/\" \/>\n<meta property=\"article:modified_time\" content=\"2018-06-07T12:14:23+00:00\" \/>\n<meta property=\"og:image\" content=\"http:\/\/cb27363e0b.url-de-test.ws\/site\/wp-content\/uploads\/2017\/10\/CRECHE-EN-GENERAL.jpg\" \/>\n\t<meta property=\"og:image:width\" content=\"640\" \/>\n\t<meta property=\"og:image:height\" content=\"426\" \/>\n\t<meta property=\"og:image:type\" content=\"image\/jpeg\" \/>\n<meta name=\"twitter:card\" content=\"summary_large_image\" \/>\n<meta name=\"twitter:label1\" content=\"Dur\u00e9e de lecture estim\u00e9e\" \/>\n\t<meta name=\"twitter:data1\" content=\"1 minute\" \/>\n<script type=\"application\/ld+json\" class=\"yoast-schema-graph\">{\"@context\":\"https:\/\/schema.org\",\"@graph\":[{\"@type\":\"Organization\",\"@id\":\"http:\/\/cb27363e0b.url-de-test.ws\/site\/#organization\",\"name\":\"Communaut\u00e9 de Communes Centre Tarn\",\"url\":\"http:\/\/cb27363e0b.url-de-test.ws\/site\/\",\"sameAs\":[\"https:\/\/fr-fr.facebook.com\/centretarn\/\",\"https:\/\/www.youtube.com\/channel\/UCmH971jS42X98fNgJKDqb1A\"],\"logo\":{\"@type\":\"ImageObject\",\"@id\":\"http:\/\/cb27363e0b.url-de-test.ws\/site\/#logo\",\"inLanguage\":\"fr-FR\",\"url\":\"http:\/\/cb27363e0b.url-de-test.ws\/site\/wp-content\/uploads\/2018\/02\/logo-site.png\",\"contentUrl\":\"http:\/\/cb27363e0b.url-de-test.ws\/site\/wp-content\/uploads\/2018\/02\/logo-site.png\",\"width\":149,\"height\":169,\"caption\":\"Communaut\u00e9 de Communes Centre Tarn\"},\"image\":{\"@id\":\"http:\/\/cb27363e0b.url-de-test.ws\/site\/#logo\"}},{\"@type\":\"WebSite\",\"@id\":\"http:\/\/cb27363e0b.url-de-test.ws\/site\/#website\",\"url\":\"http:\/\/cb27363e0b.url-de-test.ws\/site\/\",\"name\":\"Communaut\u00e9 de Communes Centre Tarn\",\"description\":\"\",\"publisher\":{\"@id\":\"http:\/\/cb27363e0b.url-de-test.ws\/site\/#organization\"},\"potentialAction\":[{\"@type\":\"SearchAction\",\"target\":{\"@type\":\"EntryPoint\",\"urlTemplate\":\"http:\/\/cb27363e0b.url-de-test.ws\/site\/?s={search_term_string}\"},\"query-input\":\"required name=search_term_string\"}],\"inLanguage\":\"fr-FR\"},{\"@type\":\"ImageObject\",\"@id\":\"http:\/\/cb27363e0b.url-de-test.ws\/site\/enfance-jeunesse\/petite-enfance\/pmi\/#primaryimage\",\"inLanguage\":\"fr-FR\",\"url\":\"http:\/\/cb27363e0b.url-de-test.ws\/site\/wp-content\/uploads\/2017\/10\/CRECHE-EN-GENERAL.jpg\",\"contentUrl\":\"http:\/\/cb27363e0b.url-de-test.ws\/site\/wp-content\/uploads\/2017\/10\/CRECHE-EN-GENERAL.jpg\",\"width\":640,\"height\":426},{\"@type\":\"WebPage\",\"@id\":\"http:\/\/cb27363e0b.url-de-test.ws\/site\/enfance-jeunesse\/petite-enfance\/pmi\/#webpage\",\"url\":\"http:\/\/cb27363e0b.url-de-test.ws\/site\/enfance-jeunesse\/petite-enfance\/pmi\/\",\"name\":\"La PMI, Protection Maternelle et Infantile est un service gratuit\",\"isPartOf\":{\"@id\":\"http:\/\/cb27363e0b.url-de-test.ws\/site\/#website\"},\"primaryImageOfPage\":{\"@id\":\"http:\/\/cb27363e0b.url-de-test.ws\/site\/enfance-jeunesse\/petite-enfance\/pmi\/#primaryimage\"},\"datePublished\":\"2017-10-18T12:51:45+00:00\",\"dateModified\":\"2018-06-07T12:14:23+00:00\",\"description\":\"Les services de la PMI assurent des permanences \u00e0 la MSAP (Maison de Services Au Public) \u00e0 R\u00e9almont et accueillent les femmes enceintes, les familles, les b\u00e9b\u00e9s en consultation. Autant de services qui visent \u00e0 accompagner les foyers en Centre Tarn comme ailleurs sur le territoire tarnais.\",\"breadcrumb\":{\"@id\":\"http:\/\/cb27363e0b.url-de-test.ws\/site\/enfance-jeunesse\/petite-enfance\/pmi\/#breadcrumb\"},\"inLanguage\":\"fr-FR\",\"potentialAction\":[{\"@type\":\"ReadAction\",\"target\":[\"http:\/\/cb27363e0b.url-de-test.ws\/site\/enfance-jeunesse\/petite-enfance\/pmi\/\"]}]},{\"@type\":\"BreadcrumbList\",\"@id\":\"http:\/\/cb27363e0b.url-de-test.ws\/site\/enfance-jeunesse\/petite-enfance\/pmi\/#breadcrumb\",\"itemListElement\":[{\"@type\":\"ListItem\",\"position\":1,\"name\":\"Accueil\",\"item\":\"http:\/\/cb27363e0b.url-de-test.ws\/site\/\"},{\"@type\":\"ListItem\",\"position\":2,\"name\":\"Enfance et Jeunesse\",\"item\":\"http:\/\/cb27363e0b.url-de-test.ws\/site\/enfance-jeunesse\/\"},{\"@type\":\"ListItem\",\"position\":3,\"name\":\"Petite Enfance\",\"item\":\"http:\/\/cb27363e0b.url-de-test.ws\/site\/enfance-jeunesse\/petite-enfance\/\"},{\"@type\":\"ListItem\",\"position\":4,\"name\":\"PMI\"}]}]}<\/script>\n<!-- \/ Yoast SEO plugin. -->","yoast_head_json":{"title":"La PMI, Protection Maternelle et Infantile est un service gratuit","description":"Les services de la PMI assurent des permanences \u00e0 la MSAP (Maison de Services Au Public) \u00e0 R\u00e9almont et accueillent les femmes enceintes, les familles, les b\u00e9b\u00e9s en consultation. Autant de services qui visent \u00e0 accompagner les foyers en Centre Tarn comme ailleurs sur le territoire tarnais.","robots":{"index":"noindex","follow":"follow","max-snippet":"max-snippet:-1","max-image-preview":"max-image-preview:large","max-video-preview":"max-video-preview:-1"},"og_locale":"fr_FR","og_type":"article","og_title":"La PMI, Protection Maternelle et Infantile est un service gratuit","og_description":"Les services de la PMI assurent des permanences \u00e0 la MSAP (Maison de Services Au Public) \u00e0 R\u00e9almont et accueillent les femmes enceintes, les familles, les b\u00e9b\u00e9s en consultation. Autant de services qui visent \u00e0 accompagner les foyers en Centre Tarn comme ailleurs sur le territoire tarnais.","og_url":"http:\/\/cb27363e0b.url-de-test.ws\/site\/enfance-jeunesse\/petite-enfance\/pmi\/","og_site_name":"Communaut\u00e9 de Communes Centre Tarn","article_publisher":"https:\/\/fr-fr.facebook.com\/centretarn\/","article_modified_time":"2018-06-07T12:14:23+00:00","og_image":[{"width":640,"height":426,"url":"http:\/\/cb27363e0b.url-de-test.ws\/site\/wp-content\/uploads\/2017\/10\/CRECHE-EN-GENERAL.jpg","type":"image\/jpeg"}],"twitter_card":"summary_large_image","twitter_misc":{"Dur\u00e9e de lecture estim\u00e9e":"1 minute"},"schema":{"@context":"https:\/\/schema.org","@graph":[{"@type":"Organization","@id":"http:\/\/cb27363e0b.url-de-test.ws\/site\/#organization","name":"Communaut\u00e9 de Communes Centre Tarn","url":"http:\/\/cb27363e0b.url-de-test.ws\/site\/","sameAs":["https:\/\/fr-fr.facebook.com\/centretarn\/","https:\/\/www.youtube.com\/channel\/UCmH971jS42X98fNgJKDqb1A"],"logo":{"@type":"ImageObject","@id":"http:\/\/cb27363e0b.url-de-test.ws\/site\/#logo","inLanguage":"fr-FR","url":"http:\/\/cb27363e0b.url-de-test.ws\/site\/wp-content\/uploads\/2018\/02\/logo-site.png","contentUrl":"http:\/\/cb27363e0b.url-de-test.ws\/site\/wp-content\/uploads\/2018\/02\/logo-site.png","width":149,"height":169,"caption":"Communaut\u00e9 de Communes Centre Tarn"},"image":{"@id":"http:\/\/cb27363e0b.url-de-test.ws\/site\/#logo"}},{"@type":"WebSite","@id":"http:\/\/cb27363e0b.url-de-test.ws\/site\/#website","url":"http:\/\/cb27363e0b.url-de-test.ws\/site\/","name":"Communaut\u00e9 de Communes Centre Tarn","description":"","publisher":{"@id":"http:\/\/cb27363e0b.url-de-test.ws\/site\/#organization"},"potentialAction":[{"@type":"SearchAction","target":{"@type":"EntryPoint","urlTemplate":"http:\/\/cb27363e0b.url-de-test.ws\/site\/?s={search_term_string}"},"query-input":"required name=search_term_string"}],"inLanguage":"fr-FR"},{"@type":"ImageObject","@id":"http:\/\/cb27363e0b.url-de-test.ws\/site\/enfance-jeunesse\/petite-enfance\/pmi\/#primaryimage","inLanguage":"fr-FR","url":"http:\/\/cb27363e0b.url-de-test.ws\/site\/wp-content\/uploads\/2017\/10\/CRECHE-EN-GENERAL.jpg","contentUrl":"http:\/\/cb27363e0b.url-de-test.ws\/site\/wp-content\/uploads\/2017\/10\/CRECHE-EN-GENERAL.jpg","width":640,"height":426},{"@type":"WebPage","@id":"http:\/\/cb27363e0b.url-de-test.ws\/site\/enfance-jeunesse\/petite-enfance\/pmi\/#webpage","url":"http:\/\/cb27363e0b.url-de-test.ws\/site\/enfance-jeunesse\/petite-enfance\/pmi\/","name":"La PMI, Protection Maternelle et Infantile est un service gratuit","isPartOf":{"@id":"http:\/\/cb27363e0b.url-de-test.ws\/site\/#website"},"primaryImageOfPage":{"@id":"http:\/\/cb27363e0b.url-de-test.ws\/site\/enfance-jeunesse\/petite-enfance\/pmi\/#primaryimage"},"datePublished":"2017-10-18T12:51:45+00:00","dateModified":"2018-06-07T12:14:23+00:00","description":"Les services de la PMI assurent des permanences \u00e0 la MSAP (Maison de Services Au Public) \u00e0 R\u00e9almont et accueillent les femmes enceintes, les familles, les b\u00e9b\u00e9s en consultation. Autant de services qui visent \u00e0 accompagner les foyers en Centre Tarn comme ailleurs sur le territoire tarnais.","breadcrumb":{"@id":"http:\/\/cb27363e0b.url-de-test.ws\/site\/enfance-jeunesse\/petite-enfance\/pmi\/#breadcrumb"},"inLanguage":"fr-FR","potentialAction":[{"@type":"ReadAction","target":["http:\/\/cb27363e0b.url-de-test.ws\/site\/enfance-jeunesse\/petite-enfance\/pmi\/"]}]},{"@type":"BreadcrumbList","@id":"http:\/\/cb27363e0b.url-de-test.ws\/site\/enfance-jeunesse\/petite-enfance\/pmi\/#breadcrumb","itemListElement":[{"@type":"ListItem","position":1,"name":"Accueil","item":"http:\/\/cb27363e0b.url-de-test.ws\/site\/"},{"@type":"ListItem","position":2,"name":"Enfance et Jeunesse","item":"http:\/\/cb27363e0b.url-de-test.ws\/site\/enfance-jeunesse\/"},{"@type":"ListItem","position":3,"name":"Petite Enfance","item":"http:\/\/cb27363e0b.url-de-test.ws\/site\/enfance-jeunesse\/petite-enfance\/"},{"@type":"ListItem","position":4,"name":"PMI"}]}]}},"_links":{"self":[{"href":"http:\/\/cb27363e0b.url-de-test.ws\/site\/wp-json\/wp\/v2\/pages\/697"}],"collection":[{"href":"http:\/\/cb27363e0b.url-de-test.ws\/site\/wp-json\/wp\/v2\/pages"}],"about":[{"href":"http:\/\/cb27363e0b.url-de-test.ws\/site\/wp-json\/wp\/v2\/types\/page"}],"author":[{"embeddable":true,"href":"http:\/\/cb27363e0b.url-de-test.ws\/site\/wp-json\/wp\/v2\/users\/1"}],"replies":[{"embeddable":true,"href":"http:\/\/cb27363e0b.url-de-test.ws\/site\/wp-json\/wp\/v2\/comments?post=697"}],"version-history":[{"count":17,"href":"http:\/\/cb27363e0b.url-de-test.ws\/site\/wp-json\/wp\/v2\/pages\/697\/revisions"}],"predecessor-version":[{"id":2460,"href":"http:\/\/cb27363e0b.url-de-test.ws\/site\/wp-json\/wp\/v2\/pages\/697\/revisions\/2460"}],"up":[{"embeddable":true,"href":"http:\/\/cb27363e0b.url-de-test.ws\/site\/wp-json\/wp\/v2\/pages\/366"}],"wp:featuredmedia":[{"embeddable":true,"href":"http:\/\/cb27363e0b.url-de-test.ws\/site\/wp-json\/wp\/v2\/media\/1917"}],"wp:attachment":[{"href":"http:\/\/cb27363e0b.url-de-test.ws\/site\/wp-json\/wp\/v2\/media?parent=697"}],"curies":[{"name":"wp","href":"https:\/\/api.w.org\/{rel}","templated":true}]}}