{"id":687,"date":"2018-01-19T14:36:08","date_gmt":"2018-01-19T13:36:08","guid":{"rendered":"http:\/\/cb27363e0b.url-de-test.ws\/site\/?page_id=687"},"modified":"2018-09-26T15:00:06","modified_gmt":"2018-09-26T13:00:06","slug":"la-passerelle-a-lombers","status":"publish","type":"page","link":"http:\/\/cb27363e0b.url-de-test.ws\/site\/enfance-jeunesse\/petite-enfance\/creches\/la-passerelle-a-lombers\/","title":{"rendered":"La Passerelle \u00e0 Lombers"},"content":{"rendered":"<div class=\"c-tabs\"><div class=\"c-content-box\"><div class=\"tabs-inner\"><ul class=\"tab-list\"><li class=\"tab m-active\"><span class=\"tab-label\">B\u00e9n\u00e9ficiaires<\/span><\/li><li class=\"tab\"><span class=\"tab-label\">Gestionnaire<\/span><\/li><li class=\"tab\"><span class=\"tab-label\">Objectifs<\/span><\/li><li class=\"tab\"><span class=\"tab-label\">Proc\u00e9dure d'inscription<\/span><\/li><\/ul><ul class=\"content-list\">\n<li><p style=\"text-align: justify;\">20 enfants de 2,5 mois jusqu&rsquo;\u00e0 moins de 4 ans.<br \/>\nL&rsquo;accueil se fait dans l&rsquo;ordre d&rsquo;arriv\u00e9e des demandes. Une liste d&rsquo;attente est \u00e9tablie \u00e0 cet effet.<br \/>\nLa Passerelle accueille en priorit\u00e9 les enfants issus des 16 communes faisant partie de la Communaut\u00e9 de communes Centre Tarn pour de l&rsquo;accueil r\u00e9gulier.<br \/>\nLes enfants non originaires de l&rsquo;intercommunalit\u00e9 Centre Tarn peuvent \u00eatre accueillis en cas de places disponibles pour de l&rsquo;accueil occasionnel sans qu&rsquo;aucun contrat ne puisse \u00eatre sign\u00e9.<br \/>\nLa Passerelle accueille en contrat les enfants dont les parents travaillent.<br \/>\nPour les enfants dont un des parents ne travaille pas, il est propos\u00e9 un contrat dans lequel La Passerelle s&rsquo;engage \u00e0 accueillir ceux-ci en nombre d\u00e9fini de \u00bd journ\u00e9es. Ces derni\u00e8res pourront \u00eatre modifi\u00e9es en fonction des possibilit\u00e9s de la structure tout en respectant le nombre de \u00bd journ\u00e9es inscrites sur le contrat.<br \/>\nLa structure peut accueillir des enfants ayant un handicap mental ou moteur. Un contrat d&rsquo;accueil individualis\u00e9 pourra \u00eatre \u00e9tabli avec la famille, en lien avec l&rsquo;\u00e9quipe m\u00e9dico-sociale qui assure le suivi de l&rsquo;enfant. L&rsquo;handicap de l&rsquo;enfant doit \u00eatre compatible avec le fonctionnement de la structure petite enfance.<\/p>\n<\/li>\n<li style=\"display: none;\"><p style=\"text-align: justify;\"><strong>Association La Passerelle<\/strong><br \/>\nPlace du village &#8211; 81120 Lombers<\/p>\n<p><strong>T\u00e9l\/fax<\/strong> : <a href=\"tel:0563791083\">05 63 79 10 83<\/a><br \/>\n<strong>Courriel<\/strong> : <a href=\"mailto:creche.lapasserelle@ovh.fr\">creche.lapasserelle@ovh.fr<\/a><br \/>\n<strong>Directrice<\/strong>: Madame Jeanne FRECON<br \/>\n<strong>Pr\u00e9sident<\/strong> : Madame Ambre SOULARD<br \/>\n<strong>Horaires d&rsquo;ouverture<\/strong> : du lundi au vendredi de 7h30 \u00e0 18h30<br \/>\n<strong>Fermetures annuelles<\/strong> : Ao\u00fbt et fin D\u00e9cembre<br \/>\n<strong>Adh\u00e9sion annuelle<\/strong> : ?<br \/>\n<a href=\"https:\/\/www.facebook.com\/Cr%C3%A8che-et-Centre-de-loisirs-La-Passerelle-de-Lombers-479458775556165\/?fref=ts\" target=\"_blank\" rel=\"noopener\">Page Facebook<\/a><\/p>\n<\/li>\n<li style=\"display: none;\"><p style=\"text-align: justify;\">Fr\u00e9quenter La Passerelle est l&rsquo;occasion pour les enfants de quitter le milieu familial et d&rsquo;apprendre \u00e0 accepter la s\u00e9paration de ce monde rassurant constitu\u00e9 par la maison et son environnement familial. Le multi-accueil permet aux enfants trop jeunes pour \u00eatre scolaris\u00e9s de d\u00e9couvrir la vie de groupe (avec ses avantages et ses contraintes).<br \/>\nNotre r\u00f4le est de l&rsquo;accueillir de fa\u00e7on \u00e0 l&rsquo;accompagner dans ces changements, le rassurer, l&rsquo;\u00e9couter, et l&#8217;emmener petit \u00e0 petit \u00e0 prendre possession des lieux et du personnel. Un lien affectif se cr\u00e9e et de ce fait l&rsquo;enfant va \u00e9voluer de fa\u00e7on sereine dans la structure et s&rsquo;\u00e9panouir dans un climat de bien-\u00eatre et de confiance. L&rsquo;objectif principal est le bien-\u00eatre de l&rsquo;enfant<\/p>\n<\/li>\n<li style=\"display: none;\"><p style=\"text-align: justify;\">Au moment de l&rsquo;inscription, la famille devra fournir les informations et pi\u00e8ces suivantes :<\/p>\n<ul>\n<li style=\"text-align: justify;\">Renseignements concernant la famille (nombre d&rsquo;enfants \u00e0 charge, lieu d&rsquo;habitation, t\u00e9l\u00e9phone, personnes \u00e0 contacter en cas d&rsquo;urgence&#8230;)<\/li>\n<li style=\"text-align: justify;\">Les besoins d&rsquo;accueil souhait\u00e9s et les jours et horaires r\u00e9serv\u00e9s<\/li>\n<li style=\"text-align: justify;\">Un certificat m\u00e9dical d&rsquo;aptitude \u00e0 la vie en collectivit\u00e9<\/li>\n<li style=\"text-align: justify;\">Le carnet de vaccination de l&rsquo;enfant<\/li>\n<li style=\"text-align: justify;\">Les \u00e9l\u00e9ments m\u00e9dicaux importants concernant l&rsquo;enfant : allergies, r\u00e9gimes particuliers&#8230;<\/li>\n<li style=\"text-align: justify;\">Le nom du m\u00e9decin traitant de l&rsquo;enfant qui sera appel\u00e9 en cas de maladie de l&rsquo;enfant survenant dans l&rsquo;\u00e9tablissement<\/li>\n<li style=\"text-align: justify;\">L&rsquo;autorisation des parents permettant l&rsquo;appel aux services d&rsquo;urgence et l&rsquo;hospitalisation de leur enfant<\/li>\n<li style=\"text-align: justify;\">Justificatif des ressources : avis d&rsquo;imposition ou de non imposition d\u00e9livr\u00e9 par les services fiscaux dont la structure doit garder un double ou autorisation d&rsquo;acc\u00e8s \u00e0 CAFPRO<\/li>\n<li style=\"text-align: justify;\">Justificatif de couverture sociale<\/li>\n<li style=\"text-align: justify;\">Le num\u00e9ro d&rsquo;allocataire CAF ou MSA<\/li>\n<\/ul>\n<p style=\"text-align: justify;\">Une visite obligatoire avec le m\u00e9decin r\u00e9f\u00e9rent de la cr\u00e8che donne son avis avant l&rsquo;entr\u00e9e en cr\u00e8che.<br \/>\nLa cotisation \u00e0 l&rsquo;association est demand\u00e9e lors de la premi\u00e8re facture.<\/p>\n<p><a href=\"http:\/\/lapasserellelombers.wix.com\/la-passerelle\" target=\"_blank\" rel=\"noopener\">En savoir plus<\/a><\/p>\n<\/li>\n<\/ul><\/div><\/div><\/div>\n","protected":false},"excerpt":{"rendered":"B\u00e9n\u00e9ficiairesGestionnaireObjectifsProc\u00e9dure d'inscription 20 enfants de 2,5 mois jusqu'\u00e0 moins de 4 ans. L'accueil se fait dans l'ordre d'arriv\u00e9e des demandes. Une liste d'attente est \u00e9tablie \u00e0 cet effet. La Passerelle accueille en priorit\u00e9 les enfants issus des 16 communes faisant partie de la Communaut\u00e9 de communes Centre Tarn pour de l'accueil r\u00e9gulier. Les enfants non [...]","protected":false},"author":1,"featured_media":1637,"parent":664,"menu_order":0,"comment_status":"closed","ping_status":"closed","template":"","meta":[],"yoast_head":"<!-- This site is optimized with the Yoast SEO plugin v18.3 - https:\/\/yoast.com\/wordpress\/plugins\/seo\/ -->\n<title>La Passerelle \u00e0 Lombers - Communaut\u00e9 de Communes Centre Tarn<\/title>\n<meta name=\"robots\" content=\"noindex, follow, max-snippet:-1, max-image-preview:large, max-video-preview:-1\" \/>\n<meta property=\"og:locale\" content=\"fr_FR\" \/>\n<meta property=\"og:type\" content=\"article\" \/>\n<meta property=\"og:title\" content=\"La Passerelle \u00e0 Lombers - Communaut\u00e9 de Communes Centre Tarn\" \/>\n<meta property=\"og:url\" content=\"http:\/\/cb27363e0b.url-de-test.ws\/site\/enfance-jeunesse\/petite-enfance\/creches\/la-passerelle-a-lombers\/\" \/>\n<meta property=\"og:site_name\" content=\"Communaut\u00e9 de Communes Centre Tarn\" \/>\n<meta property=\"article:publisher\" content=\"https:\/\/fr-fr.facebook.com\/centretarn\/\" \/>\n<meta property=\"article:modified_time\" content=\"2018-09-26T13:00:06+00:00\" \/>\n<meta property=\"og:image\" content=\"http:\/\/cb27363e0b.url-de-test.ws\/site\/wp-content\/uploads\/2018\/01\/creche2.jpg\" \/>\n\t<meta property=\"og:image:width\" content=\"640\" \/>\n\t<meta property=\"og:image:height\" content=\"426\" \/>\n\t<meta property=\"og:image:type\" content=\"image\/jpeg\" \/>\n<meta name=\"twitter:card\" content=\"summary_large_image\" \/>\n<meta name=\"twitter:label1\" content=\"Dur\u00e9e de lecture estim\u00e9e\" \/>\n\t<meta name=\"twitter:data1\" content=\"3 minutes\" \/>\n<script type=\"application\/ld+json\" class=\"yoast-schema-graph\">{\"@context\":\"https:\/\/schema.org\",\"@graph\":[{\"@type\":\"Organization\",\"@id\":\"http:\/\/cb27363e0b.url-de-test.ws\/site\/#organization\",\"name\":\"Communaut\u00e9 de Communes Centre Tarn\",\"url\":\"http:\/\/cb27363e0b.url-de-test.ws\/site\/\",\"sameAs\":[\"https:\/\/fr-fr.facebook.com\/centretarn\/\",\"https:\/\/www.youtube.com\/channel\/UCmH971jS42X98fNgJKDqb1A\"],\"logo\":{\"@type\":\"ImageObject\",\"@id\":\"http:\/\/cb27363e0b.url-de-test.ws\/site\/#logo\",\"inLanguage\":\"fr-FR\",\"url\":\"http:\/\/cb27363e0b.url-de-test.ws\/site\/wp-content\/uploads\/2018\/02\/logo-site.png\",\"contentUrl\":\"http:\/\/cb27363e0b.url-de-test.ws\/site\/wp-content\/uploads\/2018\/02\/logo-site.png\",\"width\":149,\"height\":169,\"caption\":\"Communaut\u00e9 de Communes Centre Tarn\"},\"image\":{\"@id\":\"http:\/\/cb27363e0b.url-de-test.ws\/site\/#logo\"}},{\"@type\":\"WebSite\",\"@id\":\"http:\/\/cb27363e0b.url-de-test.ws\/site\/#website\",\"url\":\"http:\/\/cb27363e0b.url-de-test.ws\/site\/\",\"name\":\"Communaut\u00e9 de Communes Centre Tarn\",\"description\":\"\",\"publisher\":{\"@id\":\"http:\/\/cb27363e0b.url-de-test.ws\/site\/#organization\"},\"potentialAction\":[{\"@type\":\"SearchAction\",\"target\":{\"@type\":\"EntryPoint\",\"urlTemplate\":\"http:\/\/cb27363e0b.url-de-test.ws\/site\/?s={search_term_string}\"},\"query-input\":\"required name=search_term_string\"}],\"inLanguage\":\"fr-FR\"},{\"@type\":\"ImageObject\",\"@id\":\"http:\/\/cb27363e0b.url-de-test.ws\/site\/enfance-jeunesse\/petite-enfance\/creches\/la-passerelle-a-lombers\/#primaryimage\",\"inLanguage\":\"fr-FR\",\"url\":\"http:\/\/cb27363e0b.url-de-test.ws\/site\/wp-content\/uploads\/2018\/01\/creche2.jpg\",\"contentUrl\":\"http:\/\/cb27363e0b.url-de-test.ws\/site\/wp-content\/uploads\/2018\/01\/creche2.jpg\",\"width\":640,\"height\":426},{\"@type\":\"WebPage\",\"@id\":\"http:\/\/cb27363e0b.url-de-test.ws\/site\/enfance-jeunesse\/petite-enfance\/creches\/la-passerelle-a-lombers\/#webpage\",\"url\":\"http:\/\/cb27363e0b.url-de-test.ws\/site\/enfance-jeunesse\/petite-enfance\/creches\/la-passerelle-a-lombers\/\",\"name\":\"La Passerelle \u00e0 Lombers - Communaut\u00e9 de Communes Centre Tarn\",\"isPartOf\":{\"@id\":\"http:\/\/cb27363e0b.url-de-test.ws\/site\/#website\"},\"primaryImageOfPage\":{\"@id\":\"http:\/\/cb27363e0b.url-de-test.ws\/site\/enfance-jeunesse\/petite-enfance\/creches\/la-passerelle-a-lombers\/#primaryimage\"},\"datePublished\":\"2018-01-19T13:36:08+00:00\",\"dateModified\":\"2018-09-26T13:00:06+00:00\",\"breadcrumb\":{\"@id\":\"http:\/\/cb27363e0b.url-de-test.ws\/site\/enfance-jeunesse\/petite-enfance\/creches\/la-passerelle-a-lombers\/#breadcrumb\"},\"inLanguage\":\"fr-FR\",\"potentialAction\":[{\"@type\":\"ReadAction\",\"target\":[\"http:\/\/cb27363e0b.url-de-test.ws\/site\/enfance-jeunesse\/petite-enfance\/creches\/la-passerelle-a-lombers\/\"]}]},{\"@type\":\"BreadcrumbList\",\"@id\":\"http:\/\/cb27363e0b.url-de-test.ws\/site\/enfance-jeunesse\/petite-enfance\/creches\/la-passerelle-a-lombers\/#breadcrumb\",\"itemListElement\":[{\"@type\":\"ListItem\",\"position\":1,\"name\":\"Accueil\",\"item\":\"http:\/\/cb27363e0b.url-de-test.ws\/site\/\"},{\"@type\":\"ListItem\",\"position\":2,\"name\":\"Enfance et Jeunesse\",\"item\":\"http:\/\/cb27363e0b.url-de-test.ws\/site\/enfance-jeunesse\/\"},{\"@type\":\"ListItem\",\"position\":3,\"name\":\"Petite Enfance\",\"item\":\"http:\/\/cb27363e0b.url-de-test.ws\/site\/enfance-jeunesse\/petite-enfance\/\"},{\"@type\":\"ListItem\",\"position\":4,\"name\":\"Cr\u00e8ches\",\"item\":\"http:\/\/cb27363e0b.url-de-test.ws\/site\/enfance-jeunesse\/petite-enfance\/creches\/\"},{\"@type\":\"ListItem\",\"position\":5,\"name\":\"La Passerelle \u00e0 Lombers\"}]}]}<\/script>\n<!-- \/ Yoast SEO plugin. -->","yoast_head_json":{"title":"La Passerelle \u00e0 Lombers - Communaut\u00e9 de Communes Centre Tarn","robots":{"index":"noindex","follow":"follow","max-snippet":"max-snippet:-1","max-image-preview":"max-image-preview:large","max-video-preview":"max-video-preview:-1"},"og_locale":"fr_FR","og_type":"article","og_title":"La Passerelle \u00e0 Lombers - Communaut\u00e9 de Communes Centre Tarn","og_url":"http:\/\/cb27363e0b.url-de-test.ws\/site\/enfance-jeunesse\/petite-enfance\/creches\/la-passerelle-a-lombers\/","og_site_name":"Communaut\u00e9 de Communes Centre Tarn","article_publisher":"https:\/\/fr-fr.facebook.com\/centretarn\/","article_modified_time":"2018-09-26T13:00:06+00:00","og_image":[{"width":640,"height":426,"url":"http:\/\/cb27363e0b.url-de-test.ws\/site\/wp-content\/uploads\/2018\/01\/creche2.jpg","type":"image\/jpeg"}],"twitter_card":"summary_large_image","twitter_misc":{"Dur\u00e9e de lecture estim\u00e9e":"3 minutes"},"schema":{"@context":"https:\/\/schema.org","@graph":[{"@type":"Organization","@id":"http:\/\/cb27363e0b.url-de-test.ws\/site\/#organization","name":"Communaut\u00e9 de Communes Centre Tarn","url":"http:\/\/cb27363e0b.url-de-test.ws\/site\/","sameAs":["https:\/\/fr-fr.facebook.com\/centretarn\/","https:\/\/www.youtube.com\/channel\/UCmH971jS42X98fNgJKDqb1A"],"logo":{"@type":"ImageObject","@id":"http:\/\/cb27363e0b.url-de-test.ws\/site\/#logo","inLanguage":"fr-FR","url":"http:\/\/cb27363e0b.url-de-test.ws\/site\/wp-content\/uploads\/2018\/02\/logo-site.png","contentUrl":"http:\/\/cb27363e0b.url-de-test.ws\/site\/wp-content\/uploads\/2018\/02\/logo-site.png","width":149,"height":169,"caption":"Communaut\u00e9 de Communes Centre Tarn"},"image":{"@id":"http:\/\/cb27363e0b.url-de-test.ws\/site\/#logo"}},{"@type":"WebSite","@id":"http:\/\/cb27363e0b.url-de-test.ws\/site\/#website","url":"http:\/\/cb27363e0b.url-de-test.ws\/site\/","name":"Communaut\u00e9 de Communes Centre Tarn","description":"","publisher":{"@id":"http:\/\/cb27363e0b.url-de-test.ws\/site\/#organization"},"potentialAction":[{"@type":"SearchAction","target":{"@type":"EntryPoint","urlTemplate":"http:\/\/cb27363e0b.url-de-test.ws\/site\/?s={search_term_string}"},"query-input":"required name=search_term_string"}],"inLanguage":"fr-FR"},{"@type":"ImageObject","@id":"http:\/\/cb27363e0b.url-de-test.ws\/site\/enfance-jeunesse\/petite-enfance\/creches\/la-passerelle-a-lombers\/#primaryimage","inLanguage":"fr-FR","url":"http:\/\/cb27363e0b.url-de-test.ws\/site\/wp-content\/uploads\/2018\/01\/creche2.jpg","contentUrl":"http:\/\/cb27363e0b.url-de-test.ws\/site\/wp-content\/uploads\/2018\/01\/creche2.jpg","width":640,"height":426},{"@type":"WebPage","@id":"http:\/\/cb27363e0b.url-de-test.ws\/site\/enfance-jeunesse\/petite-enfance\/creches\/la-passerelle-a-lombers\/#webpage","url":"http:\/\/cb27363e0b.url-de-test.ws\/site\/enfance-jeunesse\/petite-enfance\/creches\/la-passerelle-a-lombers\/","name":"La Passerelle \u00e0 Lombers - Communaut\u00e9 de Communes Centre Tarn","isPartOf":{"@id":"http:\/\/cb27363e0b.url-de-test.ws\/site\/#website"},"primaryImageOfPage":{"@id":"http:\/\/cb27363e0b.url-de-test.ws\/site\/enfance-jeunesse\/petite-enfance\/creches\/la-passerelle-a-lombers\/#primaryimage"},"datePublished":"2018-01-19T13:36:08+00:00","dateModified":"2018-09-26T13:00:06+00:00","breadcrumb":{"@id":"http:\/\/cb27363e0b.url-de-test.ws\/site\/enfance-jeunesse\/petite-enfance\/creches\/la-passerelle-a-lombers\/#breadcrumb"},"inLanguage":"fr-FR","potentialAction":[{"@type":"ReadAction","target":["http:\/\/cb27363e0b.url-de-test.ws\/site\/enfance-jeunesse\/petite-enfance\/creches\/la-passerelle-a-lombers\/"]}]},{"@type":"BreadcrumbList","@id":"http:\/\/cb27363e0b.url-de-test.ws\/site\/enfance-jeunesse\/petite-enfance\/creches\/la-passerelle-a-lombers\/#breadcrumb","itemListElement":[{"@type":"ListItem","position":1,"name":"Accueil","item":"http:\/\/cb27363e0b.url-de-test.ws\/site\/"},{"@type":"ListItem","position":2,"name":"Enfance et Jeunesse","item":"http:\/\/cb27363e0b.url-de-test.ws\/site\/enfance-jeunesse\/"},{"@type":"ListItem","position":3,"name":"Petite Enfance","item":"http:\/\/cb27363e0b.url-de-test.ws\/site\/enfance-jeunesse\/petite-enfance\/"},{"@type":"ListItem","position":4,"name":"Cr\u00e8ches","item":"http:\/\/cb27363e0b.url-de-test.ws\/site\/enfance-jeunesse\/petite-enfance\/creches\/"},{"@type":"ListItem","position":5,"name":"La Passerelle \u00e0 Lombers"}]}]}},"_links":{"self":[{"href":"http:\/\/cb27363e0b.url-de-test.ws\/site\/wp-json\/wp\/v2\/pages\/687"}],"collection":[{"href":"http:\/\/cb27363e0b.url-de-test.ws\/site\/wp-json\/wp\/v2\/pages"}],"about":[{"href":"http:\/\/cb27363e0b.url-de-test.ws\/site\/wp-json\/wp\/v2\/types\/page"}],"author":[{"embeddable":true,"href":"http:\/\/cb27363e0b.url-de-test.ws\/site\/wp-json\/wp\/v2\/users\/1"}],"replies":[{"embeddable":true,"href":"http:\/\/cb27363e0b.url-de-test.ws\/site\/wp-json\/wp\/v2\/comments?post=687"}],"version-history":[{"count":8,"href":"http:\/\/cb27363e0b.url-de-test.ws\/site\/wp-json\/wp\/v2\/pages\/687\/revisions"}],"predecessor-version":[{"id":3360,"href":"http:\/\/cb27363e0b.url-de-test.ws\/site\/wp-json\/wp\/v2\/pages\/687\/revisions\/3360"}],"up":[{"embeddable":true,"href":"http:\/\/cb27363e0b.url-de-test.ws\/site\/wp-json\/wp\/v2\/pages\/664"}],"wp:featuredmedia":[{"embeddable":true,"href":"http:\/\/cb27363e0b.url-de-test.ws\/site\/wp-json\/wp\/v2\/media\/1637"}],"wp:attachment":[{"href":"http:\/\/cb27363e0b.url-de-test.ws\/site\/wp-json\/wp\/v2\/media?parent=687"}],"curies":[{"name":"wp","href":"https:\/\/api.w.org\/{rel}","templated":true}]}}