{"id":685,"date":"2018-01-19T16:35:11","date_gmt":"2018-01-19T15:35:11","guid":{"rendered":"http:\/\/cb27363e0b.url-de-test.ws\/site\/?page_id=685"},"modified":"2018-01-31T17:02:59","modified_gmt":"2018-01-31T16:02:59","slug":"la-farandole-a-realmont","status":"publish","type":"page","link":"http:\/\/cb27363e0b.url-de-test.ws\/site\/enfance-jeunesse\/petite-enfance\/creches\/la-farandole-a-realmont\/","title":{"rendered":"La Farandole \u00e0 R\u00e9almont"},"content":{"rendered":"<div class=\"c-tabs\"><div class=\"c-content-box\"><div class=\"tabs-inner\"><ul class=\"tab-list\"><li class=\"tab m-active\"><span class=\"tab-label\">B\u00e9n\u00e9ficiaires<\/span><\/li><li class=\"tab\"><span class=\"tab-label\">Gestionnaire<\/span><\/li><li class=\"tab\"><span class=\"tab-label\">Objectifs<\/span><\/li><li class=\"tab\"><span class=\"tab-label\">Proc\u00e9dure d'inscription<\/span><\/li><li class=\"tab\"><span class=\"tab-label\">Documents<\/span><\/li><\/ul><ul class=\"content-list\">\n<li><p style=\"text-align: justify;\">25 enfants de 2 mois \u00e0 moins de 4 ans.<br \/>\nL&rsquo;accueil se fait dans l&rsquo;ordre d&rsquo;arriv\u00e9e des demandes. Une liste d&rsquo;attente est \u00e9tablie \u00e0 cet effet.<br \/>\nLa Farandole accueille en priorit\u00e9 les enfants issus des 16 communes faisant partie de la Communaut\u00e9 de Communes Centre Tarn.<br \/>\nL\u2019accueil d\u2019un enfant porteur d\u2019un handicap pourra \u00eatre envisag\u00e9 apr\u00e8s concertation avec le m\u00e9decin de la cr\u00e8che, les parents, le personnel et l\u2019\u00e9quipe soignante qui le suit.<\/p>\n<\/li>\n<li style=\"display: none;\"><p style=\"text-align: justify;\"><strong>Association La Farandole<\/strong><br \/>\nPlace de la Briqueterie &#8211; 81120 R\u00e9almont<\/p>\n<p><strong>T\u00e9l\/fax<\/strong> : <a href=\"tel:0563455673\">05 63 45 56 73<\/a><br \/>\n<strong>Courriel<\/strong> : <a href=\"mailto:creche-la-farandole@wanadoo.fr\">creche-la-farandole@wanadoo.fr<\/a><br \/>\n<strong>Directrice<\/strong>: Madame Val\u00e9rie FREALLE<br \/>\n<strong>Pr\u00e9sident<\/strong> : Monsieur Vincent ASSIE<br \/>\n<strong>Horaires d&rsquo;ouverture<\/strong> : du lundi au vendredi de 7h15 \u00e0 18h45<br \/>\n<strong>Adh\u00e9sion annuelle<\/strong> : 18 \u20ac\/famille par ann\u00e9e civile<\/p>\n<\/li>\n<li style=\"display: none;\"><p style=\"text-align: justify;\">L\u2019association de parents \u00ab\u00a0La Farandole\u00a0\u00bb a pour but d\u2019animer et de g\u00e9rer la structure multi-accueil du m\u00eame nom, situ\u00e9e place de la briqueterie \u00e0 R\u00e9almont, agr\u00e9\u00e9e pour l\u2019accueil de 25 enfants \u00e2g\u00e9s de 2 mois \u00e0 moins de 4 ans. Sont r\u00e9serv\u00e9es une place pour l\u2019accueil d\u2019urgence, deux pour les enfants en mi-temps \u00e9cole et mi-temps cr\u00e8che.<\/p>\n<\/li>\n<li style=\"display: none;\"><p style=\"text-align: justify;\">Au moment de l&rsquo;inscription, la famille devra fournir les informations et pi\u00e8ces suivantes :<\/p>\n<ul>\n<li style=\"text-align: justify;\">Renseignements concernant la famille (nombre d&rsquo;enfants \u00e0 charge, lieu d&rsquo;habitation, t\u00e9l\u00e9phone, personnes \u00e0 contacter en cas d&rsquo;urgence&#8230;)<\/li>\n<li style=\"text-align: justify;\">Les besoins d&rsquo;accueil souhait\u00e9s et les jours et horaires r\u00e9serv\u00e9s<\/li>\n<li style=\"text-align: justify;\">Le carnet de vaccination de l&rsquo;enfant<\/li>\n<li style=\"text-align: justify;\">Les \u00e9l\u00e9ments m\u00e9dicaux importants concernant l&rsquo;enfant : allergies, r\u00e9gimes particuliers&#8230;<\/li>\n<li style=\"text-align: justify;\">Le nom du m\u00e9decin traitant de l&rsquo;enfant qui sera appel\u00e9 en cas de maladie de l&rsquo;enfant survenant dans l&rsquo;\u00e9tablissement<\/li>\n<li style=\"text-align: justify;\">L&rsquo;autorisation des parents permettant l&rsquo;appel aux services d&rsquo;urgence et l&rsquo;hospitalisation de leur enfant<\/li>\n<li style=\"text-align: justify;\">Justificatif des ressources : avis d&rsquo;imposition ou de non imposition d\u00e9livr\u00e9 par les services fiscaux dont la structure doit garder un double ou autorisation d&rsquo;acc\u00e8s \u00e0 CAFPRO<\/li>\n<li style=\"text-align: justify;\">Le num\u00e9ro d&rsquo;allocataire CAF ou MSA<\/li>\n<li style=\"text-align: justify;\">Caution de 100\u20ac<\/li>\n<\/ul>\n<p style=\"text-align: justify;\">Une visite obligatoire avec le m\u00e9decin r\u00e9f\u00e9rent de la cr\u00e8che donne son avis avant l&rsquo;entr\u00e9e en cr\u00e8che.<br \/>\nLa cotisation \u00e0 l&rsquo;association est demand\u00e9e lors de la premi\u00e8re facture.<\/p>\n<\/li>\n<li style=\"display: none;\"><p>A t\u00e9l\u00e9charger :<br \/>\n<a href=\"http:\/\/cb27363e0b.url-de-test.ws\/site\/wp-content\/uploads\/2017\/10\/RI_CRECHE_FARANDOLE_2011.pdf\" target=\"_blank\" rel=\"noopener\">R\u00e8glement int\u00e9rieur<\/a><br \/>\n<a href=\"http:\/\/cb27363e0b.url-de-test.ws\/site\/wp-content\/uploads\/2018\/01\/PROJET_PEDAGOGIQUE_CRECHE_FARANDOLE_2013.pdf\" target=\"_blank\" rel=\"noopener\">Projet p\u00e9dagogique<\/a><\/p>\n<\/li>\n<\/ul><\/div><\/div><\/div>\n","protected":false},"excerpt":{"rendered":"B\u00e9n\u00e9ficiairesGestionnaireObjectifsProc\u00e9dure d'inscriptionDocuments 25 enfants de 2 mois \u00e0 moins de 4 ans. L'accueil se fait dans l'ordre d'arriv\u00e9e des demandes. Une liste d'attente est \u00e9tablie \u00e0 cet effet. La Farandole accueille en priorit\u00e9 les enfants issus des 16 communes faisant partie de la Communaut\u00e9 de Communes Centre Tarn. L\u2019accueil d\u2019un enfant porteur d\u2019un handicap pourra [...]","protected":false},"author":1,"featured_media":1636,"parent":664,"menu_order":0,"comment_status":"closed","ping_status":"closed","template":"","meta":[],"yoast_head":"<!-- This site is optimized with the Yoast SEO plugin v18.3 - https:\/\/yoast.com\/wordpress\/plugins\/seo\/ -->\n<title>La Farandole \u00e0 R\u00e9almont - Communaut\u00e9 de Communes Centre Tarn<\/title>\n<meta name=\"robots\" content=\"noindex, follow, max-snippet:-1, max-image-preview:large, max-video-preview:-1\" \/>\n<meta property=\"og:locale\" content=\"fr_FR\" \/>\n<meta property=\"og:type\" content=\"article\" \/>\n<meta property=\"og:title\" content=\"La Farandole \u00e0 R\u00e9almont - Communaut\u00e9 de Communes Centre Tarn\" \/>\n<meta property=\"og:url\" content=\"http:\/\/cb27363e0b.url-de-test.ws\/site\/enfance-jeunesse\/petite-enfance\/creches\/la-farandole-a-realmont\/\" \/>\n<meta property=\"og:site_name\" content=\"Communaut\u00e9 de Communes Centre Tarn\" \/>\n<meta property=\"article:publisher\" content=\"https:\/\/fr-fr.facebook.com\/centretarn\/\" \/>\n<meta property=\"article:modified_time\" content=\"2018-01-31T16:02:59+00:00\" \/>\n<meta property=\"og:image\" content=\"http:\/\/cb27363e0b.url-de-test.ws\/site\/wp-content\/uploads\/2018\/01\/CRECHE.jpg\" \/>\n\t<meta property=\"og:image:width\" content=\"640\" \/>\n\t<meta property=\"og:image:height\" content=\"425\" \/>\n\t<meta property=\"og:image:type\" content=\"image\/jpeg\" \/>\n<meta name=\"twitter:card\" content=\"summary_large_image\" \/>\n<meta name=\"twitter:label1\" content=\"Dur\u00e9e de lecture estim\u00e9e\" \/>\n\t<meta name=\"twitter:data1\" content=\"2 minutes\" \/>\n<script type=\"application\/ld+json\" class=\"yoast-schema-graph\">{\"@context\":\"https:\/\/schema.org\",\"@graph\":[{\"@type\":\"Organization\",\"@id\":\"http:\/\/cb27363e0b.url-de-test.ws\/site\/#organization\",\"name\":\"Communaut\u00e9 de Communes Centre Tarn\",\"url\":\"http:\/\/cb27363e0b.url-de-test.ws\/site\/\",\"sameAs\":[\"https:\/\/fr-fr.facebook.com\/centretarn\/\",\"https:\/\/www.youtube.com\/channel\/UCmH971jS42X98fNgJKDqb1A\"],\"logo\":{\"@type\":\"ImageObject\",\"@id\":\"http:\/\/cb27363e0b.url-de-test.ws\/site\/#logo\",\"inLanguage\":\"fr-FR\",\"url\":\"http:\/\/cb27363e0b.url-de-test.ws\/site\/wp-content\/uploads\/2018\/02\/logo-site.png\",\"contentUrl\":\"http:\/\/cb27363e0b.url-de-test.ws\/site\/wp-content\/uploads\/2018\/02\/logo-site.png\",\"width\":149,\"height\":169,\"caption\":\"Communaut\u00e9 de Communes Centre Tarn\"},\"image\":{\"@id\":\"http:\/\/cb27363e0b.url-de-test.ws\/site\/#logo\"}},{\"@type\":\"WebSite\",\"@id\":\"http:\/\/cb27363e0b.url-de-test.ws\/site\/#website\",\"url\":\"http:\/\/cb27363e0b.url-de-test.ws\/site\/\",\"name\":\"Communaut\u00e9 de Communes Centre Tarn\",\"description\":\"\",\"publisher\":{\"@id\":\"http:\/\/cb27363e0b.url-de-test.ws\/site\/#organization\"},\"potentialAction\":[{\"@type\":\"SearchAction\",\"target\":{\"@type\":\"EntryPoint\",\"urlTemplate\":\"http:\/\/cb27363e0b.url-de-test.ws\/site\/?s={search_term_string}\"},\"query-input\":\"required name=search_term_string\"}],\"inLanguage\":\"fr-FR\"},{\"@type\":\"ImageObject\",\"@id\":\"http:\/\/cb27363e0b.url-de-test.ws\/site\/enfance-jeunesse\/petite-enfance\/creches\/la-farandole-a-realmont\/#primaryimage\",\"inLanguage\":\"fr-FR\",\"url\":\"http:\/\/cb27363e0b.url-de-test.ws\/site\/wp-content\/uploads\/2018\/01\/CRECHE.jpg\",\"contentUrl\":\"http:\/\/cb27363e0b.url-de-test.ws\/site\/wp-content\/uploads\/2018\/01\/CRECHE.jpg\",\"width\":640,\"height\":425},{\"@type\":\"WebPage\",\"@id\":\"http:\/\/cb27363e0b.url-de-test.ws\/site\/enfance-jeunesse\/petite-enfance\/creches\/la-farandole-a-realmont\/#webpage\",\"url\":\"http:\/\/cb27363e0b.url-de-test.ws\/site\/enfance-jeunesse\/petite-enfance\/creches\/la-farandole-a-realmont\/\",\"name\":\"La Farandole \u00e0 R\u00e9almont - Communaut\u00e9 de Communes Centre Tarn\",\"isPartOf\":{\"@id\":\"http:\/\/cb27363e0b.url-de-test.ws\/site\/#website\"},\"primaryImageOfPage\":{\"@id\":\"http:\/\/cb27363e0b.url-de-test.ws\/site\/enfance-jeunesse\/petite-enfance\/creches\/la-farandole-a-realmont\/#primaryimage\"},\"datePublished\":\"2018-01-19T15:35:11+00:00\",\"dateModified\":\"2018-01-31T16:02:59+00:00\",\"breadcrumb\":{\"@id\":\"http:\/\/cb27363e0b.url-de-test.ws\/site\/enfance-jeunesse\/petite-enfance\/creches\/la-farandole-a-realmont\/#breadcrumb\"},\"inLanguage\":\"fr-FR\",\"potentialAction\":[{\"@type\":\"ReadAction\",\"target\":[\"http:\/\/cb27363e0b.url-de-test.ws\/site\/enfance-jeunesse\/petite-enfance\/creches\/la-farandole-a-realmont\/\"]}]},{\"@type\":\"BreadcrumbList\",\"@id\":\"http:\/\/cb27363e0b.url-de-test.ws\/site\/enfance-jeunesse\/petite-enfance\/creches\/la-farandole-a-realmont\/#breadcrumb\",\"itemListElement\":[{\"@type\":\"ListItem\",\"position\":1,\"name\":\"Accueil\",\"item\":\"http:\/\/cb27363e0b.url-de-test.ws\/site\/\"},{\"@type\":\"ListItem\",\"position\":2,\"name\":\"Enfance et Jeunesse\",\"item\":\"http:\/\/cb27363e0b.url-de-test.ws\/site\/enfance-jeunesse\/\"},{\"@type\":\"ListItem\",\"position\":3,\"name\":\"Petite Enfance\",\"item\":\"http:\/\/cb27363e0b.url-de-test.ws\/site\/enfance-jeunesse\/petite-enfance\/\"},{\"@type\":\"ListItem\",\"position\":4,\"name\":\"Cr\u00e8ches\",\"item\":\"http:\/\/cb27363e0b.url-de-test.ws\/site\/enfance-jeunesse\/petite-enfance\/creches\/\"},{\"@type\":\"ListItem\",\"position\":5,\"name\":\"La Farandole \u00e0 R\u00e9almont\"}]}]}<\/script>\n<!-- \/ Yoast SEO plugin. -->","yoast_head_json":{"title":"La Farandole \u00e0 R\u00e9almont - Communaut\u00e9 de Communes Centre Tarn","robots":{"index":"noindex","follow":"follow","max-snippet":"max-snippet:-1","max-image-preview":"max-image-preview:large","max-video-preview":"max-video-preview:-1"},"og_locale":"fr_FR","og_type":"article","og_title":"La Farandole \u00e0 R\u00e9almont - Communaut\u00e9 de Communes Centre Tarn","og_url":"http:\/\/cb27363e0b.url-de-test.ws\/site\/enfance-jeunesse\/petite-enfance\/creches\/la-farandole-a-realmont\/","og_site_name":"Communaut\u00e9 de Communes Centre Tarn","article_publisher":"https:\/\/fr-fr.facebook.com\/centretarn\/","article_modified_time":"2018-01-31T16:02:59+00:00","og_image":[{"width":640,"height":425,"url":"http:\/\/cb27363e0b.url-de-test.ws\/site\/wp-content\/uploads\/2018\/01\/CRECHE.jpg","type":"image\/jpeg"}],"twitter_card":"summary_large_image","twitter_misc":{"Dur\u00e9e de lecture estim\u00e9e":"2 minutes"},"schema":{"@context":"https:\/\/schema.org","@graph":[{"@type":"Organization","@id":"http:\/\/cb27363e0b.url-de-test.ws\/site\/#organization","name":"Communaut\u00e9 de Communes Centre Tarn","url":"http:\/\/cb27363e0b.url-de-test.ws\/site\/","sameAs":["https:\/\/fr-fr.facebook.com\/centretarn\/","https:\/\/www.youtube.com\/channel\/UCmH971jS42X98fNgJKDqb1A"],"logo":{"@type":"ImageObject","@id":"http:\/\/cb27363e0b.url-de-test.ws\/site\/#logo","inLanguage":"fr-FR","url":"http:\/\/cb27363e0b.url-de-test.ws\/site\/wp-content\/uploads\/2018\/02\/logo-site.png","contentUrl":"http:\/\/cb27363e0b.url-de-test.ws\/site\/wp-content\/uploads\/2018\/02\/logo-site.png","width":149,"height":169,"caption":"Communaut\u00e9 de Communes Centre Tarn"},"image":{"@id":"http:\/\/cb27363e0b.url-de-test.ws\/site\/#logo"}},{"@type":"WebSite","@id":"http:\/\/cb27363e0b.url-de-test.ws\/site\/#website","url":"http:\/\/cb27363e0b.url-de-test.ws\/site\/","name":"Communaut\u00e9 de Communes Centre Tarn","description":"","publisher":{"@id":"http:\/\/cb27363e0b.url-de-test.ws\/site\/#organization"},"potentialAction":[{"@type":"SearchAction","target":{"@type":"EntryPoint","urlTemplate":"http:\/\/cb27363e0b.url-de-test.ws\/site\/?s={search_term_string}"},"query-input":"required name=search_term_string"}],"inLanguage":"fr-FR"},{"@type":"ImageObject","@id":"http:\/\/cb27363e0b.url-de-test.ws\/site\/enfance-jeunesse\/petite-enfance\/creches\/la-farandole-a-realmont\/#primaryimage","inLanguage":"fr-FR","url":"http:\/\/cb27363e0b.url-de-test.ws\/site\/wp-content\/uploads\/2018\/01\/CRECHE.jpg","contentUrl":"http:\/\/cb27363e0b.url-de-test.ws\/site\/wp-content\/uploads\/2018\/01\/CRECHE.jpg","width":640,"height":425},{"@type":"WebPage","@id":"http:\/\/cb27363e0b.url-de-test.ws\/site\/enfance-jeunesse\/petite-enfance\/creches\/la-farandole-a-realmont\/#webpage","url":"http:\/\/cb27363e0b.url-de-test.ws\/site\/enfance-jeunesse\/petite-enfance\/creches\/la-farandole-a-realmont\/","name":"La Farandole \u00e0 R\u00e9almont - Communaut\u00e9 de Communes Centre Tarn","isPartOf":{"@id":"http:\/\/cb27363e0b.url-de-test.ws\/site\/#website"},"primaryImageOfPage":{"@id":"http:\/\/cb27363e0b.url-de-test.ws\/site\/enfance-jeunesse\/petite-enfance\/creches\/la-farandole-a-realmont\/#primaryimage"},"datePublished":"2018-01-19T15:35:11+00:00","dateModified":"2018-01-31T16:02:59+00:00","breadcrumb":{"@id":"http:\/\/cb27363e0b.url-de-test.ws\/site\/enfance-jeunesse\/petite-enfance\/creches\/la-farandole-a-realmont\/#breadcrumb"},"inLanguage":"fr-FR","potentialAction":[{"@type":"ReadAction","target":["http:\/\/cb27363e0b.url-de-test.ws\/site\/enfance-jeunesse\/petite-enfance\/creches\/la-farandole-a-realmont\/"]}]},{"@type":"BreadcrumbList","@id":"http:\/\/cb27363e0b.url-de-test.ws\/site\/enfance-jeunesse\/petite-enfance\/creches\/la-farandole-a-realmont\/#breadcrumb","itemListElement":[{"@type":"ListItem","position":1,"name":"Accueil","item":"http:\/\/cb27363e0b.url-de-test.ws\/site\/"},{"@type":"ListItem","position":2,"name":"Enfance et Jeunesse","item":"http:\/\/cb27363e0b.url-de-test.ws\/site\/enfance-jeunesse\/"},{"@type":"ListItem","position":3,"name":"Petite Enfance","item":"http:\/\/cb27363e0b.url-de-test.ws\/site\/enfance-jeunesse\/petite-enfance\/"},{"@type":"ListItem","position":4,"name":"Cr\u00e8ches","item":"http:\/\/cb27363e0b.url-de-test.ws\/site\/enfance-jeunesse\/petite-enfance\/creches\/"},{"@type":"ListItem","position":5,"name":"La Farandole \u00e0 R\u00e9almont"}]}]}},"_links":{"self":[{"href":"http:\/\/cb27363e0b.url-de-test.ws\/site\/wp-json\/wp\/v2\/pages\/685"}],"collection":[{"href":"http:\/\/cb27363e0b.url-de-test.ws\/site\/wp-json\/wp\/v2\/pages"}],"about":[{"href":"http:\/\/cb27363e0b.url-de-test.ws\/site\/wp-json\/wp\/v2\/types\/page"}],"author":[{"embeddable":true,"href":"http:\/\/cb27363e0b.url-de-test.ws\/site\/wp-json\/wp\/v2\/users\/1"}],"replies":[{"embeddable":true,"href":"http:\/\/cb27363e0b.url-de-test.ws\/site\/wp-json\/wp\/v2\/comments?post=685"}],"version-history":[{"count":24,"href":"http:\/\/cb27363e0b.url-de-test.ws\/site\/wp-json\/wp\/v2\/pages\/685\/revisions"}],"predecessor-version":[{"id":1274,"href":"http:\/\/cb27363e0b.url-de-test.ws\/site\/wp-json\/wp\/v2\/pages\/685\/revisions\/1274"}],"up":[{"embeddable":true,"href":"http:\/\/cb27363e0b.url-de-test.ws\/site\/wp-json\/wp\/v2\/pages\/664"}],"wp:featuredmedia":[{"embeddable":true,"href":"http:\/\/cb27363e0b.url-de-test.ws\/site\/wp-json\/wp\/v2\/media\/1636"}],"wp:attachment":[{"href":"http:\/\/cb27363e0b.url-de-test.ws\/site\/wp-json\/wp\/v2\/media?parent=685"}],"curies":[{"name":"wp","href":"https:\/\/api.w.org\/{rel}","templated":true}]}}