{"id":633,"date":"2017-10-17T14:05:45","date_gmt":"2017-10-17T12:05:45","guid":{"rendered":"http:\/\/cb27363e0b.url-de-test.ws\/site\/?page_id=633"},"modified":"2018-09-18T11:53:51","modified_gmt":"2018-09-18T09:53:51","slug":"rehab","status":"publish","type":"page","link":"http:\/\/cb27363e0b.url-de-test.ws\/site\/environnement\/rehab\/","title":{"rendered":"R\u00e9novation \u00c9nerg\u00e9tique"},"content":{"rendered":"<p style=\"text-align: justify;\">Cr\u00e9\u00e9e par le P\u00f4le Territorial de l\u2019Albigeois et des Bastides, la plateforme REHAB est un service d\u2019accompagnement \u00e0 la r\u00e9novation, pour les propri\u00e9taires pr\u00e9sents sur le territoire du P\u00f4le dont fait partie la Communaut\u00e9 de Communes.<\/p>\n<p style=\"text-align: justify;\">Que vous soyez b\u00e9n\u00e9ficiaire ou non d\u2019aides publiques, que vous souhaitiez r\u00e9aliser vos travaux ou faire appel \u00e0 des professionnels, le P\u00f4le Territorial de l\u2019Albigeois et des Bastides vous accompagne et vous propose de b\u00e9n\u00e9ficier gratuitement de conseils, d\u2019une rencontre ou d\u2019une visite \u00e0 domicile.<br \/>\nLes conseillers REHAB peuvent vous accompagner dans toutes les \u00e9tapes de votre projet et vous aider ainsi \u00e0 faire les bons choix !<\/p>\n<p style=\"text-align: justify;\">Via la plateforme\u00a0<a href=\"http:\/\/www.monprojetrehab.fr\/\" target=\"_blank\" rel=\"noopener\">www.monprojetrehab.fr<\/a>\u00a0vous pouvez \u00e9galement faire des demandes de devis en ligne et \u00eatre mis en relation avec des entreprises du territoire reconnues garant de l\u2019environnement.<br \/>\nSi vous avez un projet de r\u00e9novation ou de travaux d\u2019\u00e9conomie d\u2019\u00e9nergie et que vous souhaitez \u00eatre accompagn\u00e9, n\u2019h\u00e9sitez pas \u00e0 vous inscrire sur la plateforme :<br \/>\n<a href=\"http:\/\/www.monprojetrehab.fr\/\" target=\"_blank\" rel=\"noopener\">www.monprojetrehab.fr<\/a>\u00a0ou contacter les conseillers au\u00a0<a target=\"_blank\">05.63.60.16.80<\/a><\/p>\n<p><iframe loading=\"lazy\" src=\"https:\/\/www.youtube.com\/embed\/_GrnX6U94fM?rel=0&amp;showinfo=0\" width=\"560\" height=\"315\" frameborder=\"0\" allowfullscreen=\"allowfullscreen\"><\/iframe><\/p>\n","protected":false},"excerpt":{"rendered":"<p>Cr\u00e9\u00e9e par le P\u00f4le Territorial de l\u2019Albigeois et des Bastides, la plateforme REHAB est un service d\u2019accompagnement \u00e0 la r\u00e9novation, pour les propri\u00e9taires pr\u00e9sents sur le territoire du P\u00f4le dont fait partie la Communaut\u00e9 de Communes. Que vous soyez b\u00e9n\u00e9ficiaire ou non d\u2019aides publiques, que vous souhaitiez r\u00e9aliser vos travaux ou faire appel \u00e0 des [&hellip;]<\/p>\n","protected":false},"author":1,"featured_media":1720,"parent":407,"menu_order":0,"comment_status":"closed","ping_status":"closed","template":"","meta":[],"yoast_head":"<!-- This site is optimized with the Yoast SEO plugin v18.3 - https:\/\/yoast.com\/wordpress\/plugins\/seo\/ -->\n<title>R\u00e9novation \u00c9nerg\u00e9tique - Communaut\u00e9 de Communes Centre Tarn<\/title>\n<meta name=\"robots\" content=\"noindex, follow, max-snippet:-1, max-image-preview:large, max-video-preview:-1\" \/>\n<meta property=\"og:locale\" content=\"fr_FR\" \/>\n<meta property=\"og:type\" content=\"article\" \/>\n<meta property=\"og:title\" content=\"R\u00e9novation \u00c9nerg\u00e9tique - Communaut\u00e9 de Communes Centre Tarn\" \/>\n<meta property=\"og:description\" content=\"Cr\u00e9\u00e9e par le P\u00f4le Territorial de l\u2019Albigeois et des Bastides, la plateforme REHAB est un service d\u2019accompagnement \u00e0 la r\u00e9novation, pour les propri\u00e9taires pr\u00e9sents sur le territoire du P\u00f4le dont fait partie la Communaut\u00e9 de Communes. Que vous soyez b\u00e9n\u00e9ficiaire ou non d\u2019aides publiques, que vous souhaitiez r\u00e9aliser vos travaux ou faire appel \u00e0 des [&hellip;]\" \/>\n<meta property=\"og:url\" content=\"http:\/\/cb27363e0b.url-de-test.ws\/site\/environnement\/rehab\/\" \/>\n<meta property=\"og:site_name\" content=\"Communaut\u00e9 de Communes Centre Tarn\" \/>\n<meta property=\"article:publisher\" content=\"https:\/\/fr-fr.facebook.com\/centretarn\/\" \/>\n<meta property=\"article:modified_time\" content=\"2018-09-18T09:53:51+00:00\" \/>\n<meta property=\"og:image\" content=\"http:\/\/cb27363e0b.url-de-test.ws\/site\/wp-content\/uploads\/2017\/10\/votre-quotidien-REHAB.jpg\" \/>\n\t<meta property=\"og:image:width\" content=\"241\" \/>\n\t<meta property=\"og:image:height\" content=\"197\" \/>\n\t<meta property=\"og:image:type\" content=\"image\/jpeg\" \/>\n<meta name=\"twitter:card\" content=\"summary_large_image\" \/>\n<meta name=\"twitter:label1\" content=\"Dur\u00e9e de lecture estim\u00e9e\" \/>\n\t<meta name=\"twitter:data1\" content=\"1 minute\" \/>\n<script type=\"application\/ld+json\" class=\"yoast-schema-graph\">{\"@context\":\"https:\/\/schema.org\",\"@graph\":[{\"@type\":\"Organization\",\"@id\":\"http:\/\/cb27363e0b.url-de-test.ws\/site\/#organization\",\"name\":\"Communaut\u00e9 de Communes Centre Tarn\",\"url\":\"http:\/\/cb27363e0b.url-de-test.ws\/site\/\",\"sameAs\":[\"https:\/\/fr-fr.facebook.com\/centretarn\/\",\"https:\/\/www.youtube.com\/channel\/UCmH971jS42X98fNgJKDqb1A\"],\"logo\":{\"@type\":\"ImageObject\",\"@id\":\"http:\/\/cb27363e0b.url-de-test.ws\/site\/#logo\",\"inLanguage\":\"fr-FR\",\"url\":\"http:\/\/cb27363e0b.url-de-test.ws\/site\/wp-content\/uploads\/2018\/02\/logo-site.png\",\"contentUrl\":\"http:\/\/cb27363e0b.url-de-test.ws\/site\/wp-content\/uploads\/2018\/02\/logo-site.png\",\"width\":149,\"height\":169,\"caption\":\"Communaut\u00e9 de Communes Centre Tarn\"},\"image\":{\"@id\":\"http:\/\/cb27363e0b.url-de-test.ws\/site\/#logo\"}},{\"@type\":\"WebSite\",\"@id\":\"http:\/\/cb27363e0b.url-de-test.ws\/site\/#website\",\"url\":\"http:\/\/cb27363e0b.url-de-test.ws\/site\/\",\"name\":\"Communaut\u00e9 de Communes Centre Tarn\",\"description\":\"\",\"publisher\":{\"@id\":\"http:\/\/cb27363e0b.url-de-test.ws\/site\/#organization\"},\"potentialAction\":[{\"@type\":\"SearchAction\",\"target\":{\"@type\":\"EntryPoint\",\"urlTemplate\":\"http:\/\/cb27363e0b.url-de-test.ws\/site\/?s={search_term_string}\"},\"query-input\":\"required name=search_term_string\"}],\"inLanguage\":\"fr-FR\"},{\"@type\":\"ImageObject\",\"@id\":\"http:\/\/cb27363e0b.url-de-test.ws\/site\/environnement\/rehab\/#primaryimage\",\"inLanguage\":\"fr-FR\",\"url\":\"http:\/\/cb27363e0b.url-de-test.ws\/site\/wp-content\/uploads\/2017\/10\/votre-quotidien-REHAB.jpg\",\"contentUrl\":\"http:\/\/cb27363e0b.url-de-test.ws\/site\/wp-content\/uploads\/2017\/10\/votre-quotidien-REHAB.jpg\",\"width\":241,\"height\":197},{\"@type\":\"WebPage\",\"@id\":\"http:\/\/cb27363e0b.url-de-test.ws\/site\/environnement\/rehab\/#webpage\",\"url\":\"http:\/\/cb27363e0b.url-de-test.ws\/site\/environnement\/rehab\/\",\"name\":\"R\u00e9novation \u00c9nerg\u00e9tique - Communaut\u00e9 de Communes Centre Tarn\",\"isPartOf\":{\"@id\":\"http:\/\/cb27363e0b.url-de-test.ws\/site\/#website\"},\"primaryImageOfPage\":{\"@id\":\"http:\/\/cb27363e0b.url-de-test.ws\/site\/environnement\/rehab\/#primaryimage\"},\"datePublished\":\"2017-10-17T12:05:45+00:00\",\"dateModified\":\"2018-09-18T09:53:51+00:00\",\"breadcrumb\":{\"@id\":\"http:\/\/cb27363e0b.url-de-test.ws\/site\/environnement\/rehab\/#breadcrumb\"},\"inLanguage\":\"fr-FR\",\"potentialAction\":[{\"@type\":\"ReadAction\",\"target\":[\"http:\/\/cb27363e0b.url-de-test.ws\/site\/environnement\/rehab\/\"]}]},{\"@type\":\"BreadcrumbList\",\"@id\":\"http:\/\/cb27363e0b.url-de-test.ws\/site\/environnement\/rehab\/#breadcrumb\",\"itemListElement\":[{\"@type\":\"ListItem\",\"position\":1,\"name\":\"Accueil\",\"item\":\"http:\/\/cb27363e0b.url-de-test.ws\/site\/\"},{\"@type\":\"ListItem\",\"position\":2,\"name\":\"Environnement\",\"item\":\"http:\/\/cb27363e0b.url-de-test.ws\/site\/environnement\/\"},{\"@type\":\"ListItem\",\"position\":3,\"name\":\"R\u00e9novation \u00c9nerg\u00e9tique\"}]}]}<\/script>\n<!-- \/ Yoast SEO plugin. -->","yoast_head_json":{"title":"R\u00e9novation \u00c9nerg\u00e9tique - Communaut\u00e9 de Communes Centre Tarn","robots":{"index":"noindex","follow":"follow","max-snippet":"max-snippet:-1","max-image-preview":"max-image-preview:large","max-video-preview":"max-video-preview:-1"},"og_locale":"fr_FR","og_type":"article","og_title":"R\u00e9novation \u00c9nerg\u00e9tique - Communaut\u00e9 de Communes Centre Tarn","og_description":"Cr\u00e9\u00e9e par le P\u00f4le Territorial de l\u2019Albigeois et des Bastides, la plateforme REHAB est un service d\u2019accompagnement \u00e0 la r\u00e9novation, pour les propri\u00e9taires pr\u00e9sents sur le territoire du P\u00f4le dont fait partie la Communaut\u00e9 de Communes. Que vous soyez b\u00e9n\u00e9ficiaire ou non d\u2019aides publiques, que vous souhaitiez r\u00e9aliser vos travaux ou faire appel \u00e0 des [&hellip;]","og_url":"http:\/\/cb27363e0b.url-de-test.ws\/site\/environnement\/rehab\/","og_site_name":"Communaut\u00e9 de Communes Centre Tarn","article_publisher":"https:\/\/fr-fr.facebook.com\/centretarn\/","article_modified_time":"2018-09-18T09:53:51+00:00","og_image":[{"width":241,"height":197,"url":"http:\/\/cb27363e0b.url-de-test.ws\/site\/wp-content\/uploads\/2017\/10\/votre-quotidien-REHAB.jpg","type":"image\/jpeg"}],"twitter_card":"summary_large_image","twitter_misc":{"Dur\u00e9e de lecture estim\u00e9e":"1 minute"},"schema":{"@context":"https:\/\/schema.org","@graph":[{"@type":"Organization","@id":"http:\/\/cb27363e0b.url-de-test.ws\/site\/#organization","name":"Communaut\u00e9 de Communes Centre Tarn","url":"http:\/\/cb27363e0b.url-de-test.ws\/site\/","sameAs":["https:\/\/fr-fr.facebook.com\/centretarn\/","https:\/\/www.youtube.com\/channel\/UCmH971jS42X98fNgJKDqb1A"],"logo":{"@type":"ImageObject","@id":"http:\/\/cb27363e0b.url-de-test.ws\/site\/#logo","inLanguage":"fr-FR","url":"http:\/\/cb27363e0b.url-de-test.ws\/site\/wp-content\/uploads\/2018\/02\/logo-site.png","contentUrl":"http:\/\/cb27363e0b.url-de-test.ws\/site\/wp-content\/uploads\/2018\/02\/logo-site.png","width":149,"height":169,"caption":"Communaut\u00e9 de Communes Centre Tarn"},"image":{"@id":"http:\/\/cb27363e0b.url-de-test.ws\/site\/#logo"}},{"@type":"WebSite","@id":"http:\/\/cb27363e0b.url-de-test.ws\/site\/#website","url":"http:\/\/cb27363e0b.url-de-test.ws\/site\/","name":"Communaut\u00e9 de Communes Centre Tarn","description":"","publisher":{"@id":"http:\/\/cb27363e0b.url-de-test.ws\/site\/#organization"},"potentialAction":[{"@type":"SearchAction","target":{"@type":"EntryPoint","urlTemplate":"http:\/\/cb27363e0b.url-de-test.ws\/site\/?s={search_term_string}"},"query-input":"required name=search_term_string"}],"inLanguage":"fr-FR"},{"@type":"ImageObject","@id":"http:\/\/cb27363e0b.url-de-test.ws\/site\/environnement\/rehab\/#primaryimage","inLanguage":"fr-FR","url":"http:\/\/cb27363e0b.url-de-test.ws\/site\/wp-content\/uploads\/2017\/10\/votre-quotidien-REHAB.jpg","contentUrl":"http:\/\/cb27363e0b.url-de-test.ws\/site\/wp-content\/uploads\/2017\/10\/votre-quotidien-REHAB.jpg","width":241,"height":197},{"@type":"WebPage","@id":"http:\/\/cb27363e0b.url-de-test.ws\/site\/environnement\/rehab\/#webpage","url":"http:\/\/cb27363e0b.url-de-test.ws\/site\/environnement\/rehab\/","name":"R\u00e9novation \u00c9nerg\u00e9tique - Communaut\u00e9 de Communes Centre Tarn","isPartOf":{"@id":"http:\/\/cb27363e0b.url-de-test.ws\/site\/#website"},"primaryImageOfPage":{"@id":"http:\/\/cb27363e0b.url-de-test.ws\/site\/environnement\/rehab\/#primaryimage"},"datePublished":"2017-10-17T12:05:45+00:00","dateModified":"2018-09-18T09:53:51+00:00","breadcrumb":{"@id":"http:\/\/cb27363e0b.url-de-test.ws\/site\/environnement\/rehab\/#breadcrumb"},"inLanguage":"fr-FR","potentialAction":[{"@type":"ReadAction","target":["http:\/\/cb27363e0b.url-de-test.ws\/site\/environnement\/rehab\/"]}]},{"@type":"BreadcrumbList","@id":"http:\/\/cb27363e0b.url-de-test.ws\/site\/environnement\/rehab\/#breadcrumb","itemListElement":[{"@type":"ListItem","position":1,"name":"Accueil","item":"http:\/\/cb27363e0b.url-de-test.ws\/site\/"},{"@type":"ListItem","position":2,"name":"Environnement","item":"http:\/\/cb27363e0b.url-de-test.ws\/site\/environnement\/"},{"@type":"ListItem","position":3,"name":"R\u00e9novation \u00c9nerg\u00e9tique"}]}]}},"_links":{"self":[{"href":"http:\/\/cb27363e0b.url-de-test.ws\/site\/wp-json\/wp\/v2\/pages\/633"}],"collection":[{"href":"http:\/\/cb27363e0b.url-de-test.ws\/site\/wp-json\/wp\/v2\/pages"}],"about":[{"href":"http:\/\/cb27363e0b.url-de-test.ws\/site\/wp-json\/wp\/v2\/types\/page"}],"author":[{"embeddable":true,"href":"http:\/\/cb27363e0b.url-de-test.ws\/site\/wp-json\/wp\/v2\/users\/1"}],"replies":[{"embeddable":true,"href":"http:\/\/cb27363e0b.url-de-test.ws\/site\/wp-json\/wp\/v2\/comments?post=633"}],"version-history":[{"count":29,"href":"http:\/\/cb27363e0b.url-de-test.ws\/site\/wp-json\/wp\/v2\/pages\/633\/revisions"}],"predecessor-version":[{"id":3180,"href":"http:\/\/cb27363e0b.url-de-test.ws\/site\/wp-json\/wp\/v2\/pages\/633\/revisions\/3180"}],"up":[{"embeddable":true,"href":"http:\/\/cb27363e0b.url-de-test.ws\/site\/wp-json\/wp\/v2\/pages\/407"}],"wp:featuredmedia":[{"embeddable":true,"href":"http:\/\/cb27363e0b.url-de-test.ws\/site\/wp-json\/wp\/v2\/media\/1720"}],"wp:attachment":[{"href":"http:\/\/cb27363e0b.url-de-test.ws\/site\/wp-json\/wp\/v2\/media?parent=633"}],"curies":[{"name":"wp","href":"https:\/\/api.w.org\/{rel}","templated":true}]}}