{"id":624,"date":"2017-10-17T11:08:35","date_gmt":"2017-10-17T09:08:35","guid":{"rendered":"http:\/\/cb27363e0b.url-de-test.ws\/site\/?page_id=624"},"modified":"2018-10-02T13:23:48","modified_gmt":"2018-10-02T11:23:48","slug":"office-tourisme","status":"publish","type":"page","link":"http:\/\/cb27363e0b.url-de-test.ws\/site\/culture-et-tourisme\/office-tourisme\/","title":{"rendered":"Office de Tourisme"},"content":{"rendered":"<div class=\"c-tabs\"><div class=\"c-content-box\"><div class=\"tabs-inner\"><ul class=\"tab-list\"><li class=\"tab m-active\"><span class=\"tab-label\">Pr\u00e9sentation<\/span><\/li><li class=\"tab\"><span class=\"tab-label\">Taxe de s\u00e9jour<\/span><\/li><\/ul><ul class=\"content-list\">\n<li><p><img loading=\"lazy\" class=\"aligncenter wp-image-2462\" src=\"http:\/\/cb27363e0b.url-de-test.ws\/site\/wp-content\/uploads\/2017\/10\/coup_de_coeur_2400px-480x228.png\" alt=\"Logo Coup de Coeur en Centre Tarn\" width=\"200\" height=\"95\" srcset=\"http:\/\/cb27363e0b.url-de-test.ws\/site\/wp-content\/uploads\/2017\/10\/coup_de_coeur_2400px-480x228.png 480w, http:\/\/cb27363e0b.url-de-test.ws\/site\/wp-content\/uploads\/2017\/10\/coup_de_coeur_2400px-768x364.png 768w, http:\/\/cb27363e0b.url-de-test.ws\/site\/wp-content\/uploads\/2017\/10\/coup_de_coeur_2400px-1024x486.png 1024w\" sizes=\"(max-width: 200px) 100vw, 200px\" \/><br \/>\n<div id=\"metaslider-id-2471\" style=\"max-width: 700px; margin: 0 auto;\" class=\"ml-slider-3-27-2 metaslider metaslider-nivo metaslider-2471 ml-slider metasliderblock\">\n    <div id=\"metaslider_container_2471\">\n        <div class='slider-wrapper theme-default'><div class='ribbon'><\/div><div id='metaslider_2471' class='nivoSlider'><img src=\"http:\/\/cb27363e0b.url-de-test.ws\/site\/wp-content\/uploads\/2017\/10\/Bancalie_3000x1200-700x280.jpg\" height=\"280\" width=\"700\" title=\"Bancalie_3000x1200\" alt=\"Lac de la Bancali\u00e9\" class=\"slider-2471 slide-2472\" \/><img src=\"http:\/\/cb27363e0b.url-de-test.ws\/site\/wp-content\/uploads\/2018\/07\/Pigeonnier_web_3000x1200-700x280.jpg\" height=\"280\" width=\"700\" title=\"Pigeonnier_web_3000x1200\" alt=\"Pigeonnier\" class=\"slider-2471 slide-2474\" \/><\/div><\/div>\n        \n    <\/div>\n<\/div>\n<h2>Qui sommes-nous ?<\/h2>\n<p style=\"text-align: justify;\">L&rsquo;Office de Tourisme Centre Tarn est un service de la Communaut\u00e9 de communes Centre Tarn. Il se compose de deux points d&rsquo;accueil \u00e0 savoir R\u00e9almont et Montredon-Labessonni\u00e9. L&rsquo;Office de Tourisme a pour mission d&rsquo;informer le visiteur, de structurer et de valoriser son offre locale (sites de visites, restaurants, h\u00e9bergements, \u00e9quipements \u00e0 vocation touristique tel que les sentiers de randonn\u00e9e). Pour mener \u00e0 bien cet objectif, nous comptons sur l&rsquo;\u00e9quipe de l&rsquo;office de tourisme, dynamique, motiv\u00e9e et \u00e0 votre \u00e9coute !<\/p>\n<h2>Quelles sont nos missions ?<\/h2>\n<div class=\"row\">\n<div class=\"col-md-6\">\n<ul>\n<li>Accueil physique et t\u00e9l\u00e9phonique des visiteurs<\/li>\n<li>Coordination des prestataires touristiques locaux<\/li>\n<li>Cr\u00e9ation d&rsquo;animations et d\u2019\u00e9v\u00e9nements \u00e0 vocation touristique<\/li>\n<li>D\u00e9velopper le tourisme sur le territoire<\/li>\n<\/ul>\n<\/div>\n<div class=\"col-md-6\">\n<ul>\n<li>R\u00e9alisation de produits touristiques<\/li>\n<li>Suivi et valorisation des sentiers de randonn\u00e9e<\/li>\n<li>Travailler la visibilit\u00e9 sur les r\u00e9seaux sociaux<\/li>\n<li>Animer la taxe de s\u00e9jour<\/li>\n<\/ul>\n<\/div>\n<\/div>\n<div class=\"row\">\n<div class=\"col-md-6\">\n<h2>O\u00f9 nous trouver ?<\/h2>\n<p>Office de Tourisme Centre Tarn<br \/>\n8 place de la R\u00e9publique<br \/>\n81120 R\u00e9almont<\/p>\n<p>Office de Tourisme Centre Tarn<br \/>\n9 avenue des Pyr\u00e9n\u00e9es<br \/>\n81360 Montredon-Labessonni\u00e9\n<\/p>\n<\/div>\n<div class=\"col-md-6\">\n<h2>Comment nous contacter ?<\/h2>\n<p>Sur internet :<br \/>\n<a href=\"http:\/\/www.tourisme-centretarn.fr\" target=\"_blank\" rel=\"noopener\">www.tourisme-centretarn.fr<\/a><\/p>\n<p>Par t\u00e9l\u00e9phone :<br \/>\nR\u00e9almont : <a href=\"tel:0563790545\">05 63 79 05 45<\/a><br \/>\nMontredon-Labessonni\u00e9 : <a href=\"tel:0531819561\">05 31 81 95 61<\/a><\/p>\n<p>Par mail<br \/>\n<a href=\"mailto:contact.tourisme@centretarn.fr\"> contact.tourisme@centretarn.fr<\/a><\/p>\n<\/div>\n<\/div>\n<h2>Les horaires<\/h2>\n<div class=\"row\">\n<div class=\"col-md-6\">\n<h4>R\u00e9almont<\/h4>\n<p><strong>Juillet et Ao\u00fbt<\/strong><br \/>\nDu lundi au samedi 10h-13h \/ 14h00-18h00<br \/>\net dimanche et jours f\u00e9ri\u00e9s<\/p>\n<p><strong>Septembre \u00e0 Juin<\/strong><br \/>\n9h30-12h30 et 14h00-17:00<\/p>\n<\/div>\n<div class=\"col-md-6\">\n<h4>Montredon-Labessonni\u00e9<\/h4>\n<p><strong>Septembre, Mai et Juin<\/strong><br \/>\nMardi, jeudi, vendredi et dimanche<br \/>\n10h00-13h00<br \/>\nmercredi et samedi 10h00-13h00 et 15h-18h<\/p>\n<p><strong>Juillet et Ao\u00fbt<\/strong><br \/>\nDu mardi au samedi 10h00-13h00\/ 14h00-18h00 et le dimanche 10h00-13h00<\/p>\n<p><strong>Octobre \u00e0 Avril<\/strong><br \/>\nMardi, jeudi, vendredi 10h00-13h00<br \/>\nmercredi et samedi 10h00-13h00 et 15h-18h<\/p>\n<\/div>\n<\/div>\n<\/li>\n<li style=\"display: none;\"><h3 style=\"text-align: justify;\">1- Qu&rsquo;est ce que la taxe de s\u00e9jour?<\/h3>\n<p style=\"text-align: justify;\">La saison estivale est indispensable au maintien de l&rsquo;activit\u00e9 de nombreux commer\u00e7ants et h\u00e9bergeurs du territoire. Les actions de d\u00e9veloppement touristique, et notamment de communication sur les attraits de notre territoire, sont d\u00e8s lors, tr\u00e8s importantes pour l&rsquo;\u00e9conomie locale.<br \/>\nLa taxe de s\u00e9jour s&rsquo;analyse ainsi comme une contribution financi\u00e8re des touristes \u00e0 l&rsquo;\u00e9conomie locale. Elle permet de financer les d\u00e9penses li\u00e9es \u00e0 la fr\u00e9quentation touristique du territoire. Cette taxation est \u00e9tablie au r\u00e9el. Tout au long de l&rsquo;ann\u00e9e, les h\u00e9bergeurs devront collecter la taxe aupr\u00e8s de chaque personne adulte log\u00e9e dans leur(s) h\u00e9bergement(s).<br \/>\nLe tarif de la taxe de s\u00e9jour varie en fonction du type d&rsquo;h\u00e9bergement (h\u00f4tel, g\u00eete, camping, chambres d&rsquo;h\u00f4tes etc.) et de son classement (nombres d&rsquo;\u00e9toiles) ou\u00a0 labellisation (cl\u00e9, \u00e9pis). En France, les tarifs s&rsquo;\u00e9chelonnent entre 0.20\u20ac et 4\u20ac par nuit et par personne adulte en fonction du confort, du standing et du classement de l&rsquo;h\u00e9bergement.<\/p>\n<h3 style=\"text-align: justify;\">2- \u00c0 quoi sert la taxe de s\u00e9jour?<\/h3>\n<p style=\"text-align: justify;\">La taxe de s\u00e9jour est employ\u00e9e obligatoirement pour financer plusieurs types d&rsquo;actions :<br \/>\n&#8211; Actions de communication, \u00e9dition du guide pratique, promotion des h\u00e9bergeurs<br \/>\n&#8211; Actions de d\u00e9veloppement (signal\u00e9tique, randonn\u00e9e, offre touristique)<br \/>\n&#8211; Actions d&rsquo;\u00e9v\u00e9nementiels (\u00e9ductour)<br \/>\nLe produit de la taxe de s\u00e9jour est pour partie, affect\u00e9 aux recettes du budget de l&rsquo;Office de Tourisme en charge du d\u00e9veloppement touristique sur le territoire et menant des actions de valorisation.<\/p>\n<h3 style=\"text-align: justify;\">3- Qui paie la taxe de s\u00e9jour ?<\/h3>\n<p style=\"text-align: justify;\">Le touriste paie la taxe de s\u00e9jour.<br \/>\nPlus pr\u00e9cis\u00e9ment, il faut entendre par l\u00e0, les adultes h\u00e9berg\u00e9s \u00e0 titre on\u00e9reux dans un h\u00e9bergement au moins une nuit, qui ne sont pas domicili\u00e9s sur le territoire de la Communaut\u00e9 de communes et qui n&rsquo;y poss\u00e8dent pas de r\u00e9sidence \u00e0 raison de laquelle ils sont passibles de la taxe d&rsquo;habitation. Les propri\u00e9taires de r\u00e9sidences secondaires ne sont pas soumis \u00e0 la taxe de s\u00e9jour.<\/p>\n<h3 style=\"text-align: justify;\">4- Qui est exon\u00e9r\u00e9 de la taxe de s\u00e9jour ?<\/h3>\n<p style=\"text-align: justify;\">&#8211; Les personnes mineures (moins de 18 ans)<br \/>\n&#8211; Les titulaires d&rsquo;un contrat de travail saisonnier employ\u00e9s sur le territoire de la Communaut\u00e9<br \/>\nde communes<br \/>\n&#8211; Les personnes b\u00e9n\u00e9ficiant d&rsquo;un h\u00e9bergement d&rsquo;urgence ou d&rsquo;un relogement temporaire<\/p>\n<h3 style=\"text-align: justify;\">5- Qui collecte la taxe de s\u00e9jour ?<\/h3>\n<p style=\"text-align: justify;\">L&rsquo;h\u00e9bergeur collecte la taxe de s\u00e9jour.<br \/>\nLes natures d&rsquo;h\u00e9bergement concern\u00e9es sont les suivantes : h\u00f4tel de tourisme, r\u00e9sidence de tourisme, parc r\u00e9sidentiel de loisirs, meubl\u00e9 de tourisme et g\u00eete, chambre d&rsquo;h\u00f4tes, village de vacances, terrain de camping et h\u00e9bergement de plein-air, auberge de jeunesse et h\u00e9bergement insolite.<br \/>\nLes particuliers (loueurs non professionnels) qui louent \u00e0 titre on\u00e9reux tout ou partie de leur habitation personnelle (g\u00eete ou chambres d&rsquo;h\u00f4tes) doivent collecter la taxe de s\u00e9jour.<\/p>\n<h3 style=\"text-align: justify;\">6- Ouverture d&rsquo;un h\u00e9bergement en cours d&rsquo;ann\u00e9e : comment faire ?<\/h3>\n<p style=\"text-align: justify;\">Si un h\u00e9bergement ouvre en cours d&rsquo;ann\u00e9e, la date inscrite sur la d\u00e9claration de l&rsquo;h\u00e9bergement en mairie (document CERFA) d\u00e9clenche le d\u00e9but de la collecte de la taxe de s\u00e9jour. Il conviendra de contacter ensuite l&rsquo;Office de Tourisme qui remettra tous les documents obligatoires (affichage des tarifs, \u00e9tat des sommes vers\u00e9es, d\u00e9lib\u00e9ration et bordereau de versement).<\/p>\n<p style=\"text-align: justify;\">Pour plus d&rsquo;infos : <a href=\"mailto:contact.tourisme@centretarn.fr\">contact.tourisme@centretarn.fr<\/a> ou <a href=\"tel:0563790565\">05 63 79 05 65<\/a><\/p>\n<div class=\"row\">\n<div class=\"col-sm-6 col-md-3\">\n<div class=\"block-tourisme\">\n<p><a href=\"http:\/\/cb27363e0b.url-de-test.ws\/site\/wp-content\/uploads\/2017\/10\/Guide_taxe_sejour_2018.pdf\" target=\"_blank\" rel=\"noopener\">GUIDE TAXE DE S\u00c9JOUR<\/a><\/p>\n<\/div>\n<\/div>\n<div class=\"col-sm-6 col-md-3\">\n<div class=\"block-tourisme\">\n<p><a href=\"http:\/\/cb27363e0b.url-de-test.ws\/site\/wp-content\/uploads\/2018\/07\/D\u00e9lib\u00e9ration_Institution_taxe_sejour_01.01.18.pdf\" target=\"_blank\" rel=\"noopener\">D\u00c9LIB\u00c9RATION<\/a><\/p>\n<\/div>\n<\/div>\n<div class=\"col-sm-6 col-md-3\">\n<div class=\"block-tourisme\">\n<p><a href=\"http:\/\/cb27363e0b.url-de-test.ws\/site\/wp-content\/uploads\/2018\/07\/Bordereau_versement.pdf\" target=\"_blank\" rel=\"noopener\">BORDEREAU DE VERSEMENT<\/a><\/p>\n<\/div>\n<\/div>\n<div class=\"col-sm-6 col-md-3\">\n<div class=\"block-tourisme\">\n<p><a href=\"http:\/\/cb27363e0b.url-de-test.ws\/site\/wp-content\/uploads\/2018\/07\/Etat_declaratif_sommes_versees.pdf\" target=\"_blank\" rel=\"noopener\">\u00c9TAT D\u00c9CLARATIF DES SOMMES VERS\u00c9ES<\/a><\/p>\n<\/div>\n<\/div>\n<\/div>\n<p><img loading=\"lazy\" class=\"aligncenter wp-image-2462\" src=\"http:\/\/cb27363e0b.url-de-test.ws\/site\/wp-content\/uploads\/2017\/10\/coup_de_coeur_2400px-480x228.png\" alt=\"Logo Coup de Coeur en Centre Tarn\" width=\"200\" height=\"95\" srcset=\"http:\/\/cb27363e0b.url-de-test.ws\/site\/wp-content\/uploads\/2017\/10\/coup_de_coeur_2400px-480x228.png 480w, http:\/\/cb27363e0b.url-de-test.ws\/site\/wp-content\/uploads\/2017\/10\/coup_de_coeur_2400px-768x364.png 768w, http:\/\/cb27363e0b.url-de-test.ws\/site\/wp-content\/uploads\/2017\/10\/coup_de_coeur_2400px-1024x486.png 1024w\" sizes=\"(max-width: 200px) 100vw, 200px\" \/><\/p>\n<\/li>\n<\/ul><\/div><\/div><\/div>\n","protected":false},"excerpt":{"rendered":"Pr\u00e9sentationTaxe de s\u00e9jour Qui sommes-nous ? L'Office de Tourisme Centre Tarn est un service de la Communaut\u00e9 de communes Centre Tarn. Il se compose de deux points d'accueil \u00e0 savoir R\u00e9almont et Montredon-Labessonni\u00e9. L'Office de Tourisme a pour mission d'informer le visiteur, de structurer et de valoriser son offre locale (sites de visites, restaurants, h\u00e9bergements, [...]","protected":false},"author":1,"featured_media":1710,"parent":4,"menu_order":3,"comment_status":"closed","ping_status":"closed","template":"","meta":[],"yoast_head":"<!-- This site is optimized with the Yoast SEO plugin v18.3 - https:\/\/yoast.com\/wordpress\/plugins\/seo\/ -->\n<title>Office de Tourisme - Communaut\u00e9 de Communes Centre Tarn<\/title>\n<meta name=\"robots\" content=\"noindex, follow, max-snippet:-1, max-image-preview:large, max-video-preview:-1\" \/>\n<meta property=\"og:locale\" content=\"fr_FR\" \/>\n<meta property=\"og:type\" content=\"article\" \/>\n<meta property=\"og:title\" content=\"Office de Tourisme - Communaut\u00e9 de Communes Centre Tarn\" \/>\n<meta property=\"og:url\" content=\"http:\/\/cb27363e0b.url-de-test.ws\/site\/culture-et-tourisme\/office-tourisme\/\" \/>\n<meta property=\"og:site_name\" content=\"Communaut\u00e9 de Communes Centre Tarn\" \/>\n<meta property=\"article:publisher\" content=\"https:\/\/fr-fr.facebook.com\/centretarn\/\" \/>\n<meta property=\"article:modified_time\" content=\"2018-10-02T11:23:48+00:00\" \/>\n<meta property=\"og:image\" content=\"http:\/\/cb27363e0b.url-de-test.ws\/site\/wp-content\/uploads\/2017\/10\/2014-12-24-BAT-affiches-centre-tarn-30-X-42-ulm-web_Page_2.jpg\" \/>\n\t<meta property=\"og:image:width\" content=\"1654\" \/>\n\t<meta property=\"og:image:height\" content=\"1182\" \/>\n\t<meta property=\"og:image:type\" content=\"image\/jpeg\" \/>\n<meta name=\"twitter:card\" content=\"summary_large_image\" \/>\n<meta name=\"twitter:label1\" content=\"Dur\u00e9e de lecture estim\u00e9e\" \/>\n\t<meta name=\"twitter:data1\" content=\"5 minutes\" \/>\n<script type=\"application\/ld+json\" class=\"yoast-schema-graph\">{\"@context\":\"https:\/\/schema.org\",\"@graph\":[{\"@type\":\"Organization\",\"@id\":\"http:\/\/cb27363e0b.url-de-test.ws\/site\/#organization\",\"name\":\"Communaut\u00e9 de Communes Centre Tarn\",\"url\":\"http:\/\/cb27363e0b.url-de-test.ws\/site\/\",\"sameAs\":[\"https:\/\/fr-fr.facebook.com\/centretarn\/\",\"https:\/\/www.youtube.com\/channel\/UCmH971jS42X98fNgJKDqb1A\"],\"logo\":{\"@type\":\"ImageObject\",\"@id\":\"http:\/\/cb27363e0b.url-de-test.ws\/site\/#logo\",\"inLanguage\":\"fr-FR\",\"url\":\"http:\/\/cb27363e0b.url-de-test.ws\/site\/wp-content\/uploads\/2018\/02\/logo-site.png\",\"contentUrl\":\"http:\/\/cb27363e0b.url-de-test.ws\/site\/wp-content\/uploads\/2018\/02\/logo-site.png\",\"width\":149,\"height\":169,\"caption\":\"Communaut\u00e9 de Communes Centre Tarn\"},\"image\":{\"@id\":\"http:\/\/cb27363e0b.url-de-test.ws\/site\/#logo\"}},{\"@type\":\"WebSite\",\"@id\":\"http:\/\/cb27363e0b.url-de-test.ws\/site\/#website\",\"url\":\"http:\/\/cb27363e0b.url-de-test.ws\/site\/\",\"name\":\"Communaut\u00e9 de Communes Centre Tarn\",\"description\":\"\",\"publisher\":{\"@id\":\"http:\/\/cb27363e0b.url-de-test.ws\/site\/#organization\"},\"potentialAction\":[{\"@type\":\"SearchAction\",\"target\":{\"@type\":\"EntryPoint\",\"urlTemplate\":\"http:\/\/cb27363e0b.url-de-test.ws\/site\/?s={search_term_string}\"},\"query-input\":\"required name=search_term_string\"}],\"inLanguage\":\"fr-FR\"},{\"@type\":\"ImageObject\",\"@id\":\"http:\/\/cb27363e0b.url-de-test.ws\/site\/culture-et-tourisme\/office-tourisme\/#primaryimage\",\"inLanguage\":\"fr-FR\",\"url\":\"http:\/\/cb27363e0b.url-de-test.ws\/site\/wp-content\/uploads\/2017\/10\/2014-12-24-BAT-affiches-centre-tarn-30-X-42-ulm-web_Page_2.jpg\",\"contentUrl\":\"http:\/\/cb27363e0b.url-de-test.ws\/site\/wp-content\/uploads\/2017\/10\/2014-12-24-BAT-affiches-centre-tarn-30-X-42-ulm-web_Page_2.jpg\",\"width\":1654,\"height\":1182},{\"@type\":\"WebPage\",\"@id\":\"http:\/\/cb27363e0b.url-de-test.ws\/site\/culture-et-tourisme\/office-tourisme\/#webpage\",\"url\":\"http:\/\/cb27363e0b.url-de-test.ws\/site\/culture-et-tourisme\/office-tourisme\/\",\"name\":\"Office de Tourisme - Communaut\u00e9 de Communes Centre Tarn\",\"isPartOf\":{\"@id\":\"http:\/\/cb27363e0b.url-de-test.ws\/site\/#website\"},\"primaryImageOfPage\":{\"@id\":\"http:\/\/cb27363e0b.url-de-test.ws\/site\/culture-et-tourisme\/office-tourisme\/#primaryimage\"},\"datePublished\":\"2017-10-17T09:08:35+00:00\",\"dateModified\":\"2018-10-02T11:23:48+00:00\",\"breadcrumb\":{\"@id\":\"http:\/\/cb27363e0b.url-de-test.ws\/site\/culture-et-tourisme\/office-tourisme\/#breadcrumb\"},\"inLanguage\":\"fr-FR\",\"potentialAction\":[{\"@type\":\"ReadAction\",\"target\":[\"http:\/\/cb27363e0b.url-de-test.ws\/site\/culture-et-tourisme\/office-tourisme\/\"]}]},{\"@type\":\"BreadcrumbList\",\"@id\":\"http:\/\/cb27363e0b.url-de-test.ws\/site\/culture-et-tourisme\/office-tourisme\/#breadcrumb\",\"itemListElement\":[{\"@type\":\"ListItem\",\"position\":1,\"name\":\"Accueil\",\"item\":\"http:\/\/cb27363e0b.url-de-test.ws\/site\/\"},{\"@type\":\"ListItem\",\"position\":2,\"name\":\"Culture, Sport et Tourisme\",\"item\":\"http:\/\/cb27363e0b.url-de-test.ws\/site\/culture-et-tourisme\/\"},{\"@type\":\"ListItem\",\"position\":3,\"name\":\"Office de Tourisme\"}]}]}<\/script>\n<!-- \/ Yoast SEO plugin. -->","yoast_head_json":{"title":"Office de Tourisme - Communaut\u00e9 de Communes Centre Tarn","robots":{"index":"noindex","follow":"follow","max-snippet":"max-snippet:-1","max-image-preview":"max-image-preview:large","max-video-preview":"max-video-preview:-1"},"og_locale":"fr_FR","og_type":"article","og_title":"Office de Tourisme - Communaut\u00e9 de Communes Centre Tarn","og_url":"http:\/\/cb27363e0b.url-de-test.ws\/site\/culture-et-tourisme\/office-tourisme\/","og_site_name":"Communaut\u00e9 de Communes Centre Tarn","article_publisher":"https:\/\/fr-fr.facebook.com\/centretarn\/","article_modified_time":"2018-10-02T11:23:48+00:00","og_image":[{"width":1654,"height":1182,"url":"http:\/\/cb27363e0b.url-de-test.ws\/site\/wp-content\/uploads\/2017\/10\/2014-12-24-BAT-affiches-centre-tarn-30-X-42-ulm-web_Page_2.jpg","type":"image\/jpeg"}],"twitter_card":"summary_large_image","twitter_misc":{"Dur\u00e9e de lecture estim\u00e9e":"5 minutes"},"schema":{"@context":"https:\/\/schema.org","@graph":[{"@type":"Organization","@id":"http:\/\/cb27363e0b.url-de-test.ws\/site\/#organization","name":"Communaut\u00e9 de Communes Centre Tarn","url":"http:\/\/cb27363e0b.url-de-test.ws\/site\/","sameAs":["https:\/\/fr-fr.facebook.com\/centretarn\/","https:\/\/www.youtube.com\/channel\/UCmH971jS42X98fNgJKDqb1A"],"logo":{"@type":"ImageObject","@id":"http:\/\/cb27363e0b.url-de-test.ws\/site\/#logo","inLanguage":"fr-FR","url":"http:\/\/cb27363e0b.url-de-test.ws\/site\/wp-content\/uploads\/2018\/02\/logo-site.png","contentUrl":"http:\/\/cb27363e0b.url-de-test.ws\/site\/wp-content\/uploads\/2018\/02\/logo-site.png","width":149,"height":169,"caption":"Communaut\u00e9 de Communes Centre Tarn"},"image":{"@id":"http:\/\/cb27363e0b.url-de-test.ws\/site\/#logo"}},{"@type":"WebSite","@id":"http:\/\/cb27363e0b.url-de-test.ws\/site\/#website","url":"http:\/\/cb27363e0b.url-de-test.ws\/site\/","name":"Communaut\u00e9 de Communes Centre Tarn","description":"","publisher":{"@id":"http:\/\/cb27363e0b.url-de-test.ws\/site\/#organization"},"potentialAction":[{"@type":"SearchAction","target":{"@type":"EntryPoint","urlTemplate":"http:\/\/cb27363e0b.url-de-test.ws\/site\/?s={search_term_string}"},"query-input":"required name=search_term_string"}],"inLanguage":"fr-FR"},{"@type":"ImageObject","@id":"http:\/\/cb27363e0b.url-de-test.ws\/site\/culture-et-tourisme\/office-tourisme\/#primaryimage","inLanguage":"fr-FR","url":"http:\/\/cb27363e0b.url-de-test.ws\/site\/wp-content\/uploads\/2017\/10\/2014-12-24-BAT-affiches-centre-tarn-30-X-42-ulm-web_Page_2.jpg","contentUrl":"http:\/\/cb27363e0b.url-de-test.ws\/site\/wp-content\/uploads\/2017\/10\/2014-12-24-BAT-affiches-centre-tarn-30-X-42-ulm-web_Page_2.jpg","width":1654,"height":1182},{"@type":"WebPage","@id":"http:\/\/cb27363e0b.url-de-test.ws\/site\/culture-et-tourisme\/office-tourisme\/#webpage","url":"http:\/\/cb27363e0b.url-de-test.ws\/site\/culture-et-tourisme\/office-tourisme\/","name":"Office de Tourisme - Communaut\u00e9 de Communes Centre Tarn","isPartOf":{"@id":"http:\/\/cb27363e0b.url-de-test.ws\/site\/#website"},"primaryImageOfPage":{"@id":"http:\/\/cb27363e0b.url-de-test.ws\/site\/culture-et-tourisme\/office-tourisme\/#primaryimage"},"datePublished":"2017-10-17T09:08:35+00:00","dateModified":"2018-10-02T11:23:48+00:00","breadcrumb":{"@id":"http:\/\/cb27363e0b.url-de-test.ws\/site\/culture-et-tourisme\/office-tourisme\/#breadcrumb"},"inLanguage":"fr-FR","potentialAction":[{"@type":"ReadAction","target":["http:\/\/cb27363e0b.url-de-test.ws\/site\/culture-et-tourisme\/office-tourisme\/"]}]},{"@type":"BreadcrumbList","@id":"http:\/\/cb27363e0b.url-de-test.ws\/site\/culture-et-tourisme\/office-tourisme\/#breadcrumb","itemListElement":[{"@type":"ListItem","position":1,"name":"Accueil","item":"http:\/\/cb27363e0b.url-de-test.ws\/site\/"},{"@type":"ListItem","position":2,"name":"Culture, Sport et Tourisme","item":"http:\/\/cb27363e0b.url-de-test.ws\/site\/culture-et-tourisme\/"},{"@type":"ListItem","position":3,"name":"Office de Tourisme"}]}]}},"_links":{"self":[{"href":"http:\/\/cb27363e0b.url-de-test.ws\/site\/wp-json\/wp\/v2\/pages\/624"}],"collection":[{"href":"http:\/\/cb27363e0b.url-de-test.ws\/site\/wp-json\/wp\/v2\/pages"}],"about":[{"href":"http:\/\/cb27363e0b.url-de-test.ws\/site\/wp-json\/wp\/v2\/types\/page"}],"author":[{"embeddable":true,"href":"http:\/\/cb27363e0b.url-de-test.ws\/site\/wp-json\/wp\/v2\/users\/1"}],"replies":[{"embeddable":true,"href":"http:\/\/cb27363e0b.url-de-test.ws\/site\/wp-json\/wp\/v2\/comments?post=624"}],"version-history":[{"count":93,"href":"http:\/\/cb27363e0b.url-de-test.ws\/site\/wp-json\/wp\/v2\/pages\/624\/revisions"}],"predecessor-version":[{"id":3410,"href":"http:\/\/cb27363e0b.url-de-test.ws\/site\/wp-json\/wp\/v2\/pages\/624\/revisions\/3410"}],"up":[{"embeddable":true,"href":"http:\/\/cb27363e0b.url-de-test.ws\/site\/wp-json\/wp\/v2\/pages\/4"}],"wp:featuredmedia":[{"embeddable":true,"href":"http:\/\/cb27363e0b.url-de-test.ws\/site\/wp-json\/wp\/v2\/media\/1710"}],"wp:attachment":[{"href":"http:\/\/cb27363e0b.url-de-test.ws\/site\/wp-json\/wp\/v2\/media?parent=624"}],"curies":[{"name":"wp","href":"https:\/\/api.w.org\/{rel}","templated":true}]}}