{"id":621,"date":"2017-10-17T11:07:22","date_gmt":"2017-10-17T09:07:22","guid":{"rendered":"http:\/\/cb27363e0b.url-de-test.ws\/site\/?page_id=621"},"modified":"2018-05-30T16:22:06","modified_gmt":"2018-05-30T14:22:06","slug":"marche-plein-vent","status":"publish","type":"page","link":"http:\/\/cb27363e0b.url-de-test.ws\/site\/vie-economique\/s-installer\/marche-plein-vent\/","title":{"rendered":"March\u00e9 de plein vent"},"content":{"rendered":"<p style=\"text-align: justify;\"><strong>Le march\u00e9 de plein vent de R\u00e9almont\u00a0: une tradition qui se perp\u00e9tue, se d\u00e9veloppe et \u00e9volue pour le bien et le plaisir de tous.<\/strong><br \/>\nDepuis le XIVe si\u00e8cle, les \u00e9tals et les camions ambulants composent un patchwork diversifi\u00e9 et color\u00e9 sur toute l\u2019aire du march\u00e9 de plein vent de R\u00e9almont.<br \/>\nLe mercredi en matin\u00e9e, c&rsquo;est un grand nombre de produits locaux plus app\u00e9tissants les uns que les autres qui passent des comptoirs dans les cabas sans compter les \u00e9pices, toute une gamme de pr\u00eat \u00e0 porter, des plantes, \u2026<br \/>\nSi vous souhaitez \u00e9toffer l\u2019offre propos\u00e9e et cherchez un emplacement, n\u2019h\u00e9sitez pas \u00e0 contacter le Placier, Monsieur Michel Boyer au\u00a0: 05 63 79 25 80.<\/p>\n<p style=\"text-align: justify;\"><div class=\"c-gallery\"><ul class=\"gallery-images m-layout-masonry m-3-columns\"><li><a title=\"\" href=\"http:\/\/cb27363e0b.url-de-test.ws\/site\/wp-content\/uploads\/2018\/01\/Marche-7.jpg\" class=\"lightbox\"><img src=\"http:\/\/cb27363e0b.url-de-test.ws\/site\/wp-content\/uploads\/2018\/01\/Marche-7-480x332.jpg\" alt=\"\"><\/a><\/li><li><a title=\"\" href=\"http:\/\/cb27363e0b.url-de-test.ws\/site\/wp-content\/uploads\/2018\/01\/Marche-5.jpg\" class=\"lightbox\"><img src=\"http:\/\/cb27363e0b.url-de-test.ws\/site\/wp-content\/uploads\/2018\/01\/Marche-5-480x358.jpg\" alt=\"\"><\/a><\/li><li><a title=\"\" href=\"http:\/\/cb27363e0b.url-de-test.ws\/site\/wp-content\/uploads\/2018\/01\/Marche-4.jpg\" class=\"lightbox\"><img src=\"http:\/\/cb27363e0b.url-de-test.ws\/site\/wp-content\/uploads\/2018\/01\/Marche-4-480x358.jpg\" alt=\"\"><\/a><\/li><li><a title=\"\" href=\"http:\/\/cb27363e0b.url-de-test.ws\/site\/wp-content\/uploads\/2018\/01\/Marche-3.jpg\" class=\"lightbox\"><img src=\"http:\/\/cb27363e0b.url-de-test.ws\/site\/wp-content\/uploads\/2018\/01\/Marche-3-480x360.jpg\" alt=\"\"><\/a><\/li><li><a title=\"\" href=\"http:\/\/cb27363e0b.url-de-test.ws\/site\/wp-content\/uploads\/2018\/01\/Marche-2.jpg\" class=\"lightbox\"><img src=\"http:\/\/cb27363e0b.url-de-test.ws\/site\/wp-content\/uploads\/2018\/01\/Marche-2-480x363.jpg\" alt=\"\"><\/a><\/li><li><a title=\"\" href=\"http:\/\/cb27363e0b.url-de-test.ws\/site\/wp-content\/uploads\/2018\/01\/Marche-1.jpg\" class=\"lightbox\"><img src=\"http:\/\/cb27363e0b.url-de-test.ws\/site\/wp-content\/uploads\/2018\/01\/Marche-1-480x320.jpg\" alt=\"\"><\/a><\/li><\/ul><\/div>\n","protected":false},"excerpt":{"rendered":"<p>Le march\u00e9 de plein vent de R\u00e9almont\u00a0: une tradition qui se perp\u00e9tue, se d\u00e9veloppe et \u00e9volue pour le bien et le plaisir de tous. Depuis le XIVe si\u00e8cle, les \u00e9tals et les camions ambulants composent un patchwork diversifi\u00e9 et color\u00e9 sur toute l\u2019aire du march\u00e9 de plein vent de R\u00e9almont. Le mercredi en matin\u00e9e, c&rsquo;est [&hellip;]<\/p>\n","protected":false},"author":1,"featured_media":1711,"parent":751,"menu_order":4,"comment_status":"closed","ping_status":"closed","template":"","meta":[],"yoast_head":"<!-- This site is optimized with the Yoast SEO plugin v18.3 - https:\/\/yoast.com\/wordpress\/plugins\/seo\/ -->\n<title>March\u00e9 de plein vent - Communaut\u00e9 de Communes Centre Tarn<\/title>\n<meta name=\"robots\" content=\"noindex, follow, max-snippet:-1, max-image-preview:large, max-video-preview:-1\" \/>\n<meta property=\"og:locale\" content=\"fr_FR\" \/>\n<meta property=\"og:type\" content=\"article\" \/>\n<meta property=\"og:title\" content=\"March\u00e9 de plein vent - Communaut\u00e9 de Communes Centre Tarn\" \/>\n<meta property=\"og:description\" content=\"Le march\u00e9 de plein vent de R\u00e9almont\u00a0: une tradition qui se perp\u00e9tue, se d\u00e9veloppe et \u00e9volue pour le bien et le plaisir de tous. Depuis le XIVe si\u00e8cle, les \u00e9tals et les camions ambulants composent un patchwork diversifi\u00e9 et color\u00e9 sur toute l\u2019aire du march\u00e9 de plein vent de R\u00e9almont. Le mercredi en matin\u00e9e, c&rsquo;est [&hellip;]\" \/>\n<meta property=\"og:url\" content=\"http:\/\/cb27363e0b.url-de-test.ws\/site\/vie-economique\/s-installer\/marche-plein-vent\/\" \/>\n<meta property=\"og:site_name\" content=\"Communaut\u00e9 de Communes Centre Tarn\" \/>\n<meta property=\"article:publisher\" content=\"https:\/\/fr-fr.facebook.com\/centretarn\/\" \/>\n<meta property=\"article:modified_time\" content=\"2018-05-30T14:22:06+00:00\" \/>\n<meta property=\"og:image\" content=\"http:\/\/cb27363e0b.url-de-test.ws\/site\/wp-content\/uploads\/2017\/10\/MARCHE-PANIER-MELONS.jpg\" \/>\n\t<meta property=\"og:image:width\" content=\"1600\" \/>\n\t<meta property=\"og:image:height\" content=\"1200\" \/>\n\t<meta property=\"og:image:type\" content=\"image\/jpeg\" \/>\n<meta name=\"twitter:card\" content=\"summary_large_image\" \/>\n<meta name=\"twitter:label1\" content=\"Dur\u00e9e de lecture estim\u00e9e\" \/>\n\t<meta name=\"twitter:data1\" content=\"1 minute\" \/>\n<script type=\"application\/ld+json\" class=\"yoast-schema-graph\">{\"@context\":\"https:\/\/schema.org\",\"@graph\":[{\"@type\":\"Organization\",\"@id\":\"http:\/\/cb27363e0b.url-de-test.ws\/site\/#organization\",\"name\":\"Communaut\u00e9 de Communes Centre Tarn\",\"url\":\"http:\/\/cb27363e0b.url-de-test.ws\/site\/\",\"sameAs\":[\"https:\/\/fr-fr.facebook.com\/centretarn\/\",\"https:\/\/www.youtube.com\/channel\/UCmH971jS42X98fNgJKDqb1A\"],\"logo\":{\"@type\":\"ImageObject\",\"@id\":\"http:\/\/cb27363e0b.url-de-test.ws\/site\/#logo\",\"inLanguage\":\"fr-FR\",\"url\":\"http:\/\/cb27363e0b.url-de-test.ws\/site\/wp-content\/uploads\/2018\/02\/logo-site.png\",\"contentUrl\":\"http:\/\/cb27363e0b.url-de-test.ws\/site\/wp-content\/uploads\/2018\/02\/logo-site.png\",\"width\":149,\"height\":169,\"caption\":\"Communaut\u00e9 de Communes Centre Tarn\"},\"image\":{\"@id\":\"http:\/\/cb27363e0b.url-de-test.ws\/site\/#logo\"}},{\"@type\":\"WebSite\",\"@id\":\"http:\/\/cb27363e0b.url-de-test.ws\/site\/#website\",\"url\":\"http:\/\/cb27363e0b.url-de-test.ws\/site\/\",\"name\":\"Communaut\u00e9 de Communes Centre Tarn\",\"description\":\"\",\"publisher\":{\"@id\":\"http:\/\/cb27363e0b.url-de-test.ws\/site\/#organization\"},\"potentialAction\":[{\"@type\":\"SearchAction\",\"target\":{\"@type\":\"EntryPoint\",\"urlTemplate\":\"http:\/\/cb27363e0b.url-de-test.ws\/site\/?s={search_term_string}\"},\"query-input\":\"required name=search_term_string\"}],\"inLanguage\":\"fr-FR\"},{\"@type\":\"ImageObject\",\"@id\":\"http:\/\/cb27363e0b.url-de-test.ws\/site\/vie-economique\/s-installer\/marche-plein-vent\/#primaryimage\",\"inLanguage\":\"fr-FR\",\"url\":\"http:\/\/cb27363e0b.url-de-test.ws\/site\/wp-content\/uploads\/2017\/10\/MARCHE-PANIER-MELONS.jpg\",\"contentUrl\":\"http:\/\/cb27363e0b.url-de-test.ws\/site\/wp-content\/uploads\/2017\/10\/MARCHE-PANIER-MELONS.jpg\",\"width\":1600,\"height\":1200},{\"@type\":\"WebPage\",\"@id\":\"http:\/\/cb27363e0b.url-de-test.ws\/site\/vie-economique\/s-installer\/marche-plein-vent\/#webpage\",\"url\":\"http:\/\/cb27363e0b.url-de-test.ws\/site\/vie-economique\/s-installer\/marche-plein-vent\/\",\"name\":\"March\u00e9 de plein vent - Communaut\u00e9 de Communes Centre Tarn\",\"isPartOf\":{\"@id\":\"http:\/\/cb27363e0b.url-de-test.ws\/site\/#website\"},\"primaryImageOfPage\":{\"@id\":\"http:\/\/cb27363e0b.url-de-test.ws\/site\/vie-economique\/s-installer\/marche-plein-vent\/#primaryimage\"},\"datePublished\":\"2017-10-17T09:07:22+00:00\",\"dateModified\":\"2018-05-30T14:22:06+00:00\",\"breadcrumb\":{\"@id\":\"http:\/\/cb27363e0b.url-de-test.ws\/site\/vie-economique\/s-installer\/marche-plein-vent\/#breadcrumb\"},\"inLanguage\":\"fr-FR\",\"potentialAction\":[{\"@type\":\"ReadAction\",\"target\":[\"http:\/\/cb27363e0b.url-de-test.ws\/site\/vie-economique\/s-installer\/marche-plein-vent\/\"]}]},{\"@type\":\"BreadcrumbList\",\"@id\":\"http:\/\/cb27363e0b.url-de-test.ws\/site\/vie-economique\/s-installer\/marche-plein-vent\/#breadcrumb\",\"itemListElement\":[{\"@type\":\"ListItem\",\"position\":1,\"name\":\"Accueil\",\"item\":\"http:\/\/cb27363e0b.url-de-test.ws\/site\/\"},{\"@type\":\"ListItem\",\"position\":2,\"name\":\"Vie \u00c9conomique\",\"item\":\"http:\/\/cb27363e0b.url-de-test.ws\/site\/vie-economique\/\"},{\"@type\":\"ListItem\",\"position\":3,\"name\":\"S&rsquo;installer\",\"item\":\"http:\/\/cb27363e0b.url-de-test.ws\/site\/vie-economique\/s-installer\/\"},{\"@type\":\"ListItem\",\"position\":4,\"name\":\"March\u00e9 de plein vent\"}]}]}<\/script>\n<!-- \/ Yoast SEO plugin. -->","yoast_head_json":{"title":"March\u00e9 de plein vent - Communaut\u00e9 de Communes Centre Tarn","robots":{"index":"noindex","follow":"follow","max-snippet":"max-snippet:-1","max-image-preview":"max-image-preview:large","max-video-preview":"max-video-preview:-1"},"og_locale":"fr_FR","og_type":"article","og_title":"March\u00e9 de plein vent - Communaut\u00e9 de Communes Centre Tarn","og_description":"Le march\u00e9 de plein vent de R\u00e9almont\u00a0: une tradition qui se perp\u00e9tue, se d\u00e9veloppe et \u00e9volue pour le bien et le plaisir de tous. Depuis le XIVe si\u00e8cle, les \u00e9tals et les camions ambulants composent un patchwork diversifi\u00e9 et color\u00e9 sur toute l\u2019aire du march\u00e9 de plein vent de R\u00e9almont. Le mercredi en matin\u00e9e, c&rsquo;est [&hellip;]","og_url":"http:\/\/cb27363e0b.url-de-test.ws\/site\/vie-economique\/s-installer\/marche-plein-vent\/","og_site_name":"Communaut\u00e9 de Communes Centre Tarn","article_publisher":"https:\/\/fr-fr.facebook.com\/centretarn\/","article_modified_time":"2018-05-30T14:22:06+00:00","og_image":[{"width":1600,"height":1200,"url":"http:\/\/cb27363e0b.url-de-test.ws\/site\/wp-content\/uploads\/2017\/10\/MARCHE-PANIER-MELONS.jpg","type":"image\/jpeg"}],"twitter_card":"summary_large_image","twitter_misc":{"Dur\u00e9e de lecture estim\u00e9e":"1 minute"},"schema":{"@context":"https:\/\/schema.org","@graph":[{"@type":"Organization","@id":"http:\/\/cb27363e0b.url-de-test.ws\/site\/#organization","name":"Communaut\u00e9 de Communes Centre Tarn","url":"http:\/\/cb27363e0b.url-de-test.ws\/site\/","sameAs":["https:\/\/fr-fr.facebook.com\/centretarn\/","https:\/\/www.youtube.com\/channel\/UCmH971jS42X98fNgJKDqb1A"],"logo":{"@type":"ImageObject","@id":"http:\/\/cb27363e0b.url-de-test.ws\/site\/#logo","inLanguage":"fr-FR","url":"http:\/\/cb27363e0b.url-de-test.ws\/site\/wp-content\/uploads\/2018\/02\/logo-site.png","contentUrl":"http:\/\/cb27363e0b.url-de-test.ws\/site\/wp-content\/uploads\/2018\/02\/logo-site.png","width":149,"height":169,"caption":"Communaut\u00e9 de Communes Centre Tarn"},"image":{"@id":"http:\/\/cb27363e0b.url-de-test.ws\/site\/#logo"}},{"@type":"WebSite","@id":"http:\/\/cb27363e0b.url-de-test.ws\/site\/#website","url":"http:\/\/cb27363e0b.url-de-test.ws\/site\/","name":"Communaut\u00e9 de Communes Centre Tarn","description":"","publisher":{"@id":"http:\/\/cb27363e0b.url-de-test.ws\/site\/#organization"},"potentialAction":[{"@type":"SearchAction","target":{"@type":"EntryPoint","urlTemplate":"http:\/\/cb27363e0b.url-de-test.ws\/site\/?s={search_term_string}"},"query-input":"required name=search_term_string"}],"inLanguage":"fr-FR"},{"@type":"ImageObject","@id":"http:\/\/cb27363e0b.url-de-test.ws\/site\/vie-economique\/s-installer\/marche-plein-vent\/#primaryimage","inLanguage":"fr-FR","url":"http:\/\/cb27363e0b.url-de-test.ws\/site\/wp-content\/uploads\/2017\/10\/MARCHE-PANIER-MELONS.jpg","contentUrl":"http:\/\/cb27363e0b.url-de-test.ws\/site\/wp-content\/uploads\/2017\/10\/MARCHE-PANIER-MELONS.jpg","width":1600,"height":1200},{"@type":"WebPage","@id":"http:\/\/cb27363e0b.url-de-test.ws\/site\/vie-economique\/s-installer\/marche-plein-vent\/#webpage","url":"http:\/\/cb27363e0b.url-de-test.ws\/site\/vie-economique\/s-installer\/marche-plein-vent\/","name":"March\u00e9 de plein vent - Communaut\u00e9 de Communes Centre Tarn","isPartOf":{"@id":"http:\/\/cb27363e0b.url-de-test.ws\/site\/#website"},"primaryImageOfPage":{"@id":"http:\/\/cb27363e0b.url-de-test.ws\/site\/vie-economique\/s-installer\/marche-plein-vent\/#primaryimage"},"datePublished":"2017-10-17T09:07:22+00:00","dateModified":"2018-05-30T14:22:06+00:00","breadcrumb":{"@id":"http:\/\/cb27363e0b.url-de-test.ws\/site\/vie-economique\/s-installer\/marche-plein-vent\/#breadcrumb"},"inLanguage":"fr-FR","potentialAction":[{"@type":"ReadAction","target":["http:\/\/cb27363e0b.url-de-test.ws\/site\/vie-economique\/s-installer\/marche-plein-vent\/"]}]},{"@type":"BreadcrumbList","@id":"http:\/\/cb27363e0b.url-de-test.ws\/site\/vie-economique\/s-installer\/marche-plein-vent\/#breadcrumb","itemListElement":[{"@type":"ListItem","position":1,"name":"Accueil","item":"http:\/\/cb27363e0b.url-de-test.ws\/site\/"},{"@type":"ListItem","position":2,"name":"Vie \u00c9conomique","item":"http:\/\/cb27363e0b.url-de-test.ws\/site\/vie-economique\/"},{"@type":"ListItem","position":3,"name":"S&rsquo;installer","item":"http:\/\/cb27363e0b.url-de-test.ws\/site\/vie-economique\/s-installer\/"},{"@type":"ListItem","position":4,"name":"March\u00e9 de plein vent"}]}]}},"_links":{"self":[{"href":"http:\/\/cb27363e0b.url-de-test.ws\/site\/wp-json\/wp\/v2\/pages\/621"}],"collection":[{"href":"http:\/\/cb27363e0b.url-de-test.ws\/site\/wp-json\/wp\/v2\/pages"}],"about":[{"href":"http:\/\/cb27363e0b.url-de-test.ws\/site\/wp-json\/wp\/v2\/types\/page"}],"author":[{"embeddable":true,"href":"http:\/\/cb27363e0b.url-de-test.ws\/site\/wp-json\/wp\/v2\/users\/1"}],"replies":[{"embeddable":true,"href":"http:\/\/cb27363e0b.url-de-test.ws\/site\/wp-json\/wp\/v2\/comments?post=621"}],"version-history":[{"count":7,"href":"http:\/\/cb27363e0b.url-de-test.ws\/site\/wp-json\/wp\/v2\/pages\/621\/revisions"}],"predecessor-version":[{"id":2154,"href":"http:\/\/cb27363e0b.url-de-test.ws\/site\/wp-json\/wp\/v2\/pages\/621\/revisions\/2154"}],"up":[{"embeddable":true,"href":"http:\/\/cb27363e0b.url-de-test.ws\/site\/wp-json\/wp\/v2\/pages\/751"}],"wp:featuredmedia":[{"embeddable":true,"href":"http:\/\/cb27363e0b.url-de-test.ws\/site\/wp-json\/wp\/v2\/media\/1711"}],"wp:attachment":[{"href":"http:\/\/cb27363e0b.url-de-test.ws\/site\/wp-json\/wp\/v2\/media?parent=621"}],"curies":[{"name":"wp","href":"https:\/\/api.w.org\/{rel}","templated":true}]}}