{"id":612,"date":"2018-01-19T10:56:19","date_gmt":"2018-01-19T09:56:19","guid":{"rendered":"http:\/\/cb27363e0b.url-de-test.ws\/site\/?page_id=612"},"modified":"2018-09-25T12:23:51","modified_gmt":"2018-09-25T10:23:51","slug":"spanc","status":"publish","type":"page","link":"http:\/\/cb27363e0b.url-de-test.ws\/site\/environnement\/spanc\/","title":{"rendered":"Assainissement Non Collectif"},"content":{"rendered":"<h3 style=\"text-align: justify;\">Qu\u2019est que le SPANC ?<\/h3>\n<p style=\"text-align: justify;\">Le Service Public d\u2019Assainissement Non Collectif (SPANC) est un service obligatoire impos\u00e9 par la Loi sur l\u2019eau aux communes ou groupements de communes. Il est charg\u00e9 de contr\u00f4ler que les installations d\u2019assainissement autonome situ\u00e9s sur son territoire respectent les r\u00e8glementations en vigueur.<\/p>\n<p style=\"text-align: justify;\">Cr\u00e9\u00e9 en 2006 par la Communaut\u00e9 de Communes du R\u00e9almontais, le service a \u00e9t\u00e9 \u00e9tendu aux communes d\u2019Arifat et Montredon Labessonni\u00e9 lors de la fusion avec le Montredonnais au 1er janvier 2013.<\/p>\n<p style=\"text-align: justify;\">La collectivit\u00e9 a fait le choix de d\u00e9l\u00e9guer ce service \u00e0 un prestataire priv\u00e9 afin de b\u00e9n\u00e9ficier de son expertise et de ses comp\u00e9tences. C\u2019est la soci\u00e9t\u00e9 VEOLIA EAU qui a \u00e9t\u00e9 choisie en 2006 pour une dur\u00e9e de 16 ans, soit jusqu\u2019en 2022.<\/p>\n<p style=\"text-align: justify;\">Pour prendre directement rendez-vous (vente, construction neuve) avec notre prestataire vous pouvez contacter VEOLIA au num\u00e9ro direct 05 63 49 66 43.<\/p>\n<h3 style=\"text-align: justify;\">Qui est concern\u00e9 par le SPANC ?<\/h3>\n<p style=\"text-align: justify;\">Sont concern\u00e9es toutes les habitations o\u00f9 aucun r\u00e9seau d\u2019assainissement collectif n\u2019existe ou n\u2019est pas projet\u00e9 dans un proche avenir.<\/p>\n<p style=\"text-align: justify;\">Pour savoir si c\u2019est le cas pour votre habitation, vous pouvez vous renseigner aupr\u00e8s de votre mairie et y consulter la carte de zonage d\u2019assainissement. Vous pouvez \u00e9galement contacter le p\u00f4le technique de la Communaut\u00e9 de Communes Centre Tarn au <a href=\"tel:0563792127\">05 63 79 21 27<\/a> ou <span id=\"OBJ_PREFIX_DWT118_ZmEmailObjectHandler\" class=\"Object\" role=\"link\"><span id=\"OBJ_PREFIX_DWT123_ZmEmailObjectHandler\" class=\"Object\" role=\"link\"><a href=\"mailto:patrimoine-projets@centretarn.fr\" target=\"_blank\" rel=\"noopener\">patrimoine-projets@centretarn.fr<\/a><\/span><\/span><\/p>\n<h3 style=\"text-align: justify;\">Combien \u00e7a co\u00fbte ?<\/h3>\n<p style=\"text-align: justify;\">Le service est r\u00e9mun\u00e9r\u00e9 par une redevance per\u00e7ue par VEOLIA EAU en m\u00eame temps que la facture d\u2019eau du logement.<\/p>\n<p style=\"text-align: justify;\">Toutefois, sur les communes d\u2019Arifat et Montredon Labessonni\u00e9, le service des eaux \u00e9tant g\u00e9r\u00e9 en r\u00e9gie, les prestations de VEOLIA sont factur\u00e9es \u00e0 l\u2019acte.<\/p>\n<p style=\"text-align: justify;\">Les tarifs 2018 du SPANC sont les suivants :<\/p>\n<ul style=\"text-align: justify;\">\n<li>contr\u00f4le des installations existantes : redevance de 9.17 \u20ac HT (10.09 \u20ac TTC) par semestre et par logement \u00e0 compter du diagnostic initial (facturation semestrielle), sauf pour les habitants d\u2019Arifat et Montredon Labessonni\u00e9 qui recevront une facture unique de 72.00 \u20ac HT, soit 79.20 \u20ac TTC,<\/li>\n<li>contr\u00f4le initial de conception et d\u2019implantation : 63.99 \u20ac HT par dossier (70.38 \u20ac TTC),<\/li>\n<li>contr\u00f4le de la bonne ex\u00e9cution des travaux : 70.39 \u20ac HT par contr\u00f4le factur\u00e9 au demandeur (77,43 \u20ac TTC).<\/li>\n<\/ul>\n<h3 style=\"text-align: justify;\">Les aides \u00e0 la r\u00e9habilitation<\/h3>\n<p style=\"text-align: justify;\">Pour pallier l\u2019arr\u00eat des aides \u00e0 la r\u00e9habilitation que finan\u00e7ait l\u2019Agence de l\u2019Eau Adour Garonne, la Communaut\u00e9 de Communes Centre Tarn a instaur\u00e9 depuis le 1er janvier 2018 un nouveau r\u00e9gime d\u2019aides dont les r\u00e8gles sont les suivantes\u00a0:<\/p>\n<p style=\"text-align: justify;\"><strong>Conditions d&rsquo;\u00e9ligibilit\u00e9 au dispositif de soutien \u00e0 la r\u00e9habilitation des installations d&rsquo;assainissement non collectif :<\/strong><\/p>\n<ul style=\"text-align: justify;\">\n<li>les travaux concernent une habitation occup\u00e9e par son propri\u00e9taire \u00e0 titre de r\u00e9sidence principale sur le territoire de la Communaut\u00e9 de Communes Centre Tarn\u00a0;<\/li>\n<li>le syst\u00e8me \u00e0 remplacer doit avoir \u00e9t\u00e9 install\u00e9 avant l&rsquo;arr\u00eat\u00e9 du 6 mai 1996, premier arr\u00eat\u00e9 fixant les modalit\u00e9s du contr\u00f4le technique exerc\u00e9 sur les syst\u00e8mes d&rsquo;ANC ;<\/li>\n<li>l&rsquo;acquisition du bien est ant\u00e9rieure au 1er janvier 2011 (cf. article L\u00a0271-4 du Code de la construction et de l&rsquo;habitation)\u00a0;<\/li>\n<li>le rejet est ext\u00e9rieur \u00e0 la parcelle (sauf cas particulier de danger pour la salubrit\u00e9 publique)\u00a0;<\/li>\n<li>le diagnostic de l&rsquo;installation doit dater de moins de 4 ans.<\/li>\n<\/ul>\n<p style=\"text-align: justify;\"><strong>Pi\u00e8ces \u00e0 fournir pour la constitution du dossier de demande :<\/strong><\/p>\n<ul style=\"text-align: justify;\">\n<li>la convention d&rsquo;aide \u00e0 demander aupr\u00e8s du service du SPANC de la Communaut\u00e9 de Communes par mail : <a href=\"mailto:patrimoine-projets@centretarn.fr\">patrimoine-projets@centretarn.fr<\/a> avec les pi\u00e8ces du dossier ci-apr\u00e8s \u00e9num\u00e9r\u00e9es (a minima le formulaire de conception et le diagnostic de l&rsquo;installation) ou par t\u00e9l\u00e9phone <a href=\"tel:0563792127\">05 63 79 21 27<\/a> pour prendre rendez vous. Le service du SPANC peut vous aider \u00e0 constituer votre dossier.<\/li>\n<li>le formulaire de conception (t\u00e9l\u00e9chargeable dans la rubrique ci-dessous) compl\u00e9t\u00e9, dat\u00e9 et sign\u00e9\u00a0;<\/li>\n<li>le diagnostic de l&rsquo;installation existante datant de moins de 4 ans\u00a0;<\/li>\n<li>le devis de l&rsquo;installateur ou le devis des fournitures (mat\u00e9riaux et\/ou mat\u00e9riels agr\u00e9\u00e9s)\u00a0;<\/li>\n<li>un relev\u00e9 d&rsquo;identit\u00e9 bancaire (RIB)\u00a0;<\/li>\n<li>la rapport d&rsquo;\u00e9tude de sol effectu\u00e9e par un hydrog\u00e9ologue agr\u00e9\u00e9 si la fili\u00e8re de traitement retenue est un filtre \u00e0 sable vertical non drain\u00e9.<\/li>\n<\/ul>\n<p style=\"text-align: justify;\">Le dispositif de soutien \u00e0 la r\u00e9habilitation des installations non conformes porte sur\u00a0:<\/p>\n<p style=\"text-align: justify;\">&#8211; la prise en charge du co\u00fbt de contr\u00f4le de conception et de r\u00e9alisation\u00a0;<br \/>\n&#8211; la prise en charge du co\u00fbt r\u00e9el de la vidange de l\u2019ancienne installation (fosse septique ou toutes eaux, bac \u00e0 graisse\u2026)\u00a0;<br \/>\n&#8211; une aide aux travaux d\u2019un montant forfaitaire de 1\u00a0000 \u20ac.<\/p>\n<h3 style=\"text-align: justify;\">Documents et liens utiles<\/h3>\n<p style=\"text-align: justify;\">Vous projetez de construire ou de r\u00e9habiliter votre installation, le p\u00f4le technique de la Communaut\u00e9 de Communes Centre Tarn peut vous conseiller et vous aider \u00e0 b\u00e9n\u00e9ficier des aides si vous respectez certains crit\u00e8res.<\/p>\n<p style=\"text-align: justify;\">Pour vous aider, retrouvez ci-apr\u00e8s les documents utiles \u00e0 t\u00e9l\u00e9charger ainsi que les liens vers des sites Internet relatifs \u00e0 ce domaine :<\/p>\n<p style=\"text-align: justify;\">&#8211; <a href=\"http:\/\/cb27363e0b.url-de-test.ws\/site\/wp-content\/uploads\/2018\/07\/Notice_subvention.pdf\" target=\"_blank\" rel=\"noopener\">notice de subvention<\/a><br \/>\n&#8211; <a href=\"http:\/\/cb27363e0b.url-de-test.ws\/site\/wp-content\/uploads\/2018\/07\/Reglement_ANC_2016.pdf\" target=\"_blank\" rel=\"noopener\">r\u00e8glement du service<\/a><br \/>\n&#8211; <a href=\"http:\/\/cb27363e0b.url-de-test.ws\/site\/wp-content\/uploads\/2018\/07\/Liste_vidangeurs_agrees.pdf\" target=\"_blank\" rel=\"noopener\">liste des vidangeurs agr\u00e9\u00e9s<\/a><br \/>\n&#8211; <a href=\"http:\/\/cb27363e0b.url-de-test.ws\/site\/wp-content\/uploads\/2018\/07\/Formulaire_conception.pdf\" target=\"_blank\" rel=\"noopener\">formulaire de conception<\/a><br \/>\n&#8211; <a href=\"http:\/\/cb27363e0b.url-de-test.ws\/site\/wp-content\/uploads\/2018\/07\/Autorisation_rejet.pdf\" target=\"_blank\" rel=\"noopener\">demande d\u2019autorisation de rejet<\/a><br \/>\n&#8211; <a href=\"http:\/\/www.assainissement-non-collectif.developpement-durable.gouv.fr\/IMG\/pdf\/12032_ANC_Guide-usagers_complet_02-10-12_light_cle1713de.pdf\" target=\"_blank\" rel=\"noopener\">guide des usagers de l\u2019ANC<\/a><br \/>\n&#8211; <a href=\"http:\/\/www.assainissement-non-collectif.developpement-durable.gouv.fr\/agrement-des-dispositifs-de-traitement-r92.html\" target=\"_blank\" rel=\"noopener\">agr\u00e9ment des dispositifs de traitement<\/a><\/p>\n","protected":false},"excerpt":{"rendered":"<p>Qu\u2019est que le SPANC ? Le Service Public d\u2019Assainissement Non Collectif (SPANC) est un service obligatoire impos\u00e9 par la Loi sur l\u2019eau aux communes ou groupements de communes. Il est charg\u00e9 de contr\u00f4ler que les installations d\u2019assainissement autonome situ\u00e9s sur son territoire respectent les r\u00e8glementations en vigueur. Cr\u00e9\u00e9 en 2006 par la Communaut\u00e9 de Communes [&hellip;]<\/p>\n","protected":false},"author":1,"featured_media":1719,"parent":407,"menu_order":0,"comment_status":"closed","ping_status":"closed","template":"","meta":[],"yoast_head":"<!-- This site is optimized with the Yoast SEO plugin v18.3 - https:\/\/yoast.com\/wordpress\/plugins\/seo\/ -->\n<title>Assainissement Non Collectif - Communaut\u00e9 de Communes Centre Tarn<\/title>\n<meta name=\"robots\" content=\"noindex, follow, max-snippet:-1, max-image-preview:large, max-video-preview:-1\" \/>\n<meta property=\"og:locale\" content=\"fr_FR\" \/>\n<meta property=\"og:type\" content=\"article\" \/>\n<meta property=\"og:title\" content=\"Assainissement Non Collectif - Communaut\u00e9 de Communes Centre Tarn\" \/>\n<meta property=\"og:description\" content=\"Qu\u2019est que le SPANC ? Le Service Public d\u2019Assainissement Non Collectif (SPANC) est un service obligatoire impos\u00e9 par la Loi sur l\u2019eau aux communes ou groupements de communes. Il est charg\u00e9 de contr\u00f4ler que les installations d\u2019assainissement autonome situ\u00e9s sur son territoire respectent les r\u00e8glementations en vigueur. Cr\u00e9\u00e9 en 2006 par la Communaut\u00e9 de Communes [&hellip;]\" \/>\n<meta property=\"og:url\" content=\"http:\/\/cb27363e0b.url-de-test.ws\/site\/environnement\/spanc\/\" \/>\n<meta property=\"og:site_name\" content=\"Communaut\u00e9 de Communes Centre Tarn\" \/>\n<meta property=\"article:publisher\" content=\"https:\/\/fr-fr.facebook.com\/centretarn\/\" \/>\n<meta property=\"article:modified_time\" content=\"2018-09-25T10:23:51+00:00\" \/>\n<meta property=\"og:image\" content=\"http:\/\/cb27363e0b.url-de-test.ws\/site\/wp-content\/uploads\/2018\/01\/micro-station-d-epuration-klaro-assainissement-autonome-2527037.jpg\" \/>\n\t<meta property=\"og:image:width\" content=\"1024\" \/>\n\t<meta property=\"og:image:height\" content=\"692\" \/>\n\t<meta property=\"og:image:type\" content=\"image\/jpeg\" \/>\n<meta name=\"twitter:card\" content=\"summary_large_image\" \/>\n<meta name=\"twitter:label1\" content=\"Dur\u00e9e de lecture estim\u00e9e\" \/>\n\t<meta name=\"twitter:data1\" content=\"4 minutes\" \/>\n<script type=\"application\/ld+json\" class=\"yoast-schema-graph\">{\"@context\":\"https:\/\/schema.org\",\"@graph\":[{\"@type\":\"Organization\",\"@id\":\"http:\/\/cb27363e0b.url-de-test.ws\/site\/#organization\",\"name\":\"Communaut\u00e9 de Communes Centre Tarn\",\"url\":\"http:\/\/cb27363e0b.url-de-test.ws\/site\/\",\"sameAs\":[\"https:\/\/fr-fr.facebook.com\/centretarn\/\",\"https:\/\/www.youtube.com\/channel\/UCmH971jS42X98fNgJKDqb1A\"],\"logo\":{\"@type\":\"ImageObject\",\"@id\":\"http:\/\/cb27363e0b.url-de-test.ws\/site\/#logo\",\"inLanguage\":\"fr-FR\",\"url\":\"http:\/\/cb27363e0b.url-de-test.ws\/site\/wp-content\/uploads\/2018\/02\/logo-site.png\",\"contentUrl\":\"http:\/\/cb27363e0b.url-de-test.ws\/site\/wp-content\/uploads\/2018\/02\/logo-site.png\",\"width\":149,\"height\":169,\"caption\":\"Communaut\u00e9 de Communes Centre Tarn\"},\"image\":{\"@id\":\"http:\/\/cb27363e0b.url-de-test.ws\/site\/#logo\"}},{\"@type\":\"WebSite\",\"@id\":\"http:\/\/cb27363e0b.url-de-test.ws\/site\/#website\",\"url\":\"http:\/\/cb27363e0b.url-de-test.ws\/site\/\",\"name\":\"Communaut\u00e9 de Communes Centre Tarn\",\"description\":\"\",\"publisher\":{\"@id\":\"http:\/\/cb27363e0b.url-de-test.ws\/site\/#organization\"},\"potentialAction\":[{\"@type\":\"SearchAction\",\"target\":{\"@type\":\"EntryPoint\",\"urlTemplate\":\"http:\/\/cb27363e0b.url-de-test.ws\/site\/?s={search_term_string}\"},\"query-input\":\"required name=search_term_string\"}],\"inLanguage\":\"fr-FR\"},{\"@type\":\"ImageObject\",\"@id\":\"http:\/\/cb27363e0b.url-de-test.ws\/site\/environnement\/spanc\/#primaryimage\",\"inLanguage\":\"fr-FR\",\"url\":\"http:\/\/cb27363e0b.url-de-test.ws\/site\/wp-content\/uploads\/2018\/01\/micro-station-d-epuration-klaro-assainissement-autonome-2527037.jpg\",\"contentUrl\":\"http:\/\/cb27363e0b.url-de-test.ws\/site\/wp-content\/uploads\/2018\/01\/micro-station-d-epuration-klaro-assainissement-autonome-2527037.jpg\",\"width\":1024,\"height\":692},{\"@type\":\"WebPage\",\"@id\":\"http:\/\/cb27363e0b.url-de-test.ws\/site\/environnement\/spanc\/#webpage\",\"url\":\"http:\/\/cb27363e0b.url-de-test.ws\/site\/environnement\/spanc\/\",\"name\":\"Assainissement Non Collectif - Communaut\u00e9 de Communes Centre Tarn\",\"isPartOf\":{\"@id\":\"http:\/\/cb27363e0b.url-de-test.ws\/site\/#website\"},\"primaryImageOfPage\":{\"@id\":\"http:\/\/cb27363e0b.url-de-test.ws\/site\/environnement\/spanc\/#primaryimage\"},\"datePublished\":\"2018-01-19T09:56:19+00:00\",\"dateModified\":\"2018-09-25T10:23:51+00:00\",\"breadcrumb\":{\"@id\":\"http:\/\/cb27363e0b.url-de-test.ws\/site\/environnement\/spanc\/#breadcrumb\"},\"inLanguage\":\"fr-FR\",\"potentialAction\":[{\"@type\":\"ReadAction\",\"target\":[\"http:\/\/cb27363e0b.url-de-test.ws\/site\/environnement\/spanc\/\"]}]},{\"@type\":\"BreadcrumbList\",\"@id\":\"http:\/\/cb27363e0b.url-de-test.ws\/site\/environnement\/spanc\/#breadcrumb\",\"itemListElement\":[{\"@type\":\"ListItem\",\"position\":1,\"name\":\"Accueil\",\"item\":\"http:\/\/cb27363e0b.url-de-test.ws\/site\/\"},{\"@type\":\"ListItem\",\"position\":2,\"name\":\"Environnement\",\"item\":\"http:\/\/cb27363e0b.url-de-test.ws\/site\/environnement\/\"},{\"@type\":\"ListItem\",\"position\":3,\"name\":\"Assainissement Non Collectif\"}]}]}<\/script>\n<!-- \/ Yoast SEO plugin. -->","yoast_head_json":{"title":"Assainissement Non Collectif - Communaut\u00e9 de Communes Centre Tarn","robots":{"index":"noindex","follow":"follow","max-snippet":"max-snippet:-1","max-image-preview":"max-image-preview:large","max-video-preview":"max-video-preview:-1"},"og_locale":"fr_FR","og_type":"article","og_title":"Assainissement Non Collectif - Communaut\u00e9 de Communes Centre Tarn","og_description":"Qu\u2019est que le SPANC ? Le Service Public d\u2019Assainissement Non Collectif (SPANC) est un service obligatoire impos\u00e9 par la Loi sur l\u2019eau aux communes ou groupements de communes. Il est charg\u00e9 de contr\u00f4ler que les installations d\u2019assainissement autonome situ\u00e9s sur son territoire respectent les r\u00e8glementations en vigueur. Cr\u00e9\u00e9 en 2006 par la Communaut\u00e9 de Communes [&hellip;]","og_url":"http:\/\/cb27363e0b.url-de-test.ws\/site\/environnement\/spanc\/","og_site_name":"Communaut\u00e9 de Communes Centre Tarn","article_publisher":"https:\/\/fr-fr.facebook.com\/centretarn\/","article_modified_time":"2018-09-25T10:23:51+00:00","og_image":[{"width":1024,"height":692,"url":"http:\/\/cb27363e0b.url-de-test.ws\/site\/wp-content\/uploads\/2018\/01\/micro-station-d-epuration-klaro-assainissement-autonome-2527037.jpg","type":"image\/jpeg"}],"twitter_card":"summary_large_image","twitter_misc":{"Dur\u00e9e de lecture estim\u00e9e":"4 minutes"},"schema":{"@context":"https:\/\/schema.org","@graph":[{"@type":"Organization","@id":"http:\/\/cb27363e0b.url-de-test.ws\/site\/#organization","name":"Communaut\u00e9 de Communes Centre Tarn","url":"http:\/\/cb27363e0b.url-de-test.ws\/site\/","sameAs":["https:\/\/fr-fr.facebook.com\/centretarn\/","https:\/\/www.youtube.com\/channel\/UCmH971jS42X98fNgJKDqb1A"],"logo":{"@type":"ImageObject","@id":"http:\/\/cb27363e0b.url-de-test.ws\/site\/#logo","inLanguage":"fr-FR","url":"http:\/\/cb27363e0b.url-de-test.ws\/site\/wp-content\/uploads\/2018\/02\/logo-site.png","contentUrl":"http:\/\/cb27363e0b.url-de-test.ws\/site\/wp-content\/uploads\/2018\/02\/logo-site.png","width":149,"height":169,"caption":"Communaut\u00e9 de Communes Centre Tarn"},"image":{"@id":"http:\/\/cb27363e0b.url-de-test.ws\/site\/#logo"}},{"@type":"WebSite","@id":"http:\/\/cb27363e0b.url-de-test.ws\/site\/#website","url":"http:\/\/cb27363e0b.url-de-test.ws\/site\/","name":"Communaut\u00e9 de Communes Centre Tarn","description":"","publisher":{"@id":"http:\/\/cb27363e0b.url-de-test.ws\/site\/#organization"},"potentialAction":[{"@type":"SearchAction","target":{"@type":"EntryPoint","urlTemplate":"http:\/\/cb27363e0b.url-de-test.ws\/site\/?s={search_term_string}"},"query-input":"required name=search_term_string"}],"inLanguage":"fr-FR"},{"@type":"ImageObject","@id":"http:\/\/cb27363e0b.url-de-test.ws\/site\/environnement\/spanc\/#primaryimage","inLanguage":"fr-FR","url":"http:\/\/cb27363e0b.url-de-test.ws\/site\/wp-content\/uploads\/2018\/01\/micro-station-d-epuration-klaro-assainissement-autonome-2527037.jpg","contentUrl":"http:\/\/cb27363e0b.url-de-test.ws\/site\/wp-content\/uploads\/2018\/01\/micro-station-d-epuration-klaro-assainissement-autonome-2527037.jpg","width":1024,"height":692},{"@type":"WebPage","@id":"http:\/\/cb27363e0b.url-de-test.ws\/site\/environnement\/spanc\/#webpage","url":"http:\/\/cb27363e0b.url-de-test.ws\/site\/environnement\/spanc\/","name":"Assainissement Non Collectif - Communaut\u00e9 de Communes Centre Tarn","isPartOf":{"@id":"http:\/\/cb27363e0b.url-de-test.ws\/site\/#website"},"primaryImageOfPage":{"@id":"http:\/\/cb27363e0b.url-de-test.ws\/site\/environnement\/spanc\/#primaryimage"},"datePublished":"2018-01-19T09:56:19+00:00","dateModified":"2018-09-25T10:23:51+00:00","breadcrumb":{"@id":"http:\/\/cb27363e0b.url-de-test.ws\/site\/environnement\/spanc\/#breadcrumb"},"inLanguage":"fr-FR","potentialAction":[{"@type":"ReadAction","target":["http:\/\/cb27363e0b.url-de-test.ws\/site\/environnement\/spanc\/"]}]},{"@type":"BreadcrumbList","@id":"http:\/\/cb27363e0b.url-de-test.ws\/site\/environnement\/spanc\/#breadcrumb","itemListElement":[{"@type":"ListItem","position":1,"name":"Accueil","item":"http:\/\/cb27363e0b.url-de-test.ws\/site\/"},{"@type":"ListItem","position":2,"name":"Environnement","item":"http:\/\/cb27363e0b.url-de-test.ws\/site\/environnement\/"},{"@type":"ListItem","position":3,"name":"Assainissement Non Collectif"}]}]}},"_links":{"self":[{"href":"http:\/\/cb27363e0b.url-de-test.ws\/site\/wp-json\/wp\/v2\/pages\/612"}],"collection":[{"href":"http:\/\/cb27363e0b.url-de-test.ws\/site\/wp-json\/wp\/v2\/pages"}],"about":[{"href":"http:\/\/cb27363e0b.url-de-test.ws\/site\/wp-json\/wp\/v2\/types\/page"}],"author":[{"embeddable":true,"href":"http:\/\/cb27363e0b.url-de-test.ws\/site\/wp-json\/wp\/v2\/users\/1"}],"replies":[{"embeddable":true,"href":"http:\/\/cb27363e0b.url-de-test.ws\/site\/wp-json\/wp\/v2\/comments?post=612"}],"version-history":[{"count":19,"href":"http:\/\/cb27363e0b.url-de-test.ws\/site\/wp-json\/wp\/v2\/pages\/612\/revisions"}],"predecessor-version":[{"id":3289,"href":"http:\/\/cb27363e0b.url-de-test.ws\/site\/wp-json\/wp\/v2\/pages\/612\/revisions\/3289"}],"up":[{"embeddable":true,"href":"http:\/\/cb27363e0b.url-de-test.ws\/site\/wp-json\/wp\/v2\/pages\/407"}],"wp:featuredmedia":[{"embeddable":true,"href":"http:\/\/cb27363e0b.url-de-test.ws\/site\/wp-json\/wp\/v2\/media\/1719"}],"wp:attachment":[{"href":"http:\/\/cb27363e0b.url-de-test.ws\/site\/wp-json\/wp\/v2\/media?parent=612"}],"curies":[{"name":"wp","href":"https:\/\/api.w.org\/{rel}","templated":true}]}}