{"id":438,"date":"2017-09-21T18:42:58","date_gmt":"2017-09-21T16:42:58","guid":{"rendered":"http:\/\/cb27363e0b.url-de-test.ws\/site\/?page_id=438"},"modified":"2018-11-22T15:15:59","modified_gmt":"2018-11-22T14:15:59","slug":"les-elus","status":"publish","type":"page","link":"http:\/\/cb27363e0b.url-de-test.ws\/site\/la-communaute\/les-elus\/","title":{"rendered":"Les \u00e9lus"},"content":{"rendered":"<h3>Le Conseil de Communaut\u00e9<\/h3>\n<p style=\"text-align: justify;\">Il est compos\u00e9 de 28 d\u00e9l\u00e9gu\u00e9s, \u00e9lus les 23 et 30 mars 2014 au suffrage universel direct. Il se r\u00e9unit en s\u00e9ance publique au moins une fois par trimestre. Organe d\u00e9cisionnel, il prend les grandes d\u00e9cisions concernant la mise en \u0153uvre des comp\u00e9tences transf\u00e9r\u00e9es \u00e0 la Communaut\u00e9 de communes et vote le budget.<\/p>\n<h3>Le Bureau<\/h3>\n<p style=\"text-align: justify;\">Il est compos\u00e9 du pr\u00e9sident et de 4 vice-pr\u00e9sidents \u00e9lus par le Conseil de Communaut\u00e9. Ils sont respectivement en charge de 5 secteurs. Le bureau se r\u00e9unit r\u00e9guli\u00e8rement tous les 15 jours. Il fixe les priorit\u00e9s de l&rsquo;action de la Communaut\u00e9 de Communes et peut se voir d\u00e9l\u00e9guer des attributions par le Conseil de Communaut\u00e9.<\/p>\n<div class=\"row \">\n<div class=\"elus col-lg-2 col-lg-offset-1\">\n<img src=\"http:\/\/cb27363e0b.url-de-test.ws\/site\/wp-content\/uploads\/2018\/01\/Jean-Luc_CANTALOUBE_square_web.jpg\" alt=\"Le pr\u00e9sident Jean-Luc Cantaloube\" \/><\/p>\n<h4>Jean-Luc<br \/>\nCantaloube<\/h4>\n<h3>Pr\u00e9sident<\/h3>\n<p>Maire de Saint-Antonin-de-Lacalm<\/p>\n<p class=\"role-elus\">D\u00e9veloppement \/<br \/>\nAm\u00e9nagement<\/p>\n<\/div>\n<div class=\"elus col-lg-2\">\n<img src=\"http:\/\/cb27363e0b.url-de-test.ws\/site\/wp-content\/uploads\/2018\/01\/Pierre-CALVIGNAC_square_web.jpg\" alt=\"Le vice-pr\u00e9sident Pierre Calvignac\" \/><\/p>\n<h4>Pierre<br \/>\nCalvignac<\/h4>\n<h3>1er Vice-Pr\u00e9sident<\/h3>\n<p>Maire de Roum\u00e9goux<\/p>\n<p class=\"role-elus\">Technique<\/p>\n<\/div>\n<div class=\"elus col-lg-2\">\n<img src=\"http:\/\/cb27363e0b.url-de-test.ws\/site\/wp-content\/uploads\/2018\/01\/Jean-Paul_CHAMAYOU_square_web.jpg\" alt=\"Le vice-pr\u00e9sident Jean-Paul Chamayou\" \/><\/p>\n<h4>Jean-Paul<br \/>\nChamayou<\/h4>\n<h3>2\u00e8me Vice-Pr\u00e9sident<\/h3>\n<p>Maire de Montredon-Labessonni\u00e9<\/p>\n<p class=\"role-elus\">Services<\/p>\n<\/div>\n<div class=\"elus col-lg-2\">\n<img src=\"http:\/\/cb27363e0b.url-de-test.ws\/site\/wp-content\/uploads\/2018\/01\/Henri_VIAULES_square_web.jpg\" alt=\"Le vice-pr\u00e9sident Henri Viaules\" \/><\/p>\n<h4>Henri<br \/>\nViaules<\/h4>\n<h3>3\u00e8me Vice-Pr\u00e9sident<\/h3>\n<p>Maire de R\u00e9almont<\/p>\n<p class=\"role-elus\">Finances<\/p>\n<\/div>\n<div class=\"elus col-lg-2\">\n<img src=\"http:\/\/cb27363e0b.url-de-test.ws\/site\/wp-content\/uploads\/2018\/01\/Jerome_FABRIES_square_web.jpg\" alt=\"Le vice-pr\u00e9sident J\u00e9r\u00f4me Fabri\u00e8s\" \/><\/p>\n<h4>J\u00e9r\u00f4me<br \/>\nFabri\u00e8s<\/h4>\n<h3>4\u00e8me Vice-Pr\u00e9sident<\/h3>\n<p>Adjoint \u00e0 Lombers<\/p>\n<p class=\"role-elus\">Communication \/<br \/>\nD\u00e9veloppement Durable<\/p>\n<\/div>\n<\/div>\n<p>&nbsp;<\/p>\n<h3>Les D\u00e9l\u00e9gu\u00e9s r\u00e9f\u00e9rents<\/h3>\n<p>Animent les 5 commissions de travail.<\/p>\n<div class=\"row \">\n<div class=\"elus col-lg-2 col-lg-offset-1\">\n<img src=\"http:\/\/cb27363e0b.url-de-test.ws\/site\/wp-content\/uploads\/2018\/01\/Francoise_BARDOU_square_web.jpg\" alt=\"Fran\u00e7ois Bardou\" \/><\/p>\n<h4>Fran\u00e7oise<br \/>\nBardou<\/h4>\n<p>Adjointe \u00e0 R\u00e9almont<\/p>\n<p class=\"role-elus\">Vie Sociale<\/p>\n<\/div>\n<div class=\"elus col-lg-2\">\n<img src=\"http:\/\/cb27363e0b.url-de-test.ws\/site\/wp-content\/uploads\/2018\/01\/Serge_BOURREL_square_web.jpg\" alt=\"Serge Bourrel\" \/><\/p>\n<h4>Serge<br \/>\nBourrel<\/h4>\n<p>Maire de Laboutari\u00e9<\/p>\n<p class=\"role-elus\">D\u00e9veloppement \u00c9conomique<\/p>\n<\/div>\n<div class=\"elus col-lg-2\">\n<img src=\"http:\/\/cb27363e0b.url-de-test.ws\/site\/wp-content\/uploads\/2018\/01\/Sylvian-CALS.jpg\" alt=\"Sylvian Cals\" \/><\/p>\n<h4>Sylvian<br \/>\nCals<\/h4>\n<p>Maire d&rsquo;Arifat<\/p>\n<p class=\"role-elus\">D\u00e9veloppement Touristique<\/p>\n<\/div>\n<div class=\"elus col-lg-2\">\n<img src=\"http:\/\/cb27363e0b.url-de-test.ws\/site\/wp-content\/uploads\/2018\/01\/Beatrix_JOLLET_square_web.jpg\" alt=\"B\u00e9atrix Jollet\" \/><\/p>\n<h4>B\u00e9atrix<br \/>\nJollet<\/h4>\n<p>Adjointe \u00e0 R\u00e9almont<\/p>\n<p class=\"role-elus\">Vie Culturelle<\/p>\n<\/div>\n<div class=\"elus col-lg-2\">\n<img src=\"http:\/\/cb27363e0b.url-de-test.ws\/site\/wp-content\/uploads\/2018\/01\/Claude_OLIVIER_square_web.jpg\" alt=\"Claude Olivier\" \/><\/p>\n<h4>Claude<br \/>\nOlivier<\/h4>\n<p>Maire de Saint-Lieux-Lafenasse<\/p>\n<p class=\"role-elus\">Voirie \/ Urbanisme \/ Ordures M\u00e9nag\u00e8res \/ SPANC<\/p>\n<\/div>\n<\/div>\n<p>&nbsp;<\/p>\n<h3>Les D\u00e9l\u00e9gu\u00e9s<\/h3>\n<div class=\"row \">\n<div class=\"elus col-lg-2 col-lg-offset-1\">\n<a href=\"http:\/\/cb27363e0b.url-de-test.ws\/site\/wp-content\/uploads\/2017\/09\/Blank-Avatar.jpg\"><img loading=\"lazy\" class=\"alignleft size-full wp-image-1965\" src=\"http:\/\/cb27363e0b.url-de-test.ws\/site\/wp-content\/uploads\/2017\/09\/Blank-Avatar.jpg\" alt=\"Avatar\" width=\"2500\" height=\"2500\" srcset=\"http:\/\/cb27363e0b.url-de-test.ws\/site\/wp-content\/uploads\/2017\/09\/Blank-Avatar.jpg 2500w, http:\/\/cb27363e0b.url-de-test.ws\/site\/wp-content\/uploads\/2017\/09\/Blank-Avatar-150x150.jpg 150w, http:\/\/cb27363e0b.url-de-test.ws\/site\/wp-content\/uploads\/2017\/09\/Blank-Avatar-480x480.jpg 480w, http:\/\/cb27363e0b.url-de-test.ws\/site\/wp-content\/uploads\/2017\/09\/Blank-Avatar-768x768.jpg 768w, http:\/\/cb27363e0b.url-de-test.ws\/site\/wp-content\/uploads\/2017\/09\/Blank-Avatar-1024x1024.jpg 1024w\" sizes=\"(max-width: 2500px) 100vw, 2500px\" \/><\/a><\/p>\n<h4>Fabrice<br \/>\nMarcuzzo<\/h4>\n<p>Conseiller municipal \u00e0 Sieurac<br \/>\n<\/div>\n<div class=\"elus col-lg-2\">\n<img src=\"http:\/\/cb27363e0b.url-de-test.ws\/site\/wp-content\/uploads\/2018\/01\/Sylvie_BASCOUL_square_web.jpg\" alt=\"Sylvie Bascoul\" \/><\/p>\n<h4>Sylvie<br \/>\nBascoul<\/h4>\n<p>Adjointe \u00e0 Lombers<\/p>\n<p class=\"role-elus\">D\u00e9veloppement Touristique \/ Vie Sociale<\/p>\n<\/div>\n<div class=\"elus col-lg-2\">\n<img src=\"http:\/\/cb27363e0b.url-de-test.ws\/site\/wp-content\/uploads\/2018\/01\/Corinne_BELOU_square_web.jpg\" alt=\"Corinne Belou\" \/><\/p>\n<h4>Corinne<br \/>\nBelou<\/h4>\n<p>Adjointe \u00e0 R\u00e9almont<\/p>\n<p class=\"role-elus\">Communication \/ D\u00e9veloppement Durable \/ D\u00e9veloppement \u00c9conomique<\/p>\n<\/div>\n<div class=\"elus col-lg-2\">\n<img src=\"http:\/\/cb27363e0b.url-de-test.ws\/site\/wp-content\/uploads\/2018\/01\/Herv\u00e9-BOULADE_square_web.jpg\" alt=\"Herv\u00e9 Boulade\" \/><\/p>\n<h4>Herv\u00e9<br \/>\nBoulade<\/h4>\n<p>Maire de Lamillari\u00e9<\/p>\n<p class=\"role-elus\">Communication \/ Ordures M\u00e9nag\u00e8res &#8211; Voirie<\/p>\n<\/div>\n<div class=\"elus col-lg-2\">\n<img src=\"http:\/\/cb27363e0b.url-de-test.ws\/site\/wp-content\/uploads\/2018\/01\/Isabelle_CALMET_square_web.jpg\" alt=\"Isabelle Calmet\" \/><\/p>\n<h4>Isabelle<br \/>\nCalmet<\/h4>\n<p>Maire d&rsquo;Orban<\/p>\n<p class=\"role-elus\">D\u00e9veloppement Durable<\/p>\n<\/div>\n<\/div>\n<div class=\"row \">\n<div class=\"elus col-lg-2 col-lg-offset-1\">\n<img src=\"http:\/\/cb27363e0b.url-de-test.ws\/site\/wp-content\/uploads\/2018\/01\/Jean-Louis_CALVET_square_web.jpg\" alt=\"Jean-Louis Calvet\" \/><\/p>\n<h4>Jean-Louis<br \/>\nCalvet<\/h4>\n<p>Adjoint \u00e0 R\u00e9almont<br \/>\n<\/div>\n<div class=\"elus col-lg-2\">\n<img src=\"http:\/\/cb27363e0b.url-de-test.ws\/site\/wp-content\/uploads\/2018\/01\/Jean-Francois_COMBELLES_square_web.jpg\" alt=\"Jean-Fran\u00e7ois Combelles\" \/><\/p>\n<h4>Jean-Fran\u00e7ois<br \/>\nCombelles<\/h4>\n<p>Adjoint \u00e0 Montredon-Labessonni\u00e9<\/p>\n<p class=\"role-elus\">Ordures M\u00e9nag\u00e8res \u2013 Voirie<\/p>\n<\/div>\n<div class=\"elus col-lg-2\">\n<img src=\"http:\/\/cb27363e0b.url-de-test.ws\/site\/wp-content\/uploads\/2018\/01\/Christian_CROS_square_web.jpg\" alt=\"Christian Cros\" \/><\/p>\n<h4>Christian<br \/>\nCros<\/h4>\n<p>Maire de Ronel<\/p>\n<p class=\"role-elus\">Ordures M\u00e9nag\u00e8res \u2013 Voirie<\/p>\n<\/div>\n<div class=\"elus col-lg-2\">\n<img src=\"http:\/\/cb27363e0b.url-de-test.ws\/site\/wp-content\/uploads\/2018\/01\/Jean-Claude_MADAULE_square_web.jpg\" alt=\"Jean-Claude Madaule\" \/><\/p>\n<h4>Jean-Claude<br \/>\nMadaule<\/h4>\n<p>Maire de Poulan-Pouzols<\/p>\n<p class=\"role-elus\">Urbanisme \/ D\u00e9veloppement Touristique<\/p>\n<\/div>\n<div class=\"elus col-lg-2\">\n<img src=\"http:\/\/cb27363e0b.url-de-test.ws\/site\/wp-content\/uploads\/2018\/01\/Francoise_MAURIE_square_web.jpg\" alt=\"Fran\u00e7oise Maurie\" \/><\/p>\n<h4>Fran\u00e7oise<br \/>\nMaurie<\/h4>\n<p>Adjointe \u00e0 Montredon-Labessonni\u00e9<\/p>\n<p class=\"role-elus\">D\u00e9veloppement Touristique<\/p>\n<\/div>\n<\/div>\n<div class=\"row \">\n<div class=\"elus col-lg-2 col-lg-offset-1\">\n<img src=\"http:\/\/cb27363e0b.url-de-test.ws\/site\/wp-content\/uploads\/2018\/01\/Dominique_PATTE_DE_DUFOURCQ_square_web.jpg\" alt=\"Dominique Patte-de-Dufourcq\" \/><\/p>\n<h4>Dominique<br \/>\nPatte-de-Dufourcq<\/h4>\n<p>Adjoint \u00e0 Montredon-Labessonni\u00e9<\/p>\n<p class=\"role-elus\">Vie Culturelle \/ D\u00e9veloppement Touristique \/ Ordures M\u00e9nag\u00e8res \u2013 Voirie<\/p>\n<\/div>\n<div class=\"elus col-lg-2\">\n<img src=\"http:\/\/cb27363e0b.url-de-test.ws\/site\/wp-content\/uploads\/2018\/01\/Marie-Claude_ROBERT_square_web.jpg\" alt=\"Marie-Claude Robert\" \/><\/p>\n<h4>Marie-Claude<br \/>\nRobert<\/h4>\n<p>Conseill\u00e8re Municipale \u00e0 Montredon-Labessonni\u00e9<\/p>\n<p class=\"role-elus\">D\u00e9veloppement Durable<\/p>\n<\/div>\n<div class=\"elus col-lg-2\">\n<img src=\"http:\/\/cb27363e0b.url-de-test.ws\/site\/wp-content\/uploads\/2018\/01\/Claude_ROQUES_square_web.jpg\" alt=\"Claude Roques\" \/><\/p>\n<h4>Claude<br \/>\nRoques<\/h4>\n<p>Maire de Lombers<\/p>\n<p class=\"role-elus\">Ordures M\u00e9nag\u00e8res \u2013 Voirie<\/p>\n<\/div>\n<div class=\"elus col-lg-2\">\n<img src=\"http:\/\/cb27363e0b.url-de-test.ws\/site\/wp-content\/uploads\/2018\/01\/Robert_ROUMEGOUX_square_web.jpg\" alt=\"Robert Roum\u00e9goux\" \/><\/p>\n<h4>Robert<br \/>\nRoum\u00e9goux<\/h4>\n<p>Maire de Fauch<\/p>\n<p class=\"role-elus\">Ordures M\u00e9nag\u00e8res \u2013 Voirie<\/p>\n<\/div>\n<div class=\"elus col-lg-2\">\n<img src=\"http:\/\/cb27363e0b.url-de-test.ws\/site\/wp-content\/uploads\/2018\/01\/Herve_SOULIE_square_web.jpg\" alt=\"Herv\u00e9 Souli\u00e9\" \/><\/p>\n<h4>Herv\u00e9<br \/>\nSouli\u00e9<\/h4>\n<p>Adjoint \u00e0 R\u00e9almont<br \/>\n<\/div>\n<\/div>\n<div class=\"row \">\n<div class=\"elus col-lg-2 col-lg-offset-4\">\n<img src=\"http:\/\/cb27363e0b.url-de-test.ws\/site\/wp-content\/uploads\/2018\/01\/Floriane_THOMAS_square_web.jpg\" alt=\"Floriane Thomas\" \/><\/p>\n<h4>Floriane<br \/>\nThomas<\/h4>\n<p>Maire de Terre-Clapier<br \/>\n<\/div>\n<div class=\"elus col-lg-2\">\n<img src=\"http:\/\/cb27363e0b.url-de-test.ws\/site\/wp-content\/uploads\/2018\/01\/Bernard_TROUILHET_square_web.jpg\" alt=\"Bernard Trouilhet\" \/><\/p>\n<h4>Bernard<br \/>\nTrouilhet<\/h4>\n<p>Maire du Travet<\/p>\n<p class=\"role-elus\">Communication \/ Vie Culturelle<\/p>\n<\/div>\n<\/div>\n","protected":false},"excerpt":{"rendered":"<p>Le Conseil de Communaut\u00e9 Il est compos\u00e9 de 28 d\u00e9l\u00e9gu\u00e9s, \u00e9lus les 23 et 30 mars 2014 au suffrage universel direct. Il se r\u00e9unit en s\u00e9ance publique au moins une fois par trimestre. Organe d\u00e9cisionnel, il prend les grandes d\u00e9cisions concernant la mise en \u0153uvre des comp\u00e9tences transf\u00e9r\u00e9es \u00e0 la Communaut\u00e9 de communes et vote [&hellip;]<\/p>\n","protected":false},"author":1,"featured_media":0,"parent":426,"menu_order":0,"comment_status":"closed","ping_status":"closed","template":"","meta":[],"yoast_head":"<!-- This site is optimized with the Yoast SEO plugin v18.3 - https:\/\/yoast.com\/wordpress\/plugins\/seo\/ -->\n<title>Les \u00e9lus - Communaut\u00e9 de Communes Centre Tarn<\/title>\n<meta name=\"robots\" content=\"noindex, follow, max-snippet:-1, max-image-preview:large, max-video-preview:-1\" \/>\n<meta property=\"og:locale\" content=\"fr_FR\" \/>\n<meta property=\"og:type\" content=\"article\" \/>\n<meta property=\"og:title\" content=\"Les \u00e9lus - Communaut\u00e9 de Communes Centre Tarn\" \/>\n<meta property=\"og:description\" content=\"Le Conseil de Communaut\u00e9 Il est compos\u00e9 de 28 d\u00e9l\u00e9gu\u00e9s, \u00e9lus les 23 et 30 mars 2014 au suffrage universel direct. Il se r\u00e9unit en s\u00e9ance publique au moins une fois par trimestre. Organe d\u00e9cisionnel, il prend les grandes d\u00e9cisions concernant la mise en \u0153uvre des comp\u00e9tences transf\u00e9r\u00e9es \u00e0 la Communaut\u00e9 de communes et vote [&hellip;]\" \/>\n<meta property=\"og:url\" content=\"http:\/\/cb27363e0b.url-de-test.ws\/site\/la-communaute\/les-elus\/\" \/>\n<meta property=\"og:site_name\" content=\"Communaut\u00e9 de Communes Centre Tarn\" \/>\n<meta property=\"article:publisher\" content=\"https:\/\/fr-fr.facebook.com\/centretarn\/\" \/>\n<meta property=\"article:modified_time\" content=\"2018-11-22T14:15:59+00:00\" \/>\n<meta property=\"og:image\" content=\"http:\/\/cb27363e0b.url-de-test.ws\/site\/wp-content\/uploads\/2018\/01\/Jean-Luc_CANTALOUBE_square_web.jpg\" \/>\n<meta name=\"twitter:card\" content=\"summary_large_image\" \/>\n<meta name=\"twitter:label1\" content=\"Dur\u00e9e de lecture estim\u00e9e\" \/>\n\t<meta name=\"twitter:data1\" content=\"4 minutes\" \/>\n<script type=\"application\/ld+json\" class=\"yoast-schema-graph\">{\"@context\":\"https:\/\/schema.org\",\"@graph\":[{\"@type\":\"Organization\",\"@id\":\"http:\/\/cb27363e0b.url-de-test.ws\/site\/#organization\",\"name\":\"Communaut\u00e9 de Communes Centre Tarn\",\"url\":\"http:\/\/cb27363e0b.url-de-test.ws\/site\/\",\"sameAs\":[\"https:\/\/fr-fr.facebook.com\/centretarn\/\",\"https:\/\/www.youtube.com\/channel\/UCmH971jS42X98fNgJKDqb1A\"],\"logo\":{\"@type\":\"ImageObject\",\"@id\":\"http:\/\/cb27363e0b.url-de-test.ws\/site\/#logo\",\"inLanguage\":\"fr-FR\",\"url\":\"http:\/\/cb27363e0b.url-de-test.ws\/site\/wp-content\/uploads\/2018\/02\/logo-site.png\",\"contentUrl\":\"http:\/\/cb27363e0b.url-de-test.ws\/site\/wp-content\/uploads\/2018\/02\/logo-site.png\",\"width\":149,\"height\":169,\"caption\":\"Communaut\u00e9 de Communes Centre Tarn\"},\"image\":{\"@id\":\"http:\/\/cb27363e0b.url-de-test.ws\/site\/#logo\"}},{\"@type\":\"WebSite\",\"@id\":\"http:\/\/cb27363e0b.url-de-test.ws\/site\/#website\",\"url\":\"http:\/\/cb27363e0b.url-de-test.ws\/site\/\",\"name\":\"Communaut\u00e9 de Communes Centre Tarn\",\"description\":\"\",\"publisher\":{\"@id\":\"http:\/\/cb27363e0b.url-de-test.ws\/site\/#organization\"},\"potentialAction\":[{\"@type\":\"SearchAction\",\"target\":{\"@type\":\"EntryPoint\",\"urlTemplate\":\"http:\/\/cb27363e0b.url-de-test.ws\/site\/?s={search_term_string}\"},\"query-input\":\"required name=search_term_string\"}],\"inLanguage\":\"fr-FR\"},{\"@type\":\"ImageObject\",\"@id\":\"http:\/\/cb27363e0b.url-de-test.ws\/site\/la-communaute\/les-elus\/#primaryimage\",\"inLanguage\":\"fr-FR\",\"url\":\"http:\/\/cb27363e0b.url-de-test.ws\/site\/wp-content\/uploads\/2018\/01\/Jean-Luc_CANTALOUBE_square_web.jpg\",\"contentUrl\":\"http:\/\/cb27363e0b.url-de-test.ws\/site\/wp-content\/uploads\/2018\/01\/Jean-Luc_CANTALOUBE_square_web.jpg\",\"width\":2500,\"height\":2463,\"caption\":\"Jean-Luc Cantaloube\"},{\"@type\":\"WebPage\",\"@id\":\"http:\/\/cb27363e0b.url-de-test.ws\/site\/la-communaute\/les-elus\/#webpage\",\"url\":\"http:\/\/cb27363e0b.url-de-test.ws\/site\/la-communaute\/les-elus\/\",\"name\":\"Les \u00e9lus - Communaut\u00e9 de Communes Centre Tarn\",\"isPartOf\":{\"@id\":\"http:\/\/cb27363e0b.url-de-test.ws\/site\/#website\"},\"primaryImageOfPage\":{\"@id\":\"http:\/\/cb27363e0b.url-de-test.ws\/site\/la-communaute\/les-elus\/#primaryimage\"},\"datePublished\":\"2017-09-21T16:42:58+00:00\",\"dateModified\":\"2018-11-22T14:15:59+00:00\",\"breadcrumb\":{\"@id\":\"http:\/\/cb27363e0b.url-de-test.ws\/site\/la-communaute\/les-elus\/#breadcrumb\"},\"inLanguage\":\"fr-FR\",\"potentialAction\":[{\"@type\":\"ReadAction\",\"target\":[\"http:\/\/cb27363e0b.url-de-test.ws\/site\/la-communaute\/les-elus\/\"]}]},{\"@type\":\"BreadcrumbList\",\"@id\":\"http:\/\/cb27363e0b.url-de-test.ws\/site\/la-communaute\/les-elus\/#breadcrumb\",\"itemListElement\":[{\"@type\":\"ListItem\",\"position\":1,\"name\":\"Accueil\",\"item\":\"http:\/\/cb27363e0b.url-de-test.ws\/site\/\"},{\"@type\":\"ListItem\",\"position\":2,\"name\":\"La communaut\u00e9 de communes\",\"item\":\"http:\/\/cb27363e0b.url-de-test.ws\/site\/la-communaute\/\"},{\"@type\":\"ListItem\",\"position\":3,\"name\":\"Les \u00e9lus\"}]}]}<\/script>\n<!-- \/ Yoast SEO plugin. -->","yoast_head_json":{"title":"Les \u00e9lus - Communaut\u00e9 de Communes Centre Tarn","robots":{"index":"noindex","follow":"follow","max-snippet":"max-snippet:-1","max-image-preview":"max-image-preview:large","max-video-preview":"max-video-preview:-1"},"og_locale":"fr_FR","og_type":"article","og_title":"Les \u00e9lus - Communaut\u00e9 de Communes Centre Tarn","og_description":"Le Conseil de Communaut\u00e9 Il est compos\u00e9 de 28 d\u00e9l\u00e9gu\u00e9s, \u00e9lus les 23 et 30 mars 2014 au suffrage universel direct. Il se r\u00e9unit en s\u00e9ance publique au moins une fois par trimestre. Organe d\u00e9cisionnel, il prend les grandes d\u00e9cisions concernant la mise en \u0153uvre des comp\u00e9tences transf\u00e9r\u00e9es \u00e0 la Communaut\u00e9 de communes et vote [&hellip;]","og_url":"http:\/\/cb27363e0b.url-de-test.ws\/site\/la-communaute\/les-elus\/","og_site_name":"Communaut\u00e9 de Communes Centre Tarn","article_publisher":"https:\/\/fr-fr.facebook.com\/centretarn\/","article_modified_time":"2018-11-22T14:15:59+00:00","og_image":[{"url":"http:\/\/cb27363e0b.url-de-test.ws\/site\/wp-content\/uploads\/2018\/01\/Jean-Luc_CANTALOUBE_square_web.jpg"}],"twitter_card":"summary_large_image","twitter_misc":{"Dur\u00e9e de lecture estim\u00e9e":"4 minutes"},"schema":{"@context":"https:\/\/schema.org","@graph":[{"@type":"Organization","@id":"http:\/\/cb27363e0b.url-de-test.ws\/site\/#organization","name":"Communaut\u00e9 de Communes Centre Tarn","url":"http:\/\/cb27363e0b.url-de-test.ws\/site\/","sameAs":["https:\/\/fr-fr.facebook.com\/centretarn\/","https:\/\/www.youtube.com\/channel\/UCmH971jS42X98fNgJKDqb1A"],"logo":{"@type":"ImageObject","@id":"http:\/\/cb27363e0b.url-de-test.ws\/site\/#logo","inLanguage":"fr-FR","url":"http:\/\/cb27363e0b.url-de-test.ws\/site\/wp-content\/uploads\/2018\/02\/logo-site.png","contentUrl":"http:\/\/cb27363e0b.url-de-test.ws\/site\/wp-content\/uploads\/2018\/02\/logo-site.png","width":149,"height":169,"caption":"Communaut\u00e9 de Communes Centre Tarn"},"image":{"@id":"http:\/\/cb27363e0b.url-de-test.ws\/site\/#logo"}},{"@type":"WebSite","@id":"http:\/\/cb27363e0b.url-de-test.ws\/site\/#website","url":"http:\/\/cb27363e0b.url-de-test.ws\/site\/","name":"Communaut\u00e9 de Communes Centre Tarn","description":"","publisher":{"@id":"http:\/\/cb27363e0b.url-de-test.ws\/site\/#organization"},"potentialAction":[{"@type":"SearchAction","target":{"@type":"EntryPoint","urlTemplate":"http:\/\/cb27363e0b.url-de-test.ws\/site\/?s={search_term_string}"},"query-input":"required name=search_term_string"}],"inLanguage":"fr-FR"},{"@type":"ImageObject","@id":"http:\/\/cb27363e0b.url-de-test.ws\/site\/la-communaute\/les-elus\/#primaryimage","inLanguage":"fr-FR","url":"http:\/\/cb27363e0b.url-de-test.ws\/site\/wp-content\/uploads\/2018\/01\/Jean-Luc_CANTALOUBE_square_web.jpg","contentUrl":"http:\/\/cb27363e0b.url-de-test.ws\/site\/wp-content\/uploads\/2018\/01\/Jean-Luc_CANTALOUBE_square_web.jpg","width":2500,"height":2463,"caption":"Jean-Luc Cantaloube"},{"@type":"WebPage","@id":"http:\/\/cb27363e0b.url-de-test.ws\/site\/la-communaute\/les-elus\/#webpage","url":"http:\/\/cb27363e0b.url-de-test.ws\/site\/la-communaute\/les-elus\/","name":"Les \u00e9lus - Communaut\u00e9 de Communes Centre Tarn","isPartOf":{"@id":"http:\/\/cb27363e0b.url-de-test.ws\/site\/#website"},"primaryImageOfPage":{"@id":"http:\/\/cb27363e0b.url-de-test.ws\/site\/la-communaute\/les-elus\/#primaryimage"},"datePublished":"2017-09-21T16:42:58+00:00","dateModified":"2018-11-22T14:15:59+00:00","breadcrumb":{"@id":"http:\/\/cb27363e0b.url-de-test.ws\/site\/la-communaute\/les-elus\/#breadcrumb"},"inLanguage":"fr-FR","potentialAction":[{"@type":"ReadAction","target":["http:\/\/cb27363e0b.url-de-test.ws\/site\/la-communaute\/les-elus\/"]}]},{"@type":"BreadcrumbList","@id":"http:\/\/cb27363e0b.url-de-test.ws\/site\/la-communaute\/les-elus\/#breadcrumb","itemListElement":[{"@type":"ListItem","position":1,"name":"Accueil","item":"http:\/\/cb27363e0b.url-de-test.ws\/site\/"},{"@type":"ListItem","position":2,"name":"La communaut\u00e9 de communes","item":"http:\/\/cb27363e0b.url-de-test.ws\/site\/la-communaute\/"},{"@type":"ListItem","position":3,"name":"Les \u00e9lus"}]}]}},"_links":{"self":[{"href":"http:\/\/cb27363e0b.url-de-test.ws\/site\/wp-json\/wp\/v2\/pages\/438"}],"collection":[{"href":"http:\/\/cb27363e0b.url-de-test.ws\/site\/wp-json\/wp\/v2\/pages"}],"about":[{"href":"http:\/\/cb27363e0b.url-de-test.ws\/site\/wp-json\/wp\/v2\/types\/page"}],"author":[{"embeddable":true,"href":"http:\/\/cb27363e0b.url-de-test.ws\/site\/wp-json\/wp\/v2\/users\/1"}],"replies":[{"embeddable":true,"href":"http:\/\/cb27363e0b.url-de-test.ws\/site\/wp-json\/wp\/v2\/comments?post=438"}],"version-history":[{"count":179,"href":"http:\/\/cb27363e0b.url-de-test.ws\/site\/wp-json\/wp\/v2\/pages\/438\/revisions"}],"predecessor-version":[{"id":3701,"href":"http:\/\/cb27363e0b.url-de-test.ws\/site\/wp-json\/wp\/v2\/pages\/438\/revisions\/3701"}],"up":[{"embeddable":true,"href":"http:\/\/cb27363e0b.url-de-test.ws\/site\/wp-json\/wp\/v2\/pages\/426"}],"wp:attachment":[{"href":"http:\/\/cb27363e0b.url-de-test.ws\/site\/wp-json\/wp\/v2\/media?parent=438"}],"curies":[{"name":"wp","href":"https:\/\/api.w.org\/{rel}","templated":true}]}}