{"id":380,"date":"2017-09-21T17:00:10","date_gmt":"2017-09-21T15:00:10","guid":{"rendered":"http:\/\/cb27363e0b.url-de-test.ws\/site\/?page_id=380"},"modified":"2018-09-25T12:25:56","modified_gmt":"2018-09-25T10:25:56","slug":"voirie","status":"publish","type":"page","link":"http:\/\/cb27363e0b.url-de-test.ws\/site\/environnement\/voirie\/","title":{"rendered":"Voirie"},"content":{"rendered":"<h3 style=\"text-align: justify;\">La comp\u00e9tence<\/h3>\n<p style=\"text-align: justify;\">Les d\u00e9penses d&rsquo;entretien des voies communales sont une d\u00e9pense obligatoire des communes au sens de l\u2019article L\u00a02321-2 du Code g\u00e9n\u00e9ral des collectivit\u00e9s territoriales. Toutefois, dans le cadre d\u2019un regroupement, cette comp\u00e9tence peut-\u00eatre transf\u00e9r\u00e9e \u00e0 la communaut\u00e9 de communes.<\/p>\n<p style=\"text-align: justify;\">C\u2019est ce que les 14 communes formant la Communaut\u00e9 de Communes du R\u00e9almontais ont d\u00e9cid\u00e9 de faire au 1er janvier 2005. Lors de la fusion avec le Montredonnais au 1er janvier 2013, cette comp\u00e9tence optionnelle de la Communaut\u00e9 de Communes Centre Tarn s\u2019est \u00e9largie au territoire des deux nouvelles communes.<\/p>\n<p style=\"text-align: justify;\">La comp\u00e9tence porte sur une partie bien d\u00e9finie du r\u00e9seau de voies communales qui respectent certains crit\u00e8res communautaires, le reste des voies non d\u00e9clar\u00e9es d\u2019int\u00e9r\u00eat communautaire demeurant de la comp\u00e9tence de la commune.<\/p>\n<h3 style=\"text-align: justify;\">Le r\u00e9seau<\/h3>\n<p style=\"text-align: justify;\">Le r\u00e9seau de voies communales d\u00e9clar\u00e9es d\u2019int\u00e9r\u00eat communautaire comprend 253 km de voies r\u00e9partis comme suit\u00a0:<br \/>\n&#8211; Arifat\u00a0: 11,825<br \/>\n&#8211; Fauch\u00a0: 21,950<br \/>\n&#8211; Laboutari\u00e9\u00a0: 4,575<br \/>\n&#8211; Lamillari\u00e9\u00a0: 11,860<br \/>\n&#8211; Lombers\u00a0: 28,048<br \/>\n&#8211; Montredon Labessonni\u00e9\u00a0: 46,625<br \/>\n&#8211; Orban\u00a0: 16,125<br \/>\n&#8211; Poulan Pouzols\u00a0: 8,910<br \/>\n&#8211; R\u00e9almont\u00a0: 16,820<br \/>\n&#8211; Ronel\u00a0: 12,180<br \/>\n&#8211; Roum\u00e9goux\u00a0: 10,162<br \/>\n&#8211; Saint Antonin de Lacalm\u00a0: 15,285<br \/>\n&#8211; Saint Lieux Lafenasse\u00a0: 15,415<br \/>\n&#8211; Sieurac\u00a0: 8,360<br \/>\n&#8211; Terre Clapier\u00a0: 16,438<br \/>\n&#8211; Le Travet\u00a0: 8,680<\/p>\n<p style=\"text-align: justify;\"><a href=\"http:\/\/cb27363e0b.url-de-test.ws\/site\/wp-content\/uploads\/2017\/09\/Carte-Voirie.png\" target=\"_blank\" rel=\"noopener\"><img loading=\"lazy\" class=\"aligncenter wp-image-1661 size-full\" src=\"http:\/\/cb27363e0b.url-de-test.ws\/site\/wp-content\/uploads\/2017\/09\/Carte-Voirie.png\" alt=\"Carte de la voirie en Centre Tarn\" width=\"900\" height=\"635\" srcset=\"http:\/\/cb27363e0b.url-de-test.ws\/site\/wp-content\/uploads\/2017\/09\/Carte-Voirie.png 900w, http:\/\/cb27363e0b.url-de-test.ws\/site\/wp-content\/uploads\/2017\/09\/Carte-Voirie-480x339.png 480w, http:\/\/cb27363e0b.url-de-test.ws\/site\/wp-content\/uploads\/2017\/09\/Carte-Voirie-768x542.png 768w\" sizes=\"(max-width: 900px) 100vw, 900px\" \/><\/a><\/p>\n<h3 style=\"text-align: justify;\">Le budget<\/h3>\n<p style=\"text-align: justify;\">Lors du transfert, les \u00e9lus de la Communaut\u00e9 de Communes du R\u00e9almontais ont choisi de mettre \u00e0 niveau tout le r\u00e9seau de voirie transf\u00e9r\u00e9. C\u2019est ainsi que sur 3 ans 2,5 millions d\u2019euros ont \u00e9t\u00e9 investis sur ces routes.<\/p>\n<p style=\"text-align: justify;\">Depuis, environ 300 000 euros en moyenne, puis 380 000 \u20ac depuis la fusion avec le Montredonnais, sont investis chaque ann\u00e9e pour conserver un r\u00e9seau de voies en bon \u00e9tat. (Cf tableau)<\/p>\n<p style=\"text-align: justify;\">Les travaux sont r\u00e9alis\u00e9s par des entreprises locales apr\u00e8s mise en concurrence pour l\u2019attribution du march\u00e9 quadriennal \u00e0 bons de commande. Les titulaires du march\u00e9 actuel (2018 &#8211; 2021) sont la SASU CARCELLER \u00e0 R\u00e9almont et MAILLET TP \u00e0 Lombers.<\/p>\n<p style=\"text-align: justify;\">Ces deux prestataires font \u00e9galement appel pour la sous-traitance \u00e0 la SARL AZAM et Fils \u00e0 Fr\u00e9jairolles et ALIBERT TP \u00e0 Montredon Labessonni\u00e9.<\/p>\n<p>&nbsp;<\/p>\n","protected":false},"excerpt":{"rendered":"<p>La comp\u00e9tence Les d\u00e9penses d&rsquo;entretien des voies communales sont une d\u00e9pense obligatoire des communes au sens de l\u2019article L\u00a02321-2 du Code g\u00e9n\u00e9ral des collectivit\u00e9s territoriales. Toutefois, dans le cadre d\u2019un regroupement, cette comp\u00e9tence peut-\u00eatre transf\u00e9r\u00e9e \u00e0 la communaut\u00e9 de communes. C\u2019est ce que les 14 communes formant la Communaut\u00e9 de Communes du R\u00e9almontais ont d\u00e9cid\u00e9 [&hellip;]<\/p>\n","protected":false},"author":1,"featured_media":1721,"parent":407,"menu_order":0,"comment_status":"closed","ping_status":"closed","template":"","meta":[],"yoast_head":"<!-- This site is optimized with the Yoast SEO plugin v18.3 - https:\/\/yoast.com\/wordpress\/plugins\/seo\/ -->\n<title>Voirie - Communaut\u00e9 de Communes Centre Tarn<\/title>\n<meta name=\"robots\" content=\"noindex, follow, max-snippet:-1, max-image-preview:large, max-video-preview:-1\" \/>\n<meta property=\"og:locale\" content=\"fr_FR\" \/>\n<meta property=\"og:type\" content=\"article\" \/>\n<meta property=\"og:title\" content=\"Voirie - Communaut\u00e9 de Communes Centre Tarn\" \/>\n<meta property=\"og:description\" content=\"La comp\u00e9tence Les d\u00e9penses d&rsquo;entretien des voies communales sont une d\u00e9pense obligatoire des communes au sens de l\u2019article L\u00a02321-2 du Code g\u00e9n\u00e9ral des collectivit\u00e9s territoriales. Toutefois, dans le cadre d\u2019un regroupement, cette comp\u00e9tence peut-\u00eatre transf\u00e9r\u00e9e \u00e0 la communaut\u00e9 de communes. C\u2019est ce que les 14 communes formant la Communaut\u00e9 de Communes du R\u00e9almontais ont d\u00e9cid\u00e9 [&hellip;]\" \/>\n<meta property=\"og:url\" content=\"http:\/\/cb27363e0b.url-de-test.ws\/site\/environnement\/voirie\/\" \/>\n<meta property=\"og:site_name\" content=\"Communaut\u00e9 de Communes Centre Tarn\" \/>\n<meta property=\"article:publisher\" content=\"https:\/\/fr-fr.facebook.com\/centretarn\/\" \/>\n<meta property=\"article:modified_time\" content=\"2018-09-25T10:25:56+00:00\" \/>\n<meta property=\"og:image\" content=\"http:\/\/cb27363e0b.url-de-test.ws\/site\/wp-content\/uploads\/2017\/09\/VOIRIE.jpg\" \/>\n\t<meta property=\"og:image:width\" content=\"640\" \/>\n\t<meta property=\"og:image:height\" content=\"439\" \/>\n\t<meta property=\"og:image:type\" content=\"image\/jpeg\" \/>\n<meta name=\"twitter:card\" content=\"summary_large_image\" \/>\n<meta name=\"twitter:label1\" content=\"Dur\u00e9e de lecture estim\u00e9e\" \/>\n\t<meta name=\"twitter:data1\" content=\"2 minutes\" \/>\n<script type=\"application\/ld+json\" class=\"yoast-schema-graph\">{\"@context\":\"https:\/\/schema.org\",\"@graph\":[{\"@type\":\"Organization\",\"@id\":\"http:\/\/cb27363e0b.url-de-test.ws\/site\/#organization\",\"name\":\"Communaut\u00e9 de Communes Centre Tarn\",\"url\":\"http:\/\/cb27363e0b.url-de-test.ws\/site\/\",\"sameAs\":[\"https:\/\/fr-fr.facebook.com\/centretarn\/\",\"https:\/\/www.youtube.com\/channel\/UCmH971jS42X98fNgJKDqb1A\"],\"logo\":{\"@type\":\"ImageObject\",\"@id\":\"http:\/\/cb27363e0b.url-de-test.ws\/site\/#logo\",\"inLanguage\":\"fr-FR\",\"url\":\"http:\/\/cb27363e0b.url-de-test.ws\/site\/wp-content\/uploads\/2018\/02\/logo-site.png\",\"contentUrl\":\"http:\/\/cb27363e0b.url-de-test.ws\/site\/wp-content\/uploads\/2018\/02\/logo-site.png\",\"width\":149,\"height\":169,\"caption\":\"Communaut\u00e9 de Communes Centre Tarn\"},\"image\":{\"@id\":\"http:\/\/cb27363e0b.url-de-test.ws\/site\/#logo\"}},{\"@type\":\"WebSite\",\"@id\":\"http:\/\/cb27363e0b.url-de-test.ws\/site\/#website\",\"url\":\"http:\/\/cb27363e0b.url-de-test.ws\/site\/\",\"name\":\"Communaut\u00e9 de Communes Centre Tarn\",\"description\":\"\",\"publisher\":{\"@id\":\"http:\/\/cb27363e0b.url-de-test.ws\/site\/#organization\"},\"potentialAction\":[{\"@type\":\"SearchAction\",\"target\":{\"@type\":\"EntryPoint\",\"urlTemplate\":\"http:\/\/cb27363e0b.url-de-test.ws\/site\/?s={search_term_string}\"},\"query-input\":\"required name=search_term_string\"}],\"inLanguage\":\"fr-FR\"},{\"@type\":\"ImageObject\",\"@id\":\"http:\/\/cb27363e0b.url-de-test.ws\/site\/environnement\/voirie\/#primaryimage\",\"inLanguage\":\"fr-FR\",\"url\":\"http:\/\/cb27363e0b.url-de-test.ws\/site\/wp-content\/uploads\/2017\/09\/VOIRIE.jpg\",\"contentUrl\":\"http:\/\/cb27363e0b.url-de-test.ws\/site\/wp-content\/uploads\/2017\/09\/VOIRIE.jpg\",\"width\":640,\"height\":439},{\"@type\":\"WebPage\",\"@id\":\"http:\/\/cb27363e0b.url-de-test.ws\/site\/environnement\/voirie\/#webpage\",\"url\":\"http:\/\/cb27363e0b.url-de-test.ws\/site\/environnement\/voirie\/\",\"name\":\"Voirie - Communaut\u00e9 de Communes Centre Tarn\",\"isPartOf\":{\"@id\":\"http:\/\/cb27363e0b.url-de-test.ws\/site\/#website\"},\"primaryImageOfPage\":{\"@id\":\"http:\/\/cb27363e0b.url-de-test.ws\/site\/environnement\/voirie\/#primaryimage\"},\"datePublished\":\"2017-09-21T15:00:10+00:00\",\"dateModified\":\"2018-09-25T10:25:56+00:00\",\"breadcrumb\":{\"@id\":\"http:\/\/cb27363e0b.url-de-test.ws\/site\/environnement\/voirie\/#breadcrumb\"},\"inLanguage\":\"fr-FR\",\"potentialAction\":[{\"@type\":\"ReadAction\",\"target\":[\"http:\/\/cb27363e0b.url-de-test.ws\/site\/environnement\/voirie\/\"]}]},{\"@type\":\"BreadcrumbList\",\"@id\":\"http:\/\/cb27363e0b.url-de-test.ws\/site\/environnement\/voirie\/#breadcrumb\",\"itemListElement\":[{\"@type\":\"ListItem\",\"position\":1,\"name\":\"Accueil\",\"item\":\"http:\/\/cb27363e0b.url-de-test.ws\/site\/\"},{\"@type\":\"ListItem\",\"position\":2,\"name\":\"Environnement\",\"item\":\"http:\/\/cb27363e0b.url-de-test.ws\/site\/environnement\/\"},{\"@type\":\"ListItem\",\"position\":3,\"name\":\"Voirie\"}]}]}<\/script>\n<!-- \/ Yoast SEO plugin. -->","yoast_head_json":{"title":"Voirie - Communaut\u00e9 de Communes Centre Tarn","robots":{"index":"noindex","follow":"follow","max-snippet":"max-snippet:-1","max-image-preview":"max-image-preview:large","max-video-preview":"max-video-preview:-1"},"og_locale":"fr_FR","og_type":"article","og_title":"Voirie - Communaut\u00e9 de Communes Centre Tarn","og_description":"La comp\u00e9tence Les d\u00e9penses d&rsquo;entretien des voies communales sont une d\u00e9pense obligatoire des communes au sens de l\u2019article L\u00a02321-2 du Code g\u00e9n\u00e9ral des collectivit\u00e9s territoriales. Toutefois, dans le cadre d\u2019un regroupement, cette comp\u00e9tence peut-\u00eatre transf\u00e9r\u00e9e \u00e0 la communaut\u00e9 de communes. C\u2019est ce que les 14 communes formant la Communaut\u00e9 de Communes du R\u00e9almontais ont d\u00e9cid\u00e9 [&hellip;]","og_url":"http:\/\/cb27363e0b.url-de-test.ws\/site\/environnement\/voirie\/","og_site_name":"Communaut\u00e9 de Communes Centre Tarn","article_publisher":"https:\/\/fr-fr.facebook.com\/centretarn\/","article_modified_time":"2018-09-25T10:25:56+00:00","og_image":[{"width":640,"height":439,"url":"http:\/\/cb27363e0b.url-de-test.ws\/site\/wp-content\/uploads\/2017\/09\/VOIRIE.jpg","type":"image\/jpeg"}],"twitter_card":"summary_large_image","twitter_misc":{"Dur\u00e9e de lecture estim\u00e9e":"2 minutes"},"schema":{"@context":"https:\/\/schema.org","@graph":[{"@type":"Organization","@id":"http:\/\/cb27363e0b.url-de-test.ws\/site\/#organization","name":"Communaut\u00e9 de Communes Centre Tarn","url":"http:\/\/cb27363e0b.url-de-test.ws\/site\/","sameAs":["https:\/\/fr-fr.facebook.com\/centretarn\/","https:\/\/www.youtube.com\/channel\/UCmH971jS42X98fNgJKDqb1A"],"logo":{"@type":"ImageObject","@id":"http:\/\/cb27363e0b.url-de-test.ws\/site\/#logo","inLanguage":"fr-FR","url":"http:\/\/cb27363e0b.url-de-test.ws\/site\/wp-content\/uploads\/2018\/02\/logo-site.png","contentUrl":"http:\/\/cb27363e0b.url-de-test.ws\/site\/wp-content\/uploads\/2018\/02\/logo-site.png","width":149,"height":169,"caption":"Communaut\u00e9 de Communes Centre Tarn"},"image":{"@id":"http:\/\/cb27363e0b.url-de-test.ws\/site\/#logo"}},{"@type":"WebSite","@id":"http:\/\/cb27363e0b.url-de-test.ws\/site\/#website","url":"http:\/\/cb27363e0b.url-de-test.ws\/site\/","name":"Communaut\u00e9 de Communes Centre Tarn","description":"","publisher":{"@id":"http:\/\/cb27363e0b.url-de-test.ws\/site\/#organization"},"potentialAction":[{"@type":"SearchAction","target":{"@type":"EntryPoint","urlTemplate":"http:\/\/cb27363e0b.url-de-test.ws\/site\/?s={search_term_string}"},"query-input":"required name=search_term_string"}],"inLanguage":"fr-FR"},{"@type":"ImageObject","@id":"http:\/\/cb27363e0b.url-de-test.ws\/site\/environnement\/voirie\/#primaryimage","inLanguage":"fr-FR","url":"http:\/\/cb27363e0b.url-de-test.ws\/site\/wp-content\/uploads\/2017\/09\/VOIRIE.jpg","contentUrl":"http:\/\/cb27363e0b.url-de-test.ws\/site\/wp-content\/uploads\/2017\/09\/VOIRIE.jpg","width":640,"height":439},{"@type":"WebPage","@id":"http:\/\/cb27363e0b.url-de-test.ws\/site\/environnement\/voirie\/#webpage","url":"http:\/\/cb27363e0b.url-de-test.ws\/site\/environnement\/voirie\/","name":"Voirie - Communaut\u00e9 de Communes Centre Tarn","isPartOf":{"@id":"http:\/\/cb27363e0b.url-de-test.ws\/site\/#website"},"primaryImageOfPage":{"@id":"http:\/\/cb27363e0b.url-de-test.ws\/site\/environnement\/voirie\/#primaryimage"},"datePublished":"2017-09-21T15:00:10+00:00","dateModified":"2018-09-25T10:25:56+00:00","breadcrumb":{"@id":"http:\/\/cb27363e0b.url-de-test.ws\/site\/environnement\/voirie\/#breadcrumb"},"inLanguage":"fr-FR","potentialAction":[{"@type":"ReadAction","target":["http:\/\/cb27363e0b.url-de-test.ws\/site\/environnement\/voirie\/"]}]},{"@type":"BreadcrumbList","@id":"http:\/\/cb27363e0b.url-de-test.ws\/site\/environnement\/voirie\/#breadcrumb","itemListElement":[{"@type":"ListItem","position":1,"name":"Accueil","item":"http:\/\/cb27363e0b.url-de-test.ws\/site\/"},{"@type":"ListItem","position":2,"name":"Environnement","item":"http:\/\/cb27363e0b.url-de-test.ws\/site\/environnement\/"},{"@type":"ListItem","position":3,"name":"Voirie"}]}]}},"_links":{"self":[{"href":"http:\/\/cb27363e0b.url-de-test.ws\/site\/wp-json\/wp\/v2\/pages\/380"}],"collection":[{"href":"http:\/\/cb27363e0b.url-de-test.ws\/site\/wp-json\/wp\/v2\/pages"}],"about":[{"href":"http:\/\/cb27363e0b.url-de-test.ws\/site\/wp-json\/wp\/v2\/types\/page"}],"author":[{"embeddable":true,"href":"http:\/\/cb27363e0b.url-de-test.ws\/site\/wp-json\/wp\/v2\/users\/1"}],"replies":[{"embeddable":true,"href":"http:\/\/cb27363e0b.url-de-test.ws\/site\/wp-json\/wp\/v2\/comments?post=380"}],"version-history":[{"count":8,"href":"http:\/\/cb27363e0b.url-de-test.ws\/site\/wp-json\/wp\/v2\/pages\/380\/revisions"}],"predecessor-version":[{"id":3292,"href":"http:\/\/cb27363e0b.url-de-test.ws\/site\/wp-json\/wp\/v2\/pages\/380\/revisions\/3292"}],"up":[{"embeddable":true,"href":"http:\/\/cb27363e0b.url-de-test.ws\/site\/wp-json\/wp\/v2\/pages\/407"}],"wp:featuredmedia":[{"embeddable":true,"href":"http:\/\/cb27363e0b.url-de-test.ws\/site\/wp-json\/wp\/v2\/media\/1721"}],"wp:attachment":[{"href":"http:\/\/cb27363e0b.url-de-test.ws\/site\/wp-json\/wp\/v2\/media?parent=380"}],"curies":[{"name":"wp","href":"https:\/\/api.w.org\/{rel}","templated":true}]}}