{"id":356,"date":"2017-09-21T16:19:26","date_gmt":"2017-09-21T14:19:26","guid":{"rendered":"http:\/\/cb27363e0b.url-de-test.ws\/site\/?page_id=356"},"modified":"2018-11-27T09:36:53","modified_gmt":"2018-11-27T08:36:53","slug":"plui","status":"publish","type":"page","link":"http:\/\/cb27363e0b.url-de-test.ws\/site\/urbanisme\/plui\/","title":{"rendered":"PLUi"},"content":{"rendered":"<div class=\"c-tabs\"><div class=\"c-content-box\"><div class=\"tabs-inner\"><ul class=\"tab-list\"><li class=\"tab m-active\"><span class=\"tab-label\">Qu'est-ce que le PLUi ?<\/span><\/li><li class=\"tab\"><span class=\"tab-label\">En cours<\/span><\/li><li class=\"tab\"><span class=\"tab-label\">Documents<\/span><\/li><li class=\"tab\"><span class=\"tab-label\">Votre r\u00f4le<\/span><\/li><li class=\"tab\"><span class=\"tab-label\">Contact<\/span><\/li><\/ul><ul class=\"content-list\">\n<li><h3 class=\" text-center\" style=\"text-align: justify;\"><strong>Qu&rsquo;est ce que le PLUi, Plan Local d&rsquo;Urbanisme <\/strong><strong>Intercommunal <\/strong><strong>?<\/strong><\/h3>\n<p style=\"text-align: justify;\">Le PLUi est un document d\u2019urbanisme, de planification d\u00e9velopp\u00e9 au niveau intercommunal sur les 16 communes qui compose la Communaut\u00e9 de Communes \u00a0Centre Tarn<\/p>\n<h4 style=\"text-align: justify;\">Pourquoi ?<\/h4>\n<p style=\"text-align: justify;\">Pour fixer les r\u00e8gles d\u2019am\u00e9nagement du territoire communautaire.<\/p>\n<p style=\"text-align: justify;\">Pour les habitants : un r\u00e9f\u00e9rentiel r\u00e9glementaire pour conna\u00eetre les droits et devoirs sur son terrain (destination, implantation de la construction, desserte, pr\u00e9servation d\u2019espaces bois\u00e9s, etc\u2026).<\/p>\n<p style=\"text-align: justify;\">Pour la communaut\u00e9 de communes : un document unique pour les 16 communes, afin d\u2019am\u00e9nager le territoire de mani\u00e8re coh\u00e9rente avec des objectifs et des r\u00e8gles communs.<\/p>\n<h4 style=\"text-align: justify;\">Pourquoi \u00e0 l&rsquo;\u00e9chelle de l&rsquo;intercommunalit\u00e9 ? Parce que&#8230;<\/h4>\n<ul style=\"text-align: justify;\">\n<li>cela permet de mod\u00e9rer la consommation des espaces agricoles et naturels<\/li>\n<li>c&rsquo;est une \u00e9chelle (les 16 communes) adapt\u00e9e \u00e0 la vie des territoires<\/li>\n<li>il r\u00e9pond mieux \u00e0 l\u2019h\u00e9t\u00e9rog\u00e9n\u00e9it\u00e9 des besoins en logement des habitants<\/li>\n<li>il peut articuler le logement avec les autres politiques locales : transports, am\u00e9nagement, environnement, etc&#8230;<\/li>\n<li>le transfert de comp\u00e9tence PLU est automatique pour les intercommunalit\u00e9s depuis le 27 mars 2017 (sauf minorit\u00e9 de blocage)<\/li>\n<\/ul>\n<h4 style=\"text-align: justify;\">Comment ?<\/h4>\n<p style=\"text-align: justify;\">Par des \u00e9tudes et une proc\u00e9dure cadr\u00e9e qui dure environ 3 ans minimum.<\/p>\n<h3 class=\" text-left\" style=\"text-align: justify;\">Quelle diff\u00e9rence avec la carte communale ?<\/h3>\n<p style=\"text-align: justify;\">En plus du Plan Local d&rsquo;Urbanisme Intercommunal :<\/p>\n<ul style=\"text-align: justify;\">\n<li>mise en place d&rsquo;un projet de territoire : projet politique en r\u00e9ponse aux besoins et enjeux du territoire, donnant des orientations qui sont traduites dans les autres pi\u00e8ces du PLUi<\/li>\n<li>r\u00e9daction d&rsquo;un r\u00e8glement \u00e9crit, avec l&rsquo;affectation des sols et destinations des constructions, la qualit\u00e9 urbaine, architecturale, environnementale et paysag\u00e8re et les \u00e9quipements, r\u00e9seaux et emplacements r\u00e9serv\u00e9s- un zonage qui distingue plus de zones (naturelle, agricole, urbaine, \u00e0 urbaniser, \u00e0 vocation \u00e9conomique&#8230;)<\/li>\n<li>pr\u00e9conisation des Orientations d&rsquo;Am\u00e9nagement et de Programmation sur certains secteurs \u00e0 enjeux, qui d\u00e9finiront l&rsquo;am\u00e9nagement selon des principes directeurs (desserte, densit\u00e9&#8230;).<\/li>\n<\/ul>\n<h4 style=\"text-align: justify;\">Contexte du cadre l\u00e9gislatif qui impose de nouvelles exigences pour l&rsquo;\u00e9laboration du PLUi<\/h4>\n<p style=\"text-align: justify;\">Grenelle II (2010), Loi ALUR (2014), Loi LAAF Avenir pour l&rsquo;agriculture, alimentation et for\u00eat (2015) :<\/p>\n<ul style=\"text-align: justify;\">\n<li>objectifs environnementaux renforc\u00e9s<\/li>\n<li>mod\u00e9ration de la consommation d&rsquo;espaces, lutte contre l&rsquo;artificialisation des sols<\/li>\n<li>densification en zone urbanis\u00e9e (le coefficient des sols et la superficie minimale sont supprim\u00e9s)<\/li>\n<li>contr\u00f4le renforc\u00e9 sur les \u00e9volutions de zonage en zone agricole et naturelle =&gt; R\u00e9duction des zones constructibles, densification incit\u00e9e<\/li>\n<\/ul>\n<h4 style=\"text-align: justify;\">Les grandes \u00e9tapes de l&rsquo;\u00e9laboration du PLUi<\/h4>\n<p style=\"text-align: justify;\"><a href=\"http:\/\/cb27363e0b.url-de-test.ws\/site\/wp-content\/uploads\/2017\/09\/Schema_PLUi.png\" target=\"_blank\" rel=\"noopener\"><img loading=\"lazy\" class=\"aligncenter wp-image-1618 size-medium\" src=\"http:\/\/cb27363e0b.url-de-test.ws\/site\/wp-content\/uploads\/2017\/09\/Schema_PLUi-480x355.png\" alt=\"Sch\u00e9ma du PLUi\" width=\"480\" height=\"355\" srcset=\"http:\/\/cb27363e0b.url-de-test.ws\/site\/wp-content\/uploads\/2017\/09\/Schema_PLUi-480x355.png 480w, http:\/\/cb27363e0b.url-de-test.ws\/site\/wp-content\/uploads\/2017\/09\/Schema_PLUi-768x568.png 768w, http:\/\/cb27363e0b.url-de-test.ws\/site\/wp-content\/uploads\/2017\/09\/Schema_PLUi.png 900w\" sizes=\"(max-width: 480px) 100vw, 480px\" \/><\/a><\/p>\n<ol>\n<li style=\"text-align: justify;\">Diagnostic : analyser le territoire, ses atouts et faiblesses<\/li>\n<li style=\"text-align: justify;\">Projet d&rsquo;Am\u00e9nagement et de D\u00e9veloppement Durable : construire un projet de territoire en accord avec les enjeux du diagnostic et la volont\u00e9 des \u00e9lus<\/li>\n<li style=\"text-align: justify;\">Pi\u00e8ces r\u00e9glementaires (r\u00e8glement et zonage) : d\u00e9finir les r\u00e8gles de mises en \u0153uvre du Projet<\/li>\n<li style=\"text-align: justify;\">Phase de consultation : soumettre le projet aux personnes publiques associ\u00e9es (\u00c9tat, chambres consulaires\u2026) et \u00e0 la population (enqu\u00eate publique)<\/li>\n<li style=\"text-align: justify;\">Approbation par d\u00e9lib\u00e9ration<\/li>\n<\/ol>\n<\/li>\n<li style=\"display: none;\"><p>La pr\u00e9sentation synth\u00e9tique du PADD (version non d\u00e9finitive) en r\u00e9union publique de <span id=\"OBJ_PREFIX_DWT136_com_zimbra_date\" class=\"Object\" role=\"link\">mai 2018<\/span><\/p>\n<p><a href=\"http:\/\/cb27363e0b.url-de-test.ws\/site\/wp-content\/uploads\/2017\/09\/REUNION_PUBLIQUE_0518.pdf\" target=\"_blank\" rel=\"noopener\">Lire la pr\u00e9sentation<\/a><\/p>\n<\/li>\n<li style=\"display: none;\"><p>Ci-dessous le Diagnostic Socio-Economique et l&rsquo;\u00c9tat Initial de l&rsquo;Environnement<\/p>\n<ul>\n<li><a href=\"https:\/\/drive.google.com\/open?id=0B2YyrDoKmf2MUFROSE9zTGxEMjg\" target=\"_blank\" rel=\"noopener\">Diagnostic Socio-\u00e9conomique<\/a><\/li>\n<li><a href=\"https:\/\/drive.google.com\/open?id=0B2YyrDoKmf2MTVBVc2dQNW10YW8\" target=\"_blank\" rel=\"noopener\">Etat Initial de l&rsquo;Environnement<\/a><\/li>\n<\/ul>\n<p>Vous pouvez aussi consulter la synth\u00e8se du diagnostic<br \/>\n<a href=\"http:\/\/cb27363e0b.url-de-test.ws\/site\/wp-content\/uploads\/2017\/09\/lettre-PLUI-public-2017.pdf\" target=\"_blank\" rel=\"noopener\">lettre PLUI public 2017<\/a><\/p>\n<\/li>\n<li style=\"display: none;\"><h4 class=\" text-left\">Comment vous informer et vous exprimer ?<\/h4>\n<ul>\n<li>R\u00e9unions publiques \u00e0 chaque \u00e9tape<\/li>\n<li>Un registre en mairie (et \u00e0 la CCCT) pour exprimer vos attentes<\/li>\n<li>Mise \u00e0 disposition des documents d\u2019\u00e9tape en mairie<\/li>\n<li>Exposition itin\u00e9rante de l\u2019avanc\u00e9e du projet<\/li>\n<li>Enqu\u00eate publique obligatoire d\u2019un mois minimum<\/li>\n<li>Courrier au Pr\u00e9sident de la CCCT<\/li>\n<li>Formulaire <span id=\"mce_19_end\"><span id=\"mce_20_end\"><\/span><\/span>(Utilisez l&rsquo;onglet <strong>Contact<\/strong> ci-dessus)<\/li>\n<\/ul>\n<p>Contact :\u00a0 Pr\u00e9sident Jean-Luc Cantaloube<\/p>\n<p>\u00c9lu r\u00e9f\u00e9rent : Claude Olivier<\/p>\n<p>Charg\u00e9e du PLUi : <a href=\"tel:0563792194\">05 63 79 21 94<\/a><\/p>\n<p>Bureaux d\u2019\u00e9tudes : Atelier ATU, AAGE, Terre Vive et Nymphalis, Chambre d\u2019Agriculture du Tarn<\/p>\n<\/li>\n<p style=\"text-align: justify;\"><li style=\"display: none;\"><div class=\"c-alert-message m-info\"><i class=\"ico fa fa-info-circle\"><\/i><div class=\"alert-inner\"><br \/>\n<strong>Si vous souhaitez des informations concernant le Plan Local d&rsquo;Urbanisme intercommunal<\/strong> (calendrier, m\u00e9thode, zonage&#8230;) ou inscrire votre demande sur le registre, merci de prendre rendez-vous pour <strong>le lundi de 14h \u00e0 17h30 ou le jeudi de 14h \u00e0 17h30<\/strong>.<br \/>\nContact : <a href=\"tel:0563792127\">05 63 79 21 27<\/a> ou <a href=\"mailto:msap@centretarn.fr\">msap@centretarn.fr<\/a><br \/>\n<button class=\"alert-close\" type=\"button\"><i class=\"fa fa-times\"><\/i><\/button><\/div><\/div><br \/>\n<div role=\"form\" class=\"wpcf7\" id=\"wpcf7-f2681-o1\" lang=\"fr-FR\" dir=\"ltr\">\n<div class=\"screen-reader-response\"><p role=\"status\" aria-live=\"polite\" aria-atomic=\"true\"><\/p> <ul><\/ul><\/div>\n<form action=\"\/site\/wp-json\/wp\/v2\/pages\/356#wpcf7-f2681-o1\" method=\"post\" class=\"wpcf7-form init\" novalidate=\"novalidate\" data-status=\"init\">\n<div style=\"display: none;\">\n<input type=\"hidden\" name=\"_wpcf7\" value=\"2681\" \/>\n<input type=\"hidden\" name=\"_wpcf7_version\" value=\"5.5.6\" \/>\n<input type=\"hidden\" name=\"_wpcf7_locale\" value=\"fr_FR\" \/>\n<input type=\"hidden\" name=\"_wpcf7_unit_tag\" value=\"wpcf7-f2681-o1\" \/>\n<input type=\"hidden\" name=\"_wpcf7_container_post\" value=\"0\" \/>\n<input type=\"hidden\" name=\"_wpcf7_posted_data_hash\" value=\"\" \/>\n<\/div>\n<p>Les champs marqu\u00e9s d'un * sont obligatoires<\/p>\n<p><label> *Civilit\u00e9<\/label><br \/>\n    <span class=\"wpcf7-form-control-wrap civilite\"><span class=\"wpcf7-form-control wpcf7-radio\"><span class=\"wpcf7-list-item first\"><input type=\"radio\" name=\"civilite\" value=\"Monsieur\" checked=\"checked\" \/><span class=\"wpcf7-list-item-label\">Monsieur<\/span><\/span><span class=\"wpcf7-list-item last\"><input type=\"radio\" name=\"civilite\" value=\"Madame\" \/><span class=\"wpcf7-list-item-label\">Madame<\/span><\/span><\/span><\/span><\/p>\n<p><label> *Votre nom<br \/>\n    <span class=\"wpcf7-form-control-wrap nom\"><input type=\"text\" name=\"nom\" value=\"\" size=\"40\" class=\"wpcf7-form-control wpcf7-text wpcf7-validates-as-required\" aria-required=\"true\" aria-invalid=\"false\" \/><\/span> <\/label><\/p>\n<p><label> *Votre pr\u00e9nom<br \/>\n     <span class=\"wpcf7-form-control-wrap prenom\"><input type=\"text\" name=\"prenom\" value=\"\" size=\"40\" class=\"wpcf7-form-control wpcf7-text wpcf7-validates-as-required\" aria-required=\"true\" aria-invalid=\"false\" \/><\/span><\/label><\/p>\n<p><label> *Votre e-mail<br \/>\n    <span class=\"wpcf7-form-control-wrap email\"><input type=\"email\" name=\"email\" value=\"\" size=\"40\" class=\"wpcf7-form-control wpcf7-text wpcf7-email wpcf7-validates-as-required wpcf7-validates-as-email\" aria-required=\"true\" aria-invalid=\"false\" \/><\/span> <\/label><\/p>\n<p><label> Votre adresse<br \/>\n    <span class=\"wpcf7-form-control-wrap adresse\"><input type=\"text\" name=\"adresse\" value=\"\" size=\"40\" class=\"wpcf7-form-control wpcf7-text\" aria-invalid=\"false\" \/><\/span> <\/label><\/p>\n<p><label> *Votre code postal<br \/>\n    <span class=\"wpcf7-form-control-wrap cp\"><input type=\"text\" name=\"cp\" value=\"\" size=\"40\" class=\"wpcf7-form-control wpcf7-text wpcf7-validates-as-required\" aria-required=\"true\" aria-invalid=\"false\" \/><\/span> <\/label><\/p>\n<p><label> *Votre commune<br \/>\n    <span class=\"wpcf7-form-control-wrap commune\"><input type=\"text\" name=\"commune\" value=\"\" size=\"40\" class=\"wpcf7-form-control wpcf7-text wpcf7-validates-as-required\" aria-required=\"true\" aria-invalid=\"false\" \/><\/span> <\/label><\/p>\n<p><label> Votre N\u00b0 de t\u00e9l\u00e9phone<br \/>\n    <span class=\"wpcf7-form-control-wrap telephone\"><input type=\"text\" name=\"telephone\" value=\"\" size=\"40\" class=\"wpcf7-form-control wpcf7-text\" aria-invalid=\"false\" \/><\/span> <\/label><\/p>\n<p><label> *Sujet<br \/>\n    <span class=\"wpcf7-form-control-wrap sujet\"><input type=\"text\" name=\"sujet\" value=\"\" size=\"40\" class=\"wpcf7-form-control wpcf7-text wpcf7-validates-as-required\" aria-required=\"true\" aria-invalid=\"false\" \/><\/span><\/label><\/p>\n<p><label> *Votre message<br \/>\n    <span class=\"wpcf7-form-control-wrap message\"><textarea name=\"message\" cols=\"40\" rows=\"10\" class=\"wpcf7-form-control wpcf7-textarea wpcf7-validates-as-required\" aria-required=\"true\" aria-invalid=\"false\"><\/textarea><\/span> <\/label><\/p>\n<p><input type=\"submit\" value=\"Envoyer\" class=\"wpcf7-form-control has-spinner wpcf7-submit\" \/><\/p>\n<div class=\"wpcf7-response-output\" aria-hidden=\"true\"><\/div><\/form><\/div>\n<\/li>\n<\/ul><\/div><\/div><\/div>\n","protected":false},"excerpt":{"rendered":"Qu'est-ce que le PLUi ?En coursDocumentsVotre r\u00f4leContact Qu'est ce que le PLUi, Plan Local d'Urbanisme Intercommunal ? Le PLUi est un document d\u2019urbanisme, de planification d\u00e9velopp\u00e9 au niveau intercommunal sur les 16 communes qui compose la Communaut\u00e9 de Communes \u00a0Centre Tarn Pourquoi ? Pour fixer les r\u00e8gles d\u2019am\u00e9nagement du territoire communautaire. Pour les habitants : [...]","protected":false},"author":1,"featured_media":1724,"parent":2,"menu_order":0,"comment_status":"closed","ping_status":"closed","template":"","meta":[],"yoast_head":"<!-- This site is optimized with the Yoast SEO plugin v18.3 - https:\/\/yoast.com\/wordpress\/plugins\/seo\/ -->\n<title>PLUi - Communaut\u00e9 de Communes Centre Tarn<\/title>\n<meta name=\"robots\" content=\"noindex, follow, max-snippet:-1, max-image-preview:large, max-video-preview:-1\" \/>\n<meta property=\"og:locale\" content=\"fr_FR\" \/>\n<meta property=\"og:type\" content=\"article\" \/>\n<meta property=\"og:title\" content=\"PLUi - Communaut\u00e9 de Communes Centre Tarn\" \/>\n<meta property=\"og:url\" content=\"http:\/\/cb27363e0b.url-de-test.ws\/site\/urbanisme\/plui\/\" \/>\n<meta property=\"og:site_name\" content=\"Communaut\u00e9 de Communes Centre Tarn\" \/>\n<meta property=\"article:publisher\" content=\"https:\/\/fr-fr.facebook.com\/centretarn\/\" \/>\n<meta property=\"article:modified_time\" content=\"2018-11-27T08:36:53+00:00\" \/>\n<meta property=\"og:image\" content=\"http:\/\/cb27363e0b.url-de-test.ws\/site\/wp-content\/uploads\/2017\/09\/plui-1024x683.jpg\" \/>\n\t<meta property=\"og:image:width\" content=\"1024\" \/>\n\t<meta property=\"og:image:height\" content=\"683\" \/>\n\t<meta property=\"og:image:type\" content=\"image\/jpeg\" \/>\n<meta name=\"twitter:card\" content=\"summary_large_image\" \/>\n<meta name=\"twitter:label1\" content=\"Dur\u00e9e de lecture estim\u00e9e\" \/>\n\t<meta name=\"twitter:data1\" content=\"4 minutes\" \/>\n<script type=\"application\/ld+json\" class=\"yoast-schema-graph\">{\"@context\":\"https:\/\/schema.org\",\"@graph\":[{\"@type\":\"Organization\",\"@id\":\"http:\/\/cb27363e0b.url-de-test.ws\/site\/#organization\",\"name\":\"Communaut\u00e9 de Communes Centre Tarn\",\"url\":\"http:\/\/cb27363e0b.url-de-test.ws\/site\/\",\"sameAs\":[\"https:\/\/fr-fr.facebook.com\/centretarn\/\",\"https:\/\/www.youtube.com\/channel\/UCmH971jS42X98fNgJKDqb1A\"],\"logo\":{\"@type\":\"ImageObject\",\"@id\":\"http:\/\/cb27363e0b.url-de-test.ws\/site\/#logo\",\"inLanguage\":\"fr-FR\",\"url\":\"http:\/\/cb27363e0b.url-de-test.ws\/site\/wp-content\/uploads\/2018\/02\/logo-site.png\",\"contentUrl\":\"http:\/\/cb27363e0b.url-de-test.ws\/site\/wp-content\/uploads\/2018\/02\/logo-site.png\",\"width\":149,\"height\":169,\"caption\":\"Communaut\u00e9 de Communes Centre Tarn\"},\"image\":{\"@id\":\"http:\/\/cb27363e0b.url-de-test.ws\/site\/#logo\"}},{\"@type\":\"WebSite\",\"@id\":\"http:\/\/cb27363e0b.url-de-test.ws\/site\/#website\",\"url\":\"http:\/\/cb27363e0b.url-de-test.ws\/site\/\",\"name\":\"Communaut\u00e9 de Communes Centre Tarn\",\"description\":\"\",\"publisher\":{\"@id\":\"http:\/\/cb27363e0b.url-de-test.ws\/site\/#organization\"},\"potentialAction\":[{\"@type\":\"SearchAction\",\"target\":{\"@type\":\"EntryPoint\",\"urlTemplate\":\"http:\/\/cb27363e0b.url-de-test.ws\/site\/?s={search_term_string}\"},\"query-input\":\"required name=search_term_string\"}],\"inLanguage\":\"fr-FR\"},{\"@type\":\"ImageObject\",\"@id\":\"http:\/\/cb27363e0b.url-de-test.ws\/site\/urbanisme\/plui\/#primaryimage\",\"inLanguage\":\"fr-FR\",\"url\":\"http:\/\/cb27363e0b.url-de-test.ws\/site\/wp-content\/uploads\/2017\/09\/plui.jpg\",\"contentUrl\":\"http:\/\/cb27363e0b.url-de-test.ws\/site\/wp-content\/uploads\/2017\/09\/plui.jpg\",\"width\":4272,\"height\":2848},{\"@type\":\"WebPage\",\"@id\":\"http:\/\/cb27363e0b.url-de-test.ws\/site\/urbanisme\/plui\/#webpage\",\"url\":\"http:\/\/cb27363e0b.url-de-test.ws\/site\/urbanisme\/plui\/\",\"name\":\"PLUi - Communaut\u00e9 de Communes Centre Tarn\",\"isPartOf\":{\"@id\":\"http:\/\/cb27363e0b.url-de-test.ws\/site\/#website\"},\"primaryImageOfPage\":{\"@id\":\"http:\/\/cb27363e0b.url-de-test.ws\/site\/urbanisme\/plui\/#primaryimage\"},\"datePublished\":\"2017-09-21T14:19:26+00:00\",\"dateModified\":\"2018-11-27T08:36:53+00:00\",\"breadcrumb\":{\"@id\":\"http:\/\/cb27363e0b.url-de-test.ws\/site\/urbanisme\/plui\/#breadcrumb\"},\"inLanguage\":\"fr-FR\",\"potentialAction\":[{\"@type\":\"ReadAction\",\"target\":[\"http:\/\/cb27363e0b.url-de-test.ws\/site\/urbanisme\/plui\/\"]}]},{\"@type\":\"BreadcrumbList\",\"@id\":\"http:\/\/cb27363e0b.url-de-test.ws\/site\/urbanisme\/plui\/#breadcrumb\",\"itemListElement\":[{\"@type\":\"ListItem\",\"position\":1,\"name\":\"Accueil\",\"item\":\"http:\/\/cb27363e0b.url-de-test.ws\/site\/\"},{\"@type\":\"ListItem\",\"position\":2,\"name\":\"Urbanisme\",\"item\":\"http:\/\/cb27363e0b.url-de-test.ws\/site\/urbanisme\/\"},{\"@type\":\"ListItem\",\"position\":3,\"name\":\"PLUi\"}]}]}<\/script>\n<!-- \/ Yoast SEO plugin. -->","yoast_head_json":{"title":"PLUi - Communaut\u00e9 de Communes Centre Tarn","robots":{"index":"noindex","follow":"follow","max-snippet":"max-snippet:-1","max-image-preview":"max-image-preview:large","max-video-preview":"max-video-preview:-1"},"og_locale":"fr_FR","og_type":"article","og_title":"PLUi - Communaut\u00e9 de Communes Centre Tarn","og_url":"http:\/\/cb27363e0b.url-de-test.ws\/site\/urbanisme\/plui\/","og_site_name":"Communaut\u00e9 de Communes Centre Tarn","article_publisher":"https:\/\/fr-fr.facebook.com\/centretarn\/","article_modified_time":"2018-11-27T08:36:53+00:00","og_image":[{"width":1024,"height":683,"url":"http:\/\/cb27363e0b.url-de-test.ws\/site\/wp-content\/uploads\/2017\/09\/plui-1024x683.jpg","type":"image\/jpeg"}],"twitter_card":"summary_large_image","twitter_misc":{"Dur\u00e9e de lecture estim\u00e9e":"4 minutes"},"schema":{"@context":"https:\/\/schema.org","@graph":[{"@type":"Organization","@id":"http:\/\/cb27363e0b.url-de-test.ws\/site\/#organization","name":"Communaut\u00e9 de Communes Centre Tarn","url":"http:\/\/cb27363e0b.url-de-test.ws\/site\/","sameAs":["https:\/\/fr-fr.facebook.com\/centretarn\/","https:\/\/www.youtube.com\/channel\/UCmH971jS42X98fNgJKDqb1A"],"logo":{"@type":"ImageObject","@id":"http:\/\/cb27363e0b.url-de-test.ws\/site\/#logo","inLanguage":"fr-FR","url":"http:\/\/cb27363e0b.url-de-test.ws\/site\/wp-content\/uploads\/2018\/02\/logo-site.png","contentUrl":"http:\/\/cb27363e0b.url-de-test.ws\/site\/wp-content\/uploads\/2018\/02\/logo-site.png","width":149,"height":169,"caption":"Communaut\u00e9 de Communes Centre Tarn"},"image":{"@id":"http:\/\/cb27363e0b.url-de-test.ws\/site\/#logo"}},{"@type":"WebSite","@id":"http:\/\/cb27363e0b.url-de-test.ws\/site\/#website","url":"http:\/\/cb27363e0b.url-de-test.ws\/site\/","name":"Communaut\u00e9 de Communes Centre Tarn","description":"","publisher":{"@id":"http:\/\/cb27363e0b.url-de-test.ws\/site\/#organization"},"potentialAction":[{"@type":"SearchAction","target":{"@type":"EntryPoint","urlTemplate":"http:\/\/cb27363e0b.url-de-test.ws\/site\/?s={search_term_string}"},"query-input":"required name=search_term_string"}],"inLanguage":"fr-FR"},{"@type":"ImageObject","@id":"http:\/\/cb27363e0b.url-de-test.ws\/site\/urbanisme\/plui\/#primaryimage","inLanguage":"fr-FR","url":"http:\/\/cb27363e0b.url-de-test.ws\/site\/wp-content\/uploads\/2017\/09\/plui.jpg","contentUrl":"http:\/\/cb27363e0b.url-de-test.ws\/site\/wp-content\/uploads\/2017\/09\/plui.jpg","width":4272,"height":2848},{"@type":"WebPage","@id":"http:\/\/cb27363e0b.url-de-test.ws\/site\/urbanisme\/plui\/#webpage","url":"http:\/\/cb27363e0b.url-de-test.ws\/site\/urbanisme\/plui\/","name":"PLUi - Communaut\u00e9 de Communes Centre Tarn","isPartOf":{"@id":"http:\/\/cb27363e0b.url-de-test.ws\/site\/#website"},"primaryImageOfPage":{"@id":"http:\/\/cb27363e0b.url-de-test.ws\/site\/urbanisme\/plui\/#primaryimage"},"datePublished":"2017-09-21T14:19:26+00:00","dateModified":"2018-11-27T08:36:53+00:00","breadcrumb":{"@id":"http:\/\/cb27363e0b.url-de-test.ws\/site\/urbanisme\/plui\/#breadcrumb"},"inLanguage":"fr-FR","potentialAction":[{"@type":"ReadAction","target":["http:\/\/cb27363e0b.url-de-test.ws\/site\/urbanisme\/plui\/"]}]},{"@type":"BreadcrumbList","@id":"http:\/\/cb27363e0b.url-de-test.ws\/site\/urbanisme\/plui\/#breadcrumb","itemListElement":[{"@type":"ListItem","position":1,"name":"Accueil","item":"http:\/\/cb27363e0b.url-de-test.ws\/site\/"},{"@type":"ListItem","position":2,"name":"Urbanisme","item":"http:\/\/cb27363e0b.url-de-test.ws\/site\/urbanisme\/"},{"@type":"ListItem","position":3,"name":"PLUi"}]}]}},"_links":{"self":[{"href":"http:\/\/cb27363e0b.url-de-test.ws\/site\/wp-json\/wp\/v2\/pages\/356"}],"collection":[{"href":"http:\/\/cb27363e0b.url-de-test.ws\/site\/wp-json\/wp\/v2\/pages"}],"about":[{"href":"http:\/\/cb27363e0b.url-de-test.ws\/site\/wp-json\/wp\/v2\/types\/page"}],"author":[{"embeddable":true,"href":"http:\/\/cb27363e0b.url-de-test.ws\/site\/wp-json\/wp\/v2\/users\/1"}],"replies":[{"embeddable":true,"href":"http:\/\/cb27363e0b.url-de-test.ws\/site\/wp-json\/wp\/v2\/comments?post=356"}],"version-history":[{"count":25,"href":"http:\/\/cb27363e0b.url-de-test.ws\/site\/wp-json\/wp\/v2\/pages\/356\/revisions"}],"predecessor-version":[{"id":3721,"href":"http:\/\/cb27363e0b.url-de-test.ws\/site\/wp-json\/wp\/v2\/pages\/356\/revisions\/3721"}],"up":[{"embeddable":true,"href":"http:\/\/cb27363e0b.url-de-test.ws\/site\/wp-json\/wp\/v2\/pages\/2"}],"wp:featuredmedia":[{"embeddable":true,"href":"http:\/\/cb27363e0b.url-de-test.ws\/site\/wp-json\/wp\/v2\/media\/1724"}],"wp:attachment":[{"href":"http:\/\/cb27363e0b.url-de-test.ws\/site\/wp-json\/wp\/v2\/media?parent=356"}],"curies":[{"name":"wp","href":"https:\/\/api.w.org\/{rel}","templated":true}]}}