{"id":3423,"date":"2018-10-09T09:54:15","date_gmt":"2018-10-09T07:54:15","guid":{"rendered":"http:\/\/cb27363e0b.url-de-test.ws\/site\/?page_id=3423"},"modified":"2018-10-09T10:01:32","modified_gmt":"2018-10-09T08:01:32","slug":"fiscalite","status":"publish","type":"page","link":"http:\/\/cb27363e0b.url-de-test.ws\/site\/la-communaute\/fiscalite\/","title":{"rendered":"Fiscalit\u00e9"},"content":{"rendered":"<h2 style=\"text-align: justify;\" align=\"center\">CFE\u00a0: Cotisation Fonci\u00e8re des Entreprises<\/h2>\n<p style=\"text-align: justify;\" align=\"justify\">D\u00e9finition\u00a0: La cotisation fonci\u00e8re des entreprises (CFE) est un imp\u00f4t local par la loi de finances pour 2010. Elle remplace, avec la cotisation sur la valeur ajout\u00e9e des entreprises (CVAE), la taxe professionnelle et la cotisation minimale de taxe professionnelle (imp\u00f4t compl\u00e9mentaire qui revenait \u00e0 l&rsquo;\u00c9tat).<\/p>\n<p style=\"text-align: justify;\">Entreprises concern\u00e9es\u00a0:<\/p>\n<p style=\"text-align: justify;\" align=\"justify\">La CFE est due par les entreprises et les personnes physiques qui exercent de mani\u00e8re habituelle une activit\u00e9 professionnelle non salari\u00e9e, quel que soit leur statut juridique, leur activit\u00e9 ou leur r\u00e9gime d&rsquo;imposition.<\/p>\n<div id=\"fiche-item-1\" dir=\"ltr\" style=\"text-align: justify;\">\n<p align=\"justify\">Les activit\u00e9s de location et de sous-location d&rsquo;immeubles (sauf celles concernant des immeubles nus \u00e0 usage d&rsquo;habitation) sont concern\u00e9es par la CFE, \u00e0 l&rsquo;exception de certaines locations meubl\u00e9es incluses dans l&rsquo;habitation principale du propri\u00e9taire.<\/p>\n<p align=\"justify\">Les propri\u00e9t\u00e9s b\u00e2ties et non b\u00e2ties entrent dans le champ d&rsquo;application de la CFE, sauf <a href=\"https:\/\/www.service-public.fr\/professionnels-entreprises\/vosdroits\/F31913\">exon\u00e9ration permanente ou temporaire<\/a> accord\u00e9e \u00e0 certaines entreprises.<\/p>\n<\/div>\n<p style=\"text-align: justify;\">Calcul et base d\u2019imposition\u00a0:<\/p>\n<p style=\"text-align: justify;\" align=\"justify\">Le taux de la CFE est d\u00e9termin\u00e9 par d\u00e9lib\u00e9ration de l&rsquo;Etablissement Public de Coop\u00e9ration Intercommunale (EPCI) sur le territoire duquel le redevable dispose de biens imposables.<\/p>\n<div id=\"fiche-item-2\" dir=\"ltr\" style=\"text-align: justify;\">\n<p align=\"justify\">La CFE est assise sur la valeur locative des biens immobiliers passibles d&rsquo;une taxe fonci\u00e8re et utilis\u00e9s par l&rsquo;entreprise pour les besoins de son activit\u00e9 professionnelle au cours de l&rsquo;ann\u00e9e N-2 (par exemple, pour la cotisation due en 2018, sont pris en compte les biens utilis\u00e9s en 2015).<\/p>\n<h3 align=\"justify\">R\u00e9duction de la base d&rsquo;imposition\u00a0:<\/h3>\n<p align=\"justify\">Pour son calcul, les bases fonci\u00e8res des \u00e9tablissements industriels sont r\u00e9duites de 30\u00a0%.<\/p>\n<p align=\"justify\">La base d&rsquo;imposition est r\u00e9duite dans certains cas, et notamment\u00a0:<\/p>\n<ul>\n<li>\n<p align=\"justify\">de 50\u00a0% pour les nouvelles entreprises, l&rsquo;ann\u00e9e suivant celle de la cr\u00e9ation\u00a0;<\/p>\n<\/li>\n<li>\n<p align=\"justify\">en proportion du temps d&rsquo;inactivit\u00e9 pour certaines activit\u00e9s saisonni\u00e8res (restaurants, caf\u00e9s, par exemple)\u00a0;<\/p>\n<\/li>\n<li>\n<p align=\"justify\">de 75\u00a0% pour un artisan qui emploie 1\u00a0salari\u00e9, de 50\u00a0% pour 2 salari\u00e9s et 25\u00a0% pour 3 salari\u00e9s (sans compter les apprentis), si la r\u00e9mun\u00e9ration du travail (b\u00e9n\u00e9fice, salaires vers\u00e9s et cotisations sociales) repr\u00e9sente plus de 50\u00a0% du chiffre d&rsquo;affaires global TTC\u00a0;<\/p>\n<\/li>\n<li>\n<p align=\"justify\">en cas d&rsquo;implantation en Corse (abattement de 25\u00a0% sur la part per\u00e7ue au profit des communes ou groupements de communes \u00e0 fiscalit\u00e9 propre).<\/p>\n<\/li>\n<\/ul>\n<h3 align=\"justify\">Cotisation minimale\u00a0:<\/h3>\n<p align=\"justify\">Lorsque la valeur locative est tr\u00e8s faible, une cotisation forfaitaire minimum est \u00e9tablie \u00e0 partir d&rsquo;une base dont le montant est fix\u00e9 par d\u00e9lib\u00e9ration de l&rsquo;EPCI concern\u00e9.<\/p>\n<p align=\"justify\">Ce montant doit \u00eatre compris dans une fourchette qui varie en fonction du chiffre d&rsquo;affaires ou des recettes hors taxes de l&rsquo;entreprise.<\/p>\n<\/div>\n<p style=\"text-align: justify;\">En Centre Tarn, le montant de la base servant \u00e0 l\u2019\u00e9tablissement de la cotisation minimum par la collectivit\u00e9\u00a0a \u00e9t\u00e9 fix\u00e9 par d\u00e9lib\u00e9ration du 29 septembre 2014 :<\/p>\n<table width=\"100%\" cellspacing=\"0\" cellpadding=\"4\">\n<colgroup>\n<col width=\"128*\" \/>\n<col width=\"128*\" \/> <\/colgroup>\n<tbody>\n<thead>\n<tr valign=\"top\">\n<th width=\"50%\">\n<p align=\"center\">MONTANT DU CHIFFRE D&rsquo;AFFAIRES<\/p>\n<p align=\"center\">OU DES RECETTES<\/p>\n<\/th>\n<th width=\"50%\">\n<p align=\"center\">MONTANT DE LA BASE MINIMUM<\/p>\n<p align=\"center\">(Loi de finances 2014)<\/p>\n<\/th>\n<\/tr>\n<\/thead>\n<tr valign=\"top\">\n<td width=\"50%\">Inf\u00e9rieur ou \u00e9gal \u00e0 10 000 \u20ac<\/td>\n<td width=\"50%\">500<\/td>\n<\/tr>\n<tr valign=\"top\">\n<td width=\"50%\">Sup\u00e9rieur \u00e0 10 000 et inf\u00e9rieur ou \u00e9gal \u00e0 32 600 \u20ac<\/td>\n<td width=\"50%\">1000<\/td>\n<\/tr>\n<tr valign=\"top\">\n<td width=\"50%\">Sup\u00e9rieur \u00e0 32 600 et inf\u00e9rieur ou \u00e9gal \u00e0 100 000 \u20ac<\/td>\n<td width=\"50%\">1216<\/td>\n<\/tr>\n<tr valign=\"top\">\n<td width=\"50%\">Sup\u00e9rieur \u00e0 100 000 et inf\u00e9rieur ou \u00e9gal \u00e0 250 000 \u20ac<\/td>\n<td width=\"50%\">2026<\/td>\n<\/tr>\n<tr valign=\"top\">\n<td width=\"50%\">Sup\u00e9rieur \u00e0 250 000 et inf\u00e9rieur ou \u00e9gal \u00e0 500 000 \u20ac<\/td>\n<td width=\"50%\">3748<\/td>\n<\/tr>\n<tr valign=\"top\">\n<td width=\"50%\">Sup\u00e9rieur \u00e0 500 000 \u20ac<\/td>\n<td width=\"50%\">5000<\/td>\n<\/tr>\n<\/tbody>\n<\/table>\n<p style=\"text-align: justify;\" align=\"justify\"><strong>\u00c0 noter :<\/strong><\/p>\n<p style=\"text-align: justify;\" align=\"justify\">\u00c0 partir de 2019, les entreprises r\u00e9alisant un chiffre d&rsquo;affaires inf\u00e9rieur \u00e0 5 000\u00a0\u20ac seront exon\u00e9r\u00e9es de CFE.<\/p>\n<p style=\"text-align: justify;\" align=\"justify\">Lien\u00a0: <a href=\"https:\/\/www.service-public.fr\/professionnels-entreprises\/vosdroits\/F23547\">https:\/\/www.service-public.fr\/professionnels-entreprises\/vosdroits\/F23547<\/a><\/p>\n<p style=\"text-align: justify;\" align=\"justify\"><strong>D\u00e9lib\u00e9rations relatives \u00e0 la CFE\u00a0disponibles sur simple demande \u00e0 <a href=\"mailto:direction@centret\">direction@centret<\/a>arn.fr:<\/strong><\/p>\n<p style=\"text-align: justify;\" align=\"justify\">&#8211; D\u00e9lib\u00e9ration n\u00b02014-083 du 29 septembre 2014 : Fixation du montant d\u2019une base servant \u00e0 l\u2019\u00e9tablissement de la cotisation minimum<\/p>\n<p style=\"text-align: justify;\" align=\"justify\">&#8211; D\u00e9lib\u00e9ration n\u00b02018-045 du 10 avril 2018 : Vote du taux de la CFE 2018<\/p>\n<h2 style=\"text-align: justify;\" align=\"center\">TASCOM\u00a0: Taxe sur les surfaces commerciales<\/h2>\n<p style=\"text-align: justify;\" align=\"justify\"><span lang=\"fr-FR\">D\u00e9finition<\/span><span lang=\"fr-FR\">\u00a0: <\/span>La Taxe sur les surfaces commerciales remplace l&rsquo;ancienne taxe d&rsquo;aide au commerce et \u00e0 l&rsquo;artisanat (Taca) qui a \u00e9t\u00e9 modifi\u00e9e.<\/p>\n<p style=\"text-align: justify;\" align=\"justify\">Cette taxe est d\u00e9ductible du r\u00e9sultat fiscal de l&rsquo;entreprise.<\/p>\n<p style=\"text-align: justify;\"><strong>Commerces concern\u00e9s\u00a0:<\/strong><\/p>\n<p style=\"text-align: justify;\">La taxe est due par les \u00e9tablissements commerciaux permanents, quels que soient les produits vendus au d\u00e9tail, situ\u00e9s en France (d\u00e9partements d&rsquo;outre-mer compris), qui cumulent les caract\u00e9ristiques suivantes\u00a0:<\/p>\n<ul style=\"text-align: justify;\">\n<li>leur chiffre d&rsquo;affaires annuel (CAHT imposable de l&rsquo;ann\u00e9e pr\u00e9c\u00e9dente) est sup\u00e9rieur ou \u00e9gal \u00e0 460\u00a0000\u00a0\u20ac hors taxes\u00a0;<\/li>\n<li>leur surface de vente d\u00e9passe 400\u00a0m\u00b2.<\/li>\n<\/ul>\n<p style=\"text-align: justify;\">La taxe ne s&rsquo;applique pas aux \u00e9tablissements\u00a0:<\/p>\n<ul style=\"text-align: justify;\">\n<li>ouverts avant 1960\u00a0;<\/li>\n<li>dont le chiffre d&rsquo;affaires annuel est inf\u00e9rieur \u00e0 460\u00a0000\u00a0\u20ac;<\/li>\n<li>dont la surface commerciale est inf\u00e9rieure \u00e0 400\u00a0m\u00b2.<\/li>\n<\/ul>\n<p style=\"text-align: justify;\" align=\"justify\">Lien\u00a0: <a href=\"https:\/\/www.service-public.fr\/professionnels-entreprises\/vosdroits\/F22790\">https:\/\/www.service-public.fr\/professionnels-entreprises\/vosdroits\/F22790<\/a><\/p>\n<p style=\"text-align: justify;\" align=\"justify\"><strong>D\u00e9lib\u00e9ration relative \u00e0 la TASCOM disponible sur simple demande \u00e0 <a href=\"mailto:direction@centret\">direction@centret<\/a>arn.fr:<\/strong><\/p>\n<p style=\"text-align: justify;\" align=\"justify\">&#8211; D\u00e9lib\u00e9ration n\u00b02014-072 du 29 septembre 2014 : Fixation du coefficient multiplicateur de la TASCOM<\/p>\n<h2 style=\"text-align: justify;\" align=\"center\">CVAE\u00a0: Cotisation sur la valeur ajout\u00e9e des entreprises<\/h2>\n<p style=\"text-align: justify;\" align=\"justify\">La cotisation sur la valeur ajout\u00e9e (CVAE) est l&rsquo;une des deux composantes de la contribution \u00e9conomique territoriale (CET). Elle est due par les entreprises et les travailleurs ind\u00e9pendants \u00e0 partir d&rsquo;un certain chiffre d&rsquo;affaires et est calcul\u00e9e en fonction de la valeur ajout\u00e9e produite par l&rsquo;entreprise. Elle est affect\u00e9e aux collectivit\u00e9s territoriales\u00a0: les communes et leurs groupements, les d\u00e9partements et les r\u00e9gions.<\/p>\n<p style=\"text-align: justify;\"><strong>Entreprises concern\u00e9s\u00a0:<\/strong><\/p>\n<p style=\"text-align: justify;\" align=\"justify\">La CVAE est due par les entreprises ou les travailleurs ind\u00e9pendants qui r\u00e9alisent plus de 500\u00a0000\u00a0\u20ac de chiffre d&rsquo;affaires hors taxe, quel que soit leur statut juridique, leur activit\u00e9 ou leur r\u00e9gime d&rsquo;imposition.<\/p>\n<p style=\"text-align: justify;\" align=\"justify\">La CVAE est due par le redevable qui exerce une activit\u00e9 au 1er janvier de l&rsquo;ann\u00e9e d&rsquo;imposition.<\/p>\n<p style=\"text-align: justify;\" align=\"justify\">Cependant, toutes les entreprises dont le chiffre d&rsquo;affaires est sup\u00e9rieur \u00e0 152\u00a0500\u00a0\u20ac doivent effectuer la d\u00e9claration de valeur ajout\u00e9e et des effectifs salari\u00e9s qui sert \u00e0 en d\u00e9terminer la base d&rsquo;imposition (m\u00eame si elles ne sont pas redevables de la CVAE).<\/p>\n<p style=\"text-align: justify;\" align=\"justify\">Les soci\u00e9t\u00e9s civiles professionnelles et de moyens, les groupements sont redevables en leur nom de la CVAE et non pas au nom de chacun des membres.<\/p>\n<p style=\"text-align: justify;\" align=\"justify\"><strong>\u00c0 noter :<\/strong><\/p>\n<p style=\"text-align: justify;\" align=\"justify\">les entreprises nouvelles sont exon\u00e9r\u00e9es de CVAE l&rsquo;ann\u00e9e de leur cr\u00e9ation, sauf en cas de transmission d&rsquo;activit\u00e9. Par ailleurs, les exon\u00e9rations de CFE s&rsquo;appliquent aussi \u00e0 la CVAE.<\/p>\n<p style=\"text-align: justify;\" align=\"justify\"><strong>Calcul\u00a0:<\/strong><\/p>\n<p style=\"text-align: justify;\" align=\"justify\">Le montant de la CVAE est calcul\u00e9 \u00e0 partir de la valeur ajout\u00e9e fiscale selon l&rsquo;op\u00e9ration suivante\u00a0:<\/p>\n<p style=\"text-align: justify;\" align=\"justify\">(valeur ajout\u00e9e x taux effectif d&rsquo;imposition) + (valeur ajout\u00e9e x taux effectif d&rsquo;imposition x 1\u00a0%.<\/p>\n<p style=\"text-align: justify;\" align=\"justify\">Seuls sont pris en compte les charges et produits relatifs \u00e0 des activit\u00e9s imposables (dans le champ de la CFE, et qui ne b\u00e9n\u00e9ficient pas d&rsquo;une exon\u00e9ration).<\/p>\n<p style=\"text-align: justify;\" align=\"justify\">Le taux d&rsquo;imposition effectif (r\u00e9el et non th\u00e9orique) appliqu\u00e9 est obtenu selon un bar\u00e8me progressif (apr\u00e8s d\u00e9gr\u00e8vement pris en charge par l&rsquo;\u00c9tat) variable selon le CA r\u00e9alis\u00e9 au moment du versement des acomptes et du solde.<\/p>\n<p style=\"text-align: justify;\" align=\"center\"><strong>Taux d&rsquo;imposition de la CVAE en fonction du chiffre d&rsquo;affaires (CA HT)<\/strong><\/p>\n<table width=\"643\" cellspacing=\"0\" cellpadding=\"2\">\n<colgroup>\n<col width=\"316\" \/>\n<col width=\"317\" \/> <\/colgroup>\n<thead>\n<tr>\n<th width=\"316\">\n<p align=\"center\">Chiffre d&rsquo;affaires hors taxe<\/p>\n<\/th>\n<th width=\"317\">\n<p align=\"center\">Taux effectif d&rsquo;imposition<\/p>\n<\/th>\n<\/tr>\n<\/thead>\n<tbody>\n<tr>\n<td width=\"316\">Moins de 500\u00a0000 \u00a0\u20ac<\/td>\n<td width=\"317\">0\u00a0%<\/td>\n<\/tr>\n<tr>\n<td width=\"316\">Entre 500\u00a0000\u00a0\u20ac et 3\u00a0millions \u00a0\u20ac<\/td>\n<td width=\"317\">0,5\u00a0%\u00a0 x (CA &#8211; 500\u00a0000\u00a0\u20ac) \/2,5\u00a0millions\u00a0\u20ac<\/td>\n<\/tr>\n<tr>\n<td width=\"316\">Entre 3\u00a0millions\u00a0\u20ac et 10\u00a0millions \u00a0\u20ac<\/td>\n<td width=\"317\">0,5\u00a0%\u00a0+ 0,9\u00a0% x (CA &#8211; 3\u00a0millions\u00a0\u20ac) \/7\u00a0millions\u00a0\u20ac<\/td>\n<\/tr>\n<tr>\n<td width=\"316\">Entre 10\u00a0millions\u00a0\u20ac et 50\u00a0millions \u00a0\u20ac<\/td>\n<td width=\"317\">1,4\u00a0%\u00a0+ 0,1\u00a0% x (CA &#8211; 10\u00a0millions\u00a0\u20ac) \/ 40\u00a0millions\u00a0\u20ac<\/td>\n<\/tr>\n<tr>\n<td width=\"316\">Plus de 50\u00a0millions \u00a0\u20ac<\/td>\n<td width=\"317\">1,5\u00a0%<\/td>\n<\/tr>\n<\/tbody>\n<\/table>\n<p style=\"text-align: justify;\" align=\"justify\">Les entreprises r\u00e9alisant un chiffre d&rsquo;affaires sup\u00e9rieur \u00e0 500\u00a0000\u00a0\u20ac et pour lesquelles le montant de la CVAE serait inf\u00e9rieur \u00e0 250\u00a0\u20ac doivent obligatoirement verser une contribution minimum de 250\u00a0\u20ac.<\/p>\n<p style=\"text-align: justify;\" align=\"justify\">Pour d\u00e9terminer le taux d&rsquo;imposition d&rsquo;une entreprise membre d&rsquo;un groupe d&rsquo;int\u00e9gration fiscale, l&rsquo;entrepreneur doit calculer le chiffre d&rsquo;affaires en faisant la somme de son chiffre d&rsquo;affaires et de celui des autres entreprises membres du groupe.<\/p>\n<p style=\"text-align: justify;\" align=\"justify\">La r\u00e8gle n&rsquo;est pas applicable lorsque la somme des chiffres d&rsquo;affaires est inf\u00e9rieure \u00e0\u00a0 7 630 000\u00a0\u20ac.<\/p>\n<p style=\"text-align: justify;\" align=\"justify\">Ce nouveau dispositif s&rsquo;applique \u00e0 partir des impositions dues au titre de 2018 (y compris les acomptes \u00e0 payer en juin et septembre 2018).<\/p>\n<p style=\"text-align: justify;\" align=\"justify\">Les bases imposables et le montant de l&rsquo;imp\u00f4t sont arrondis \u00e0 l&rsquo;euro le plus proche\u00a0; les montants inf\u00e9rieurs \u00e0\u00a00,50\u00a0\u20ac sont n\u00e9glig\u00e9s et ceux sup\u00e9rieurs ou \u00e9gaux \u00e0\u00a00,50\u00a0\u20ac sont compt\u00e9s pour 1.<\/p>\n<p style=\"text-align: justify;\" align=\"justify\">Lien\u00a0: <a href=\"https:\/\/www.service-public.fr\/professionnels-entreprises\/vosdroits\/F23546\">https:\/\/www.service-public.fr\/professionnels-entreprises\/vosdroits\/F23546<\/a><\/p>\n","protected":false},"excerpt":{"rendered":"<p>CFE\u00a0: Cotisation Fonci\u00e8re des Entreprises D\u00e9finition\u00a0: La cotisation fonci\u00e8re des entreprises (CFE) est un imp\u00f4t local par la loi de finances pour 2010. Elle remplace, avec la cotisation sur la valeur ajout\u00e9e des entreprises (CVAE), la taxe professionnelle et la cotisation minimale de taxe professionnelle (imp\u00f4t compl\u00e9mentaire qui revenait \u00e0 l&rsquo;\u00c9tat). Entreprises concern\u00e9es\u00a0: La CFE [&hellip;]<\/p>\n","protected":false},"author":1,"featured_media":0,"parent":426,"menu_order":0,"comment_status":"closed","ping_status":"closed","template":"","meta":[],"yoast_head":"<!-- This site is optimized with the Yoast SEO plugin v18.3 - https:\/\/yoast.com\/wordpress\/plugins\/seo\/ -->\n<title>Fiscalit\u00e9 - Communaut\u00e9 de Communes Centre Tarn<\/title>\n<meta name=\"robots\" content=\"noindex, follow, max-snippet:-1, max-image-preview:large, max-video-preview:-1\" \/>\n<meta property=\"og:locale\" content=\"fr_FR\" \/>\n<meta property=\"og:type\" content=\"article\" \/>\n<meta property=\"og:title\" content=\"Fiscalit\u00e9 - Communaut\u00e9 de Communes Centre Tarn\" \/>\n<meta property=\"og:description\" content=\"CFE\u00a0: Cotisation Fonci\u00e8re des Entreprises D\u00e9finition\u00a0: La cotisation fonci\u00e8re des entreprises (CFE) est un imp\u00f4t local par la loi de finances pour 2010. Elle remplace, avec la cotisation sur la valeur ajout\u00e9e des entreprises (CVAE), la taxe professionnelle et la cotisation minimale de taxe professionnelle (imp\u00f4t compl\u00e9mentaire qui revenait \u00e0 l&rsquo;\u00c9tat). Entreprises concern\u00e9es\u00a0: La CFE [&hellip;]\" \/>\n<meta property=\"og:url\" content=\"http:\/\/cb27363e0b.url-de-test.ws\/site\/la-communaute\/fiscalite\/\" \/>\n<meta property=\"og:site_name\" content=\"Communaut\u00e9 de Communes Centre Tarn\" \/>\n<meta property=\"article:publisher\" content=\"https:\/\/fr-fr.facebook.com\/centretarn\/\" \/>\n<meta property=\"article:modified_time\" content=\"2018-10-09T08:01:32+00:00\" \/>\n<meta name=\"twitter:card\" content=\"summary_large_image\" \/>\n<meta name=\"twitter:label1\" content=\"Dur\u00e9e de lecture estim\u00e9e\" \/>\n\t<meta name=\"twitter:data1\" content=\"6 minutes\" \/>\n<script type=\"application\/ld+json\" class=\"yoast-schema-graph\">{\"@context\":\"https:\/\/schema.org\",\"@graph\":[{\"@type\":\"Organization\",\"@id\":\"http:\/\/cb27363e0b.url-de-test.ws\/site\/#organization\",\"name\":\"Communaut\u00e9 de Communes Centre Tarn\",\"url\":\"http:\/\/cb27363e0b.url-de-test.ws\/site\/\",\"sameAs\":[\"https:\/\/fr-fr.facebook.com\/centretarn\/\",\"https:\/\/www.youtube.com\/channel\/UCmH971jS42X98fNgJKDqb1A\"],\"logo\":{\"@type\":\"ImageObject\",\"@id\":\"http:\/\/cb27363e0b.url-de-test.ws\/site\/#logo\",\"inLanguage\":\"fr-FR\",\"url\":\"http:\/\/cb27363e0b.url-de-test.ws\/site\/wp-content\/uploads\/2018\/02\/logo-site.png\",\"contentUrl\":\"http:\/\/cb27363e0b.url-de-test.ws\/site\/wp-content\/uploads\/2018\/02\/logo-site.png\",\"width\":149,\"height\":169,\"caption\":\"Communaut\u00e9 de Communes Centre Tarn\"},\"image\":{\"@id\":\"http:\/\/cb27363e0b.url-de-test.ws\/site\/#logo\"}},{\"@type\":\"WebSite\",\"@id\":\"http:\/\/cb27363e0b.url-de-test.ws\/site\/#website\",\"url\":\"http:\/\/cb27363e0b.url-de-test.ws\/site\/\",\"name\":\"Communaut\u00e9 de Communes Centre Tarn\",\"description\":\"\",\"publisher\":{\"@id\":\"http:\/\/cb27363e0b.url-de-test.ws\/site\/#organization\"},\"potentialAction\":[{\"@type\":\"SearchAction\",\"target\":{\"@type\":\"EntryPoint\",\"urlTemplate\":\"http:\/\/cb27363e0b.url-de-test.ws\/site\/?s={search_term_string}\"},\"query-input\":\"required name=search_term_string\"}],\"inLanguage\":\"fr-FR\"},{\"@type\":\"WebPage\",\"@id\":\"http:\/\/cb27363e0b.url-de-test.ws\/site\/la-communaute\/fiscalite\/#webpage\",\"url\":\"http:\/\/cb27363e0b.url-de-test.ws\/site\/la-communaute\/fiscalite\/\",\"name\":\"Fiscalit\u00e9 - Communaut\u00e9 de Communes Centre Tarn\",\"isPartOf\":{\"@id\":\"http:\/\/cb27363e0b.url-de-test.ws\/site\/#website\"},\"datePublished\":\"2018-10-09T07:54:15+00:00\",\"dateModified\":\"2018-10-09T08:01:32+00:00\",\"breadcrumb\":{\"@id\":\"http:\/\/cb27363e0b.url-de-test.ws\/site\/la-communaute\/fiscalite\/#breadcrumb\"},\"inLanguage\":\"fr-FR\",\"potentialAction\":[{\"@type\":\"ReadAction\",\"target\":[\"http:\/\/cb27363e0b.url-de-test.ws\/site\/la-communaute\/fiscalite\/\"]}]},{\"@type\":\"BreadcrumbList\",\"@id\":\"http:\/\/cb27363e0b.url-de-test.ws\/site\/la-communaute\/fiscalite\/#breadcrumb\",\"itemListElement\":[{\"@type\":\"ListItem\",\"position\":1,\"name\":\"Accueil\",\"item\":\"http:\/\/cb27363e0b.url-de-test.ws\/site\/\"},{\"@type\":\"ListItem\",\"position\":2,\"name\":\"La communaut\u00e9 de communes\",\"item\":\"http:\/\/cb27363e0b.url-de-test.ws\/site\/la-communaute\/\"},{\"@type\":\"ListItem\",\"position\":3,\"name\":\"Fiscalit\u00e9\"}]}]}<\/script>\n<!-- \/ Yoast SEO plugin. -->","yoast_head_json":{"title":"Fiscalit\u00e9 - Communaut\u00e9 de Communes Centre Tarn","robots":{"index":"noindex","follow":"follow","max-snippet":"max-snippet:-1","max-image-preview":"max-image-preview:large","max-video-preview":"max-video-preview:-1"},"og_locale":"fr_FR","og_type":"article","og_title":"Fiscalit\u00e9 - Communaut\u00e9 de Communes Centre Tarn","og_description":"CFE\u00a0: Cotisation Fonci\u00e8re des Entreprises D\u00e9finition\u00a0: La cotisation fonci\u00e8re des entreprises (CFE) est un imp\u00f4t local par la loi de finances pour 2010. Elle remplace, avec la cotisation sur la valeur ajout\u00e9e des entreprises (CVAE), la taxe professionnelle et la cotisation minimale de taxe professionnelle (imp\u00f4t compl\u00e9mentaire qui revenait \u00e0 l&rsquo;\u00c9tat). Entreprises concern\u00e9es\u00a0: La CFE [&hellip;]","og_url":"http:\/\/cb27363e0b.url-de-test.ws\/site\/la-communaute\/fiscalite\/","og_site_name":"Communaut\u00e9 de Communes Centre Tarn","article_publisher":"https:\/\/fr-fr.facebook.com\/centretarn\/","article_modified_time":"2018-10-09T08:01:32+00:00","twitter_card":"summary_large_image","twitter_misc":{"Dur\u00e9e de lecture estim\u00e9e":"6 minutes"},"schema":{"@context":"https:\/\/schema.org","@graph":[{"@type":"Organization","@id":"http:\/\/cb27363e0b.url-de-test.ws\/site\/#organization","name":"Communaut\u00e9 de Communes Centre Tarn","url":"http:\/\/cb27363e0b.url-de-test.ws\/site\/","sameAs":["https:\/\/fr-fr.facebook.com\/centretarn\/","https:\/\/www.youtube.com\/channel\/UCmH971jS42X98fNgJKDqb1A"],"logo":{"@type":"ImageObject","@id":"http:\/\/cb27363e0b.url-de-test.ws\/site\/#logo","inLanguage":"fr-FR","url":"http:\/\/cb27363e0b.url-de-test.ws\/site\/wp-content\/uploads\/2018\/02\/logo-site.png","contentUrl":"http:\/\/cb27363e0b.url-de-test.ws\/site\/wp-content\/uploads\/2018\/02\/logo-site.png","width":149,"height":169,"caption":"Communaut\u00e9 de Communes Centre Tarn"},"image":{"@id":"http:\/\/cb27363e0b.url-de-test.ws\/site\/#logo"}},{"@type":"WebSite","@id":"http:\/\/cb27363e0b.url-de-test.ws\/site\/#website","url":"http:\/\/cb27363e0b.url-de-test.ws\/site\/","name":"Communaut\u00e9 de Communes Centre Tarn","description":"","publisher":{"@id":"http:\/\/cb27363e0b.url-de-test.ws\/site\/#organization"},"potentialAction":[{"@type":"SearchAction","target":{"@type":"EntryPoint","urlTemplate":"http:\/\/cb27363e0b.url-de-test.ws\/site\/?s={search_term_string}"},"query-input":"required name=search_term_string"}],"inLanguage":"fr-FR"},{"@type":"WebPage","@id":"http:\/\/cb27363e0b.url-de-test.ws\/site\/la-communaute\/fiscalite\/#webpage","url":"http:\/\/cb27363e0b.url-de-test.ws\/site\/la-communaute\/fiscalite\/","name":"Fiscalit\u00e9 - Communaut\u00e9 de Communes Centre Tarn","isPartOf":{"@id":"http:\/\/cb27363e0b.url-de-test.ws\/site\/#website"},"datePublished":"2018-10-09T07:54:15+00:00","dateModified":"2018-10-09T08:01:32+00:00","breadcrumb":{"@id":"http:\/\/cb27363e0b.url-de-test.ws\/site\/la-communaute\/fiscalite\/#breadcrumb"},"inLanguage":"fr-FR","potentialAction":[{"@type":"ReadAction","target":["http:\/\/cb27363e0b.url-de-test.ws\/site\/la-communaute\/fiscalite\/"]}]},{"@type":"BreadcrumbList","@id":"http:\/\/cb27363e0b.url-de-test.ws\/site\/la-communaute\/fiscalite\/#breadcrumb","itemListElement":[{"@type":"ListItem","position":1,"name":"Accueil","item":"http:\/\/cb27363e0b.url-de-test.ws\/site\/"},{"@type":"ListItem","position":2,"name":"La communaut\u00e9 de communes","item":"http:\/\/cb27363e0b.url-de-test.ws\/site\/la-communaute\/"},{"@type":"ListItem","position":3,"name":"Fiscalit\u00e9"}]}]}},"_links":{"self":[{"href":"http:\/\/cb27363e0b.url-de-test.ws\/site\/wp-json\/wp\/v2\/pages\/3423"}],"collection":[{"href":"http:\/\/cb27363e0b.url-de-test.ws\/site\/wp-json\/wp\/v2\/pages"}],"about":[{"href":"http:\/\/cb27363e0b.url-de-test.ws\/site\/wp-json\/wp\/v2\/types\/page"}],"author":[{"embeddable":true,"href":"http:\/\/cb27363e0b.url-de-test.ws\/site\/wp-json\/wp\/v2\/users\/1"}],"replies":[{"embeddable":true,"href":"http:\/\/cb27363e0b.url-de-test.ws\/site\/wp-json\/wp\/v2\/comments?post=3423"}],"version-history":[{"count":7,"href":"http:\/\/cb27363e0b.url-de-test.ws\/site\/wp-json\/wp\/v2\/pages\/3423\/revisions"}],"predecessor-version":[{"id":3430,"href":"http:\/\/cb27363e0b.url-de-test.ws\/site\/wp-json\/wp\/v2\/pages\/3423\/revisions\/3430"}],"up":[{"embeddable":true,"href":"http:\/\/cb27363e0b.url-de-test.ws\/site\/wp-json\/wp\/v2\/pages\/426"}],"wp:attachment":[{"href":"http:\/\/cb27363e0b.url-de-test.ws\/site\/wp-json\/wp\/v2\/media?parent=3423"}],"curies":[{"name":"wp","href":"https:\/\/api.w.org\/{rel}","templated":true}]}}