{"id":3238,"date":"2018-09-21T17:25:45","date_gmt":"2018-09-21T15:25:45","guid":{"rendered":"http:\/\/cb27363e0b.url-de-test.ws\/site\/?page_id=3238"},"modified":"2018-09-25T16:14:33","modified_gmt":"2018-09-25T14:14:33","slug":"services-a-personne","status":"publish","type":"page","link":"http:\/\/cb27363e0b.url-de-test.ws\/site\/vie-quotidienne\/services-a-personne\/","title":{"rendered":"Services \u00e0 la personne"},"content":{"rendered":"<p>Retrouvez ici tous les contacts des services\u00a0\u00e0 la personne du territoire :<\/p>\n<p><strong>ADMR de R\u00e9almont<\/strong><br \/>\n2 bis Boulevard Carnot 81120 REALMONT<br \/>\n05 63 55 48 89<\/p>\n<p><strong>ADMR d&rsquo;Orban<\/strong><br \/>\nPlace de l\u2019\u00e9glise 81120 ORBAN<br \/>\n05 63 45 01 66<\/p>\n<p><strong>ADMR de Montredon-Labessonni\u00e9<\/strong><br \/>\n4 Route de Realmont 81360 MONTREDON-LABESSONNI\u00c9<br \/>\n05 63 70 55 45<\/p>\n<p><strong>ADMR de Lombers<\/strong><br \/>\n1 Avenue de Saint-Pierre 81120 LOMBERS<br \/>\n05 63 56 67 77<\/p>\n<p><strong>ADMR de Laboutari\u00e9<\/strong><br \/>\nLieu dit Lucassou 81440 MONTRAGON<br \/>\n05 63 33 49 04<\/p>\n<p><strong>Service de Soins Infirmiers \u00e0 Domicile (SSIAD) du Dadou<\/strong><br \/>\n61 rue Saint Jean 81300 GRAULHET<br \/>\n05 63 42 03 33<\/p>\n","protected":false},"excerpt":{"rendered":"<p>Retrouvez ici tous les contacts des services\u00a0\u00e0 la personne du territoire : ADMR de R\u00e9almont 2 bis Boulevard Carnot 81120 REALMONT 05 63 55 48 89 ADMR d&rsquo;Orban Place de l\u2019\u00e9glise 81120 ORBAN 05 63 45 01 66 ADMR de Montredon-Labessonni\u00e9 4 Route de Realmont 81360 MONTREDON-LABESSONNI\u00c9 05 63 70 55 45 ADMR de Lombers [&hellip;]<\/p>\n","protected":false},"author":1,"featured_media":0,"parent":887,"menu_order":0,"comment_status":"closed","ping_status":"closed","template":"","meta":[],"yoast_head":"<!-- This site is optimized with the Yoast SEO plugin v18.3 - https:\/\/yoast.com\/wordpress\/plugins\/seo\/ -->\n<title>Services \u00e0 la personne - Communaut\u00e9 de Communes Centre Tarn<\/title>\n<meta name=\"robots\" content=\"noindex, follow, max-snippet:-1, max-image-preview:large, max-video-preview:-1\" \/>\n<meta property=\"og:locale\" content=\"fr_FR\" \/>\n<meta property=\"og:type\" content=\"article\" \/>\n<meta property=\"og:title\" content=\"Services \u00e0 la personne - Communaut\u00e9 de Communes Centre Tarn\" \/>\n<meta property=\"og:description\" content=\"Retrouvez ici tous les contacts des services\u00a0\u00e0 la personne du territoire : ADMR de R\u00e9almont 2 bis Boulevard Carnot 81120 REALMONT 05 63 55 48 89 ADMR d&rsquo;Orban Place de l\u2019\u00e9glise 81120 ORBAN 05 63 45 01 66 ADMR de Montredon-Labessonni\u00e9 4 Route de Realmont 81360 MONTREDON-LABESSONNI\u00c9 05 63 70 55 45 ADMR de Lombers [&hellip;]\" \/>\n<meta property=\"og:url\" content=\"http:\/\/cb27363e0b.url-de-test.ws\/site\/vie-quotidienne\/services-a-personne\/\" \/>\n<meta property=\"og:site_name\" content=\"Communaut\u00e9 de Communes Centre Tarn\" \/>\n<meta property=\"article:publisher\" content=\"https:\/\/fr-fr.facebook.com\/centretarn\/\" \/>\n<meta property=\"article:modified_time\" content=\"2018-09-25T14:14:33+00:00\" \/>\n<meta name=\"twitter:card\" content=\"summary_large_image\" \/>\n<script type=\"application\/ld+json\" class=\"yoast-schema-graph\">{\"@context\":\"https:\/\/schema.org\",\"@graph\":[{\"@type\":\"Organization\",\"@id\":\"http:\/\/cb27363e0b.url-de-test.ws\/site\/#organization\",\"name\":\"Communaut\u00e9 de Communes Centre Tarn\",\"url\":\"http:\/\/cb27363e0b.url-de-test.ws\/site\/\",\"sameAs\":[\"https:\/\/fr-fr.facebook.com\/centretarn\/\",\"https:\/\/www.youtube.com\/channel\/UCmH971jS42X98fNgJKDqb1A\"],\"logo\":{\"@type\":\"ImageObject\",\"@id\":\"http:\/\/cb27363e0b.url-de-test.ws\/site\/#logo\",\"inLanguage\":\"fr-FR\",\"url\":\"http:\/\/cb27363e0b.url-de-test.ws\/site\/wp-content\/uploads\/2018\/02\/logo-site.png\",\"contentUrl\":\"http:\/\/cb27363e0b.url-de-test.ws\/site\/wp-content\/uploads\/2018\/02\/logo-site.png\",\"width\":149,\"height\":169,\"caption\":\"Communaut\u00e9 de Communes Centre Tarn\"},\"image\":{\"@id\":\"http:\/\/cb27363e0b.url-de-test.ws\/site\/#logo\"}},{\"@type\":\"WebSite\",\"@id\":\"http:\/\/cb27363e0b.url-de-test.ws\/site\/#website\",\"url\":\"http:\/\/cb27363e0b.url-de-test.ws\/site\/\",\"name\":\"Communaut\u00e9 de Communes Centre Tarn\",\"description\":\"\",\"publisher\":{\"@id\":\"http:\/\/cb27363e0b.url-de-test.ws\/site\/#organization\"},\"potentialAction\":[{\"@type\":\"SearchAction\",\"target\":{\"@type\":\"EntryPoint\",\"urlTemplate\":\"http:\/\/cb27363e0b.url-de-test.ws\/site\/?s={search_term_string}\"},\"query-input\":\"required name=search_term_string\"}],\"inLanguage\":\"fr-FR\"},{\"@type\":\"WebPage\",\"@id\":\"http:\/\/cb27363e0b.url-de-test.ws\/site\/vie-quotidienne\/services-a-personne\/#webpage\",\"url\":\"http:\/\/cb27363e0b.url-de-test.ws\/site\/vie-quotidienne\/services-a-personne\/\",\"name\":\"Services \u00e0 la personne - Communaut\u00e9 de Communes Centre Tarn\",\"isPartOf\":{\"@id\":\"http:\/\/cb27363e0b.url-de-test.ws\/site\/#website\"},\"datePublished\":\"2018-09-21T15:25:45+00:00\",\"dateModified\":\"2018-09-25T14:14:33+00:00\",\"breadcrumb\":{\"@id\":\"http:\/\/cb27363e0b.url-de-test.ws\/site\/vie-quotidienne\/services-a-personne\/#breadcrumb\"},\"inLanguage\":\"fr-FR\",\"potentialAction\":[{\"@type\":\"ReadAction\",\"target\":[\"http:\/\/cb27363e0b.url-de-test.ws\/site\/vie-quotidienne\/services-a-personne\/\"]}]},{\"@type\":\"BreadcrumbList\",\"@id\":\"http:\/\/cb27363e0b.url-de-test.ws\/site\/vie-quotidienne\/services-a-personne\/#breadcrumb\",\"itemListElement\":[{\"@type\":\"ListItem\",\"position\":1,\"name\":\"Accueil\",\"item\":\"http:\/\/cb27363e0b.url-de-test.ws\/site\/\"},{\"@type\":\"ListItem\",\"position\":2,\"name\":\"Vie Quotidienne\",\"item\":\"http:\/\/cb27363e0b.url-de-test.ws\/site\/vie-quotidienne\/\"},{\"@type\":\"ListItem\",\"position\":3,\"name\":\"Services \u00e0 la personne\"}]}]}<\/script>\n<!-- \/ Yoast SEO plugin. -->","yoast_head_json":{"title":"Services \u00e0 la personne - Communaut\u00e9 de Communes Centre Tarn","robots":{"index":"noindex","follow":"follow","max-snippet":"max-snippet:-1","max-image-preview":"max-image-preview:large","max-video-preview":"max-video-preview:-1"},"og_locale":"fr_FR","og_type":"article","og_title":"Services \u00e0 la personne - Communaut\u00e9 de Communes Centre Tarn","og_description":"Retrouvez ici tous les contacts des services\u00a0\u00e0 la personne du territoire : ADMR de R\u00e9almont 2 bis Boulevard Carnot 81120 REALMONT 05 63 55 48 89 ADMR d&rsquo;Orban Place de l\u2019\u00e9glise 81120 ORBAN 05 63 45 01 66 ADMR de Montredon-Labessonni\u00e9 4 Route de Realmont 81360 MONTREDON-LABESSONNI\u00c9 05 63 70 55 45 ADMR de Lombers [&hellip;]","og_url":"http:\/\/cb27363e0b.url-de-test.ws\/site\/vie-quotidienne\/services-a-personne\/","og_site_name":"Communaut\u00e9 de Communes Centre Tarn","article_publisher":"https:\/\/fr-fr.facebook.com\/centretarn\/","article_modified_time":"2018-09-25T14:14:33+00:00","twitter_card":"summary_large_image","schema":{"@context":"https:\/\/schema.org","@graph":[{"@type":"Organization","@id":"http:\/\/cb27363e0b.url-de-test.ws\/site\/#organization","name":"Communaut\u00e9 de Communes Centre Tarn","url":"http:\/\/cb27363e0b.url-de-test.ws\/site\/","sameAs":["https:\/\/fr-fr.facebook.com\/centretarn\/","https:\/\/www.youtube.com\/channel\/UCmH971jS42X98fNgJKDqb1A"],"logo":{"@type":"ImageObject","@id":"http:\/\/cb27363e0b.url-de-test.ws\/site\/#logo","inLanguage":"fr-FR","url":"http:\/\/cb27363e0b.url-de-test.ws\/site\/wp-content\/uploads\/2018\/02\/logo-site.png","contentUrl":"http:\/\/cb27363e0b.url-de-test.ws\/site\/wp-content\/uploads\/2018\/02\/logo-site.png","width":149,"height":169,"caption":"Communaut\u00e9 de Communes Centre Tarn"},"image":{"@id":"http:\/\/cb27363e0b.url-de-test.ws\/site\/#logo"}},{"@type":"WebSite","@id":"http:\/\/cb27363e0b.url-de-test.ws\/site\/#website","url":"http:\/\/cb27363e0b.url-de-test.ws\/site\/","name":"Communaut\u00e9 de Communes Centre Tarn","description":"","publisher":{"@id":"http:\/\/cb27363e0b.url-de-test.ws\/site\/#organization"},"potentialAction":[{"@type":"SearchAction","target":{"@type":"EntryPoint","urlTemplate":"http:\/\/cb27363e0b.url-de-test.ws\/site\/?s={search_term_string}"},"query-input":"required name=search_term_string"}],"inLanguage":"fr-FR"},{"@type":"WebPage","@id":"http:\/\/cb27363e0b.url-de-test.ws\/site\/vie-quotidienne\/services-a-personne\/#webpage","url":"http:\/\/cb27363e0b.url-de-test.ws\/site\/vie-quotidienne\/services-a-personne\/","name":"Services \u00e0 la personne - Communaut\u00e9 de Communes Centre Tarn","isPartOf":{"@id":"http:\/\/cb27363e0b.url-de-test.ws\/site\/#website"},"datePublished":"2018-09-21T15:25:45+00:00","dateModified":"2018-09-25T14:14:33+00:00","breadcrumb":{"@id":"http:\/\/cb27363e0b.url-de-test.ws\/site\/vie-quotidienne\/services-a-personne\/#breadcrumb"},"inLanguage":"fr-FR","potentialAction":[{"@type":"ReadAction","target":["http:\/\/cb27363e0b.url-de-test.ws\/site\/vie-quotidienne\/services-a-personne\/"]}]},{"@type":"BreadcrumbList","@id":"http:\/\/cb27363e0b.url-de-test.ws\/site\/vie-quotidienne\/services-a-personne\/#breadcrumb","itemListElement":[{"@type":"ListItem","position":1,"name":"Accueil","item":"http:\/\/cb27363e0b.url-de-test.ws\/site\/"},{"@type":"ListItem","position":2,"name":"Vie Quotidienne","item":"http:\/\/cb27363e0b.url-de-test.ws\/site\/vie-quotidienne\/"},{"@type":"ListItem","position":3,"name":"Services \u00e0 la personne"}]}]}},"_links":{"self":[{"href":"http:\/\/cb27363e0b.url-de-test.ws\/site\/wp-json\/wp\/v2\/pages\/3238"}],"collection":[{"href":"http:\/\/cb27363e0b.url-de-test.ws\/site\/wp-json\/wp\/v2\/pages"}],"about":[{"href":"http:\/\/cb27363e0b.url-de-test.ws\/site\/wp-json\/wp\/v2\/types\/page"}],"author":[{"embeddable":true,"href":"http:\/\/cb27363e0b.url-de-test.ws\/site\/wp-json\/wp\/v2\/users\/1"}],"replies":[{"embeddable":true,"href":"http:\/\/cb27363e0b.url-de-test.ws\/site\/wp-json\/wp\/v2\/comments?post=3238"}],"version-history":[{"count":4,"href":"http:\/\/cb27363e0b.url-de-test.ws\/site\/wp-json\/wp\/v2\/pages\/3238\/revisions"}],"predecessor-version":[{"id":3324,"href":"http:\/\/cb27363e0b.url-de-test.ws\/site\/wp-json\/wp\/v2\/pages\/3238\/revisions\/3324"}],"up":[{"embeddable":true,"href":"http:\/\/cb27363e0b.url-de-test.ws\/site\/wp-json\/wp\/v2\/pages\/887"}],"wp:attachment":[{"href":"http:\/\/cb27363e0b.url-de-test.ws\/site\/wp-json\/wp\/v2\/media?parent=3238"}],"curies":[{"name":"wp","href":"https:\/\/api.w.org\/{rel}","templated":true}]}}