{"id":3103,"date":"2018-09-12T11:07:36","date_gmt":"2018-09-12T09:07:36","guid":{"rendered":"http:\/\/cb27363e0b.url-de-test.ws\/site\/?page_id=3103"},"modified":"2018-09-12T11:30:45","modified_gmt":"2018-09-12T09:30:45","slug":"communiquer-manifestation","status":"publish","type":"page","link":"http:\/\/cb27363e0b.url-de-test.ws\/site\/communiquer-manifestation\/","title":{"rendered":"Communiquer une manifestation"},"content":{"rendered":"<div role=\"form\" class=\"wpcf7\" id=\"wpcf7-f3102-o1\" lang=\"fr-FR\" dir=\"ltr\">\n<div class=\"screen-reader-response\"><p role=\"status\" aria-live=\"polite\" aria-atomic=\"true\"><\/p> <ul><\/ul><\/div>\n<form action=\"\/site\/wp-json\/wp\/v2\/pages\/3103#wpcf7-f3102-o1\" method=\"post\" class=\"wpcf7-form init\" enctype=\"multipart\/form-data\" novalidate=\"novalidate\" data-status=\"init\">\n<div style=\"display: none;\">\n<input type=\"hidden\" name=\"_wpcf7\" value=\"3102\" \/>\n<input type=\"hidden\" name=\"_wpcf7_version\" value=\"5.5.6\" \/>\n<input type=\"hidden\" name=\"_wpcf7_locale\" value=\"fr_FR\" \/>\n<input type=\"hidden\" name=\"_wpcf7_unit_tag\" value=\"wpcf7-f3102-o1\" \/>\n<input type=\"hidden\" name=\"_wpcf7_container_post\" value=\"0\" \/>\n<input type=\"hidden\" name=\"_wpcf7_posted_data_hash\" value=\"\" \/>\n<\/div>\n<h3 style=\"color:#288BD2;\">Informations sur l'association<\/h3>\n<p><label> *Nom de l'Association<br \/>\n    <span class=\"wpcf7-form-control-wrap nom-asso\"><input type=\"text\" name=\"nom-asso\" value=\"\" size=\"40\" class=\"wpcf7-form-control wpcf7-text wpcf7-validates-as-required\" aria-required=\"true\" aria-invalid=\"false\" \/><\/span> <\/label><\/p>\n<p><label> *Adresse de l'association<br \/>\n    <span class=\"wpcf7-form-control-wrap adresse-asso\"><input type=\"text\" name=\"adresse-asso\" value=\"\" size=\"40\" class=\"wpcf7-form-control wpcf7-text wpcf7-validates-as-required\" aria-required=\"true\" aria-invalid=\"false\" \/><\/span> <\/label><\/p>\n<div class=\"row\" style=\"margin-bottom:24px;\">\n<div class=\"col-md-6\">\n<label> *Code Postal<br \/>\n    <span class=\"wpcf7-form-control-wrap cp-asso\"><input type=\"text\" name=\"cp-asso\" value=\"\" size=\"40\" class=\"wpcf7-form-control wpcf7-text wpcf7-validates-as-required\" aria-required=\"true\" aria-invalid=\"false\" \/><\/span> <\/label>\n<\/div>\n<div class=\"col-md-6\">\n<label> *Commune<br \/>\n    <span class=\"wpcf7-form-control-wrap commune-asso\"><input type=\"text\" name=\"commune-asso\" value=\"\" size=\"40\" class=\"wpcf7-form-control wpcf7-text wpcf7-validates-as-required\" aria-required=\"true\" aria-invalid=\"false\" \/><\/span> <\/label>\n<\/div>\n<\/div>\n<p><label> *Contact<br \/>\n    <span class=\"wpcf7-form-control-wrap representant-asso\"><input type=\"text\" name=\"representant-asso\" value=\"\" size=\"40\" class=\"wpcf7-form-control wpcf7-text wpcf7-validates-as-required\" aria-required=\"true\" aria-invalid=\"false\" placeholder=\"Repr\u00e9sentant(e) de l&#039;association\" \/><\/span> <\/label><\/p>\n<div class=\"row\" style=\"margin-bottom:24px;\">\n<div class=\"col-md-6\">\n<label> *T\u00e9l\u00e9phone<br \/>\n    <span class=\"wpcf7-form-control-wrap telephone-asso\"><input type=\"tel\" name=\"telephone-asso\" value=\"\" size=\"40\" maxlength=\"10\" minlength=\"10\" class=\"wpcf7-form-control wpcf7-text wpcf7-tel wpcf7-validates-as-required wpcf7-validates-as-tel\" aria-required=\"true\" aria-invalid=\"false\" \/><\/span> <\/label><\/p>\n<\/div>\n<div class=\"col-md-6\">\n<label> *Email<br \/>\n    <span class=\"wpcf7-form-control-wrap email-asso\"><input type=\"email\" name=\"email-asso\" value=\"\" size=\"40\" class=\"wpcf7-form-control wpcf7-text wpcf7-email wpcf7-validates-as-required wpcf7-validates-as-email\" aria-required=\"true\" aria-invalid=\"false\" \/><\/span> <\/label>\n<\/div>\n<\/div>\n<hr style=\"margin:48px 0 24px 0;color:#ddd;\">\n<h3 style=\"color:#288BD2;\">Informations sur la manifestation \u00e0 diffuser au grand public<\/h3>\n<div class=\"row\" style=\"margin-bottom:24px;\">\n<div class=\"col-md-6\" style=\"text-align:center;\">\nDate de d\u00e9but<br \/>\n    <span class=\"wpcf7-form-control-wrap date-asso-debut1\"><input type=\"date\" name=\"date-asso-debut1\" value=\"\" class=\"wpcf7-form-control wpcf7-date wpcf7-validates-as-required wpcf7-validates-as-date\" aria-required=\"true\" aria-invalid=\"false\" \/><\/span>\n<\/div>\n<div class=\"col-md-6\" style=\"text-align:center;\">\nDate de fin<br \/>\n    <span class=\"wpcf7-form-control-wrap date-asso-fin1\"><input type=\"date\" name=\"date-asso-fin1\" value=\"\" class=\"wpcf7-form-control wpcf7-date wpcf7-validates-as-required wpcf7-validates-as-date\" aria-required=\"true\" aria-invalid=\"false\" \/><\/span>\n<\/div>\n<\/div>\n<div class=\"row\" style=\"margin-bottom:24px;\">\n<div class=\"col-md-2\" style=\"text-align:center;padding-top:10px;\">\n    D\u00e9but\n<\/div>\n<div class=\"col-md-2\">\n    <span class=\"wpcf7-form-control-wrap heure-debut1\"><select name=\"heure-debut1\" class=\"wpcf7-form-control wpcf7-select custom-form-field\" aria-invalid=\"false\"><option value=\"00\">00<\/option><option value=\"01\">01<\/option><option value=\"02\">02<\/option><option value=\"03\">03<\/option><option value=\"04\">04<\/option><option value=\"05\">05<\/option><option value=\"06\">06<\/option><option value=\"07\">07<\/option><option value=\"08\">08<\/option><option value=\"09\">09<\/option><option value=\"10\">10<\/option><option value=\"11\">11<\/option><option value=\"12\">12<\/option><option value=\"13\">13<\/option><option value=\"14\">14<\/option><option value=\"15\">15<\/option><option value=\"16\">16<\/option><option value=\"17\">17<\/option><option value=\"18\">18<\/option><option value=\"19\">19<\/option><option value=\"20\">20<\/option><option value=\"21\">21<\/option><option value=\"22\">22<\/option><option value=\"23\">23<\/option><\/select><\/span>\n<\/div>\n<div class=\"col-md-2\">\n    <span class=\"wpcf7-form-control-wrap minute-debut1\"><select name=\"minute-debut1\" class=\"wpcf7-form-control wpcf7-select custom-form-field\" aria-invalid=\"false\"><option value=\"00\">00<\/option><option value=\"15\">15<\/option><option value=\"30\">30<\/option><option value=\"45\">45<\/option><\/select><\/span>\n<\/div>\n<div class=\"col-md-2\" style=\"text-align:center;padding-top:10px;\">\n    Fin\n<\/div>\n<div class=\"col-md-2\">\n    <span class=\"wpcf7-form-control-wrap heure-fin1\"><select name=\"heure-fin1\" class=\"wpcf7-form-control wpcf7-select custom-form-field\" aria-invalid=\"false\"><option value=\"00\">00<\/option><option value=\"01\">01<\/option><option value=\"02\">02<\/option><option value=\"03\">03<\/option><option value=\"04\">04<\/option><option value=\"05\">05<\/option><option value=\"06\">06<\/option><option value=\"07\">07<\/option><option value=\"08\">08<\/option><option value=\"09\">09<\/option><option value=\"10\">10<\/option><option value=\"11\">11<\/option><option value=\"12\">12<\/option><option value=\"13\">13<\/option><option value=\"14\">14<\/option><option value=\"15\">15<\/option><option value=\"16\">16<\/option><option value=\"17\">17<\/option><option value=\"18\">18<\/option><option value=\"19\">19<\/option><option value=\"20\">20<\/option><option value=\"21\">21<\/option><option value=\"22\">22<\/option><option value=\"23\">23<\/option><\/select><\/span>\n<\/div>\n<div class=\"col-md-2\">\n    <span class=\"wpcf7-form-control-wrap minute-fin1\"><select name=\"minute-fin1\" class=\"wpcf7-form-control wpcf7-select custom-form-field\" aria-invalid=\"false\"><option value=\"00\">00<\/option><option value=\"15\">15<\/option><option value=\"30\">30<\/option><option value=\"45\">45<\/option><\/select><\/span>\n<\/div>\n<\/div>\n<div class=\"c-accordion\" style=\"margin-bottom:24px;\">\n<div class=\"c-content-box\">\n<ul class=\"accordion-items\">\n<li>\n<h4 class=\"accordion-title\">Ajouter d'autres dates <span style=\"font-size:10px;text-transform:lowercase;\">(cliquez ici)<\/span><\/h4>\n<div class=\"accordion-content\">\n<div class=\"row\" style=\"margin-bottom:24px;\">\n<div class=\"col-md-6\" style=\"text-align:center;\">\n\t\t\t\tDate de d\u00e9but<br \/>\n\t\t\t\t    <span class=\"wpcf7-form-control-wrap date-asso-debut2\"><input type=\"date\" name=\"date-asso-debut2\" value=\"\" class=\"wpcf7-form-control wpcf7-date wpcf7-validates-as-date\" aria-invalid=\"false\" \/><\/span>\n\t\t\t\t<\/div>\n<div class=\"col-md-6\" style=\"text-align:center;\">\n\t\t\t\tDate de fin<br \/>\n\t\t\t\t    <span class=\"wpcf7-form-control-wrap date-asso-fin2\"><input type=\"date\" name=\"date-asso-fin2\" value=\"\" class=\"wpcf7-form-control wpcf7-date wpcf7-validates-as-date\" aria-invalid=\"false\" \/><\/span>\n\t\t\t\t<\/div>\n<\/div>\n<div class=\"row\" style=\"margin-bottom:24px;\">\n<div class=\"col-md-2\" style=\"text-align:center;padding-top:10px;\">\n\t\t\t\t    D\u00e9but\n\t\t\t\t<\/div>\n<div class=\"col-md-2\">\n\t\t\t\t    <span class=\"wpcf7-form-control-wrap heure-debut2\"><select name=\"heure-debut2\" class=\"wpcf7-form-control wpcf7-select custom-form-field\" aria-invalid=\"false\"><option value=\"00\">00<\/option><option value=\"01\">01<\/option><option value=\"02\">02<\/option><option value=\"03\">03<\/option><option value=\"04\">04<\/option><option value=\"05\">05<\/option><option value=\"06\">06<\/option><option value=\"07\">07<\/option><option value=\"08\">08<\/option><option value=\"09\">09<\/option><option value=\"10\">10<\/option><option value=\"11\">11<\/option><option value=\"12\">12<\/option><option value=\"13\">13<\/option><option value=\"14\">14<\/option><option value=\"15\">15<\/option><option value=\"16\">16<\/option><option value=\"17\">17<\/option><option value=\"18\">18<\/option><option value=\"19\">19<\/option><option value=\"20\">20<\/option><option value=\"21\">21<\/option><option value=\"22\">22<\/option><option value=\"23\">23<\/option><\/select><\/span>\n\t\t\t\t<\/div>\n<div class=\"col-md-2\">\n\t\t\t\t    <span class=\"wpcf7-form-control-wrap minute-debut2\"><select name=\"minute-debut2\" class=\"wpcf7-form-control wpcf7-select custom-form-field\" aria-invalid=\"false\"><option value=\"00\">00<\/option><option value=\"15\">15<\/option><option value=\"30\">30<\/option><option value=\"45\">45<\/option><\/select><\/span>\n\t\t\t\t<\/div>\n<div class=\"col-md-2\" style=\"text-align:center;padding-top:10px;\">\n\t\t\t\t    Fin\n\t\t\t\t<\/div>\n<div class=\"col-md-2\">\n\t\t\t\t    <span class=\"wpcf7-form-control-wrap heure-fin2\"><select name=\"heure-fin2\" class=\"wpcf7-form-control wpcf7-select custom-form-field\" aria-invalid=\"false\"><option value=\"00\">00<\/option><option value=\"01\">01<\/option><option value=\"02\">02<\/option><option value=\"03\">03<\/option><option value=\"04\">04<\/option><option value=\"05\">05<\/option><option value=\"06\">06<\/option><option value=\"07\">07<\/option><option value=\"08\">08<\/option><option value=\"09\">09<\/option><option value=\"10\">10<\/option><option value=\"11\">11<\/option><option value=\"12\">12<\/option><option value=\"13\">13<\/option><option value=\"14\">14<\/option><option value=\"15\">15<\/option><option value=\"16\">16<\/option><option value=\"17\">17<\/option><option value=\"18\">18<\/option><option value=\"19\">19<\/option><option value=\"20\">20<\/option><option value=\"21\">21<\/option><option value=\"22\">22<\/option><option value=\"23\">23<\/option><\/select><\/span>\n\t\t\t\t<\/div>\n<div class=\"col-md-2\">\n\t\t\t\t    <span class=\"wpcf7-form-control-wrap minute-fin2\"><select name=\"minute-fin2\" class=\"wpcf7-form-control wpcf7-select custom-form-field\" aria-invalid=\"false\"><option value=\"00\">00<\/option><option value=\"15\">15<\/option><option value=\"30\">30<\/option><option value=\"45\">45<\/option><\/select><\/span>\n\t\t\t\t<\/div>\n<\/div>\n<\/div>\n<\/li>\n<\/ul>\n<\/div>\n<\/div>\n<p><label> *Nom de la manifestation<br \/>\n    <span class=\"wpcf7-form-control-wrap nom-manifestation\"><input type=\"text\" name=\"nom-manifestation\" value=\"\" size=\"40\" class=\"wpcf7-form-control wpcf7-text wpcf7-validates-as-required\" aria-required=\"true\" aria-invalid=\"false\" \/><\/span> <\/label><\/p>\n<p><label> *Lieu de la manifestation<br \/>\n    <span class=\"wpcf7-form-control-wrap lieu\"><input type=\"text\" name=\"lieu\" value=\"\" size=\"40\" class=\"wpcf7-form-control wpcf7-text wpcf7-validates-as-required\" aria-required=\"true\" aria-invalid=\"false\" \/><\/span> <\/label><\/p>\n<p><label> *Th\u00e8me de la manifestation<br \/>\n    <span class=\"wpcf7-form-control-wrap theme\"><input type=\"text\" name=\"theme\" value=\"\" size=\"40\" class=\"wpcf7-form-control wpcf7-text wpcf7-validates-as-required\" aria-required=\"true\" aria-invalid=\"false\" \/><\/span> <\/label><\/p>\n<p><label>Visuel de la manifestation<\/label><br \/>\n<span class=\"wpcf7-form-control-wrap fichiers\"><input type=\"file\" name=\"fichiers\" size=\"40\" class=\"wpcf7-form-control wpcf7-file\" accept=\".gif,.png,.jpg,.jpeg,.pdf\" aria-invalid=\"false\" \/><\/span><\/p>\n<p><label> Informations relatives \u00e0 la manifestation<br \/>\n    <span class=\"wpcf7-form-control-wrap complement-info\"><textarea name=\"complement-info\" cols=\"40\" rows=\"10\" class=\"wpcf7-form-control wpcf7-textarea\" aria-invalid=\"false\" placeholder=\"Programme, tarifs ...\"><\/textarea><\/span> <\/label><\/p>\n<p><label> Autorisations <\/label><br \/>\n<span class=\"wpcf7-form-control-wrap autorisations\"><span class=\"wpcf7-form-control wpcf7-checkbox\"><span class=\"wpcf7-list-item first\"><input type=\"checkbox\" name=\"autorisations[]\" value=\"Pour diffuser les coordonn\u00e9es et contacts de l&#039;organisateur au public (association\/mairie\/prestataire priv\u00e9)\" \/><span class=\"wpcf7-list-item-label\">Pour diffuser les coordonn\u00e9es et contacts de l&#039;organisateur au public (association\/mairie\/prestataire priv\u00e9)<\/span><\/span><span class=\"wpcf7-list-item last\"><input type=\"checkbox\" name=\"autorisations[]\" value=\"Pour diffuser les visuels joints (au format .jpeg ou .pdf) avec cession de droits\" \/><span class=\"wpcf7-list-item-label\">Pour diffuser les visuels joints (au format .jpeg ou .pdf) avec cession de droits<\/span><\/span><\/span><\/span><\/p>\n<p><label>Pour nous indiquer votre souhait de diffusion sur support (cochez vos choix) :<\/label><br \/>\n<span class=\"wpcf7-form-control-wrap supports\"><span class=\"wpcf7-form-control wpcf7-checkbox\"><span class=\"wpcf7-list-item first\"><input type=\"checkbox\" name=\"supports[]\" value=\"Site internet de la Communaut\u00e9 de Communes Centre Tarn\" \/><span class=\"wpcf7-list-item-label\">Site internet de la Communaut\u00e9 de Communes Centre Tarn<\/span><\/span><span class=\"wpcf7-list-item\"><input type=\"checkbox\" name=\"supports[]\" value=\"Points Communs, bulletin intercommunal\" \/><span class=\"wpcf7-list-item-label\">Points Communs, bulletin intercommunal<\/span><\/span><span class=\"wpcf7-list-item\"><input type=\"checkbox\" name=\"supports[]\" value=\"Panneau lumineux, install\u00e9 pr\u00e8s de la route d\u00e9partementale, \u00e0 R\u00e9almont\" \/><span class=\"wpcf7-list-item-label\">Panneau lumineux, install\u00e9 pr\u00e8s de la route d\u00e9partementale, \u00e0 R\u00e9almont<\/span><\/span><span class=\"wpcf7-list-item\"><input type=\"checkbox\" name=\"supports[]\" value=\"\u00c9cran d&#039;accueil, install\u00e9 dans l&#039;Espace Intercommunal \u00e0 R\u00e9almont\" \/><span class=\"wpcf7-list-item-label\">\u00c9cran d&#039;accueil, install\u00e9 dans l&#039;Espace Intercommunal \u00e0 R\u00e9almont<\/span><\/span><span class=\"wpcf7-list-item\"><input type=\"checkbox\" name=\"supports[]\" value=\"Site internet de l&#039;Office de Tourisme Centre Tarn et page Facebook\" \/><span class=\"wpcf7-list-item-label\">Site internet de l&#039;Office de Tourisme Centre Tarn et page Facebook<\/span><\/span><span class=\"wpcf7-list-item last\"><input type=\"checkbox\" name=\"supports[]\" value=\"Agenda mensuel, type newsletter, de l&#039;Office de Tourisme Centre Tarn\" \/><span class=\"wpcf7-list-item-label\">Agenda mensuel, type newsletter, de l&#039;Office de Tourisme Centre Tarn<\/span><\/span><\/span><\/span><\/p>\n<p><input type=\"submit\" value=\"Envoyer\" class=\"wpcf7-form-control has-spinner wpcf7-submit\" \/><\/p>\n<hr style=\"margin:48px 0 24px 0;color:#ddd;\">\n<div class=\"wpcf7-response-output\" aria-hidden=\"true\"><\/div><\/form><\/div>\n<p>&nbsp;<\/p>\n<h4>Informations concernant la diffusion des informations :<\/h4>\n<p><strong>Site internet de la Communaut\u00e9 de Communes Centre Tarn<\/strong> : nous diffusons dans les 48 heures les informations re\u00e7ues (avec visuel \/ photo \/ image libres de droits).<br \/>\n<strong>Points Communs, bulletin intercommunal<\/strong> : Parution une seule fois par an en juin (envoyez vos informations avant le 30 avril 2019 pour des animations de juillet 2019 \u00e0 avril 2020).<br \/>\n<strong>Panneau lumineux, install\u00e9 pr\u00e8s de la route d\u00e9partementale, \u00e0 R\u00e9almont<\/strong> : Votre demande sera trait\u00e9e dans les 48 heures, et l&rsquo;information sera diffus\u00e9e 30 jours avant la manifestation.<br \/>\n<strong>\u00c9cran d&rsquo;accueil, install\u00e9 dans l&rsquo;Espace Intercommunal \u00e0 R\u00e9almont*<\/strong> : Nous diffusons dans les 48 heures les informations re\u00e7ues.<br \/>\n<strong>Site internet de l&rsquo;Office de Tourisme Centre Tarn et page Facebook*<\/strong> : Envoyez vos informations minimum 45 jours avant la manifestation. (Exemple : envoyez avant le 30 novembre pour une animation en janvier avec un visuel photo\/image libre de droits).<br \/>\n<strong>Agenda mensuel, type newsletter, de l&rsquo;Office de Tourisme Centre Tarn*<\/strong> : Envoyez vos informations minimum 45 jours avant la manifestation.<\/p>\n<p>* Les animations diffus\u00e9es par le service tourisme et sur l&rsquo;\u00e9cran d&rsquo;accueil de l&rsquo;Espace Intercommunal concernent uniquement les concerts, pi\u00e8ces de th\u00e9\u00e2tre, soir\u00e9es cin\u00e9ma, conf\u00e9rences, d\u00e9bats (sauf \u00e0 caract\u00e8res politiques, sectaires et religieux), march\u00e9s de producteurs, expositions, f\u00eates votives, grands \u00e9v\u00e9nements sportifs.<\/p>\n","protected":false},"excerpt":{"rendered":"<p>&nbsp; Informations concernant la diffusion des informations : Site internet de la Communaut\u00e9 de Communes Centre Tarn : nous diffusons dans les 48 heures les informations re\u00e7ues (avec visuel \/ photo \/ image libres de droits). Points Communs, bulletin intercommunal : Parution une seule fois par an en juin (envoyez vos informations avant le 30 [&hellip;]<\/p>\n","protected":false},"author":1,"featured_media":0,"parent":0,"menu_order":0,"comment_status":"closed","ping_status":"closed","template":"","meta":[],"yoast_head":"<!-- This site is optimized with the Yoast SEO plugin v18.3 - https:\/\/yoast.com\/wordpress\/plugins\/seo\/ -->\n<title>Communiquer une manifestation - Communaut\u00e9 de Communes Centre Tarn<\/title>\n<meta name=\"robots\" content=\"noindex, follow, max-snippet:-1, max-image-preview:large, max-video-preview:-1\" \/>\n<meta property=\"og:locale\" content=\"fr_FR\" \/>\n<meta property=\"og:type\" content=\"article\" \/>\n<meta property=\"og:title\" content=\"Communiquer une manifestation - Communaut\u00e9 de Communes Centre Tarn\" \/>\n<meta property=\"og:description\" content=\"&nbsp; Informations concernant la diffusion des informations : Site internet de la Communaut\u00e9 de Communes Centre Tarn : nous diffusons dans les 48 heures les informations re\u00e7ues (avec visuel \/ photo \/ image libres de droits). Points Communs, bulletin intercommunal : Parution une seule fois par an en juin (envoyez vos informations avant le 30 [&hellip;]\" \/>\n<meta property=\"og:url\" content=\"http:\/\/cb27363e0b.url-de-test.ws\/site\/communiquer-manifestation\/\" \/>\n<meta property=\"og:site_name\" content=\"Communaut\u00e9 de Communes Centre Tarn\" \/>\n<meta property=\"article:publisher\" content=\"https:\/\/fr-fr.facebook.com\/centretarn\/\" \/>\n<meta property=\"article:modified_time\" content=\"2018-09-12T09:30:45+00:00\" \/>\n<meta name=\"twitter:card\" content=\"summary_large_image\" \/>\n<meta name=\"twitter:label1\" content=\"Dur\u00e9e de lecture estim\u00e9e\" \/>\n\t<meta name=\"twitter:data1\" content=\"1 minute\" \/>\n<script type=\"application\/ld+json\" class=\"yoast-schema-graph\">{\"@context\":\"https:\/\/schema.org\",\"@graph\":[{\"@type\":\"Organization\",\"@id\":\"http:\/\/cb27363e0b.url-de-test.ws\/site\/#organization\",\"name\":\"Communaut\u00e9 de Communes Centre Tarn\",\"url\":\"http:\/\/cb27363e0b.url-de-test.ws\/site\/\",\"sameAs\":[\"https:\/\/fr-fr.facebook.com\/centretarn\/\",\"https:\/\/www.youtube.com\/channel\/UCmH971jS42X98fNgJKDqb1A\"],\"logo\":{\"@type\":\"ImageObject\",\"@id\":\"http:\/\/cb27363e0b.url-de-test.ws\/site\/#logo\",\"inLanguage\":\"fr-FR\",\"url\":\"http:\/\/cb27363e0b.url-de-test.ws\/site\/wp-content\/uploads\/2018\/02\/logo-site.png\",\"contentUrl\":\"http:\/\/cb27363e0b.url-de-test.ws\/site\/wp-content\/uploads\/2018\/02\/logo-site.png\",\"width\":149,\"height\":169,\"caption\":\"Communaut\u00e9 de Communes Centre Tarn\"},\"image\":{\"@id\":\"http:\/\/cb27363e0b.url-de-test.ws\/site\/#logo\"}},{\"@type\":\"WebSite\",\"@id\":\"http:\/\/cb27363e0b.url-de-test.ws\/site\/#website\",\"url\":\"http:\/\/cb27363e0b.url-de-test.ws\/site\/\",\"name\":\"Communaut\u00e9 de Communes Centre Tarn\",\"description\":\"\",\"publisher\":{\"@id\":\"http:\/\/cb27363e0b.url-de-test.ws\/site\/#organization\"},\"potentialAction\":[{\"@type\":\"SearchAction\",\"target\":{\"@type\":\"EntryPoint\",\"urlTemplate\":\"http:\/\/cb27363e0b.url-de-test.ws\/site\/?s={search_term_string}\"},\"query-input\":\"required name=search_term_string\"}],\"inLanguage\":\"fr-FR\"},{\"@type\":\"WebPage\",\"@id\":\"http:\/\/cb27363e0b.url-de-test.ws\/site\/communiquer-manifestation\/#webpage\",\"url\":\"http:\/\/cb27363e0b.url-de-test.ws\/site\/communiquer-manifestation\/\",\"name\":\"Communiquer une manifestation - Communaut\u00e9 de Communes Centre Tarn\",\"isPartOf\":{\"@id\":\"http:\/\/cb27363e0b.url-de-test.ws\/site\/#website\"},\"datePublished\":\"2018-09-12T09:07:36+00:00\",\"dateModified\":\"2018-09-12T09:30:45+00:00\",\"breadcrumb\":{\"@id\":\"http:\/\/cb27363e0b.url-de-test.ws\/site\/communiquer-manifestation\/#breadcrumb\"},\"inLanguage\":\"fr-FR\",\"potentialAction\":[{\"@type\":\"ReadAction\",\"target\":[\"http:\/\/cb27363e0b.url-de-test.ws\/site\/communiquer-manifestation\/\"]}]},{\"@type\":\"BreadcrumbList\",\"@id\":\"http:\/\/cb27363e0b.url-de-test.ws\/site\/communiquer-manifestation\/#breadcrumb\",\"itemListElement\":[{\"@type\":\"ListItem\",\"position\":1,\"name\":\"Accueil\",\"item\":\"http:\/\/cb27363e0b.url-de-test.ws\/site\/\"},{\"@type\":\"ListItem\",\"position\":2,\"name\":\"Communiquer une manifestation\"}]}]}<\/script>\n<!-- \/ Yoast SEO plugin. -->","yoast_head_json":{"title":"Communiquer une manifestation - Communaut\u00e9 de Communes Centre Tarn","robots":{"index":"noindex","follow":"follow","max-snippet":"max-snippet:-1","max-image-preview":"max-image-preview:large","max-video-preview":"max-video-preview:-1"},"og_locale":"fr_FR","og_type":"article","og_title":"Communiquer une manifestation - Communaut\u00e9 de Communes Centre Tarn","og_description":"&nbsp; Informations concernant la diffusion des informations : Site internet de la Communaut\u00e9 de Communes Centre Tarn : nous diffusons dans les 48 heures les informations re\u00e7ues (avec visuel \/ photo \/ image libres de droits). Points Communs, bulletin intercommunal : Parution une seule fois par an en juin (envoyez vos informations avant le 30 [&hellip;]","og_url":"http:\/\/cb27363e0b.url-de-test.ws\/site\/communiquer-manifestation\/","og_site_name":"Communaut\u00e9 de Communes Centre Tarn","article_publisher":"https:\/\/fr-fr.facebook.com\/centretarn\/","article_modified_time":"2018-09-12T09:30:45+00:00","twitter_card":"summary_large_image","twitter_misc":{"Dur\u00e9e de lecture estim\u00e9e":"1 minute"},"schema":{"@context":"https:\/\/schema.org","@graph":[{"@type":"Organization","@id":"http:\/\/cb27363e0b.url-de-test.ws\/site\/#organization","name":"Communaut\u00e9 de Communes Centre Tarn","url":"http:\/\/cb27363e0b.url-de-test.ws\/site\/","sameAs":["https:\/\/fr-fr.facebook.com\/centretarn\/","https:\/\/www.youtube.com\/channel\/UCmH971jS42X98fNgJKDqb1A"],"logo":{"@type":"ImageObject","@id":"http:\/\/cb27363e0b.url-de-test.ws\/site\/#logo","inLanguage":"fr-FR","url":"http:\/\/cb27363e0b.url-de-test.ws\/site\/wp-content\/uploads\/2018\/02\/logo-site.png","contentUrl":"http:\/\/cb27363e0b.url-de-test.ws\/site\/wp-content\/uploads\/2018\/02\/logo-site.png","width":149,"height":169,"caption":"Communaut\u00e9 de Communes Centre Tarn"},"image":{"@id":"http:\/\/cb27363e0b.url-de-test.ws\/site\/#logo"}},{"@type":"WebSite","@id":"http:\/\/cb27363e0b.url-de-test.ws\/site\/#website","url":"http:\/\/cb27363e0b.url-de-test.ws\/site\/","name":"Communaut\u00e9 de Communes Centre Tarn","description":"","publisher":{"@id":"http:\/\/cb27363e0b.url-de-test.ws\/site\/#organization"},"potentialAction":[{"@type":"SearchAction","target":{"@type":"EntryPoint","urlTemplate":"http:\/\/cb27363e0b.url-de-test.ws\/site\/?s={search_term_string}"},"query-input":"required name=search_term_string"}],"inLanguage":"fr-FR"},{"@type":"WebPage","@id":"http:\/\/cb27363e0b.url-de-test.ws\/site\/communiquer-manifestation\/#webpage","url":"http:\/\/cb27363e0b.url-de-test.ws\/site\/communiquer-manifestation\/","name":"Communiquer une manifestation - Communaut\u00e9 de Communes Centre Tarn","isPartOf":{"@id":"http:\/\/cb27363e0b.url-de-test.ws\/site\/#website"},"datePublished":"2018-09-12T09:07:36+00:00","dateModified":"2018-09-12T09:30:45+00:00","breadcrumb":{"@id":"http:\/\/cb27363e0b.url-de-test.ws\/site\/communiquer-manifestation\/#breadcrumb"},"inLanguage":"fr-FR","potentialAction":[{"@type":"ReadAction","target":["http:\/\/cb27363e0b.url-de-test.ws\/site\/communiquer-manifestation\/"]}]},{"@type":"BreadcrumbList","@id":"http:\/\/cb27363e0b.url-de-test.ws\/site\/communiquer-manifestation\/#breadcrumb","itemListElement":[{"@type":"ListItem","position":1,"name":"Accueil","item":"http:\/\/cb27363e0b.url-de-test.ws\/site\/"},{"@type":"ListItem","position":2,"name":"Communiquer une manifestation"}]}]}},"_links":{"self":[{"href":"http:\/\/cb27363e0b.url-de-test.ws\/site\/wp-json\/wp\/v2\/pages\/3103"}],"collection":[{"href":"http:\/\/cb27363e0b.url-de-test.ws\/site\/wp-json\/wp\/v2\/pages"}],"about":[{"href":"http:\/\/cb27363e0b.url-de-test.ws\/site\/wp-json\/wp\/v2\/types\/page"}],"author":[{"embeddable":true,"href":"http:\/\/cb27363e0b.url-de-test.ws\/site\/wp-json\/wp\/v2\/users\/1"}],"replies":[{"embeddable":true,"href":"http:\/\/cb27363e0b.url-de-test.ws\/site\/wp-json\/wp\/v2\/comments?post=3103"}],"version-history":[{"count":6,"href":"http:\/\/cb27363e0b.url-de-test.ws\/site\/wp-json\/wp\/v2\/pages\/3103\/revisions"}],"predecessor-version":[{"id":3109,"href":"http:\/\/cb27363e0b.url-de-test.ws\/site\/wp-json\/wp\/v2\/pages\/3103\/revisions\/3109"}],"wp:attachment":[{"href":"http:\/\/cb27363e0b.url-de-test.ws\/site\/wp-json\/wp\/v2\/media?parent=3103"}],"curies":[{"name":"wp","href":"https:\/\/api.w.org\/{rel}","templated":true}]}}