{"id":2994,"date":"2018-09-05T15:19:28","date_gmt":"2018-09-05T13:19:28","guid":{"rendered":"http:\/\/cb27363e0b.url-de-test.ws\/site\/?page_id=2994"},"modified":"2018-09-12T10:21:48","modified_gmt":"2018-09-12T08:21:48","slug":"mise-a-jour-informations-association","status":"publish","type":"page","link":"http:\/\/cb27363e0b.url-de-test.ws\/site\/mise-a-jour-informations-association\/","title":{"rendered":"Mise \u00e0 jour des informations d&rsquo;une association"},"content":{"rendered":"<div role=\"form\" class=\"wpcf7\" id=\"wpcf7-f2993-o1\" lang=\"fr-FR\" dir=\"ltr\">\n<div class=\"screen-reader-response\"><p role=\"status\" aria-live=\"polite\" aria-atomic=\"true\"><\/p> <ul><\/ul><\/div>\n<form action=\"\/site\/wp-json\/wp\/v2\/pages\/2994#wpcf7-f2993-o1\" method=\"post\" class=\"wpcf7-form init\" novalidate=\"novalidate\" data-status=\"init\">\n<div style=\"display: none;\">\n<input type=\"hidden\" name=\"_wpcf7\" value=\"2993\" \/>\n<input type=\"hidden\" name=\"_wpcf7_version\" value=\"5.5.6\" \/>\n<input type=\"hidden\" name=\"_wpcf7_locale\" value=\"fr_FR\" \/>\n<input type=\"hidden\" name=\"_wpcf7_unit_tag\" value=\"wpcf7-f2993-o1\" \/>\n<input type=\"hidden\" name=\"_wpcf7_container_post\" value=\"0\" \/>\n<input type=\"hidden\" name=\"_wpcf7_posted_data_hash\" value=\"\" \/>\n<\/div>\n<p><label> *Nom de l'association concern\u00e9e<br \/>\n    <span class=\"wpcf7-form-control-wrap nom_asso\"><input type=\"text\" name=\"nom_asso\" value=\"\" size=\"40\" class=\"wpcf7-form-control wpcf7-text wpcf7-validates-as-required\" aria-required=\"true\" aria-invalid=\"false\" \/><\/span> <\/label><\/p>\n<p><label> *Nom du demandeur<br \/>\n    <span class=\"wpcf7-form-control-wrap nom_demandeur\"><input type=\"text\" name=\"nom_demandeur\" value=\"\" size=\"40\" class=\"wpcf7-form-control wpcf7-text wpcf7-validates-as-required\" aria-required=\"true\" aria-invalid=\"false\" \/><\/span> <\/label><\/p>\n<p><label> *Email du demandeur<br \/>\n    <span class=\"wpcf7-form-control-wrap email_demandeur\"><input type=\"email\" name=\"email_demandeur\" value=\"\" size=\"40\" class=\"wpcf7-form-control wpcf7-text wpcf7-email wpcf7-validates-as-required wpcf7-validates-as-email\" aria-required=\"true\" aria-invalid=\"false\" \/><\/span> <\/label><\/p>\n<p><label>Demande de modifications : <\/label><br \/>\n<span class=\"wpcf7-form-control-wrap demande0_asso\"><span class=\"wpcf7-form-control wpcf7-checkbox\"><span class=\"wpcf7-list-item first last\"><input type=\"checkbox\" name=\"demande0_asso[]\" value=\"Vous ne souhaitez pas que l&#039;association soit r\u00e9pertori\u00e9e\" \/><span class=\"wpcf7-list-item-label\">Vous ne souhaitez pas que l&#039;association soit r\u00e9pertori\u00e9e<\/span><\/span><\/span><\/span><br \/>\n    <span class=\"wpcf7-form-control-wrap demande1_asso\"><span class=\"wpcf7-form-control wpcf7-checkbox\"><span class=\"wpcf7-list-item first last\"><input type=\"checkbox\" name=\"demande1_asso[]\" value=\"Le domaine li\u00e9 \u00e0 l&#039;association n&#039;est pas correct (cochez et pr\u00e9cisez)\" \/><span class=\"wpcf7-list-item-label\">Le domaine li\u00e9 \u00e0 l&#039;association n&#039;est pas correct (cochez et pr\u00e9cisez)<\/span><\/span><\/span><\/span><br \/>\n<span class=\"wpcf7-form-control-wrap preciser_domaine\"><input type=\"text\" name=\"preciser_domaine\" value=\"\" size=\"40\" class=\"wpcf7-form-control wpcf7-text\" aria-invalid=\"false\" placeholder=\"Pr\u00e9cisez le ou les domaines\" \/><\/span><br \/>\n    <span class=\"wpcf7-form-control-wrap demande2_asso\"><span class=\"wpcf7-form-control wpcf7-checkbox\"><span class=\"wpcf7-list-item first last\"><input type=\"checkbox\" name=\"demande2_asso[]\" value=\"Le nom du pr\u00e9sident ou de la pr\u00e9sidente a chang\u00e9 (cochez et pr\u00e9cisez)\" \/><span class=\"wpcf7-list-item-label\">Le nom du pr\u00e9sident ou de la pr\u00e9sidente a chang\u00e9 (cochez et pr\u00e9cisez)<\/span><\/span><\/span><\/span><br \/>\n<span class=\"wpcf7-form-control-wrap preciser_responsable\"><input type=\"text\" name=\"preciser_responsable\" value=\"\" size=\"40\" class=\"wpcf7-form-control wpcf7-text\" aria-invalid=\"false\" placeholder=\"Nom du nouveau responsable\" \/><\/span><br \/>\n    <span class=\"wpcf7-form-control-wrap demande3_asso\"><span class=\"wpcf7-form-control wpcf7-checkbox\"><span class=\"wpcf7-list-item first last\"><input type=\"checkbox\" name=\"demande3_asso[]\" value=\"Le num\u00e9ro de t\u00e9l\u00e9phone a chang\u00e9 (cochez et pr\u00e9cisez)\" \/><span class=\"wpcf7-list-item-label\">Le num\u00e9ro de t\u00e9l\u00e9phone a chang\u00e9 (cochez et pr\u00e9cisez)<\/span><\/span><\/span><\/span><br \/>\n<span class=\"wpcf7-form-control-wrap preciser_telephone\"><input type=\"text\" name=\"preciser_telephone\" value=\"\" size=\"40\" class=\"wpcf7-form-control wpcf7-text\" aria-invalid=\"false\" placeholder=\"Nouveau contact t\u00e9l\u00e9phonique\" \/><\/span><br \/>\n    <span class=\"wpcf7-form-control-wrap demande4_asso\"><span class=\"wpcf7-form-control wpcf7-checkbox\"><span class=\"wpcf7-list-item first last\"><input type=\"checkbox\" name=\"demande4_asso[]\" value=\"L&#039;adresse a chang\u00e9 (cochez et pr\u00e9cisez)\" \/><span class=\"wpcf7-list-item-label\">L&#039;adresse a chang\u00e9 (cochez et pr\u00e9cisez)<\/span><\/span><\/span><\/span><br \/>\n<span class=\"wpcf7-form-control-wrap preciser_adresse\"><input type=\"text\" name=\"preciser_adresse\" value=\"\" size=\"40\" class=\"wpcf7-form-control wpcf7-text\" aria-invalid=\"false\" placeholder=\"Nouvelle adresse\" \/><\/span><br \/>\n    <span class=\"wpcf7-form-control-wrap demande5_asso\"><span class=\"wpcf7-form-control wpcf7-checkbox\"><span class=\"wpcf7-list-item first last\"><input type=\"checkbox\" name=\"demande5_asso[]\" value=\"Vous souhaitez compl\u00e9ter des informations (cochez et pr\u00e9cisez)\" \/><span class=\"wpcf7-list-item-label\">Vous souhaitez compl\u00e9ter des informations (cochez et pr\u00e9cisez)<\/span><\/span><\/span><\/span><br \/>\n<span class=\"wpcf7-form-control-wrap preciser_informations\"><textarea name=\"preciser_informations\" cols=\"40\" rows=\"10\" class=\"wpcf7-form-control wpcf7-textarea\" aria-invalid=\"false\" placeholder=\"Pr\u00e9cisions d&#039;informations\"><\/textarea><\/span><\/p>\n<p><label> Pour toute autre demande, contactez le 05 31 81 96 04<\/label><\/p>\n<p><input type=\"submit\" value=\"Envoyer\" class=\"wpcf7-form-control has-spinner wpcf7-submit\" \/><\/p>\n<div class=\"wpcf7-response-output\" aria-hidden=\"true\"><\/div><\/form><\/div>\n","protected":false},"excerpt":{"rendered":"*Nom de l'association concern\u00e9e *Nom du demandeur *Email du demandeur Demande de modifications : Vous ne souhaitez pas que l&#039;association soit r\u00e9pertori\u00e9e Le domaine li\u00e9 \u00e0 l&#039;association n&#039;est pas correct (cochez et pr\u00e9cisez) Le nom du pr\u00e9sident ou de la pr\u00e9sidente a chang\u00e9 (cochez et pr\u00e9cisez) Le num\u00e9ro de t\u00e9l\u00e9phone a chang\u00e9 (cochez et pr\u00e9cisez) [...]","protected":false},"author":1,"featured_media":0,"parent":0,"menu_order":0,"comment_status":"closed","ping_status":"closed","template":"","meta":[],"yoast_head":"<!-- This site is optimized with the Yoast SEO plugin v18.3 - https:\/\/yoast.com\/wordpress\/plugins\/seo\/ -->\n<title>Mise \u00e0 jour des informations d&#039;une association - Communaut\u00e9 de Communes Centre Tarn<\/title>\n<meta name=\"robots\" content=\"noindex, follow, max-snippet:-1, max-image-preview:large, max-video-preview:-1\" \/>\n<meta property=\"og:locale\" content=\"fr_FR\" \/>\n<meta property=\"og:type\" content=\"article\" \/>\n<meta property=\"og:title\" content=\"Mise \u00e0 jour des informations d&#039;une association - Communaut\u00e9 de Communes Centre Tarn\" \/>\n<meta property=\"og:url\" content=\"http:\/\/cb27363e0b.url-de-test.ws\/site\/mise-a-jour-informations-association\/\" \/>\n<meta property=\"og:site_name\" content=\"Communaut\u00e9 de Communes Centre Tarn\" \/>\n<meta property=\"article:publisher\" content=\"https:\/\/fr-fr.facebook.com\/centretarn\/\" \/>\n<meta property=\"article:modified_time\" content=\"2018-09-12T08:21:48+00:00\" \/>\n<meta name=\"twitter:card\" content=\"summary_large_image\" \/>\n<script type=\"application\/ld+json\" class=\"yoast-schema-graph\">{\"@context\":\"https:\/\/schema.org\",\"@graph\":[{\"@type\":\"Organization\",\"@id\":\"http:\/\/cb27363e0b.url-de-test.ws\/site\/#organization\",\"name\":\"Communaut\u00e9 de Communes Centre Tarn\",\"url\":\"http:\/\/cb27363e0b.url-de-test.ws\/site\/\",\"sameAs\":[\"https:\/\/fr-fr.facebook.com\/centretarn\/\",\"https:\/\/www.youtube.com\/channel\/UCmH971jS42X98fNgJKDqb1A\"],\"logo\":{\"@type\":\"ImageObject\",\"@id\":\"http:\/\/cb27363e0b.url-de-test.ws\/site\/#logo\",\"inLanguage\":\"fr-FR\",\"url\":\"http:\/\/cb27363e0b.url-de-test.ws\/site\/wp-content\/uploads\/2018\/02\/logo-site.png\",\"contentUrl\":\"http:\/\/cb27363e0b.url-de-test.ws\/site\/wp-content\/uploads\/2018\/02\/logo-site.png\",\"width\":149,\"height\":169,\"caption\":\"Communaut\u00e9 de Communes Centre Tarn\"},\"image\":{\"@id\":\"http:\/\/cb27363e0b.url-de-test.ws\/site\/#logo\"}},{\"@type\":\"WebSite\",\"@id\":\"http:\/\/cb27363e0b.url-de-test.ws\/site\/#website\",\"url\":\"http:\/\/cb27363e0b.url-de-test.ws\/site\/\",\"name\":\"Communaut\u00e9 de Communes Centre Tarn\",\"description\":\"\",\"publisher\":{\"@id\":\"http:\/\/cb27363e0b.url-de-test.ws\/site\/#organization\"},\"potentialAction\":[{\"@type\":\"SearchAction\",\"target\":{\"@type\":\"EntryPoint\",\"urlTemplate\":\"http:\/\/cb27363e0b.url-de-test.ws\/site\/?s={search_term_string}\"},\"query-input\":\"required name=search_term_string\"}],\"inLanguage\":\"fr-FR\"},{\"@type\":\"WebPage\",\"@id\":\"http:\/\/cb27363e0b.url-de-test.ws\/site\/mise-a-jour-informations-association\/#webpage\",\"url\":\"http:\/\/cb27363e0b.url-de-test.ws\/site\/mise-a-jour-informations-association\/\",\"name\":\"Mise \u00e0 jour des informations d'une association - Communaut\u00e9 de Communes Centre Tarn\",\"isPartOf\":{\"@id\":\"http:\/\/cb27363e0b.url-de-test.ws\/site\/#website\"},\"datePublished\":\"2018-09-05T13:19:28+00:00\",\"dateModified\":\"2018-09-12T08:21:48+00:00\",\"breadcrumb\":{\"@id\":\"http:\/\/cb27363e0b.url-de-test.ws\/site\/mise-a-jour-informations-association\/#breadcrumb\"},\"inLanguage\":\"fr-FR\",\"potentialAction\":[{\"@type\":\"ReadAction\",\"target\":[\"http:\/\/cb27363e0b.url-de-test.ws\/site\/mise-a-jour-informations-association\/\"]}]},{\"@type\":\"BreadcrumbList\",\"@id\":\"http:\/\/cb27363e0b.url-de-test.ws\/site\/mise-a-jour-informations-association\/#breadcrumb\",\"itemListElement\":[{\"@type\":\"ListItem\",\"position\":1,\"name\":\"Accueil\",\"item\":\"http:\/\/cb27363e0b.url-de-test.ws\/site\/\"},{\"@type\":\"ListItem\",\"position\":2,\"name\":\"Mise \u00e0 jour des informations d&rsquo;une association\"}]}]}<\/script>\n<!-- \/ Yoast SEO plugin. -->","yoast_head_json":{"title":"Mise \u00e0 jour des informations d'une association - Communaut\u00e9 de Communes Centre Tarn","robots":{"index":"noindex","follow":"follow","max-snippet":"max-snippet:-1","max-image-preview":"max-image-preview:large","max-video-preview":"max-video-preview:-1"},"og_locale":"fr_FR","og_type":"article","og_title":"Mise \u00e0 jour des informations d'une association - Communaut\u00e9 de Communes Centre Tarn","og_url":"http:\/\/cb27363e0b.url-de-test.ws\/site\/mise-a-jour-informations-association\/","og_site_name":"Communaut\u00e9 de Communes Centre Tarn","article_publisher":"https:\/\/fr-fr.facebook.com\/centretarn\/","article_modified_time":"2018-09-12T08:21:48+00:00","twitter_card":"summary_large_image","schema":{"@context":"https:\/\/schema.org","@graph":[{"@type":"Organization","@id":"http:\/\/cb27363e0b.url-de-test.ws\/site\/#organization","name":"Communaut\u00e9 de Communes Centre Tarn","url":"http:\/\/cb27363e0b.url-de-test.ws\/site\/","sameAs":["https:\/\/fr-fr.facebook.com\/centretarn\/","https:\/\/www.youtube.com\/channel\/UCmH971jS42X98fNgJKDqb1A"],"logo":{"@type":"ImageObject","@id":"http:\/\/cb27363e0b.url-de-test.ws\/site\/#logo","inLanguage":"fr-FR","url":"http:\/\/cb27363e0b.url-de-test.ws\/site\/wp-content\/uploads\/2018\/02\/logo-site.png","contentUrl":"http:\/\/cb27363e0b.url-de-test.ws\/site\/wp-content\/uploads\/2018\/02\/logo-site.png","width":149,"height":169,"caption":"Communaut\u00e9 de Communes Centre Tarn"},"image":{"@id":"http:\/\/cb27363e0b.url-de-test.ws\/site\/#logo"}},{"@type":"WebSite","@id":"http:\/\/cb27363e0b.url-de-test.ws\/site\/#website","url":"http:\/\/cb27363e0b.url-de-test.ws\/site\/","name":"Communaut\u00e9 de Communes Centre Tarn","description":"","publisher":{"@id":"http:\/\/cb27363e0b.url-de-test.ws\/site\/#organization"},"potentialAction":[{"@type":"SearchAction","target":{"@type":"EntryPoint","urlTemplate":"http:\/\/cb27363e0b.url-de-test.ws\/site\/?s={search_term_string}"},"query-input":"required name=search_term_string"}],"inLanguage":"fr-FR"},{"@type":"WebPage","@id":"http:\/\/cb27363e0b.url-de-test.ws\/site\/mise-a-jour-informations-association\/#webpage","url":"http:\/\/cb27363e0b.url-de-test.ws\/site\/mise-a-jour-informations-association\/","name":"Mise \u00e0 jour des informations d'une association - Communaut\u00e9 de Communes Centre Tarn","isPartOf":{"@id":"http:\/\/cb27363e0b.url-de-test.ws\/site\/#website"},"datePublished":"2018-09-05T13:19:28+00:00","dateModified":"2018-09-12T08:21:48+00:00","breadcrumb":{"@id":"http:\/\/cb27363e0b.url-de-test.ws\/site\/mise-a-jour-informations-association\/#breadcrumb"},"inLanguage":"fr-FR","potentialAction":[{"@type":"ReadAction","target":["http:\/\/cb27363e0b.url-de-test.ws\/site\/mise-a-jour-informations-association\/"]}]},{"@type":"BreadcrumbList","@id":"http:\/\/cb27363e0b.url-de-test.ws\/site\/mise-a-jour-informations-association\/#breadcrumb","itemListElement":[{"@type":"ListItem","position":1,"name":"Accueil","item":"http:\/\/cb27363e0b.url-de-test.ws\/site\/"},{"@type":"ListItem","position":2,"name":"Mise \u00e0 jour des informations d&rsquo;une association"}]}]}},"_links":{"self":[{"href":"http:\/\/cb27363e0b.url-de-test.ws\/site\/wp-json\/wp\/v2\/pages\/2994"}],"collection":[{"href":"http:\/\/cb27363e0b.url-de-test.ws\/site\/wp-json\/wp\/v2\/pages"}],"about":[{"href":"http:\/\/cb27363e0b.url-de-test.ws\/site\/wp-json\/wp\/v2\/types\/page"}],"author":[{"embeddable":true,"href":"http:\/\/cb27363e0b.url-de-test.ws\/site\/wp-json\/wp\/v2\/users\/1"}],"replies":[{"embeddable":true,"href":"http:\/\/cb27363e0b.url-de-test.ws\/site\/wp-json\/wp\/v2\/comments?post=2994"}],"version-history":[{"count":3,"href":"http:\/\/cb27363e0b.url-de-test.ws\/site\/wp-json\/wp\/v2\/pages\/2994\/revisions"}],"predecessor-version":[{"id":3100,"href":"http:\/\/cb27363e0b.url-de-test.ws\/site\/wp-json\/wp\/v2\/pages\/2994\/revisions\/3100"}],"wp:attachment":[{"href":"http:\/\/cb27363e0b.url-de-test.ws\/site\/wp-json\/wp\/v2\/media?parent=2994"}],"curies":[{"name":"wp","href":"https:\/\/api.w.org\/{rel}","templated":true}]}}