{"id":241,"date":"2017-11-05T12:58:20","date_gmt":"2017-11-05T11:58:20","guid":{"rendered":"http:\/\/cb27363e0b.url-de-test.ws\/site\/?page_id=241"},"modified":"2018-12-13T12:04:11","modified_gmt":"2018-12-13T11:04:11","slug":"espace-multimedia","status":"publish","type":"page","link":"http:\/\/cb27363e0b.url-de-test.ws\/site\/culture-et-tourisme\/espace-multimedia\/","title":{"rendered":"Espace Multim\u00e9dia"},"content":{"rendered":"<h3 style=\"text-align: justify;\">Horaires<\/h3>\n<p style=\"text-align: justify;\">Mardi de 14h30 \u00e0 18h00<br \/>\nMercredi de 09h00 \u00e0 12h00 &#8211; 14h30 \u00e0 18h00<br \/>\nJeudi de 14h30 \u00e0 18h00<br \/>\nVendredi de 14h30 \u00e0 18h00<br \/>\nSamedi de 9h00 \u00e0 12h00 &#8211; 13h00 \u00e0 17h00<\/p>\n<h3 style=\"text-align: justify;\">Contacts<\/h3>\n<p style=\"text-align: justify;\"><a href=\"tel:0563604573\">05 63 60 45 73<\/a> \/ <a href=\"mailto:espace-multimedia@centretarn.fr\">espace-multimedia@centretarn.fr<\/a><\/p>\n<h3 style=\"text-align: justify;\">L&rsquo;espace multim\u00e9dia c&rsquo;est quoi ?<\/h3>\n<p style=\"text-align: justify;\">Un espace ouvert \u00e0 tous. Vous pouvez avoir un acc\u00e8s libre \u00e0 des ordinateurs. 6 postes sont disponibles. Vous pouvez aussi venir avec votre ordinateur.<\/p>\n<p style=\"text-align: justify;\">Nous proposons aussi des ateliers d&rsquo;initiation \u00e0 l&rsquo;informatique. Ils se d\u00e9roulent un samedi sur deux \u00e0 R\u00e9almont de 10h00 \u00e0 11h30, 13H30 \u00e0 15H et un jeudi soir sur deux \u00e0 Montredon-Lab\u00e9ssonni\u00e9 de 20h30 \u00e0 22h \u00e0 la m\u00e9diath\u00e8que. Inscriptions par t\u00e9l\u00e9phone ou directement \u00e0 l&rsquo;espace multim\u00e9dia .<\/p>\n<h3 style=\"text-align: justify;\">Les modalit\u00e9s d\u2019adh\u00e9sion<\/h3>\n<p style=\"text-align: justify;\">Tout d&rsquo;abord, vous disposez de 5h d\u2019acc\u00e8s gratuites. Ensuite selon votre choix plusieurs options s&rsquo;offrent \u00e0 vous :<\/p>\n<ul>\n<li style=\"text-align: justify;\">Abonnement adulte : 15\u20ac\/an<\/li>\n<li style=\"text-align: justify;\">Abonnement demandeur d&#8217;emploi : 10\u20ac\/an<\/li>\n<li style=\"text-align: justify;\">Abonnement famille : 20\u20ac\/an<\/li>\n<li style=\"text-align: justify;\">Abonnement mineur : gratuit<\/li>\n<li style=\"text-align: justify;\">Libre acc\u00e8s 1h sans abonnement : 1,50\u20ac<\/li>\n<li style=\"text-align: justify;\">Atelier : 2\u20ac si adh\u00e9sion \u00e0 l&rsquo;espace multim\u00e9dia sinon 5\u20ac<\/li>\n<\/ul>\n<p>&nbsp;<\/p>\n","protected":false},"excerpt":{"rendered":"<p>Horaires Mardi de 14h30 \u00e0 18h00 Mercredi de 09h00 \u00e0 12h00 &#8211; 14h30 \u00e0 18h00 Jeudi de 14h30 \u00e0 18h00 Vendredi de 14h30 \u00e0 18h00 Samedi de 9h00 \u00e0 12h00 &#8211; 13h00 \u00e0 17h00 Contacts 05 63 60 45 73 \/ espace-multimedia@centretarn.fr L&rsquo;espace multim\u00e9dia c&rsquo;est quoi ? Un espace ouvert \u00e0 tous. Vous pouvez avoir [&hellip;]<\/p>\n","protected":false},"author":1,"featured_media":1712,"parent":4,"menu_order":2,"comment_status":"closed","ping_status":"closed","template":"","meta":[],"yoast_head":"<!-- This site is optimized with the Yoast SEO plugin v18.3 - https:\/\/yoast.com\/wordpress\/plugins\/seo\/ -->\n<title>Espace Multim\u00e9dia - Communaut\u00e9 de Communes Centre Tarn<\/title>\n<meta name=\"robots\" content=\"noindex, follow, max-snippet:-1, max-image-preview:large, max-video-preview:-1\" \/>\n<meta property=\"og:locale\" content=\"fr_FR\" \/>\n<meta property=\"og:type\" content=\"article\" \/>\n<meta property=\"og:title\" content=\"Espace Multim\u00e9dia - Communaut\u00e9 de Communes Centre Tarn\" \/>\n<meta property=\"og:description\" content=\"Horaires Mardi de 14h30 \u00e0 18h00 Mercredi de 09h00 \u00e0 12h00 &#8211; 14h30 \u00e0 18h00 Jeudi de 14h30 \u00e0 18h00 Vendredi de 14h30 \u00e0 18h00 Samedi de 9h00 \u00e0 12h00 &#8211; 13h00 \u00e0 17h00 Contacts 05 63 60 45 73 \/ espace-multimedia@centretarn.fr L&rsquo;espace multim\u00e9dia c&rsquo;est quoi ? Un espace ouvert \u00e0 tous. Vous pouvez avoir [&hellip;]\" \/>\n<meta property=\"og:url\" content=\"http:\/\/cb27363e0b.url-de-test.ws\/site\/culture-et-tourisme\/espace-multimedia\/\" \/>\n<meta property=\"og:site_name\" content=\"Communaut\u00e9 de Communes Centre Tarn\" \/>\n<meta property=\"article:publisher\" content=\"https:\/\/fr-fr.facebook.com\/centretarn\/\" \/>\n<meta property=\"article:modified_time\" content=\"2018-12-13T11:04:11+00:00\" \/>\n<meta property=\"og:image\" content=\"http:\/\/cb27363e0b.url-de-test.ws\/site\/wp-content\/uploads\/2017\/11\/ESPACE-MULTIMEDIA.jpg\" \/>\n\t<meta property=\"og:image:width\" content=\"640\" \/>\n\t<meta property=\"og:image:height\" content=\"467\" \/>\n\t<meta property=\"og:image:type\" content=\"image\/jpeg\" \/>\n<meta name=\"twitter:card\" content=\"summary_large_image\" \/>\n<meta name=\"twitter:label1\" content=\"Dur\u00e9e de lecture estim\u00e9e\" \/>\n\t<meta name=\"twitter:data1\" content=\"1 minute\" \/>\n<script type=\"application\/ld+json\" class=\"yoast-schema-graph\">{\"@context\":\"https:\/\/schema.org\",\"@graph\":[{\"@type\":\"Organization\",\"@id\":\"http:\/\/cb27363e0b.url-de-test.ws\/site\/#organization\",\"name\":\"Communaut\u00e9 de Communes Centre Tarn\",\"url\":\"http:\/\/cb27363e0b.url-de-test.ws\/site\/\",\"sameAs\":[\"https:\/\/fr-fr.facebook.com\/centretarn\/\",\"https:\/\/www.youtube.com\/channel\/UCmH971jS42X98fNgJKDqb1A\"],\"logo\":{\"@type\":\"ImageObject\",\"@id\":\"http:\/\/cb27363e0b.url-de-test.ws\/site\/#logo\",\"inLanguage\":\"fr-FR\",\"url\":\"http:\/\/cb27363e0b.url-de-test.ws\/site\/wp-content\/uploads\/2018\/02\/logo-site.png\",\"contentUrl\":\"http:\/\/cb27363e0b.url-de-test.ws\/site\/wp-content\/uploads\/2018\/02\/logo-site.png\",\"width\":149,\"height\":169,\"caption\":\"Communaut\u00e9 de Communes Centre Tarn\"},\"image\":{\"@id\":\"http:\/\/cb27363e0b.url-de-test.ws\/site\/#logo\"}},{\"@type\":\"WebSite\",\"@id\":\"http:\/\/cb27363e0b.url-de-test.ws\/site\/#website\",\"url\":\"http:\/\/cb27363e0b.url-de-test.ws\/site\/\",\"name\":\"Communaut\u00e9 de Communes Centre Tarn\",\"description\":\"\",\"publisher\":{\"@id\":\"http:\/\/cb27363e0b.url-de-test.ws\/site\/#organization\"},\"potentialAction\":[{\"@type\":\"SearchAction\",\"target\":{\"@type\":\"EntryPoint\",\"urlTemplate\":\"http:\/\/cb27363e0b.url-de-test.ws\/site\/?s={search_term_string}\"},\"query-input\":\"required name=search_term_string\"}],\"inLanguage\":\"fr-FR\"},{\"@type\":\"ImageObject\",\"@id\":\"http:\/\/cb27363e0b.url-de-test.ws\/site\/culture-et-tourisme\/espace-multimedia\/#primaryimage\",\"inLanguage\":\"fr-FR\",\"url\":\"http:\/\/cb27363e0b.url-de-test.ws\/site\/wp-content\/uploads\/2017\/11\/ESPACE-MULTIMEDIA.jpg\",\"contentUrl\":\"http:\/\/cb27363e0b.url-de-test.ws\/site\/wp-content\/uploads\/2017\/11\/ESPACE-MULTIMEDIA.jpg\",\"width\":640,\"height\":467},{\"@type\":\"WebPage\",\"@id\":\"http:\/\/cb27363e0b.url-de-test.ws\/site\/culture-et-tourisme\/espace-multimedia\/#webpage\",\"url\":\"http:\/\/cb27363e0b.url-de-test.ws\/site\/culture-et-tourisme\/espace-multimedia\/\",\"name\":\"Espace Multim\u00e9dia - Communaut\u00e9 de Communes Centre Tarn\",\"isPartOf\":{\"@id\":\"http:\/\/cb27363e0b.url-de-test.ws\/site\/#website\"},\"primaryImageOfPage\":{\"@id\":\"http:\/\/cb27363e0b.url-de-test.ws\/site\/culture-et-tourisme\/espace-multimedia\/#primaryimage\"},\"datePublished\":\"2017-11-05T11:58:20+00:00\",\"dateModified\":\"2018-12-13T11:04:11+00:00\",\"breadcrumb\":{\"@id\":\"http:\/\/cb27363e0b.url-de-test.ws\/site\/culture-et-tourisme\/espace-multimedia\/#breadcrumb\"},\"inLanguage\":\"fr-FR\",\"potentialAction\":[{\"@type\":\"ReadAction\",\"target\":[\"http:\/\/cb27363e0b.url-de-test.ws\/site\/culture-et-tourisme\/espace-multimedia\/\"]}]},{\"@type\":\"BreadcrumbList\",\"@id\":\"http:\/\/cb27363e0b.url-de-test.ws\/site\/culture-et-tourisme\/espace-multimedia\/#breadcrumb\",\"itemListElement\":[{\"@type\":\"ListItem\",\"position\":1,\"name\":\"Accueil\",\"item\":\"http:\/\/cb27363e0b.url-de-test.ws\/site\/\"},{\"@type\":\"ListItem\",\"position\":2,\"name\":\"Culture, Sport et Tourisme\",\"item\":\"http:\/\/cb27363e0b.url-de-test.ws\/site\/culture-et-tourisme\/\"},{\"@type\":\"ListItem\",\"position\":3,\"name\":\"Espace Multim\u00e9dia\"}]}]}<\/script>\n<!-- \/ Yoast SEO plugin. -->","yoast_head_json":{"title":"Espace Multim\u00e9dia - Communaut\u00e9 de Communes Centre Tarn","robots":{"index":"noindex","follow":"follow","max-snippet":"max-snippet:-1","max-image-preview":"max-image-preview:large","max-video-preview":"max-video-preview:-1"},"og_locale":"fr_FR","og_type":"article","og_title":"Espace Multim\u00e9dia - Communaut\u00e9 de Communes Centre Tarn","og_description":"Horaires Mardi de 14h30 \u00e0 18h00 Mercredi de 09h00 \u00e0 12h00 &#8211; 14h30 \u00e0 18h00 Jeudi de 14h30 \u00e0 18h00 Vendredi de 14h30 \u00e0 18h00 Samedi de 9h00 \u00e0 12h00 &#8211; 13h00 \u00e0 17h00 Contacts 05 63 60 45 73 \/ espace-multimedia@centretarn.fr L&rsquo;espace multim\u00e9dia c&rsquo;est quoi ? Un espace ouvert \u00e0 tous. Vous pouvez avoir [&hellip;]","og_url":"http:\/\/cb27363e0b.url-de-test.ws\/site\/culture-et-tourisme\/espace-multimedia\/","og_site_name":"Communaut\u00e9 de Communes Centre Tarn","article_publisher":"https:\/\/fr-fr.facebook.com\/centretarn\/","article_modified_time":"2018-12-13T11:04:11+00:00","og_image":[{"width":640,"height":467,"url":"http:\/\/cb27363e0b.url-de-test.ws\/site\/wp-content\/uploads\/2017\/11\/ESPACE-MULTIMEDIA.jpg","type":"image\/jpeg"}],"twitter_card":"summary_large_image","twitter_misc":{"Dur\u00e9e de lecture estim\u00e9e":"1 minute"},"schema":{"@context":"https:\/\/schema.org","@graph":[{"@type":"Organization","@id":"http:\/\/cb27363e0b.url-de-test.ws\/site\/#organization","name":"Communaut\u00e9 de Communes Centre Tarn","url":"http:\/\/cb27363e0b.url-de-test.ws\/site\/","sameAs":["https:\/\/fr-fr.facebook.com\/centretarn\/","https:\/\/www.youtube.com\/channel\/UCmH971jS42X98fNgJKDqb1A"],"logo":{"@type":"ImageObject","@id":"http:\/\/cb27363e0b.url-de-test.ws\/site\/#logo","inLanguage":"fr-FR","url":"http:\/\/cb27363e0b.url-de-test.ws\/site\/wp-content\/uploads\/2018\/02\/logo-site.png","contentUrl":"http:\/\/cb27363e0b.url-de-test.ws\/site\/wp-content\/uploads\/2018\/02\/logo-site.png","width":149,"height":169,"caption":"Communaut\u00e9 de Communes Centre Tarn"},"image":{"@id":"http:\/\/cb27363e0b.url-de-test.ws\/site\/#logo"}},{"@type":"WebSite","@id":"http:\/\/cb27363e0b.url-de-test.ws\/site\/#website","url":"http:\/\/cb27363e0b.url-de-test.ws\/site\/","name":"Communaut\u00e9 de Communes Centre Tarn","description":"","publisher":{"@id":"http:\/\/cb27363e0b.url-de-test.ws\/site\/#organization"},"potentialAction":[{"@type":"SearchAction","target":{"@type":"EntryPoint","urlTemplate":"http:\/\/cb27363e0b.url-de-test.ws\/site\/?s={search_term_string}"},"query-input":"required name=search_term_string"}],"inLanguage":"fr-FR"},{"@type":"ImageObject","@id":"http:\/\/cb27363e0b.url-de-test.ws\/site\/culture-et-tourisme\/espace-multimedia\/#primaryimage","inLanguage":"fr-FR","url":"http:\/\/cb27363e0b.url-de-test.ws\/site\/wp-content\/uploads\/2017\/11\/ESPACE-MULTIMEDIA.jpg","contentUrl":"http:\/\/cb27363e0b.url-de-test.ws\/site\/wp-content\/uploads\/2017\/11\/ESPACE-MULTIMEDIA.jpg","width":640,"height":467},{"@type":"WebPage","@id":"http:\/\/cb27363e0b.url-de-test.ws\/site\/culture-et-tourisme\/espace-multimedia\/#webpage","url":"http:\/\/cb27363e0b.url-de-test.ws\/site\/culture-et-tourisme\/espace-multimedia\/","name":"Espace Multim\u00e9dia - Communaut\u00e9 de Communes Centre Tarn","isPartOf":{"@id":"http:\/\/cb27363e0b.url-de-test.ws\/site\/#website"},"primaryImageOfPage":{"@id":"http:\/\/cb27363e0b.url-de-test.ws\/site\/culture-et-tourisme\/espace-multimedia\/#primaryimage"},"datePublished":"2017-11-05T11:58:20+00:00","dateModified":"2018-12-13T11:04:11+00:00","breadcrumb":{"@id":"http:\/\/cb27363e0b.url-de-test.ws\/site\/culture-et-tourisme\/espace-multimedia\/#breadcrumb"},"inLanguage":"fr-FR","potentialAction":[{"@type":"ReadAction","target":["http:\/\/cb27363e0b.url-de-test.ws\/site\/culture-et-tourisme\/espace-multimedia\/"]}]},{"@type":"BreadcrumbList","@id":"http:\/\/cb27363e0b.url-de-test.ws\/site\/culture-et-tourisme\/espace-multimedia\/#breadcrumb","itemListElement":[{"@type":"ListItem","position":1,"name":"Accueil","item":"http:\/\/cb27363e0b.url-de-test.ws\/site\/"},{"@type":"ListItem","position":2,"name":"Culture, Sport et Tourisme","item":"http:\/\/cb27363e0b.url-de-test.ws\/site\/culture-et-tourisme\/"},{"@type":"ListItem","position":3,"name":"Espace Multim\u00e9dia"}]}]}},"_links":{"self":[{"href":"http:\/\/cb27363e0b.url-de-test.ws\/site\/wp-json\/wp\/v2\/pages\/241"}],"collection":[{"href":"http:\/\/cb27363e0b.url-de-test.ws\/site\/wp-json\/wp\/v2\/pages"}],"about":[{"href":"http:\/\/cb27363e0b.url-de-test.ws\/site\/wp-json\/wp\/v2\/types\/page"}],"author":[{"embeddable":true,"href":"http:\/\/cb27363e0b.url-de-test.ws\/site\/wp-json\/wp\/v2\/users\/1"}],"replies":[{"embeddable":true,"href":"http:\/\/cb27363e0b.url-de-test.ws\/site\/wp-json\/wp\/v2\/comments?post=241"}],"version-history":[{"count":6,"href":"http:\/\/cb27363e0b.url-de-test.ws\/site\/wp-json\/wp\/v2\/pages\/241\/revisions"}],"predecessor-version":[{"id":1713,"href":"http:\/\/cb27363e0b.url-de-test.ws\/site\/wp-json\/wp\/v2\/pages\/241\/revisions\/1713"}],"up":[{"embeddable":true,"href":"http:\/\/cb27363e0b.url-de-test.ws\/site\/wp-json\/wp\/v2\/pages\/4"}],"wp:featuredmedia":[{"embeddable":true,"href":"http:\/\/cb27363e0b.url-de-test.ws\/site\/wp-json\/wp\/v2\/media\/1712"}],"wp:attachment":[{"href":"http:\/\/cb27363e0b.url-de-test.ws\/site\/wp-json\/wp\/v2\/media?parent=241"}],"curies":[{"name":"wp","href":"https:\/\/api.w.org\/{rel}","templated":true}]}}