{"id":239,"date":"2017-11-05T15:00:26","date_gmt":"2017-11-05T14:00:26","guid":{"rendered":"http:\/\/cb27363e0b.url-de-test.ws\/site\/?page_id=239"},"modified":"2018-11-13T14:46:03","modified_gmt":"2018-11-13T13:46:03","slug":"mediatheques","status":"publish","type":"page","link":"http:\/\/cb27363e0b.url-de-test.ws\/site\/culture-et-tourisme\/mediatheques\/","title":{"rendered":"RIME (R\u00e9seau Intercommunal des M\u00c9diath\u00e8ques)"},"content":{"rendered":"<div class=\"c-tabs\"><div class=\"c-content-box\"><div class=\"tabs-inner\"><ul class=\"tab-list\"><li class=\"tab m-active\"><span class=\"tab-label\">R\u00e9almont<\/span><\/li><li class=\"tab\"><span class=\"tab-label\">Lombers<\/span><\/li><li class=\"tab\"><span class=\"tab-label\">Montredon-Labessonni\u00e9<\/span><\/li><li class=\"tab\"><span class=\"tab-label\">Programmation culturelle<\/span><\/li><\/ul><ul class=\"content-list\">\n<li><p><strong>Adresse<\/strong><br \/>\n2 bis Boulevard Carnot<br \/>\n81120 REALMONT<br \/>\nT\u00e9l: 0531819603<\/p>\n<p><strong>Horaires<\/strong><br \/>\nMardi : 14h30-18h00<br \/>\nMercredi : 9h00-12h00\/14h30-18h00<br \/>\nJeudi : 14h30-18h00<br \/>\nVendredi : 14h30-18h00<br \/>\nSamedi : 9h00-12h00\/13h00-17h00<\/p>\n<p><strong>Contact<\/strong><br \/>\n<a href=\"tel:0531819603\">05 31 81 96 03<\/a><\/p>\n<\/li>\n<li style=\"display: none;\"><p><strong>Adresse<\/strong><br \/>\nRue de la Porte Neuve<br \/>\n81120 LOMBERS<\/p>\n<p><strong>Horaires<\/strong><br \/>\n<strong>De septembre \u00e0 juin :<\/strong><br \/>\nMercredi : 14h00-18h00<br \/>\nSamedi : 10h00-12h00\/14h00-16h00<\/p>\n<p><strong>En juillet et ao\u00fbt :<\/strong><br \/>\nSamedi : 10h00-12h00<\/p>\n<p><strong>Contact<\/strong><br \/>\n<a href=\"tel:0531819564\">05 31 81 95 64<\/a><\/p>\n<\/li>\n<li style=\"display: none;\"><p><strong>Adresse<\/strong><br \/>\n2bis Avenue des Pyr\u00e9n\u00e9es<br \/>\n81360 MONTREDON-LABESSONNIE<\/p>\n<p><strong>Horaires<\/strong><br \/>\n<strong>&#8211; d&rsquo;Octobre \u00e0 Avril<\/strong><br \/>\nMardi, jeudi, vendredi : 10h00-13h00<br \/>\nMercredi, samedi : 10h00-13h00 &amp; 15h00-18h00<\/p>\n<p><strong>&#8211; Mai, juin, septembre<\/strong><br \/>\nMardi, jeudi, vendredi : 10h00-13h00<br \/>\nMercredi, samedi : 10h00-13h00 &amp; 15h00-18h00<br \/>\nDimanche: 10h00-13h00<\/p>\n<p><strong>&#8211; Juillet et Ao\u00fbt<\/strong><br \/>\nMardi au samedi: 10h00-13h00 &amp; 15h00-18h00<br \/>\nDimanche: 10h00-13h00<\/p>\n<p><strong>Contact<\/strong><br \/>\n<a href=\"tel:0531819561\">05 31 81 95 61<\/a><\/p>\n<\/li>\n<li style=\"display: none;\"><p><a href=\"http:\/\/cb27363e0b.url-de-test.ws\/site\/wp-content\/uploads\/2018\/10\/programmation-oct_nov_dec-2018_petite-taille.pdf\" target=\"_blank\" rel=\"noopener\"><img loading=\"lazy\" class=\"aligncenter wp-image-3457 size-medium\" title=\"Programmation Octobre, Novembre, D\u00e9cembre 2018\" src=\"http:\/\/cb27363e0b.url-de-test.ws\/site\/wp-content\/uploads\/2017\/11\/programmation-oct_nov_dec-2018_p1-338x480.jpg\" alt=\"\" width=\"338\" height=\"480\" srcset=\"http:\/\/cb27363e0b.url-de-test.ws\/site\/wp-content\/uploads\/2017\/11\/programmation-oct_nov_dec-2018_p1-338x480.jpg 338w, http:\/\/cb27363e0b.url-de-test.ws\/site\/wp-content\/uploads\/2017\/11\/programmation-oct_nov_dec-2018_p1-768x1090.jpg 768w, http:\/\/cb27363e0b.url-de-test.ws\/site\/wp-content\/uploads\/2017\/11\/programmation-oct_nov_dec-2018_p1-722x1024.jpg 722w, http:\/\/cb27363e0b.url-de-test.ws\/site\/wp-content\/uploads\/2017\/11\/programmation-oct_nov_dec-2018_p1.jpg 874w\" sizes=\"(max-width: 338px) 100vw, 338px\" \/><\/a><\/p>\n<\/li>\n<\/ul><\/div><\/div><\/div>\n<p style=\"text-align: justify;\">Ces 3 antennes permettent de dynamiser la lecture publique sur un territoire de plus de 10.000 habitants.<\/p>\n<p style=\"text-align: justify;\">A noter\u00a0:\u00a0un espace lecture vient compl\u00e9ter le r\u00e9seau. Il se situe \u00e0 Laboutari\u00e9 (local du bureau de poste)et est ouvert <strong>tous les mardis de 9h \u00e0 11h45 et de 17h45 \u00e0 19h<\/strong>.<\/p>\n<h3 style=\"text-align: justify;\">Les collections<\/h3>\n<p style=\"text-align: justify;\">Pour les secteurs adulte et jeunesse, le r\u00e9seau met \u00e0 disposition des usagers plus de 26.000 documents r\u00e9partis sur diff\u00e9rents supports\u00a0: livres, BD, CD, DVD, livres audio, livres CD, magazines, partitions. Les collections sont enrichies par les pr\u00eats de documents que la Biblioth\u00e8que D\u00e9partementale du Tarn accordent aux 3 m\u00e9diath\u00e8ques. Des \u00e9changes r\u00e9guliers de documents entre les 3 antennes et avec la BDT permettent une rotation des fonds.<br \/>\nLe r\u00e9seau acquiert environ 1500 documents suppl\u00e9mentaires chaque ann\u00e9e en veillant au bon \u00e9quilibre des collections et de leurs th\u00e9matiques.<\/p>\n<p style=\"text-align: justify;\">Pour les h\u00e9bergeurs inscrits, une malle de documents peut leur \u00eatre pr\u00eat\u00e9e pour en faire profiter leurs vacanciers.<\/p>\n<p style=\"text-align: justify;\">Pour d\u00e9couvrir toutes ces collections, un catalogue en ligne est disponible sur le site du RIME<br \/>\n<a href=\"http:\/\/rime-centretarn.c3rb.org\" target=\"_blank\" rel=\"noopener\">http:\/\/rime-centretarn.c3rb.org<\/a><br \/>\nVous pouvez \u00e9galement vous procurer le guide du lecteur, disponible \u00e0 l&rsquo;accueil des 3 m\u00e9diath\u00e8ques pour conna\u00eetre les modalit\u00e9s d&rsquo;inscription et le fonctionnement du pr\u00eat de documents.<\/p>\n<h3 style=\"text-align: justify;\">Les animations<\/h3>\n<p style=\"text-align: justify;\">Des animations r\u00e9currentes sont propos\u00e9es tout au long de l&rsquo;ann\u00e9e par les professionnels et les b\u00e9n\u00e9voles du r\u00e9seau et par des intervenants ext\u00e9rieurs.<br \/>\nLes 3 m\u00e9diath\u00e8ques accueillent r\u00e9guli\u00e8rement des \u00e9coles, des cr\u00e8ches, des centres de loisirs et proposent des temps de rencontre avec les personnes \u00e2g\u00e9es.<br \/>\nUne animation petite enfance est \u00e9galement programm\u00e9e mensuellement avec le RAM (Relais d&rsquo;Assistantes Maternelles).<br \/>\nToutes ces animations sont gratuites.<\/p>\n<h3 style=\"text-align: justify;\">La programmation culturelle<\/h3>\n<p style=\"text-align: justify;\">Le RIME propose, dans sa programmation culturelle, des spectacles pour tous les publics, des expositions, des conf\u00e9rences, des rencontres d&rsquo;auteurs, et participe \u00e0 des \u00e9v\u00e8nements locaux, d\u00e9partementaux, r\u00e9gionaux ou nationaux.<br \/>\nLes spectacles et les conf\u00e9rences viennent tr\u00e8s souvent ponctuer les th\u00e8mes abord\u00e9s dans les expositions qui peuvent mettre \u00e0 l&rsquo;honneur des artistes du territoire.<br \/>\nIl s&rsquo;associe \u00e0 des partenaires locaux pour promouvoir, le plus largement possible, la lecture publique sur le territoire Centre Tarn.<br \/>\nDes actions environnementales pour sensibiliser les publics \u00e0 une d\u00e9marche responsable viennent appuyer la programmation culturelle du r\u00e9seau des m\u00e9diath\u00e8ques.<\/p>\n<p style=\"text-align: justify;\">Pour plus d&rsquo;informations vous pouvez consulter le site internet du <a href=\"http:\/\/rime-centretarn.c3rb.org\/\" target=\"_blank\" rel=\"noopener\">R\u00e9seau Intercommunal des MEdiath\u00e8ques<\/a><\/p>\n","protected":false},"excerpt":{"rendered":"<p>Ces 3 antennes permettent de dynamiser la lecture publique sur un territoire de plus de 10.000 habitants. A noter\u00a0:\u00a0un espace lecture vient compl\u00e9ter le r\u00e9seau. Il se situe \u00e0 Laboutari\u00e9 (local du bureau de poste)et est ouvert tous les mardis de 9h \u00e0 11h45 et de 17h45 \u00e0 19h. Les collections Pour les secteurs adulte [&hellip;]<\/p>\n","protected":false},"author":1,"featured_media":1715,"parent":4,"menu_order":1,"comment_status":"closed","ping_status":"closed","template":"","meta":[],"yoast_head":"<!-- This site is optimized with the Yoast SEO plugin v18.3 - https:\/\/yoast.com\/wordpress\/plugins\/seo\/ -->\n<title>RIME (R\u00e9seau Intercommunal des M\u00c9diath\u00e8ques) - Communaut\u00e9 de Communes Centre Tarn<\/title>\n<meta name=\"robots\" content=\"noindex, follow, max-snippet:-1, max-image-preview:large, max-video-preview:-1\" \/>\n<meta property=\"og:locale\" content=\"fr_FR\" \/>\n<meta property=\"og:type\" content=\"article\" \/>\n<meta property=\"og:title\" content=\"RIME (R\u00e9seau Intercommunal des M\u00c9diath\u00e8ques) - Communaut\u00e9 de Communes Centre Tarn\" \/>\n<meta property=\"og:description\" content=\"Ces 3 antennes permettent de dynamiser la lecture publique sur un territoire de plus de 10.000 habitants. A noter\u00a0:\u00a0un espace lecture vient compl\u00e9ter le r\u00e9seau. Il se situe \u00e0 Laboutari\u00e9 (local du bureau de poste)et est ouvert tous les mardis de 9h \u00e0 11h45 et de 17h45 \u00e0 19h. Les collections Pour les secteurs adulte [&hellip;]\" \/>\n<meta property=\"og:url\" content=\"http:\/\/cb27363e0b.url-de-test.ws\/site\/culture-et-tourisme\/mediatheques\/\" \/>\n<meta property=\"og:site_name\" content=\"Communaut\u00e9 de Communes Centre Tarn\" \/>\n<meta property=\"article:publisher\" content=\"https:\/\/fr-fr.facebook.com\/centretarn\/\" \/>\n<meta property=\"article:modified_time\" content=\"2018-11-13T13:46:03+00:00\" \/>\n<meta property=\"og:image\" content=\"http:\/\/cb27363e0b.url-de-test.ws\/site\/wp-content\/uploads\/2017\/11\/RIME-1024x683.jpg\" \/>\n\t<meta property=\"og:image:width\" content=\"1024\" \/>\n\t<meta property=\"og:image:height\" content=\"683\" \/>\n\t<meta property=\"og:image:type\" content=\"image\/jpeg\" \/>\n<meta name=\"twitter:card\" content=\"summary_large_image\" \/>\n<meta name=\"twitter:label1\" content=\"Dur\u00e9e de lecture estim\u00e9e\" \/>\n\t<meta name=\"twitter:data1\" content=\"3 minutes\" \/>\n<script type=\"application\/ld+json\" class=\"yoast-schema-graph\">{\"@context\":\"https:\/\/schema.org\",\"@graph\":[{\"@type\":\"Organization\",\"@id\":\"http:\/\/cb27363e0b.url-de-test.ws\/site\/#organization\",\"name\":\"Communaut\u00e9 de Communes Centre Tarn\",\"url\":\"http:\/\/cb27363e0b.url-de-test.ws\/site\/\",\"sameAs\":[\"https:\/\/fr-fr.facebook.com\/centretarn\/\",\"https:\/\/www.youtube.com\/channel\/UCmH971jS42X98fNgJKDqb1A\"],\"logo\":{\"@type\":\"ImageObject\",\"@id\":\"http:\/\/cb27363e0b.url-de-test.ws\/site\/#logo\",\"inLanguage\":\"fr-FR\",\"url\":\"http:\/\/cb27363e0b.url-de-test.ws\/site\/wp-content\/uploads\/2018\/02\/logo-site.png\",\"contentUrl\":\"http:\/\/cb27363e0b.url-de-test.ws\/site\/wp-content\/uploads\/2018\/02\/logo-site.png\",\"width\":149,\"height\":169,\"caption\":\"Communaut\u00e9 de Communes Centre Tarn\"},\"image\":{\"@id\":\"http:\/\/cb27363e0b.url-de-test.ws\/site\/#logo\"}},{\"@type\":\"WebSite\",\"@id\":\"http:\/\/cb27363e0b.url-de-test.ws\/site\/#website\",\"url\":\"http:\/\/cb27363e0b.url-de-test.ws\/site\/\",\"name\":\"Communaut\u00e9 de Communes Centre Tarn\",\"description\":\"\",\"publisher\":{\"@id\":\"http:\/\/cb27363e0b.url-de-test.ws\/site\/#organization\"},\"potentialAction\":[{\"@type\":\"SearchAction\",\"target\":{\"@type\":\"EntryPoint\",\"urlTemplate\":\"http:\/\/cb27363e0b.url-de-test.ws\/site\/?s={search_term_string}\"},\"query-input\":\"required name=search_term_string\"}],\"inLanguage\":\"fr-FR\"},{\"@type\":\"ImageObject\",\"@id\":\"http:\/\/cb27363e0b.url-de-test.ws\/site\/culture-et-tourisme\/mediatheques\/#primaryimage\",\"inLanguage\":\"fr-FR\",\"url\":\"http:\/\/cb27363e0b.url-de-test.ws\/site\/wp-content\/uploads\/2017\/11\/RIME.jpg\",\"contentUrl\":\"http:\/\/cb27363e0b.url-de-test.ws\/site\/wp-content\/uploads\/2017\/11\/RIME.jpg\",\"width\":4272,\"height\":2848},{\"@type\":\"WebPage\",\"@id\":\"http:\/\/cb27363e0b.url-de-test.ws\/site\/culture-et-tourisme\/mediatheques\/#webpage\",\"url\":\"http:\/\/cb27363e0b.url-de-test.ws\/site\/culture-et-tourisme\/mediatheques\/\",\"name\":\"RIME (R\u00e9seau Intercommunal des M\u00c9diath\u00e8ques) - Communaut\u00e9 de Communes Centre Tarn\",\"isPartOf\":{\"@id\":\"http:\/\/cb27363e0b.url-de-test.ws\/site\/#website\"},\"primaryImageOfPage\":{\"@id\":\"http:\/\/cb27363e0b.url-de-test.ws\/site\/culture-et-tourisme\/mediatheques\/#primaryimage\"},\"datePublished\":\"2017-11-05T14:00:26+00:00\",\"dateModified\":\"2018-11-13T13:46:03+00:00\",\"breadcrumb\":{\"@id\":\"http:\/\/cb27363e0b.url-de-test.ws\/site\/culture-et-tourisme\/mediatheques\/#breadcrumb\"},\"inLanguage\":\"fr-FR\",\"potentialAction\":[{\"@type\":\"ReadAction\",\"target\":[\"http:\/\/cb27363e0b.url-de-test.ws\/site\/culture-et-tourisme\/mediatheques\/\"]}]},{\"@type\":\"BreadcrumbList\",\"@id\":\"http:\/\/cb27363e0b.url-de-test.ws\/site\/culture-et-tourisme\/mediatheques\/#breadcrumb\",\"itemListElement\":[{\"@type\":\"ListItem\",\"position\":1,\"name\":\"Accueil\",\"item\":\"http:\/\/cb27363e0b.url-de-test.ws\/site\/\"},{\"@type\":\"ListItem\",\"position\":2,\"name\":\"Culture, Sport et Tourisme\",\"item\":\"http:\/\/cb27363e0b.url-de-test.ws\/site\/culture-et-tourisme\/\"},{\"@type\":\"ListItem\",\"position\":3,\"name\":\"RIME (R\u00e9seau Intercommunal des M\u00c9diath\u00e8ques)\"}]}]}<\/script>\n<!-- \/ Yoast SEO plugin. -->","yoast_head_json":{"title":"RIME (R\u00e9seau Intercommunal des M\u00c9diath\u00e8ques) - Communaut\u00e9 de Communes Centre Tarn","robots":{"index":"noindex","follow":"follow","max-snippet":"max-snippet:-1","max-image-preview":"max-image-preview:large","max-video-preview":"max-video-preview:-1"},"og_locale":"fr_FR","og_type":"article","og_title":"RIME (R\u00e9seau Intercommunal des M\u00c9diath\u00e8ques) - Communaut\u00e9 de Communes Centre Tarn","og_description":"Ces 3 antennes permettent de dynamiser la lecture publique sur un territoire de plus de 10.000 habitants. A noter\u00a0:\u00a0un espace lecture vient compl\u00e9ter le r\u00e9seau. Il se situe \u00e0 Laboutari\u00e9 (local du bureau de poste)et est ouvert tous les mardis de 9h \u00e0 11h45 et de 17h45 \u00e0 19h. Les collections Pour les secteurs adulte [&hellip;]","og_url":"http:\/\/cb27363e0b.url-de-test.ws\/site\/culture-et-tourisme\/mediatheques\/","og_site_name":"Communaut\u00e9 de Communes Centre Tarn","article_publisher":"https:\/\/fr-fr.facebook.com\/centretarn\/","article_modified_time":"2018-11-13T13:46:03+00:00","og_image":[{"width":1024,"height":683,"url":"http:\/\/cb27363e0b.url-de-test.ws\/site\/wp-content\/uploads\/2017\/11\/RIME-1024x683.jpg","type":"image\/jpeg"}],"twitter_card":"summary_large_image","twitter_misc":{"Dur\u00e9e de lecture estim\u00e9e":"3 minutes"},"schema":{"@context":"https:\/\/schema.org","@graph":[{"@type":"Organization","@id":"http:\/\/cb27363e0b.url-de-test.ws\/site\/#organization","name":"Communaut\u00e9 de Communes Centre Tarn","url":"http:\/\/cb27363e0b.url-de-test.ws\/site\/","sameAs":["https:\/\/fr-fr.facebook.com\/centretarn\/","https:\/\/www.youtube.com\/channel\/UCmH971jS42X98fNgJKDqb1A"],"logo":{"@type":"ImageObject","@id":"http:\/\/cb27363e0b.url-de-test.ws\/site\/#logo","inLanguage":"fr-FR","url":"http:\/\/cb27363e0b.url-de-test.ws\/site\/wp-content\/uploads\/2018\/02\/logo-site.png","contentUrl":"http:\/\/cb27363e0b.url-de-test.ws\/site\/wp-content\/uploads\/2018\/02\/logo-site.png","width":149,"height":169,"caption":"Communaut\u00e9 de Communes Centre Tarn"},"image":{"@id":"http:\/\/cb27363e0b.url-de-test.ws\/site\/#logo"}},{"@type":"WebSite","@id":"http:\/\/cb27363e0b.url-de-test.ws\/site\/#website","url":"http:\/\/cb27363e0b.url-de-test.ws\/site\/","name":"Communaut\u00e9 de Communes Centre Tarn","description":"","publisher":{"@id":"http:\/\/cb27363e0b.url-de-test.ws\/site\/#organization"},"potentialAction":[{"@type":"SearchAction","target":{"@type":"EntryPoint","urlTemplate":"http:\/\/cb27363e0b.url-de-test.ws\/site\/?s={search_term_string}"},"query-input":"required name=search_term_string"}],"inLanguage":"fr-FR"},{"@type":"ImageObject","@id":"http:\/\/cb27363e0b.url-de-test.ws\/site\/culture-et-tourisme\/mediatheques\/#primaryimage","inLanguage":"fr-FR","url":"http:\/\/cb27363e0b.url-de-test.ws\/site\/wp-content\/uploads\/2017\/11\/RIME.jpg","contentUrl":"http:\/\/cb27363e0b.url-de-test.ws\/site\/wp-content\/uploads\/2017\/11\/RIME.jpg","width":4272,"height":2848},{"@type":"WebPage","@id":"http:\/\/cb27363e0b.url-de-test.ws\/site\/culture-et-tourisme\/mediatheques\/#webpage","url":"http:\/\/cb27363e0b.url-de-test.ws\/site\/culture-et-tourisme\/mediatheques\/","name":"RIME (R\u00e9seau Intercommunal des M\u00c9diath\u00e8ques) - Communaut\u00e9 de Communes Centre Tarn","isPartOf":{"@id":"http:\/\/cb27363e0b.url-de-test.ws\/site\/#website"},"primaryImageOfPage":{"@id":"http:\/\/cb27363e0b.url-de-test.ws\/site\/culture-et-tourisme\/mediatheques\/#primaryimage"},"datePublished":"2017-11-05T14:00:26+00:00","dateModified":"2018-11-13T13:46:03+00:00","breadcrumb":{"@id":"http:\/\/cb27363e0b.url-de-test.ws\/site\/culture-et-tourisme\/mediatheques\/#breadcrumb"},"inLanguage":"fr-FR","potentialAction":[{"@type":"ReadAction","target":["http:\/\/cb27363e0b.url-de-test.ws\/site\/culture-et-tourisme\/mediatheques\/"]}]},{"@type":"BreadcrumbList","@id":"http:\/\/cb27363e0b.url-de-test.ws\/site\/culture-et-tourisme\/mediatheques\/#breadcrumb","itemListElement":[{"@type":"ListItem","position":1,"name":"Accueil","item":"http:\/\/cb27363e0b.url-de-test.ws\/site\/"},{"@type":"ListItem","position":2,"name":"Culture, Sport et Tourisme","item":"http:\/\/cb27363e0b.url-de-test.ws\/site\/culture-et-tourisme\/"},{"@type":"ListItem","position":3,"name":"RIME (R\u00e9seau Intercommunal des M\u00c9diath\u00e8ques)"}]}]}},"_links":{"self":[{"href":"http:\/\/cb27363e0b.url-de-test.ws\/site\/wp-json\/wp\/v2\/pages\/239"}],"collection":[{"href":"http:\/\/cb27363e0b.url-de-test.ws\/site\/wp-json\/wp\/v2\/pages"}],"about":[{"href":"http:\/\/cb27363e0b.url-de-test.ws\/site\/wp-json\/wp\/v2\/types\/page"}],"author":[{"embeddable":true,"href":"http:\/\/cb27363e0b.url-de-test.ws\/site\/wp-json\/wp\/v2\/users\/1"}],"replies":[{"embeddable":true,"href":"http:\/\/cb27363e0b.url-de-test.ws\/site\/wp-json\/wp\/v2\/comments?post=239"}],"version-history":[{"count":33,"href":"http:\/\/cb27363e0b.url-de-test.ws\/site\/wp-json\/wp\/v2\/pages\/239\/revisions"}],"predecessor-version":[{"id":3546,"href":"http:\/\/cb27363e0b.url-de-test.ws\/site\/wp-json\/wp\/v2\/pages\/239\/revisions\/3546"}],"up":[{"embeddable":true,"href":"http:\/\/cb27363e0b.url-de-test.ws\/site\/wp-json\/wp\/v2\/pages\/4"}],"wp:featuredmedia":[{"embeddable":true,"href":"http:\/\/cb27363e0b.url-de-test.ws\/site\/wp-json\/wp\/v2\/media\/1715"}],"wp:attachment":[{"href":"http:\/\/cb27363e0b.url-de-test.ws\/site\/wp-json\/wp\/v2\/media?parent=239"}],"curies":[{"name":"wp","href":"https:\/\/api.w.org\/{rel}","templated":true}]}}