{"id":2204,"date":"2018-05-31T16:43:31","date_gmt":"2018-05-31T14:43:31","guid":{"rendered":"http:\/\/cb27363e0b.url-de-test.ws\/site\/?page_id=2204"},"modified":"2018-08-17T17:13:58","modified_gmt":"2018-08-17T15:13:58","slug":"partenariats","status":"publish","type":"page","link":"http:\/\/cb27363e0b.url-de-test.ws\/site\/vie-economique\/informations-economiques-locales\/partenariats\/","title":{"rendered":"Partenariats"},"content":{"rendered":"<div class=\"row \">\n<div class=\"col-md-4\">\n<p style=\"text-align: center;\"><strong>Chambre de Commerce et d&rsquo;Industrie<\/strong><\/p>\n<p><a href=\"https:\/\/www.tarn.cci.fr\/\" target=\"_blank\" rel=\"noopener\"><img style=\"display: inline; vertical-align: middle;\" src=\"http:\/\/cb27363e0b.url-de-test.ws\/site\/wp-content\/uploads\/2018\/05\/CCI.png\" alt=\"Logo de la Chambre de Commerce et d'Industrie du Tarn\" width=\"100%\" \/><\/a><br \/>\n<\/div>\n<div class=\"col-md-4\">\n<p style=\"text-align: center;\"><strong>Chambre de M\u00e9tiers et de l&rsquo;Artisanat<\/strong><\/p>\n<p><a href=\"http:\/\/www.cm-tarn.fr\/\" target=\"_blank\" rel=\"noopener\"><img src=\"http:\/\/cb27363e0b.url-de-test.ws\/site\/wp-content\/uploads\/2018\/05\/chambre_de_metiers.jpg\" alt=\"Logo de la Chambre de M\u00e9tiers du Tarn\" height=\"75\" \/><\/a><br \/>\n<\/div>\n<div class=\"col-md-4\">\n<p style=\"text-align: center;\"><strong>Initiative Tarn<\/strong><\/p>\n<p><a href=\"http:\/\/www.initiative-tarn.fr\/\" target=\"_blank\" rel=\"noopener\"><img class=\"aligncenter size-full wp-image-2210\" src=\"http:\/\/cb27363e0b.url-de-test.ws\/site\/wp-content\/uploads\/2018\/05\/initiative_tarn.jpg\" alt=\"Logo de Initiative Tarn\" width=\"100%\" \/><\/a><br \/>\n<\/div>\n<\/div>\n<div class=\"row \">\n<div class=\"col-md-4\">\n<p style=\"text-align: center;\"><strong>R\u00e9seau Entreprendre<\/strong><\/p>\n<p><a href=\"https:\/\/www.reseau-entreprendre.org\/tarn\/\" target=\"_blank\" rel=\"noopener\"><img src=\"http:\/\/cb27363e0b.url-de-test.ws\/site\/wp-content\/uploads\/2018\/05\/reseau_entreprendre.png\" alt=\"Logo de R\u00e9seau Entreprendre Tarn\" width=\"100%\" \/><\/a><br \/>\n<\/div>\n<div class=\"col-md-4\">\n<p style=\"text-align: center;\"><strong>D\u00e9partement du Tarn<\/strong><\/p>\n<p><a href=\"https:\/\/www.tarn.fr\" target=\"_blank\" rel=\"noopener\"><img class=\"aligncenter\" src=\"http:\/\/cb27363e0b.url-de-test.ws\/site\/wp-content\/uploads\/2018\/05\/departement.jpg\" alt=\"Logo du D\u00e9partement du Tarn\" height=\"45\" \/><\/a><br \/>\n<\/div>\n<div class=\"col-md-4\">\n<p style=\"text-align: center;\"><strong>R\u00e9gion Occitanie<\/strong><\/p>\n<p><a href=\"https:\/\/www.laregion.fr\/\" target=\"_blank\" rel=\"noopener\"><img src=\"http:\/\/cb27363e0b.url-de-test.ws\/site\/wp-content\/uploads\/2018\/05\/region.png\" alt=\"Logo de le R\u00e9gion Occitanie\" width=\"100%\" \/><\/a><br \/>\n<\/div>\n<\/div>\n<div class=\"row \">\n<div class=\"col-md-4\">\n<p style=\"text-align: center;\"><strong>P\u00f4le Territorial de l&rsquo;Albigeois et des Bastides<\/strong><\/p>\n<p><a href=\"https:\/\/www.pays-albigeois-bastides.fr\/\" target=\"_blank\" rel=\"noopener\"><img class=\"aligncenter size-full wp-image-2229\" src=\"http:\/\/cb27363e0b.url-de-test.ws\/site\/wp-content\/uploads\/2018\/05\/POLE-TERRIT-ALBIGEOIS-BASTIDES-CARRE.png\" alt=\"\" width=\"100%\" srcset=\"http:\/\/cb27363e0b.url-de-test.ws\/site\/wp-content\/uploads\/2018\/05\/POLE-TERRIT-ALBIGEOIS-BASTIDES-CARRE.png 2362w, http:\/\/cb27363e0b.url-de-test.ws\/site\/wp-content\/uploads\/2018\/05\/POLE-TERRIT-ALBIGEOIS-BASTIDES-CARRE-480x384.png 480w, http:\/\/cb27363e0b.url-de-test.ws\/site\/wp-content\/uploads\/2018\/05\/POLE-TERRIT-ALBIGEOIS-BASTIDES-CARRE-768x615.png 768w, http:\/\/cb27363e0b.url-de-test.ws\/site\/wp-content\/uploads\/2018\/05\/POLE-TERRIT-ALBIGEOIS-BASTIDES-CARRE-1024x819.png 1024w\" sizes=\"(max-width: 2362px) 100vw, 2362px\" \/><\/a><br \/>\n<\/div>\n<div class=\"col-md-4\">\n<p style=\"text-align: center;\"><strong>Pr\u00e9fecture du Tarn<\/strong><\/p>\n<p><a href=\"http:\/\/www.tarn.gouv.fr\/\" target=\"_blank\" rel=\"noopener\"><img loading=\"lazy\" class=\"aligncenter\" src=\"http:\/\/cb27363e0b.url-de-test.ws\/site\/wp-content\/uploads\/2018\/05\/prefet-departement.png\" alt=\"Logo de la Pr\u00e9fecture du Tarn\" width=\"96\" height=\"123\" \/><\/a><br \/>\n<\/div>\n<div class=\"col-md-4\">\n<p style=\"text-align: center;\"><strong>Europe en France<\/strong><\/p>\n<p><a href=\"http:\/\/www.europe-en-france.gouv.fr\/\" target=\"_blank\" rel=\"noopener\"><img loading=\"lazy\" class=\"aligncenter\" src=\"http:\/\/cb27363e0b.url-de-test.ws\/site\/wp-content\/uploads\/2018\/05\/europe.png\" alt=\"Logo du Fonds Europ\u00e9en\" width=\"268\" height=\"45\" \/><\/a><br \/>\n<\/div>\n<\/div>\n<div class=\"row \">\n<div class=\"col-md-4\">\n<p style=\"text-align: center;\"><strong>Chambre d&rsquo;Agriculture du Tarn<\/strong><\/p>\n<p><a href=\"https:\/\/tarn.chambre-agriculture.fr\/\" target=\"_blank\" rel=\"noopener\"><img loading=\"lazy\" class=\"aligncenter\" src=\"http:\/\/cb27363e0b.url-de-test.ws\/site\/wp-content\/uploads\/2018\/05\/logo_ca_tarn.jpg\" alt=\"Logo de la Chambre d'Agriculture\" width=\"176\" height=\"45\" \/><\/a><br \/>\n<\/div>\n<div class=\"col-md-4\">\n<p style=\"text-align: center;\"><strong>ADEFPAT<\/strong><\/p>\n<p><a href=\"https:\/\/www.adefpat.fr\/\" target=\"_blank\" rel=\"noopener\"><img loading=\"lazy\" class=\"aligncenter\" src=\"http:\/\/cb27363e0b.url-de-test.ws\/site\/wp-content\/uploads\/2018\/05\/adefpat.png\" alt=\"Logo ADEFPAT\" width=\"342\" height=\"45\" \/><\/a><br \/>\n<\/div>\n<div class=\"col-md-4\">\n<p style=\"text-align: center;\"><strong>DIRECCTE<\/strong><\/p>\n<p><a href=\"http:\/\/occitanie.direccte.gouv.fr\/\" target=\"_blank\" rel=\"noopener\"><img loading=\"lazy\" class=\"aligncenter wp-image-2643 size-thumbnail\" src=\"http:\/\/cb27363e0b.url-de-test.ws\/site\/wp-content\/uploads\/2018\/05\/direccte.png\" alt=\"Logo DIRECCTE\" width=\"150\" height=\"150\" \/><\/a><br \/>\n<\/div>\n<\/div>\n<div class=\"row \">\n<div class=\"col-md-4\">\n<p style=\"text-align: center;\"><strong>MAADELI<\/strong><\/p>\n<p><a href=\"https:\/\/www.madeeli.fr\/\" target=\"_blank\" rel=\"noopener\"><img loading=\"lazy\" src=\"http:\/\/cb27363e0b.url-de-test.ws\/site\/wp-content\/uploads\/2018\/05\/maadeli-480x167.png\" alt=\"Logo MAADELI\" width=\"480\" height=\"167\" class=\"aligncenter size-medium wp-image-2649\" srcset=\"http:\/\/cb27363e0b.url-de-test.ws\/site\/wp-content\/uploads\/2018\/05\/maadeli-480x167.png 480w, http:\/\/cb27363e0b.url-de-test.ws\/site\/wp-content\/uploads\/2018\/05\/maadeli.png 500w\" sizes=\"(max-width: 480px) 100vw, 480px\" \/><\/a><br \/>\n<\/div>\n<div class=\"col-md-4\">\n<p style=\"text-align: center;\"><strong>AD&rsquo;OCC<\/strong><\/p>\n<p><a href=\"https:\/\/www.agence-adocc.com\/\" target=\"_blank\" rel=\"noopener\"><img loading=\"lazy\" src=\"http:\/\/cb27363e0b.url-de-test.ws\/site\/wp-content\/uploads\/2018\/05\/adocc.jpg\" alt=\"Logo Ad&#039;Occ\" width=\"225\" height=\"225\" class=\"aligncenter size-full wp-image-2647\" srcset=\"http:\/\/cb27363e0b.url-de-test.ws\/site\/wp-content\/uploads\/2018\/05\/adocc.jpg 225w, http:\/\/cb27363e0b.url-de-test.ws\/site\/wp-content\/uploads\/2018\/05\/adocc-150x150.jpg 150w\" sizes=\"(max-width: 225px) 100vw, 225px\" \/><\/a><br \/>\n<\/div>\n<div class=\"col-md-4\">\n<p style=\"text-align: center;\"><strong>BGE<\/strong><\/p>\n<p><a href=\"http:\/\/www.creer.fr\/tarn\/\" target=\"_blank\" rel=\"noopener\"><img loading=\"lazy\" src=\"http:\/\/cb27363e0b.url-de-test.ws\/site\/wp-content\/uploads\/2018\/05\/bge-480x480.jpg\" alt=\"Logo BGE\" width=\"480\" height=\"480\" class=\"aligncenter size-medium wp-image-2648\" srcset=\"http:\/\/cb27363e0b.url-de-test.ws\/site\/wp-content\/uploads\/2018\/05\/bge-480x480.jpg 480w, http:\/\/cb27363e0b.url-de-test.ws\/site\/wp-content\/uploads\/2018\/05\/bge-150x150.jpg 150w, http:\/\/cb27363e0b.url-de-test.ws\/site\/wp-content\/uploads\/2018\/05\/bge-768x768.jpg 768w, http:\/\/cb27363e0b.url-de-test.ws\/site\/wp-content\/uploads\/2018\/05\/bge.jpg 900w\" sizes=\"(max-width: 480px) 100vw, 480px\" \/><\/a><br \/>\n<\/div>\n<\/div>\n","protected":false},"excerpt":{"rendered":"Chambre de Commerce et d'Industrie Chambre de M\u00e9tiers et de l'Artisanat Initiative Tarn R\u00e9seau Entreprendre D\u00e9partement du Tarn R\u00e9gion Occitanie P\u00f4le Territorial de l'Albigeois et des Bastides Pr\u00e9fecture du Tarn Europe en France Chambre d'Agriculture du Tarn ADEFPAT DIRECCTE MAADELI AD'OCC BGE","protected":false},"author":1,"featured_media":0,"parent":2194,"menu_order":0,"comment_status":"closed","ping_status":"closed","template":"","meta":[],"yoast_head":"<!-- This site is optimized with the Yoast SEO plugin v18.3 - https:\/\/yoast.com\/wordpress\/plugins\/seo\/ -->\n<title>Partenariats - Communaut\u00e9 de Communes Centre Tarn<\/title>\n<meta name=\"robots\" content=\"noindex, follow, max-snippet:-1, max-image-preview:large, max-video-preview:-1\" \/>\n<meta property=\"og:locale\" content=\"fr_FR\" \/>\n<meta property=\"og:type\" content=\"article\" \/>\n<meta property=\"og:title\" content=\"Partenariats - Communaut\u00e9 de Communes Centre Tarn\" \/>\n<meta property=\"og:url\" content=\"http:\/\/cb27363e0b.url-de-test.ws\/site\/vie-economique\/informations-economiques-locales\/partenariats\/\" \/>\n<meta property=\"og:site_name\" content=\"Communaut\u00e9 de Communes Centre Tarn\" \/>\n<meta property=\"article:publisher\" content=\"https:\/\/fr-fr.facebook.com\/centretarn\/\" \/>\n<meta property=\"article:modified_time\" content=\"2018-08-17T15:13:58+00:00\" \/>\n<meta property=\"og:image\" content=\"http:\/\/cb27363e0b.url-de-test.ws\/site\/wp-content\/uploads\/2018\/05\/CCI.png\" \/>\n<meta name=\"twitter:card\" content=\"summary_large_image\" \/>\n<meta name=\"twitter:label1\" content=\"Dur\u00e9e de lecture estim\u00e9e\" \/>\n\t<meta name=\"twitter:data1\" content=\"1 minute\" \/>\n<script type=\"application\/ld+json\" class=\"yoast-schema-graph\">{\"@context\":\"https:\/\/schema.org\",\"@graph\":[{\"@type\":\"Organization\",\"@id\":\"http:\/\/cb27363e0b.url-de-test.ws\/site\/#organization\",\"name\":\"Communaut\u00e9 de Communes Centre Tarn\",\"url\":\"http:\/\/cb27363e0b.url-de-test.ws\/site\/\",\"sameAs\":[\"https:\/\/fr-fr.facebook.com\/centretarn\/\",\"https:\/\/www.youtube.com\/channel\/UCmH971jS42X98fNgJKDqb1A\"],\"logo\":{\"@type\":\"ImageObject\",\"@id\":\"http:\/\/cb27363e0b.url-de-test.ws\/site\/#logo\",\"inLanguage\":\"fr-FR\",\"url\":\"http:\/\/cb27363e0b.url-de-test.ws\/site\/wp-content\/uploads\/2018\/02\/logo-site.png\",\"contentUrl\":\"http:\/\/cb27363e0b.url-de-test.ws\/site\/wp-content\/uploads\/2018\/02\/logo-site.png\",\"width\":149,\"height\":169,\"caption\":\"Communaut\u00e9 de Communes Centre Tarn\"},\"image\":{\"@id\":\"http:\/\/cb27363e0b.url-de-test.ws\/site\/#logo\"}},{\"@type\":\"WebSite\",\"@id\":\"http:\/\/cb27363e0b.url-de-test.ws\/site\/#website\",\"url\":\"http:\/\/cb27363e0b.url-de-test.ws\/site\/\",\"name\":\"Communaut\u00e9 de Communes Centre Tarn\",\"description\":\"\",\"publisher\":{\"@id\":\"http:\/\/cb27363e0b.url-de-test.ws\/site\/#organization\"},\"potentialAction\":[{\"@type\":\"SearchAction\",\"target\":{\"@type\":\"EntryPoint\",\"urlTemplate\":\"http:\/\/cb27363e0b.url-de-test.ws\/site\/?s={search_term_string}\"},\"query-input\":\"required name=search_term_string\"}],\"inLanguage\":\"fr-FR\"},{\"@type\":\"ImageObject\",\"@id\":\"http:\/\/cb27363e0b.url-de-test.ws\/site\/vie-economique\/informations-economiques-locales\/partenariats\/#primaryimage\",\"inLanguage\":\"fr-FR\",\"url\":\"http:\/\/cb27363e0b.url-de-test.ws\/site\/wp-content\/uploads\/2018\/05\/CCI.png\",\"contentUrl\":\"http:\/\/cb27363e0b.url-de-test.ws\/site\/wp-content\/uploads\/2018\/05\/CCI.png\",\"width\":359,\"height\":140,\"caption\":\"Logo de la Chambre de Commerce et d'Industrie du Tarn\"},{\"@type\":\"WebPage\",\"@id\":\"http:\/\/cb27363e0b.url-de-test.ws\/site\/vie-economique\/informations-economiques-locales\/partenariats\/#webpage\",\"url\":\"http:\/\/cb27363e0b.url-de-test.ws\/site\/vie-economique\/informations-economiques-locales\/partenariats\/\",\"name\":\"Partenariats - Communaut\u00e9 de Communes Centre Tarn\",\"isPartOf\":{\"@id\":\"http:\/\/cb27363e0b.url-de-test.ws\/site\/#website\"},\"primaryImageOfPage\":{\"@id\":\"http:\/\/cb27363e0b.url-de-test.ws\/site\/vie-economique\/informations-economiques-locales\/partenariats\/#primaryimage\"},\"datePublished\":\"2018-05-31T14:43:31+00:00\",\"dateModified\":\"2018-08-17T15:13:58+00:00\",\"breadcrumb\":{\"@id\":\"http:\/\/cb27363e0b.url-de-test.ws\/site\/vie-economique\/informations-economiques-locales\/partenariats\/#breadcrumb\"},\"inLanguage\":\"fr-FR\",\"potentialAction\":[{\"@type\":\"ReadAction\",\"target\":[\"http:\/\/cb27363e0b.url-de-test.ws\/site\/vie-economique\/informations-economiques-locales\/partenariats\/\"]}]},{\"@type\":\"BreadcrumbList\",\"@id\":\"http:\/\/cb27363e0b.url-de-test.ws\/site\/vie-economique\/informations-economiques-locales\/partenariats\/#breadcrumb\",\"itemListElement\":[{\"@type\":\"ListItem\",\"position\":1,\"name\":\"Accueil\",\"item\":\"http:\/\/cb27363e0b.url-de-test.ws\/site\/\"},{\"@type\":\"ListItem\",\"position\":2,\"name\":\"Vie \u00c9conomique\",\"item\":\"http:\/\/cb27363e0b.url-de-test.ws\/site\/vie-economique\/\"},{\"@type\":\"ListItem\",\"position\":3,\"name\":\"Informations \u00e9conomiques locales\",\"item\":\"http:\/\/cb27363e0b.url-de-test.ws\/site\/vie-economique\/informations-economiques-locales\/\"},{\"@type\":\"ListItem\",\"position\":4,\"name\":\"Partenariats\"}]}]}<\/script>\n<!-- \/ Yoast SEO plugin. -->","yoast_head_json":{"title":"Partenariats - Communaut\u00e9 de Communes Centre Tarn","robots":{"index":"noindex","follow":"follow","max-snippet":"max-snippet:-1","max-image-preview":"max-image-preview:large","max-video-preview":"max-video-preview:-1"},"og_locale":"fr_FR","og_type":"article","og_title":"Partenariats - Communaut\u00e9 de Communes Centre Tarn","og_url":"http:\/\/cb27363e0b.url-de-test.ws\/site\/vie-economique\/informations-economiques-locales\/partenariats\/","og_site_name":"Communaut\u00e9 de Communes Centre Tarn","article_publisher":"https:\/\/fr-fr.facebook.com\/centretarn\/","article_modified_time":"2018-08-17T15:13:58+00:00","og_image":[{"url":"http:\/\/cb27363e0b.url-de-test.ws\/site\/wp-content\/uploads\/2018\/05\/CCI.png"}],"twitter_card":"summary_large_image","twitter_misc":{"Dur\u00e9e de lecture estim\u00e9e":"1 minute"},"schema":{"@context":"https:\/\/schema.org","@graph":[{"@type":"Organization","@id":"http:\/\/cb27363e0b.url-de-test.ws\/site\/#organization","name":"Communaut\u00e9 de Communes Centre Tarn","url":"http:\/\/cb27363e0b.url-de-test.ws\/site\/","sameAs":["https:\/\/fr-fr.facebook.com\/centretarn\/","https:\/\/www.youtube.com\/channel\/UCmH971jS42X98fNgJKDqb1A"],"logo":{"@type":"ImageObject","@id":"http:\/\/cb27363e0b.url-de-test.ws\/site\/#logo","inLanguage":"fr-FR","url":"http:\/\/cb27363e0b.url-de-test.ws\/site\/wp-content\/uploads\/2018\/02\/logo-site.png","contentUrl":"http:\/\/cb27363e0b.url-de-test.ws\/site\/wp-content\/uploads\/2018\/02\/logo-site.png","width":149,"height":169,"caption":"Communaut\u00e9 de Communes Centre Tarn"},"image":{"@id":"http:\/\/cb27363e0b.url-de-test.ws\/site\/#logo"}},{"@type":"WebSite","@id":"http:\/\/cb27363e0b.url-de-test.ws\/site\/#website","url":"http:\/\/cb27363e0b.url-de-test.ws\/site\/","name":"Communaut\u00e9 de Communes Centre Tarn","description":"","publisher":{"@id":"http:\/\/cb27363e0b.url-de-test.ws\/site\/#organization"},"potentialAction":[{"@type":"SearchAction","target":{"@type":"EntryPoint","urlTemplate":"http:\/\/cb27363e0b.url-de-test.ws\/site\/?s={search_term_string}"},"query-input":"required name=search_term_string"}],"inLanguage":"fr-FR"},{"@type":"ImageObject","@id":"http:\/\/cb27363e0b.url-de-test.ws\/site\/vie-economique\/informations-economiques-locales\/partenariats\/#primaryimage","inLanguage":"fr-FR","url":"http:\/\/cb27363e0b.url-de-test.ws\/site\/wp-content\/uploads\/2018\/05\/CCI.png","contentUrl":"http:\/\/cb27363e0b.url-de-test.ws\/site\/wp-content\/uploads\/2018\/05\/CCI.png","width":359,"height":140,"caption":"Logo de la Chambre de Commerce et d'Industrie du Tarn"},{"@type":"WebPage","@id":"http:\/\/cb27363e0b.url-de-test.ws\/site\/vie-economique\/informations-economiques-locales\/partenariats\/#webpage","url":"http:\/\/cb27363e0b.url-de-test.ws\/site\/vie-economique\/informations-economiques-locales\/partenariats\/","name":"Partenariats - Communaut\u00e9 de Communes Centre Tarn","isPartOf":{"@id":"http:\/\/cb27363e0b.url-de-test.ws\/site\/#website"},"primaryImageOfPage":{"@id":"http:\/\/cb27363e0b.url-de-test.ws\/site\/vie-economique\/informations-economiques-locales\/partenariats\/#primaryimage"},"datePublished":"2018-05-31T14:43:31+00:00","dateModified":"2018-08-17T15:13:58+00:00","breadcrumb":{"@id":"http:\/\/cb27363e0b.url-de-test.ws\/site\/vie-economique\/informations-economiques-locales\/partenariats\/#breadcrumb"},"inLanguage":"fr-FR","potentialAction":[{"@type":"ReadAction","target":["http:\/\/cb27363e0b.url-de-test.ws\/site\/vie-economique\/informations-economiques-locales\/partenariats\/"]}]},{"@type":"BreadcrumbList","@id":"http:\/\/cb27363e0b.url-de-test.ws\/site\/vie-economique\/informations-economiques-locales\/partenariats\/#breadcrumb","itemListElement":[{"@type":"ListItem","position":1,"name":"Accueil","item":"http:\/\/cb27363e0b.url-de-test.ws\/site\/"},{"@type":"ListItem","position":2,"name":"Vie \u00c9conomique","item":"http:\/\/cb27363e0b.url-de-test.ws\/site\/vie-economique\/"},{"@type":"ListItem","position":3,"name":"Informations \u00e9conomiques locales","item":"http:\/\/cb27363e0b.url-de-test.ws\/site\/vie-economique\/informations-economiques-locales\/"},{"@type":"ListItem","position":4,"name":"Partenariats"}]}]}},"_links":{"self":[{"href":"http:\/\/cb27363e0b.url-de-test.ws\/site\/wp-json\/wp\/v2\/pages\/2204"}],"collection":[{"href":"http:\/\/cb27363e0b.url-de-test.ws\/site\/wp-json\/wp\/v2\/pages"}],"about":[{"href":"http:\/\/cb27363e0b.url-de-test.ws\/site\/wp-json\/wp\/v2\/types\/page"}],"author":[{"embeddable":true,"href":"http:\/\/cb27363e0b.url-de-test.ws\/site\/wp-json\/wp\/v2\/users\/1"}],"replies":[{"embeddable":true,"href":"http:\/\/cb27363e0b.url-de-test.ws\/site\/wp-json\/wp\/v2\/comments?post=2204"}],"version-history":[{"count":40,"href":"http:\/\/cb27363e0b.url-de-test.ws\/site\/wp-json\/wp\/v2\/pages\/2204\/revisions"}],"predecessor-version":[{"id":2653,"href":"http:\/\/cb27363e0b.url-de-test.ws\/site\/wp-json\/wp\/v2\/pages\/2204\/revisions\/2653"}],"up":[{"embeddable":true,"href":"http:\/\/cb27363e0b.url-de-test.ws\/site\/wp-json\/wp\/v2\/pages\/2194"}],"wp:attachment":[{"href":"http:\/\/cb27363e0b.url-de-test.ws\/site\/wp-json\/wp\/v2\/media?parent=2204"}],"curies":[{"name":"wp","href":"https:\/\/api.w.org\/{rel}","templated":true}]}}