{"id":2202,"date":"2018-05-31T16:40:14","date_gmt":"2018-05-31T14:40:14","guid":{"rendered":"http:\/\/cb27363e0b.url-de-test.ws\/site\/?page_id=2202"},"modified":"2018-10-02T10:15:07","modified_gmt":"2018-10-02T08:15:07","slug":"ressources-documentaires","status":"publish","type":"page","link":"http:\/\/cb27363e0b.url-de-test.ws\/site\/vie-economique\/informations-economiques-locales\/ressources-documentaires\/","title":{"rendered":"Ressources documentaires"},"content":{"rendered":"<p>La restitution du diagnostic commercial (\u00e9labor\u00e9 par la CCI du Tarn) aupr\u00e8s des commer\u00e7ants du Centre Tarn s&rsquo;est tenue le 10 juillet dernier.<\/p>\n<p>Supports de pr\u00e9sentation :<br \/>\n<a href=\"http:\/\/cb27363e0b.url-de-test.ws\/site\/wp-content\/uploads\/2018\/05\/2018-07-3CT-PresentationCommercants.pdf\" target=\"_blank\" rel=\"noopener\">Restitution du diagnostic commercial<\/a><br \/>\n<a href=\"http:\/\/cb27363e0b.url-de-test.ws\/site\/wp-content\/uploads\/2018\/05\/2018-07-3CT-PresentationCommercants.pdf\" target=\"_blank\" rel=\"noopener\">\u00c9laboration d&rsquo;une politique commerciale en Centre Tarn<\/a><\/p>\n<p>Pour rappel, ce diagnostic n&rsquo;est qu&rsquo;une premi\u00e8re \u00e9tape d&rsquo;une strat\u00e9gie commerciale qui sera d\u00e9clin\u00e9e en un plan d&rsquo;actions. Si vous \u00eates commer\u00e7ants et que vous souhaitez vous engager et participer aux ateliers de travail dont le premier est programm\u00e9 le 25 septembre prochain en nos locaux \u00e0 19h30, merci d&rsquo;adresser un courriel \u00e0 <a href=\"mailto:economie@centretarn.fr\" target=\"_blank\" rel=\"noopener\">economie@centretarn.fr<\/a> ou de contacter le 05 63 79 21 27.<\/p>\n","protected":false},"excerpt":{"rendered":"<p>La restitution du diagnostic commercial (\u00e9labor\u00e9 par la CCI du Tarn) aupr\u00e8s des commer\u00e7ants du Centre Tarn s&rsquo;est tenue le 10 juillet dernier. Supports de pr\u00e9sentation : Restitution du diagnostic commercial \u00c9laboration d&rsquo;une politique commerciale en Centre Tarn Pour rappel, ce diagnostic n&rsquo;est qu&rsquo;une premi\u00e8re \u00e9tape d&rsquo;une strat\u00e9gie commerciale qui sera d\u00e9clin\u00e9e en un plan [&hellip;]<\/p>\n","protected":false},"author":1,"featured_media":0,"parent":2194,"menu_order":0,"comment_status":"closed","ping_status":"closed","template":"","meta":[],"yoast_head":"<!-- This site is optimized with the Yoast SEO plugin v18.3 - https:\/\/yoast.com\/wordpress\/plugins\/seo\/ -->\n<title>Ressources documentaires - Communaut\u00e9 de Communes Centre Tarn<\/title>\n<meta name=\"robots\" content=\"noindex, follow, max-snippet:-1, max-image-preview:large, max-video-preview:-1\" \/>\n<meta property=\"og:locale\" content=\"fr_FR\" \/>\n<meta property=\"og:type\" content=\"article\" \/>\n<meta property=\"og:title\" content=\"Ressources documentaires - Communaut\u00e9 de Communes Centre Tarn\" \/>\n<meta property=\"og:description\" content=\"La restitution du diagnostic commercial (\u00e9labor\u00e9 par la CCI du Tarn) aupr\u00e8s des commer\u00e7ants du Centre Tarn s&rsquo;est tenue le 10 juillet dernier. Supports de pr\u00e9sentation : Restitution du diagnostic commercial \u00c9laboration d&rsquo;une politique commerciale en Centre Tarn Pour rappel, ce diagnostic n&rsquo;est qu&rsquo;une premi\u00e8re \u00e9tape d&rsquo;une strat\u00e9gie commerciale qui sera d\u00e9clin\u00e9e en un plan [&hellip;]\" \/>\n<meta property=\"og:url\" content=\"http:\/\/cb27363e0b.url-de-test.ws\/site\/vie-economique\/informations-economiques-locales\/ressources-documentaires\/\" \/>\n<meta property=\"og:site_name\" content=\"Communaut\u00e9 de Communes Centre Tarn\" \/>\n<meta property=\"article:publisher\" content=\"https:\/\/fr-fr.facebook.com\/centretarn\/\" \/>\n<meta property=\"article:modified_time\" content=\"2018-10-02T08:15:07+00:00\" \/>\n<meta name=\"twitter:card\" content=\"summary_large_image\" \/>\n<meta name=\"twitter:label1\" content=\"Dur\u00e9e de lecture estim\u00e9e\" \/>\n\t<meta name=\"twitter:data1\" content=\"1 minute\" \/>\n<script type=\"application\/ld+json\" class=\"yoast-schema-graph\">{\"@context\":\"https:\/\/schema.org\",\"@graph\":[{\"@type\":\"Organization\",\"@id\":\"http:\/\/cb27363e0b.url-de-test.ws\/site\/#organization\",\"name\":\"Communaut\u00e9 de Communes Centre Tarn\",\"url\":\"http:\/\/cb27363e0b.url-de-test.ws\/site\/\",\"sameAs\":[\"https:\/\/fr-fr.facebook.com\/centretarn\/\",\"https:\/\/www.youtube.com\/channel\/UCmH971jS42X98fNgJKDqb1A\"],\"logo\":{\"@type\":\"ImageObject\",\"@id\":\"http:\/\/cb27363e0b.url-de-test.ws\/site\/#logo\",\"inLanguage\":\"fr-FR\",\"url\":\"http:\/\/cb27363e0b.url-de-test.ws\/site\/wp-content\/uploads\/2018\/02\/logo-site.png\",\"contentUrl\":\"http:\/\/cb27363e0b.url-de-test.ws\/site\/wp-content\/uploads\/2018\/02\/logo-site.png\",\"width\":149,\"height\":169,\"caption\":\"Communaut\u00e9 de Communes Centre Tarn\"},\"image\":{\"@id\":\"http:\/\/cb27363e0b.url-de-test.ws\/site\/#logo\"}},{\"@type\":\"WebSite\",\"@id\":\"http:\/\/cb27363e0b.url-de-test.ws\/site\/#website\",\"url\":\"http:\/\/cb27363e0b.url-de-test.ws\/site\/\",\"name\":\"Communaut\u00e9 de Communes Centre Tarn\",\"description\":\"\",\"publisher\":{\"@id\":\"http:\/\/cb27363e0b.url-de-test.ws\/site\/#organization\"},\"potentialAction\":[{\"@type\":\"SearchAction\",\"target\":{\"@type\":\"EntryPoint\",\"urlTemplate\":\"http:\/\/cb27363e0b.url-de-test.ws\/site\/?s={search_term_string}\"},\"query-input\":\"required name=search_term_string\"}],\"inLanguage\":\"fr-FR\"},{\"@type\":\"WebPage\",\"@id\":\"http:\/\/cb27363e0b.url-de-test.ws\/site\/vie-economique\/informations-economiques-locales\/ressources-documentaires\/#webpage\",\"url\":\"http:\/\/cb27363e0b.url-de-test.ws\/site\/vie-economique\/informations-economiques-locales\/ressources-documentaires\/\",\"name\":\"Ressources documentaires - Communaut\u00e9 de Communes Centre Tarn\",\"isPartOf\":{\"@id\":\"http:\/\/cb27363e0b.url-de-test.ws\/site\/#website\"},\"datePublished\":\"2018-05-31T14:40:14+00:00\",\"dateModified\":\"2018-10-02T08:15:07+00:00\",\"breadcrumb\":{\"@id\":\"http:\/\/cb27363e0b.url-de-test.ws\/site\/vie-economique\/informations-economiques-locales\/ressources-documentaires\/#breadcrumb\"},\"inLanguage\":\"fr-FR\",\"potentialAction\":[{\"@type\":\"ReadAction\",\"target\":[\"http:\/\/cb27363e0b.url-de-test.ws\/site\/vie-economique\/informations-economiques-locales\/ressources-documentaires\/\"]}]},{\"@type\":\"BreadcrumbList\",\"@id\":\"http:\/\/cb27363e0b.url-de-test.ws\/site\/vie-economique\/informations-economiques-locales\/ressources-documentaires\/#breadcrumb\",\"itemListElement\":[{\"@type\":\"ListItem\",\"position\":1,\"name\":\"Accueil\",\"item\":\"http:\/\/cb27363e0b.url-de-test.ws\/site\/\"},{\"@type\":\"ListItem\",\"position\":2,\"name\":\"Vie \u00c9conomique\",\"item\":\"http:\/\/cb27363e0b.url-de-test.ws\/site\/vie-economique\/\"},{\"@type\":\"ListItem\",\"position\":3,\"name\":\"Informations \u00e9conomiques locales\",\"item\":\"http:\/\/cb27363e0b.url-de-test.ws\/site\/vie-economique\/informations-economiques-locales\/\"},{\"@type\":\"ListItem\",\"position\":4,\"name\":\"Ressources documentaires\"}]}]}<\/script>\n<!-- \/ Yoast SEO plugin. -->","yoast_head_json":{"title":"Ressources documentaires - Communaut\u00e9 de Communes Centre Tarn","robots":{"index":"noindex","follow":"follow","max-snippet":"max-snippet:-1","max-image-preview":"max-image-preview:large","max-video-preview":"max-video-preview:-1"},"og_locale":"fr_FR","og_type":"article","og_title":"Ressources documentaires - Communaut\u00e9 de Communes Centre Tarn","og_description":"La restitution du diagnostic commercial (\u00e9labor\u00e9 par la CCI du Tarn) aupr\u00e8s des commer\u00e7ants du Centre Tarn s&rsquo;est tenue le 10 juillet dernier. Supports de pr\u00e9sentation : Restitution du diagnostic commercial \u00c9laboration d&rsquo;une politique commerciale en Centre Tarn Pour rappel, ce diagnostic n&rsquo;est qu&rsquo;une premi\u00e8re \u00e9tape d&rsquo;une strat\u00e9gie commerciale qui sera d\u00e9clin\u00e9e en un plan [&hellip;]","og_url":"http:\/\/cb27363e0b.url-de-test.ws\/site\/vie-economique\/informations-economiques-locales\/ressources-documentaires\/","og_site_name":"Communaut\u00e9 de Communes Centre Tarn","article_publisher":"https:\/\/fr-fr.facebook.com\/centretarn\/","article_modified_time":"2018-10-02T08:15:07+00:00","twitter_card":"summary_large_image","twitter_misc":{"Dur\u00e9e de lecture estim\u00e9e":"1 minute"},"schema":{"@context":"https:\/\/schema.org","@graph":[{"@type":"Organization","@id":"http:\/\/cb27363e0b.url-de-test.ws\/site\/#organization","name":"Communaut\u00e9 de Communes Centre Tarn","url":"http:\/\/cb27363e0b.url-de-test.ws\/site\/","sameAs":["https:\/\/fr-fr.facebook.com\/centretarn\/","https:\/\/www.youtube.com\/channel\/UCmH971jS42X98fNgJKDqb1A"],"logo":{"@type":"ImageObject","@id":"http:\/\/cb27363e0b.url-de-test.ws\/site\/#logo","inLanguage":"fr-FR","url":"http:\/\/cb27363e0b.url-de-test.ws\/site\/wp-content\/uploads\/2018\/02\/logo-site.png","contentUrl":"http:\/\/cb27363e0b.url-de-test.ws\/site\/wp-content\/uploads\/2018\/02\/logo-site.png","width":149,"height":169,"caption":"Communaut\u00e9 de Communes Centre Tarn"},"image":{"@id":"http:\/\/cb27363e0b.url-de-test.ws\/site\/#logo"}},{"@type":"WebSite","@id":"http:\/\/cb27363e0b.url-de-test.ws\/site\/#website","url":"http:\/\/cb27363e0b.url-de-test.ws\/site\/","name":"Communaut\u00e9 de Communes Centre Tarn","description":"","publisher":{"@id":"http:\/\/cb27363e0b.url-de-test.ws\/site\/#organization"},"potentialAction":[{"@type":"SearchAction","target":{"@type":"EntryPoint","urlTemplate":"http:\/\/cb27363e0b.url-de-test.ws\/site\/?s={search_term_string}"},"query-input":"required name=search_term_string"}],"inLanguage":"fr-FR"},{"@type":"WebPage","@id":"http:\/\/cb27363e0b.url-de-test.ws\/site\/vie-economique\/informations-economiques-locales\/ressources-documentaires\/#webpage","url":"http:\/\/cb27363e0b.url-de-test.ws\/site\/vie-economique\/informations-economiques-locales\/ressources-documentaires\/","name":"Ressources documentaires - Communaut\u00e9 de Communes Centre Tarn","isPartOf":{"@id":"http:\/\/cb27363e0b.url-de-test.ws\/site\/#website"},"datePublished":"2018-05-31T14:40:14+00:00","dateModified":"2018-10-02T08:15:07+00:00","breadcrumb":{"@id":"http:\/\/cb27363e0b.url-de-test.ws\/site\/vie-economique\/informations-economiques-locales\/ressources-documentaires\/#breadcrumb"},"inLanguage":"fr-FR","potentialAction":[{"@type":"ReadAction","target":["http:\/\/cb27363e0b.url-de-test.ws\/site\/vie-economique\/informations-economiques-locales\/ressources-documentaires\/"]}]},{"@type":"BreadcrumbList","@id":"http:\/\/cb27363e0b.url-de-test.ws\/site\/vie-economique\/informations-economiques-locales\/ressources-documentaires\/#breadcrumb","itemListElement":[{"@type":"ListItem","position":1,"name":"Accueil","item":"http:\/\/cb27363e0b.url-de-test.ws\/site\/"},{"@type":"ListItem","position":2,"name":"Vie \u00c9conomique","item":"http:\/\/cb27363e0b.url-de-test.ws\/site\/vie-economique\/"},{"@type":"ListItem","position":3,"name":"Informations \u00e9conomiques locales","item":"http:\/\/cb27363e0b.url-de-test.ws\/site\/vie-economique\/informations-economiques-locales\/"},{"@type":"ListItem","position":4,"name":"Ressources documentaires"}]}]}},"_links":{"self":[{"href":"http:\/\/cb27363e0b.url-de-test.ws\/site\/wp-json\/wp\/v2\/pages\/2202"}],"collection":[{"href":"http:\/\/cb27363e0b.url-de-test.ws\/site\/wp-json\/wp\/v2\/pages"}],"about":[{"href":"http:\/\/cb27363e0b.url-de-test.ws\/site\/wp-json\/wp\/v2\/types\/page"}],"author":[{"embeddable":true,"href":"http:\/\/cb27363e0b.url-de-test.ws\/site\/wp-json\/wp\/v2\/users\/1"}],"replies":[{"embeddable":true,"href":"http:\/\/cb27363e0b.url-de-test.ws\/site\/wp-json\/wp\/v2\/comments?post=2202"}],"version-history":[{"count":5,"href":"http:\/\/cb27363e0b.url-de-test.ws\/site\/wp-json\/wp\/v2\/pages\/2202\/revisions"}],"predecessor-version":[{"id":3401,"href":"http:\/\/cb27363e0b.url-de-test.ws\/site\/wp-json\/wp\/v2\/pages\/2202\/revisions\/3401"}],"up":[{"embeddable":true,"href":"http:\/\/cb27363e0b.url-de-test.ws\/site\/wp-json\/wp\/v2\/pages\/2194"}],"wp:attachment":[{"href":"http:\/\/cb27363e0b.url-de-test.ws\/site\/wp-json\/wp\/v2\/media?parent=2202"}],"curies":[{"name":"wp","href":"https:\/\/api.w.org\/{rel}","templated":true}]}}