{"id":2197,"date":"2018-05-31T16:38:14","date_gmt":"2018-05-31T14:38:14","guid":{"rendered":"http:\/\/cb27363e0b.url-de-test.ws\/site\/?page_id=2197"},"modified":"2018-09-25T16:27:41","modified_gmt":"2018-09-25T14:27:41","slug":"activites-economiques-centre-tarn","status":"publish","type":"page","link":"http:\/\/cb27363e0b.url-de-test.ws\/site\/vie-economique\/informations-economiques-locales\/activites-economiques-centre-tarn\/","title":{"rendered":"Activit\u00e9s \u00e9conomiques en Centre Tarn"},"content":{"rendered":"<p style=\"text-align: justify;\">Le territoire Centre Tarn est caract\u00e9ris\u00e9 par :<\/p>\n<p style=\"text-align: justify;\">&#8211; une activit\u00e9 \u00e9conomique plut\u00f4t diversifi\u00e9e. Les services sont le premier secteur avec plus d\u20191\/3 des \u00e9tablissements<\/p>\n<p style=\"text-align: justify;\">&#8211; mais l\u2019industrie reste le premier pourvoyeur d\u2019emplois salari\u00e9s du territoire. On peut noter la place des activit\u00e9s \u00e0 caract\u00e8re industriel, celle li\u00e9es \u00e0 la construction ainsi que la place des activit\u00e9s de carri\u00e8res et d\u2019extraction de mat\u00e9riaux, ces derni\u00e8res sont particuli\u00e8rement pr\u00e9sentes sur le territoire de la Communaut\u00e9 de Communes.<\/p>\n<p style=\"text-align: justify;\">&#8211; le poids des activit\u00e9s agricoles ou li\u00e9es \u00e0 l\u2019agriculture nettement plus \u00e9lev\u00e9 en territoire Centre Tarn qui est presque trois fois plus important en nombre d\u2019\u00e9tablissements que dans l\u2019ensemble du territoire tarnais.<\/p>\n<p style=\"text-align: justify;\">&#8211; l\u2019anciennet\u00e9 de ce tissu d\u2019entreprises. Les dates de d\u00e9marrage de ces entreprises s\u2019\u00e9talent des ann\u00e9es 60 jusqu\u2019au seuil des ann\u00e9es 2000. La p\u00e9rennit\u00e9 de ces entreprises souvent familiales, t\u00e9moignent de leur solidit\u00e9 et r\u00e9v\u00e8le un v\u00e9ritable \u00ab\u00a0ancrage\u00a0\u00bb \u00e9conomique propre au territoire Centre Tarn.<\/p>\n<p style=\"text-align: justify;\">&#8211; une profonde restructuration de la base \u00e9conomique\u00a0entre 2000 et 2011: les emplois de la fili\u00e8re productive s&rsquo;effondre (de 54\u00a0% \u00e0 36%) au profit de la fili\u00e8re domestique (38\u00a0% \u00e0 54%), avec un ralentissement tr\u00e8s net de la cr\u00e9ation d&#8217;emplois sur la p\u00e9riode r\u00e9cente. Alors que le nombre d&#8217;emplois progressait de plus de 1 % par an avant la crise, il a stagn\u00e9 au cours de la deuxi\u00e8me moiti\u00e9 des ann\u00e9es 2000. Si l&rsquo;agro-alimentaire reste la principale fili\u00e8re pourvoyeuse d&#8217;emplois du territoire, ce secteur subit un net repli en emplois et valeur ajout\u00e9e. En revanche, on assiste \u00e0 une mont\u00e9e en puissance de l&rsquo;\u00e9conomie servicielle\u00a0: pr\u00e8s de la moiti\u00e9 de la valeur ajout\u00e9e est produite par le secteur des services marchands et non marchands.<\/p>\n<div id=\"attachment_3128\" style=\"width: 974px\" class=\"wp-caption aligncenter\"><a href=\"http:\/\/cb27363e0b.url-de-test.ws\/site\/wp-content\/uploads\/2018\/05\/Carriere_Montredon.jpg\"><img aria-describedby=\"caption-attachment-3128\" loading=\"lazy\" class=\"wp-image-3128 size-full\" src=\"http:\/\/cb27363e0b.url-de-test.ws\/site\/wp-content\/uploads\/2018\/05\/Carriere_Montredon.jpg\" alt=\"Carri\u00e8re \u00e0 Montredon-Labessonni\u00e9\" width=\"964\" height=\"542\" srcset=\"http:\/\/cb27363e0b.url-de-test.ws\/site\/wp-content\/uploads\/2018\/05\/Carriere_Montredon.jpg 964w, http:\/\/cb27363e0b.url-de-test.ws\/site\/wp-content\/uploads\/2018\/05\/Carriere_Montredon-480x270.jpg 480w, http:\/\/cb27363e0b.url-de-test.ws\/site\/wp-content\/uploads\/2018\/05\/Carriere_Montredon-768x432.jpg 768w\" sizes=\"(max-width: 964px) 100vw, 964px\" \/><\/a><p id=\"caption-attachment-3128\" class=\"wp-caption-text\">Carri\u00e8re \u00e0 Montredon-Labessonni\u00e9<\/p><\/div>\n<div class=\"c-alert-message m-info\"><i class=\"ico fa fa-info-circle\"><\/i><div class=\"alert-inner\">\nQuelques-unes des plus grosses entreprises ayant leur si\u00e8ge et exer\u00e7ant leur activit\u00e9 \u00e0 partir du territoire de la Communaut\u00e9 de Communes :<\/p>\n<p>Vente de mat\u00e9riel agricole<br \/>\nMinoterie<br \/>\nSupermarch\u00e9<br \/>\nConstruction de r\u00e9seaux pour fluides, Terrassement, Forage, G\u00e9nie civil, Assainissement<br \/>\nConstruction de routes et autoroutes<br \/>\nFabrication d&rsquo;articles en fils m\u00e9talliques, de cha\u00eenes et de ressorts<br \/>\nPharmacie<br \/>\nConstructions et Charpentes m\u00e9talliques<br \/>\nLocation, r\u00e9paration de mat\u00e9riel m\u00e9dico-chirurgical<br \/>\nTravaux de terrassement courants et travaux pr\u00e9paratoires<br \/>\nFabrication de carrosseries et remorques<br \/>\nEntreprise de terrassement, travaux de d\u00e9molition<br \/>\nCharpente m\u00e9tallique, construction et r\u00e9novation de b\u00e2timent<br \/>\n<\/div><\/div>\n","protected":false},"excerpt":{"rendered":"<p>Le territoire Centre Tarn est caract\u00e9ris\u00e9 par : &#8211; une activit\u00e9 \u00e9conomique plut\u00f4t diversifi\u00e9e. Les services sont le premier secteur avec plus d\u20191\/3 des \u00e9tablissements &#8211; mais l\u2019industrie reste le premier pourvoyeur d\u2019emplois salari\u00e9s du territoire. On peut noter la place des activit\u00e9s \u00e0 caract\u00e8re industriel, celle li\u00e9es \u00e0 la construction ainsi que la place [&hellip;]<\/p>\n","protected":false},"author":1,"featured_media":0,"parent":2194,"menu_order":0,"comment_status":"closed","ping_status":"closed","template":"","meta":[],"yoast_head":"<!-- This site is optimized with the Yoast SEO plugin v18.3 - https:\/\/yoast.com\/wordpress\/plugins\/seo\/ -->\n<title>Activit\u00e9s \u00e9conomiques en Centre Tarn - Communaut\u00e9 de Communes Centre Tarn<\/title>\n<meta name=\"robots\" content=\"noindex, follow, max-snippet:-1, max-image-preview:large, max-video-preview:-1\" \/>\n<meta property=\"og:locale\" content=\"fr_FR\" \/>\n<meta property=\"og:type\" content=\"article\" \/>\n<meta property=\"og:title\" content=\"Activit\u00e9s \u00e9conomiques en Centre Tarn - Communaut\u00e9 de Communes Centre Tarn\" \/>\n<meta property=\"og:description\" content=\"Le territoire Centre Tarn est caract\u00e9ris\u00e9 par : &#8211; une activit\u00e9 \u00e9conomique plut\u00f4t diversifi\u00e9e. Les services sont le premier secteur avec plus d\u20191\/3 des \u00e9tablissements &#8211; mais l\u2019industrie reste le premier pourvoyeur d\u2019emplois salari\u00e9s du territoire. On peut noter la place des activit\u00e9s \u00e0 caract\u00e8re industriel, celle li\u00e9es \u00e0 la construction ainsi que la place [&hellip;]\" \/>\n<meta property=\"og:url\" content=\"http:\/\/cb27363e0b.url-de-test.ws\/site\/vie-economique\/informations-economiques-locales\/activites-economiques-centre-tarn\/\" \/>\n<meta property=\"og:site_name\" content=\"Communaut\u00e9 de Communes Centre Tarn\" \/>\n<meta property=\"article:publisher\" content=\"https:\/\/fr-fr.facebook.com\/centretarn\/\" \/>\n<meta property=\"article:modified_time\" content=\"2018-09-25T14:27:41+00:00\" \/>\n<meta property=\"og:image\" content=\"http:\/\/cb27363e0b.url-de-test.ws\/site\/wp-content\/uploads\/2018\/05\/Carriere_Montredon.jpg\" \/>\n<meta name=\"twitter:card\" content=\"summary_large_image\" \/>\n<meta name=\"twitter:label1\" content=\"Dur\u00e9e de lecture estim\u00e9e\" \/>\n\t<meta name=\"twitter:data1\" content=\"2 minutes\" \/>\n<script type=\"application\/ld+json\" class=\"yoast-schema-graph\">{\"@context\":\"https:\/\/schema.org\",\"@graph\":[{\"@type\":\"Organization\",\"@id\":\"http:\/\/cb27363e0b.url-de-test.ws\/site\/#organization\",\"name\":\"Communaut\u00e9 de Communes Centre Tarn\",\"url\":\"http:\/\/cb27363e0b.url-de-test.ws\/site\/\",\"sameAs\":[\"https:\/\/fr-fr.facebook.com\/centretarn\/\",\"https:\/\/www.youtube.com\/channel\/UCmH971jS42X98fNgJKDqb1A\"],\"logo\":{\"@type\":\"ImageObject\",\"@id\":\"http:\/\/cb27363e0b.url-de-test.ws\/site\/#logo\",\"inLanguage\":\"fr-FR\",\"url\":\"http:\/\/cb27363e0b.url-de-test.ws\/site\/wp-content\/uploads\/2018\/02\/logo-site.png\",\"contentUrl\":\"http:\/\/cb27363e0b.url-de-test.ws\/site\/wp-content\/uploads\/2018\/02\/logo-site.png\",\"width\":149,\"height\":169,\"caption\":\"Communaut\u00e9 de Communes Centre Tarn\"},\"image\":{\"@id\":\"http:\/\/cb27363e0b.url-de-test.ws\/site\/#logo\"}},{\"@type\":\"WebSite\",\"@id\":\"http:\/\/cb27363e0b.url-de-test.ws\/site\/#website\",\"url\":\"http:\/\/cb27363e0b.url-de-test.ws\/site\/\",\"name\":\"Communaut\u00e9 de Communes Centre Tarn\",\"description\":\"\",\"publisher\":{\"@id\":\"http:\/\/cb27363e0b.url-de-test.ws\/site\/#organization\"},\"potentialAction\":[{\"@type\":\"SearchAction\",\"target\":{\"@type\":\"EntryPoint\",\"urlTemplate\":\"http:\/\/cb27363e0b.url-de-test.ws\/site\/?s={search_term_string}\"},\"query-input\":\"required name=search_term_string\"}],\"inLanguage\":\"fr-FR\"},{\"@type\":\"ImageObject\",\"@id\":\"http:\/\/cb27363e0b.url-de-test.ws\/site\/vie-economique\/informations-economiques-locales\/activites-economiques-centre-tarn\/#primaryimage\",\"inLanguage\":\"fr-FR\",\"url\":\"http:\/\/cb27363e0b.url-de-test.ws\/site\/wp-content\/uploads\/2018\/05\/Carriere_Montredon.jpg\",\"contentUrl\":\"http:\/\/cb27363e0b.url-de-test.ws\/site\/wp-content\/uploads\/2018\/05\/Carriere_Montredon.jpg\",\"width\":964,\"height\":542,\"caption\":\"Carri\u00e8re \u00e0 Montredon-Labessoni\u00e9\"},{\"@type\":\"WebPage\",\"@id\":\"http:\/\/cb27363e0b.url-de-test.ws\/site\/vie-economique\/informations-economiques-locales\/activites-economiques-centre-tarn\/#webpage\",\"url\":\"http:\/\/cb27363e0b.url-de-test.ws\/site\/vie-economique\/informations-economiques-locales\/activites-economiques-centre-tarn\/\",\"name\":\"Activit\u00e9s \u00e9conomiques en Centre Tarn - Communaut\u00e9 de Communes Centre Tarn\",\"isPartOf\":{\"@id\":\"http:\/\/cb27363e0b.url-de-test.ws\/site\/#website\"},\"primaryImageOfPage\":{\"@id\":\"http:\/\/cb27363e0b.url-de-test.ws\/site\/vie-economique\/informations-economiques-locales\/activites-economiques-centre-tarn\/#primaryimage\"},\"datePublished\":\"2018-05-31T14:38:14+00:00\",\"dateModified\":\"2018-09-25T14:27:41+00:00\",\"breadcrumb\":{\"@id\":\"http:\/\/cb27363e0b.url-de-test.ws\/site\/vie-economique\/informations-economiques-locales\/activites-economiques-centre-tarn\/#breadcrumb\"},\"inLanguage\":\"fr-FR\",\"potentialAction\":[{\"@type\":\"ReadAction\",\"target\":[\"http:\/\/cb27363e0b.url-de-test.ws\/site\/vie-economique\/informations-economiques-locales\/activites-economiques-centre-tarn\/\"]}]},{\"@type\":\"BreadcrumbList\",\"@id\":\"http:\/\/cb27363e0b.url-de-test.ws\/site\/vie-economique\/informations-economiques-locales\/activites-economiques-centre-tarn\/#breadcrumb\",\"itemListElement\":[{\"@type\":\"ListItem\",\"position\":1,\"name\":\"Accueil\",\"item\":\"http:\/\/cb27363e0b.url-de-test.ws\/site\/\"},{\"@type\":\"ListItem\",\"position\":2,\"name\":\"Vie \u00c9conomique\",\"item\":\"http:\/\/cb27363e0b.url-de-test.ws\/site\/vie-economique\/\"},{\"@type\":\"ListItem\",\"position\":3,\"name\":\"Informations \u00e9conomiques locales\",\"item\":\"http:\/\/cb27363e0b.url-de-test.ws\/site\/vie-economique\/informations-economiques-locales\/\"},{\"@type\":\"ListItem\",\"position\":4,\"name\":\"Activit\u00e9s \u00e9conomiques en Centre Tarn\"}]}]}<\/script>\n<!-- \/ Yoast SEO plugin. -->","yoast_head_json":{"title":"Activit\u00e9s \u00e9conomiques en Centre Tarn - Communaut\u00e9 de Communes Centre Tarn","robots":{"index":"noindex","follow":"follow","max-snippet":"max-snippet:-1","max-image-preview":"max-image-preview:large","max-video-preview":"max-video-preview:-1"},"og_locale":"fr_FR","og_type":"article","og_title":"Activit\u00e9s \u00e9conomiques en Centre Tarn - Communaut\u00e9 de Communes Centre Tarn","og_description":"Le territoire Centre Tarn est caract\u00e9ris\u00e9 par : &#8211; une activit\u00e9 \u00e9conomique plut\u00f4t diversifi\u00e9e. Les services sont le premier secteur avec plus d\u20191\/3 des \u00e9tablissements &#8211; mais l\u2019industrie reste le premier pourvoyeur d\u2019emplois salari\u00e9s du territoire. On peut noter la place des activit\u00e9s \u00e0 caract\u00e8re industriel, celle li\u00e9es \u00e0 la construction ainsi que la place [&hellip;]","og_url":"http:\/\/cb27363e0b.url-de-test.ws\/site\/vie-economique\/informations-economiques-locales\/activites-economiques-centre-tarn\/","og_site_name":"Communaut\u00e9 de Communes Centre Tarn","article_publisher":"https:\/\/fr-fr.facebook.com\/centretarn\/","article_modified_time":"2018-09-25T14:27:41+00:00","og_image":[{"url":"http:\/\/cb27363e0b.url-de-test.ws\/site\/wp-content\/uploads\/2018\/05\/Carriere_Montredon.jpg"}],"twitter_card":"summary_large_image","twitter_misc":{"Dur\u00e9e de lecture estim\u00e9e":"2 minutes"},"schema":{"@context":"https:\/\/schema.org","@graph":[{"@type":"Organization","@id":"http:\/\/cb27363e0b.url-de-test.ws\/site\/#organization","name":"Communaut\u00e9 de Communes Centre Tarn","url":"http:\/\/cb27363e0b.url-de-test.ws\/site\/","sameAs":["https:\/\/fr-fr.facebook.com\/centretarn\/","https:\/\/www.youtube.com\/channel\/UCmH971jS42X98fNgJKDqb1A"],"logo":{"@type":"ImageObject","@id":"http:\/\/cb27363e0b.url-de-test.ws\/site\/#logo","inLanguage":"fr-FR","url":"http:\/\/cb27363e0b.url-de-test.ws\/site\/wp-content\/uploads\/2018\/02\/logo-site.png","contentUrl":"http:\/\/cb27363e0b.url-de-test.ws\/site\/wp-content\/uploads\/2018\/02\/logo-site.png","width":149,"height":169,"caption":"Communaut\u00e9 de Communes Centre Tarn"},"image":{"@id":"http:\/\/cb27363e0b.url-de-test.ws\/site\/#logo"}},{"@type":"WebSite","@id":"http:\/\/cb27363e0b.url-de-test.ws\/site\/#website","url":"http:\/\/cb27363e0b.url-de-test.ws\/site\/","name":"Communaut\u00e9 de Communes Centre Tarn","description":"","publisher":{"@id":"http:\/\/cb27363e0b.url-de-test.ws\/site\/#organization"},"potentialAction":[{"@type":"SearchAction","target":{"@type":"EntryPoint","urlTemplate":"http:\/\/cb27363e0b.url-de-test.ws\/site\/?s={search_term_string}"},"query-input":"required name=search_term_string"}],"inLanguage":"fr-FR"},{"@type":"ImageObject","@id":"http:\/\/cb27363e0b.url-de-test.ws\/site\/vie-economique\/informations-economiques-locales\/activites-economiques-centre-tarn\/#primaryimage","inLanguage":"fr-FR","url":"http:\/\/cb27363e0b.url-de-test.ws\/site\/wp-content\/uploads\/2018\/05\/Carriere_Montredon.jpg","contentUrl":"http:\/\/cb27363e0b.url-de-test.ws\/site\/wp-content\/uploads\/2018\/05\/Carriere_Montredon.jpg","width":964,"height":542,"caption":"Carri\u00e8re \u00e0 Montredon-Labessoni\u00e9"},{"@type":"WebPage","@id":"http:\/\/cb27363e0b.url-de-test.ws\/site\/vie-economique\/informations-economiques-locales\/activites-economiques-centre-tarn\/#webpage","url":"http:\/\/cb27363e0b.url-de-test.ws\/site\/vie-economique\/informations-economiques-locales\/activites-economiques-centre-tarn\/","name":"Activit\u00e9s \u00e9conomiques en Centre Tarn - Communaut\u00e9 de Communes Centre Tarn","isPartOf":{"@id":"http:\/\/cb27363e0b.url-de-test.ws\/site\/#website"},"primaryImageOfPage":{"@id":"http:\/\/cb27363e0b.url-de-test.ws\/site\/vie-economique\/informations-economiques-locales\/activites-economiques-centre-tarn\/#primaryimage"},"datePublished":"2018-05-31T14:38:14+00:00","dateModified":"2018-09-25T14:27:41+00:00","breadcrumb":{"@id":"http:\/\/cb27363e0b.url-de-test.ws\/site\/vie-economique\/informations-economiques-locales\/activites-economiques-centre-tarn\/#breadcrumb"},"inLanguage":"fr-FR","potentialAction":[{"@type":"ReadAction","target":["http:\/\/cb27363e0b.url-de-test.ws\/site\/vie-economique\/informations-economiques-locales\/activites-economiques-centre-tarn\/"]}]},{"@type":"BreadcrumbList","@id":"http:\/\/cb27363e0b.url-de-test.ws\/site\/vie-economique\/informations-economiques-locales\/activites-economiques-centre-tarn\/#breadcrumb","itemListElement":[{"@type":"ListItem","position":1,"name":"Accueil","item":"http:\/\/cb27363e0b.url-de-test.ws\/site\/"},{"@type":"ListItem","position":2,"name":"Vie \u00c9conomique","item":"http:\/\/cb27363e0b.url-de-test.ws\/site\/vie-economique\/"},{"@type":"ListItem","position":3,"name":"Informations \u00e9conomiques locales","item":"http:\/\/cb27363e0b.url-de-test.ws\/site\/vie-economique\/informations-economiques-locales\/"},{"@type":"ListItem","position":4,"name":"Activit\u00e9s \u00e9conomiques en Centre Tarn"}]}]}},"_links":{"self":[{"href":"http:\/\/cb27363e0b.url-de-test.ws\/site\/wp-json\/wp\/v2\/pages\/2197"}],"collection":[{"href":"http:\/\/cb27363e0b.url-de-test.ws\/site\/wp-json\/wp\/v2\/pages"}],"about":[{"href":"http:\/\/cb27363e0b.url-de-test.ws\/site\/wp-json\/wp\/v2\/types\/page"}],"author":[{"embeddable":true,"href":"http:\/\/cb27363e0b.url-de-test.ws\/site\/wp-json\/wp\/v2\/users\/1"}],"replies":[{"embeddable":true,"href":"http:\/\/cb27363e0b.url-de-test.ws\/site\/wp-json\/wp\/v2\/comments?post=2197"}],"version-history":[{"count":11,"href":"http:\/\/cb27363e0b.url-de-test.ws\/site\/wp-json\/wp\/v2\/pages\/2197\/revisions"}],"predecessor-version":[{"id":3326,"href":"http:\/\/cb27363e0b.url-de-test.ws\/site\/wp-json\/wp\/v2\/pages\/2197\/revisions\/3326"}],"up":[{"embeddable":true,"href":"http:\/\/cb27363e0b.url-de-test.ws\/site\/wp-json\/wp\/v2\/pages\/2194"}],"wp:attachment":[{"href":"http:\/\/cb27363e0b.url-de-test.ws\/site\/wp-json\/wp\/v2\/media?parent=2197"}],"curies":[{"name":"wp","href":"https:\/\/api.w.org\/{rel}","templated":true}]}}