{"id":2182,"date":"2018-05-31T15:30:26","date_gmt":"2018-05-31T13:30:26","guid":{"rendered":"http:\/\/cb27363e0b.url-de-test.ws\/site\/?page_id=2182"},"modified":"2018-09-25T11:51:18","modified_gmt":"2018-09-25T09:51:18","slug":"visio-conference","status":"publish","type":"page","link":"http:\/\/cb27363e0b.url-de-test.ws\/site\/vie-economique\/projets-outils\/visio-conference\/","title":{"rendered":"Visio-conf\u00e9rence"},"content":{"rendered":"<p style=\"text-align: justify;\">Une salle de conf\u00e9rence de 120m\u00b2 ayant une capacit\u00e9 de 110 personnes maximum est am\u00e9nag\u00e9e au sein de l&rsquo;Espace Intercommunal Centre Tarn \u00e0 R\u00e9almont et accueille de nombreuses associations, entreprises ou institutions dans le cadre de r\u00e9unions de travail, de journ\u00e9es de formation, d&rsquo;assembl\u00e9e g\u00e9n\u00e9rale, &#8230; Cet espace peut se scinder en 3 salles permettant de recevoir de 16 \u00e0 40 personnes pour des s\u00e9ances de travail.<\/p>\n<p style=\"text-align: justify;\">La construction et l&rsquo;am\u00e9nagement int\u00e9rieur de cet \u00e9quipement lui conf\u00e8rent une grande qualit\u00e9 acoustique, compl\u00e9t\u00e9e par les mat\u00e9riels indispensables \u00e0 l&rsquo;organisation d\u2019\u00e9v\u00e9nements (r\u00e9unions, spectacles, &#8230;) tels qu\u2019une connexion Internet haut d\u00e9bit, des micros et vid\u00e9oprojecteurs ainsi qu\u2019un syst\u00e8me de <strong>visioconf\u00e9rence<\/strong>.<\/p>\n<p style=\"text-align: justify;\">Son utilisation quotidienne t\u00e9moigne de la r\u00e9ussite de sa conception.<br \/>\nPour toute r\u00e9servation, remplissez le <a href=\"http:\/\/cb27363e0b.url-de-test.ws\/site\/reservations\/\">formulaire<\/a> ou contactez le <a href=\"tel:0563792127\">05 63 79 21 27<\/a><\/p>\n<div class=\"row \">\n<div class=\"col-md-4\">\n<a href=\"http:\/\/cb27363e0b.url-de-test.ws\/site\/wp-content\/uploads\/2018\/05\/salle_reunion1.jpg\"><img src=\"http:\/\/cb27363e0b.url-de-test.ws\/site\/wp-content\/uploads\/2018\/05\/salle_reunion1.jpg\" alt=\"Image de la salle de r\u00e9union\" width=\"100%\" \/><\/a><br \/>\n<\/div>\n<div class=\"col-md-4\">\n<a href=\"http:\/\/cb27363e0b.url-de-test.ws\/site\/wp-content\/uploads\/2018\/05\/salle_reunion2.jpg\"><img src=\"http:\/\/cb27363e0b.url-de-test.ws\/site\/wp-content\/uploads\/2018\/05\/salle_reunion2.jpg\" alt=\"Image de la salle de r\u00e9union\" width=\"100%\" \/><\/a><br \/>\n<\/div>\n<div class=\"col-md-4\">\n<a href=\"http:\/\/cb27363e0b.url-de-test.ws\/site\/wp-content\/uploads\/2018\/05\/salle_reunion3.jpg\"><img src=\"http:\/\/cb27363e0b.url-de-test.ws\/site\/wp-content\/uploads\/2018\/05\/salle_reunion3.jpg\" alt=\"Image de la salle de r\u00e9union\" width=\"100%\" \/><\/a><br \/>\n<\/div>\n<\/div>\n","protected":false},"excerpt":{"rendered":"<p>Une salle de conf\u00e9rence de 120m\u00b2 ayant une capacit\u00e9 de 110 personnes maximum est am\u00e9nag\u00e9e au sein de l&rsquo;Espace Intercommunal Centre Tarn \u00e0 R\u00e9almont et accueille de nombreuses associations, entreprises ou institutions dans le cadre de r\u00e9unions de travail, de journ\u00e9es de formation, d&rsquo;assembl\u00e9e g\u00e9n\u00e9rale, &#8230; Cet espace peut se scinder en 3 salles permettant [&hellip;]<\/p>\n","protected":false},"author":1,"featured_media":0,"parent":2168,"menu_order":0,"comment_status":"closed","ping_status":"closed","template":"","meta":[],"yoast_head":"<!-- This site is optimized with the Yoast SEO plugin v18.3 - https:\/\/yoast.com\/wordpress\/plugins\/seo\/ -->\n<title>Visio-conf\u00e9rence - Communaut\u00e9 de Communes Centre Tarn<\/title>\n<meta name=\"robots\" content=\"noindex, follow, max-snippet:-1, max-image-preview:large, max-video-preview:-1\" \/>\n<meta property=\"og:locale\" content=\"fr_FR\" \/>\n<meta property=\"og:type\" content=\"article\" \/>\n<meta property=\"og:title\" content=\"Visio-conf\u00e9rence - Communaut\u00e9 de Communes Centre Tarn\" \/>\n<meta property=\"og:description\" content=\"Une salle de conf\u00e9rence de 120m\u00b2 ayant une capacit\u00e9 de 110 personnes maximum est am\u00e9nag\u00e9e au sein de l&rsquo;Espace Intercommunal Centre Tarn \u00e0 R\u00e9almont et accueille de nombreuses associations, entreprises ou institutions dans le cadre de r\u00e9unions de travail, de journ\u00e9es de formation, d&rsquo;assembl\u00e9e g\u00e9n\u00e9rale, &#8230; Cet espace peut se scinder en 3 salles permettant [&hellip;]\" \/>\n<meta property=\"og:url\" content=\"http:\/\/cb27363e0b.url-de-test.ws\/site\/vie-economique\/projets-outils\/visio-conference\/\" \/>\n<meta property=\"og:site_name\" content=\"Communaut\u00e9 de Communes Centre Tarn\" \/>\n<meta property=\"article:publisher\" content=\"https:\/\/fr-fr.facebook.com\/centretarn\/\" \/>\n<meta property=\"article:modified_time\" content=\"2018-09-25T09:51:18+00:00\" \/>\n<meta property=\"og:image\" content=\"http:\/\/cb27363e0b.url-de-test.ws\/site\/wp-content\/uploads\/2018\/05\/salle_reunion1.jpg\" \/>\n<meta name=\"twitter:card\" content=\"summary_large_image\" \/>\n<meta name=\"twitter:label1\" content=\"Dur\u00e9e de lecture estim\u00e9e\" \/>\n\t<meta name=\"twitter:data1\" content=\"1 minute\" \/>\n<script type=\"application\/ld+json\" class=\"yoast-schema-graph\">{\"@context\":\"https:\/\/schema.org\",\"@graph\":[{\"@type\":\"Organization\",\"@id\":\"http:\/\/cb27363e0b.url-de-test.ws\/site\/#organization\",\"name\":\"Communaut\u00e9 de Communes Centre Tarn\",\"url\":\"http:\/\/cb27363e0b.url-de-test.ws\/site\/\",\"sameAs\":[\"https:\/\/fr-fr.facebook.com\/centretarn\/\",\"https:\/\/www.youtube.com\/channel\/UCmH971jS42X98fNgJKDqb1A\"],\"logo\":{\"@type\":\"ImageObject\",\"@id\":\"http:\/\/cb27363e0b.url-de-test.ws\/site\/#logo\",\"inLanguage\":\"fr-FR\",\"url\":\"http:\/\/cb27363e0b.url-de-test.ws\/site\/wp-content\/uploads\/2018\/02\/logo-site.png\",\"contentUrl\":\"http:\/\/cb27363e0b.url-de-test.ws\/site\/wp-content\/uploads\/2018\/02\/logo-site.png\",\"width\":149,\"height\":169,\"caption\":\"Communaut\u00e9 de Communes Centre Tarn\"},\"image\":{\"@id\":\"http:\/\/cb27363e0b.url-de-test.ws\/site\/#logo\"}},{\"@type\":\"WebSite\",\"@id\":\"http:\/\/cb27363e0b.url-de-test.ws\/site\/#website\",\"url\":\"http:\/\/cb27363e0b.url-de-test.ws\/site\/\",\"name\":\"Communaut\u00e9 de Communes Centre Tarn\",\"description\":\"\",\"publisher\":{\"@id\":\"http:\/\/cb27363e0b.url-de-test.ws\/site\/#organization\"},\"potentialAction\":[{\"@type\":\"SearchAction\",\"target\":{\"@type\":\"EntryPoint\",\"urlTemplate\":\"http:\/\/cb27363e0b.url-de-test.ws\/site\/?s={search_term_string}\"},\"query-input\":\"required name=search_term_string\"}],\"inLanguage\":\"fr-FR\"},{\"@type\":\"ImageObject\",\"@id\":\"http:\/\/cb27363e0b.url-de-test.ws\/site\/vie-economique\/projets-outils\/visio-conference\/#primaryimage\",\"inLanguage\":\"fr-FR\",\"url\":\"http:\/\/cb27363e0b.url-de-test.ws\/site\/wp-content\/uploads\/2018\/05\/salle_reunion1.jpg\",\"contentUrl\":\"http:\/\/cb27363e0b.url-de-test.ws\/site\/wp-content\/uploads\/2018\/05\/salle_reunion1.jpg\",\"width\":900,\"height\":600,\"caption\":\"Image de la salle de r\u00e9union\"},{\"@type\":\"WebPage\",\"@id\":\"http:\/\/cb27363e0b.url-de-test.ws\/site\/vie-economique\/projets-outils\/visio-conference\/#webpage\",\"url\":\"http:\/\/cb27363e0b.url-de-test.ws\/site\/vie-economique\/projets-outils\/visio-conference\/\",\"name\":\"Visio-conf\u00e9rence - Communaut\u00e9 de Communes Centre Tarn\",\"isPartOf\":{\"@id\":\"http:\/\/cb27363e0b.url-de-test.ws\/site\/#website\"},\"primaryImageOfPage\":{\"@id\":\"http:\/\/cb27363e0b.url-de-test.ws\/site\/vie-economique\/projets-outils\/visio-conference\/#primaryimage\"},\"datePublished\":\"2018-05-31T13:30:26+00:00\",\"dateModified\":\"2018-09-25T09:51:18+00:00\",\"breadcrumb\":{\"@id\":\"http:\/\/cb27363e0b.url-de-test.ws\/site\/vie-economique\/projets-outils\/visio-conference\/#breadcrumb\"},\"inLanguage\":\"fr-FR\",\"potentialAction\":[{\"@type\":\"ReadAction\",\"target\":[\"http:\/\/cb27363e0b.url-de-test.ws\/site\/vie-economique\/projets-outils\/visio-conference\/\"]}]},{\"@type\":\"BreadcrumbList\",\"@id\":\"http:\/\/cb27363e0b.url-de-test.ws\/site\/vie-economique\/projets-outils\/visio-conference\/#breadcrumb\",\"itemListElement\":[{\"@type\":\"ListItem\",\"position\":1,\"name\":\"Accueil\",\"item\":\"http:\/\/cb27363e0b.url-de-test.ws\/site\/\"},{\"@type\":\"ListItem\",\"position\":2,\"name\":\"Vie \u00c9conomique\",\"item\":\"http:\/\/cb27363e0b.url-de-test.ws\/site\/vie-economique\/\"},{\"@type\":\"ListItem\",\"position\":3,\"name\":\"Projets et Outils\",\"item\":\"http:\/\/cb27363e0b.url-de-test.ws\/site\/vie-economique\/projets-outils\/\"},{\"@type\":\"ListItem\",\"position\":4,\"name\":\"Visio-conf\u00e9rence\"}]}]}<\/script>\n<!-- \/ Yoast SEO plugin. -->","yoast_head_json":{"title":"Visio-conf\u00e9rence - Communaut\u00e9 de Communes Centre Tarn","robots":{"index":"noindex","follow":"follow","max-snippet":"max-snippet:-1","max-image-preview":"max-image-preview:large","max-video-preview":"max-video-preview:-1"},"og_locale":"fr_FR","og_type":"article","og_title":"Visio-conf\u00e9rence - Communaut\u00e9 de Communes Centre Tarn","og_description":"Une salle de conf\u00e9rence de 120m\u00b2 ayant une capacit\u00e9 de 110 personnes maximum est am\u00e9nag\u00e9e au sein de l&rsquo;Espace Intercommunal Centre Tarn \u00e0 R\u00e9almont et accueille de nombreuses associations, entreprises ou institutions dans le cadre de r\u00e9unions de travail, de journ\u00e9es de formation, d&rsquo;assembl\u00e9e g\u00e9n\u00e9rale, &#8230; Cet espace peut se scinder en 3 salles permettant [&hellip;]","og_url":"http:\/\/cb27363e0b.url-de-test.ws\/site\/vie-economique\/projets-outils\/visio-conference\/","og_site_name":"Communaut\u00e9 de Communes Centre Tarn","article_publisher":"https:\/\/fr-fr.facebook.com\/centretarn\/","article_modified_time":"2018-09-25T09:51:18+00:00","og_image":[{"url":"http:\/\/cb27363e0b.url-de-test.ws\/site\/wp-content\/uploads\/2018\/05\/salle_reunion1.jpg"}],"twitter_card":"summary_large_image","twitter_misc":{"Dur\u00e9e de lecture estim\u00e9e":"1 minute"},"schema":{"@context":"https:\/\/schema.org","@graph":[{"@type":"Organization","@id":"http:\/\/cb27363e0b.url-de-test.ws\/site\/#organization","name":"Communaut\u00e9 de Communes Centre Tarn","url":"http:\/\/cb27363e0b.url-de-test.ws\/site\/","sameAs":["https:\/\/fr-fr.facebook.com\/centretarn\/","https:\/\/www.youtube.com\/channel\/UCmH971jS42X98fNgJKDqb1A"],"logo":{"@type":"ImageObject","@id":"http:\/\/cb27363e0b.url-de-test.ws\/site\/#logo","inLanguage":"fr-FR","url":"http:\/\/cb27363e0b.url-de-test.ws\/site\/wp-content\/uploads\/2018\/02\/logo-site.png","contentUrl":"http:\/\/cb27363e0b.url-de-test.ws\/site\/wp-content\/uploads\/2018\/02\/logo-site.png","width":149,"height":169,"caption":"Communaut\u00e9 de Communes Centre Tarn"},"image":{"@id":"http:\/\/cb27363e0b.url-de-test.ws\/site\/#logo"}},{"@type":"WebSite","@id":"http:\/\/cb27363e0b.url-de-test.ws\/site\/#website","url":"http:\/\/cb27363e0b.url-de-test.ws\/site\/","name":"Communaut\u00e9 de Communes Centre Tarn","description":"","publisher":{"@id":"http:\/\/cb27363e0b.url-de-test.ws\/site\/#organization"},"potentialAction":[{"@type":"SearchAction","target":{"@type":"EntryPoint","urlTemplate":"http:\/\/cb27363e0b.url-de-test.ws\/site\/?s={search_term_string}"},"query-input":"required name=search_term_string"}],"inLanguage":"fr-FR"},{"@type":"ImageObject","@id":"http:\/\/cb27363e0b.url-de-test.ws\/site\/vie-economique\/projets-outils\/visio-conference\/#primaryimage","inLanguage":"fr-FR","url":"http:\/\/cb27363e0b.url-de-test.ws\/site\/wp-content\/uploads\/2018\/05\/salle_reunion1.jpg","contentUrl":"http:\/\/cb27363e0b.url-de-test.ws\/site\/wp-content\/uploads\/2018\/05\/salle_reunion1.jpg","width":900,"height":600,"caption":"Image de la salle de r\u00e9union"},{"@type":"WebPage","@id":"http:\/\/cb27363e0b.url-de-test.ws\/site\/vie-economique\/projets-outils\/visio-conference\/#webpage","url":"http:\/\/cb27363e0b.url-de-test.ws\/site\/vie-economique\/projets-outils\/visio-conference\/","name":"Visio-conf\u00e9rence - Communaut\u00e9 de Communes Centre Tarn","isPartOf":{"@id":"http:\/\/cb27363e0b.url-de-test.ws\/site\/#website"},"primaryImageOfPage":{"@id":"http:\/\/cb27363e0b.url-de-test.ws\/site\/vie-economique\/projets-outils\/visio-conference\/#primaryimage"},"datePublished":"2018-05-31T13:30:26+00:00","dateModified":"2018-09-25T09:51:18+00:00","breadcrumb":{"@id":"http:\/\/cb27363e0b.url-de-test.ws\/site\/vie-economique\/projets-outils\/visio-conference\/#breadcrumb"},"inLanguage":"fr-FR","potentialAction":[{"@type":"ReadAction","target":["http:\/\/cb27363e0b.url-de-test.ws\/site\/vie-economique\/projets-outils\/visio-conference\/"]}]},{"@type":"BreadcrumbList","@id":"http:\/\/cb27363e0b.url-de-test.ws\/site\/vie-economique\/projets-outils\/visio-conference\/#breadcrumb","itemListElement":[{"@type":"ListItem","position":1,"name":"Accueil","item":"http:\/\/cb27363e0b.url-de-test.ws\/site\/"},{"@type":"ListItem","position":2,"name":"Vie \u00c9conomique","item":"http:\/\/cb27363e0b.url-de-test.ws\/site\/vie-economique\/"},{"@type":"ListItem","position":3,"name":"Projets et Outils","item":"http:\/\/cb27363e0b.url-de-test.ws\/site\/vie-economique\/projets-outils\/"},{"@type":"ListItem","position":4,"name":"Visio-conf\u00e9rence"}]}]}},"_links":{"self":[{"href":"http:\/\/cb27363e0b.url-de-test.ws\/site\/wp-json\/wp\/v2\/pages\/2182"}],"collection":[{"href":"http:\/\/cb27363e0b.url-de-test.ws\/site\/wp-json\/wp\/v2\/pages"}],"about":[{"href":"http:\/\/cb27363e0b.url-de-test.ws\/site\/wp-json\/wp\/v2\/types\/page"}],"author":[{"embeddable":true,"href":"http:\/\/cb27363e0b.url-de-test.ws\/site\/wp-json\/wp\/v2\/users\/1"}],"replies":[{"embeddable":true,"href":"http:\/\/cb27363e0b.url-de-test.ws\/site\/wp-json\/wp\/v2\/comments?post=2182"}],"version-history":[{"count":7,"href":"http:\/\/cb27363e0b.url-de-test.ws\/site\/wp-json\/wp\/v2\/pages\/2182\/revisions"}],"predecessor-version":[{"id":3275,"href":"http:\/\/cb27363e0b.url-de-test.ws\/site\/wp-json\/wp\/v2\/pages\/2182\/revisions\/3275"}],"up":[{"embeddable":true,"href":"http:\/\/cb27363e0b.url-de-test.ws\/site\/wp-json\/wp\/v2\/pages\/2168"}],"wp:attachment":[{"href":"http:\/\/cb27363e0b.url-de-test.ws\/site\/wp-json\/wp\/v2\/media?parent=2182"}],"curies":[{"name":"wp","href":"https:\/\/api.w.org\/{rel}","templated":true}]}}