{"id":2178,"date":"2018-05-31T15:27:41","date_gmt":"2018-05-31T13:27:41","guid":{"rendered":"http:\/\/cb27363e0b.url-de-test.ws\/site\/?page_id=2178"},"modified":"2018-09-25T11:48:50","modified_gmt":"2018-09-25T09:48:50","slug":"signaletique","status":"publish","type":"page","link":"http:\/\/cb27363e0b.url-de-test.ws\/site\/vie-economique\/projets-outils\/signaletique\/","title":{"rendered":"Signal\u00e9tique"},"content":{"rendered":"<p style=\"text-align: justify;\">La signal\u00e9tique des sites et activit\u00e9s touristiques, \u00e9conomiques et de services constitue un besoin essentiel pour les professionnels, particuliers et touristes du territoire Centre Tarn, mais repr\u00e9sente \u00e9galement un enjeu pour l&rsquo;image et l&rsquo;attractivit\u00e9.<\/p>\n<p style=\"text-align: justify;\">La Communaut\u00e9 de Communes Centre Tarn a donc souhait\u00e9 travailler, en partenariat avec le P\u00f4le Territorial Albigeois Bastides, \u00e0 la mise en place d&rsquo;une nouvelle signal\u00e9tique dont les objectifs principaux sont\u00a0:<\/p>\n<p style=\"text-align: justify;\">&#8211; d\u2019\u00eatre un \u00e9l\u00e9ment facilitateur d\u2019acc\u00e8s et de connaissance des activit\u00e9s du territoire,<br \/>\n&#8211; de constituer un \u00e9l\u00e9ment d\u2019influence directe sur la perception qualitative du territoire Centre Tarn.<\/p>\n<p style=\"text-align: justify;\">Sur la base d\u2019un diagnostic de la signal\u00e9tique, une charte formalisant la strat\u00e9gie de signal\u00e9tique locale a \u00e9t\u00e9 \u00e9labor\u00e9e. Il s\u2019agit d\u2019un sch\u00e9ma directeur d\u00e9crivant commune par commune les projets d&rsquo;implantation de ladite signal\u00e9tique. Ce travail est en cours d\u2019\u00e9laboration.<\/p>\n","protected":false},"excerpt":{"rendered":"<p>La signal\u00e9tique des sites et activit\u00e9s touristiques, \u00e9conomiques et de services constitue un besoin essentiel pour les professionnels, particuliers et touristes du territoire Centre Tarn, mais repr\u00e9sente \u00e9galement un enjeu pour l&rsquo;image et l&rsquo;attractivit\u00e9. La Communaut\u00e9 de Communes Centre Tarn a donc souhait\u00e9 travailler, en partenariat avec le P\u00f4le Territorial Albigeois Bastides, \u00e0 la mise [&hellip;]<\/p>\n","protected":false},"author":1,"featured_media":0,"parent":2168,"menu_order":0,"comment_status":"closed","ping_status":"closed","template":"","meta":[],"yoast_head":"<!-- This site is optimized with the Yoast SEO plugin v18.3 - https:\/\/yoast.com\/wordpress\/plugins\/seo\/ -->\n<title>Signal\u00e9tique - Communaut\u00e9 de Communes Centre Tarn<\/title>\n<meta name=\"robots\" content=\"noindex, follow, max-snippet:-1, max-image-preview:large, max-video-preview:-1\" \/>\n<meta property=\"og:locale\" content=\"fr_FR\" \/>\n<meta property=\"og:type\" content=\"article\" \/>\n<meta property=\"og:title\" content=\"Signal\u00e9tique - Communaut\u00e9 de Communes Centre Tarn\" \/>\n<meta property=\"og:description\" content=\"La signal\u00e9tique des sites et activit\u00e9s touristiques, \u00e9conomiques et de services constitue un besoin essentiel pour les professionnels, particuliers et touristes du territoire Centre Tarn, mais repr\u00e9sente \u00e9galement un enjeu pour l&rsquo;image et l&rsquo;attractivit\u00e9. La Communaut\u00e9 de Communes Centre Tarn a donc souhait\u00e9 travailler, en partenariat avec le P\u00f4le Territorial Albigeois Bastides, \u00e0 la mise [&hellip;]\" \/>\n<meta property=\"og:url\" content=\"http:\/\/cb27363e0b.url-de-test.ws\/site\/vie-economique\/projets-outils\/signaletique\/\" \/>\n<meta property=\"og:site_name\" content=\"Communaut\u00e9 de Communes Centre Tarn\" \/>\n<meta property=\"article:publisher\" content=\"https:\/\/fr-fr.facebook.com\/centretarn\/\" \/>\n<meta property=\"article:modified_time\" content=\"2018-09-25T09:48:50+00:00\" \/>\n<meta name=\"twitter:card\" content=\"summary_large_image\" \/>\n<meta name=\"twitter:label1\" content=\"Dur\u00e9e de lecture estim\u00e9e\" \/>\n\t<meta name=\"twitter:data1\" content=\"1 minute\" \/>\n<script type=\"application\/ld+json\" class=\"yoast-schema-graph\">{\"@context\":\"https:\/\/schema.org\",\"@graph\":[{\"@type\":\"Organization\",\"@id\":\"http:\/\/cb27363e0b.url-de-test.ws\/site\/#organization\",\"name\":\"Communaut\u00e9 de Communes Centre Tarn\",\"url\":\"http:\/\/cb27363e0b.url-de-test.ws\/site\/\",\"sameAs\":[\"https:\/\/fr-fr.facebook.com\/centretarn\/\",\"https:\/\/www.youtube.com\/channel\/UCmH971jS42X98fNgJKDqb1A\"],\"logo\":{\"@type\":\"ImageObject\",\"@id\":\"http:\/\/cb27363e0b.url-de-test.ws\/site\/#logo\",\"inLanguage\":\"fr-FR\",\"url\":\"http:\/\/cb27363e0b.url-de-test.ws\/site\/wp-content\/uploads\/2018\/02\/logo-site.png\",\"contentUrl\":\"http:\/\/cb27363e0b.url-de-test.ws\/site\/wp-content\/uploads\/2018\/02\/logo-site.png\",\"width\":149,\"height\":169,\"caption\":\"Communaut\u00e9 de Communes Centre Tarn\"},\"image\":{\"@id\":\"http:\/\/cb27363e0b.url-de-test.ws\/site\/#logo\"}},{\"@type\":\"WebSite\",\"@id\":\"http:\/\/cb27363e0b.url-de-test.ws\/site\/#website\",\"url\":\"http:\/\/cb27363e0b.url-de-test.ws\/site\/\",\"name\":\"Communaut\u00e9 de Communes Centre Tarn\",\"description\":\"\",\"publisher\":{\"@id\":\"http:\/\/cb27363e0b.url-de-test.ws\/site\/#organization\"},\"potentialAction\":[{\"@type\":\"SearchAction\",\"target\":{\"@type\":\"EntryPoint\",\"urlTemplate\":\"http:\/\/cb27363e0b.url-de-test.ws\/site\/?s={search_term_string}\"},\"query-input\":\"required name=search_term_string\"}],\"inLanguage\":\"fr-FR\"},{\"@type\":\"WebPage\",\"@id\":\"http:\/\/cb27363e0b.url-de-test.ws\/site\/vie-economique\/projets-outils\/signaletique\/#webpage\",\"url\":\"http:\/\/cb27363e0b.url-de-test.ws\/site\/vie-economique\/projets-outils\/signaletique\/\",\"name\":\"Signal\u00e9tique - Communaut\u00e9 de Communes Centre Tarn\",\"isPartOf\":{\"@id\":\"http:\/\/cb27363e0b.url-de-test.ws\/site\/#website\"},\"datePublished\":\"2018-05-31T13:27:41+00:00\",\"dateModified\":\"2018-09-25T09:48:50+00:00\",\"breadcrumb\":{\"@id\":\"http:\/\/cb27363e0b.url-de-test.ws\/site\/vie-economique\/projets-outils\/signaletique\/#breadcrumb\"},\"inLanguage\":\"fr-FR\",\"potentialAction\":[{\"@type\":\"ReadAction\",\"target\":[\"http:\/\/cb27363e0b.url-de-test.ws\/site\/vie-economique\/projets-outils\/signaletique\/\"]}]},{\"@type\":\"BreadcrumbList\",\"@id\":\"http:\/\/cb27363e0b.url-de-test.ws\/site\/vie-economique\/projets-outils\/signaletique\/#breadcrumb\",\"itemListElement\":[{\"@type\":\"ListItem\",\"position\":1,\"name\":\"Accueil\",\"item\":\"http:\/\/cb27363e0b.url-de-test.ws\/site\/\"},{\"@type\":\"ListItem\",\"position\":2,\"name\":\"Vie \u00c9conomique\",\"item\":\"http:\/\/cb27363e0b.url-de-test.ws\/site\/vie-economique\/\"},{\"@type\":\"ListItem\",\"position\":3,\"name\":\"Projets et Outils\",\"item\":\"http:\/\/cb27363e0b.url-de-test.ws\/site\/vie-economique\/projets-outils\/\"},{\"@type\":\"ListItem\",\"position\":4,\"name\":\"Signal\u00e9tique\"}]}]}<\/script>\n<!-- \/ Yoast SEO plugin. -->","yoast_head_json":{"title":"Signal\u00e9tique - Communaut\u00e9 de Communes Centre Tarn","robots":{"index":"noindex","follow":"follow","max-snippet":"max-snippet:-1","max-image-preview":"max-image-preview:large","max-video-preview":"max-video-preview:-1"},"og_locale":"fr_FR","og_type":"article","og_title":"Signal\u00e9tique - Communaut\u00e9 de Communes Centre Tarn","og_description":"La signal\u00e9tique des sites et activit\u00e9s touristiques, \u00e9conomiques et de services constitue un besoin essentiel pour les professionnels, particuliers et touristes du territoire Centre Tarn, mais repr\u00e9sente \u00e9galement un enjeu pour l&rsquo;image et l&rsquo;attractivit\u00e9. La Communaut\u00e9 de Communes Centre Tarn a donc souhait\u00e9 travailler, en partenariat avec le P\u00f4le Territorial Albigeois Bastides, \u00e0 la mise [&hellip;]","og_url":"http:\/\/cb27363e0b.url-de-test.ws\/site\/vie-economique\/projets-outils\/signaletique\/","og_site_name":"Communaut\u00e9 de Communes Centre Tarn","article_publisher":"https:\/\/fr-fr.facebook.com\/centretarn\/","article_modified_time":"2018-09-25T09:48:50+00:00","twitter_card":"summary_large_image","twitter_misc":{"Dur\u00e9e de lecture estim\u00e9e":"1 minute"},"schema":{"@context":"https:\/\/schema.org","@graph":[{"@type":"Organization","@id":"http:\/\/cb27363e0b.url-de-test.ws\/site\/#organization","name":"Communaut\u00e9 de Communes Centre Tarn","url":"http:\/\/cb27363e0b.url-de-test.ws\/site\/","sameAs":["https:\/\/fr-fr.facebook.com\/centretarn\/","https:\/\/www.youtube.com\/channel\/UCmH971jS42X98fNgJKDqb1A"],"logo":{"@type":"ImageObject","@id":"http:\/\/cb27363e0b.url-de-test.ws\/site\/#logo","inLanguage":"fr-FR","url":"http:\/\/cb27363e0b.url-de-test.ws\/site\/wp-content\/uploads\/2018\/02\/logo-site.png","contentUrl":"http:\/\/cb27363e0b.url-de-test.ws\/site\/wp-content\/uploads\/2018\/02\/logo-site.png","width":149,"height":169,"caption":"Communaut\u00e9 de Communes Centre Tarn"},"image":{"@id":"http:\/\/cb27363e0b.url-de-test.ws\/site\/#logo"}},{"@type":"WebSite","@id":"http:\/\/cb27363e0b.url-de-test.ws\/site\/#website","url":"http:\/\/cb27363e0b.url-de-test.ws\/site\/","name":"Communaut\u00e9 de Communes Centre Tarn","description":"","publisher":{"@id":"http:\/\/cb27363e0b.url-de-test.ws\/site\/#organization"},"potentialAction":[{"@type":"SearchAction","target":{"@type":"EntryPoint","urlTemplate":"http:\/\/cb27363e0b.url-de-test.ws\/site\/?s={search_term_string}"},"query-input":"required name=search_term_string"}],"inLanguage":"fr-FR"},{"@type":"WebPage","@id":"http:\/\/cb27363e0b.url-de-test.ws\/site\/vie-economique\/projets-outils\/signaletique\/#webpage","url":"http:\/\/cb27363e0b.url-de-test.ws\/site\/vie-economique\/projets-outils\/signaletique\/","name":"Signal\u00e9tique - Communaut\u00e9 de Communes Centre Tarn","isPartOf":{"@id":"http:\/\/cb27363e0b.url-de-test.ws\/site\/#website"},"datePublished":"2018-05-31T13:27:41+00:00","dateModified":"2018-09-25T09:48:50+00:00","breadcrumb":{"@id":"http:\/\/cb27363e0b.url-de-test.ws\/site\/vie-economique\/projets-outils\/signaletique\/#breadcrumb"},"inLanguage":"fr-FR","potentialAction":[{"@type":"ReadAction","target":["http:\/\/cb27363e0b.url-de-test.ws\/site\/vie-economique\/projets-outils\/signaletique\/"]}]},{"@type":"BreadcrumbList","@id":"http:\/\/cb27363e0b.url-de-test.ws\/site\/vie-economique\/projets-outils\/signaletique\/#breadcrumb","itemListElement":[{"@type":"ListItem","position":1,"name":"Accueil","item":"http:\/\/cb27363e0b.url-de-test.ws\/site\/"},{"@type":"ListItem","position":2,"name":"Vie \u00c9conomique","item":"http:\/\/cb27363e0b.url-de-test.ws\/site\/vie-economique\/"},{"@type":"ListItem","position":3,"name":"Projets et Outils","item":"http:\/\/cb27363e0b.url-de-test.ws\/site\/vie-economique\/projets-outils\/"},{"@type":"ListItem","position":4,"name":"Signal\u00e9tique"}]}]}},"_links":{"self":[{"href":"http:\/\/cb27363e0b.url-de-test.ws\/site\/wp-json\/wp\/v2\/pages\/2178"}],"collection":[{"href":"http:\/\/cb27363e0b.url-de-test.ws\/site\/wp-json\/wp\/v2\/pages"}],"about":[{"href":"http:\/\/cb27363e0b.url-de-test.ws\/site\/wp-json\/wp\/v2\/types\/page"}],"author":[{"embeddable":true,"href":"http:\/\/cb27363e0b.url-de-test.ws\/site\/wp-json\/wp\/v2\/users\/1"}],"replies":[{"embeddable":true,"href":"http:\/\/cb27363e0b.url-de-test.ws\/site\/wp-json\/wp\/v2\/comments?post=2178"}],"version-history":[{"count":4,"href":"http:\/\/cb27363e0b.url-de-test.ws\/site\/wp-json\/wp\/v2\/pages\/2178\/revisions"}],"predecessor-version":[{"id":3273,"href":"http:\/\/cb27363e0b.url-de-test.ws\/site\/wp-json\/wp\/v2\/pages\/2178\/revisions\/3273"}],"up":[{"embeddable":true,"href":"http:\/\/cb27363e0b.url-de-test.ws\/site\/wp-json\/wp\/v2\/pages\/2168"}],"wp:attachment":[{"href":"http:\/\/cb27363e0b.url-de-test.ws\/site\/wp-json\/wp\/v2\/media?parent=2178"}],"curies":[{"name":"wp","href":"https:\/\/api.w.org\/{rel}","templated":true}]}}