{"id":2176,"date":"2018-05-31T15:26:03","date_gmt":"2018-05-31T13:26:03","guid":{"rendered":"http:\/\/cb27363e0b.url-de-test.ws\/site\/?page_id=2176"},"modified":"2018-09-25T11:47:30","modified_gmt":"2018-09-25T09:47:30","slug":"haut-debit","status":"publish","type":"page","link":"http:\/\/cb27363e0b.url-de-test.ws\/site\/vie-economique\/projets-outils\/haut-debit\/","title":{"rendered":"Haut d\u00e9bit"},"content":{"rendered":"<p style=\"text-align: justify;\">Le Tr\u00e8s Haut D\u00e9bit est une n\u00e9cessit\u00e9 pour tous\u00a0! Particuliers, acteurs \u00e9conomiques et institutionnels.<\/p>\n<p style=\"text-align: justify;\">Le d\u00e9ploiement du tr\u00e8s haut d\u00e9bit est un enjeu majeur d\u2019am\u00e9nagement du territoire. Il va engager la comp\u00e9titivit\u00e9 des entreprises (des secteurs industriel, commercial, agricole, touristique\u2026) et l&rsquo;attractivit\u00e9 des territoires de mani\u00e8re durable.<\/p>\n<p style=\"text-align: justify;\">Pour r\u00e9pondre aux besoins en termes de d\u00e9bit qui seront g\u00e9n\u00e9r\u00e9s par les futurs services internet, il est n\u00e9cessaire de mettre en place des infrastructures nouvelles plus performantes prenant le relais des lignes de cuivre du r\u00e9seau t\u00e9l\u00e9phonique. Cela repr\u00e9sente des investissements consid\u00e9rables particuli\u00e8rement sur le territoire Centre Tarn o\u00f9 l&rsquo;habitat dispers\u00e9 engendre des lin\u00e9aires de r\u00e9seaux importants.<\/p>\n<p style=\"text-align: justify;\">Face \u00e0 ces enjeux \u00e9conomiques et sociaux, la Communaut\u00e9 de Communes affirme une politique volontariste pour r\u00e9duire la fracture num\u00e9rique sur son territoire. Le d\u00e9ploiement du tr\u00e8s haut d\u00e9bit pour tous constituera ces prochaines ann\u00e9es l\u2019un des plus grands chantiers d\u2019infrastructure \u00e0 r\u00e9aliser.<\/p>\n<p style=\"text-align: justify;\">Pour cela, la Communaut\u00e9 de Communes s\u2019engage, aux c\u00f4t\u00e9s du D\u00e9partement, dans la construction d\u2019un R\u00e9seau d\u2019Initiative Publique afin de proposer \u00e0 l\u2019ensemble de la population locale une connexion Internet de qualit\u00e9.<\/p>\n<p style=\"text-align: justify;\">En 2018, deux mont\u00e9es en d\u00e9bit du r\u00e9seau existant seront r\u00e9alis\u00e9es sur les secteurs de Ronel et de Sieurac.<\/p>\n","protected":false},"excerpt":{"rendered":"<p>Le Tr\u00e8s Haut D\u00e9bit est une n\u00e9cessit\u00e9 pour tous\u00a0! Particuliers, acteurs \u00e9conomiques et institutionnels. Le d\u00e9ploiement du tr\u00e8s haut d\u00e9bit est un enjeu majeur d\u2019am\u00e9nagement du territoire. Il va engager la comp\u00e9titivit\u00e9 des entreprises (des secteurs industriel, commercial, agricole, touristique\u2026) et l&rsquo;attractivit\u00e9 des territoires de mani\u00e8re durable. Pour r\u00e9pondre aux besoins en termes de d\u00e9bit [&hellip;]<\/p>\n","protected":false},"author":1,"featured_media":0,"parent":2168,"menu_order":0,"comment_status":"closed","ping_status":"closed","template":"","meta":[],"yoast_head":"<!-- This site is optimized with the Yoast SEO plugin v18.3 - https:\/\/yoast.com\/wordpress\/plugins\/seo\/ -->\n<title>Haut d\u00e9bit - Communaut\u00e9 de Communes Centre Tarn<\/title>\n<meta name=\"robots\" content=\"noindex, follow, max-snippet:-1, max-image-preview:large, max-video-preview:-1\" \/>\n<meta property=\"og:locale\" content=\"fr_FR\" \/>\n<meta property=\"og:type\" content=\"article\" \/>\n<meta property=\"og:title\" content=\"Haut d\u00e9bit - Communaut\u00e9 de Communes Centre Tarn\" \/>\n<meta property=\"og:description\" content=\"Le Tr\u00e8s Haut D\u00e9bit est une n\u00e9cessit\u00e9 pour tous\u00a0! Particuliers, acteurs \u00e9conomiques et institutionnels. Le d\u00e9ploiement du tr\u00e8s haut d\u00e9bit est un enjeu majeur d\u2019am\u00e9nagement du territoire. Il va engager la comp\u00e9titivit\u00e9 des entreprises (des secteurs industriel, commercial, agricole, touristique\u2026) et l&rsquo;attractivit\u00e9 des territoires de mani\u00e8re durable. Pour r\u00e9pondre aux besoins en termes de d\u00e9bit [&hellip;]\" \/>\n<meta property=\"og:url\" content=\"http:\/\/cb27363e0b.url-de-test.ws\/site\/vie-economique\/projets-outils\/haut-debit\/\" \/>\n<meta property=\"og:site_name\" content=\"Communaut\u00e9 de Communes Centre Tarn\" \/>\n<meta property=\"article:publisher\" content=\"https:\/\/fr-fr.facebook.com\/centretarn\/\" \/>\n<meta property=\"article:modified_time\" content=\"2018-09-25T09:47:30+00:00\" \/>\n<meta name=\"twitter:card\" content=\"summary_large_image\" \/>\n<meta name=\"twitter:label1\" content=\"Dur\u00e9e de lecture estim\u00e9e\" \/>\n\t<meta name=\"twitter:data1\" content=\"1 minute\" \/>\n<script type=\"application\/ld+json\" class=\"yoast-schema-graph\">{\"@context\":\"https:\/\/schema.org\",\"@graph\":[{\"@type\":\"Organization\",\"@id\":\"http:\/\/cb27363e0b.url-de-test.ws\/site\/#organization\",\"name\":\"Communaut\u00e9 de Communes Centre Tarn\",\"url\":\"http:\/\/cb27363e0b.url-de-test.ws\/site\/\",\"sameAs\":[\"https:\/\/fr-fr.facebook.com\/centretarn\/\",\"https:\/\/www.youtube.com\/channel\/UCmH971jS42X98fNgJKDqb1A\"],\"logo\":{\"@type\":\"ImageObject\",\"@id\":\"http:\/\/cb27363e0b.url-de-test.ws\/site\/#logo\",\"inLanguage\":\"fr-FR\",\"url\":\"http:\/\/cb27363e0b.url-de-test.ws\/site\/wp-content\/uploads\/2018\/02\/logo-site.png\",\"contentUrl\":\"http:\/\/cb27363e0b.url-de-test.ws\/site\/wp-content\/uploads\/2018\/02\/logo-site.png\",\"width\":149,\"height\":169,\"caption\":\"Communaut\u00e9 de Communes Centre Tarn\"},\"image\":{\"@id\":\"http:\/\/cb27363e0b.url-de-test.ws\/site\/#logo\"}},{\"@type\":\"WebSite\",\"@id\":\"http:\/\/cb27363e0b.url-de-test.ws\/site\/#website\",\"url\":\"http:\/\/cb27363e0b.url-de-test.ws\/site\/\",\"name\":\"Communaut\u00e9 de Communes Centre Tarn\",\"description\":\"\",\"publisher\":{\"@id\":\"http:\/\/cb27363e0b.url-de-test.ws\/site\/#organization\"},\"potentialAction\":[{\"@type\":\"SearchAction\",\"target\":{\"@type\":\"EntryPoint\",\"urlTemplate\":\"http:\/\/cb27363e0b.url-de-test.ws\/site\/?s={search_term_string}\"},\"query-input\":\"required name=search_term_string\"}],\"inLanguage\":\"fr-FR\"},{\"@type\":\"WebPage\",\"@id\":\"http:\/\/cb27363e0b.url-de-test.ws\/site\/vie-economique\/projets-outils\/haut-debit\/#webpage\",\"url\":\"http:\/\/cb27363e0b.url-de-test.ws\/site\/vie-economique\/projets-outils\/haut-debit\/\",\"name\":\"Haut d\u00e9bit - Communaut\u00e9 de Communes Centre Tarn\",\"isPartOf\":{\"@id\":\"http:\/\/cb27363e0b.url-de-test.ws\/site\/#website\"},\"datePublished\":\"2018-05-31T13:26:03+00:00\",\"dateModified\":\"2018-09-25T09:47:30+00:00\",\"breadcrumb\":{\"@id\":\"http:\/\/cb27363e0b.url-de-test.ws\/site\/vie-economique\/projets-outils\/haut-debit\/#breadcrumb\"},\"inLanguage\":\"fr-FR\",\"potentialAction\":[{\"@type\":\"ReadAction\",\"target\":[\"http:\/\/cb27363e0b.url-de-test.ws\/site\/vie-economique\/projets-outils\/haut-debit\/\"]}]},{\"@type\":\"BreadcrumbList\",\"@id\":\"http:\/\/cb27363e0b.url-de-test.ws\/site\/vie-economique\/projets-outils\/haut-debit\/#breadcrumb\",\"itemListElement\":[{\"@type\":\"ListItem\",\"position\":1,\"name\":\"Accueil\",\"item\":\"http:\/\/cb27363e0b.url-de-test.ws\/site\/\"},{\"@type\":\"ListItem\",\"position\":2,\"name\":\"Vie \u00c9conomique\",\"item\":\"http:\/\/cb27363e0b.url-de-test.ws\/site\/vie-economique\/\"},{\"@type\":\"ListItem\",\"position\":3,\"name\":\"Projets et Outils\",\"item\":\"http:\/\/cb27363e0b.url-de-test.ws\/site\/vie-economique\/projets-outils\/\"},{\"@type\":\"ListItem\",\"position\":4,\"name\":\"Haut d\u00e9bit\"}]}]}<\/script>\n<!-- \/ Yoast SEO plugin. -->","yoast_head_json":{"title":"Haut d\u00e9bit - Communaut\u00e9 de Communes Centre Tarn","robots":{"index":"noindex","follow":"follow","max-snippet":"max-snippet:-1","max-image-preview":"max-image-preview:large","max-video-preview":"max-video-preview:-1"},"og_locale":"fr_FR","og_type":"article","og_title":"Haut d\u00e9bit - Communaut\u00e9 de Communes Centre Tarn","og_description":"Le Tr\u00e8s Haut D\u00e9bit est une n\u00e9cessit\u00e9 pour tous\u00a0! Particuliers, acteurs \u00e9conomiques et institutionnels. Le d\u00e9ploiement du tr\u00e8s haut d\u00e9bit est un enjeu majeur d\u2019am\u00e9nagement du territoire. Il va engager la comp\u00e9titivit\u00e9 des entreprises (des secteurs industriel, commercial, agricole, touristique\u2026) et l&rsquo;attractivit\u00e9 des territoires de mani\u00e8re durable. Pour r\u00e9pondre aux besoins en termes de d\u00e9bit [&hellip;]","og_url":"http:\/\/cb27363e0b.url-de-test.ws\/site\/vie-economique\/projets-outils\/haut-debit\/","og_site_name":"Communaut\u00e9 de Communes Centre Tarn","article_publisher":"https:\/\/fr-fr.facebook.com\/centretarn\/","article_modified_time":"2018-09-25T09:47:30+00:00","twitter_card":"summary_large_image","twitter_misc":{"Dur\u00e9e de lecture estim\u00e9e":"1 minute"},"schema":{"@context":"https:\/\/schema.org","@graph":[{"@type":"Organization","@id":"http:\/\/cb27363e0b.url-de-test.ws\/site\/#organization","name":"Communaut\u00e9 de Communes Centre Tarn","url":"http:\/\/cb27363e0b.url-de-test.ws\/site\/","sameAs":["https:\/\/fr-fr.facebook.com\/centretarn\/","https:\/\/www.youtube.com\/channel\/UCmH971jS42X98fNgJKDqb1A"],"logo":{"@type":"ImageObject","@id":"http:\/\/cb27363e0b.url-de-test.ws\/site\/#logo","inLanguage":"fr-FR","url":"http:\/\/cb27363e0b.url-de-test.ws\/site\/wp-content\/uploads\/2018\/02\/logo-site.png","contentUrl":"http:\/\/cb27363e0b.url-de-test.ws\/site\/wp-content\/uploads\/2018\/02\/logo-site.png","width":149,"height":169,"caption":"Communaut\u00e9 de Communes Centre Tarn"},"image":{"@id":"http:\/\/cb27363e0b.url-de-test.ws\/site\/#logo"}},{"@type":"WebSite","@id":"http:\/\/cb27363e0b.url-de-test.ws\/site\/#website","url":"http:\/\/cb27363e0b.url-de-test.ws\/site\/","name":"Communaut\u00e9 de Communes Centre Tarn","description":"","publisher":{"@id":"http:\/\/cb27363e0b.url-de-test.ws\/site\/#organization"},"potentialAction":[{"@type":"SearchAction","target":{"@type":"EntryPoint","urlTemplate":"http:\/\/cb27363e0b.url-de-test.ws\/site\/?s={search_term_string}"},"query-input":"required name=search_term_string"}],"inLanguage":"fr-FR"},{"@type":"WebPage","@id":"http:\/\/cb27363e0b.url-de-test.ws\/site\/vie-economique\/projets-outils\/haut-debit\/#webpage","url":"http:\/\/cb27363e0b.url-de-test.ws\/site\/vie-economique\/projets-outils\/haut-debit\/","name":"Haut d\u00e9bit - Communaut\u00e9 de Communes Centre Tarn","isPartOf":{"@id":"http:\/\/cb27363e0b.url-de-test.ws\/site\/#website"},"datePublished":"2018-05-31T13:26:03+00:00","dateModified":"2018-09-25T09:47:30+00:00","breadcrumb":{"@id":"http:\/\/cb27363e0b.url-de-test.ws\/site\/vie-economique\/projets-outils\/haut-debit\/#breadcrumb"},"inLanguage":"fr-FR","potentialAction":[{"@type":"ReadAction","target":["http:\/\/cb27363e0b.url-de-test.ws\/site\/vie-economique\/projets-outils\/haut-debit\/"]}]},{"@type":"BreadcrumbList","@id":"http:\/\/cb27363e0b.url-de-test.ws\/site\/vie-economique\/projets-outils\/haut-debit\/#breadcrumb","itemListElement":[{"@type":"ListItem","position":1,"name":"Accueil","item":"http:\/\/cb27363e0b.url-de-test.ws\/site\/"},{"@type":"ListItem","position":2,"name":"Vie \u00c9conomique","item":"http:\/\/cb27363e0b.url-de-test.ws\/site\/vie-economique\/"},{"@type":"ListItem","position":3,"name":"Projets et Outils","item":"http:\/\/cb27363e0b.url-de-test.ws\/site\/vie-economique\/projets-outils\/"},{"@type":"ListItem","position":4,"name":"Haut d\u00e9bit"}]}]}},"_links":{"self":[{"href":"http:\/\/cb27363e0b.url-de-test.ws\/site\/wp-json\/wp\/v2\/pages\/2176"}],"collection":[{"href":"http:\/\/cb27363e0b.url-de-test.ws\/site\/wp-json\/wp\/v2\/pages"}],"about":[{"href":"http:\/\/cb27363e0b.url-de-test.ws\/site\/wp-json\/wp\/v2\/types\/page"}],"author":[{"embeddable":true,"href":"http:\/\/cb27363e0b.url-de-test.ws\/site\/wp-json\/wp\/v2\/users\/1"}],"replies":[{"embeddable":true,"href":"http:\/\/cb27363e0b.url-de-test.ws\/site\/wp-json\/wp\/v2\/comments?post=2176"}],"version-history":[{"count":4,"href":"http:\/\/cb27363e0b.url-de-test.ws\/site\/wp-json\/wp\/v2\/pages\/2176\/revisions"}],"predecessor-version":[{"id":3271,"href":"http:\/\/cb27363e0b.url-de-test.ws\/site\/wp-json\/wp\/v2\/pages\/2176\/revisions\/3271"}],"up":[{"embeddable":true,"href":"http:\/\/cb27363e0b.url-de-test.ws\/site\/wp-json\/wp\/v2\/pages\/2168"}],"wp:attachment":[{"href":"http:\/\/cb27363e0b.url-de-test.ws\/site\/wp-json\/wp\/v2\/media?parent=2176"}],"curies":[{"name":"wp","href":"https:\/\/api.w.org\/{rel}","templated":true}]}}