{"id":2171,"date":"2018-05-30T17:57:03","date_gmt":"2018-05-30T15:57:03","guid":{"rendered":"http:\/\/cb27363e0b.url-de-test.ws\/site\/?page_id=2171"},"modified":"2018-09-25T11:46:49","modified_gmt":"2018-09-25T09:46:49","slug":"atelier-decoupe-transformation","status":"publish","type":"page","link":"http:\/\/cb27363e0b.url-de-test.ws\/site\/vie-economique\/projets-outils\/atelier-decoupe-transformation\/","title":{"rendered":"Atelier de d\u00e9coupe et transformation"},"content":{"rendered":"<p style=\"text-align: justify;\">L\u2019atelier de d\u00e9coupe et de transformation de viande (implant\u00e9 sur la zone d\u2019activit\u00e9 \u00e9conomique \u00e0 Laboutari\u00e9) est un outil qui a \u00e9t\u00e9 port\u00e9 par la Communaut\u00e9 de Communes Centre Tarn. Il est au service des producteurs qui ont fait le choix de la vente directe et qui souhaitent d\u00e9couper et transformer leur production en garantissant ainsi au mieux la ma\u00eetrise de la fili\u00e8re.<\/p>\n<p style=\"text-align: justify;\">Cet atelier \u00e0 taille humaine d\u2019environ 400 m\u00b2 est g\u00e9r\u00e9 par un groupe de pr\u00e8s de 60 \u00e9leveurs qui se sont constitu\u00e9s en CUMA. Il transforme \u00e0 ce jour plus de 120 tonnes de viande par an.<\/p>\n<p><a href=\"http:\/\/cb27363e0b.url-de-test.ws\/site\/wp-content\/uploads\/2018\/05\/atelier-decoupe.jpg\"><img loading=\"lazy\" class=\"aligncenter size-full wp-image-2174\" src=\"http:\/\/cb27363e0b.url-de-test.ws\/site\/wp-content\/uploads\/2018\/05\/atelier-decoupe.jpg\" alt=\"Atelier de d\u00e9coupe et transformation\" width=\"900\" height=\"600\" srcset=\"http:\/\/cb27363e0b.url-de-test.ws\/site\/wp-content\/uploads\/2018\/05\/atelier-decoupe.jpg 900w, http:\/\/cb27363e0b.url-de-test.ws\/site\/wp-content\/uploads\/2018\/05\/atelier-decoupe-480x320.jpg 480w, http:\/\/cb27363e0b.url-de-test.ws\/site\/wp-content\/uploads\/2018\/05\/atelier-decoupe-768x512.jpg 768w\" sizes=\"(max-width: 900px) 100vw, 900px\" \/><\/a><br \/>\nUn atelier port\u00e9 par la Communaut\u00e9 de Communes Centre Tarn au service des \u00e9leveurs.<br \/>\nContact\u00a0: Madame Marl\u00e8ne PUECH, Pr\u00e9sidente de la CUMA L&rsquo;ATELIER, au <a href=\"tel:0680337802\">06 80 33 78 02<\/a><br \/>\n<a href=\"http:\/\/cb27363e0b.url-de-test.ws\/site\/wp-content\/uploads\/2018\/05\/flyer_cuma-compressor.png\"><img loading=\"lazy\" class=\"aligncenter size-medium wp-image-2323\" src=\"http:\/\/cb27363e0b.url-de-test.ws\/site\/wp-content\/uploads\/2018\/05\/flyer_cuma-compressor-338x480.png\" alt=\"Flyer de l'Atelier\" width=\"338\" height=\"480\" srcset=\"http:\/\/cb27363e0b.url-de-test.ws\/site\/wp-content\/uploads\/2018\/05\/flyer_cuma-compressor-338x480.png 338w, http:\/\/cb27363e0b.url-de-test.ws\/site\/wp-content\/uploads\/2018\/05\/flyer_cuma-compressor.png 524w\" sizes=\"(max-width: 338px) 100vw, 338px\" \/><\/a><\/p>\n","protected":false},"excerpt":{"rendered":"<p>L\u2019atelier de d\u00e9coupe et de transformation de viande (implant\u00e9 sur la zone d\u2019activit\u00e9 \u00e9conomique \u00e0 Laboutari\u00e9) est un outil qui a \u00e9t\u00e9 port\u00e9 par la Communaut\u00e9 de Communes Centre Tarn. Il est au service des producteurs qui ont fait le choix de la vente directe et qui souhaitent d\u00e9couper et transformer leur production en garantissant [&hellip;]<\/p>\n","protected":false},"author":1,"featured_media":0,"parent":2168,"menu_order":0,"comment_status":"closed","ping_status":"closed","template":"","meta":[],"yoast_head":"<!-- This site is optimized with the Yoast SEO plugin v18.3 - https:\/\/yoast.com\/wordpress\/plugins\/seo\/ -->\n<title>Atelier de d\u00e9coupe et transformation - Communaut\u00e9 de Communes Centre Tarn<\/title>\n<meta name=\"robots\" content=\"noindex, follow, max-snippet:-1, max-image-preview:large, max-video-preview:-1\" \/>\n<meta property=\"og:locale\" content=\"fr_FR\" \/>\n<meta property=\"og:type\" content=\"article\" \/>\n<meta property=\"og:title\" content=\"Atelier de d\u00e9coupe et transformation - Communaut\u00e9 de Communes Centre Tarn\" \/>\n<meta property=\"og:description\" content=\"L\u2019atelier de d\u00e9coupe et de transformation de viande (implant\u00e9 sur la zone d\u2019activit\u00e9 \u00e9conomique \u00e0 Laboutari\u00e9) est un outil qui a \u00e9t\u00e9 port\u00e9 par la Communaut\u00e9 de Communes Centre Tarn. Il est au service des producteurs qui ont fait le choix de la vente directe et qui souhaitent d\u00e9couper et transformer leur production en garantissant [&hellip;]\" \/>\n<meta property=\"og:url\" content=\"http:\/\/cb27363e0b.url-de-test.ws\/site\/vie-economique\/projets-outils\/atelier-decoupe-transformation\/\" \/>\n<meta property=\"og:site_name\" content=\"Communaut\u00e9 de Communes Centre Tarn\" \/>\n<meta property=\"article:publisher\" content=\"https:\/\/fr-fr.facebook.com\/centretarn\/\" \/>\n<meta property=\"article:modified_time\" content=\"2018-09-25T09:46:49+00:00\" \/>\n<meta property=\"og:image\" content=\"http:\/\/cb27363e0b.url-de-test.ws\/site\/wp-content\/uploads\/2018\/05\/atelier-decoupe.jpg\" \/>\n<meta name=\"twitter:card\" content=\"summary_large_image\" \/>\n<meta name=\"twitter:label1\" content=\"Dur\u00e9e de lecture estim\u00e9e\" \/>\n\t<meta name=\"twitter:data1\" content=\"1 minute\" \/>\n<script type=\"application\/ld+json\" class=\"yoast-schema-graph\">{\"@context\":\"https:\/\/schema.org\",\"@graph\":[{\"@type\":\"Organization\",\"@id\":\"http:\/\/cb27363e0b.url-de-test.ws\/site\/#organization\",\"name\":\"Communaut\u00e9 de Communes Centre Tarn\",\"url\":\"http:\/\/cb27363e0b.url-de-test.ws\/site\/\",\"sameAs\":[\"https:\/\/fr-fr.facebook.com\/centretarn\/\",\"https:\/\/www.youtube.com\/channel\/UCmH971jS42X98fNgJKDqb1A\"],\"logo\":{\"@type\":\"ImageObject\",\"@id\":\"http:\/\/cb27363e0b.url-de-test.ws\/site\/#logo\",\"inLanguage\":\"fr-FR\",\"url\":\"http:\/\/cb27363e0b.url-de-test.ws\/site\/wp-content\/uploads\/2018\/02\/logo-site.png\",\"contentUrl\":\"http:\/\/cb27363e0b.url-de-test.ws\/site\/wp-content\/uploads\/2018\/02\/logo-site.png\",\"width\":149,\"height\":169,\"caption\":\"Communaut\u00e9 de Communes Centre Tarn\"},\"image\":{\"@id\":\"http:\/\/cb27363e0b.url-de-test.ws\/site\/#logo\"}},{\"@type\":\"WebSite\",\"@id\":\"http:\/\/cb27363e0b.url-de-test.ws\/site\/#website\",\"url\":\"http:\/\/cb27363e0b.url-de-test.ws\/site\/\",\"name\":\"Communaut\u00e9 de Communes Centre Tarn\",\"description\":\"\",\"publisher\":{\"@id\":\"http:\/\/cb27363e0b.url-de-test.ws\/site\/#organization\"},\"potentialAction\":[{\"@type\":\"SearchAction\",\"target\":{\"@type\":\"EntryPoint\",\"urlTemplate\":\"http:\/\/cb27363e0b.url-de-test.ws\/site\/?s={search_term_string}\"},\"query-input\":\"required name=search_term_string\"}],\"inLanguage\":\"fr-FR\"},{\"@type\":\"ImageObject\",\"@id\":\"http:\/\/cb27363e0b.url-de-test.ws\/site\/vie-economique\/projets-outils\/atelier-decoupe-transformation\/#primaryimage\",\"inLanguage\":\"fr-FR\",\"url\":\"http:\/\/cb27363e0b.url-de-test.ws\/site\/wp-content\/uploads\/2018\/05\/atelier-decoupe.jpg\",\"contentUrl\":\"http:\/\/cb27363e0b.url-de-test.ws\/site\/wp-content\/uploads\/2018\/05\/atelier-decoupe.jpg\",\"width\":900,\"height\":600,\"caption\":\"Atelier de d\u00e9coupe et transformation\"},{\"@type\":\"WebPage\",\"@id\":\"http:\/\/cb27363e0b.url-de-test.ws\/site\/vie-economique\/projets-outils\/atelier-decoupe-transformation\/#webpage\",\"url\":\"http:\/\/cb27363e0b.url-de-test.ws\/site\/vie-economique\/projets-outils\/atelier-decoupe-transformation\/\",\"name\":\"Atelier de d\u00e9coupe et transformation - Communaut\u00e9 de Communes Centre Tarn\",\"isPartOf\":{\"@id\":\"http:\/\/cb27363e0b.url-de-test.ws\/site\/#website\"},\"primaryImageOfPage\":{\"@id\":\"http:\/\/cb27363e0b.url-de-test.ws\/site\/vie-economique\/projets-outils\/atelier-decoupe-transformation\/#primaryimage\"},\"datePublished\":\"2018-05-30T15:57:03+00:00\",\"dateModified\":\"2018-09-25T09:46:49+00:00\",\"breadcrumb\":{\"@id\":\"http:\/\/cb27363e0b.url-de-test.ws\/site\/vie-economique\/projets-outils\/atelier-decoupe-transformation\/#breadcrumb\"},\"inLanguage\":\"fr-FR\",\"potentialAction\":[{\"@type\":\"ReadAction\",\"target\":[\"http:\/\/cb27363e0b.url-de-test.ws\/site\/vie-economique\/projets-outils\/atelier-decoupe-transformation\/\"]}]},{\"@type\":\"BreadcrumbList\",\"@id\":\"http:\/\/cb27363e0b.url-de-test.ws\/site\/vie-economique\/projets-outils\/atelier-decoupe-transformation\/#breadcrumb\",\"itemListElement\":[{\"@type\":\"ListItem\",\"position\":1,\"name\":\"Accueil\",\"item\":\"http:\/\/cb27363e0b.url-de-test.ws\/site\/\"},{\"@type\":\"ListItem\",\"position\":2,\"name\":\"Vie \u00c9conomique\",\"item\":\"http:\/\/cb27363e0b.url-de-test.ws\/site\/vie-economique\/\"},{\"@type\":\"ListItem\",\"position\":3,\"name\":\"Projets et Outils\",\"item\":\"http:\/\/cb27363e0b.url-de-test.ws\/site\/vie-economique\/projets-outils\/\"},{\"@type\":\"ListItem\",\"position\":4,\"name\":\"Atelier de d\u00e9coupe et transformation\"}]}]}<\/script>\n<!-- \/ Yoast SEO plugin. -->","yoast_head_json":{"title":"Atelier de d\u00e9coupe et transformation - Communaut\u00e9 de Communes Centre Tarn","robots":{"index":"noindex","follow":"follow","max-snippet":"max-snippet:-1","max-image-preview":"max-image-preview:large","max-video-preview":"max-video-preview:-1"},"og_locale":"fr_FR","og_type":"article","og_title":"Atelier de d\u00e9coupe et transformation - Communaut\u00e9 de Communes Centre Tarn","og_description":"L\u2019atelier de d\u00e9coupe et de transformation de viande (implant\u00e9 sur la zone d\u2019activit\u00e9 \u00e9conomique \u00e0 Laboutari\u00e9) est un outil qui a \u00e9t\u00e9 port\u00e9 par la Communaut\u00e9 de Communes Centre Tarn. Il est au service des producteurs qui ont fait le choix de la vente directe et qui souhaitent d\u00e9couper et transformer leur production en garantissant [&hellip;]","og_url":"http:\/\/cb27363e0b.url-de-test.ws\/site\/vie-economique\/projets-outils\/atelier-decoupe-transformation\/","og_site_name":"Communaut\u00e9 de Communes Centre Tarn","article_publisher":"https:\/\/fr-fr.facebook.com\/centretarn\/","article_modified_time":"2018-09-25T09:46:49+00:00","og_image":[{"url":"http:\/\/cb27363e0b.url-de-test.ws\/site\/wp-content\/uploads\/2018\/05\/atelier-decoupe.jpg"}],"twitter_card":"summary_large_image","twitter_misc":{"Dur\u00e9e de lecture estim\u00e9e":"1 minute"},"schema":{"@context":"https:\/\/schema.org","@graph":[{"@type":"Organization","@id":"http:\/\/cb27363e0b.url-de-test.ws\/site\/#organization","name":"Communaut\u00e9 de Communes Centre Tarn","url":"http:\/\/cb27363e0b.url-de-test.ws\/site\/","sameAs":["https:\/\/fr-fr.facebook.com\/centretarn\/","https:\/\/www.youtube.com\/channel\/UCmH971jS42X98fNgJKDqb1A"],"logo":{"@type":"ImageObject","@id":"http:\/\/cb27363e0b.url-de-test.ws\/site\/#logo","inLanguage":"fr-FR","url":"http:\/\/cb27363e0b.url-de-test.ws\/site\/wp-content\/uploads\/2018\/02\/logo-site.png","contentUrl":"http:\/\/cb27363e0b.url-de-test.ws\/site\/wp-content\/uploads\/2018\/02\/logo-site.png","width":149,"height":169,"caption":"Communaut\u00e9 de Communes Centre Tarn"},"image":{"@id":"http:\/\/cb27363e0b.url-de-test.ws\/site\/#logo"}},{"@type":"WebSite","@id":"http:\/\/cb27363e0b.url-de-test.ws\/site\/#website","url":"http:\/\/cb27363e0b.url-de-test.ws\/site\/","name":"Communaut\u00e9 de Communes Centre Tarn","description":"","publisher":{"@id":"http:\/\/cb27363e0b.url-de-test.ws\/site\/#organization"},"potentialAction":[{"@type":"SearchAction","target":{"@type":"EntryPoint","urlTemplate":"http:\/\/cb27363e0b.url-de-test.ws\/site\/?s={search_term_string}"},"query-input":"required name=search_term_string"}],"inLanguage":"fr-FR"},{"@type":"ImageObject","@id":"http:\/\/cb27363e0b.url-de-test.ws\/site\/vie-economique\/projets-outils\/atelier-decoupe-transformation\/#primaryimage","inLanguage":"fr-FR","url":"http:\/\/cb27363e0b.url-de-test.ws\/site\/wp-content\/uploads\/2018\/05\/atelier-decoupe.jpg","contentUrl":"http:\/\/cb27363e0b.url-de-test.ws\/site\/wp-content\/uploads\/2018\/05\/atelier-decoupe.jpg","width":900,"height":600,"caption":"Atelier de d\u00e9coupe et transformation"},{"@type":"WebPage","@id":"http:\/\/cb27363e0b.url-de-test.ws\/site\/vie-economique\/projets-outils\/atelier-decoupe-transformation\/#webpage","url":"http:\/\/cb27363e0b.url-de-test.ws\/site\/vie-economique\/projets-outils\/atelier-decoupe-transformation\/","name":"Atelier de d\u00e9coupe et transformation - Communaut\u00e9 de Communes Centre Tarn","isPartOf":{"@id":"http:\/\/cb27363e0b.url-de-test.ws\/site\/#website"},"primaryImageOfPage":{"@id":"http:\/\/cb27363e0b.url-de-test.ws\/site\/vie-economique\/projets-outils\/atelier-decoupe-transformation\/#primaryimage"},"datePublished":"2018-05-30T15:57:03+00:00","dateModified":"2018-09-25T09:46:49+00:00","breadcrumb":{"@id":"http:\/\/cb27363e0b.url-de-test.ws\/site\/vie-economique\/projets-outils\/atelier-decoupe-transformation\/#breadcrumb"},"inLanguage":"fr-FR","potentialAction":[{"@type":"ReadAction","target":["http:\/\/cb27363e0b.url-de-test.ws\/site\/vie-economique\/projets-outils\/atelier-decoupe-transformation\/"]}]},{"@type":"BreadcrumbList","@id":"http:\/\/cb27363e0b.url-de-test.ws\/site\/vie-economique\/projets-outils\/atelier-decoupe-transformation\/#breadcrumb","itemListElement":[{"@type":"ListItem","position":1,"name":"Accueil","item":"http:\/\/cb27363e0b.url-de-test.ws\/site\/"},{"@type":"ListItem","position":2,"name":"Vie \u00c9conomique","item":"http:\/\/cb27363e0b.url-de-test.ws\/site\/vie-economique\/"},{"@type":"ListItem","position":3,"name":"Projets et Outils","item":"http:\/\/cb27363e0b.url-de-test.ws\/site\/vie-economique\/projets-outils\/"},{"@type":"ListItem","position":4,"name":"Atelier de d\u00e9coupe et transformation"}]}]}},"_links":{"self":[{"href":"http:\/\/cb27363e0b.url-de-test.ws\/site\/wp-json\/wp\/v2\/pages\/2171"}],"collection":[{"href":"http:\/\/cb27363e0b.url-de-test.ws\/site\/wp-json\/wp\/v2\/pages"}],"about":[{"href":"http:\/\/cb27363e0b.url-de-test.ws\/site\/wp-json\/wp\/v2\/types\/page"}],"author":[{"embeddable":true,"href":"http:\/\/cb27363e0b.url-de-test.ws\/site\/wp-json\/wp\/v2\/users\/1"}],"replies":[{"embeddable":true,"href":"http:\/\/cb27363e0b.url-de-test.ws\/site\/wp-json\/wp\/v2\/comments?post=2171"}],"version-history":[{"count":7,"href":"http:\/\/cb27363e0b.url-de-test.ws\/site\/wp-json\/wp\/v2\/pages\/2171\/revisions"}],"predecessor-version":[{"id":3270,"href":"http:\/\/cb27363e0b.url-de-test.ws\/site\/wp-json\/wp\/v2\/pages\/2171\/revisions\/3270"}],"up":[{"embeddable":true,"href":"http:\/\/cb27363e0b.url-de-test.ws\/site\/wp-json\/wp\/v2\/pages\/2168"}],"wp:attachment":[{"href":"http:\/\/cb27363e0b.url-de-test.ws\/site\/wp-json\/wp\/v2\/media?parent=2171"}],"curies":[{"name":"wp","href":"https:\/\/api.w.org\/{rel}","templated":true}]}}