{"id":2165,"date":"2018-05-30T17:18:12","date_gmt":"2018-05-30T15:18:12","guid":{"rendered":"http:\/\/cb27363e0b.url-de-test.ws\/site\/?page_id=2165"},"modified":"2018-09-25T11:45:45","modified_gmt":"2018-09-25T09:45:45","slug":"commerce","status":"publish","type":"page","link":"http:\/\/cb27363e0b.url-de-test.ws\/site\/vie-economique\/projets-outils\/commerce\/","title":{"rendered":"Commerce"},"content":{"rendered":"<p style=\"text-align: justify;\">La pr\u00e9servation, voire la dynamisation du commerce de Centre Tarn, est un enjeu primordial pour le territoire en terme \u00e9conomique, social et en mati\u00e8re d\u2019emplois.<br \/>\nPar ailleurs, le contexte d&rsquo;\u00e9laboration du Plan Local d&rsquo;Urbanisme intercommunal et l\u2019attribution par la loi NOTRe de la nouvelle \u00ab\u00a0comp\u00e9tence politique locale\u00a0\u00bb du commerce aux intercommunalit\u00e9s insuffle une dynamique en faveur d\u2019une v\u00e9ritable r\u00e9flexion et l\u2019\u00e9laboration d\u2019une strat\u00e9gie.<br \/>\nAinsi, les \u00e9lus de la Communaut\u00e9 de Communes Centre Tarn ont d\u00e9cid\u00e9 d\u2019engager une r\u00e9flexion \u00e0 moyen terme sur la politique \u00e0 mener pour pr\u00e9server le dynamisme commercial local.<\/p>\n<p style=\"text-align: justify;\">La premi\u00e8re \u00e9tape a consist\u00e9 \u00e0 r\u00e9aliser un diagnostic commercial du territoire. Il identifie les probl\u00e9matiques, confronte les donn\u00e9es objectives et les ressentis (aupr\u00e8s de la population et des commer\u00e7ants) mais \u00e9galement fait converger les points de vue de chacun autour d\u2019enjeux identifi\u00e9s.<br \/>\nLe diagnostic constitue donc un pr\u00e9alable \u00e0 une strat\u00e9gie politique commerciale qui va \u00eatre \u00e9labor\u00e9e dans les mois \u00e0 venir.<br \/>\nCette strat\u00e9gie sera ensuite d\u00e9clin\u00e9e en un plan pluriannuel d&rsquo;actions\u00a0 (en identifiant les moyens n\u00e9cessaires \u00e0 la r\u00e9alisation de chaque action dont moyens financiers, humains, techniques, partenariaux, \u2026).<br \/>\nCette r\u00e9flexion est concomitante aux actions mises en place\u00a0: soutien \u00e0 une animation collective, organisation d\u2019une formation collective des commer\u00e7ants\u2026.<\/p>\n<p>&nbsp;<\/p>\n","protected":false},"excerpt":{"rendered":"<p>La pr\u00e9servation, voire la dynamisation du commerce de Centre Tarn, est un enjeu primordial pour le territoire en terme \u00e9conomique, social et en mati\u00e8re d\u2019emplois. Par ailleurs, le contexte d&rsquo;\u00e9laboration du Plan Local d&rsquo;Urbanisme intercommunal et l\u2019attribution par la loi NOTRe de la nouvelle \u00ab\u00a0comp\u00e9tence politique locale\u00a0\u00bb du commerce aux intercommunalit\u00e9s insuffle une dynamique en [&hellip;]<\/p>\n","protected":false},"author":1,"featured_media":0,"parent":2168,"menu_order":0,"comment_status":"closed","ping_status":"closed","template":"","meta":[],"yoast_head":"<!-- This site is optimized with the Yoast SEO plugin v18.3 - https:\/\/yoast.com\/wordpress\/plugins\/seo\/ -->\n<title>Commerce - Communaut\u00e9 de Communes Centre Tarn<\/title>\n<meta name=\"robots\" content=\"noindex, follow, max-snippet:-1, max-image-preview:large, max-video-preview:-1\" \/>\n<meta property=\"og:locale\" content=\"fr_FR\" \/>\n<meta property=\"og:type\" content=\"article\" \/>\n<meta property=\"og:title\" content=\"Commerce - Communaut\u00e9 de Communes Centre Tarn\" \/>\n<meta property=\"og:description\" content=\"La pr\u00e9servation, voire la dynamisation du commerce de Centre Tarn, est un enjeu primordial pour le territoire en terme \u00e9conomique, social et en mati\u00e8re d\u2019emplois. Par ailleurs, le contexte d&rsquo;\u00e9laboration du Plan Local d&rsquo;Urbanisme intercommunal et l\u2019attribution par la loi NOTRe de la nouvelle \u00ab\u00a0comp\u00e9tence politique locale\u00a0\u00bb du commerce aux intercommunalit\u00e9s insuffle une dynamique en [&hellip;]\" \/>\n<meta property=\"og:url\" content=\"http:\/\/cb27363e0b.url-de-test.ws\/site\/vie-economique\/projets-outils\/commerce\/\" \/>\n<meta property=\"og:site_name\" content=\"Communaut\u00e9 de Communes Centre Tarn\" \/>\n<meta property=\"article:publisher\" content=\"https:\/\/fr-fr.facebook.com\/centretarn\/\" \/>\n<meta property=\"article:modified_time\" content=\"2018-09-25T09:45:45+00:00\" \/>\n<meta name=\"twitter:card\" content=\"summary_large_image\" \/>\n<meta name=\"twitter:label1\" content=\"Dur\u00e9e de lecture estim\u00e9e\" \/>\n\t<meta name=\"twitter:data1\" content=\"1 minute\" \/>\n<script type=\"application\/ld+json\" class=\"yoast-schema-graph\">{\"@context\":\"https:\/\/schema.org\",\"@graph\":[{\"@type\":\"Organization\",\"@id\":\"http:\/\/cb27363e0b.url-de-test.ws\/site\/#organization\",\"name\":\"Communaut\u00e9 de Communes Centre Tarn\",\"url\":\"http:\/\/cb27363e0b.url-de-test.ws\/site\/\",\"sameAs\":[\"https:\/\/fr-fr.facebook.com\/centretarn\/\",\"https:\/\/www.youtube.com\/channel\/UCmH971jS42X98fNgJKDqb1A\"],\"logo\":{\"@type\":\"ImageObject\",\"@id\":\"http:\/\/cb27363e0b.url-de-test.ws\/site\/#logo\",\"inLanguage\":\"fr-FR\",\"url\":\"http:\/\/cb27363e0b.url-de-test.ws\/site\/wp-content\/uploads\/2018\/02\/logo-site.png\",\"contentUrl\":\"http:\/\/cb27363e0b.url-de-test.ws\/site\/wp-content\/uploads\/2018\/02\/logo-site.png\",\"width\":149,\"height\":169,\"caption\":\"Communaut\u00e9 de Communes Centre Tarn\"},\"image\":{\"@id\":\"http:\/\/cb27363e0b.url-de-test.ws\/site\/#logo\"}},{\"@type\":\"WebSite\",\"@id\":\"http:\/\/cb27363e0b.url-de-test.ws\/site\/#website\",\"url\":\"http:\/\/cb27363e0b.url-de-test.ws\/site\/\",\"name\":\"Communaut\u00e9 de Communes Centre Tarn\",\"description\":\"\",\"publisher\":{\"@id\":\"http:\/\/cb27363e0b.url-de-test.ws\/site\/#organization\"},\"potentialAction\":[{\"@type\":\"SearchAction\",\"target\":{\"@type\":\"EntryPoint\",\"urlTemplate\":\"http:\/\/cb27363e0b.url-de-test.ws\/site\/?s={search_term_string}\"},\"query-input\":\"required name=search_term_string\"}],\"inLanguage\":\"fr-FR\"},{\"@type\":\"WebPage\",\"@id\":\"http:\/\/cb27363e0b.url-de-test.ws\/site\/vie-economique\/projets-outils\/commerce\/#webpage\",\"url\":\"http:\/\/cb27363e0b.url-de-test.ws\/site\/vie-economique\/projets-outils\/commerce\/\",\"name\":\"Commerce - Communaut\u00e9 de Communes Centre Tarn\",\"isPartOf\":{\"@id\":\"http:\/\/cb27363e0b.url-de-test.ws\/site\/#website\"},\"datePublished\":\"2018-05-30T15:18:12+00:00\",\"dateModified\":\"2018-09-25T09:45:45+00:00\",\"breadcrumb\":{\"@id\":\"http:\/\/cb27363e0b.url-de-test.ws\/site\/vie-economique\/projets-outils\/commerce\/#breadcrumb\"},\"inLanguage\":\"fr-FR\",\"potentialAction\":[{\"@type\":\"ReadAction\",\"target\":[\"http:\/\/cb27363e0b.url-de-test.ws\/site\/vie-economique\/projets-outils\/commerce\/\"]}]},{\"@type\":\"BreadcrumbList\",\"@id\":\"http:\/\/cb27363e0b.url-de-test.ws\/site\/vie-economique\/projets-outils\/commerce\/#breadcrumb\",\"itemListElement\":[{\"@type\":\"ListItem\",\"position\":1,\"name\":\"Accueil\",\"item\":\"http:\/\/cb27363e0b.url-de-test.ws\/site\/\"},{\"@type\":\"ListItem\",\"position\":2,\"name\":\"Vie \u00c9conomique\",\"item\":\"http:\/\/cb27363e0b.url-de-test.ws\/site\/vie-economique\/\"},{\"@type\":\"ListItem\",\"position\":3,\"name\":\"Projets et Outils\",\"item\":\"http:\/\/cb27363e0b.url-de-test.ws\/site\/vie-economique\/projets-outils\/\"},{\"@type\":\"ListItem\",\"position\":4,\"name\":\"Commerce\"}]}]}<\/script>\n<!-- \/ Yoast SEO plugin. -->","yoast_head_json":{"title":"Commerce - Communaut\u00e9 de Communes Centre Tarn","robots":{"index":"noindex","follow":"follow","max-snippet":"max-snippet:-1","max-image-preview":"max-image-preview:large","max-video-preview":"max-video-preview:-1"},"og_locale":"fr_FR","og_type":"article","og_title":"Commerce - Communaut\u00e9 de Communes Centre Tarn","og_description":"La pr\u00e9servation, voire la dynamisation du commerce de Centre Tarn, est un enjeu primordial pour le territoire en terme \u00e9conomique, social et en mati\u00e8re d\u2019emplois. Par ailleurs, le contexte d&rsquo;\u00e9laboration du Plan Local d&rsquo;Urbanisme intercommunal et l\u2019attribution par la loi NOTRe de la nouvelle \u00ab\u00a0comp\u00e9tence politique locale\u00a0\u00bb du commerce aux intercommunalit\u00e9s insuffle une dynamique en [&hellip;]","og_url":"http:\/\/cb27363e0b.url-de-test.ws\/site\/vie-economique\/projets-outils\/commerce\/","og_site_name":"Communaut\u00e9 de Communes Centre Tarn","article_publisher":"https:\/\/fr-fr.facebook.com\/centretarn\/","article_modified_time":"2018-09-25T09:45:45+00:00","twitter_card":"summary_large_image","twitter_misc":{"Dur\u00e9e de lecture estim\u00e9e":"1 minute"},"schema":{"@context":"https:\/\/schema.org","@graph":[{"@type":"Organization","@id":"http:\/\/cb27363e0b.url-de-test.ws\/site\/#organization","name":"Communaut\u00e9 de Communes Centre Tarn","url":"http:\/\/cb27363e0b.url-de-test.ws\/site\/","sameAs":["https:\/\/fr-fr.facebook.com\/centretarn\/","https:\/\/www.youtube.com\/channel\/UCmH971jS42X98fNgJKDqb1A"],"logo":{"@type":"ImageObject","@id":"http:\/\/cb27363e0b.url-de-test.ws\/site\/#logo","inLanguage":"fr-FR","url":"http:\/\/cb27363e0b.url-de-test.ws\/site\/wp-content\/uploads\/2018\/02\/logo-site.png","contentUrl":"http:\/\/cb27363e0b.url-de-test.ws\/site\/wp-content\/uploads\/2018\/02\/logo-site.png","width":149,"height":169,"caption":"Communaut\u00e9 de Communes Centre Tarn"},"image":{"@id":"http:\/\/cb27363e0b.url-de-test.ws\/site\/#logo"}},{"@type":"WebSite","@id":"http:\/\/cb27363e0b.url-de-test.ws\/site\/#website","url":"http:\/\/cb27363e0b.url-de-test.ws\/site\/","name":"Communaut\u00e9 de Communes Centre Tarn","description":"","publisher":{"@id":"http:\/\/cb27363e0b.url-de-test.ws\/site\/#organization"},"potentialAction":[{"@type":"SearchAction","target":{"@type":"EntryPoint","urlTemplate":"http:\/\/cb27363e0b.url-de-test.ws\/site\/?s={search_term_string}"},"query-input":"required name=search_term_string"}],"inLanguage":"fr-FR"},{"@type":"WebPage","@id":"http:\/\/cb27363e0b.url-de-test.ws\/site\/vie-economique\/projets-outils\/commerce\/#webpage","url":"http:\/\/cb27363e0b.url-de-test.ws\/site\/vie-economique\/projets-outils\/commerce\/","name":"Commerce - Communaut\u00e9 de Communes Centre Tarn","isPartOf":{"@id":"http:\/\/cb27363e0b.url-de-test.ws\/site\/#website"},"datePublished":"2018-05-30T15:18:12+00:00","dateModified":"2018-09-25T09:45:45+00:00","breadcrumb":{"@id":"http:\/\/cb27363e0b.url-de-test.ws\/site\/vie-economique\/projets-outils\/commerce\/#breadcrumb"},"inLanguage":"fr-FR","potentialAction":[{"@type":"ReadAction","target":["http:\/\/cb27363e0b.url-de-test.ws\/site\/vie-economique\/projets-outils\/commerce\/"]}]},{"@type":"BreadcrumbList","@id":"http:\/\/cb27363e0b.url-de-test.ws\/site\/vie-economique\/projets-outils\/commerce\/#breadcrumb","itemListElement":[{"@type":"ListItem","position":1,"name":"Accueil","item":"http:\/\/cb27363e0b.url-de-test.ws\/site\/"},{"@type":"ListItem","position":2,"name":"Vie \u00c9conomique","item":"http:\/\/cb27363e0b.url-de-test.ws\/site\/vie-economique\/"},{"@type":"ListItem","position":3,"name":"Projets et Outils","item":"http:\/\/cb27363e0b.url-de-test.ws\/site\/vie-economique\/projets-outils\/"},{"@type":"ListItem","position":4,"name":"Commerce"}]}]}},"_links":{"self":[{"href":"http:\/\/cb27363e0b.url-de-test.ws\/site\/wp-json\/wp\/v2\/pages\/2165"}],"collection":[{"href":"http:\/\/cb27363e0b.url-de-test.ws\/site\/wp-json\/wp\/v2\/pages"}],"about":[{"href":"http:\/\/cb27363e0b.url-de-test.ws\/site\/wp-json\/wp\/v2\/types\/page"}],"author":[{"embeddable":true,"href":"http:\/\/cb27363e0b.url-de-test.ws\/site\/wp-json\/wp\/v2\/users\/1"}],"replies":[{"embeddable":true,"href":"http:\/\/cb27363e0b.url-de-test.ws\/site\/wp-json\/wp\/v2\/comments?post=2165"}],"version-history":[{"count":7,"href":"http:\/\/cb27363e0b.url-de-test.ws\/site\/wp-json\/wp\/v2\/pages\/2165\/revisions"}],"predecessor-version":[{"id":3269,"href":"http:\/\/cb27363e0b.url-de-test.ws\/site\/wp-json\/wp\/v2\/pages\/2165\/revisions\/3269"}],"up":[{"embeddable":true,"href":"http:\/\/cb27363e0b.url-de-test.ws\/site\/wp-json\/wp\/v2\/pages\/2168"}],"wp:attachment":[{"href":"http:\/\/cb27363e0b.url-de-test.ws\/site\/wp-json\/wp\/v2\/media?parent=2165"}],"curies":[{"name":"wp","href":"https:\/\/api.w.org\/{rel}","templated":true}]}}