{"id":2155,"date":"2018-05-30T16:24:26","date_gmt":"2018-05-30T14:24:26","guid":{"rendered":"http:\/\/cb27363e0b.url-de-test.ws\/site\/?page_id=2155"},"modified":"2018-09-25T11:37:06","modified_gmt":"2018-09-25T09:37:06","slug":"service-accompagnement","status":"publish","type":"page","link":"http:\/\/cb27363e0b.url-de-test.ws\/site\/vie-economique\/etre-accompagne\/service-accompagnement\/","title":{"rendered":"Service d&rsquo;accompagnement"},"content":{"rendered":"<p style=\"text-align: justify;\">Que votre entreprise soit en phase de cr\u00e9ation, d\u00e9veloppement, transmission ou reprise, la Communaut\u00e9 de Communes Centre Tarn vous accompagne.<br \/>\nOutre des conseils d\u2019ordre technique, administratif et juridique ainsi qu\u2019une mise en r\u00e9seau avec l\u2019ensemble des acteurs \u00e9conomiques dont les chambres consulaires, la Communaut\u00e9 de Communes vous informe sur les aides europ\u00e9ennes, r\u00e9gionales et locales afin d\u2019optimiser les co\u00fbts d\u2019investissement et d\u2019exploitation de votre entreprise. Ces aides peuvent financer une partie des investissements immobiliers et productifs, faciliter les recrutements \u00e0 venir ou soutenir des projets innovants.<br \/>\nCes financements (jamais acquis de droit) sont variables au niveau des montants (qui s\u2019ajustent en fonction de plusieurs param\u00e8tres tels le type de projet, la nature des emplois cr\u00e9\u00e9s, les montants d\u2019investissement, \u2026) et dans leurs formes : subventions d\u2019investissement, pr\u00eats d\u2019honneur, pr\u00eats bonifi\u00e9s, exon\u00e9rations fiscales, prises de participation en capital risque ou capital d\u00e9veloppement, &#8230;<br \/>\nPour prendre rendez-vous, contactez le <a href=\"tel:0531819600\">05 31 81 96 00<\/a> \/ <a href=\"mailto:economie@centretarn.fr\">economie@centretarn.fr<\/a><\/p>\n","protected":false},"excerpt":{"rendered":"<p>Que votre entreprise soit en phase de cr\u00e9ation, d\u00e9veloppement, transmission ou reprise, la Communaut\u00e9 de Communes Centre Tarn vous accompagne. Outre des conseils d\u2019ordre technique, administratif et juridique ainsi qu\u2019une mise en r\u00e9seau avec l\u2019ensemble des acteurs \u00e9conomiques dont les chambres consulaires, la Communaut\u00e9 de Communes vous informe sur les aides europ\u00e9ennes, r\u00e9gionales et locales [&hellip;]<\/p>\n","protected":false},"author":1,"featured_media":0,"parent":762,"menu_order":0,"comment_status":"closed","ping_status":"closed","template":"","meta":[],"yoast_head":"<!-- This site is optimized with the Yoast SEO plugin v18.3 - https:\/\/yoast.com\/wordpress\/plugins\/seo\/ -->\n<title>Service d&#039;accompagnement - Communaut\u00e9 de Communes Centre Tarn<\/title>\n<meta name=\"robots\" content=\"noindex, follow, max-snippet:-1, max-image-preview:large, max-video-preview:-1\" \/>\n<meta property=\"og:locale\" content=\"fr_FR\" \/>\n<meta property=\"og:type\" content=\"article\" \/>\n<meta property=\"og:title\" content=\"Service d&#039;accompagnement - Communaut\u00e9 de Communes Centre Tarn\" \/>\n<meta property=\"og:description\" content=\"Que votre entreprise soit en phase de cr\u00e9ation, d\u00e9veloppement, transmission ou reprise, la Communaut\u00e9 de Communes Centre Tarn vous accompagne. Outre des conseils d\u2019ordre technique, administratif et juridique ainsi qu\u2019une mise en r\u00e9seau avec l\u2019ensemble des acteurs \u00e9conomiques dont les chambres consulaires, la Communaut\u00e9 de Communes vous informe sur les aides europ\u00e9ennes, r\u00e9gionales et locales [&hellip;]\" \/>\n<meta property=\"og:url\" content=\"http:\/\/cb27363e0b.url-de-test.ws\/site\/vie-economique\/etre-accompagne\/service-accompagnement\/\" \/>\n<meta property=\"og:site_name\" content=\"Communaut\u00e9 de Communes Centre Tarn\" \/>\n<meta property=\"article:publisher\" content=\"https:\/\/fr-fr.facebook.com\/centretarn\/\" \/>\n<meta property=\"article:modified_time\" content=\"2018-09-25T09:37:06+00:00\" \/>\n<meta name=\"twitter:card\" content=\"summary_large_image\" \/>\n<meta name=\"twitter:label1\" content=\"Dur\u00e9e de lecture estim\u00e9e\" \/>\n\t<meta name=\"twitter:data1\" content=\"1 minute\" \/>\n<script type=\"application\/ld+json\" class=\"yoast-schema-graph\">{\"@context\":\"https:\/\/schema.org\",\"@graph\":[{\"@type\":\"Organization\",\"@id\":\"http:\/\/cb27363e0b.url-de-test.ws\/site\/#organization\",\"name\":\"Communaut\u00e9 de Communes Centre Tarn\",\"url\":\"http:\/\/cb27363e0b.url-de-test.ws\/site\/\",\"sameAs\":[\"https:\/\/fr-fr.facebook.com\/centretarn\/\",\"https:\/\/www.youtube.com\/channel\/UCmH971jS42X98fNgJKDqb1A\"],\"logo\":{\"@type\":\"ImageObject\",\"@id\":\"http:\/\/cb27363e0b.url-de-test.ws\/site\/#logo\",\"inLanguage\":\"fr-FR\",\"url\":\"http:\/\/cb27363e0b.url-de-test.ws\/site\/wp-content\/uploads\/2018\/02\/logo-site.png\",\"contentUrl\":\"http:\/\/cb27363e0b.url-de-test.ws\/site\/wp-content\/uploads\/2018\/02\/logo-site.png\",\"width\":149,\"height\":169,\"caption\":\"Communaut\u00e9 de Communes Centre Tarn\"},\"image\":{\"@id\":\"http:\/\/cb27363e0b.url-de-test.ws\/site\/#logo\"}},{\"@type\":\"WebSite\",\"@id\":\"http:\/\/cb27363e0b.url-de-test.ws\/site\/#website\",\"url\":\"http:\/\/cb27363e0b.url-de-test.ws\/site\/\",\"name\":\"Communaut\u00e9 de Communes Centre Tarn\",\"description\":\"\",\"publisher\":{\"@id\":\"http:\/\/cb27363e0b.url-de-test.ws\/site\/#organization\"},\"potentialAction\":[{\"@type\":\"SearchAction\",\"target\":{\"@type\":\"EntryPoint\",\"urlTemplate\":\"http:\/\/cb27363e0b.url-de-test.ws\/site\/?s={search_term_string}\"},\"query-input\":\"required name=search_term_string\"}],\"inLanguage\":\"fr-FR\"},{\"@type\":\"WebPage\",\"@id\":\"http:\/\/cb27363e0b.url-de-test.ws\/site\/vie-economique\/etre-accompagne\/service-accompagnement\/#webpage\",\"url\":\"http:\/\/cb27363e0b.url-de-test.ws\/site\/vie-economique\/etre-accompagne\/service-accompagnement\/\",\"name\":\"Service d'accompagnement - Communaut\u00e9 de Communes Centre Tarn\",\"isPartOf\":{\"@id\":\"http:\/\/cb27363e0b.url-de-test.ws\/site\/#website\"},\"datePublished\":\"2018-05-30T14:24:26+00:00\",\"dateModified\":\"2018-09-25T09:37:06+00:00\",\"breadcrumb\":{\"@id\":\"http:\/\/cb27363e0b.url-de-test.ws\/site\/vie-economique\/etre-accompagne\/service-accompagnement\/#breadcrumb\"},\"inLanguage\":\"fr-FR\",\"potentialAction\":[{\"@type\":\"ReadAction\",\"target\":[\"http:\/\/cb27363e0b.url-de-test.ws\/site\/vie-economique\/etre-accompagne\/service-accompagnement\/\"]}]},{\"@type\":\"BreadcrumbList\",\"@id\":\"http:\/\/cb27363e0b.url-de-test.ws\/site\/vie-economique\/etre-accompagne\/service-accompagnement\/#breadcrumb\",\"itemListElement\":[{\"@type\":\"ListItem\",\"position\":1,\"name\":\"Accueil\",\"item\":\"http:\/\/cb27363e0b.url-de-test.ws\/site\/\"},{\"@type\":\"ListItem\",\"position\":2,\"name\":\"Vie \u00c9conomique\",\"item\":\"http:\/\/cb27363e0b.url-de-test.ws\/site\/vie-economique\/\"},{\"@type\":\"ListItem\",\"position\":3,\"name\":\"\u00catre accompagn\u00e9\",\"item\":\"http:\/\/cb27363e0b.url-de-test.ws\/site\/vie-economique\/etre-accompagne\/\"},{\"@type\":\"ListItem\",\"position\":4,\"name\":\"Service d&rsquo;accompagnement\"}]}]}<\/script>\n<!-- \/ Yoast SEO plugin. -->","yoast_head_json":{"title":"Service d'accompagnement - Communaut\u00e9 de Communes Centre Tarn","robots":{"index":"noindex","follow":"follow","max-snippet":"max-snippet:-1","max-image-preview":"max-image-preview:large","max-video-preview":"max-video-preview:-1"},"og_locale":"fr_FR","og_type":"article","og_title":"Service d'accompagnement - Communaut\u00e9 de Communes Centre Tarn","og_description":"Que votre entreprise soit en phase de cr\u00e9ation, d\u00e9veloppement, transmission ou reprise, la Communaut\u00e9 de Communes Centre Tarn vous accompagne. Outre des conseils d\u2019ordre technique, administratif et juridique ainsi qu\u2019une mise en r\u00e9seau avec l\u2019ensemble des acteurs \u00e9conomiques dont les chambres consulaires, la Communaut\u00e9 de Communes vous informe sur les aides europ\u00e9ennes, r\u00e9gionales et locales [&hellip;]","og_url":"http:\/\/cb27363e0b.url-de-test.ws\/site\/vie-economique\/etre-accompagne\/service-accompagnement\/","og_site_name":"Communaut\u00e9 de Communes Centre Tarn","article_publisher":"https:\/\/fr-fr.facebook.com\/centretarn\/","article_modified_time":"2018-09-25T09:37:06+00:00","twitter_card":"summary_large_image","twitter_misc":{"Dur\u00e9e de lecture estim\u00e9e":"1 minute"},"schema":{"@context":"https:\/\/schema.org","@graph":[{"@type":"Organization","@id":"http:\/\/cb27363e0b.url-de-test.ws\/site\/#organization","name":"Communaut\u00e9 de Communes Centre Tarn","url":"http:\/\/cb27363e0b.url-de-test.ws\/site\/","sameAs":["https:\/\/fr-fr.facebook.com\/centretarn\/","https:\/\/www.youtube.com\/channel\/UCmH971jS42X98fNgJKDqb1A"],"logo":{"@type":"ImageObject","@id":"http:\/\/cb27363e0b.url-de-test.ws\/site\/#logo","inLanguage":"fr-FR","url":"http:\/\/cb27363e0b.url-de-test.ws\/site\/wp-content\/uploads\/2018\/02\/logo-site.png","contentUrl":"http:\/\/cb27363e0b.url-de-test.ws\/site\/wp-content\/uploads\/2018\/02\/logo-site.png","width":149,"height":169,"caption":"Communaut\u00e9 de Communes Centre Tarn"},"image":{"@id":"http:\/\/cb27363e0b.url-de-test.ws\/site\/#logo"}},{"@type":"WebSite","@id":"http:\/\/cb27363e0b.url-de-test.ws\/site\/#website","url":"http:\/\/cb27363e0b.url-de-test.ws\/site\/","name":"Communaut\u00e9 de Communes Centre Tarn","description":"","publisher":{"@id":"http:\/\/cb27363e0b.url-de-test.ws\/site\/#organization"},"potentialAction":[{"@type":"SearchAction","target":{"@type":"EntryPoint","urlTemplate":"http:\/\/cb27363e0b.url-de-test.ws\/site\/?s={search_term_string}"},"query-input":"required name=search_term_string"}],"inLanguage":"fr-FR"},{"@type":"WebPage","@id":"http:\/\/cb27363e0b.url-de-test.ws\/site\/vie-economique\/etre-accompagne\/service-accompagnement\/#webpage","url":"http:\/\/cb27363e0b.url-de-test.ws\/site\/vie-economique\/etre-accompagne\/service-accompagnement\/","name":"Service d'accompagnement - Communaut\u00e9 de Communes Centre Tarn","isPartOf":{"@id":"http:\/\/cb27363e0b.url-de-test.ws\/site\/#website"},"datePublished":"2018-05-30T14:24:26+00:00","dateModified":"2018-09-25T09:37:06+00:00","breadcrumb":{"@id":"http:\/\/cb27363e0b.url-de-test.ws\/site\/vie-economique\/etre-accompagne\/service-accompagnement\/#breadcrumb"},"inLanguage":"fr-FR","potentialAction":[{"@type":"ReadAction","target":["http:\/\/cb27363e0b.url-de-test.ws\/site\/vie-economique\/etre-accompagne\/service-accompagnement\/"]}]},{"@type":"BreadcrumbList","@id":"http:\/\/cb27363e0b.url-de-test.ws\/site\/vie-economique\/etre-accompagne\/service-accompagnement\/#breadcrumb","itemListElement":[{"@type":"ListItem","position":1,"name":"Accueil","item":"http:\/\/cb27363e0b.url-de-test.ws\/site\/"},{"@type":"ListItem","position":2,"name":"Vie \u00c9conomique","item":"http:\/\/cb27363e0b.url-de-test.ws\/site\/vie-economique\/"},{"@type":"ListItem","position":3,"name":"\u00catre accompagn\u00e9","item":"http:\/\/cb27363e0b.url-de-test.ws\/site\/vie-economique\/etre-accompagne\/"},{"@type":"ListItem","position":4,"name":"Service d&rsquo;accompagnement"}]}]}},"_links":{"self":[{"href":"http:\/\/cb27363e0b.url-de-test.ws\/site\/wp-json\/wp\/v2\/pages\/2155"}],"collection":[{"href":"http:\/\/cb27363e0b.url-de-test.ws\/site\/wp-json\/wp\/v2\/pages"}],"about":[{"href":"http:\/\/cb27363e0b.url-de-test.ws\/site\/wp-json\/wp\/v2\/types\/page"}],"author":[{"embeddable":true,"href":"http:\/\/cb27363e0b.url-de-test.ws\/site\/wp-json\/wp\/v2\/users\/1"}],"replies":[{"embeddable":true,"href":"http:\/\/cb27363e0b.url-de-test.ws\/site\/wp-json\/wp\/v2\/comments?post=2155"}],"version-history":[{"count":4,"href":"http:\/\/cb27363e0b.url-de-test.ws\/site\/wp-json\/wp\/v2\/pages\/2155\/revisions"}],"predecessor-version":[{"id":3263,"href":"http:\/\/cb27363e0b.url-de-test.ws\/site\/wp-json\/wp\/v2\/pages\/2155\/revisions\/3263"}],"up":[{"embeddable":true,"href":"http:\/\/cb27363e0b.url-de-test.ws\/site\/wp-json\/wp\/v2\/pages\/762"}],"wp:attachment":[{"href":"http:\/\/cb27363e0b.url-de-test.ws\/site\/wp-json\/wp\/v2\/media?parent=2155"}],"curies":[{"name":"wp","href":"https:\/\/api.w.org\/{rel}","templated":true}]}}