{"id":2069,"date":"2018-05-25T10:42:43","date_gmt":"2018-05-25T08:42:43","guid":{"rendered":"http:\/\/cb27363e0b.url-de-test.ws\/site\/?page_id=2069"},"modified":"2018-09-28T16:51:56","modified_gmt":"2018-09-28T14:51:56","slug":"conseil-communautaire","status":"publish","type":"page","link":"http:\/\/cb27363e0b.url-de-test.ws\/site\/conseil-communautaire\/","title":{"rendered":"Conseil Communautaire"},"content":{"rendered":"<p><span style=\"font-size: 14pt;\"><strong>Les d\u00e9lib\u00e9rations et autres documents sont disponibles sur simple demande \u00e0 l&rsquo;adresse suivante <a href=\"mailto:direction@centretarn.fr\">direction@centretarn.fr<\/a><br \/>\n<\/strong><\/span><\/p>\n<div class=\"c-accordion\"><div class=\"c-content-box\"><ul class=\"accordion-items\">\n<li class=\"\"><h4 class=\"accordion-title\">Compte rendu sommaire du conseil communautaire du 27 septembre 2018<\/h4><div class=\"accordion-content\"><p><a href=\"http:\/\/cb27363e0b.url-de-test.ws\/site\/wp-content\/uploads\/2018\/05\/Compte_rendu_sommaire_conseil_communautaire_27_septembre_2018.pdf\" target=\"_blank\" rel=\"noopener\">Compte rendu sommaire du conseil communautaire du 27 septembre 2018<\/a><\/p>\n<\/div><\/li>\n<li class=\"\"><h4 class=\"accordion-title\">Compte rendu sommaire du conseil communautaire du 04 juillet 2018<\/h4><div class=\"accordion-content\"><p><a href=\"http:\/\/cb27363e0b.url-de-test.ws\/site\/wp-content\/uploads\/2018\/05\/Compte_rendu_sommaire_conseil_communautaire_04_juillet_2018.pdf\">Compte rendu sommaire du conseil communautaire du 04 juillet 2018<\/a><\/p>\n<\/div><\/li>\n<li class=\"\"><h4 class=\"accordion-title\">Compte rendu sommaire du conseil communautaire du 10 avril 2018<\/h4><div class=\"accordion-content\"><p><a href=\"http:\/\/cb27363e0b.url-de-test.ws\/site\/wp-content\/uploads\/2018\/04\/compte-rendu-sommaire-du-conseil-communautaire-du-10-avril-2018.pdf\">Compte rendu sommaire du conseil communautaire du 10 avril 2018<\/a><br \/>\n<a href=\"http:\/\/cb27363e0b.url-de-test.ws\/site\/wp-content\/uploads\/2018\/05\/BP-2018-ZONE-DES-FOURNIALS_1.pdf\">BP 2018 ZONE DES FOURNIALS_1<\/a><br \/>\n<a href=\"http:\/\/cb27363e0b.url-de-test.ws\/site\/wp-content\/uploads\/2018\/05\/BP-2018-SERVICE-COMMUN_1.pdf\">BP 2018 SERVICE COMMUN_1<\/a><br \/>\n<a href=\"http:\/\/cb27363e0b.url-de-test.ws\/site\/wp-content\/uploads\/2018\/05\/BP-2018-BUDGET-PRINCIPAL_1.pdf\">BP 2018 BUDGET PRINCIPAL_1<\/a><br \/>\n<a href=\"http:\/\/cb27363e0b.url-de-test.ws\/site\/wp-content\/uploads\/2018\/05\/BP-2018-ORDURES-MENAGERES_1.pdf\">BP 2018 ORDURES MENAGERES_1<\/a><br \/>\n<a href=\"http:\/\/cb27363e0b.url-de-test.ws\/site\/wp-content\/uploads\/2018\/05\/BP-2018-SPANC_1.pdf\">BP 2018 SPANC_1<\/a><br \/>\n<a href=\"http:\/\/cb27363e0b.url-de-test.ws\/site\/wp-content\/uploads\/2018\/05\/BP-2018-ZONE-DE-LABOUTARIE_1.pdf\">BP 2018 ZONE DE LABOUTARIE_1<\/a><br \/>\n<a href=\"http:\/\/cb27363e0b.url-de-test.ws\/site\/wp-content\/uploads\/2018\/05\/BP-2018-MSP_1.pdf\">BP 2018 MSP_1<\/a><br \/>\n<a href=\"http:\/\/cb27363e0b.url-de-test.ws\/site\/wp-content\/uploads\/2018\/05\/BP-2018-ZONE-DE-LOMBERS_1.pdf\">BP 2018 ZONE DE LOMBERS_1<\/a><\/p>\n<\/div><\/li>\n<li class=\"\"><h4 class=\"accordion-title\">Compte rendu sommaire du conseil communautaire du 06 mars 2018<\/h4><div class=\"accordion-content\"><p><a href=\"http:\/\/cb27363e0b.url-de-test.ws\/site\/wp-content\/uploads\/2018\/04\/Compte-rendu-sommaire-du-conseil-communautaire-du-06-mars-2018-.pdf\">Compte rendu sommaire du conseil communautaire du 06 mars 2018<\/a><br \/>\n<a href=\"http:\/\/cb27363e0b.url-de-test.ws\/site\/wp-content\/uploads\/2018\/05\/COMPTA-ADMINISTRATIF-BUDGET-ANNEXE-ZA-DE-LOMBERS.pdf\">COMPTA ADMINISTRATIF BUDGET ANNEXE ZA DE LOMBERS<\/a><br \/>\n<a href=\"http:\/\/cb27363e0b.url-de-test.ws\/site\/wp-content\/uploads\/2018\/05\/COMPTE-ADMINISTRATIF-BUDGET-ANNEXE-MSP.pdf\">COMPTE ADMINISTRATIF BUDGET ANNEXE MSP<\/a><br \/>\n<a href=\"http:\/\/cb27363e0b.url-de-test.ws\/site\/wp-content\/uploads\/2018\/05\/COMPTE-ADMINISTRATIF-BUDGET-ANNEXE-ORDURES-MENAGERES.pdf\">COMPTE ADMINISTRATIF BUDGET ANNEXE ORDURES MENAGERES<\/a><br \/>\n<a href=\"http:\/\/cb27363e0b.url-de-test.ws\/site\/wp-content\/uploads\/2018\/05\/COMPTE-ADMINISTRATIF-BUDGET-ANNEXE-SERVICE-COMMUN.pdf\">COMPTE ADMINISTRATIF BUDGET ANNEXE SERVICE COMMUN<\/a><br \/>\n<a href=\"http:\/\/cb27363e0b.url-de-test.ws\/site\/wp-content\/uploads\/2018\/05\/COMPTE-ADMINISTRATIF-BUDGET-ANNEXE-ZA-DES-FOURNIALS.pdf\">COMPTE ADMINISTRATIF BUDGET ANNEXE ZA DES FOURNIALS<\/a><br \/>\n<a href=\"http:\/\/cb27363e0b.url-de-test.ws\/site\/wp-content\/uploads\/2018\/05\/COMPTE-ADMINISTRATIF-BUDGET-PRINCIPAL.pdf\">COMPTE ADMINISTRATIF BUDGET PRINCIPAL<\/a><br \/>\n<a href=\"http:\/\/cb27363e0b.url-de-test.ws\/site\/wp-content\/uploads\/2018\/05\/COMPTE-ADMINISTRATIF-BUDGET-ANNEXE-SPANC.pdf\">COMPTE ADMINISTRATIF BUDGET ANNEXE SPANC<\/a><br \/>\n<a href=\"http:\/\/cb27363e0b.url-de-test.ws\/site\/wp-content\/uploads\/2018\/05\/COMPTE-ADMINISTRATIF-BUDGET-ANNEXE-ZAC-DE-LABOUTARIE.pdf\">COMPTE ADMINISTRATIF BUDGET ANNEXE ZAC DE LABOUTARIE<\/a><\/p>\n<\/div><\/li>\n<\/ul><\/div><\/div>\n","protected":false},"excerpt":{"rendered":"<p>Les d\u00e9lib\u00e9rations et autres documents sont disponibles sur simple demande \u00e0 l&rsquo;adresse suivante direction@centretarn.fr<\/p>\n","protected":false},"author":1,"featured_media":0,"parent":0,"menu_order":0,"comment_status":"closed","ping_status":"closed","template":"","meta":[],"yoast_head":"<!-- This site is optimized with the Yoast SEO plugin v18.3 - https:\/\/yoast.com\/wordpress\/plugins\/seo\/ -->\n<title>Conseil Communautaire - Communaut\u00e9 de Communes Centre Tarn<\/title>\n<meta name=\"robots\" content=\"noindex, follow, max-snippet:-1, max-image-preview:large, max-video-preview:-1\" \/>\n<meta property=\"og:locale\" content=\"fr_FR\" \/>\n<meta property=\"og:type\" content=\"article\" \/>\n<meta property=\"og:title\" content=\"Conseil Communautaire - Communaut\u00e9 de Communes Centre Tarn\" \/>\n<meta property=\"og:description\" content=\"Les d\u00e9lib\u00e9rations et autres documents sont disponibles sur simple demande \u00e0 l&rsquo;adresse suivante direction@centretarn.fr\" \/>\n<meta property=\"og:url\" content=\"http:\/\/cb27363e0b.url-de-test.ws\/site\/conseil-communautaire\/\" \/>\n<meta property=\"og:site_name\" content=\"Communaut\u00e9 de Communes Centre Tarn\" \/>\n<meta property=\"article:publisher\" content=\"https:\/\/fr-fr.facebook.com\/centretarn\/\" \/>\n<meta property=\"article:modified_time\" content=\"2018-09-28T14:51:56+00:00\" \/>\n<meta name=\"twitter:card\" content=\"summary_large_image\" \/>\n<meta name=\"twitter:label1\" content=\"Dur\u00e9e de lecture estim\u00e9e\" \/>\n\t<meta name=\"twitter:data1\" content=\"1 minute\" \/>\n<script type=\"application\/ld+json\" class=\"yoast-schema-graph\">{\"@context\":\"https:\/\/schema.org\",\"@graph\":[{\"@type\":\"Organization\",\"@id\":\"http:\/\/cb27363e0b.url-de-test.ws\/site\/#organization\",\"name\":\"Communaut\u00e9 de Communes Centre Tarn\",\"url\":\"http:\/\/cb27363e0b.url-de-test.ws\/site\/\",\"sameAs\":[\"https:\/\/fr-fr.facebook.com\/centretarn\/\",\"https:\/\/www.youtube.com\/channel\/UCmH971jS42X98fNgJKDqb1A\"],\"logo\":{\"@type\":\"ImageObject\",\"@id\":\"http:\/\/cb27363e0b.url-de-test.ws\/site\/#logo\",\"inLanguage\":\"fr-FR\",\"url\":\"http:\/\/cb27363e0b.url-de-test.ws\/site\/wp-content\/uploads\/2018\/02\/logo-site.png\",\"contentUrl\":\"http:\/\/cb27363e0b.url-de-test.ws\/site\/wp-content\/uploads\/2018\/02\/logo-site.png\",\"width\":149,\"height\":169,\"caption\":\"Communaut\u00e9 de Communes Centre Tarn\"},\"image\":{\"@id\":\"http:\/\/cb27363e0b.url-de-test.ws\/site\/#logo\"}},{\"@type\":\"WebSite\",\"@id\":\"http:\/\/cb27363e0b.url-de-test.ws\/site\/#website\",\"url\":\"http:\/\/cb27363e0b.url-de-test.ws\/site\/\",\"name\":\"Communaut\u00e9 de Communes Centre Tarn\",\"description\":\"\",\"publisher\":{\"@id\":\"http:\/\/cb27363e0b.url-de-test.ws\/site\/#organization\"},\"potentialAction\":[{\"@type\":\"SearchAction\",\"target\":{\"@type\":\"EntryPoint\",\"urlTemplate\":\"http:\/\/cb27363e0b.url-de-test.ws\/site\/?s={search_term_string}\"},\"query-input\":\"required name=search_term_string\"}],\"inLanguage\":\"fr-FR\"},{\"@type\":\"WebPage\",\"@id\":\"http:\/\/cb27363e0b.url-de-test.ws\/site\/conseil-communautaire\/#webpage\",\"url\":\"http:\/\/cb27363e0b.url-de-test.ws\/site\/conseil-communautaire\/\",\"name\":\"Conseil Communautaire - Communaut\u00e9 de Communes Centre Tarn\",\"isPartOf\":{\"@id\":\"http:\/\/cb27363e0b.url-de-test.ws\/site\/#website\"},\"datePublished\":\"2018-05-25T08:42:43+00:00\",\"dateModified\":\"2018-09-28T14:51:56+00:00\",\"breadcrumb\":{\"@id\":\"http:\/\/cb27363e0b.url-de-test.ws\/site\/conseil-communautaire\/#breadcrumb\"},\"inLanguage\":\"fr-FR\",\"potentialAction\":[{\"@type\":\"ReadAction\",\"target\":[\"http:\/\/cb27363e0b.url-de-test.ws\/site\/conseil-communautaire\/\"]}]},{\"@type\":\"BreadcrumbList\",\"@id\":\"http:\/\/cb27363e0b.url-de-test.ws\/site\/conseil-communautaire\/#breadcrumb\",\"itemListElement\":[{\"@type\":\"ListItem\",\"position\":1,\"name\":\"Accueil\",\"item\":\"http:\/\/cb27363e0b.url-de-test.ws\/site\/\"},{\"@type\":\"ListItem\",\"position\":2,\"name\":\"Conseil Communautaire\"}]}]}<\/script>\n<!-- \/ Yoast SEO plugin. -->","yoast_head_json":{"title":"Conseil Communautaire - Communaut\u00e9 de Communes Centre Tarn","robots":{"index":"noindex","follow":"follow","max-snippet":"max-snippet:-1","max-image-preview":"max-image-preview:large","max-video-preview":"max-video-preview:-1"},"og_locale":"fr_FR","og_type":"article","og_title":"Conseil Communautaire - Communaut\u00e9 de Communes Centre Tarn","og_description":"Les d\u00e9lib\u00e9rations et autres documents sont disponibles sur simple demande \u00e0 l&rsquo;adresse suivante direction@centretarn.fr","og_url":"http:\/\/cb27363e0b.url-de-test.ws\/site\/conseil-communautaire\/","og_site_name":"Communaut\u00e9 de Communes Centre Tarn","article_publisher":"https:\/\/fr-fr.facebook.com\/centretarn\/","article_modified_time":"2018-09-28T14:51:56+00:00","twitter_card":"summary_large_image","twitter_misc":{"Dur\u00e9e de lecture estim\u00e9e":"1 minute"},"schema":{"@context":"https:\/\/schema.org","@graph":[{"@type":"Organization","@id":"http:\/\/cb27363e0b.url-de-test.ws\/site\/#organization","name":"Communaut\u00e9 de Communes Centre Tarn","url":"http:\/\/cb27363e0b.url-de-test.ws\/site\/","sameAs":["https:\/\/fr-fr.facebook.com\/centretarn\/","https:\/\/www.youtube.com\/channel\/UCmH971jS42X98fNgJKDqb1A"],"logo":{"@type":"ImageObject","@id":"http:\/\/cb27363e0b.url-de-test.ws\/site\/#logo","inLanguage":"fr-FR","url":"http:\/\/cb27363e0b.url-de-test.ws\/site\/wp-content\/uploads\/2018\/02\/logo-site.png","contentUrl":"http:\/\/cb27363e0b.url-de-test.ws\/site\/wp-content\/uploads\/2018\/02\/logo-site.png","width":149,"height":169,"caption":"Communaut\u00e9 de Communes Centre Tarn"},"image":{"@id":"http:\/\/cb27363e0b.url-de-test.ws\/site\/#logo"}},{"@type":"WebSite","@id":"http:\/\/cb27363e0b.url-de-test.ws\/site\/#website","url":"http:\/\/cb27363e0b.url-de-test.ws\/site\/","name":"Communaut\u00e9 de Communes Centre Tarn","description":"","publisher":{"@id":"http:\/\/cb27363e0b.url-de-test.ws\/site\/#organization"},"potentialAction":[{"@type":"SearchAction","target":{"@type":"EntryPoint","urlTemplate":"http:\/\/cb27363e0b.url-de-test.ws\/site\/?s={search_term_string}"},"query-input":"required name=search_term_string"}],"inLanguage":"fr-FR"},{"@type":"WebPage","@id":"http:\/\/cb27363e0b.url-de-test.ws\/site\/conseil-communautaire\/#webpage","url":"http:\/\/cb27363e0b.url-de-test.ws\/site\/conseil-communautaire\/","name":"Conseil Communautaire - Communaut\u00e9 de Communes Centre Tarn","isPartOf":{"@id":"http:\/\/cb27363e0b.url-de-test.ws\/site\/#website"},"datePublished":"2018-05-25T08:42:43+00:00","dateModified":"2018-09-28T14:51:56+00:00","breadcrumb":{"@id":"http:\/\/cb27363e0b.url-de-test.ws\/site\/conseil-communautaire\/#breadcrumb"},"inLanguage":"fr-FR","potentialAction":[{"@type":"ReadAction","target":["http:\/\/cb27363e0b.url-de-test.ws\/site\/conseil-communautaire\/"]}]},{"@type":"BreadcrumbList","@id":"http:\/\/cb27363e0b.url-de-test.ws\/site\/conseil-communautaire\/#breadcrumb","itemListElement":[{"@type":"ListItem","position":1,"name":"Accueil","item":"http:\/\/cb27363e0b.url-de-test.ws\/site\/"},{"@type":"ListItem","position":2,"name":"Conseil Communautaire"}]}]}},"_links":{"self":[{"href":"http:\/\/cb27363e0b.url-de-test.ws\/site\/wp-json\/wp\/v2\/pages\/2069"}],"collection":[{"href":"http:\/\/cb27363e0b.url-de-test.ws\/site\/wp-json\/wp\/v2\/pages"}],"about":[{"href":"http:\/\/cb27363e0b.url-de-test.ws\/site\/wp-json\/wp\/v2\/types\/page"}],"author":[{"embeddable":true,"href":"http:\/\/cb27363e0b.url-de-test.ws\/site\/wp-json\/wp\/v2\/users\/1"}],"replies":[{"embeddable":true,"href":"http:\/\/cb27363e0b.url-de-test.ws\/site\/wp-json\/wp\/v2\/comments?post=2069"}],"version-history":[{"count":12,"href":"http:\/\/cb27363e0b.url-de-test.ws\/site\/wp-json\/wp\/v2\/pages\/2069\/revisions"}],"predecessor-version":[{"id":3386,"href":"http:\/\/cb27363e0b.url-de-test.ws\/site\/wp-json\/wp\/v2\/pages\/2069\/revisions\/3386"}],"wp:attachment":[{"href":"http:\/\/cb27363e0b.url-de-test.ws\/site\/wp-json\/wp\/v2\/media?parent=2069"}],"curies":[{"name":"wp","href":"https:\/\/api.w.org\/{rel}","templated":true}]}}