{"id":1833,"date":"2018-02-07T10:20:41","date_gmt":"2018-02-07T09:20:41","guid":{"rendered":"http:\/\/cb27363e0b.url-de-test.ws\/site\/?page_id=1833"},"modified":"2018-02-07T11:10:26","modified_gmt":"2018-02-07T10:10:26","slug":"accessibilite","status":"publish","type":"page","link":"http:\/\/cb27363e0b.url-de-test.ws\/site\/accessibilite\/","title":{"rendered":"Accessibilit\u00e9"},"content":{"rendered":"<div class=\"content clearfix\">\n<div class=\"field field-name-body field-type-text-with-summary field-label-hidden\">\n<div class=\"field-items\">\n<div class=\"field-item even\">\n<h2 style=\"text-align: justify;\">Accessibilit\u00e9 pour tous, un acc\u00e8s universel \u00e0 l\u2019information<\/h2>\n<p style=\"text-align: justify;\">Permettre l\u2019acc\u00e8s \u00e0 tous et \u00e0 toutes \u00e0 l\u2019information et aux services dans le cadre du site Internet de la communaut\u00e9 de communes Centre Tarn est un acte normal de communication num\u00e9rique. Cet acc\u00e8s universel, \u00e9galement appel\u00e9 \u00ab accessibilit\u00e9 num\u00e9rique \u00bb, permet un acc\u00e8s \u00e0 l\u2019information quel que soit votre mode d\u2019acc\u00e8s au Web. Cela permet notamment aux personnes handicap\u00e9es de consulter l\u2019ensemble des informations. Mais \u00e9galement d\u2019utiliser simplement les services en ligne. Cette volont\u00e9 permet aux personnes non voyantes de lire l\u2019information, aux t\u00e9trapl\u00e9giques d\u2019utiliser leurs mat\u00e9riels sp\u00e9cifiques (commande vocales, pipettes, etc.) pour naviguer normalement dans le site, mais \u00e9galement aux utilisateurs malvoyants de pouvoir grossir les caract\u00e8res \u00e0 partir de leurs claviers, aux daltoniens de ne pas \u00eatre perturb\u00e9s par les couleurs utilis\u00e9es, etc.<\/p>\n<p style=\"text-align: justify;\">Ainsi l\u2019universalit\u00e9 du Web permet \u00e0 chacun de personnaliser son acc\u00e8s \u00e0 l\u2019information, aux plus \u00e2g\u00e9s de garder une autonomie d\u2019acc\u00e8s \u00e0 l\u2019information ou aux plus nomades de s\u2019informer \u00e0 tout moment o\u00f9 qu\u2019ils soient.<\/p>\n<h2 style=\"text-align: justify;\">L\u2019accessibilit\u00e9, comment \u00e7a marche ?<\/h2>\n<p style=\"text-align: justify;\">Mettre en ligne un site Web accessible, c\u2019est avant tout une attention toute particuli\u00e8re lors de la conception du site et une motivation des \u00e9quipes qui mettent \u00e0 jour, quotidiennement, les contenus. Mais c\u2019est \u00e9galement une volont\u00e9 de respecter les normes et les standards qui, au niveau national et international, d\u00e9finissent l\u2019accessibilit\u00e9 num\u00e9rique et la qualit\u00e9 des interfaces Web.<\/p>\n<p style=\"text-align: justify;\">Le respect de ces normes, c\u2019est aujourd\u2019hui se conformer au r\u00e9f\u00e9rentiel accessibilit\u00e9 de l\u2019Agence pour le D\u00e9veloppement de l\u2019Administration \u00c9lectronique (A.D.A.E.). Ce r\u00e9f\u00e9rentiel est constitu\u00e9 de 92 crit\u00e8res r\u00e9partis en 3 niveaux. Le premier niveau qui correspond \u00e0 une accessibilit\u00e9 garantie, comporte 55 crit\u00e8res eux-m\u00eames r\u00e9partis en 13 chapitres. Le respect de l\u2019accessibilit\u00e9, c\u2019est donc s\u2019assurer que chaque page mise en ligne, chaque contenu publi\u00e9 respectent scrupuleusement la totalit\u00e9 de ces crit\u00e8res.<\/p>\n<p style=\"text-align: justify;\">C\u2019est \u00e0 partir du respect strict des normes que nous permettons \u00e0 chacun de consulter le site avec son propre mat\u00e9riel, ses particularismes ou m\u00eame ses habitudes. Ainsi quel que soit votre navigateur, l\u2019information reste disponible. Les personnes non-voyantes peuvent \u00e9galement utiliser des aides techniques, des logiciels qui lisent les contenus et les informations pr\u00e9sent\u00e9es \u00e0 l\u2019\u00e9cran et donc \u00e9couter au travers d\u2019une synth\u00e8se vocale ou lire par une plage braille les textes propos\u00e9s. Un effort a \u00e9galement \u00e9t\u00e9 fait sur la r\u00e9daction des textes pour que leur accessibilit\u00e9 et leur lisibilit\u00e9 soient encore am\u00e9lior\u00e9es.<\/p>\n<p style=\"text-align: justify;\">L\u2019accessibilit\u00e9 ne repr\u00e9sente pas une multitude de traitements ou de mises en ligne sp\u00e9cifique mais un travail sur la qualit\u00e9 de mise \u00e0 disposition du m\u00eame contenu \u00e0 tous.<\/p>\n<h2 style=\"text-align: justify;\">Une d\u00e9marche citoyenne<\/h2>\n<p style=\"text-align: justify;\">Mais au-del\u00e0 d\u2019une d\u00e9marche humaine et d\u2019une approche qualit\u00e9, ouvrir un site Web accessible est \u00e9galement la r\u00e9ponse \u00e0 une obligation l\u00e9gale. L\u2019article 47 de la loi du 11 f\u00e9vrier 2005 pour l&rsquo;\u00e9galit\u00e9 des droits et des chances, la participation et la citoyennet\u00e9 des personnes handicap\u00e9es stipule :<\/p>\n<p style=\"text-align: justify;\">\u00ab <em>Les services de communication publique en ligne des services de l&rsquo;\u00c9tat, des collectivit\u00e9s territoriales et des \u00e9tablissements publics qui en d\u00e9pendent doivent \u00eatre accessibles aux personnes handicap\u00e9es<\/em>\u00a0\u00bb.<br \/>\nDe m\u00eame de nombreuses directives europ\u00e9ennes demandent de respecter un acc\u00e8s libre \u00e0 l\u2019information pour tous sans aucune discrimination : c\u2019est aussi cela l\u2019accessibilit\u00e9 num\u00e9rique.<\/p>\n<p style=\"text-align: justify;\">Mais au-del\u00e0 du n\u00e9cessaire respect de la loi, le respect de tous et de l\u2019accessibilit\u00e9 garantie \u00e0 l\u2019information s\u2019inscrit dans une logique de qualit\u00e9 de l\u2019environnement et de d\u00e9veloppement durable. Cet axe permet de consid\u00e9rer l\u2019information et l\u2019acc\u00e8s aux services comme un bien appartenant \u00e0 tous et par cons\u00e9quent \u00e0 la disposition de tous.<\/p>\n<p style=\"text-align: justify;\">Pour en savoir plus sur l\u2019accessibilit\u00e9 :<\/p>\n<ul style=\"text-align: justify;\">\n<li>D\u00e9couvrir et comprendre en quelques le\u00e7ons les arcanes de l\u2019accessibilit\u00e9.<br \/>\n<a href=\"http:\/\/www.la-grange.net\/accessibilite\/\">www.la-grange.net\/accessibilite<\/a><\/li>\n<li>L\u2019article 47 de la loi du 11 f\u00e9vrier 2005, d\u00e9couvrez l\u2019article de loi dans sa compl\u00e9tude.<br \/>\n<a href=\"http:\/\/www.legifrance.gouv.fr\">www.legifrance.gouv.fr<\/a><\/li>\n<li>W3C\/WAI, l\u2019initiative accessibilit\u00e9 au niveau international (site en anglais).<br \/>\n<a href=\"http:\/\/www.w3.org\/WAI\/\">www.w3.org\/WAI<\/a><\/li>\n<li>L\u2019association AccessiWeb, un site qui regroupe l\u2019ensemble des ressources n\u00e9cessaires \u00e0 la bonne compr\u00e9hension de l\u2019accessibilit\u00e9 du Web en France.<br \/>\n<a href=\"http:\/\/www.accessiweb.org\">www.accessiweb.org<\/a><\/li>\n<li>Pour conna\u00eetre les r\u00e9f\u00e9rentiels de l\u2019Etat en mati\u00e8re d\u2019accessibilit\u00e9<br \/>\n<a href=\"http:\/\/references.modernisation.gouv.fr\/\">http:\/\/references.modernisation.gouv.fr<\/a><\/li>\n<\/ul>\n<h3 style=\"text-align: justify;\">Demande de mise en conformit\u00e9<\/h3>\n<p style=\"text-align: justify;\">Si vous rencontrez des difficult\u00e9s de navigation, d&rsquo;acc\u00e8s \u00e0 une information ou un oubli dans l&rsquo;une des pages du site, en d\u00e9pits des actions que nous avons men\u00e9, nous vous invitons \u00e0 <a href=\"http:\/\/cb27363e0b.url-de-test.ws\/site\/contact\/\" target=\"_blank\" rel=\"noopener\">nous contacter<\/a>.<\/p>\n<\/div>\n<\/div>\n<\/div>\n<\/div>\n","protected":false},"excerpt":{"rendered":"<p>Accessibilit\u00e9 pour tous, un acc\u00e8s universel \u00e0 l\u2019information Permettre l\u2019acc\u00e8s \u00e0 tous et \u00e0 toutes \u00e0 l\u2019information et aux services dans le cadre du site Internet de la communaut\u00e9 de communes Centre Tarn est un acte normal de communication num\u00e9rique. Cet acc\u00e8s universel, \u00e9galement appel\u00e9 \u00ab accessibilit\u00e9 num\u00e9rique \u00bb, permet un acc\u00e8s \u00e0 l\u2019information quel [&hellip;]<\/p>\n","protected":false},"author":1,"featured_media":0,"parent":0,"menu_order":0,"comment_status":"closed","ping_status":"closed","template":"","meta":[],"yoast_head":"<!-- This site is optimized with the Yoast SEO plugin v18.3 - https:\/\/yoast.com\/wordpress\/plugins\/seo\/ -->\n<title>Accessibilit\u00e9 - Communaut\u00e9 de Communes Centre Tarn<\/title>\n<meta name=\"robots\" content=\"noindex, follow, max-snippet:-1, max-image-preview:large, max-video-preview:-1\" \/>\n<meta property=\"og:locale\" content=\"fr_FR\" \/>\n<meta property=\"og:type\" content=\"article\" \/>\n<meta property=\"og:title\" content=\"Accessibilit\u00e9 - Communaut\u00e9 de Communes Centre Tarn\" \/>\n<meta property=\"og:description\" content=\"Accessibilit\u00e9 pour tous, un acc\u00e8s universel \u00e0 l\u2019information Permettre l\u2019acc\u00e8s \u00e0 tous et \u00e0 toutes \u00e0 l\u2019information et aux services dans le cadre du site Internet de la communaut\u00e9 de communes Centre Tarn est un acte normal de communication num\u00e9rique. Cet acc\u00e8s universel, \u00e9galement appel\u00e9 \u00ab accessibilit\u00e9 num\u00e9rique \u00bb, permet un acc\u00e8s \u00e0 l\u2019information quel [&hellip;]\" \/>\n<meta property=\"og:url\" content=\"http:\/\/cb27363e0b.url-de-test.ws\/site\/accessibilite\/\" \/>\n<meta property=\"og:site_name\" content=\"Communaut\u00e9 de Communes Centre Tarn\" \/>\n<meta property=\"article:publisher\" content=\"https:\/\/fr-fr.facebook.com\/centretarn\/\" \/>\n<meta property=\"article:modified_time\" content=\"2018-02-07T10:10:26+00:00\" \/>\n<meta name=\"twitter:card\" content=\"summary_large_image\" \/>\n<meta name=\"twitter:label1\" content=\"Dur\u00e9e de lecture estim\u00e9e\" \/>\n\t<meta name=\"twitter:data1\" content=\"4 minutes\" \/>\n<script type=\"application\/ld+json\" class=\"yoast-schema-graph\">{\"@context\":\"https:\/\/schema.org\",\"@graph\":[{\"@type\":\"Organization\",\"@id\":\"http:\/\/cb27363e0b.url-de-test.ws\/site\/#organization\",\"name\":\"Communaut\u00e9 de Communes Centre Tarn\",\"url\":\"http:\/\/cb27363e0b.url-de-test.ws\/site\/\",\"sameAs\":[\"https:\/\/fr-fr.facebook.com\/centretarn\/\",\"https:\/\/www.youtube.com\/channel\/UCmH971jS42X98fNgJKDqb1A\"],\"logo\":{\"@type\":\"ImageObject\",\"@id\":\"http:\/\/cb27363e0b.url-de-test.ws\/site\/#logo\",\"inLanguage\":\"fr-FR\",\"url\":\"http:\/\/cb27363e0b.url-de-test.ws\/site\/wp-content\/uploads\/2018\/02\/logo-site.png\",\"contentUrl\":\"http:\/\/cb27363e0b.url-de-test.ws\/site\/wp-content\/uploads\/2018\/02\/logo-site.png\",\"width\":149,\"height\":169,\"caption\":\"Communaut\u00e9 de Communes Centre Tarn\"},\"image\":{\"@id\":\"http:\/\/cb27363e0b.url-de-test.ws\/site\/#logo\"}},{\"@type\":\"WebSite\",\"@id\":\"http:\/\/cb27363e0b.url-de-test.ws\/site\/#website\",\"url\":\"http:\/\/cb27363e0b.url-de-test.ws\/site\/\",\"name\":\"Communaut\u00e9 de Communes Centre Tarn\",\"description\":\"\",\"publisher\":{\"@id\":\"http:\/\/cb27363e0b.url-de-test.ws\/site\/#organization\"},\"potentialAction\":[{\"@type\":\"SearchAction\",\"target\":{\"@type\":\"EntryPoint\",\"urlTemplate\":\"http:\/\/cb27363e0b.url-de-test.ws\/site\/?s={search_term_string}\"},\"query-input\":\"required name=search_term_string\"}],\"inLanguage\":\"fr-FR\"},{\"@type\":\"WebPage\",\"@id\":\"http:\/\/cb27363e0b.url-de-test.ws\/site\/accessibilite\/#webpage\",\"url\":\"http:\/\/cb27363e0b.url-de-test.ws\/site\/accessibilite\/\",\"name\":\"Accessibilit\u00e9 - Communaut\u00e9 de Communes Centre Tarn\",\"isPartOf\":{\"@id\":\"http:\/\/cb27363e0b.url-de-test.ws\/site\/#website\"},\"datePublished\":\"2018-02-07T09:20:41+00:00\",\"dateModified\":\"2018-02-07T10:10:26+00:00\",\"breadcrumb\":{\"@id\":\"http:\/\/cb27363e0b.url-de-test.ws\/site\/accessibilite\/#breadcrumb\"},\"inLanguage\":\"fr-FR\",\"potentialAction\":[{\"@type\":\"ReadAction\",\"target\":[\"http:\/\/cb27363e0b.url-de-test.ws\/site\/accessibilite\/\"]}]},{\"@type\":\"BreadcrumbList\",\"@id\":\"http:\/\/cb27363e0b.url-de-test.ws\/site\/accessibilite\/#breadcrumb\",\"itemListElement\":[{\"@type\":\"ListItem\",\"position\":1,\"name\":\"Accueil\",\"item\":\"http:\/\/cb27363e0b.url-de-test.ws\/site\/\"},{\"@type\":\"ListItem\",\"position\":2,\"name\":\"Accessibilit\u00e9\"}]}]}<\/script>\n<!-- \/ Yoast SEO plugin. -->","yoast_head_json":{"title":"Accessibilit\u00e9 - Communaut\u00e9 de Communes Centre Tarn","robots":{"index":"noindex","follow":"follow","max-snippet":"max-snippet:-1","max-image-preview":"max-image-preview:large","max-video-preview":"max-video-preview:-1"},"og_locale":"fr_FR","og_type":"article","og_title":"Accessibilit\u00e9 - Communaut\u00e9 de Communes Centre Tarn","og_description":"Accessibilit\u00e9 pour tous, un acc\u00e8s universel \u00e0 l\u2019information Permettre l\u2019acc\u00e8s \u00e0 tous et \u00e0 toutes \u00e0 l\u2019information et aux services dans le cadre du site Internet de la communaut\u00e9 de communes Centre Tarn est un acte normal de communication num\u00e9rique. Cet acc\u00e8s universel, \u00e9galement appel\u00e9 \u00ab accessibilit\u00e9 num\u00e9rique \u00bb, permet un acc\u00e8s \u00e0 l\u2019information quel [&hellip;]","og_url":"http:\/\/cb27363e0b.url-de-test.ws\/site\/accessibilite\/","og_site_name":"Communaut\u00e9 de Communes Centre Tarn","article_publisher":"https:\/\/fr-fr.facebook.com\/centretarn\/","article_modified_time":"2018-02-07T10:10:26+00:00","twitter_card":"summary_large_image","twitter_misc":{"Dur\u00e9e de lecture estim\u00e9e":"4 minutes"},"schema":{"@context":"https:\/\/schema.org","@graph":[{"@type":"Organization","@id":"http:\/\/cb27363e0b.url-de-test.ws\/site\/#organization","name":"Communaut\u00e9 de Communes Centre Tarn","url":"http:\/\/cb27363e0b.url-de-test.ws\/site\/","sameAs":["https:\/\/fr-fr.facebook.com\/centretarn\/","https:\/\/www.youtube.com\/channel\/UCmH971jS42X98fNgJKDqb1A"],"logo":{"@type":"ImageObject","@id":"http:\/\/cb27363e0b.url-de-test.ws\/site\/#logo","inLanguage":"fr-FR","url":"http:\/\/cb27363e0b.url-de-test.ws\/site\/wp-content\/uploads\/2018\/02\/logo-site.png","contentUrl":"http:\/\/cb27363e0b.url-de-test.ws\/site\/wp-content\/uploads\/2018\/02\/logo-site.png","width":149,"height":169,"caption":"Communaut\u00e9 de Communes Centre Tarn"},"image":{"@id":"http:\/\/cb27363e0b.url-de-test.ws\/site\/#logo"}},{"@type":"WebSite","@id":"http:\/\/cb27363e0b.url-de-test.ws\/site\/#website","url":"http:\/\/cb27363e0b.url-de-test.ws\/site\/","name":"Communaut\u00e9 de Communes Centre Tarn","description":"","publisher":{"@id":"http:\/\/cb27363e0b.url-de-test.ws\/site\/#organization"},"potentialAction":[{"@type":"SearchAction","target":{"@type":"EntryPoint","urlTemplate":"http:\/\/cb27363e0b.url-de-test.ws\/site\/?s={search_term_string}"},"query-input":"required name=search_term_string"}],"inLanguage":"fr-FR"},{"@type":"WebPage","@id":"http:\/\/cb27363e0b.url-de-test.ws\/site\/accessibilite\/#webpage","url":"http:\/\/cb27363e0b.url-de-test.ws\/site\/accessibilite\/","name":"Accessibilit\u00e9 - Communaut\u00e9 de Communes Centre Tarn","isPartOf":{"@id":"http:\/\/cb27363e0b.url-de-test.ws\/site\/#website"},"datePublished":"2018-02-07T09:20:41+00:00","dateModified":"2018-02-07T10:10:26+00:00","breadcrumb":{"@id":"http:\/\/cb27363e0b.url-de-test.ws\/site\/accessibilite\/#breadcrumb"},"inLanguage":"fr-FR","potentialAction":[{"@type":"ReadAction","target":["http:\/\/cb27363e0b.url-de-test.ws\/site\/accessibilite\/"]}]},{"@type":"BreadcrumbList","@id":"http:\/\/cb27363e0b.url-de-test.ws\/site\/accessibilite\/#breadcrumb","itemListElement":[{"@type":"ListItem","position":1,"name":"Accueil","item":"http:\/\/cb27363e0b.url-de-test.ws\/site\/"},{"@type":"ListItem","position":2,"name":"Accessibilit\u00e9"}]}]}},"_links":{"self":[{"href":"http:\/\/cb27363e0b.url-de-test.ws\/site\/wp-json\/wp\/v2\/pages\/1833"}],"collection":[{"href":"http:\/\/cb27363e0b.url-de-test.ws\/site\/wp-json\/wp\/v2\/pages"}],"about":[{"href":"http:\/\/cb27363e0b.url-de-test.ws\/site\/wp-json\/wp\/v2\/types\/page"}],"author":[{"embeddable":true,"href":"http:\/\/cb27363e0b.url-de-test.ws\/site\/wp-json\/wp\/v2\/users\/1"}],"replies":[{"embeddable":true,"href":"http:\/\/cb27363e0b.url-de-test.ws\/site\/wp-json\/wp\/v2\/comments?post=1833"}],"version-history":[{"count":6,"href":"http:\/\/cb27363e0b.url-de-test.ws\/site\/wp-json\/wp\/v2\/pages\/1833\/revisions"}],"predecessor-version":[{"id":1846,"href":"http:\/\/cb27363e0b.url-de-test.ws\/site\/wp-json\/wp\/v2\/pages\/1833\/revisions\/1846"}],"wp:attachment":[{"href":"http:\/\/cb27363e0b.url-de-test.ws\/site\/wp-json\/wp\/v2\/media?parent=1833"}],"curies":[{"name":"wp","href":"https:\/\/api.w.org\/{rel}","templated":true}]}}