{"id":1828,"date":"2018-02-07T10:04:24","date_gmt":"2018-02-07T09:04:24","guid":{"rendered":"http:\/\/cb27363e0b.url-de-test.ws\/site\/?page_id=1828"},"modified":"2018-02-07T10:22:58","modified_gmt":"2018-02-07T09:22:58","slug":"mentions-legales","status":"publish","type":"page","link":"http:\/\/cb27363e0b.url-de-test.ws\/site\/mentions-legales\/","title":{"rendered":"Mentions L\u00e9gales"},"content":{"rendered":"<div class=\"content clearfix\">\n<div class=\"field field-name-body field-type-text-with-summary field-label-hidden\">\n<div class=\"field-items\">\n<div class=\"field-item even\">\n<h2 style=\"text-align: justify;\">Commission Nationale Informatique et Libert\u00e9s (Cnil)<\/h2>\n<p style=\"text-align: justify;\">Conform\u00e9ment \u00e0 la d\u00e9lib\u00e9ration de la CNIL n\u00b02006-138 du 9 mai 2006 d\u00e9cidant de la dispense de d\u00e9claration des traitements constitu\u00e9s \u00e0 des fins d\u2019information ou de communication externe (Dispense n\u00b07), ce site est dispens\u00e9 de d\u00e9claration aupr\u00e8s de la CNIL.<\/p>\n<h2 style=\"text-align: justify;\">Droit d&rsquo;acc\u00e8s au fichier informatis\u00e9<\/h2>\n<p style=\"text-align: justify;\">Tout utilisateur ayant d\u00e9pos\u00e9 via ce site Internet, des informations directement ou indirectement nominatives, peut demander la communication des informations nominatives le concernant \u00e0 l&rsquo;administrateur du service et les faire rectifier le cas \u00e9ch\u00e9ant, conform\u00e9ment \u00e0 la loi fran\u00e7aise n\u00b078-17 du 6 janvier 1978 relative \u00e0 l&rsquo;informatique, aux fichiers et aux libert\u00e9s, en en faisant la demande <a href=\"mailto:mairie@ville-castres.fr\">par mail<\/a> ou par courrier.<\/p>\n<h2 style=\"text-align: justify;\">Informations mises \u00e0 disposition<\/h2>\n<p style=\"text-align: justify;\">Les informations et communiqu\u00e9s publi\u00e9s dans ce service sont non contractuels et les documents qui font foi, au plan juridique, sont ceux qui ont fait l&rsquo;objet d&rsquo;annonces l\u00e9gales et\/ou du visa des autorit\u00e9s de place.<br \/>\nLe contenu mis \u00e0 disposition sur le pr\u00e9sent site est fourni \u00e0 titre informatif. L&rsquo;existence d&rsquo;un lien du site de la communaut\u00e9 de communes Centre Tarn vers un autre site ne constitue pas une validation de ce site ou de son contenu. Il appartient \u00e0 l&rsquo;internaute d&rsquo;utiliser ces informations avec discernement et esprit critique. La responsabilit\u00e9 de l&rsquo;\u00e9diteur ne saurait \u00eatre engag\u00e9e quant aux informations, opinions et recommandations formul\u00e9es par ces tiers.<\/p>\n<h2 style=\"text-align: justify;\">Licence de droit d&rsquo;usage et copyright<\/h2>\n<p style=\"text-align: justify;\">L&rsquo;ensemble de ce site rel\u00e8ve de la l\u00e9gislation fran\u00e7aise et internationale sur le droit d&rsquo;auteur et de la propri\u00e9t\u00e9 intellectuelle, aussi bien en ce qui concerne sa forme (choix du plan, disposition des mati\u00e8res, moyens d&rsquo;acc\u00e8s aux donn\u00e9es, organisation des donn\u00e9es&#8230;), qu&rsquo;en ce qui concerne chacun des \u00e9l\u00e9ments de son contenu (textes, images, etc&#8230;).<br \/>\nToutes les reproductions, de tout ou partie de ce site, y compris pour les documents t\u00e9l\u00e9chargeables et les repr\u00e9sentations iconographiques et photographiques sont formellement interdites sauf autorisation expresse du responsable du site. L&rsquo;atteinte \u00e0 l&rsquo;un quelconque de ses droits est constitutive du d\u00e9lit p\u00e9nal de contrefa\u00e7on (art. L 335-1 \u00e0 335-10 du Code de la propri\u00e9t\u00e9 intellectuelle) et passible d&rsquo;une peine d&#8217;emprisonnement de deux ans et de 150 000 euros d&rsquo;amende.<\/p>\n<\/div>\n<\/div>\n<\/div>\n<\/div>\n","protected":false},"excerpt":{"rendered":"<p>Commission Nationale Informatique et Libert\u00e9s (Cnil) Conform\u00e9ment \u00e0 la d\u00e9lib\u00e9ration de la CNIL n\u00b02006-138 du 9 mai 2006 d\u00e9cidant de la dispense de d\u00e9claration des traitements constitu\u00e9s \u00e0 des fins d\u2019information ou de communication externe (Dispense n\u00b07), ce site est dispens\u00e9 de d\u00e9claration aupr\u00e8s de la CNIL. Droit d&rsquo;acc\u00e8s au fichier informatis\u00e9 Tout utilisateur ayant [&hellip;]<\/p>\n","protected":false},"author":1,"featured_media":0,"parent":0,"menu_order":0,"comment_status":"closed","ping_status":"closed","template":"","meta":[],"yoast_head":"<!-- This site is optimized with the Yoast SEO plugin v18.3 - https:\/\/yoast.com\/wordpress\/plugins\/seo\/ -->\n<title>Mentions L\u00e9gales - Communaut\u00e9 de Communes Centre Tarn<\/title>\n<meta name=\"robots\" content=\"noindex, follow, max-snippet:-1, max-image-preview:large, max-video-preview:-1\" \/>\n<meta property=\"og:locale\" content=\"fr_FR\" \/>\n<meta property=\"og:type\" content=\"article\" \/>\n<meta property=\"og:title\" content=\"Mentions L\u00e9gales - Communaut\u00e9 de Communes Centre Tarn\" \/>\n<meta property=\"og:description\" content=\"Commission Nationale Informatique et Libert\u00e9s (Cnil) Conform\u00e9ment \u00e0 la d\u00e9lib\u00e9ration de la CNIL n\u00b02006-138 du 9 mai 2006 d\u00e9cidant de la dispense de d\u00e9claration des traitements constitu\u00e9s \u00e0 des fins d\u2019information ou de communication externe (Dispense n\u00b07), ce site est dispens\u00e9 de d\u00e9claration aupr\u00e8s de la CNIL. Droit d&rsquo;acc\u00e8s au fichier informatis\u00e9 Tout utilisateur ayant [&hellip;]\" \/>\n<meta property=\"og:url\" content=\"http:\/\/cb27363e0b.url-de-test.ws\/site\/mentions-legales\/\" \/>\n<meta property=\"og:site_name\" content=\"Communaut\u00e9 de Communes Centre Tarn\" \/>\n<meta property=\"article:publisher\" content=\"https:\/\/fr-fr.facebook.com\/centretarn\/\" \/>\n<meta property=\"article:modified_time\" content=\"2018-02-07T09:22:58+00:00\" \/>\n<meta name=\"twitter:card\" content=\"summary_large_image\" \/>\n<meta name=\"twitter:label1\" content=\"Dur\u00e9e de lecture estim\u00e9e\" \/>\n\t<meta name=\"twitter:data1\" content=\"2 minutes\" \/>\n<script type=\"application\/ld+json\" class=\"yoast-schema-graph\">{\"@context\":\"https:\/\/schema.org\",\"@graph\":[{\"@type\":\"Organization\",\"@id\":\"http:\/\/cb27363e0b.url-de-test.ws\/site\/#organization\",\"name\":\"Communaut\u00e9 de Communes Centre Tarn\",\"url\":\"http:\/\/cb27363e0b.url-de-test.ws\/site\/\",\"sameAs\":[\"https:\/\/fr-fr.facebook.com\/centretarn\/\",\"https:\/\/www.youtube.com\/channel\/UCmH971jS42X98fNgJKDqb1A\"],\"logo\":{\"@type\":\"ImageObject\",\"@id\":\"http:\/\/cb27363e0b.url-de-test.ws\/site\/#logo\",\"inLanguage\":\"fr-FR\",\"url\":\"http:\/\/cb27363e0b.url-de-test.ws\/site\/wp-content\/uploads\/2018\/02\/logo-site.png\",\"contentUrl\":\"http:\/\/cb27363e0b.url-de-test.ws\/site\/wp-content\/uploads\/2018\/02\/logo-site.png\",\"width\":149,\"height\":169,\"caption\":\"Communaut\u00e9 de Communes Centre Tarn\"},\"image\":{\"@id\":\"http:\/\/cb27363e0b.url-de-test.ws\/site\/#logo\"}},{\"@type\":\"WebSite\",\"@id\":\"http:\/\/cb27363e0b.url-de-test.ws\/site\/#website\",\"url\":\"http:\/\/cb27363e0b.url-de-test.ws\/site\/\",\"name\":\"Communaut\u00e9 de Communes Centre Tarn\",\"description\":\"\",\"publisher\":{\"@id\":\"http:\/\/cb27363e0b.url-de-test.ws\/site\/#organization\"},\"potentialAction\":[{\"@type\":\"SearchAction\",\"target\":{\"@type\":\"EntryPoint\",\"urlTemplate\":\"http:\/\/cb27363e0b.url-de-test.ws\/site\/?s={search_term_string}\"},\"query-input\":\"required name=search_term_string\"}],\"inLanguage\":\"fr-FR\"},{\"@type\":\"WebPage\",\"@id\":\"http:\/\/cb27363e0b.url-de-test.ws\/site\/mentions-legales\/#webpage\",\"url\":\"http:\/\/cb27363e0b.url-de-test.ws\/site\/mentions-legales\/\",\"name\":\"Mentions L\u00e9gales - Communaut\u00e9 de Communes Centre Tarn\",\"isPartOf\":{\"@id\":\"http:\/\/cb27363e0b.url-de-test.ws\/site\/#website\"},\"datePublished\":\"2018-02-07T09:04:24+00:00\",\"dateModified\":\"2018-02-07T09:22:58+00:00\",\"breadcrumb\":{\"@id\":\"http:\/\/cb27363e0b.url-de-test.ws\/site\/mentions-legales\/#breadcrumb\"},\"inLanguage\":\"fr-FR\",\"potentialAction\":[{\"@type\":\"ReadAction\",\"target\":[\"http:\/\/cb27363e0b.url-de-test.ws\/site\/mentions-legales\/\"]}]},{\"@type\":\"BreadcrumbList\",\"@id\":\"http:\/\/cb27363e0b.url-de-test.ws\/site\/mentions-legales\/#breadcrumb\",\"itemListElement\":[{\"@type\":\"ListItem\",\"position\":1,\"name\":\"Accueil\",\"item\":\"http:\/\/cb27363e0b.url-de-test.ws\/site\/\"},{\"@type\":\"ListItem\",\"position\":2,\"name\":\"Mentions L\u00e9gales\"}]}]}<\/script>\n<!-- \/ Yoast SEO plugin. -->","yoast_head_json":{"title":"Mentions L\u00e9gales - Communaut\u00e9 de Communes Centre Tarn","robots":{"index":"noindex","follow":"follow","max-snippet":"max-snippet:-1","max-image-preview":"max-image-preview:large","max-video-preview":"max-video-preview:-1"},"og_locale":"fr_FR","og_type":"article","og_title":"Mentions L\u00e9gales - Communaut\u00e9 de Communes Centre Tarn","og_description":"Commission Nationale Informatique et Libert\u00e9s (Cnil) Conform\u00e9ment \u00e0 la d\u00e9lib\u00e9ration de la CNIL n\u00b02006-138 du 9 mai 2006 d\u00e9cidant de la dispense de d\u00e9claration des traitements constitu\u00e9s \u00e0 des fins d\u2019information ou de communication externe (Dispense n\u00b07), ce site est dispens\u00e9 de d\u00e9claration aupr\u00e8s de la CNIL. Droit d&rsquo;acc\u00e8s au fichier informatis\u00e9 Tout utilisateur ayant [&hellip;]","og_url":"http:\/\/cb27363e0b.url-de-test.ws\/site\/mentions-legales\/","og_site_name":"Communaut\u00e9 de Communes Centre Tarn","article_publisher":"https:\/\/fr-fr.facebook.com\/centretarn\/","article_modified_time":"2018-02-07T09:22:58+00:00","twitter_card":"summary_large_image","twitter_misc":{"Dur\u00e9e de lecture estim\u00e9e":"2 minutes"},"schema":{"@context":"https:\/\/schema.org","@graph":[{"@type":"Organization","@id":"http:\/\/cb27363e0b.url-de-test.ws\/site\/#organization","name":"Communaut\u00e9 de Communes Centre Tarn","url":"http:\/\/cb27363e0b.url-de-test.ws\/site\/","sameAs":["https:\/\/fr-fr.facebook.com\/centretarn\/","https:\/\/www.youtube.com\/channel\/UCmH971jS42X98fNgJKDqb1A"],"logo":{"@type":"ImageObject","@id":"http:\/\/cb27363e0b.url-de-test.ws\/site\/#logo","inLanguage":"fr-FR","url":"http:\/\/cb27363e0b.url-de-test.ws\/site\/wp-content\/uploads\/2018\/02\/logo-site.png","contentUrl":"http:\/\/cb27363e0b.url-de-test.ws\/site\/wp-content\/uploads\/2018\/02\/logo-site.png","width":149,"height":169,"caption":"Communaut\u00e9 de Communes Centre Tarn"},"image":{"@id":"http:\/\/cb27363e0b.url-de-test.ws\/site\/#logo"}},{"@type":"WebSite","@id":"http:\/\/cb27363e0b.url-de-test.ws\/site\/#website","url":"http:\/\/cb27363e0b.url-de-test.ws\/site\/","name":"Communaut\u00e9 de Communes Centre Tarn","description":"","publisher":{"@id":"http:\/\/cb27363e0b.url-de-test.ws\/site\/#organization"},"potentialAction":[{"@type":"SearchAction","target":{"@type":"EntryPoint","urlTemplate":"http:\/\/cb27363e0b.url-de-test.ws\/site\/?s={search_term_string}"},"query-input":"required name=search_term_string"}],"inLanguage":"fr-FR"},{"@type":"WebPage","@id":"http:\/\/cb27363e0b.url-de-test.ws\/site\/mentions-legales\/#webpage","url":"http:\/\/cb27363e0b.url-de-test.ws\/site\/mentions-legales\/","name":"Mentions L\u00e9gales - Communaut\u00e9 de Communes Centre Tarn","isPartOf":{"@id":"http:\/\/cb27363e0b.url-de-test.ws\/site\/#website"},"datePublished":"2018-02-07T09:04:24+00:00","dateModified":"2018-02-07T09:22:58+00:00","breadcrumb":{"@id":"http:\/\/cb27363e0b.url-de-test.ws\/site\/mentions-legales\/#breadcrumb"},"inLanguage":"fr-FR","potentialAction":[{"@type":"ReadAction","target":["http:\/\/cb27363e0b.url-de-test.ws\/site\/mentions-legales\/"]}]},{"@type":"BreadcrumbList","@id":"http:\/\/cb27363e0b.url-de-test.ws\/site\/mentions-legales\/#breadcrumb","itemListElement":[{"@type":"ListItem","position":1,"name":"Accueil","item":"http:\/\/cb27363e0b.url-de-test.ws\/site\/"},{"@type":"ListItem","position":2,"name":"Mentions L\u00e9gales"}]}]}},"_links":{"self":[{"href":"http:\/\/cb27363e0b.url-de-test.ws\/site\/wp-json\/wp\/v2\/pages\/1828"}],"collection":[{"href":"http:\/\/cb27363e0b.url-de-test.ws\/site\/wp-json\/wp\/v2\/pages"}],"about":[{"href":"http:\/\/cb27363e0b.url-de-test.ws\/site\/wp-json\/wp\/v2\/types\/page"}],"author":[{"embeddable":true,"href":"http:\/\/cb27363e0b.url-de-test.ws\/site\/wp-json\/wp\/v2\/users\/1"}],"replies":[{"embeddable":true,"href":"http:\/\/cb27363e0b.url-de-test.ws\/site\/wp-json\/wp\/v2\/comments?post=1828"}],"version-history":[{"count":4,"href":"http:\/\/cb27363e0b.url-de-test.ws\/site\/wp-json\/wp\/v2\/pages\/1828\/revisions"}],"predecessor-version":[{"id":1835,"href":"http:\/\/cb27363e0b.url-de-test.ws\/site\/wp-json\/wp\/v2\/pages\/1828\/revisions\/1835"}],"wp:attachment":[{"href":"http:\/\/cb27363e0b.url-de-test.ws\/site\/wp-json\/wp\/v2\/media?parent=1828"}],"curies":[{"name":"wp","href":"https:\/\/api.w.org\/{rel}","templated":true}]}}