{"id":1759,"date":"2018-02-06T11:16:37","date_gmt":"2018-02-06T10:16:37","guid":{"rendered":"http:\/\/cb27363e0b.url-de-test.ws\/site\/?page_id=1759"},"modified":"2018-11-27T11:43:46","modified_gmt":"2018-11-27T10:43:46","slug":"plan-climat-air-energie","status":"publish","type":"page","link":"http:\/\/cb27363e0b.url-de-test.ws\/site\/environnement\/plan-climat-air-energie\/","title":{"rendered":"Plan Climat Air \u00c9nergie"},"content":{"rendered":"<div class=\"c-alert-message m-info\"><i class=\"ico fa fa-info-circle\"><\/i><div class=\"alert-inner\">\nConsultez les documents du PCAET relatifs \u00e0 la Communaut\u00e9 de Communes Centre Tarn :<br \/>\n&#8211; <a href=\"http:\/\/cb27363e0b.url-de-test.ws\/site\/wp-content\/uploads\/2018\/02\/Diagnostic_energie-GES_3CT.pdf\" rel=\"noopener\" target=\"_blank\">Diagnostic \u00e9nergie<\/a><br \/>\n&#8211; <a href=\"http:\/\/cb27363e0b.url-de-test.ws\/site\/wp-content\/uploads\/2018\/02\/Strat\u00e9gie_3CT.pdf\" rel=\"noopener\" target=\"_blank\">Strat\u00e9gie<\/a><br \/>\n<button class=\"alert-close\" type=\"button\"><i class=\"fa fa-times\"><\/i><\/button><\/div><\/div>\n<p style=\"text-align: justify;\">La Communaut\u00e9 de Communes Centre Tarn a d\u00e9cid\u00e9 de mettre en \u0153uvre, aux c\u00f4t\u00e9s des 4 autres intercommunalit\u00e9s du P\u00f4le Territorial de l\u2019Albigeois et des Bastides, un Plan Climat-Air-\u00c9nergie Territorial. Ce plan doit nous permettre de dresser un \u00e9tat des lieux \u00e9nergie et climat de notre territoire, d&rsquo;identifier une strat\u00e9gie pour diminuer encore plus fortement nos consommations, \u00e9laborer des programmes d&rsquo;actions ambitieux pour atteindre l\u2019objectif d\u2019autonomie \u00e9nerg\u00e9tique en 2050.<\/p>\n<p style=\"text-align: justify;\"><strong>Plan<\/strong> : Le PCAET est une d\u00e9marche de planification, \u00e0 la fois strat\u00e9gique et op\u00e9rationnelle. Il a vocation \u00e0 mobiliser tous les acteurs \u00e9conomiques, sociaux et environnementaux et concerne tous les secteurs d&rsquo;activit\u00e9.<\/p>\n<p style=\"text-align: justify;\"><strong>Climat<\/strong> : Le PCAET a pour objectifs :<\/p>\n<ul style=\"text-align: justify;\">\n<li>de r\u00e9duire les \u00e9missions de gaz \u00e0 effet de serre du territoire<\/li>\n<li>d&rsquo;adapter le territoire aux effets du changement climatique, afin d&rsquo;en diminuer la vuln\u00e9rabilit\u00e9<\/li>\n<\/ul>\n<p style=\"text-align: justify;\">Air : Les sources de polluants atmosph\u00e9riques sont, pour partie, semblables \u00e0 celles qui g\u00e9n\u00e8rent les \u00e9missions de GES (en particulier les transports, l\u2019agriculture, l\u2019industrie, le r\u00e9sidentiel, le tertiaire). Dans le cas des GES, les impacts sont dits globaux tandis que pour les polluants atmosph\u00e9riques ils sont dits locaux. Le changement climatique risque d\u2019accentuer les probl\u00e8mes de pollution atmosph\u00e9rique (ex : ozone lors des \u00e9pisodes de canicule).<\/p>\n<p style=\"text-align: justify;\"><strong>Energie<\/strong> : L\u2019\u00e9nergie est le principal levier d\u2019action dans la lutte contre le changement climatique et la pollution de l\u2019air avec 3 axes de travail : la sobri\u00e9t\u00e9 \u00e9nerg\u00e9tique, l\u2019am\u00e9lioration de l\u2019efficacit\u00e9 \u00e9nerg\u00e9tique et le d\u00e9veloppement des \u00e9nergies renouvelables.<\/p>\n<p style=\"text-align: justify;\"><strong>Territorial<\/strong> : Le plan climat air \u00e9nergie s\u2019applique \u00e0 l\u2019\u00e9chelle d\u2019un territoire. Le mot territoire ne s\u2019interpr\u00e8te plus seulement comme \u00e9chelon administratif mais aussi, et surtout, comme un p\u00e9rim\u00e8tre g\u00e9ographique donn\u00e9 sur lequel tous les acteurs sont mobilis\u00e9s et impliqu\u00e9s.<\/p>\n<p style=\"text-align: justify;\">L\u2019\u00e9laboration de ce PCAET b\u00e9n\u00e9ficie d\u2019un soutien technique et financier de l&rsquo;<a href=\"http:\/\/www.occitanie.ademe.fr\/\">ADEME<\/a>, la <a href=\"http:\/\/www.occitanie.developpement-durable.gouv.fr\/\">DREAL Occitanie<\/a>, La <a href=\"http:\/\/www.laregion.fr\/\">R\u00e9gion Occitanie \/ Pyr\u00e9n\u00e9es-M\u00e9diterran\u00e9e<\/a> et <a href=\"https:\/\/www.pays-albigeois-bastides.fr\/quest-ce-que-leader\">l&rsquo;Europe<\/a> pour mener \u00e0 bien les 5 PCAET pr\u00e9vus sur le territoire de l\u2019Albigeois et des Bastides.<\/p>\n<p style=\"text-align: justify;\"><iframe loading=\"lazy\" src=\"https:\/\/www.youtube.com\/embed\/C5GAG12AZjg?rel=0&amp;showinfo=0\" width=\"560\" height=\"315\" frameborder=\"0\" allowfullscreen=\"allowfullscreen\"><\/iframe><\/p>\n","protected":false},"excerpt":{"rendered":"<p>La Communaut\u00e9 de Communes Centre Tarn a d\u00e9cid\u00e9 de mettre en \u0153uvre, aux c\u00f4t\u00e9s des 4 autres intercommunalit\u00e9s du P\u00f4le Territorial de l\u2019Albigeois et des Bastides, un Plan Climat-Air-\u00c9nergie Territorial. Ce plan doit nous permettre de dresser un \u00e9tat des lieux \u00e9nergie et climat de notre territoire, d&rsquo;identifier une strat\u00e9gie pour diminuer encore plus fortement [&hellip;]<\/p>\n","protected":false},"author":2,"featured_media":1757,"parent":407,"menu_order":0,"comment_status":"closed","ping_status":"closed","template":"","meta":[],"yoast_head":"<!-- This site is optimized with the Yoast SEO plugin v18.3 - https:\/\/yoast.com\/wordpress\/plugins\/seo\/ -->\n<title>Plan Climat Air \u00c9nergie - Communaut\u00e9 de Communes Centre Tarn<\/title>\n<meta name=\"robots\" content=\"noindex, follow, max-snippet:-1, max-image-preview:large, max-video-preview:-1\" \/>\n<meta property=\"og:locale\" content=\"fr_FR\" \/>\n<meta property=\"og:type\" content=\"article\" \/>\n<meta property=\"og:title\" content=\"Plan Climat Air \u00c9nergie - Communaut\u00e9 de Communes Centre Tarn\" \/>\n<meta property=\"og:description\" content=\"La Communaut\u00e9 de Communes Centre Tarn a d\u00e9cid\u00e9 de mettre en \u0153uvre, aux c\u00f4t\u00e9s des 4 autres intercommunalit\u00e9s du P\u00f4le Territorial de l\u2019Albigeois et des Bastides, un Plan Climat-Air-\u00c9nergie Territorial. Ce plan doit nous permettre de dresser un \u00e9tat des lieux \u00e9nergie et climat de notre territoire, d&rsquo;identifier une strat\u00e9gie pour diminuer encore plus fortement [&hellip;]\" \/>\n<meta property=\"og:url\" content=\"http:\/\/cb27363e0b.url-de-test.ws\/site\/environnement\/plan-climat-air-energie\/\" \/>\n<meta property=\"og:site_name\" content=\"Communaut\u00e9 de Communes Centre Tarn\" \/>\n<meta property=\"article:publisher\" content=\"https:\/\/fr-fr.facebook.com\/centretarn\/\" \/>\n<meta property=\"article:modified_time\" content=\"2018-11-27T10:43:46+00:00\" \/>\n<meta property=\"og:image\" content=\"http:\/\/cb27363e0b.url-de-test.ws\/site\/wp-content\/uploads\/2018\/02\/PCAET1-e1517913525179.gif\" \/>\n\t<meta property=\"og:image:width\" content=\"700\" \/>\n\t<meta property=\"og:image:height\" content=\"361\" \/>\n\t<meta property=\"og:image:type\" content=\"image\/gif\" \/>\n<meta name=\"twitter:card\" content=\"summary_large_image\" \/>\n<meta name=\"twitter:label1\" content=\"Dur\u00e9e de lecture estim\u00e9e\" \/>\n\t<meta name=\"twitter:data1\" content=\"2 minutes\" \/>\n<script type=\"application\/ld+json\" class=\"yoast-schema-graph\">{\"@context\":\"https:\/\/schema.org\",\"@graph\":[{\"@type\":\"Organization\",\"@id\":\"http:\/\/cb27363e0b.url-de-test.ws\/site\/#organization\",\"name\":\"Communaut\u00e9 de Communes Centre Tarn\",\"url\":\"http:\/\/cb27363e0b.url-de-test.ws\/site\/\",\"sameAs\":[\"https:\/\/fr-fr.facebook.com\/centretarn\/\",\"https:\/\/www.youtube.com\/channel\/UCmH971jS42X98fNgJKDqb1A\"],\"logo\":{\"@type\":\"ImageObject\",\"@id\":\"http:\/\/cb27363e0b.url-de-test.ws\/site\/#logo\",\"inLanguage\":\"fr-FR\",\"url\":\"http:\/\/cb27363e0b.url-de-test.ws\/site\/wp-content\/uploads\/2018\/02\/logo-site.png\",\"contentUrl\":\"http:\/\/cb27363e0b.url-de-test.ws\/site\/wp-content\/uploads\/2018\/02\/logo-site.png\",\"width\":149,\"height\":169,\"caption\":\"Communaut\u00e9 de Communes Centre Tarn\"},\"image\":{\"@id\":\"http:\/\/cb27363e0b.url-de-test.ws\/site\/#logo\"}},{\"@type\":\"WebSite\",\"@id\":\"http:\/\/cb27363e0b.url-de-test.ws\/site\/#website\",\"url\":\"http:\/\/cb27363e0b.url-de-test.ws\/site\/\",\"name\":\"Communaut\u00e9 de Communes Centre Tarn\",\"description\":\"\",\"publisher\":{\"@id\":\"http:\/\/cb27363e0b.url-de-test.ws\/site\/#organization\"},\"potentialAction\":[{\"@type\":\"SearchAction\",\"target\":{\"@type\":\"EntryPoint\",\"urlTemplate\":\"http:\/\/cb27363e0b.url-de-test.ws\/site\/?s={search_term_string}\"},\"query-input\":\"required name=search_term_string\"}],\"inLanguage\":\"fr-FR\"},{\"@type\":\"ImageObject\",\"@id\":\"http:\/\/cb27363e0b.url-de-test.ws\/site\/environnement\/plan-climat-air-energie\/#primaryimage\",\"inLanguage\":\"fr-FR\",\"url\":\"http:\/\/cb27363e0b.url-de-test.ws\/site\/wp-content\/uploads\/2018\/02\/PCAET1-e1517913525179.gif\",\"contentUrl\":\"http:\/\/cb27363e0b.url-de-test.ws\/site\/wp-content\/uploads\/2018\/02\/PCAET1-e1517913525179.gif\",\"width\":700,\"height\":361},{\"@type\":\"WebPage\",\"@id\":\"http:\/\/cb27363e0b.url-de-test.ws\/site\/environnement\/plan-climat-air-energie\/#webpage\",\"url\":\"http:\/\/cb27363e0b.url-de-test.ws\/site\/environnement\/plan-climat-air-energie\/\",\"name\":\"Plan Climat Air \u00c9nergie - Communaut\u00e9 de Communes Centre Tarn\",\"isPartOf\":{\"@id\":\"http:\/\/cb27363e0b.url-de-test.ws\/site\/#website\"},\"primaryImageOfPage\":{\"@id\":\"http:\/\/cb27363e0b.url-de-test.ws\/site\/environnement\/plan-climat-air-energie\/#primaryimage\"},\"datePublished\":\"2018-02-06T10:16:37+00:00\",\"dateModified\":\"2018-11-27T10:43:46+00:00\",\"breadcrumb\":{\"@id\":\"http:\/\/cb27363e0b.url-de-test.ws\/site\/environnement\/plan-climat-air-energie\/#breadcrumb\"},\"inLanguage\":\"fr-FR\",\"potentialAction\":[{\"@type\":\"ReadAction\",\"target\":[\"http:\/\/cb27363e0b.url-de-test.ws\/site\/environnement\/plan-climat-air-energie\/\"]}]},{\"@type\":\"BreadcrumbList\",\"@id\":\"http:\/\/cb27363e0b.url-de-test.ws\/site\/environnement\/plan-climat-air-energie\/#breadcrumb\",\"itemListElement\":[{\"@type\":\"ListItem\",\"position\":1,\"name\":\"Accueil\",\"item\":\"http:\/\/cb27363e0b.url-de-test.ws\/site\/\"},{\"@type\":\"ListItem\",\"position\":2,\"name\":\"Environnement\",\"item\":\"http:\/\/cb27363e0b.url-de-test.ws\/site\/environnement\/\"},{\"@type\":\"ListItem\",\"position\":3,\"name\":\"Plan Climat Air \u00c9nergie\"}]}]}<\/script>\n<!-- \/ Yoast SEO plugin. -->","yoast_head_json":{"title":"Plan Climat Air \u00c9nergie - Communaut\u00e9 de Communes Centre Tarn","robots":{"index":"noindex","follow":"follow","max-snippet":"max-snippet:-1","max-image-preview":"max-image-preview:large","max-video-preview":"max-video-preview:-1"},"og_locale":"fr_FR","og_type":"article","og_title":"Plan Climat Air \u00c9nergie - Communaut\u00e9 de Communes Centre Tarn","og_description":"La Communaut\u00e9 de Communes Centre Tarn a d\u00e9cid\u00e9 de mettre en \u0153uvre, aux c\u00f4t\u00e9s des 4 autres intercommunalit\u00e9s du P\u00f4le Territorial de l\u2019Albigeois et des Bastides, un Plan Climat-Air-\u00c9nergie Territorial. Ce plan doit nous permettre de dresser un \u00e9tat des lieux \u00e9nergie et climat de notre territoire, d&rsquo;identifier une strat\u00e9gie pour diminuer encore plus fortement [&hellip;]","og_url":"http:\/\/cb27363e0b.url-de-test.ws\/site\/environnement\/plan-climat-air-energie\/","og_site_name":"Communaut\u00e9 de Communes Centre Tarn","article_publisher":"https:\/\/fr-fr.facebook.com\/centretarn\/","article_modified_time":"2018-11-27T10:43:46+00:00","og_image":[{"width":700,"height":361,"url":"http:\/\/cb27363e0b.url-de-test.ws\/site\/wp-content\/uploads\/2018\/02\/PCAET1-e1517913525179.gif","type":"image\/gif"}],"twitter_card":"summary_large_image","twitter_misc":{"Dur\u00e9e de lecture estim\u00e9e":"2 minutes"},"schema":{"@context":"https:\/\/schema.org","@graph":[{"@type":"Organization","@id":"http:\/\/cb27363e0b.url-de-test.ws\/site\/#organization","name":"Communaut\u00e9 de Communes Centre Tarn","url":"http:\/\/cb27363e0b.url-de-test.ws\/site\/","sameAs":["https:\/\/fr-fr.facebook.com\/centretarn\/","https:\/\/www.youtube.com\/channel\/UCmH971jS42X98fNgJKDqb1A"],"logo":{"@type":"ImageObject","@id":"http:\/\/cb27363e0b.url-de-test.ws\/site\/#logo","inLanguage":"fr-FR","url":"http:\/\/cb27363e0b.url-de-test.ws\/site\/wp-content\/uploads\/2018\/02\/logo-site.png","contentUrl":"http:\/\/cb27363e0b.url-de-test.ws\/site\/wp-content\/uploads\/2018\/02\/logo-site.png","width":149,"height":169,"caption":"Communaut\u00e9 de Communes Centre Tarn"},"image":{"@id":"http:\/\/cb27363e0b.url-de-test.ws\/site\/#logo"}},{"@type":"WebSite","@id":"http:\/\/cb27363e0b.url-de-test.ws\/site\/#website","url":"http:\/\/cb27363e0b.url-de-test.ws\/site\/","name":"Communaut\u00e9 de Communes Centre Tarn","description":"","publisher":{"@id":"http:\/\/cb27363e0b.url-de-test.ws\/site\/#organization"},"potentialAction":[{"@type":"SearchAction","target":{"@type":"EntryPoint","urlTemplate":"http:\/\/cb27363e0b.url-de-test.ws\/site\/?s={search_term_string}"},"query-input":"required name=search_term_string"}],"inLanguage":"fr-FR"},{"@type":"ImageObject","@id":"http:\/\/cb27363e0b.url-de-test.ws\/site\/environnement\/plan-climat-air-energie\/#primaryimage","inLanguage":"fr-FR","url":"http:\/\/cb27363e0b.url-de-test.ws\/site\/wp-content\/uploads\/2018\/02\/PCAET1-e1517913525179.gif","contentUrl":"http:\/\/cb27363e0b.url-de-test.ws\/site\/wp-content\/uploads\/2018\/02\/PCAET1-e1517913525179.gif","width":700,"height":361},{"@type":"WebPage","@id":"http:\/\/cb27363e0b.url-de-test.ws\/site\/environnement\/plan-climat-air-energie\/#webpage","url":"http:\/\/cb27363e0b.url-de-test.ws\/site\/environnement\/plan-climat-air-energie\/","name":"Plan Climat Air \u00c9nergie - Communaut\u00e9 de Communes Centre Tarn","isPartOf":{"@id":"http:\/\/cb27363e0b.url-de-test.ws\/site\/#website"},"primaryImageOfPage":{"@id":"http:\/\/cb27363e0b.url-de-test.ws\/site\/environnement\/plan-climat-air-energie\/#primaryimage"},"datePublished":"2018-02-06T10:16:37+00:00","dateModified":"2018-11-27T10:43:46+00:00","breadcrumb":{"@id":"http:\/\/cb27363e0b.url-de-test.ws\/site\/environnement\/plan-climat-air-energie\/#breadcrumb"},"inLanguage":"fr-FR","potentialAction":[{"@type":"ReadAction","target":["http:\/\/cb27363e0b.url-de-test.ws\/site\/environnement\/plan-climat-air-energie\/"]}]},{"@type":"BreadcrumbList","@id":"http:\/\/cb27363e0b.url-de-test.ws\/site\/environnement\/plan-climat-air-energie\/#breadcrumb","itemListElement":[{"@type":"ListItem","position":1,"name":"Accueil","item":"http:\/\/cb27363e0b.url-de-test.ws\/site\/"},{"@type":"ListItem","position":2,"name":"Environnement","item":"http:\/\/cb27363e0b.url-de-test.ws\/site\/environnement\/"},{"@type":"ListItem","position":3,"name":"Plan Climat Air \u00c9nergie"}]}]}},"_links":{"self":[{"href":"http:\/\/cb27363e0b.url-de-test.ws\/site\/wp-json\/wp\/v2\/pages\/1759"}],"collection":[{"href":"http:\/\/cb27363e0b.url-de-test.ws\/site\/wp-json\/wp\/v2\/pages"}],"about":[{"href":"http:\/\/cb27363e0b.url-de-test.ws\/site\/wp-json\/wp\/v2\/types\/page"}],"author":[{"embeddable":true,"href":"http:\/\/cb27363e0b.url-de-test.ws\/site\/wp-json\/wp\/v2\/users\/2"}],"replies":[{"embeddable":true,"href":"http:\/\/cb27363e0b.url-de-test.ws\/site\/wp-json\/wp\/v2\/comments?post=1759"}],"version-history":[{"count":11,"href":"http:\/\/cb27363e0b.url-de-test.ws\/site\/wp-json\/wp\/v2\/pages\/1759\/revisions"}],"predecessor-version":[{"id":3735,"href":"http:\/\/cb27363e0b.url-de-test.ws\/site\/wp-json\/wp\/v2\/pages\/1759\/revisions\/3735"}],"up":[{"embeddable":true,"href":"http:\/\/cb27363e0b.url-de-test.ws\/site\/wp-json\/wp\/v2\/pages\/407"}],"wp:featuredmedia":[{"embeddable":true,"href":"http:\/\/cb27363e0b.url-de-test.ws\/site\/wp-json\/wp\/v2\/media\/1757"}],"wp:attachment":[{"href":"http:\/\/cb27363e0b.url-de-test.ws\/site\/wp-json\/wp\/v2\/media?parent=1759"}],"curies":[{"name":"wp","href":"https:\/\/api.w.org\/{rel}","templated":true}]}}