{"id":175,"date":"2015-05-14T09:46:07","date_gmt":"2015-05-14T07:46:07","guid":{"rendered":"http:\/\/demos.volovar.net\/townpress.wp\/demo\/?page_id=175"},"modified":"2018-12-13T16:11:29","modified_gmt":"2018-12-13T15:11:29","slug":"accueil","status":"publish","type":"page","link":"http:\/\/cb27363e0b.url-de-test.ws\/site\/","title":{"rendered":"Accueil"},"content":{"rendered":"<div class=\"c-directory m-has-icon m-3-columns\"><div class=\"c-content-box\"><div class=\"directory-inner\"><i class=\"ico-shadow tp tp-road-sign\"><\/i><h2 class=\"directory-title\"><i class=\"ico tp tp-road-sign\"><\/i><strong>Votre Quotidien<\/strong><\/h2><div class=\"directory-content\"><div class=\"menu-front-menu-container\"><ul id=\"menu-front-menu\" class=\"directory-menu\"><li id=\"menu-item-909\" class=\"menu-item menu-item-type-post_type menu-item-object-page menu-item-909\"><a href=\"http:\/\/cb27363e0b.url-de-test.ws\/site\/vie-quotidienne\/maison-services-public\/\">D\u00e9marches Administratives<\/a><\/li>\n<li id=\"menu-item-907\" class=\"menu-item menu-item-type-post_type menu-item-object-page menu-item-907\"><a href=\"http:\/\/cb27363e0b.url-de-test.ws\/site\/vie-quotidienne\/vie-associative\/\">Vie Associative<\/a><\/li>\n<li id=\"menu-item-910\" class=\"menu-item menu-item-type-post_type menu-item-object-page menu-item-910\"><a href=\"http:\/\/cb27363e0b.url-de-test.ws\/site\/vie-quotidienne\/producteurs-locaux\/\">Producteurs Locaux<\/a><\/li>\n<\/ul><\/div><\/div><\/div><\/div><\/div>\n<div class=\"c-content-box m-forced c-directory m-has-icon\">\n<h2 class=\"directory-title\"><i class=\"ico tp tp-bullhorn\"><\/i> <strong>Actualit\u00e9s<\/strong><\/h2>\n<div class=\"wppsac-slick-slider-wrp wppsac-clearfix \">\r\n\t\t\t<div id=\"wppsac-post-slider-1\" class=\"wppsac-post-slider-init wppsac-post-slider design-4\">\r\n\t\t\t\t\r\n<div class=\"wppsac-post-slides\">\r\n\t<div class=\"wppsac-post-list\">\r\n\t\t<div class=\"wppsac-post-list-content\">\r\n\t\t\t\t\t\t<div class=\" wp-medium-12  wpcolumns\">\r\n\t\t\t\t\t\t\t\t\t<div class=\"wppsac-post-categories\"><\/div>\r\n\t\t\t\t\t\t\t  \t<h2 class=\"wppsac-post-title\">\r\n\t\t\t\t\t<a href=\"http:\/\/cb27363e0b.url-de-test.ws\/site\/actualites\/enquete-publique-urbanisme-et-assainissement\/\">ENQU\u00caTE PUBLIQUE URBANISME ET ASSAINISSEMENT<\/a>\r\n\t\t\t\t<\/h2>\r\n\t\t\t\t\t\t\t\t\t<div class=\"wppsac-post-date\">\r\n\t\t\t\t\t\t \r\n\t\t\t\t\t\t\t<span>By Muriel<\/span>\r\n\t\t\t\t\t\t&nbsp;\/&nbsp;lundi 23 d\u00e9cembre 2019\t\t\t\t\t<\/div>\r\n\t\t\t\t\t\t\t\t\t\t\t\t\t<div class=\"wppsac-post-content\">\r\n\t\t\t\t\t\t\t\t\t\t\t\t\t<div class=\"wppsac-sub-content\">Le projet de Plan Local d\u2019Urbanisme intercommunal (PLUi) a \u00e9t\u00e9 soumis \u00e0 enqu\u00eate publique du mardi 1er octobre \u00e0 9h...<\/div>\r\n\t\t\t\t\t\t\t\t\t\t\t\t\t\t\t\t\t\t\t<a class=\"wppsac-readmorebtn\" href=\"http:\/\/cb27363e0b.url-de-test.ws\/site\/actualites\/enquete-publique-urbanisme-et-assainissement\/\">Read More<\/a>\r\n\t\t\t\t\t\t\t\t\t\t\t<\/div>\r\n\t\t\t\t\t\t\t<\/div>\r\n\t\t<\/div>\r\n\t<\/div>\r\n<\/div>\r\n<div class=\"wppsac-post-slides\">\r\n\t<div class=\"wppsac-post-list\">\r\n\t\t<div class=\"wppsac-post-list-content\">\r\n\t\t\t\t\t\t\t<div class=\"wp-medium-5 wpcolumns\">\r\n\t\t\t\t\t<div class=\"wppsac-post-image-bg\">\r\n\t\t\t\t\t\t<a href=\"http:\/\/cb27363e0b.url-de-test.ws\/site\/actualites\/fetes-consommez-local\/\">\r\n\t\t\t\t\t\t\t<img  src=\"http:\/\/cb27363e0b.url-de-test.ws\/site\/wp-content\/uploads\/2018\/11\/noel.jpeg\" alt=\"Pour les f\u00eates, consommez local\" \/>\r\n\t\t\t\t\t\t<\/a>\r\n\t\t\t\t\t<\/div>\r\n\t\t\t\t<\/div>\r\n\t\t\t\t\t\t<div class=\" wp-medium-7  wpcolumns\">\r\n\t\t\t\t\t\t\t\t\t<div class=\"wppsac-post-categories\"><\/div>\r\n\t\t\t\t\t\t\t  \t<h2 class=\"wppsac-post-title\">\r\n\t\t\t\t\t<a href=\"http:\/\/cb27363e0b.url-de-test.ws\/site\/actualites\/fetes-consommez-local\/\">Pour les f\u00eates, consommez local<\/a>\r\n\t\t\t\t<\/h2>\r\n\t\t\t\t\t\t\t\t\t<div class=\"wppsac-post-date\">\r\n\t\t\t\t\t\t \r\n\t\t\t\t\t\t\t<span>By admin<\/span>\r\n\t\t\t\t\t\t&nbsp;\/&nbsp;jeudi 29 novembre 2018\t\t\t\t\t<\/div>\r\n\t\t\t\t\t\t\t\t\t\t\t\t\t<div class=\"wppsac-post-content\">\r\n\t\t\t\t\t\t\t\t\t\t\t\t\t<div class=\"wppsac-sub-content\">Retrouvez le guide des producteurs de notre territoire en suivant ce lien<\/div>\r\n\t\t\t\t\t\t\t\t\t\t\t\t\t\t\t\t\t\t\t<a class=\"wppsac-readmorebtn\" href=\"http:\/\/cb27363e0b.url-de-test.ws\/site\/actualites\/fetes-consommez-local\/\">Read More<\/a>\r\n\t\t\t\t\t\t\t\t\t\t\t<\/div>\r\n\t\t\t\t\t\t\t<\/div>\r\n\t\t<\/div>\r\n\t<\/div>\r\n<\/div>\r\n<div class=\"wppsac-post-slides\">\r\n\t<div class=\"wppsac-post-list\">\r\n\t\t<div class=\"wppsac-post-list-content\">\r\n\t\t\t\t\t\t\t<div class=\"wp-medium-5 wpcolumns\">\r\n\t\t\t\t\t<div class=\"wppsac-post-image-bg\">\r\n\t\t\t\t\t\t<a href=\"http:\/\/cb27363e0b.url-de-test.ws\/site\/actualites\/plan-climat-energie-avis-interesse\/\">\r\n\t\t\t\t\t\t\t<img  src=\"http:\/\/cb27363e0b.url-de-test.ws\/site\/wp-content\/uploads\/2018\/11\/PCAET.jpg\" alt=\"Plan Climat \u00c9nergie : votre avis nous int\u00e9resse\" \/>\r\n\t\t\t\t\t\t<\/a>\r\n\t\t\t\t\t<\/div>\r\n\t\t\t\t<\/div>\r\n\t\t\t\t\t\t<div class=\" wp-medium-7  wpcolumns\">\r\n\t\t\t\t\t\t\t\t\t<div class=\"wppsac-post-categories\"><\/div>\r\n\t\t\t\t\t\t\t  \t<h2 class=\"wppsac-post-title\">\r\n\t\t\t\t\t<a href=\"http:\/\/cb27363e0b.url-de-test.ws\/site\/actualites\/plan-climat-energie-avis-interesse\/\">Plan Climat \u00c9nergie : votre avis nous int\u00e9resse<\/a>\r\n\t\t\t\t<\/h2>\r\n\t\t\t\t\t\t\t\t\t<div class=\"wppsac-post-date\">\r\n\t\t\t\t\t\t \r\n\t\t\t\t\t\t\t<span>By admin<\/span>\r\n\t\t\t\t\t\t&nbsp;\/&nbsp;mardi 27 novembre 2018\t\t\t\t\t<\/div>\r\n\t\t\t\t\t\t\t\t\t\t\t\t\t<div class=\"wppsac-post-content\">\r\n\t\t\t\t\t\t\t\t\t\t\t\t\t<div class=\"wppsac-sub-content\">Depuis 2007, le P\u00f4le Territorial est engag\u00e9 dans un programme d'action sur les enjeux climatiques. Un premier Plan Climat avait...<\/div>\r\n\t\t\t\t\t\t\t\t\t\t\t\t\t\t\t\t\t\t\t<a class=\"wppsac-readmorebtn\" href=\"http:\/\/cb27363e0b.url-de-test.ws\/site\/actualites\/plan-climat-energie-avis-interesse\/\">Read More<\/a>\r\n\t\t\t\t\t\t\t\t\t\t\t<\/div>\r\n\t\t\t\t\t\t\t<\/div>\r\n\t\t<\/div>\r\n\t<\/div>\r\n<\/div>\t\t\t<\/div>\r\n\t\t\t<div class=\"wppsac-slider-conf wppsac-hide\" data-conf=\"{&quot;dots&quot;:&quot;true&quot;,&quot;arrows&quot;:&quot;true&quot;,&quot;autoplay&quot;:&quot;true&quot;,&quot;autoplay_interval&quot;:&quot;4000&quot;,&quot;speed&quot;:500,&quot;rtl&quot;:&quot;false&quot;,&quot;lazyload&quot;:&quot;&quot;}\"><\/div>\r\n\t\t<\/div>\r\n\t<br \/>\n<\/div>\n","protected":false},"excerpt":{"rendered":"Depuis 2007, le P\u00f4le Territorial est engag\u00e9 dans un programme d'action sur les enjeux climatiques. Un premier Plan Climat avait \u00e9t\u00e9 \u00e9labor\u00e9 en 2009 afin de dresser l'\u00e9tat des lieux de la situation sur notre territoire. Ce premier plan climat a permis la mobilisation de nombreux acteurs et de r\u00e9fl\u00e9chir aux premi\u00e8res actions \u00e0 mettre [...]","protected":false},"author":1,"featured_media":0,"parent":0,"menu_order":0,"comment_status":"closed","ping_status":"closed","template":"","meta":[],"yoast_head":"<!-- This site is optimized with the Yoast SEO plugin v18.3 - https:\/\/yoast.com\/wordpress\/plugins\/seo\/ -->\n<title>Accueil - Communaut\u00e9 de Communes Centre Tarn<\/title>\n<meta name=\"robots\" content=\"noindex, follow, max-snippet:-1, max-image-preview:large, max-video-preview:-1\" \/>\n<meta property=\"og:locale\" content=\"fr_FR\" \/>\n<meta property=\"og:type\" content=\"article\" \/>\n<meta property=\"og:title\" content=\"Accueil - Communaut\u00e9 de Communes Centre Tarn\" \/>\n<meta property=\"og:url\" content=\"http:\/\/cb27363e0b.url-de-test.ws\/site\/\" \/>\n<meta property=\"og:site_name\" content=\"Communaut\u00e9 de Communes Centre Tarn\" \/>\n<meta property=\"article:publisher\" content=\"https:\/\/fr-fr.facebook.com\/centretarn\/\" \/>\n<meta property=\"article:modified_time\" content=\"2018-12-13T15:11:29+00:00\" \/>\n<meta name=\"twitter:card\" content=\"summary_large_image\" \/>\n<script type=\"application\/ld+json\" class=\"yoast-schema-graph\">{\"@context\":\"https:\/\/schema.org\",\"@graph\":[{\"@type\":\"Organization\",\"@id\":\"http:\/\/cb27363e0b.url-de-test.ws\/site\/#organization\",\"name\":\"Communaut\u00e9 de Communes Centre Tarn\",\"url\":\"http:\/\/cb27363e0b.url-de-test.ws\/site\/\",\"sameAs\":[\"https:\/\/fr-fr.facebook.com\/centretarn\/\",\"https:\/\/www.youtube.com\/channel\/UCmH971jS42X98fNgJKDqb1A\"],\"logo\":{\"@type\":\"ImageObject\",\"@id\":\"http:\/\/cb27363e0b.url-de-test.ws\/site\/#logo\",\"inLanguage\":\"fr-FR\",\"url\":\"http:\/\/cb27363e0b.url-de-test.ws\/site\/wp-content\/uploads\/2018\/02\/logo-site.png\",\"contentUrl\":\"http:\/\/cb27363e0b.url-de-test.ws\/site\/wp-content\/uploads\/2018\/02\/logo-site.png\",\"width\":149,\"height\":169,\"caption\":\"Communaut\u00e9 de Communes Centre Tarn\"},\"image\":{\"@id\":\"http:\/\/cb27363e0b.url-de-test.ws\/site\/#logo\"}},{\"@type\":\"WebSite\",\"@id\":\"http:\/\/cb27363e0b.url-de-test.ws\/site\/#website\",\"url\":\"http:\/\/cb27363e0b.url-de-test.ws\/site\/\",\"name\":\"Communaut\u00e9 de Communes Centre Tarn\",\"description\":\"\",\"publisher\":{\"@id\":\"http:\/\/cb27363e0b.url-de-test.ws\/site\/#organization\"},\"potentialAction\":[{\"@type\":\"SearchAction\",\"target\":{\"@type\":\"EntryPoint\",\"urlTemplate\":\"http:\/\/cb27363e0b.url-de-test.ws\/site\/?s={search_term_string}\"},\"query-input\":\"required name=search_term_string\"}],\"inLanguage\":\"fr-FR\"},{\"@type\":\"WebPage\",\"@id\":\"http:\/\/cb27363e0b.url-de-test.ws\/site\/#webpage\",\"url\":\"http:\/\/cb27363e0b.url-de-test.ws\/site\/\",\"name\":\"Accueil - Communaut\u00e9 de Communes Centre Tarn\",\"isPartOf\":{\"@id\":\"http:\/\/cb27363e0b.url-de-test.ws\/site\/#website\"},\"datePublished\":\"2015-05-14T07:46:07+00:00\",\"dateModified\":\"2018-12-13T15:11:29+00:00\",\"breadcrumb\":{\"@id\":\"http:\/\/cb27363e0b.url-de-test.ws\/site\/#breadcrumb\"},\"inLanguage\":\"fr-FR\",\"potentialAction\":[{\"@type\":\"ReadAction\",\"target\":[\"http:\/\/cb27363e0b.url-de-test.ws\/site\/\"]}]},{\"@type\":\"BreadcrumbList\",\"@id\":\"http:\/\/cb27363e0b.url-de-test.ws\/site\/#breadcrumb\",\"itemListElement\":[{\"@type\":\"ListItem\",\"position\":1,\"name\":\"Accueil\",\"item\":\"http:\/\/cb27363e0b.url-de-test.ws\/site\/\"},{\"@type\":\"ListItem\",\"position\":2,\"name\":\"Accueil\"}]}]}<\/script>\n<!-- \/ Yoast SEO plugin. -->","yoast_head_json":{"title":"Accueil - Communaut\u00e9 de Communes Centre Tarn","robots":{"index":"noindex","follow":"follow","max-snippet":"max-snippet:-1","max-image-preview":"max-image-preview:large","max-video-preview":"max-video-preview:-1"},"og_locale":"fr_FR","og_type":"article","og_title":"Accueil - Communaut\u00e9 de Communes Centre Tarn","og_url":"http:\/\/cb27363e0b.url-de-test.ws\/site\/","og_site_name":"Communaut\u00e9 de Communes Centre Tarn","article_publisher":"https:\/\/fr-fr.facebook.com\/centretarn\/","article_modified_time":"2018-12-13T15:11:29+00:00","twitter_card":"summary_large_image","schema":{"@context":"https:\/\/schema.org","@graph":[{"@type":"Organization","@id":"http:\/\/cb27363e0b.url-de-test.ws\/site\/#organization","name":"Communaut\u00e9 de Communes Centre Tarn","url":"http:\/\/cb27363e0b.url-de-test.ws\/site\/","sameAs":["https:\/\/fr-fr.facebook.com\/centretarn\/","https:\/\/www.youtube.com\/channel\/UCmH971jS42X98fNgJKDqb1A"],"logo":{"@type":"ImageObject","@id":"http:\/\/cb27363e0b.url-de-test.ws\/site\/#logo","inLanguage":"fr-FR","url":"http:\/\/cb27363e0b.url-de-test.ws\/site\/wp-content\/uploads\/2018\/02\/logo-site.png","contentUrl":"http:\/\/cb27363e0b.url-de-test.ws\/site\/wp-content\/uploads\/2018\/02\/logo-site.png","width":149,"height":169,"caption":"Communaut\u00e9 de Communes Centre Tarn"},"image":{"@id":"http:\/\/cb27363e0b.url-de-test.ws\/site\/#logo"}},{"@type":"WebSite","@id":"http:\/\/cb27363e0b.url-de-test.ws\/site\/#website","url":"http:\/\/cb27363e0b.url-de-test.ws\/site\/","name":"Communaut\u00e9 de Communes Centre Tarn","description":"","publisher":{"@id":"http:\/\/cb27363e0b.url-de-test.ws\/site\/#organization"},"potentialAction":[{"@type":"SearchAction","target":{"@type":"EntryPoint","urlTemplate":"http:\/\/cb27363e0b.url-de-test.ws\/site\/?s={search_term_string}"},"query-input":"required name=search_term_string"}],"inLanguage":"fr-FR"},{"@type":"WebPage","@id":"http:\/\/cb27363e0b.url-de-test.ws\/site\/#webpage","url":"http:\/\/cb27363e0b.url-de-test.ws\/site\/","name":"Accueil - Communaut\u00e9 de Communes Centre Tarn","isPartOf":{"@id":"http:\/\/cb27363e0b.url-de-test.ws\/site\/#website"},"datePublished":"2015-05-14T07:46:07+00:00","dateModified":"2018-12-13T15:11:29+00:00","breadcrumb":{"@id":"http:\/\/cb27363e0b.url-de-test.ws\/site\/#breadcrumb"},"inLanguage":"fr-FR","potentialAction":[{"@type":"ReadAction","target":["http:\/\/cb27363e0b.url-de-test.ws\/site\/"]}]},{"@type":"BreadcrumbList","@id":"http:\/\/cb27363e0b.url-de-test.ws\/site\/#breadcrumb","itemListElement":[{"@type":"ListItem","position":1,"name":"Accueil","item":"http:\/\/cb27363e0b.url-de-test.ws\/site\/"},{"@type":"ListItem","position":2,"name":"Accueil"}]}]}},"_links":{"self":[{"href":"http:\/\/cb27363e0b.url-de-test.ws\/site\/wp-json\/wp\/v2\/pages\/175"}],"collection":[{"href":"http:\/\/cb27363e0b.url-de-test.ws\/site\/wp-json\/wp\/v2\/pages"}],"about":[{"href":"http:\/\/cb27363e0b.url-de-test.ws\/site\/wp-json\/wp\/v2\/types\/page"}],"author":[{"embeddable":true,"href":"http:\/\/cb27363e0b.url-de-test.ws\/site\/wp-json\/wp\/v2\/users\/1"}],"replies":[{"embeddable":true,"href":"http:\/\/cb27363e0b.url-de-test.ws\/site\/wp-json\/wp\/v2\/comments?post=175"}],"version-history":[{"count":95,"href":"http:\/\/cb27363e0b.url-de-test.ws\/site\/wp-json\/wp\/v2\/pages\/175\/revisions"}],"predecessor-version":[{"id":3775,"href":"http:\/\/cb27363e0b.url-de-test.ws\/site\/wp-json\/wp\/v2\/pages\/175\/revisions\/3775"}],"wp:attachment":[{"href":"http:\/\/cb27363e0b.url-de-test.ws\/site\/wp-json\/wp\/v2\/media?parent=175"}],"curies":[{"name":"wp","href":"https:\/\/api.w.org\/{rel}","templated":true}]}}