{"id":1406,"date":"2018-01-23T13:48:09","date_gmt":"2018-01-23T12:48:09","guid":{"rendered":"http:\/\/cb27363e0b.url-de-test.ws\/site\/?page_id=1406"},"modified":"2018-09-25T11:27:06","modified_gmt":"2018-09-25T09:27:06","slug":"college-louisa-paulin","status":"publish","type":"page","link":"http:\/\/cb27363e0b.url-de-test.ws\/site\/enfance-jeunesse\/jeunesse\/college-louisa-paulin\/","title":{"rendered":"Coll\u00e8ge Louisa Paulin"},"content":{"rendered":"<p><a href=\"http:\/\/louisa-paulin-realmont.entmip.fr\/\" target=\"_blank\" rel=\"noopener\">Lien vers le site du coll\u00e8ge<\/a><\/p>\n","protected":false},"excerpt":{"rendered":"<p>Lien vers le site du coll\u00e8ge<\/p>\n","protected":false},"author":1,"featured_media":1691,"parent":670,"menu_order":0,"comment_status":"closed","ping_status":"closed","template":"","meta":[],"yoast_head":"<!-- This site is optimized with the Yoast SEO plugin v18.3 - https:\/\/yoast.com\/wordpress\/plugins\/seo\/ -->\n<title>Coll\u00e8ge Louisa Paulin - Communaut\u00e9 de Communes Centre Tarn<\/title>\n<meta name=\"robots\" content=\"noindex, follow, max-snippet:-1, max-image-preview:large, max-video-preview:-1\" \/>\n<meta property=\"og:locale\" content=\"fr_FR\" \/>\n<meta property=\"og:type\" content=\"article\" \/>\n<meta property=\"og:title\" content=\"Coll\u00e8ge Louisa Paulin - Communaut\u00e9 de Communes Centre Tarn\" \/>\n<meta property=\"og:description\" content=\"Lien vers le site du coll\u00e8ge\" \/>\n<meta property=\"og:url\" content=\"http:\/\/cb27363e0b.url-de-test.ws\/site\/enfance-jeunesse\/jeunesse\/college-louisa-paulin\/\" \/>\n<meta property=\"og:site_name\" content=\"Communaut\u00e9 de Communes Centre Tarn\" \/>\n<meta property=\"article:publisher\" content=\"https:\/\/fr-fr.facebook.com\/centretarn\/\" \/>\n<meta property=\"article:modified_time\" content=\"2018-09-25T09:27:06+00:00\" \/>\n<meta property=\"og:image\" content=\"http:\/\/cb27363e0b.url-de-test.ws\/site\/wp-content\/uploads\/2018\/01\/coll\u00e8ge-1.jpg\" \/>\n\t<meta property=\"og:image:width\" content=\"640\" \/>\n\t<meta property=\"og:image:height\" content=\"426\" \/>\n\t<meta property=\"og:image:type\" content=\"image\/jpeg\" \/>\n<meta name=\"twitter:card\" content=\"summary_large_image\" \/>\n<script type=\"application\/ld+json\" class=\"yoast-schema-graph\">{\"@context\":\"https:\/\/schema.org\",\"@graph\":[{\"@type\":\"Organization\",\"@id\":\"http:\/\/cb27363e0b.url-de-test.ws\/site\/#organization\",\"name\":\"Communaut\u00e9 de Communes Centre Tarn\",\"url\":\"http:\/\/cb27363e0b.url-de-test.ws\/site\/\",\"sameAs\":[\"https:\/\/fr-fr.facebook.com\/centretarn\/\",\"https:\/\/www.youtube.com\/channel\/UCmH971jS42X98fNgJKDqb1A\"],\"logo\":{\"@type\":\"ImageObject\",\"@id\":\"http:\/\/cb27363e0b.url-de-test.ws\/site\/#logo\",\"inLanguage\":\"fr-FR\",\"url\":\"http:\/\/cb27363e0b.url-de-test.ws\/site\/wp-content\/uploads\/2018\/02\/logo-site.png\",\"contentUrl\":\"http:\/\/cb27363e0b.url-de-test.ws\/site\/wp-content\/uploads\/2018\/02\/logo-site.png\",\"width\":149,\"height\":169,\"caption\":\"Communaut\u00e9 de Communes Centre Tarn\"},\"image\":{\"@id\":\"http:\/\/cb27363e0b.url-de-test.ws\/site\/#logo\"}},{\"@type\":\"WebSite\",\"@id\":\"http:\/\/cb27363e0b.url-de-test.ws\/site\/#website\",\"url\":\"http:\/\/cb27363e0b.url-de-test.ws\/site\/\",\"name\":\"Communaut\u00e9 de Communes Centre Tarn\",\"description\":\"\",\"publisher\":{\"@id\":\"http:\/\/cb27363e0b.url-de-test.ws\/site\/#organization\"},\"potentialAction\":[{\"@type\":\"SearchAction\",\"target\":{\"@type\":\"EntryPoint\",\"urlTemplate\":\"http:\/\/cb27363e0b.url-de-test.ws\/site\/?s={search_term_string}\"},\"query-input\":\"required name=search_term_string\"}],\"inLanguage\":\"fr-FR\"},{\"@type\":\"ImageObject\",\"@id\":\"http:\/\/cb27363e0b.url-de-test.ws\/site\/enfance-jeunesse\/jeunesse\/college-louisa-paulin\/#primaryimage\",\"inLanguage\":\"fr-FR\",\"url\":\"http:\/\/cb27363e0b.url-de-test.ws\/site\/wp-content\/uploads\/2018\/01\/coll\u00e8ge-1.jpg\",\"contentUrl\":\"http:\/\/cb27363e0b.url-de-test.ws\/site\/wp-content\/uploads\/2018\/01\/coll\u00e8ge-1.jpg\",\"width\":640,\"height\":426},{\"@type\":\"WebPage\",\"@id\":\"http:\/\/cb27363e0b.url-de-test.ws\/site\/enfance-jeunesse\/jeunesse\/college-louisa-paulin\/#webpage\",\"url\":\"http:\/\/cb27363e0b.url-de-test.ws\/site\/enfance-jeunesse\/jeunesse\/college-louisa-paulin\/\",\"name\":\"Coll\u00e8ge Louisa Paulin - Communaut\u00e9 de Communes Centre Tarn\",\"isPartOf\":{\"@id\":\"http:\/\/cb27363e0b.url-de-test.ws\/site\/#website\"},\"primaryImageOfPage\":{\"@id\":\"http:\/\/cb27363e0b.url-de-test.ws\/site\/enfance-jeunesse\/jeunesse\/college-louisa-paulin\/#primaryimage\"},\"datePublished\":\"2018-01-23T12:48:09+00:00\",\"dateModified\":\"2018-09-25T09:27:06+00:00\",\"breadcrumb\":{\"@id\":\"http:\/\/cb27363e0b.url-de-test.ws\/site\/enfance-jeunesse\/jeunesse\/college-louisa-paulin\/#breadcrumb\"},\"inLanguage\":\"fr-FR\",\"potentialAction\":[{\"@type\":\"ReadAction\",\"target\":[\"http:\/\/cb27363e0b.url-de-test.ws\/site\/enfance-jeunesse\/jeunesse\/college-louisa-paulin\/\"]}]},{\"@type\":\"BreadcrumbList\",\"@id\":\"http:\/\/cb27363e0b.url-de-test.ws\/site\/enfance-jeunesse\/jeunesse\/college-louisa-paulin\/#breadcrumb\",\"itemListElement\":[{\"@type\":\"ListItem\",\"position\":1,\"name\":\"Accueil\",\"item\":\"http:\/\/cb27363e0b.url-de-test.ws\/site\/\"},{\"@type\":\"ListItem\",\"position\":2,\"name\":\"Enfance et Jeunesse\",\"item\":\"http:\/\/cb27363e0b.url-de-test.ws\/site\/enfance-jeunesse\/\"},{\"@type\":\"ListItem\",\"position\":3,\"name\":\"Jeunesse\",\"item\":\"http:\/\/cb27363e0b.url-de-test.ws\/site\/enfance-jeunesse\/jeunesse\/\"},{\"@type\":\"ListItem\",\"position\":4,\"name\":\"Coll\u00e8ge Louisa Paulin\"}]}]}<\/script>\n<!-- \/ Yoast SEO plugin. -->","yoast_head_json":{"title":"Coll\u00e8ge Louisa Paulin - Communaut\u00e9 de Communes Centre Tarn","robots":{"index":"noindex","follow":"follow","max-snippet":"max-snippet:-1","max-image-preview":"max-image-preview:large","max-video-preview":"max-video-preview:-1"},"og_locale":"fr_FR","og_type":"article","og_title":"Coll\u00e8ge Louisa Paulin - Communaut\u00e9 de Communes Centre Tarn","og_description":"Lien vers le site du coll\u00e8ge","og_url":"http:\/\/cb27363e0b.url-de-test.ws\/site\/enfance-jeunesse\/jeunesse\/college-louisa-paulin\/","og_site_name":"Communaut\u00e9 de Communes Centre Tarn","article_publisher":"https:\/\/fr-fr.facebook.com\/centretarn\/","article_modified_time":"2018-09-25T09:27:06+00:00","og_image":[{"width":640,"height":426,"url":"http:\/\/cb27363e0b.url-de-test.ws\/site\/wp-content\/uploads\/2018\/01\/coll\u00e8ge-1.jpg","type":"image\/jpeg"}],"twitter_card":"summary_large_image","schema":{"@context":"https:\/\/schema.org","@graph":[{"@type":"Organization","@id":"http:\/\/cb27363e0b.url-de-test.ws\/site\/#organization","name":"Communaut\u00e9 de Communes Centre Tarn","url":"http:\/\/cb27363e0b.url-de-test.ws\/site\/","sameAs":["https:\/\/fr-fr.facebook.com\/centretarn\/","https:\/\/www.youtube.com\/channel\/UCmH971jS42X98fNgJKDqb1A"],"logo":{"@type":"ImageObject","@id":"http:\/\/cb27363e0b.url-de-test.ws\/site\/#logo","inLanguage":"fr-FR","url":"http:\/\/cb27363e0b.url-de-test.ws\/site\/wp-content\/uploads\/2018\/02\/logo-site.png","contentUrl":"http:\/\/cb27363e0b.url-de-test.ws\/site\/wp-content\/uploads\/2018\/02\/logo-site.png","width":149,"height":169,"caption":"Communaut\u00e9 de Communes Centre Tarn"},"image":{"@id":"http:\/\/cb27363e0b.url-de-test.ws\/site\/#logo"}},{"@type":"WebSite","@id":"http:\/\/cb27363e0b.url-de-test.ws\/site\/#website","url":"http:\/\/cb27363e0b.url-de-test.ws\/site\/","name":"Communaut\u00e9 de Communes Centre Tarn","description":"","publisher":{"@id":"http:\/\/cb27363e0b.url-de-test.ws\/site\/#organization"},"potentialAction":[{"@type":"SearchAction","target":{"@type":"EntryPoint","urlTemplate":"http:\/\/cb27363e0b.url-de-test.ws\/site\/?s={search_term_string}"},"query-input":"required name=search_term_string"}],"inLanguage":"fr-FR"},{"@type":"ImageObject","@id":"http:\/\/cb27363e0b.url-de-test.ws\/site\/enfance-jeunesse\/jeunesse\/college-louisa-paulin\/#primaryimage","inLanguage":"fr-FR","url":"http:\/\/cb27363e0b.url-de-test.ws\/site\/wp-content\/uploads\/2018\/01\/coll\u00e8ge-1.jpg","contentUrl":"http:\/\/cb27363e0b.url-de-test.ws\/site\/wp-content\/uploads\/2018\/01\/coll\u00e8ge-1.jpg","width":640,"height":426},{"@type":"WebPage","@id":"http:\/\/cb27363e0b.url-de-test.ws\/site\/enfance-jeunesse\/jeunesse\/college-louisa-paulin\/#webpage","url":"http:\/\/cb27363e0b.url-de-test.ws\/site\/enfance-jeunesse\/jeunesse\/college-louisa-paulin\/","name":"Coll\u00e8ge Louisa Paulin - Communaut\u00e9 de Communes Centre Tarn","isPartOf":{"@id":"http:\/\/cb27363e0b.url-de-test.ws\/site\/#website"},"primaryImageOfPage":{"@id":"http:\/\/cb27363e0b.url-de-test.ws\/site\/enfance-jeunesse\/jeunesse\/college-louisa-paulin\/#primaryimage"},"datePublished":"2018-01-23T12:48:09+00:00","dateModified":"2018-09-25T09:27:06+00:00","breadcrumb":{"@id":"http:\/\/cb27363e0b.url-de-test.ws\/site\/enfance-jeunesse\/jeunesse\/college-louisa-paulin\/#breadcrumb"},"inLanguage":"fr-FR","potentialAction":[{"@type":"ReadAction","target":["http:\/\/cb27363e0b.url-de-test.ws\/site\/enfance-jeunesse\/jeunesse\/college-louisa-paulin\/"]}]},{"@type":"BreadcrumbList","@id":"http:\/\/cb27363e0b.url-de-test.ws\/site\/enfance-jeunesse\/jeunesse\/college-louisa-paulin\/#breadcrumb","itemListElement":[{"@type":"ListItem","position":1,"name":"Accueil","item":"http:\/\/cb27363e0b.url-de-test.ws\/site\/"},{"@type":"ListItem","position":2,"name":"Enfance et Jeunesse","item":"http:\/\/cb27363e0b.url-de-test.ws\/site\/enfance-jeunesse\/"},{"@type":"ListItem","position":3,"name":"Jeunesse","item":"http:\/\/cb27363e0b.url-de-test.ws\/site\/enfance-jeunesse\/jeunesse\/"},{"@type":"ListItem","position":4,"name":"Coll\u00e8ge Louisa Paulin"}]}]}},"_links":{"self":[{"href":"http:\/\/cb27363e0b.url-de-test.ws\/site\/wp-json\/wp\/v2\/pages\/1406"}],"collection":[{"href":"http:\/\/cb27363e0b.url-de-test.ws\/site\/wp-json\/wp\/v2\/pages"}],"about":[{"href":"http:\/\/cb27363e0b.url-de-test.ws\/site\/wp-json\/wp\/v2\/types\/page"}],"author":[{"embeddable":true,"href":"http:\/\/cb27363e0b.url-de-test.ws\/site\/wp-json\/wp\/v2\/users\/1"}],"replies":[{"embeddable":true,"href":"http:\/\/cb27363e0b.url-de-test.ws\/site\/wp-json\/wp\/v2\/comments?post=1406"}],"version-history":[{"count":1,"href":"http:\/\/cb27363e0b.url-de-test.ws\/site\/wp-json\/wp\/v2\/pages\/1406\/revisions"}],"predecessor-version":[{"id":1407,"href":"http:\/\/cb27363e0b.url-de-test.ws\/site\/wp-json\/wp\/v2\/pages\/1406\/revisions\/1407"}],"up":[{"embeddable":true,"href":"http:\/\/cb27363e0b.url-de-test.ws\/site\/wp-json\/wp\/v2\/pages\/670"}],"wp:featuredmedia":[{"embeddable":true,"href":"http:\/\/cb27363e0b.url-de-test.ws\/site\/wp-json\/wp\/v2\/media\/1691"}],"wp:attachment":[{"href":"http:\/\/cb27363e0b.url-de-test.ws\/site\/wp-json\/wp\/v2\/media?parent=1406"}],"curies":[{"name":"wp","href":"https:\/\/api.w.org\/{rel}","templated":true}]}}