{"id":1402,"date":"2018-01-23T13:42:38","date_gmt":"2018-01-23T12:42:38","guid":{"rendered":"http:\/\/cb27363e0b.url-de-test.ws\/site\/?page_id=1402"},"modified":"2018-08-03T15:47:19","modified_gmt":"2018-08-03T13:47:19","slug":"chantiers-loisirs","status":"publish","type":"page","link":"http:\/\/cb27363e0b.url-de-test.ws\/site\/enfance-jeunesse\/jeunesse\/chantiers-loisirs\/","title":{"rendered":"Chantiers Loisirs"},"content":{"rendered":"<h3>Qu&rsquo;est-ce qu&rsquo;un chantier loisirs ?<\/h3>\n<p style=\"text-align: justify;\"><em>\u00ab\u00a0Propos\u00e9 par la Caisse d&rsquo;Allocations Familiales du Tarn et la Mutualit\u00e9 Sociale Agricole Tarn-Aveyron-Lot aux associations et collectivit\u00e9s locales, ce dispositif permet \u00e0 un groupe de jeunes, filles et gar\u00e7ons, de donner vie \u00e0 leur projet de loisirs en contrepartie d&rsquo;une action d&rsquo;utilit\u00e9 sociale, de nature citoyenne ou solidaire\u00a0\u00bb.<\/em><\/p>\n<p style=\"text-align: justify;\">La Communaut\u00e9 de communes est aussi partenaire de ces actions. En 2017, sept communes membres de la Communaut\u00e9 de Communes Centre Tarn ont mis en place neuf chantiers loisirs.<\/p>\n<p><iframe loading=\"lazy\" src=\"https:\/\/www.youtube.com\/embed\/S_v95NmKlq8\" width=\"560\" height=\"315\" frameborder=\"0\" allowfullscreen=\"allowfullscreen\"><\/iframe><\/p>\n<h3>Informations et renseignements<\/h3>\n<p>Service Enfance Jeunesse :<br \/>\n<a href=\"tel:0531819607\">05 31 81 96 07<\/a><br \/>\n<a href=\"mailto:enfance@centretarn.fr\">enfance@centretarn.fr<\/a><\/p>\n<h3>Articles de presse :<\/h3>\n<p><a href=\"https:\/\/www.ladepeche.fr\/article\/2018\/05\/05\/2792147-le-tour-du-village-amenage.html\" target=\"_blank\" rel=\"noopener\">Chantier \u00e0 Montredon-Labessonni\u00e9 en 2018<\/a><\/p>\n<p><a href=\"https:\/\/www.lasemainedecastres.fr\/les-jeunes-creent-un-sentier-botanique-grace-a-lapplication-smartflore\/\" target=\"_blank\" rel=\"noopener\">Chantier \u00e0 Lamillari\u00e9 en 2018<\/a><\/p>\n","protected":false},"excerpt":{"rendered":"<p>Qu&rsquo;est-ce qu&rsquo;un chantier loisirs ? \u00ab\u00a0Propos\u00e9 par la Caisse d&rsquo;Allocations Familiales du Tarn et la Mutualit\u00e9 Sociale Agricole Tarn-Aveyron-Lot aux associations et collectivit\u00e9s locales, ce dispositif permet \u00e0 un groupe de jeunes, filles et gar\u00e7ons, de donner vie \u00e0 leur projet de loisirs en contrepartie d&rsquo;une action d&rsquo;utilit\u00e9 sociale, de nature citoyenne ou solidaire\u00a0\u00bb. La [&hellip;]<\/p>\n","protected":false},"author":1,"featured_media":1726,"parent":670,"menu_order":0,"comment_status":"closed","ping_status":"closed","template":"","meta":[],"yoast_head":"<!-- This site is optimized with the Yoast SEO plugin v18.3 - https:\/\/yoast.com\/wordpress\/plugins\/seo\/ -->\n<title>Les chantiers loisirs sont organis\u00e9s sur le territoire Centre Tarn<\/title>\n<meta name=\"description\" content=\"Les chantiers loisirs r\u00e9unissent des jeunes qui souhaitent donner vie \u00e0 leur projet de loisirs qui rel\u00e8ve d&#039;une action d&#039;utilit\u00e9 sociale, de nature citoyenne ou solidaire. Dans ce contexte ils b\u00e9n\u00e9ficient du soutien de la CAF et de la MSA.\" \/>\n<meta name=\"robots\" content=\"noindex, follow, max-snippet:-1, max-image-preview:large, max-video-preview:-1\" \/>\n<meta property=\"og:locale\" content=\"fr_FR\" \/>\n<meta property=\"og:type\" content=\"article\" \/>\n<meta property=\"og:title\" content=\"Les chantiers loisirs sont organis\u00e9s sur le territoire Centre Tarn\" \/>\n<meta property=\"og:description\" content=\"Les chantiers loisirs r\u00e9unissent des jeunes qui souhaitent donner vie \u00e0 leur projet de loisirs qui rel\u00e8ve d&#039;une action d&#039;utilit\u00e9 sociale, de nature citoyenne ou solidaire. Dans ce contexte ils b\u00e9n\u00e9ficient du soutien de la CAF et de la MSA.\" \/>\n<meta property=\"og:url\" content=\"http:\/\/cb27363e0b.url-de-test.ws\/site\/enfance-jeunesse\/jeunesse\/chantiers-loisirs\/\" \/>\n<meta property=\"og:site_name\" content=\"Communaut\u00e9 de Communes Centre Tarn\" \/>\n<meta property=\"article:publisher\" content=\"https:\/\/fr-fr.facebook.com\/centretarn\/\" \/>\n<meta property=\"article:modified_time\" content=\"2018-08-03T13:47:19+00:00\" \/>\n<meta property=\"og:image\" content=\"http:\/\/cb27363e0b.url-de-test.ws\/site\/wp-content\/uploads\/2018\/01\/CHANTIER-JEUNES-OK2.jpg\" \/>\n\t<meta property=\"og:image:width\" content=\"3960\" \/>\n\t<meta property=\"og:image:height\" content=\"2576\" \/>\n\t<meta property=\"og:image:type\" content=\"image\/jpeg\" \/>\n<meta name=\"twitter:card\" content=\"summary_large_image\" \/>\n<script type=\"application\/ld+json\" class=\"yoast-schema-graph\">{\"@context\":\"https:\/\/schema.org\",\"@graph\":[{\"@type\":\"Organization\",\"@id\":\"http:\/\/cb27363e0b.url-de-test.ws\/site\/#organization\",\"name\":\"Communaut\u00e9 de Communes Centre Tarn\",\"url\":\"http:\/\/cb27363e0b.url-de-test.ws\/site\/\",\"sameAs\":[\"https:\/\/fr-fr.facebook.com\/centretarn\/\",\"https:\/\/www.youtube.com\/channel\/UCmH971jS42X98fNgJKDqb1A\"],\"logo\":{\"@type\":\"ImageObject\",\"@id\":\"http:\/\/cb27363e0b.url-de-test.ws\/site\/#logo\",\"inLanguage\":\"fr-FR\",\"url\":\"http:\/\/cb27363e0b.url-de-test.ws\/site\/wp-content\/uploads\/2018\/02\/logo-site.png\",\"contentUrl\":\"http:\/\/cb27363e0b.url-de-test.ws\/site\/wp-content\/uploads\/2018\/02\/logo-site.png\",\"width\":149,\"height\":169,\"caption\":\"Communaut\u00e9 de Communes Centre Tarn\"},\"image\":{\"@id\":\"http:\/\/cb27363e0b.url-de-test.ws\/site\/#logo\"}},{\"@type\":\"WebSite\",\"@id\":\"http:\/\/cb27363e0b.url-de-test.ws\/site\/#website\",\"url\":\"http:\/\/cb27363e0b.url-de-test.ws\/site\/\",\"name\":\"Communaut\u00e9 de Communes Centre Tarn\",\"description\":\"\",\"publisher\":{\"@id\":\"http:\/\/cb27363e0b.url-de-test.ws\/site\/#organization\"},\"potentialAction\":[{\"@type\":\"SearchAction\",\"target\":{\"@type\":\"EntryPoint\",\"urlTemplate\":\"http:\/\/cb27363e0b.url-de-test.ws\/site\/?s={search_term_string}\"},\"query-input\":\"required name=search_term_string\"}],\"inLanguage\":\"fr-FR\"},{\"@type\":\"ImageObject\",\"@id\":\"http:\/\/cb27363e0b.url-de-test.ws\/site\/enfance-jeunesse\/jeunesse\/chantiers-loisirs\/#primaryimage\",\"inLanguage\":\"fr-FR\",\"url\":\"http:\/\/cb27363e0b.url-de-test.ws\/site\/wp-content\/uploads\/2018\/01\/CHANTIER-JEUNES-OK2.jpg\",\"contentUrl\":\"http:\/\/cb27363e0b.url-de-test.ws\/site\/wp-content\/uploads\/2018\/01\/CHANTIER-JEUNES-OK2.jpg\",\"width\":3960,\"height\":2576,\"caption\":\"OLYMPUS DIGITAL CAMERA\"},{\"@type\":\"WebPage\",\"@id\":\"http:\/\/cb27363e0b.url-de-test.ws\/site\/enfance-jeunesse\/jeunesse\/chantiers-loisirs\/#webpage\",\"url\":\"http:\/\/cb27363e0b.url-de-test.ws\/site\/enfance-jeunesse\/jeunesse\/chantiers-loisirs\/\",\"name\":\"Les chantiers loisirs sont organis\u00e9s sur le territoire Centre Tarn\",\"isPartOf\":{\"@id\":\"http:\/\/cb27363e0b.url-de-test.ws\/site\/#website\"},\"primaryImageOfPage\":{\"@id\":\"http:\/\/cb27363e0b.url-de-test.ws\/site\/enfance-jeunesse\/jeunesse\/chantiers-loisirs\/#primaryimage\"},\"datePublished\":\"2018-01-23T12:42:38+00:00\",\"dateModified\":\"2018-08-03T13:47:19+00:00\",\"description\":\"Les chantiers loisirs r\u00e9unissent des jeunes qui souhaitent donner vie \u00e0 leur projet de loisirs qui rel\u00e8ve d'une action d'utilit\u00e9 sociale, de nature citoyenne ou solidaire. Dans ce contexte ils b\u00e9n\u00e9ficient du soutien de la CAF et de la MSA.\",\"breadcrumb\":{\"@id\":\"http:\/\/cb27363e0b.url-de-test.ws\/site\/enfance-jeunesse\/jeunesse\/chantiers-loisirs\/#breadcrumb\"},\"inLanguage\":\"fr-FR\",\"potentialAction\":[{\"@type\":\"ReadAction\",\"target\":[\"http:\/\/cb27363e0b.url-de-test.ws\/site\/enfance-jeunesse\/jeunesse\/chantiers-loisirs\/\"]}]},{\"@type\":\"BreadcrumbList\",\"@id\":\"http:\/\/cb27363e0b.url-de-test.ws\/site\/enfance-jeunesse\/jeunesse\/chantiers-loisirs\/#breadcrumb\",\"itemListElement\":[{\"@type\":\"ListItem\",\"position\":1,\"name\":\"Accueil\",\"item\":\"http:\/\/cb27363e0b.url-de-test.ws\/site\/\"},{\"@type\":\"ListItem\",\"position\":2,\"name\":\"Enfance et Jeunesse\",\"item\":\"http:\/\/cb27363e0b.url-de-test.ws\/site\/enfance-jeunesse\/\"},{\"@type\":\"ListItem\",\"position\":3,\"name\":\"Jeunesse\",\"item\":\"http:\/\/cb27363e0b.url-de-test.ws\/site\/enfance-jeunesse\/jeunesse\/\"},{\"@type\":\"ListItem\",\"position\":4,\"name\":\"Chantiers Loisirs\"}]}]}<\/script>\n<!-- \/ Yoast SEO plugin. -->","yoast_head_json":{"title":"Les chantiers loisirs sont organis\u00e9s sur le territoire Centre Tarn","description":"Les chantiers loisirs r\u00e9unissent des jeunes qui souhaitent donner vie \u00e0 leur projet de loisirs qui rel\u00e8ve d'une action d'utilit\u00e9 sociale, de nature citoyenne ou solidaire. Dans ce contexte ils b\u00e9n\u00e9ficient du soutien de la CAF et de la MSA.","robots":{"index":"noindex","follow":"follow","max-snippet":"max-snippet:-1","max-image-preview":"max-image-preview:large","max-video-preview":"max-video-preview:-1"},"og_locale":"fr_FR","og_type":"article","og_title":"Les chantiers loisirs sont organis\u00e9s sur le territoire Centre Tarn","og_description":"Les chantiers loisirs r\u00e9unissent des jeunes qui souhaitent donner vie \u00e0 leur projet de loisirs qui rel\u00e8ve d'une action d'utilit\u00e9 sociale, de nature citoyenne ou solidaire. Dans ce contexte ils b\u00e9n\u00e9ficient du soutien de la CAF et de la MSA.","og_url":"http:\/\/cb27363e0b.url-de-test.ws\/site\/enfance-jeunesse\/jeunesse\/chantiers-loisirs\/","og_site_name":"Communaut\u00e9 de Communes Centre Tarn","article_publisher":"https:\/\/fr-fr.facebook.com\/centretarn\/","article_modified_time":"2018-08-03T13:47:19+00:00","og_image":[{"width":3960,"height":2576,"url":"http:\/\/cb27363e0b.url-de-test.ws\/site\/wp-content\/uploads\/2018\/01\/CHANTIER-JEUNES-OK2.jpg","type":"image\/jpeg"}],"twitter_card":"summary_large_image","schema":{"@context":"https:\/\/schema.org","@graph":[{"@type":"Organization","@id":"http:\/\/cb27363e0b.url-de-test.ws\/site\/#organization","name":"Communaut\u00e9 de Communes Centre Tarn","url":"http:\/\/cb27363e0b.url-de-test.ws\/site\/","sameAs":["https:\/\/fr-fr.facebook.com\/centretarn\/","https:\/\/www.youtube.com\/channel\/UCmH971jS42X98fNgJKDqb1A"],"logo":{"@type":"ImageObject","@id":"http:\/\/cb27363e0b.url-de-test.ws\/site\/#logo","inLanguage":"fr-FR","url":"http:\/\/cb27363e0b.url-de-test.ws\/site\/wp-content\/uploads\/2018\/02\/logo-site.png","contentUrl":"http:\/\/cb27363e0b.url-de-test.ws\/site\/wp-content\/uploads\/2018\/02\/logo-site.png","width":149,"height":169,"caption":"Communaut\u00e9 de Communes Centre Tarn"},"image":{"@id":"http:\/\/cb27363e0b.url-de-test.ws\/site\/#logo"}},{"@type":"WebSite","@id":"http:\/\/cb27363e0b.url-de-test.ws\/site\/#website","url":"http:\/\/cb27363e0b.url-de-test.ws\/site\/","name":"Communaut\u00e9 de Communes Centre Tarn","description":"","publisher":{"@id":"http:\/\/cb27363e0b.url-de-test.ws\/site\/#organization"},"potentialAction":[{"@type":"SearchAction","target":{"@type":"EntryPoint","urlTemplate":"http:\/\/cb27363e0b.url-de-test.ws\/site\/?s={search_term_string}"},"query-input":"required name=search_term_string"}],"inLanguage":"fr-FR"},{"@type":"ImageObject","@id":"http:\/\/cb27363e0b.url-de-test.ws\/site\/enfance-jeunesse\/jeunesse\/chantiers-loisirs\/#primaryimage","inLanguage":"fr-FR","url":"http:\/\/cb27363e0b.url-de-test.ws\/site\/wp-content\/uploads\/2018\/01\/CHANTIER-JEUNES-OK2.jpg","contentUrl":"http:\/\/cb27363e0b.url-de-test.ws\/site\/wp-content\/uploads\/2018\/01\/CHANTIER-JEUNES-OK2.jpg","width":3960,"height":2576,"caption":"OLYMPUS DIGITAL CAMERA"},{"@type":"WebPage","@id":"http:\/\/cb27363e0b.url-de-test.ws\/site\/enfance-jeunesse\/jeunesse\/chantiers-loisirs\/#webpage","url":"http:\/\/cb27363e0b.url-de-test.ws\/site\/enfance-jeunesse\/jeunesse\/chantiers-loisirs\/","name":"Les chantiers loisirs sont organis\u00e9s sur le territoire Centre Tarn","isPartOf":{"@id":"http:\/\/cb27363e0b.url-de-test.ws\/site\/#website"},"primaryImageOfPage":{"@id":"http:\/\/cb27363e0b.url-de-test.ws\/site\/enfance-jeunesse\/jeunesse\/chantiers-loisirs\/#primaryimage"},"datePublished":"2018-01-23T12:42:38+00:00","dateModified":"2018-08-03T13:47:19+00:00","description":"Les chantiers loisirs r\u00e9unissent des jeunes qui souhaitent donner vie \u00e0 leur projet de loisirs qui rel\u00e8ve d'une action d'utilit\u00e9 sociale, de nature citoyenne ou solidaire. Dans ce contexte ils b\u00e9n\u00e9ficient du soutien de la CAF et de la MSA.","breadcrumb":{"@id":"http:\/\/cb27363e0b.url-de-test.ws\/site\/enfance-jeunesse\/jeunesse\/chantiers-loisirs\/#breadcrumb"},"inLanguage":"fr-FR","potentialAction":[{"@type":"ReadAction","target":["http:\/\/cb27363e0b.url-de-test.ws\/site\/enfance-jeunesse\/jeunesse\/chantiers-loisirs\/"]}]},{"@type":"BreadcrumbList","@id":"http:\/\/cb27363e0b.url-de-test.ws\/site\/enfance-jeunesse\/jeunesse\/chantiers-loisirs\/#breadcrumb","itemListElement":[{"@type":"ListItem","position":1,"name":"Accueil","item":"http:\/\/cb27363e0b.url-de-test.ws\/site\/"},{"@type":"ListItem","position":2,"name":"Enfance et Jeunesse","item":"http:\/\/cb27363e0b.url-de-test.ws\/site\/enfance-jeunesse\/"},{"@type":"ListItem","position":3,"name":"Jeunesse","item":"http:\/\/cb27363e0b.url-de-test.ws\/site\/enfance-jeunesse\/jeunesse\/"},{"@type":"ListItem","position":4,"name":"Chantiers Loisirs"}]}]}},"_links":{"self":[{"href":"http:\/\/cb27363e0b.url-de-test.ws\/site\/wp-json\/wp\/v2\/pages\/1402"}],"collection":[{"href":"http:\/\/cb27363e0b.url-de-test.ws\/site\/wp-json\/wp\/v2\/pages"}],"about":[{"href":"http:\/\/cb27363e0b.url-de-test.ws\/site\/wp-json\/wp\/v2\/types\/page"}],"author":[{"embeddable":true,"href":"http:\/\/cb27363e0b.url-de-test.ws\/site\/wp-json\/wp\/v2\/users\/1"}],"replies":[{"embeddable":true,"href":"http:\/\/cb27363e0b.url-de-test.ws\/site\/wp-json\/wp\/v2\/comments?post=1402"}],"version-history":[{"count":17,"href":"http:\/\/cb27363e0b.url-de-test.ws\/site\/wp-json\/wp\/v2\/pages\/1402\/revisions"}],"predecessor-version":[{"id":2593,"href":"http:\/\/cb27363e0b.url-de-test.ws\/site\/wp-json\/wp\/v2\/pages\/1402\/revisions\/2593"}],"up":[{"embeddable":true,"href":"http:\/\/cb27363e0b.url-de-test.ws\/site\/wp-json\/wp\/v2\/pages\/670"}],"wp:featuredmedia":[{"embeddable":true,"href":"http:\/\/cb27363e0b.url-de-test.ws\/site\/wp-json\/wp\/v2\/media\/1726"}],"wp:attachment":[{"href":"http:\/\/cb27363e0b.url-de-test.ws\/site\/wp-json\/wp\/v2\/media?parent=1402"}],"curies":[{"name":"wp","href":"https:\/\/api.w.org\/{rel}","templated":true}]}}