{"id":1395,"date":"2018-01-23T13:39:03","date_gmt":"2018-01-23T12:39:03","guid":{"rendered":"http:\/\/cb27363e0b.url-de-test.ws\/site\/?page_id=1395"},"modified":"2018-09-25T11:26:02","modified_gmt":"2018-09-25T09:26:02","slug":"mission-locale-tarn-nord","status":"publish","type":"page","link":"http:\/\/cb27363e0b.url-de-test.ws\/site\/enfance-jeunesse\/jeunesse\/mission-locale-tarn-nord\/","title":{"rendered":"Mission Locale Tarn Nord"},"content":{"rendered":"<p>La mission locale jeunes Tarn Nord accompagne les jeunes de 16 \u00e0 25 ans vers l&#8217;emploi.<\/p>\n<p>Pour en savoir plus:<\/p>\n<p><a href=\"http:\/\/www.mjtn.fr\/\" target=\"_blank\" rel=\"noopener\">Site internet de la mission jeunes<\/a><\/p>\n<p>Les permanences \u00e0 R\u00e9almont, au rez de chauss\u00e9e de l&rsquo;Espace intercommunal Centre Tarn, 2 bis boulevard Carnot :<\/p>\n<p>Sur RDV <a href=\"tel:0563470885\">05 63 47 08 85<\/a><br \/>\n<strong>Le 2\u00e8me mercredi de chaque mois de 9H \u00e0 12H \u00e0 la Maison de Services Au Public (MSAP)<br \/>\n<\/strong><\/p>\n","protected":false},"excerpt":{"rendered":"<p>La mission locale jeunes Tarn Nord accompagne les jeunes de 16 \u00e0 25 ans vers l&#8217;emploi. Pour en savoir plus: Site internet de la mission jeunes Les permanences \u00e0 R\u00e9almont, au rez de chauss\u00e9e de l&rsquo;Espace intercommunal Centre Tarn, 2 bis boulevard Carnot : Sur RDV 05 63 47 08 85 Le 2\u00e8me mercredi de [&hellip;]<\/p>\n","protected":false},"author":1,"featured_media":1694,"parent":670,"menu_order":0,"comment_status":"closed","ping_status":"closed","template":"","meta":[],"yoast_head":"<!-- This site is optimized with the Yoast SEO plugin v18.3 - https:\/\/yoast.com\/wordpress\/plugins\/seo\/ -->\n<title>La mission locale Tarn Nord est l&#039;in des partenaires de la MSAP<\/title>\n<meta name=\"description\" content=\"La missions locale Tarn Nord est l&#039;un des partenaires de la MSAP. Elle accompagne les jeunes de 16 \u00e0 25 ans dans l&#039;ensemble de leurs d\u00e9marches qu&#039;elles rel\u00e8vent du travail, du logement, des voyages...\" \/>\n<meta name=\"robots\" content=\"noindex, follow, max-snippet:-1, max-image-preview:large, max-video-preview:-1\" \/>\n<meta property=\"og:locale\" content=\"fr_FR\" \/>\n<meta property=\"og:type\" content=\"article\" \/>\n<meta property=\"og:title\" content=\"La mission locale Tarn Nord est l&#039;in des partenaires de la MSAP\" \/>\n<meta property=\"og:description\" content=\"La missions locale Tarn Nord est l&#039;un des partenaires de la MSAP. Elle accompagne les jeunes de 16 \u00e0 25 ans dans l&#039;ensemble de leurs d\u00e9marches qu&#039;elles rel\u00e8vent du travail, du logement, des voyages...\" \/>\n<meta property=\"og:url\" content=\"http:\/\/cb27363e0b.url-de-test.ws\/site\/enfance-jeunesse\/jeunesse\/mission-locale-tarn-nord\/\" \/>\n<meta property=\"og:site_name\" content=\"Communaut\u00e9 de Communes Centre Tarn\" \/>\n<meta property=\"article:publisher\" content=\"https:\/\/fr-fr.facebook.com\/centretarn\/\" \/>\n<meta property=\"article:modified_time\" content=\"2018-09-25T09:26:02+00:00\" \/>\n<meta property=\"og:image\" content=\"http:\/\/cb27363e0b.url-de-test.ws\/site\/wp-content\/uploads\/2018\/01\/\u00e9tudiants.jpg\" \/>\n\t<meta property=\"og:image:width\" content=\"640\" \/>\n\t<meta property=\"og:image:height\" content=\"426\" \/>\n\t<meta property=\"og:image:type\" content=\"image\/jpeg\" \/>\n<meta name=\"twitter:card\" content=\"summary_large_image\" \/>\n<script type=\"application\/ld+json\" class=\"yoast-schema-graph\">{\"@context\":\"https:\/\/schema.org\",\"@graph\":[{\"@type\":\"Organization\",\"@id\":\"http:\/\/cb27363e0b.url-de-test.ws\/site\/#organization\",\"name\":\"Communaut\u00e9 de Communes Centre Tarn\",\"url\":\"http:\/\/cb27363e0b.url-de-test.ws\/site\/\",\"sameAs\":[\"https:\/\/fr-fr.facebook.com\/centretarn\/\",\"https:\/\/www.youtube.com\/channel\/UCmH971jS42X98fNgJKDqb1A\"],\"logo\":{\"@type\":\"ImageObject\",\"@id\":\"http:\/\/cb27363e0b.url-de-test.ws\/site\/#logo\",\"inLanguage\":\"fr-FR\",\"url\":\"http:\/\/cb27363e0b.url-de-test.ws\/site\/wp-content\/uploads\/2018\/02\/logo-site.png\",\"contentUrl\":\"http:\/\/cb27363e0b.url-de-test.ws\/site\/wp-content\/uploads\/2018\/02\/logo-site.png\",\"width\":149,\"height\":169,\"caption\":\"Communaut\u00e9 de Communes Centre Tarn\"},\"image\":{\"@id\":\"http:\/\/cb27363e0b.url-de-test.ws\/site\/#logo\"}},{\"@type\":\"WebSite\",\"@id\":\"http:\/\/cb27363e0b.url-de-test.ws\/site\/#website\",\"url\":\"http:\/\/cb27363e0b.url-de-test.ws\/site\/\",\"name\":\"Communaut\u00e9 de Communes Centre Tarn\",\"description\":\"\",\"publisher\":{\"@id\":\"http:\/\/cb27363e0b.url-de-test.ws\/site\/#organization\"},\"potentialAction\":[{\"@type\":\"SearchAction\",\"target\":{\"@type\":\"EntryPoint\",\"urlTemplate\":\"http:\/\/cb27363e0b.url-de-test.ws\/site\/?s={search_term_string}\"},\"query-input\":\"required name=search_term_string\"}],\"inLanguage\":\"fr-FR\"},{\"@type\":\"ImageObject\",\"@id\":\"http:\/\/cb27363e0b.url-de-test.ws\/site\/enfance-jeunesse\/jeunesse\/mission-locale-tarn-nord\/#primaryimage\",\"inLanguage\":\"fr-FR\",\"url\":\"http:\/\/cb27363e0b.url-de-test.ws\/site\/wp-content\/uploads\/2018\/01\/\u00e9tudiants.jpg\",\"contentUrl\":\"http:\/\/cb27363e0b.url-de-test.ws\/site\/wp-content\/uploads\/2018\/01\/\u00e9tudiants.jpg\",\"width\":640,\"height\":426},{\"@type\":\"WebPage\",\"@id\":\"http:\/\/cb27363e0b.url-de-test.ws\/site\/enfance-jeunesse\/jeunesse\/mission-locale-tarn-nord\/#webpage\",\"url\":\"http:\/\/cb27363e0b.url-de-test.ws\/site\/enfance-jeunesse\/jeunesse\/mission-locale-tarn-nord\/\",\"name\":\"La mission locale Tarn Nord est l'in des partenaires de la MSAP\",\"isPartOf\":{\"@id\":\"http:\/\/cb27363e0b.url-de-test.ws\/site\/#website\"},\"primaryImageOfPage\":{\"@id\":\"http:\/\/cb27363e0b.url-de-test.ws\/site\/enfance-jeunesse\/jeunesse\/mission-locale-tarn-nord\/#primaryimage\"},\"datePublished\":\"2018-01-23T12:39:03+00:00\",\"dateModified\":\"2018-09-25T09:26:02+00:00\",\"description\":\"La missions locale Tarn Nord est l'un des partenaires de la MSAP. Elle accompagne les jeunes de 16 \u00e0 25 ans dans l'ensemble de leurs d\u00e9marches qu'elles rel\u00e8vent du travail, du logement, des voyages...\",\"breadcrumb\":{\"@id\":\"http:\/\/cb27363e0b.url-de-test.ws\/site\/enfance-jeunesse\/jeunesse\/mission-locale-tarn-nord\/#breadcrumb\"},\"inLanguage\":\"fr-FR\",\"potentialAction\":[{\"@type\":\"ReadAction\",\"target\":[\"http:\/\/cb27363e0b.url-de-test.ws\/site\/enfance-jeunesse\/jeunesse\/mission-locale-tarn-nord\/\"]}]},{\"@type\":\"BreadcrumbList\",\"@id\":\"http:\/\/cb27363e0b.url-de-test.ws\/site\/enfance-jeunesse\/jeunesse\/mission-locale-tarn-nord\/#breadcrumb\",\"itemListElement\":[{\"@type\":\"ListItem\",\"position\":1,\"name\":\"Accueil\",\"item\":\"http:\/\/cb27363e0b.url-de-test.ws\/site\/\"},{\"@type\":\"ListItem\",\"position\":2,\"name\":\"Enfance et Jeunesse\",\"item\":\"http:\/\/cb27363e0b.url-de-test.ws\/site\/enfance-jeunesse\/\"},{\"@type\":\"ListItem\",\"position\":3,\"name\":\"Jeunesse\",\"item\":\"http:\/\/cb27363e0b.url-de-test.ws\/site\/enfance-jeunesse\/jeunesse\/\"},{\"@type\":\"ListItem\",\"position\":4,\"name\":\"Mission Locale Tarn Nord\"}]}]}<\/script>\n<!-- \/ Yoast SEO plugin. -->","yoast_head_json":{"title":"La mission locale Tarn Nord est l'in des partenaires de la MSAP","description":"La missions locale Tarn Nord est l'un des partenaires de la MSAP. Elle accompagne les jeunes de 16 \u00e0 25 ans dans l'ensemble de leurs d\u00e9marches qu'elles rel\u00e8vent du travail, du logement, des voyages...","robots":{"index":"noindex","follow":"follow","max-snippet":"max-snippet:-1","max-image-preview":"max-image-preview:large","max-video-preview":"max-video-preview:-1"},"og_locale":"fr_FR","og_type":"article","og_title":"La mission locale Tarn Nord est l'in des partenaires de la MSAP","og_description":"La missions locale Tarn Nord est l'un des partenaires de la MSAP. Elle accompagne les jeunes de 16 \u00e0 25 ans dans l'ensemble de leurs d\u00e9marches qu'elles rel\u00e8vent du travail, du logement, des voyages...","og_url":"http:\/\/cb27363e0b.url-de-test.ws\/site\/enfance-jeunesse\/jeunesse\/mission-locale-tarn-nord\/","og_site_name":"Communaut\u00e9 de Communes Centre Tarn","article_publisher":"https:\/\/fr-fr.facebook.com\/centretarn\/","article_modified_time":"2018-09-25T09:26:02+00:00","og_image":[{"width":640,"height":426,"url":"http:\/\/cb27363e0b.url-de-test.ws\/site\/wp-content\/uploads\/2018\/01\/\u00e9tudiants.jpg","type":"image\/jpeg"}],"twitter_card":"summary_large_image","schema":{"@context":"https:\/\/schema.org","@graph":[{"@type":"Organization","@id":"http:\/\/cb27363e0b.url-de-test.ws\/site\/#organization","name":"Communaut\u00e9 de Communes Centre Tarn","url":"http:\/\/cb27363e0b.url-de-test.ws\/site\/","sameAs":["https:\/\/fr-fr.facebook.com\/centretarn\/","https:\/\/www.youtube.com\/channel\/UCmH971jS42X98fNgJKDqb1A"],"logo":{"@type":"ImageObject","@id":"http:\/\/cb27363e0b.url-de-test.ws\/site\/#logo","inLanguage":"fr-FR","url":"http:\/\/cb27363e0b.url-de-test.ws\/site\/wp-content\/uploads\/2018\/02\/logo-site.png","contentUrl":"http:\/\/cb27363e0b.url-de-test.ws\/site\/wp-content\/uploads\/2018\/02\/logo-site.png","width":149,"height":169,"caption":"Communaut\u00e9 de Communes Centre Tarn"},"image":{"@id":"http:\/\/cb27363e0b.url-de-test.ws\/site\/#logo"}},{"@type":"WebSite","@id":"http:\/\/cb27363e0b.url-de-test.ws\/site\/#website","url":"http:\/\/cb27363e0b.url-de-test.ws\/site\/","name":"Communaut\u00e9 de Communes Centre Tarn","description":"","publisher":{"@id":"http:\/\/cb27363e0b.url-de-test.ws\/site\/#organization"},"potentialAction":[{"@type":"SearchAction","target":{"@type":"EntryPoint","urlTemplate":"http:\/\/cb27363e0b.url-de-test.ws\/site\/?s={search_term_string}"},"query-input":"required name=search_term_string"}],"inLanguage":"fr-FR"},{"@type":"ImageObject","@id":"http:\/\/cb27363e0b.url-de-test.ws\/site\/enfance-jeunesse\/jeunesse\/mission-locale-tarn-nord\/#primaryimage","inLanguage":"fr-FR","url":"http:\/\/cb27363e0b.url-de-test.ws\/site\/wp-content\/uploads\/2018\/01\/\u00e9tudiants.jpg","contentUrl":"http:\/\/cb27363e0b.url-de-test.ws\/site\/wp-content\/uploads\/2018\/01\/\u00e9tudiants.jpg","width":640,"height":426},{"@type":"WebPage","@id":"http:\/\/cb27363e0b.url-de-test.ws\/site\/enfance-jeunesse\/jeunesse\/mission-locale-tarn-nord\/#webpage","url":"http:\/\/cb27363e0b.url-de-test.ws\/site\/enfance-jeunesse\/jeunesse\/mission-locale-tarn-nord\/","name":"La mission locale Tarn Nord est l'in des partenaires de la MSAP","isPartOf":{"@id":"http:\/\/cb27363e0b.url-de-test.ws\/site\/#website"},"primaryImageOfPage":{"@id":"http:\/\/cb27363e0b.url-de-test.ws\/site\/enfance-jeunesse\/jeunesse\/mission-locale-tarn-nord\/#primaryimage"},"datePublished":"2018-01-23T12:39:03+00:00","dateModified":"2018-09-25T09:26:02+00:00","description":"La missions locale Tarn Nord est l'un des partenaires de la MSAP. Elle accompagne les jeunes de 16 \u00e0 25 ans dans l'ensemble de leurs d\u00e9marches qu'elles rel\u00e8vent du travail, du logement, des voyages...","breadcrumb":{"@id":"http:\/\/cb27363e0b.url-de-test.ws\/site\/enfance-jeunesse\/jeunesse\/mission-locale-tarn-nord\/#breadcrumb"},"inLanguage":"fr-FR","potentialAction":[{"@type":"ReadAction","target":["http:\/\/cb27363e0b.url-de-test.ws\/site\/enfance-jeunesse\/jeunesse\/mission-locale-tarn-nord\/"]}]},{"@type":"BreadcrumbList","@id":"http:\/\/cb27363e0b.url-de-test.ws\/site\/enfance-jeunesse\/jeunesse\/mission-locale-tarn-nord\/#breadcrumb","itemListElement":[{"@type":"ListItem","position":1,"name":"Accueil","item":"http:\/\/cb27363e0b.url-de-test.ws\/site\/"},{"@type":"ListItem","position":2,"name":"Enfance et Jeunesse","item":"http:\/\/cb27363e0b.url-de-test.ws\/site\/enfance-jeunesse\/"},{"@type":"ListItem","position":3,"name":"Jeunesse","item":"http:\/\/cb27363e0b.url-de-test.ws\/site\/enfance-jeunesse\/jeunesse\/"},{"@type":"ListItem","position":4,"name":"Mission Locale Tarn Nord"}]}]}},"_links":{"self":[{"href":"http:\/\/cb27363e0b.url-de-test.ws\/site\/wp-json\/wp\/v2\/pages\/1395"}],"collection":[{"href":"http:\/\/cb27363e0b.url-de-test.ws\/site\/wp-json\/wp\/v2\/pages"}],"about":[{"href":"http:\/\/cb27363e0b.url-de-test.ws\/site\/wp-json\/wp\/v2\/types\/page"}],"author":[{"embeddable":true,"href":"http:\/\/cb27363e0b.url-de-test.ws\/site\/wp-json\/wp\/v2\/users\/1"}],"replies":[{"embeddable":true,"href":"http:\/\/cb27363e0b.url-de-test.ws\/site\/wp-json\/wp\/v2\/comments?post=1395"}],"version-history":[{"count":5,"href":"http:\/\/cb27363e0b.url-de-test.ws\/site\/wp-json\/wp\/v2\/pages\/1395\/revisions"}],"predecessor-version":[{"id":3133,"href":"http:\/\/cb27363e0b.url-de-test.ws\/site\/wp-json\/wp\/v2\/pages\/1395\/revisions\/3133"}],"up":[{"embeddable":true,"href":"http:\/\/cb27363e0b.url-de-test.ws\/site\/wp-json\/wp\/v2\/pages\/670"}],"wp:featuredmedia":[{"embeddable":true,"href":"http:\/\/cb27363e0b.url-de-test.ws\/site\/wp-json\/wp\/v2\/media\/1694"}],"wp:attachment":[{"href":"http:\/\/cb27363e0b.url-de-test.ws\/site\/wp-json\/wp\/v2\/media?parent=1395"}],"curies":[{"name":"wp","href":"https:\/\/api.w.org\/{rel}","templated":true}]}}