{"id":1392,"date":"2018-01-23T13:34:15","date_gmt":"2018-01-23T12:34:15","guid":{"rendered":"http:\/\/cb27363e0b.url-de-test.ws\/site\/?page_id=1392"},"modified":"2018-11-15T15:14:02","modified_gmt":"2018-11-15T14:14:02","slug":"service-jeunesse-lombers","status":"publish","type":"page","link":"http:\/\/cb27363e0b.url-de-test.ws\/site\/enfance-jeunesse\/jeunesse\/services-jeunesse\/service-jeunesse-lombers\/","title":{"rendered":"Service Jeunesse Lombers"},"content":{"rendered":"<div class=\"c-tabs\"><div class=\"c-content-box\"><div class=\"tabs-inner\"><ul class=\"tab-list\"><li class=\"tab m-active\"><span class=\"tab-label\">B\u00c9N\u00c9FICIAIRES<\/span><\/li><li class=\"tab\"><span class=\"tab-label\">GESTIONNAIRE<\/span><\/li><li class=\"tab\"><span class=\"tab-label\">OBJECTIFS<\/span><\/li><\/ul><ul class=\"content-list\">\n<li><p>Le local est ouvert aux jeunes de la commune de Lombers de 11 \u00e0 17 ans.<\/p>\n<\/li>\n<li style=\"display: none;\"><p><strong>Mairie de Lombers<\/strong><br \/>\n<strong>Adresse du local<\/strong> :<br \/>\nService Jeunesse de Lombers<br \/>\nRoute de Gaillac<br \/>\n81120 Lombers<br \/>\n<strong>Animateur<\/strong> : Monsieur Farki AISSANI<br \/>\n<strong>T\u00e9l\u00e9phone<\/strong> : <a href=\"tel:0563555308\">05 63 55 53 08<\/a> \/ <a href=\"tel:0610972143\">06 10 97 21 43<\/a><br \/>\n<strong>En savoir plus<\/strong> :<br \/>\n<a href=\"https:\/\/espacejeunelombers.wixsite.com\/accueil\/\" target=\"_blank\" rel=\"noopener\">Site Internet<\/a><a href=\"http:\/\/www.lombers.fr\/enfance-et-jeunesse-action-jeunesse.html\" target=\"_blank\" rel=\"noopener\"><\/a><\/p>\n<\/li>\n<li style=\"display: none;\"><ul>\n<li>Proposer aux jeunes de Lombers une continuit\u00e9 des actions men\u00e9es par l&rsquo;accueil de loisirs La Passerelle<\/li>\n<li>D\u00e9velopper un lien social et interg\u00e9n\u00e9rationnel entre les adultes et les jeunes du village<\/li>\n<li>Animer un espace adolescent en r\u00e9pondant aux attentes des jeunes en mati\u00e8re de loisirs(sportif,culturel et artistiques)<\/li>\n<li>Impliquer les jeunes, les responsabiliser et leur faire d\u00e9couvrir la dynamique associative<\/li>\n<li>Accompagner les jeunes dans leurs projets<\/li>\n<\/ul>\n<\/li>\n<\/ul><\/div><\/div><\/div>\n","protected":false},"excerpt":{"rendered":"B\u00c9N\u00c9FICIAIRESGESTIONNAIREOBJECTIFS Le local est ouvert aux jeunes de la commune de Lombers de 11 \u00e0 17 ans. Mairie de Lombers Adresse du local : Service Jeunesse de Lombers Route de Gaillac 81120 Lombers Animateur : Monsieur Farki AISSANI T\u00e9l\u00e9phone : 05 63 55 53 08 \/ 06 10 97 21 43 En savoir plus : [...]","protected":false},"author":1,"featured_media":1697,"parent":1384,"menu_order":0,"comment_status":"closed","ping_status":"closed","template":"","meta":[],"yoast_head":"<!-- This site is optimized with the Yoast SEO plugin v18.3 - https:\/\/yoast.com\/wordpress\/plugins\/seo\/ -->\n<title>Service Jeunesse Lombers - Communaut\u00e9 de Communes Centre Tarn<\/title>\n<meta name=\"robots\" content=\"noindex, follow, max-snippet:-1, max-image-preview:large, max-video-preview:-1\" \/>\n<meta property=\"og:locale\" content=\"fr_FR\" \/>\n<meta property=\"og:type\" content=\"article\" \/>\n<meta property=\"og:title\" content=\"Service Jeunesse Lombers - Communaut\u00e9 de Communes Centre Tarn\" \/>\n<meta property=\"og:url\" content=\"http:\/\/cb27363e0b.url-de-test.ws\/site\/enfance-jeunesse\/jeunesse\/services-jeunesse\/service-jeunesse-lombers\/\" \/>\n<meta property=\"og:site_name\" content=\"Communaut\u00e9 de Communes Centre Tarn\" \/>\n<meta property=\"article:publisher\" content=\"https:\/\/fr-fr.facebook.com\/centretarn\/\" \/>\n<meta property=\"article:modified_time\" content=\"2018-11-15T14:14:02+00:00\" \/>\n<meta property=\"og:image\" content=\"http:\/\/cb27363e0b.url-de-test.ws\/site\/wp-content\/uploads\/2018\/01\/jeunes-randonn\u00e9esOK.jpg\" \/>\n\t<meta property=\"og:image:width\" content=\"637\" \/>\n\t<meta property=\"og:image:height\" content=\"336\" \/>\n\t<meta property=\"og:image:type\" content=\"image\/jpeg\" \/>\n<meta name=\"twitter:card\" content=\"summary_large_image\" \/>\n<meta name=\"twitter:label1\" content=\"Dur\u00e9e de lecture estim\u00e9e\" \/>\n\t<meta name=\"twitter:data1\" content=\"1 minute\" \/>\n<script type=\"application\/ld+json\" class=\"yoast-schema-graph\">{\"@context\":\"https:\/\/schema.org\",\"@graph\":[{\"@type\":\"Organization\",\"@id\":\"http:\/\/cb27363e0b.url-de-test.ws\/site\/#organization\",\"name\":\"Communaut\u00e9 de Communes Centre Tarn\",\"url\":\"http:\/\/cb27363e0b.url-de-test.ws\/site\/\",\"sameAs\":[\"https:\/\/fr-fr.facebook.com\/centretarn\/\",\"https:\/\/www.youtube.com\/channel\/UCmH971jS42X98fNgJKDqb1A\"],\"logo\":{\"@type\":\"ImageObject\",\"@id\":\"http:\/\/cb27363e0b.url-de-test.ws\/site\/#logo\",\"inLanguage\":\"fr-FR\",\"url\":\"http:\/\/cb27363e0b.url-de-test.ws\/site\/wp-content\/uploads\/2018\/02\/logo-site.png\",\"contentUrl\":\"http:\/\/cb27363e0b.url-de-test.ws\/site\/wp-content\/uploads\/2018\/02\/logo-site.png\",\"width\":149,\"height\":169,\"caption\":\"Communaut\u00e9 de Communes Centre Tarn\"},\"image\":{\"@id\":\"http:\/\/cb27363e0b.url-de-test.ws\/site\/#logo\"}},{\"@type\":\"WebSite\",\"@id\":\"http:\/\/cb27363e0b.url-de-test.ws\/site\/#website\",\"url\":\"http:\/\/cb27363e0b.url-de-test.ws\/site\/\",\"name\":\"Communaut\u00e9 de Communes Centre Tarn\",\"description\":\"\",\"publisher\":{\"@id\":\"http:\/\/cb27363e0b.url-de-test.ws\/site\/#organization\"},\"potentialAction\":[{\"@type\":\"SearchAction\",\"target\":{\"@type\":\"EntryPoint\",\"urlTemplate\":\"http:\/\/cb27363e0b.url-de-test.ws\/site\/?s={search_term_string}\"},\"query-input\":\"required name=search_term_string\"}],\"inLanguage\":\"fr-FR\"},{\"@type\":\"ImageObject\",\"@id\":\"http:\/\/cb27363e0b.url-de-test.ws\/site\/enfance-jeunesse\/jeunesse\/services-jeunesse\/service-jeunesse-lombers\/#primaryimage\",\"inLanguage\":\"fr-FR\",\"url\":\"http:\/\/cb27363e0b.url-de-test.ws\/site\/wp-content\/uploads\/2018\/01\/jeunes-randonn\u00e9esOK.jpg\",\"contentUrl\":\"http:\/\/cb27363e0b.url-de-test.ws\/site\/wp-content\/uploads\/2018\/01\/jeunes-randonn\u00e9esOK.jpg\",\"width\":637,\"height\":336},{\"@type\":\"WebPage\",\"@id\":\"http:\/\/cb27363e0b.url-de-test.ws\/site\/enfance-jeunesse\/jeunesse\/services-jeunesse\/service-jeunesse-lombers\/#webpage\",\"url\":\"http:\/\/cb27363e0b.url-de-test.ws\/site\/enfance-jeunesse\/jeunesse\/services-jeunesse\/service-jeunesse-lombers\/\",\"name\":\"Service Jeunesse Lombers - Communaut\u00e9 de Communes Centre Tarn\",\"isPartOf\":{\"@id\":\"http:\/\/cb27363e0b.url-de-test.ws\/site\/#website\"},\"primaryImageOfPage\":{\"@id\":\"http:\/\/cb27363e0b.url-de-test.ws\/site\/enfance-jeunesse\/jeunesse\/services-jeunesse\/service-jeunesse-lombers\/#primaryimage\"},\"datePublished\":\"2018-01-23T12:34:15+00:00\",\"dateModified\":\"2018-11-15T14:14:02+00:00\",\"breadcrumb\":{\"@id\":\"http:\/\/cb27363e0b.url-de-test.ws\/site\/enfance-jeunesse\/jeunesse\/services-jeunesse\/service-jeunesse-lombers\/#breadcrumb\"},\"inLanguage\":\"fr-FR\",\"potentialAction\":[{\"@type\":\"ReadAction\",\"target\":[\"http:\/\/cb27363e0b.url-de-test.ws\/site\/enfance-jeunesse\/jeunesse\/services-jeunesse\/service-jeunesse-lombers\/\"]}]},{\"@type\":\"BreadcrumbList\",\"@id\":\"http:\/\/cb27363e0b.url-de-test.ws\/site\/enfance-jeunesse\/jeunesse\/services-jeunesse\/service-jeunesse-lombers\/#breadcrumb\",\"itemListElement\":[{\"@type\":\"ListItem\",\"position\":1,\"name\":\"Accueil\",\"item\":\"http:\/\/cb27363e0b.url-de-test.ws\/site\/\"},{\"@type\":\"ListItem\",\"position\":2,\"name\":\"Enfance et Jeunesse\",\"item\":\"http:\/\/cb27363e0b.url-de-test.ws\/site\/enfance-jeunesse\/\"},{\"@type\":\"ListItem\",\"position\":3,\"name\":\"Jeunesse\",\"item\":\"http:\/\/cb27363e0b.url-de-test.ws\/site\/enfance-jeunesse\/jeunesse\/\"},{\"@type\":\"ListItem\",\"position\":4,\"name\":\"Services Jeunesse\",\"item\":\"http:\/\/cb27363e0b.url-de-test.ws\/site\/enfance-jeunesse\/jeunesse\/services-jeunesse\/\"},{\"@type\":\"ListItem\",\"position\":5,\"name\":\"Service Jeunesse Lombers\"}]}]}<\/script>\n<!-- \/ Yoast SEO plugin. -->","yoast_head_json":{"title":"Service Jeunesse Lombers - Communaut\u00e9 de Communes Centre Tarn","robots":{"index":"noindex","follow":"follow","max-snippet":"max-snippet:-1","max-image-preview":"max-image-preview:large","max-video-preview":"max-video-preview:-1"},"og_locale":"fr_FR","og_type":"article","og_title":"Service Jeunesse Lombers - Communaut\u00e9 de Communes Centre Tarn","og_url":"http:\/\/cb27363e0b.url-de-test.ws\/site\/enfance-jeunesse\/jeunesse\/services-jeunesse\/service-jeunesse-lombers\/","og_site_name":"Communaut\u00e9 de Communes Centre Tarn","article_publisher":"https:\/\/fr-fr.facebook.com\/centretarn\/","article_modified_time":"2018-11-15T14:14:02+00:00","og_image":[{"width":637,"height":336,"url":"http:\/\/cb27363e0b.url-de-test.ws\/site\/wp-content\/uploads\/2018\/01\/jeunes-randonn\u00e9esOK.jpg","type":"image\/jpeg"}],"twitter_card":"summary_large_image","twitter_misc":{"Dur\u00e9e de lecture estim\u00e9e":"1 minute"},"schema":{"@context":"https:\/\/schema.org","@graph":[{"@type":"Organization","@id":"http:\/\/cb27363e0b.url-de-test.ws\/site\/#organization","name":"Communaut\u00e9 de Communes Centre Tarn","url":"http:\/\/cb27363e0b.url-de-test.ws\/site\/","sameAs":["https:\/\/fr-fr.facebook.com\/centretarn\/","https:\/\/www.youtube.com\/channel\/UCmH971jS42X98fNgJKDqb1A"],"logo":{"@type":"ImageObject","@id":"http:\/\/cb27363e0b.url-de-test.ws\/site\/#logo","inLanguage":"fr-FR","url":"http:\/\/cb27363e0b.url-de-test.ws\/site\/wp-content\/uploads\/2018\/02\/logo-site.png","contentUrl":"http:\/\/cb27363e0b.url-de-test.ws\/site\/wp-content\/uploads\/2018\/02\/logo-site.png","width":149,"height":169,"caption":"Communaut\u00e9 de Communes Centre Tarn"},"image":{"@id":"http:\/\/cb27363e0b.url-de-test.ws\/site\/#logo"}},{"@type":"WebSite","@id":"http:\/\/cb27363e0b.url-de-test.ws\/site\/#website","url":"http:\/\/cb27363e0b.url-de-test.ws\/site\/","name":"Communaut\u00e9 de Communes Centre Tarn","description":"","publisher":{"@id":"http:\/\/cb27363e0b.url-de-test.ws\/site\/#organization"},"potentialAction":[{"@type":"SearchAction","target":{"@type":"EntryPoint","urlTemplate":"http:\/\/cb27363e0b.url-de-test.ws\/site\/?s={search_term_string}"},"query-input":"required name=search_term_string"}],"inLanguage":"fr-FR"},{"@type":"ImageObject","@id":"http:\/\/cb27363e0b.url-de-test.ws\/site\/enfance-jeunesse\/jeunesse\/services-jeunesse\/service-jeunesse-lombers\/#primaryimage","inLanguage":"fr-FR","url":"http:\/\/cb27363e0b.url-de-test.ws\/site\/wp-content\/uploads\/2018\/01\/jeunes-randonn\u00e9esOK.jpg","contentUrl":"http:\/\/cb27363e0b.url-de-test.ws\/site\/wp-content\/uploads\/2018\/01\/jeunes-randonn\u00e9esOK.jpg","width":637,"height":336},{"@type":"WebPage","@id":"http:\/\/cb27363e0b.url-de-test.ws\/site\/enfance-jeunesse\/jeunesse\/services-jeunesse\/service-jeunesse-lombers\/#webpage","url":"http:\/\/cb27363e0b.url-de-test.ws\/site\/enfance-jeunesse\/jeunesse\/services-jeunesse\/service-jeunesse-lombers\/","name":"Service Jeunesse Lombers - Communaut\u00e9 de Communes Centre Tarn","isPartOf":{"@id":"http:\/\/cb27363e0b.url-de-test.ws\/site\/#website"},"primaryImageOfPage":{"@id":"http:\/\/cb27363e0b.url-de-test.ws\/site\/enfance-jeunesse\/jeunesse\/services-jeunesse\/service-jeunesse-lombers\/#primaryimage"},"datePublished":"2018-01-23T12:34:15+00:00","dateModified":"2018-11-15T14:14:02+00:00","breadcrumb":{"@id":"http:\/\/cb27363e0b.url-de-test.ws\/site\/enfance-jeunesse\/jeunesse\/services-jeunesse\/service-jeunesse-lombers\/#breadcrumb"},"inLanguage":"fr-FR","potentialAction":[{"@type":"ReadAction","target":["http:\/\/cb27363e0b.url-de-test.ws\/site\/enfance-jeunesse\/jeunesse\/services-jeunesse\/service-jeunesse-lombers\/"]}]},{"@type":"BreadcrumbList","@id":"http:\/\/cb27363e0b.url-de-test.ws\/site\/enfance-jeunesse\/jeunesse\/services-jeunesse\/service-jeunesse-lombers\/#breadcrumb","itemListElement":[{"@type":"ListItem","position":1,"name":"Accueil","item":"http:\/\/cb27363e0b.url-de-test.ws\/site\/"},{"@type":"ListItem","position":2,"name":"Enfance et Jeunesse","item":"http:\/\/cb27363e0b.url-de-test.ws\/site\/enfance-jeunesse\/"},{"@type":"ListItem","position":3,"name":"Jeunesse","item":"http:\/\/cb27363e0b.url-de-test.ws\/site\/enfance-jeunesse\/jeunesse\/"},{"@type":"ListItem","position":4,"name":"Services Jeunesse","item":"http:\/\/cb27363e0b.url-de-test.ws\/site\/enfance-jeunesse\/jeunesse\/services-jeunesse\/"},{"@type":"ListItem","position":5,"name":"Service Jeunesse Lombers"}]}]}},"_links":{"self":[{"href":"http:\/\/cb27363e0b.url-de-test.ws\/site\/wp-json\/wp\/v2\/pages\/1392"}],"collection":[{"href":"http:\/\/cb27363e0b.url-de-test.ws\/site\/wp-json\/wp\/v2\/pages"}],"about":[{"href":"http:\/\/cb27363e0b.url-de-test.ws\/site\/wp-json\/wp\/v2\/types\/page"}],"author":[{"embeddable":true,"href":"http:\/\/cb27363e0b.url-de-test.ws\/site\/wp-json\/wp\/v2\/users\/1"}],"replies":[{"embeddable":true,"href":"http:\/\/cb27363e0b.url-de-test.ws\/site\/wp-json\/wp\/v2\/comments?post=1392"}],"version-history":[{"count":4,"href":"http:\/\/cb27363e0b.url-de-test.ws\/site\/wp-json\/wp\/v2\/pages\/1392\/revisions"}],"predecessor-version":[{"id":3567,"href":"http:\/\/cb27363e0b.url-de-test.ws\/site\/wp-json\/wp\/v2\/pages\/1392\/revisions\/3567"}],"up":[{"embeddable":true,"href":"http:\/\/cb27363e0b.url-de-test.ws\/site\/wp-json\/wp\/v2\/pages\/1384"}],"wp:featuredmedia":[{"embeddable":true,"href":"http:\/\/cb27363e0b.url-de-test.ws\/site\/wp-json\/wp\/v2\/media\/1697"}],"wp:attachment":[{"href":"http:\/\/cb27363e0b.url-de-test.ws\/site\/wp-json\/wp\/v2\/media?parent=1392"}],"curies":[{"name":"wp","href":"https:\/\/api.w.org\/{rel}","templated":true}]}}