{"id":1322,"date":"2018-01-22T10:09:46","date_gmt":"2018-01-22T09:09:46","guid":{"rendered":"http:\/\/cb27363e0b.url-de-test.ws\/site\/?page_id=1322"},"modified":"2018-09-25T10:11:08","modified_gmt":"2018-09-25T08:11:08","slug":"lsh-la-ruche-realmont","status":"publish","type":"page","link":"http:\/\/cb27363e0b.url-de-test.ws\/site\/enfance-jeunesse\/enfance\/accueils-loisirs\/lsh-la-ruche-realmont\/","title":{"rendered":"ALSH La Ruche \u00e0 R\u00e9almont"},"content":{"rendered":"<div class=\"c-tabs\"><div class=\"c-content-box\"><div class=\"tabs-inner\"><ul class=\"tab-list\"><li class=\"tab m-active\"><span class=\"tab-label\">B\u00e9n\u00e9ficiaires<\/span><\/li><li class=\"tab\"><span class=\"tab-label\">Gestionnaire<\/span><\/li><li class=\"tab\"><span class=\"tab-label\">Fonctionnement<\/span><\/li><li class=\"tab\"><span class=\"tab-label\">Documents<\/span><\/li><\/ul><ul class=\"content-list\">\n<li><p style=\"text-align: justify;\">Le centre de loisirs accueille des enfants de 3 \u00e0 15 ans pendant les grandes vacances, soit 6 semaines.<br \/>\nLes enfants sont accueillis dans une structure \u00e0 taille familiale, en milieu rural sur R\u00e9almont, ce qui permet aux enfants de rester dans un environnement connu.<\/p>\n<\/li>\n<li style=\"display: none;\"><p style=\"text-align: justify;\"><strong>Familles Rurales de R\u00e9almont \u00ab\u00a0La Ruche\u00a0\u00bb<\/strong><br \/>\n14 rue Ren\u00e9 Lencou<br \/>\n81120 REALMONT<\/p>\n<p><strong>Pr\u00e9sident<\/strong>: Monsieur Farki A\u00cfSSANI<\/p>\n<\/li>\n<li style=\"display: none;\"><p><strong>Horaires<\/strong> : Le centre de loisirs ouvre du lundi au vendredi. Son amplitude horaire est de 7h30 \u00e0 18h30.<br \/>\n<strong>Tarifs<\/strong> :<\/p>\n<p style=\"text-align: justify;\">Le prix de la carte d&rsquo;adh\u00e9sion est fix\u00e9e a 23 \u20ac par famille revers\u00e9e en partie \u00e0 la f\u00e9d\u00e9ration Familles rurales.<br \/>\nLa tarification respecte un coefficient familial,en accord avec la r\u00e9glementation obligatoire de la CAF.<\/p>\n<\/li>\n<li style=\"display: none;\"><p>Aucun document pour le moment<\/p>\n<\/li>\n<\/ul><\/div><\/div><\/div>\n","protected":false},"excerpt":{"rendered":"B\u00e9n\u00e9ficiairesGestionnaireFonctionnementDocuments Le centre de loisirs accueille des enfants de 3 \u00e0 15 ans pendant les grandes vacances, soit 6 semaines. Les enfants sont accueillis dans une structure \u00e0 taille familiale, en milieu rural sur R\u00e9almont, ce qui permet aux enfants de rester dans un environnement connu. Familles Rurales de R\u00e9almont \"La Ruche\" 14 rue Ren\u00e9 [...]","protected":false},"author":1,"featured_media":1668,"parent":1342,"menu_order":0,"comment_status":"closed","ping_status":"closed","template":"","meta":[],"yoast_head":"<!-- This site is optimized with the Yoast SEO plugin v18.3 - https:\/\/yoast.com\/wordpress\/plugins\/seo\/ -->\n<title>ALSH La Ruche \u00e0 R\u00e9almont - Communaut\u00e9 de Communes Centre Tarn<\/title>\n<meta name=\"robots\" content=\"noindex, follow, max-snippet:-1, max-image-preview:large, max-video-preview:-1\" \/>\n<meta property=\"og:locale\" content=\"fr_FR\" \/>\n<meta property=\"og:type\" content=\"article\" \/>\n<meta property=\"og:title\" content=\"ALSH La Ruche \u00e0 R\u00e9almont - Communaut\u00e9 de Communes Centre Tarn\" \/>\n<meta property=\"og:url\" content=\"http:\/\/cb27363e0b.url-de-test.ws\/site\/enfance-jeunesse\/enfance\/accueils-loisirs\/lsh-la-ruche-realmont\/\" \/>\n<meta property=\"og:site_name\" content=\"Communaut\u00e9 de Communes Centre Tarn\" \/>\n<meta property=\"article:publisher\" content=\"https:\/\/fr-fr.facebook.com\/centretarn\/\" \/>\n<meta property=\"article:modified_time\" content=\"2018-09-25T08:11:08+00:00\" \/>\n<meta property=\"og:image\" content=\"http:\/\/cb27363e0b.url-de-test.ws\/site\/wp-content\/uploads\/2018\/01\/enfance-g\u00e9n\u00e9ral-3-1.jpg\" \/>\n\t<meta property=\"og:image:width\" content=\"640\" \/>\n\t<meta property=\"og:image:height\" content=\"426\" \/>\n\t<meta property=\"og:image:type\" content=\"image\/jpeg\" \/>\n<meta name=\"twitter:card\" content=\"summary_large_image\" \/>\n<meta name=\"twitter:label1\" content=\"Dur\u00e9e de lecture estim\u00e9e\" \/>\n\t<meta name=\"twitter:data1\" content=\"1 minute\" \/>\n<script type=\"application\/ld+json\" class=\"yoast-schema-graph\">{\"@context\":\"https:\/\/schema.org\",\"@graph\":[{\"@type\":\"Organization\",\"@id\":\"http:\/\/cb27363e0b.url-de-test.ws\/site\/#organization\",\"name\":\"Communaut\u00e9 de Communes Centre Tarn\",\"url\":\"http:\/\/cb27363e0b.url-de-test.ws\/site\/\",\"sameAs\":[\"https:\/\/fr-fr.facebook.com\/centretarn\/\",\"https:\/\/www.youtube.com\/channel\/UCmH971jS42X98fNgJKDqb1A\"],\"logo\":{\"@type\":\"ImageObject\",\"@id\":\"http:\/\/cb27363e0b.url-de-test.ws\/site\/#logo\",\"inLanguage\":\"fr-FR\",\"url\":\"http:\/\/cb27363e0b.url-de-test.ws\/site\/wp-content\/uploads\/2018\/02\/logo-site.png\",\"contentUrl\":\"http:\/\/cb27363e0b.url-de-test.ws\/site\/wp-content\/uploads\/2018\/02\/logo-site.png\",\"width\":149,\"height\":169,\"caption\":\"Communaut\u00e9 de Communes Centre Tarn\"},\"image\":{\"@id\":\"http:\/\/cb27363e0b.url-de-test.ws\/site\/#logo\"}},{\"@type\":\"WebSite\",\"@id\":\"http:\/\/cb27363e0b.url-de-test.ws\/site\/#website\",\"url\":\"http:\/\/cb27363e0b.url-de-test.ws\/site\/\",\"name\":\"Communaut\u00e9 de Communes Centre Tarn\",\"description\":\"\",\"publisher\":{\"@id\":\"http:\/\/cb27363e0b.url-de-test.ws\/site\/#organization\"},\"potentialAction\":[{\"@type\":\"SearchAction\",\"target\":{\"@type\":\"EntryPoint\",\"urlTemplate\":\"http:\/\/cb27363e0b.url-de-test.ws\/site\/?s={search_term_string}\"},\"query-input\":\"required name=search_term_string\"}],\"inLanguage\":\"fr-FR\"},{\"@type\":\"ImageObject\",\"@id\":\"http:\/\/cb27363e0b.url-de-test.ws\/site\/enfance-jeunesse\/enfance\/accueils-loisirs\/lsh-la-ruche-realmont\/#primaryimage\",\"inLanguage\":\"fr-FR\",\"url\":\"http:\/\/cb27363e0b.url-de-test.ws\/site\/wp-content\/uploads\/2018\/01\/enfance-g\u00e9n\u00e9ral-3-1.jpg\",\"contentUrl\":\"http:\/\/cb27363e0b.url-de-test.ws\/site\/wp-content\/uploads\/2018\/01\/enfance-g\u00e9n\u00e9ral-3-1.jpg\",\"width\":640,\"height\":426},{\"@type\":\"WebPage\",\"@id\":\"http:\/\/cb27363e0b.url-de-test.ws\/site\/enfance-jeunesse\/enfance\/accueils-loisirs\/lsh-la-ruche-realmont\/#webpage\",\"url\":\"http:\/\/cb27363e0b.url-de-test.ws\/site\/enfance-jeunesse\/enfance\/accueils-loisirs\/lsh-la-ruche-realmont\/\",\"name\":\"ALSH La Ruche \u00e0 R\u00e9almont - Communaut\u00e9 de Communes Centre Tarn\",\"isPartOf\":{\"@id\":\"http:\/\/cb27363e0b.url-de-test.ws\/site\/#website\"},\"primaryImageOfPage\":{\"@id\":\"http:\/\/cb27363e0b.url-de-test.ws\/site\/enfance-jeunesse\/enfance\/accueils-loisirs\/lsh-la-ruche-realmont\/#primaryimage\"},\"datePublished\":\"2018-01-22T09:09:46+00:00\",\"dateModified\":\"2018-09-25T08:11:08+00:00\",\"breadcrumb\":{\"@id\":\"http:\/\/cb27363e0b.url-de-test.ws\/site\/enfance-jeunesse\/enfance\/accueils-loisirs\/lsh-la-ruche-realmont\/#breadcrumb\"},\"inLanguage\":\"fr-FR\",\"potentialAction\":[{\"@type\":\"ReadAction\",\"target\":[\"http:\/\/cb27363e0b.url-de-test.ws\/site\/enfance-jeunesse\/enfance\/accueils-loisirs\/lsh-la-ruche-realmont\/\"]}]},{\"@type\":\"BreadcrumbList\",\"@id\":\"http:\/\/cb27363e0b.url-de-test.ws\/site\/enfance-jeunesse\/enfance\/accueils-loisirs\/lsh-la-ruche-realmont\/#breadcrumb\",\"itemListElement\":[{\"@type\":\"ListItem\",\"position\":1,\"name\":\"Accueil\",\"item\":\"http:\/\/cb27363e0b.url-de-test.ws\/site\/\"},{\"@type\":\"ListItem\",\"position\":2,\"name\":\"Enfance et Jeunesse\",\"item\":\"http:\/\/cb27363e0b.url-de-test.ws\/site\/enfance-jeunesse\/\"},{\"@type\":\"ListItem\",\"position\":3,\"name\":\"Enfance\",\"item\":\"http:\/\/cb27363e0b.url-de-test.ws\/site\/enfance-jeunesse\/enfance\/\"},{\"@type\":\"ListItem\",\"position\":4,\"name\":\"Accueils de loisirs\",\"item\":\"http:\/\/cb27363e0b.url-de-test.ws\/site\/enfance-jeunesse\/enfance\/accueils-loisirs\/\"},{\"@type\":\"ListItem\",\"position\":5,\"name\":\"ALSH La Ruche \u00e0 R\u00e9almont\"}]}]}<\/script>\n<!-- \/ Yoast SEO plugin. -->","yoast_head_json":{"title":"ALSH La Ruche \u00e0 R\u00e9almont - Communaut\u00e9 de Communes Centre Tarn","robots":{"index":"noindex","follow":"follow","max-snippet":"max-snippet:-1","max-image-preview":"max-image-preview:large","max-video-preview":"max-video-preview:-1"},"og_locale":"fr_FR","og_type":"article","og_title":"ALSH La Ruche \u00e0 R\u00e9almont - Communaut\u00e9 de Communes Centre Tarn","og_url":"http:\/\/cb27363e0b.url-de-test.ws\/site\/enfance-jeunesse\/enfance\/accueils-loisirs\/lsh-la-ruche-realmont\/","og_site_name":"Communaut\u00e9 de Communes Centre Tarn","article_publisher":"https:\/\/fr-fr.facebook.com\/centretarn\/","article_modified_time":"2018-09-25T08:11:08+00:00","og_image":[{"width":640,"height":426,"url":"http:\/\/cb27363e0b.url-de-test.ws\/site\/wp-content\/uploads\/2018\/01\/enfance-g\u00e9n\u00e9ral-3-1.jpg","type":"image\/jpeg"}],"twitter_card":"summary_large_image","twitter_misc":{"Dur\u00e9e de lecture estim\u00e9e":"1 minute"},"schema":{"@context":"https:\/\/schema.org","@graph":[{"@type":"Organization","@id":"http:\/\/cb27363e0b.url-de-test.ws\/site\/#organization","name":"Communaut\u00e9 de Communes Centre Tarn","url":"http:\/\/cb27363e0b.url-de-test.ws\/site\/","sameAs":["https:\/\/fr-fr.facebook.com\/centretarn\/","https:\/\/www.youtube.com\/channel\/UCmH971jS42X98fNgJKDqb1A"],"logo":{"@type":"ImageObject","@id":"http:\/\/cb27363e0b.url-de-test.ws\/site\/#logo","inLanguage":"fr-FR","url":"http:\/\/cb27363e0b.url-de-test.ws\/site\/wp-content\/uploads\/2018\/02\/logo-site.png","contentUrl":"http:\/\/cb27363e0b.url-de-test.ws\/site\/wp-content\/uploads\/2018\/02\/logo-site.png","width":149,"height":169,"caption":"Communaut\u00e9 de Communes Centre Tarn"},"image":{"@id":"http:\/\/cb27363e0b.url-de-test.ws\/site\/#logo"}},{"@type":"WebSite","@id":"http:\/\/cb27363e0b.url-de-test.ws\/site\/#website","url":"http:\/\/cb27363e0b.url-de-test.ws\/site\/","name":"Communaut\u00e9 de Communes Centre Tarn","description":"","publisher":{"@id":"http:\/\/cb27363e0b.url-de-test.ws\/site\/#organization"},"potentialAction":[{"@type":"SearchAction","target":{"@type":"EntryPoint","urlTemplate":"http:\/\/cb27363e0b.url-de-test.ws\/site\/?s={search_term_string}"},"query-input":"required name=search_term_string"}],"inLanguage":"fr-FR"},{"@type":"ImageObject","@id":"http:\/\/cb27363e0b.url-de-test.ws\/site\/enfance-jeunesse\/enfance\/accueils-loisirs\/lsh-la-ruche-realmont\/#primaryimage","inLanguage":"fr-FR","url":"http:\/\/cb27363e0b.url-de-test.ws\/site\/wp-content\/uploads\/2018\/01\/enfance-g\u00e9n\u00e9ral-3-1.jpg","contentUrl":"http:\/\/cb27363e0b.url-de-test.ws\/site\/wp-content\/uploads\/2018\/01\/enfance-g\u00e9n\u00e9ral-3-1.jpg","width":640,"height":426},{"@type":"WebPage","@id":"http:\/\/cb27363e0b.url-de-test.ws\/site\/enfance-jeunesse\/enfance\/accueils-loisirs\/lsh-la-ruche-realmont\/#webpage","url":"http:\/\/cb27363e0b.url-de-test.ws\/site\/enfance-jeunesse\/enfance\/accueils-loisirs\/lsh-la-ruche-realmont\/","name":"ALSH La Ruche \u00e0 R\u00e9almont - Communaut\u00e9 de Communes Centre Tarn","isPartOf":{"@id":"http:\/\/cb27363e0b.url-de-test.ws\/site\/#website"},"primaryImageOfPage":{"@id":"http:\/\/cb27363e0b.url-de-test.ws\/site\/enfance-jeunesse\/enfance\/accueils-loisirs\/lsh-la-ruche-realmont\/#primaryimage"},"datePublished":"2018-01-22T09:09:46+00:00","dateModified":"2018-09-25T08:11:08+00:00","breadcrumb":{"@id":"http:\/\/cb27363e0b.url-de-test.ws\/site\/enfance-jeunesse\/enfance\/accueils-loisirs\/lsh-la-ruche-realmont\/#breadcrumb"},"inLanguage":"fr-FR","potentialAction":[{"@type":"ReadAction","target":["http:\/\/cb27363e0b.url-de-test.ws\/site\/enfance-jeunesse\/enfance\/accueils-loisirs\/lsh-la-ruche-realmont\/"]}]},{"@type":"BreadcrumbList","@id":"http:\/\/cb27363e0b.url-de-test.ws\/site\/enfance-jeunesse\/enfance\/accueils-loisirs\/lsh-la-ruche-realmont\/#breadcrumb","itemListElement":[{"@type":"ListItem","position":1,"name":"Accueil","item":"http:\/\/cb27363e0b.url-de-test.ws\/site\/"},{"@type":"ListItem","position":2,"name":"Enfance et Jeunesse","item":"http:\/\/cb27363e0b.url-de-test.ws\/site\/enfance-jeunesse\/"},{"@type":"ListItem","position":3,"name":"Enfance","item":"http:\/\/cb27363e0b.url-de-test.ws\/site\/enfance-jeunesse\/enfance\/"},{"@type":"ListItem","position":4,"name":"Accueils de loisirs","item":"http:\/\/cb27363e0b.url-de-test.ws\/site\/enfance-jeunesse\/enfance\/accueils-loisirs\/"},{"@type":"ListItem","position":5,"name":"ALSH La Ruche \u00e0 R\u00e9almont"}]}]}},"_links":{"self":[{"href":"http:\/\/cb27363e0b.url-de-test.ws\/site\/wp-json\/wp\/v2\/pages\/1322"}],"collection":[{"href":"http:\/\/cb27363e0b.url-de-test.ws\/site\/wp-json\/wp\/v2\/pages"}],"about":[{"href":"http:\/\/cb27363e0b.url-de-test.ws\/site\/wp-json\/wp\/v2\/types\/page"}],"author":[{"embeddable":true,"href":"http:\/\/cb27363e0b.url-de-test.ws\/site\/wp-json\/wp\/v2\/users\/1"}],"replies":[{"embeddable":true,"href":"http:\/\/cb27363e0b.url-de-test.ws\/site\/wp-json\/wp\/v2\/comments?post=1322"}],"version-history":[{"count":7,"href":"http:\/\/cb27363e0b.url-de-test.ws\/site\/wp-json\/wp\/v2\/pages\/1322\/revisions"}],"predecessor-version":[{"id":3258,"href":"http:\/\/cb27363e0b.url-de-test.ws\/site\/wp-json\/wp\/v2\/pages\/1322\/revisions\/3258"}],"up":[{"embeddable":true,"href":"http:\/\/cb27363e0b.url-de-test.ws\/site\/wp-json\/wp\/v2\/pages\/1342"}],"wp:featuredmedia":[{"embeddable":true,"href":"http:\/\/cb27363e0b.url-de-test.ws\/site\/wp-json\/wp\/v2\/media\/1668"}],"wp:attachment":[{"href":"http:\/\/cb27363e0b.url-de-test.ws\/site\/wp-json\/wp\/v2\/media?parent=1322"}],"curies":[{"name":"wp","href":"https:\/\/api.w.org\/{rel}","templated":true}]}}