{"id":1312,"date":"2018-01-22T17:51:06","date_gmt":"2018-01-22T16:51:06","guid":{"rendered":"http:\/\/cb27363e0b.url-de-test.ws\/site\/?page_id=1312"},"modified":"2018-11-15T15:12:04","modified_gmt":"2018-11-15T14:12:04","slug":"alsh-alae-realmont","status":"publish","type":"page","link":"http:\/\/cb27363e0b.url-de-test.ws\/site\/enfance-jeunesse\/enfance\/accueils-loisirs\/alsh-alae-realmont\/","title":{"rendered":"ALSH et ALAE de R\u00e9almont"},"content":{"rendered":"<div class=\"c-tabs\"><div class=\"c-content-box\"><div class=\"tabs-inner\"><ul class=\"tab-list\"><li class=\"tab m-active\"><span class=\"tab-label\">B\u00e9n\u00e9ficiaires<\/span><\/li><li class=\"tab\"><span class=\"tab-label\">Gestionnaire<\/span><\/li><li class=\"tab\"><span class=\"tab-label\">Fonctionnement<\/span><\/li><li class=\"tab\"><span class=\"tab-label\">Documents<\/span><\/li><\/ul><ul class=\"content-list\">\n<li><p style=\"text-align: justify;\">Le centre de loisirs accueille des enfants de 3 \u00e0 12 ans tous les mercredis et vacances scolaires.<br \/>\nL&rsquo;ALAE accueille durant les temps p\u00e9riscolaires (matin, midi et soir) les enfants scolaris\u00e9s a l&rsquo;\u00e9cole J. DURAND.<\/p>\n<\/li>\n<li style=\"display: none;\"><p style=\"text-align: justify;\"><strong>Service Enfance-Jeunesse de la Mairie de R\u00e9almont<\/strong><br \/>\n2 rue Ville Nouvelle<br \/>\n81 120 R\u00e9almont<\/p>\n<p><strong>T\u00e9l\/fax<\/strong> : <a href=\"tel:0563556641\">05 63 55 66 41<\/a><br \/>\n<strong>Courriel<\/strong> : <a href=\"mailto:enfancejeunesse@realmont.fr\">enfancejeunesse@realmont.fr<\/a><br \/>\n<strong>Chef de service<\/strong>: Monsieur Ga\u00ebtan MASSOUTI\u00c9<br \/>\n<strong>Site Internet<\/strong> : <a href=\"https:\/\/www.realmont.fr\/enfance-jeunesse\" target=\"_blank\" rel=\"noopener\">https:\/\/www.realmont.fr\/enfance-jeunesse<\/a><\/p>\n<\/li>\n<li style=\"display: none;\"><ul>\n<li>Le centre de loisirs ouvre du lundi au vendredi. Son amplitude horaire est de 7h30 \u00e0 18h30.<\/li>\n<li>L&rsquo;ALAE ouvre les lundis, mardis, jeudis et vendredis de 7h30 \u00e0 8h45, de 12h \u00e0 13h30 et de 16h15 \u00e0 18h30.<\/li>\n<\/ul>\n<\/li>\n<li style=\"display: none;\"><p>A t\u00e9l\u00e9charger :<\/p>\n<p><a href=\"http:\/\/cb27363e0b.url-de-test.ws\/site\/wp-content\/uploads\/2018\/09\/Guide_rentree_2018-2019_ALSH_ALAE_Realmont.pdf\" target=\"_blank\" rel=\"noopener\">Guide de la rentr\u00e9e 2018-2019<\/a><\/p>\n<p><a href=\"http:\/\/cb27363e0b.url-de-test.ws\/site\/wp-content\/uploads\/2018\/08\/Mot_Parents_Accomp_Dossier_Inscription.pdf\" target=\"_blank\" rel=\"noopener\">Courrier parents<\/a><\/p>\n<p><a href=\"http:\/\/cb27363e0b.url-de-test.ws\/site\/wp-content\/uploads\/2018\/08\/Dossier_Inscription_Unique_18-19.pdf\" target=\"_blank\" rel=\"noopener\">Dossier d&rsquo;inscription ann\u00e9e 2018-2019<\/a><\/p>\n<p><a href=\"http:\/\/cb27363e0b.url-de-test.ws\/site\/wp-content\/uploads\/2018\/08\/Fiche_Sanitaire_Liaison_18-19.pdf\" target=\"_blank\" rel=\"noopener\">Fiche sanitaire ann\u00e9e 2018-2019<\/a><\/p>\n<p><a href=\"http:\/\/cb27363e0b.url-de-test.ws\/site\/wp-content\/uploads\/2018\/08\/Reglement_Service_EJ_MAJ_Rentree_2018.pdf\" target=\"_blank\" rel=\"noopener\">R\u00e8glement int\u00e9rieur<\/a><\/p>\n<p><a href=\"http:\/\/cb27363e0b.url-de-test.ws\/site\/wp-content\/uploads\/2018\/08\/Fiche_Iinscription_Service_Restauration.pdf\" target=\"_blank\" rel=\"noopener\">Fiche d&rsquo;inscription au restaurant scolaire<\/a><\/p>\n<\/li>\n<\/ul><\/div><\/div><\/div>\n","protected":false},"excerpt":{"rendered":"B\u00e9n\u00e9ficiairesGestionnaireFonctionnementDocuments Le centre de loisirs accueille des enfants de 3 \u00e0 12 ans tous les mercredis et vacances scolaires. L'ALAE accueille durant les temps p\u00e9riscolaires (matin, midi et soir) les enfants scolaris\u00e9s a l'\u00e9cole J. DURAND. Service Enfance-Jeunesse de la Mairie de R\u00e9almont 2 rue Ville Nouvelle 81 120 R\u00e9almont T\u00e9l\/fax : 05 63 55 [...]","protected":false},"author":1,"featured_media":1629,"parent":1342,"menu_order":0,"comment_status":"closed","ping_status":"closed","template":"","meta":[],"yoast_head":"<!-- This site is optimized with the Yoast SEO plugin v18.3 - https:\/\/yoast.com\/wordpress\/plugins\/seo\/ -->\n<title>ALSH et ALAE de R\u00e9almont - Communaut\u00e9 de Communes Centre Tarn<\/title>\n<meta name=\"robots\" content=\"noindex, follow, max-snippet:-1, max-image-preview:large, max-video-preview:-1\" \/>\n<meta property=\"og:locale\" content=\"fr_FR\" \/>\n<meta property=\"og:type\" content=\"article\" \/>\n<meta property=\"og:title\" content=\"ALSH et ALAE de R\u00e9almont - Communaut\u00e9 de Communes Centre Tarn\" \/>\n<meta property=\"og:url\" content=\"http:\/\/cb27363e0b.url-de-test.ws\/site\/enfance-jeunesse\/enfance\/accueils-loisirs\/alsh-alae-realmont\/\" \/>\n<meta property=\"og:site_name\" content=\"Communaut\u00e9 de Communes Centre Tarn\" \/>\n<meta property=\"article:publisher\" content=\"https:\/\/fr-fr.facebook.com\/centretarn\/\" \/>\n<meta property=\"article:modified_time\" content=\"2018-11-15T14:12:04+00:00\" \/>\n<meta property=\"og:image\" content=\"http:\/\/cb27363e0b.url-de-test.ws\/site\/wp-content\/uploads\/2018\/01\/centre-de-loisirs-r\u00e9almont.jpg\" \/>\n\t<meta property=\"og:image:width\" content=\"640\" \/>\n\t<meta property=\"og:image:height\" content=\"426\" \/>\n\t<meta property=\"og:image:type\" content=\"image\/jpeg\" \/>\n<meta name=\"twitter:card\" content=\"summary_large_image\" \/>\n<meta name=\"twitter:label1\" content=\"Dur\u00e9e de lecture estim\u00e9e\" \/>\n\t<meta name=\"twitter:data1\" content=\"1 minute\" \/>\n<script type=\"application\/ld+json\" class=\"yoast-schema-graph\">{\"@context\":\"https:\/\/schema.org\",\"@graph\":[{\"@type\":\"Organization\",\"@id\":\"http:\/\/cb27363e0b.url-de-test.ws\/site\/#organization\",\"name\":\"Communaut\u00e9 de Communes Centre Tarn\",\"url\":\"http:\/\/cb27363e0b.url-de-test.ws\/site\/\",\"sameAs\":[\"https:\/\/fr-fr.facebook.com\/centretarn\/\",\"https:\/\/www.youtube.com\/channel\/UCmH971jS42X98fNgJKDqb1A\"],\"logo\":{\"@type\":\"ImageObject\",\"@id\":\"http:\/\/cb27363e0b.url-de-test.ws\/site\/#logo\",\"inLanguage\":\"fr-FR\",\"url\":\"http:\/\/cb27363e0b.url-de-test.ws\/site\/wp-content\/uploads\/2018\/02\/logo-site.png\",\"contentUrl\":\"http:\/\/cb27363e0b.url-de-test.ws\/site\/wp-content\/uploads\/2018\/02\/logo-site.png\",\"width\":149,\"height\":169,\"caption\":\"Communaut\u00e9 de Communes Centre Tarn\"},\"image\":{\"@id\":\"http:\/\/cb27363e0b.url-de-test.ws\/site\/#logo\"}},{\"@type\":\"WebSite\",\"@id\":\"http:\/\/cb27363e0b.url-de-test.ws\/site\/#website\",\"url\":\"http:\/\/cb27363e0b.url-de-test.ws\/site\/\",\"name\":\"Communaut\u00e9 de Communes Centre Tarn\",\"description\":\"\",\"publisher\":{\"@id\":\"http:\/\/cb27363e0b.url-de-test.ws\/site\/#organization\"},\"potentialAction\":[{\"@type\":\"SearchAction\",\"target\":{\"@type\":\"EntryPoint\",\"urlTemplate\":\"http:\/\/cb27363e0b.url-de-test.ws\/site\/?s={search_term_string}\"},\"query-input\":\"required name=search_term_string\"}],\"inLanguage\":\"fr-FR\"},{\"@type\":\"ImageObject\",\"@id\":\"http:\/\/cb27363e0b.url-de-test.ws\/site\/enfance-jeunesse\/enfance\/accueils-loisirs\/alsh-alae-realmont\/#primaryimage\",\"inLanguage\":\"fr-FR\",\"url\":\"http:\/\/cb27363e0b.url-de-test.ws\/site\/wp-content\/uploads\/2018\/01\/centre-de-loisirs-r\u00e9almont.jpg\",\"contentUrl\":\"http:\/\/cb27363e0b.url-de-test.ws\/site\/wp-content\/uploads\/2018\/01\/centre-de-loisirs-r\u00e9almont.jpg\",\"width\":640,\"height\":426},{\"@type\":\"WebPage\",\"@id\":\"http:\/\/cb27363e0b.url-de-test.ws\/site\/enfance-jeunesse\/enfance\/accueils-loisirs\/alsh-alae-realmont\/#webpage\",\"url\":\"http:\/\/cb27363e0b.url-de-test.ws\/site\/enfance-jeunesse\/enfance\/accueils-loisirs\/alsh-alae-realmont\/\",\"name\":\"ALSH et ALAE de R\u00e9almont - Communaut\u00e9 de Communes Centre Tarn\",\"isPartOf\":{\"@id\":\"http:\/\/cb27363e0b.url-de-test.ws\/site\/#website\"},\"primaryImageOfPage\":{\"@id\":\"http:\/\/cb27363e0b.url-de-test.ws\/site\/enfance-jeunesse\/enfance\/accueils-loisirs\/alsh-alae-realmont\/#primaryimage\"},\"datePublished\":\"2018-01-22T16:51:06+00:00\",\"dateModified\":\"2018-11-15T14:12:04+00:00\",\"breadcrumb\":{\"@id\":\"http:\/\/cb27363e0b.url-de-test.ws\/site\/enfance-jeunesse\/enfance\/accueils-loisirs\/alsh-alae-realmont\/#breadcrumb\"},\"inLanguage\":\"fr-FR\",\"potentialAction\":[{\"@type\":\"ReadAction\",\"target\":[\"http:\/\/cb27363e0b.url-de-test.ws\/site\/enfance-jeunesse\/enfance\/accueils-loisirs\/alsh-alae-realmont\/\"]}]},{\"@type\":\"BreadcrumbList\",\"@id\":\"http:\/\/cb27363e0b.url-de-test.ws\/site\/enfance-jeunesse\/enfance\/accueils-loisirs\/alsh-alae-realmont\/#breadcrumb\",\"itemListElement\":[{\"@type\":\"ListItem\",\"position\":1,\"name\":\"Accueil\",\"item\":\"http:\/\/cb27363e0b.url-de-test.ws\/site\/\"},{\"@type\":\"ListItem\",\"position\":2,\"name\":\"Enfance et Jeunesse\",\"item\":\"http:\/\/cb27363e0b.url-de-test.ws\/site\/enfance-jeunesse\/\"},{\"@type\":\"ListItem\",\"position\":3,\"name\":\"Enfance\",\"item\":\"http:\/\/cb27363e0b.url-de-test.ws\/site\/enfance-jeunesse\/enfance\/\"},{\"@type\":\"ListItem\",\"position\":4,\"name\":\"Accueils de loisirs\",\"item\":\"http:\/\/cb27363e0b.url-de-test.ws\/site\/enfance-jeunesse\/enfance\/accueils-loisirs\/\"},{\"@type\":\"ListItem\",\"position\":5,\"name\":\"ALSH et ALAE de R\u00e9almont\"}]}]}<\/script>\n<!-- \/ Yoast SEO plugin. -->","yoast_head_json":{"title":"ALSH et ALAE de R\u00e9almont - Communaut\u00e9 de Communes Centre Tarn","robots":{"index":"noindex","follow":"follow","max-snippet":"max-snippet:-1","max-image-preview":"max-image-preview:large","max-video-preview":"max-video-preview:-1"},"og_locale":"fr_FR","og_type":"article","og_title":"ALSH et ALAE de R\u00e9almont - Communaut\u00e9 de Communes Centre Tarn","og_url":"http:\/\/cb27363e0b.url-de-test.ws\/site\/enfance-jeunesse\/enfance\/accueils-loisirs\/alsh-alae-realmont\/","og_site_name":"Communaut\u00e9 de Communes Centre Tarn","article_publisher":"https:\/\/fr-fr.facebook.com\/centretarn\/","article_modified_time":"2018-11-15T14:12:04+00:00","og_image":[{"width":640,"height":426,"url":"http:\/\/cb27363e0b.url-de-test.ws\/site\/wp-content\/uploads\/2018\/01\/centre-de-loisirs-r\u00e9almont.jpg","type":"image\/jpeg"}],"twitter_card":"summary_large_image","twitter_misc":{"Dur\u00e9e de lecture estim\u00e9e":"1 minute"},"schema":{"@context":"https:\/\/schema.org","@graph":[{"@type":"Organization","@id":"http:\/\/cb27363e0b.url-de-test.ws\/site\/#organization","name":"Communaut\u00e9 de Communes Centre Tarn","url":"http:\/\/cb27363e0b.url-de-test.ws\/site\/","sameAs":["https:\/\/fr-fr.facebook.com\/centretarn\/","https:\/\/www.youtube.com\/channel\/UCmH971jS42X98fNgJKDqb1A"],"logo":{"@type":"ImageObject","@id":"http:\/\/cb27363e0b.url-de-test.ws\/site\/#logo","inLanguage":"fr-FR","url":"http:\/\/cb27363e0b.url-de-test.ws\/site\/wp-content\/uploads\/2018\/02\/logo-site.png","contentUrl":"http:\/\/cb27363e0b.url-de-test.ws\/site\/wp-content\/uploads\/2018\/02\/logo-site.png","width":149,"height":169,"caption":"Communaut\u00e9 de Communes Centre Tarn"},"image":{"@id":"http:\/\/cb27363e0b.url-de-test.ws\/site\/#logo"}},{"@type":"WebSite","@id":"http:\/\/cb27363e0b.url-de-test.ws\/site\/#website","url":"http:\/\/cb27363e0b.url-de-test.ws\/site\/","name":"Communaut\u00e9 de Communes Centre Tarn","description":"","publisher":{"@id":"http:\/\/cb27363e0b.url-de-test.ws\/site\/#organization"},"potentialAction":[{"@type":"SearchAction","target":{"@type":"EntryPoint","urlTemplate":"http:\/\/cb27363e0b.url-de-test.ws\/site\/?s={search_term_string}"},"query-input":"required name=search_term_string"}],"inLanguage":"fr-FR"},{"@type":"ImageObject","@id":"http:\/\/cb27363e0b.url-de-test.ws\/site\/enfance-jeunesse\/enfance\/accueils-loisirs\/alsh-alae-realmont\/#primaryimage","inLanguage":"fr-FR","url":"http:\/\/cb27363e0b.url-de-test.ws\/site\/wp-content\/uploads\/2018\/01\/centre-de-loisirs-r\u00e9almont.jpg","contentUrl":"http:\/\/cb27363e0b.url-de-test.ws\/site\/wp-content\/uploads\/2018\/01\/centre-de-loisirs-r\u00e9almont.jpg","width":640,"height":426},{"@type":"WebPage","@id":"http:\/\/cb27363e0b.url-de-test.ws\/site\/enfance-jeunesse\/enfance\/accueils-loisirs\/alsh-alae-realmont\/#webpage","url":"http:\/\/cb27363e0b.url-de-test.ws\/site\/enfance-jeunesse\/enfance\/accueils-loisirs\/alsh-alae-realmont\/","name":"ALSH et ALAE de R\u00e9almont - Communaut\u00e9 de Communes Centre Tarn","isPartOf":{"@id":"http:\/\/cb27363e0b.url-de-test.ws\/site\/#website"},"primaryImageOfPage":{"@id":"http:\/\/cb27363e0b.url-de-test.ws\/site\/enfance-jeunesse\/enfance\/accueils-loisirs\/alsh-alae-realmont\/#primaryimage"},"datePublished":"2018-01-22T16:51:06+00:00","dateModified":"2018-11-15T14:12:04+00:00","breadcrumb":{"@id":"http:\/\/cb27363e0b.url-de-test.ws\/site\/enfance-jeunesse\/enfance\/accueils-loisirs\/alsh-alae-realmont\/#breadcrumb"},"inLanguage":"fr-FR","potentialAction":[{"@type":"ReadAction","target":["http:\/\/cb27363e0b.url-de-test.ws\/site\/enfance-jeunesse\/enfance\/accueils-loisirs\/alsh-alae-realmont\/"]}]},{"@type":"BreadcrumbList","@id":"http:\/\/cb27363e0b.url-de-test.ws\/site\/enfance-jeunesse\/enfance\/accueils-loisirs\/alsh-alae-realmont\/#breadcrumb","itemListElement":[{"@type":"ListItem","position":1,"name":"Accueil","item":"http:\/\/cb27363e0b.url-de-test.ws\/site\/"},{"@type":"ListItem","position":2,"name":"Enfance et Jeunesse","item":"http:\/\/cb27363e0b.url-de-test.ws\/site\/enfance-jeunesse\/"},{"@type":"ListItem","position":3,"name":"Enfance","item":"http:\/\/cb27363e0b.url-de-test.ws\/site\/enfance-jeunesse\/enfance\/"},{"@type":"ListItem","position":4,"name":"Accueils de loisirs","item":"http:\/\/cb27363e0b.url-de-test.ws\/site\/enfance-jeunesse\/enfance\/accueils-loisirs\/"},{"@type":"ListItem","position":5,"name":"ALSH et ALAE de R\u00e9almont"}]}]}},"_links":{"self":[{"href":"http:\/\/cb27363e0b.url-de-test.ws\/site\/wp-json\/wp\/v2\/pages\/1312"}],"collection":[{"href":"http:\/\/cb27363e0b.url-de-test.ws\/site\/wp-json\/wp\/v2\/pages"}],"about":[{"href":"http:\/\/cb27363e0b.url-de-test.ws\/site\/wp-json\/wp\/v2\/types\/page"}],"author":[{"embeddable":true,"href":"http:\/\/cb27363e0b.url-de-test.ws\/site\/wp-json\/wp\/v2\/users\/1"}],"replies":[{"embeddable":true,"href":"http:\/\/cb27363e0b.url-de-test.ws\/site\/wp-json\/wp\/v2\/comments?post=1312"}],"version-history":[{"count":10,"href":"http:\/\/cb27363e0b.url-de-test.ws\/site\/wp-json\/wp\/v2\/pages\/1312\/revisions"}],"predecessor-version":[{"id":3566,"href":"http:\/\/cb27363e0b.url-de-test.ws\/site\/wp-json\/wp\/v2\/pages\/1312\/revisions\/3566"}],"up":[{"embeddable":true,"href":"http:\/\/cb27363e0b.url-de-test.ws\/site\/wp-json\/wp\/v2\/pages\/1342"}],"wp:featuredmedia":[{"embeddable":true,"href":"http:\/\/cb27363e0b.url-de-test.ws\/site\/wp-json\/wp\/v2\/media\/1629"}],"wp:attachment":[{"href":"http:\/\/cb27363e0b.url-de-test.ws\/site\/wp-json\/wp\/v2\/media?parent=1312"}],"curies":[{"name":"wp","href":"https:\/\/api.w.org\/{rel}","templated":true}]}}