{"id":1017,"date":"2018-01-11T10:56:45","date_gmt":"2018-01-11T09:56:45","guid":{"rendered":"http:\/\/cb27363e0b.url-de-test.ws\/site\/?page_id=1017"},"modified":"2018-09-28T11:32:57","modified_gmt":"2018-09-28T09:32:57","slug":"roles-communaute-communes","status":"publish","type":"page","link":"http:\/\/cb27363e0b.url-de-test.ws\/site\/roles-communaute-communes\/","title":{"rendered":"Que fait la Communaut\u00e9 de Communes ?"},"content":{"rendered":"<div class=\"c-tabs\"><div class=\"c-content-box\"><div class=\"tabs-inner\"><ul class=\"tab-list\"><li class=\"tab m-active\"><span class=\"tab-label\">R\u00f4les<\/span><\/li><li class=\"tab\"><span class=\"tab-label\">Statuts &amp; r\u00e8glement<\/span><\/li><li class=\"tab\"><span class=\"tab-label\">Organigramme<\/span><\/li><\/ul><ul class=\"content-list\">\n<li><h3 style=\"text-align: justify;\">Que fait la Communaut\u00e9 de Communes Centre Tarn ?<\/h3>\n<p style=\"text-align: justify;\">La communaut\u00e9 de communes est un \u00e9tablissement public de coop\u00e9ration intercommunale regroupant plusieurs communes d&rsquo;un seul tenant et sans enclave. Elle a pour objet d&rsquo;associer des communes au sein d&rsquo;un espace de solidarit\u00e9, en vue de l&rsquo;\u00e9laboration d&rsquo;un projet commun de d\u00e9veloppement et d&rsquo;am\u00e9nagement de l&rsquo;espace.<\/p>\n<p style=\"text-align: justify;\">La communaut\u00e9 de communes exerce de plein droit au lieu et place des communes membres les comp\u00e9tences relevant de chacun des groupes suivants :<\/p>\n<ol style=\"text-align: justify;\">\n<li>Am\u00e9nagement de l&rsquo;espace pour la conduite d&rsquo;actions d&rsquo;int\u00e9r\u00eat communautaire, sch\u00e9ma de coh\u00e9rence territoriale et sch\u00e9ma de secteur, plan local d&rsquo;urbanisme, document d&rsquo;urbanisme en tenant lieu et carte communale<\/li>\n<li>Actions de d\u00e9veloppement \u00e9conomique, cr\u00e9ation, am\u00e9nagement, entretien et gestion de zones d&rsquo;activit\u00e9 industrielle, commerciale, tertiaire, artisanale, touristique, portuaire ou a\u00e9roportuaire, politique locale du commerce et soutien aux activit\u00e9s commerciales d&rsquo;int\u00e9r\u00eat communautaire, promotion du tourisme, dont la cr\u00e9ation d&rsquo;offices de tourisme<\/li>\n<li>Gestion des milieux aquatiques et pr\u00e9vention des inondations<\/li>\n<li>Am\u00e9nagement, entretien et gestion des aires d&rsquo;accueil des gens du voyage et des terrains familiaux locatifs<\/li>\n<li>Collecte et traitement des d\u00e9chets des m\u00e9nages et d\u00e9chets assimil\u00e9s.<\/li>\n<\/ol>\n<p style=\"text-align: justify;\">La communaut\u00e9 de communes doit par ailleurs exercer, au lieu et place des communes, pour la conduite d&rsquo;actions d&rsquo;int\u00e9r\u00eat communautaire, les comp\u00e9tences relevant d&rsquo;au moins trois des neuf groupes suivants :<\/p>\n<ol style=\"text-align: justify;\">\n<li>Protection et mise en valeur de l&rsquo;environnement<\/li>\n<li>Politique du logement et du cadre de vie<\/li>\n<li>Cr\u00e9ation, am\u00e9nagement et entretien de la voirie<\/li>\n<li>Construction, entretien et fonctionnement d&rsquo;\u00e9quipements culturels et sportifs d&rsquo;int\u00e9r\u00eat communautaire et d&rsquo;\u00e9quipements de l&rsquo;enseignement pr\u00e9\u00e9l\u00e9mentaire et \u00e9l\u00e9mentaire d&rsquo;int\u00e9r\u00eat communautaire<\/li>\n<li>Action sociale d&rsquo;int\u00e9r\u00eat communautaire<\/li>\n<li>Assainissement<\/li>\n<li>Eau<\/li>\n<li>Cr\u00e9ation et gestion de maisons de services au public et d\u00e9finition des obligations de service public y aff\u00e9rentes<\/li>\n<\/ol>\n<h3 style=\"text-align: justify;\">L&rsquo;intercommunalit\u00e9 en constante \u00e9volution<\/h3>\n<p style=\"text-align: justify;\">Pour faciliter la mise en place d&rsquo;\u00e9quipements publics et la conduite de projets, le l\u00e9gislateur a favoris\u00e9 la constitution de regroupements intercommunaux.<br \/>\nAu 1er janvier 2004, la France comptait 2 461 structures intercommunales \u00e0 fiscalit\u00e9 propre soit 31 400 communes (86%) comptant pr\u00e8s de 51 millions d&rsquo;habitants (84%).<\/p>\n<h3 style=\"text-align: justify;\">1 266 EPCI \u00e0 fiscalit\u00e9 propre au 1er janvier 2017<\/h3>\n<p style=\"text-align: justify;\">Au 1er janvier 2017, la France compte 1 266 \u00e9tablissements publics de coop\u00e9ration intercommunale (EPCI) \u00e0 fiscalit\u00e9 propre, contre 2 062 au 1er janvier 2016. Cette forte diminution est la cons\u00e9quence d&rsquo;un vaste mouvement de fusions, r\u00e9sultant de la mise en \u0153uvre de la loi NOTRe du 7 ao\u00fbt 2015. L&rsquo;ampleur de ces fusions est sup\u00e9rieure \u00e0 ce qui a \u00e9t\u00e9 observ\u00e9 entre 2012 et 2014. La couverture du territoire par les EPCI \u00e0 fiscalit\u00e9 propre est d\u00e9sormais achev\u00e9e. Ces EPCI sont des structures de plus grande taille, tant en nombre d\u2019habitants que de communes membres.<\/p>\n<\/li>\n<li style=\"display: none;\"><p><a href=\"http:\/\/cb27363e0b.url-de-test.ws\/site\/wp-content\/uploads\/2018\/09\/Statuts_CCCT_28-09-2017.pdf\" target=\"_blank\" rel=\"noopener\"> Voir les statuts<\/a><br \/>\n<a href=\"http:\/\/cb27363e0b.url-de-test.ws\/site\/wp-content\/uploads\/2018\/09\/Reglement_Interieur_CCCT_MAJ_010318.pdf\" target=\"_blank\" rel=\"noopener\">Voir le r\u00e8glement int\u00e9rieur<\/a><\/p>\n<\/li>\n<li style=\"display: none;\"><p><a href=\"http:\/\/cb27363e0b.url-de-test.ws\/site\/wp-content\/uploads\/2017\/11\/Organigramme_3CT.png\" target=\"_blank\" rel=\"noopener\"><img loading=\"lazy\" class=\"aligncenter wp-image-3163 size-large\" src=\"http:\/\/cb27363e0b.url-de-test.ws\/site\/wp-content\/uploads\/2017\/11\/Organigramme_3CT-757x1024.png\" alt=\"Organigrammes des services\" width=\"500\" height=\"676\" srcset=\"http:\/\/cb27363e0b.url-de-test.ws\/site\/wp-content\/uploads\/2017\/11\/Organigramme_3CT-757x1024.png 757w, http:\/\/cb27363e0b.url-de-test.ws\/site\/wp-content\/uploads\/2017\/11\/Organigramme_3CT-355x480.png 355w, http:\/\/cb27363e0b.url-de-test.ws\/site\/wp-content\/uploads\/2017\/11\/Organigramme_3CT-768x1039.png 768w\" sizes=\"(max-width: 500px) 100vw, 500px\" \/><\/a><\/p>\n<\/li>\n<\/ul><\/div><\/div><\/div>\n","protected":false},"excerpt":{"rendered":"R\u00f4lesStatuts &amp; r\u00e8glementOrganigramme Que fait la Communaut\u00e9 de Communes Centre Tarn ? La communaut\u00e9 de communes est un \u00e9tablissement public de coop\u00e9ration intercommunale regroupant plusieurs communes d'un seul tenant et sans enclave. Elle a pour objet d'associer des communes au sein d'un espace de solidarit\u00e9, en vue de l'\u00e9laboration d'un projet commun de d\u00e9veloppement et [...]","protected":false},"author":1,"featured_media":0,"parent":0,"menu_order":0,"comment_status":"closed","ping_status":"closed","template":"","meta":[],"yoast_head":"<!-- This site is optimized with the Yoast SEO plugin v18.3 - https:\/\/yoast.com\/wordpress\/plugins\/seo\/ -->\n<title>Que fait la Communaut\u00e9 de Communes ? - Communaut\u00e9 de Communes Centre Tarn<\/title>\n<meta name=\"robots\" content=\"noindex, follow, max-snippet:-1, max-image-preview:large, max-video-preview:-1\" \/>\n<meta property=\"og:locale\" content=\"fr_FR\" \/>\n<meta property=\"og:type\" content=\"article\" \/>\n<meta property=\"og:title\" content=\"Que fait la Communaut\u00e9 de Communes ? - Communaut\u00e9 de Communes Centre Tarn\" \/>\n<meta property=\"og:url\" content=\"http:\/\/cb27363e0b.url-de-test.ws\/site\/roles-communaute-communes\/\" \/>\n<meta property=\"og:site_name\" content=\"Communaut\u00e9 de Communes Centre Tarn\" \/>\n<meta property=\"article:publisher\" content=\"https:\/\/fr-fr.facebook.com\/centretarn\/\" \/>\n<meta property=\"article:modified_time\" content=\"2018-09-28T09:32:57+00:00\" \/>\n<meta property=\"og:image\" content=\"http:\/\/cb27363e0b.url-de-test.ws\/site\/wp-content\/uploads\/2017\/11\/Organigramme_3CT-757x1024.png\" \/>\n<meta name=\"twitter:card\" content=\"summary_large_image\" \/>\n<meta name=\"twitter:label1\" content=\"Dur\u00e9e de lecture estim\u00e9e\" \/>\n\t<meta name=\"twitter:data1\" content=\"3 minutes\" \/>\n<script type=\"application\/ld+json\" class=\"yoast-schema-graph\">{\"@context\":\"https:\/\/schema.org\",\"@graph\":[{\"@type\":\"Organization\",\"@id\":\"http:\/\/cb27363e0b.url-de-test.ws\/site\/#organization\",\"name\":\"Communaut\u00e9 de Communes Centre Tarn\",\"url\":\"http:\/\/cb27363e0b.url-de-test.ws\/site\/\",\"sameAs\":[\"https:\/\/fr-fr.facebook.com\/centretarn\/\",\"https:\/\/www.youtube.com\/channel\/UCmH971jS42X98fNgJKDqb1A\"],\"logo\":{\"@type\":\"ImageObject\",\"@id\":\"http:\/\/cb27363e0b.url-de-test.ws\/site\/#logo\",\"inLanguage\":\"fr-FR\",\"url\":\"http:\/\/cb27363e0b.url-de-test.ws\/site\/wp-content\/uploads\/2018\/02\/logo-site.png\",\"contentUrl\":\"http:\/\/cb27363e0b.url-de-test.ws\/site\/wp-content\/uploads\/2018\/02\/logo-site.png\",\"width\":149,\"height\":169,\"caption\":\"Communaut\u00e9 de Communes Centre Tarn\"},\"image\":{\"@id\":\"http:\/\/cb27363e0b.url-de-test.ws\/site\/#logo\"}},{\"@type\":\"WebSite\",\"@id\":\"http:\/\/cb27363e0b.url-de-test.ws\/site\/#website\",\"url\":\"http:\/\/cb27363e0b.url-de-test.ws\/site\/\",\"name\":\"Communaut\u00e9 de Communes Centre Tarn\",\"description\":\"\",\"publisher\":{\"@id\":\"http:\/\/cb27363e0b.url-de-test.ws\/site\/#organization\"},\"potentialAction\":[{\"@type\":\"SearchAction\",\"target\":{\"@type\":\"EntryPoint\",\"urlTemplate\":\"http:\/\/cb27363e0b.url-de-test.ws\/site\/?s={search_term_string}\"},\"query-input\":\"required name=search_term_string\"}],\"inLanguage\":\"fr-FR\"},{\"@type\":\"ImageObject\",\"@id\":\"http:\/\/cb27363e0b.url-de-test.ws\/site\/roles-communaute-communes\/#primaryimage\",\"inLanguage\":\"fr-FR\",\"url\":\"http:\/\/cb27363e0b.url-de-test.ws\/site\/wp-content\/uploads\/2017\/11\/Organigramme_3CT.png\",\"contentUrl\":\"http:\/\/cb27363e0b.url-de-test.ws\/site\/wp-content\/uploads\/2017\/11\/Organigramme_3CT.png\",\"width\":2119,\"height\":2868,\"caption\":\"Organigrammes des services\"},{\"@type\":\"WebPage\",\"@id\":\"http:\/\/cb27363e0b.url-de-test.ws\/site\/roles-communaute-communes\/#webpage\",\"url\":\"http:\/\/cb27363e0b.url-de-test.ws\/site\/roles-communaute-communes\/\",\"name\":\"Que fait la Communaut\u00e9 de Communes ? - Communaut\u00e9 de Communes Centre Tarn\",\"isPartOf\":{\"@id\":\"http:\/\/cb27363e0b.url-de-test.ws\/site\/#website\"},\"primaryImageOfPage\":{\"@id\":\"http:\/\/cb27363e0b.url-de-test.ws\/site\/roles-communaute-communes\/#primaryimage\"},\"datePublished\":\"2018-01-11T09:56:45+00:00\",\"dateModified\":\"2018-09-28T09:32:57+00:00\",\"breadcrumb\":{\"@id\":\"http:\/\/cb27363e0b.url-de-test.ws\/site\/roles-communaute-communes\/#breadcrumb\"},\"inLanguage\":\"fr-FR\",\"potentialAction\":[{\"@type\":\"ReadAction\",\"target\":[\"http:\/\/cb27363e0b.url-de-test.ws\/site\/roles-communaute-communes\/\"]}]},{\"@type\":\"BreadcrumbList\",\"@id\":\"http:\/\/cb27363e0b.url-de-test.ws\/site\/roles-communaute-communes\/#breadcrumb\",\"itemListElement\":[{\"@type\":\"ListItem\",\"position\":1,\"name\":\"Accueil\",\"item\":\"http:\/\/cb27363e0b.url-de-test.ws\/site\/\"},{\"@type\":\"ListItem\",\"position\":2,\"name\":\"Que fait la Communaut\u00e9 de Communes ?\"}]}]}<\/script>\n<!-- \/ Yoast SEO plugin. -->","yoast_head_json":{"title":"Que fait la Communaut\u00e9 de Communes ? - Communaut\u00e9 de Communes Centre Tarn","robots":{"index":"noindex","follow":"follow","max-snippet":"max-snippet:-1","max-image-preview":"max-image-preview:large","max-video-preview":"max-video-preview:-1"},"og_locale":"fr_FR","og_type":"article","og_title":"Que fait la Communaut\u00e9 de Communes ? - Communaut\u00e9 de Communes Centre Tarn","og_url":"http:\/\/cb27363e0b.url-de-test.ws\/site\/roles-communaute-communes\/","og_site_name":"Communaut\u00e9 de Communes Centre Tarn","article_publisher":"https:\/\/fr-fr.facebook.com\/centretarn\/","article_modified_time":"2018-09-28T09:32:57+00:00","og_image":[{"url":"http:\/\/cb27363e0b.url-de-test.ws\/site\/wp-content\/uploads\/2017\/11\/Organigramme_3CT-757x1024.png"}],"twitter_card":"summary_large_image","twitter_misc":{"Dur\u00e9e de lecture estim\u00e9e":"3 minutes"},"schema":{"@context":"https:\/\/schema.org","@graph":[{"@type":"Organization","@id":"http:\/\/cb27363e0b.url-de-test.ws\/site\/#organization","name":"Communaut\u00e9 de Communes Centre Tarn","url":"http:\/\/cb27363e0b.url-de-test.ws\/site\/","sameAs":["https:\/\/fr-fr.facebook.com\/centretarn\/","https:\/\/www.youtube.com\/channel\/UCmH971jS42X98fNgJKDqb1A"],"logo":{"@type":"ImageObject","@id":"http:\/\/cb27363e0b.url-de-test.ws\/site\/#logo","inLanguage":"fr-FR","url":"http:\/\/cb27363e0b.url-de-test.ws\/site\/wp-content\/uploads\/2018\/02\/logo-site.png","contentUrl":"http:\/\/cb27363e0b.url-de-test.ws\/site\/wp-content\/uploads\/2018\/02\/logo-site.png","width":149,"height":169,"caption":"Communaut\u00e9 de Communes Centre Tarn"},"image":{"@id":"http:\/\/cb27363e0b.url-de-test.ws\/site\/#logo"}},{"@type":"WebSite","@id":"http:\/\/cb27363e0b.url-de-test.ws\/site\/#website","url":"http:\/\/cb27363e0b.url-de-test.ws\/site\/","name":"Communaut\u00e9 de Communes Centre Tarn","description":"","publisher":{"@id":"http:\/\/cb27363e0b.url-de-test.ws\/site\/#organization"},"potentialAction":[{"@type":"SearchAction","target":{"@type":"EntryPoint","urlTemplate":"http:\/\/cb27363e0b.url-de-test.ws\/site\/?s={search_term_string}"},"query-input":"required name=search_term_string"}],"inLanguage":"fr-FR"},{"@type":"ImageObject","@id":"http:\/\/cb27363e0b.url-de-test.ws\/site\/roles-communaute-communes\/#primaryimage","inLanguage":"fr-FR","url":"http:\/\/cb27363e0b.url-de-test.ws\/site\/wp-content\/uploads\/2017\/11\/Organigramme_3CT.png","contentUrl":"http:\/\/cb27363e0b.url-de-test.ws\/site\/wp-content\/uploads\/2017\/11\/Organigramme_3CT.png","width":2119,"height":2868,"caption":"Organigrammes des services"},{"@type":"WebPage","@id":"http:\/\/cb27363e0b.url-de-test.ws\/site\/roles-communaute-communes\/#webpage","url":"http:\/\/cb27363e0b.url-de-test.ws\/site\/roles-communaute-communes\/","name":"Que fait la Communaut\u00e9 de Communes ? - Communaut\u00e9 de Communes Centre Tarn","isPartOf":{"@id":"http:\/\/cb27363e0b.url-de-test.ws\/site\/#website"},"primaryImageOfPage":{"@id":"http:\/\/cb27363e0b.url-de-test.ws\/site\/roles-communaute-communes\/#primaryimage"},"datePublished":"2018-01-11T09:56:45+00:00","dateModified":"2018-09-28T09:32:57+00:00","breadcrumb":{"@id":"http:\/\/cb27363e0b.url-de-test.ws\/site\/roles-communaute-communes\/#breadcrumb"},"inLanguage":"fr-FR","potentialAction":[{"@type":"ReadAction","target":["http:\/\/cb27363e0b.url-de-test.ws\/site\/roles-communaute-communes\/"]}]},{"@type":"BreadcrumbList","@id":"http:\/\/cb27363e0b.url-de-test.ws\/site\/roles-communaute-communes\/#breadcrumb","itemListElement":[{"@type":"ListItem","position":1,"name":"Accueil","item":"http:\/\/cb27363e0b.url-de-test.ws\/site\/"},{"@type":"ListItem","position":2,"name":"Que fait la Communaut\u00e9 de Communes ?"}]}]}},"_links":{"self":[{"href":"http:\/\/cb27363e0b.url-de-test.ws\/site\/wp-json\/wp\/v2\/pages\/1017"}],"collection":[{"href":"http:\/\/cb27363e0b.url-de-test.ws\/site\/wp-json\/wp\/v2\/pages"}],"about":[{"href":"http:\/\/cb27363e0b.url-de-test.ws\/site\/wp-json\/wp\/v2\/types\/page"}],"author":[{"embeddable":true,"href":"http:\/\/cb27363e0b.url-de-test.ws\/site\/wp-json\/wp\/v2\/users\/1"}],"replies":[{"embeddable":true,"href":"http:\/\/cb27363e0b.url-de-test.ws\/site\/wp-json\/wp\/v2\/comments?post=1017"}],"version-history":[{"count":16,"href":"http:\/\/cb27363e0b.url-de-test.ws\/site\/wp-json\/wp\/v2\/pages\/1017\/revisions"}],"predecessor-version":[{"id":3381,"href":"http:\/\/cb27363e0b.url-de-test.ws\/site\/wp-json\/wp\/v2\/pages\/1017\/revisions\/3381"}],"wp:attachment":[{"href":"http:\/\/cb27363e0b.url-de-test.ws\/site\/wp-json\/wp\/v2\/media?parent=1017"}],"curies":[{"name":"wp","href":"https:\/\/api.w.org\/{rel}","templated":true}]}}